{"id":173135,"date":"2024-03-01T10:48:37","date_gmt":"2024-03-01T09:48:37","guid":{"rendered":"https:\/\/tourtravelandmore.com\/?post_type=product&#038;p=173135"},"modified":"2024-03-15T16:10:17","modified_gmt":"2024-03-15T15:10:17","slug":"tour-privado-de-logrono-y-visita-a-dos-bodegas-de-la-zona","status":"publish","type":"product","link":"https:\/\/tourtravelandmore.com\/es\/tours\/espana-es\/bilbao-es\/tour-privado-de-logrono-y-visita-a-dos-bodegas-de-la-zona\/","title":{"rendered":"Tour Privado de Logro\u00f1o con visita a dos Bodegas de la zona"},"content":{"rendered":"<h2><b>Tour Privado de Logro\u00f1o con visita a dos Bodegas de la zona Descripci\u00f3n:<\/b><\/h2>\n<p><span style=\"font-weight: 400;\">Emb\u00e1rquese en un cautivador viaje de <strong>10 horas<\/strong> por el coraz\u00f3n de La Rioja con <strong>Tour Travel and More<\/strong>. Este es nuestro Tour Privado de Logro\u00f1o con visita a dos Bodegas de la zona. Este exclusivo tour combina lo mejor de las experiencias urbanas y rurales, comenzando con una <strong>ruta de tapas<\/strong> guiada de 2 horas en <strong>Logro\u00f1o,<\/strong> que le sumergir\u00e1 en la escena culinaria local. <\/span><\/p>\n<p><span style=\"font-weight: 400;\">Despu\u00e9s de la aventura urbana, el tour se traslada al sereno campo, donde visitar\u00e1 dos distinguidas bodegas. Cada visita a una bodega incluye un recorrido exhaustivo y una sesi\u00f3n de <strong>cata,<\/strong> que le permitir\u00e1n conocer a fondo el intrincado mundo de la producci\u00f3n vin\u00edcola. <\/span><\/p>\n<p><span style=\"font-weight: 400;\">Esta visita privada est\u00e1 dise\u00f1ada para ofrecer una visi\u00f3n \u00edntima del patrimonio cultural y enol\u00f3gico de <strong>La Rioja<\/strong>, lo que la convierte en una experiencia inolvidable tanto para los entusiastas del vino como para los amantes de la cultura. Tendr\u00e1 que elegir entre una lista de otras como: Bodegas Marqu\u00e9s de Riscal, Bodegas Muga, Bodegas L\u00f3pez de Heredia Vi\u00f1a Tondonia, Bodegas Roda y Bodegas CVNE (Compa\u00f1\u00eda Vin\u00edcola del Norte de Espa\u00f1a). Dependiendo de la disponibilidad de cada bodega puede variar la elecci\u00f3n.<\/span><\/p>\n<h2><b>Puntos de inter\u00e9s:<\/b><\/h2>\n<p>Iniciar\u00e1s tu viaje desde San Sebasti\u00e1n en un c\u00f3modo transporte privado que le recoger\u00e1 por su lugar de elecci\u00f3n. Luego continuar\u00e1n hacia Logro\u00f1o, donde se encontraran con su gu\u00eda oficial privado. Al llegar a <strong>Logro\u00f1o,<\/strong> te sumergir\u00e1s en su ambiente <strong>hist\u00f3rico<\/strong> y <strong>pintoresco.<\/strong> Disfrutar\u00e1s de un <strong>tour gastron\u00f3mico<\/strong> por <strong>Logro\u00f1o,<\/strong> visitando bares tradicionales para degustar <strong>tapas<\/strong> t\u00edpicas de la regi\u00f3n. Conocer\u00e1s la esencia de la cocina riojana mientras te deleitas con sabores aut\u00e9nticos.<\/p>\n<p>Experimentar\u00e1s la magia de dos reconocidas bodegas de <strong>La Rioja. <\/strong>Aqu\u00ed\u00a0aprender\u00e1s sobre el proceso de elaboraci\u00f3n del vino desde la vi\u00f1a hasta la copa. Descubrir\u00e1s la historia detr\u00e1s de sus vinos y tendr\u00e1s la oportunidad de catar sus mejores selecciones.<\/p>\n<p>En cada bodega, realizar\u00e1s una <strong>cata<\/strong> guiada por <strong>expertos en\u00f3logos.<\/strong> Aprender\u00e1s a apreciar los aromas, sabores y texturas de los vinos de <strong>La Rioja<\/strong>. Estos son famosos a nivel mundial por su calidad y variedad.<\/p>\n<p>Despu\u00e9s de una experiencia enriquecedora y sabrosa, regresar\u00e1s a San Sebasti\u00e1n con una nueva comprensi\u00f3n de la cultura vin\u00edcola de<strong>LaRioja<\/strong> y con recuerdos inolvidables de tu visita a <strong>Logro\u00f1o.<\/strong><\/p>\n<p><a href=\"https:\/\/tourtravelandmore.com\/es\/ciudad\/espana-es\/san-sebastian-donosti-es\/\"><span style=\"font-weight: 400;\">Descubra la encantadora ciudad de Logro\u00f1o y las mundialmente conocidas bodegas de La Rioja con Tour Travel and More.<\/span><\/a><span style=\"font-weight: 400;\"> Nuestra cuidada selecci\u00f3n de viajes privados, que incluye visitas exclusivas a bodegas en grupos reducidos, ofrece una exploraci\u00f3n personalizada y lujosa de la regi\u00f3n vin\u00edcola m\u00e1s c\u00e9lebre de Espa\u00f1a.\u00a0<\/span><\/p>\n","protected":false},"excerpt":{"rendered":"<p><span style=\"font-weight: 400;\">\u00danase a nuestro Tour Privado de Logro\u00f1o y ad\u00e9ntrese en el coraz\u00f3n de La Rioja con visitas exclusivas a dos de las bodegas m\u00e1s distinguidas de la regi\u00f3n. Experimente la vibrante cultura de tapas de Logro\u00f1o y saboree los exquisitos vinos que hacen de La Rioja un icono mundial de la viticultura.<\/span><\/p>\n","protected":false},"featured_media":173158,"comment_status":"open","ping_status":"closed","template":"","meta":{"_acf_changed":false},"product_brand":[],"product_cat":[189,191,193,192,190,199,197,200],"product_tag":[],"class_list":{"0":"post-173135","1":"product","2":"type-product","3":"status-publish","4":"has-post-thumbnail","6":"product_cat-bilbao-es","7":"product_cat-bilbao-actividades-es","8":"product_cat-bilbao-rutas-turisticas-privadas-es","9":"product_cat-bilbao-excursiones-es","10":"product_cat-san-sebastian-donosti-es","11":"product_cat-san-sebastian-donosti-actividades-es","12":"product_cat-san-sebastian-donosti-rutas-turisticas-privadas-es","13":"product_cat-san-sebastian-donosti-excursiones-es","15":"first","16":"instock","17":"shipping-taxable","18":"purchasable","19":"product-type-simple"},"acf":[],"yoast_head":"<!-- This site is optimized with the Yoast SEO Premium plugin v25.3.1 (Yoast SEO v25.3.1) - https:\/\/yoast.com\/wordpress\/plugins\/seo\/ -->\n<title>\u27a1\ufe0f Tour Privado de Logro\u00f1o con visita a dos Bodegas de la zona<\/title>\n<meta name=\"description\" content=\"Emb\u00e1rcate en un Tour Privado de Logro\u00f1o con visita a dos Bodegas de la zona. \u00a1Te espera un viaje vin\u00edcola para aprender sobre esta cultura! \u2705\" \/>\n<meta name=\"robots\" content=\"index, follow, max-snippet:-1, max-image-preview:large, max-video-preview:-1\" \/>\n<link rel=\"canonical\" href=\"https:\/\/tourtravelandmore.com\/es\/tours\/espana-es\/bilbao-es\/tour-privado-de-logrono-y-visita-a-dos-bodegas-de-la-zona\/\" \/>\n<meta property=\"og:locale\" content=\"es_ES\" \/>\n<meta property=\"og:type\" content=\"article\" \/>\n<meta property=\"og:title\" content=\"Tour Privado de Logro\u00f1o con visita a dos Bodegas de la zona\" \/>\n<meta property=\"og:description\" content=\"Emb\u00e1rcate en un Tour Privado de Logro\u00f1o con visita a dos Bodegas de la zona. \u00a1Te espera un viaje vin\u00edcola para aprender sobre esta cultura! \u2705\" \/>\n<meta property=\"og:url\" content=\"https:\/\/tourtravelandmore.com\/es\/tours\/espana-es\/bilbao-es\/tour-privado-de-logrono-y-visita-a-dos-bodegas-de-la-zona\/\" \/>\n<meta property=\"og:site_name\" content=\"Tour Travel And More\" \/>\n<meta property=\"article:publisher\" content=\"https:\/\/www.facebook.com\/tourtravelandmore\/\" \/>\n<meta property=\"article:modified_time\" content=\"2024-03-15T15:10:17+00:00\" \/>\n<meta property=\"og:image\" content=\"https:\/\/tourtravelandmore.com\/wp-content\/uploads\/2024\/03\/image4-1.jpg\" \/>\n\t<meta property=\"og:image:width\" content=\"950\" \/>\n\t<meta property=\"og:image:height\" content=\"750\" \/>\n\t<meta property=\"og:image:type\" content=\"image\/jpeg\" \/>\n<meta name=\"twitter:card\" content=\"summary_large_image\" \/>\n<meta name=\"twitter:site\" content=\"@TourTravel_More\" \/>\n<meta name=\"twitter:label1\" content=\"Tiempo de lectura\" \/>\n\t<meta name=\"twitter:data1\" content=\"3 minutos\" \/>\n<script type=\"application\/ld+json\" class=\"yoast-schema-graph\">{\"@context\":\"https:\/\/schema.org\",\"@graph\":[{\"@type\":\"WebPage\",\"@id\":\"https:\/\/tourtravelandmore.com\/es\/tours\/espana-es\/bilbao-es\/tour-privado-de-logrono-y-visita-a-dos-bodegas-de-la-zona\/\",\"url\":\"https:\/\/tourtravelandmore.com\/es\/tours\/espana-es\/bilbao-es\/tour-privado-de-logrono-y-visita-a-dos-bodegas-de-la-zona\/\",\"name\":\"\u27a1\ufe0f Tour Privado de Logro\u00f1o con visita a dos Bodegas de la zona\",\"isPartOf\":{\"@id\":\"https:\/\/tourtravelandmore.com\/es\/#website\"},\"primaryImageOfPage\":{\"@id\":\"https:\/\/tourtravelandmore.com\/es\/tours\/espana-es\/bilbao-es\/tour-privado-de-logrono-y-visita-a-dos-bodegas-de-la-zona\/#primaryimage\"},\"image\":{\"@id\":\"https:\/\/tourtravelandmore.com\/es\/tours\/espana-es\/bilbao-es\/tour-privado-de-logrono-y-visita-a-dos-bodegas-de-la-zona\/#primaryimage\"},\"thumbnailUrl\":\"https:\/\/tourtravelandmore.com\/wp-content\/uploads\/2024\/03\/image4-1.jpg\",\"datePublished\":\"2024-03-01T09:48:37+00:00\",\"dateModified\":\"2024-03-15T15:10:17+00:00\",\"description\":\"Emb\u00e1rcate en un Tour Privado de Logro\u00f1o con visita a dos Bodegas de la zona. \u00a1Te espera un viaje vin\u00edcola para aprender sobre esta cultura! \u2705\",\"breadcrumb\":{\"@id\":\"https:\/\/tourtravelandmore.com\/es\/tours\/espana-es\/bilbao-es\/tour-privado-de-logrono-y-visita-a-dos-bodegas-de-la-zona\/#breadcrumb\"},\"inLanguage\":\"es\",\"potentialAction\":[{\"@type\":\"ReadAction\",\"target\":[\"https:\/\/tourtravelandmore.com\/es\/tours\/espana-es\/bilbao-es\/tour-privado-de-logrono-y-visita-a-dos-bodegas-de-la-zona\/\"]}]},{\"@type\":\"ImageObject\",\"inLanguage\":\"es\",\"@id\":\"https:\/\/tourtravelandmore.com\/es\/tours\/espana-es\/bilbao-es\/tour-privado-de-logrono-y-visita-a-dos-bodegas-de-la-zona\/#primaryimage\",\"url\":\"https:\/\/tourtravelandmore.com\/wp-content\/uploads\/2024\/03\/image4-1.jpg\",\"contentUrl\":\"https:\/\/tourtravelandmore.com\/wp-content\/uploads\/2024\/03\/image4-1.jpg\",\"width\":950,\"height\":750},{\"@type\":\"BreadcrumbList\",\"@id\":\"https:\/\/tourtravelandmore.com\/es\/tours\/espana-es\/bilbao-es\/tour-privado-de-logrono-y-visita-a-dos-bodegas-de-la-zona\/#breadcrumb\",\"itemListElement\":[{\"@type\":\"ListItem\",\"position\":1,\"name\":\"Home\",\"item\":\"https:\/\/tourtravelandmore.com\/es\/\"},{\"@type\":\"ListItem\",\"position\":2,\"name\":\"Tours\",\"item\":\"https:\/\/tourtravelandmore.com\/es\/tours\/\"},{\"@type\":\"ListItem\",\"position\":3,\"name\":\"Tour Privado de Logro\u00f1o con visita a dos Bodegas de la zona\"}]},{\"@type\":\"WebSite\",\"@id\":\"https:\/\/tourtravelandmore.com\/es\/#website\",\"url\":\"https:\/\/tourtravelandmore.com\/es\/\",\"name\":\"Tour Travel And More\",\"description\":\"Private sightseeing tours and luxury transfers in Spain\",\"publisher\":{\"@id\":\"https:\/\/tourtravelandmore.com\/es\/#organization\"},\"potentialAction\":[{\"@type\":\"SearchAction\",\"target\":{\"@type\":\"EntryPoint\",\"urlTemplate\":\"https:\/\/tourtravelandmore.com\/es\/?s={search_term_string}\"},\"query-input\":{\"@type\":\"PropertyValueSpecification\",\"valueRequired\":true,\"valueName\":\"search_term_string\"}}],\"inLanguage\":\"es\"},{\"@type\":\"Organization\",\"@id\":\"https:\/\/tourtravelandmore.com\/es\/#organization\",\"name\":\"Tour Travel And More\",\"url\":\"https:\/\/tourtravelandmore.com\/es\/\",\"logo\":{\"@type\":\"ImageObject\",\"inLanguage\":\"es\",\"@id\":\"https:\/\/tourtravelandmore.com\/es\/#\/schema\/logo\/image\/\",\"url\":\"https:\/\/tourtravelandmore.com\/wp-content\/uploads\/2022\/12\/cropped-logo-cabecera-new.png\",\"contentUrl\":\"https:\/\/tourtravelandmore.com\/wp-content\/uploads\/2022\/12\/cropped-logo-cabecera-new.png\",\"width\":430,\"height\":61,\"caption\":\"Tour Travel And More\"},\"image\":{\"@id\":\"https:\/\/tourtravelandmore.com\/es\/#\/schema\/logo\/image\/\"},\"sameAs\":[\"https:\/\/www.facebook.com\/tourtravelandmore\/\",\"https:\/\/x.com\/TourTravel_More\"]}]}<\/script>\n<!-- \/ Yoast SEO Premium plugin. -->","yoast_head_json":{"title":"\u27a1\ufe0f Tour Privado de Logro\u00f1o con visita a dos Bodegas de la zona","description":"Emb\u00e1rcate en un Tour Privado de Logro\u00f1o con visita a dos Bodegas de la zona. \u00a1Te espera un viaje vin\u00edcola para aprender sobre esta cultura! \u2705","robots":{"index":"index","follow":"follow","max-snippet":"max-snippet:-1","max-image-preview":"max-image-preview:large","max-video-preview":"max-video-preview:-1"},"canonical":"https:\/\/tourtravelandmore.com\/es\/tours\/espana-es\/bilbao-es\/tour-privado-de-logrono-y-visita-a-dos-bodegas-de-la-zona\/","og_locale":"es_ES","og_type":"article","og_title":"Tour Privado de Logro\u00f1o con visita a dos Bodegas de la zona","og_description":"Emb\u00e1rcate en un Tour Privado de Logro\u00f1o con visita a dos Bodegas de la zona. \u00a1Te espera un viaje vin\u00edcola para aprender sobre esta cultura! \u2705","og_url":"https:\/\/tourtravelandmore.com\/es\/tours\/espana-es\/bilbao-es\/tour-privado-de-logrono-y-visita-a-dos-bodegas-de-la-zona\/","og_site_name":"Tour Travel And More","article_publisher":"https:\/\/www.facebook.com\/tourtravelandmore\/","article_modified_time":"2024-03-15T15:10:17+00:00","og_image":[{"width":950,"height":750,"url":"https:\/\/tourtravelandmore.com\/wp-content\/uploads\/2024\/03\/image4-1.jpg","type":"image\/jpeg"}],"twitter_card":"summary_large_image","twitter_site":"@TourTravel_More","twitter_misc":{"Tiempo de lectura":"3 minutos"},"schema":{"@context":"https:\/\/schema.org","@graph":[{"@type":"WebPage","@id":"https:\/\/tourtravelandmore.com\/es\/tours\/espana-es\/bilbao-es\/tour-privado-de-logrono-y-visita-a-dos-bodegas-de-la-zona\/","url":"https:\/\/tourtravelandmore.com\/es\/tours\/espana-es\/bilbao-es\/tour-privado-de-logrono-y-visita-a-dos-bodegas-de-la-zona\/","name":"\u27a1\ufe0f Tour Privado de Logro\u00f1o con visita a dos Bodegas de la zona","isPartOf":{"@id":"https:\/\/tourtravelandmore.com\/es\/#website"},"primaryImageOfPage":{"@id":"https:\/\/tourtravelandmore.com\/es\/tours\/espana-es\/bilbao-es\/tour-privado-de-logrono-y-visita-a-dos-bodegas-de-la-zona\/#primaryimage"},"image":{"@id":"https:\/\/tourtravelandmore.com\/es\/tours\/espana-es\/bilbao-es\/tour-privado-de-logrono-y-visita-a-dos-bodegas-de-la-zona\/#primaryimage"},"thumbnailUrl":"https:\/\/tourtravelandmore.com\/wp-content\/uploads\/2024\/03\/image4-1.jpg","datePublished":"2024-03-01T09:48:37+00:00","dateModified":"2024-03-15T15:10:17+00:00","description":"Emb\u00e1rcate en un Tour Privado de Logro\u00f1o con visita a dos Bodegas de la zona. \u00a1Te espera un viaje vin\u00edcola para aprender sobre esta cultura! \u2705","breadcrumb":{"@id":"https:\/\/tourtravelandmore.com\/es\/tours\/espana-es\/bilbao-es\/tour-privado-de-logrono-y-visita-a-dos-bodegas-de-la-zona\/#breadcrumb"},"inLanguage":"es","potentialAction":[{"@type":"ReadAction","target":["https:\/\/tourtravelandmore.com\/es\/tours\/espana-es\/bilbao-es\/tour-privado-de-logrono-y-visita-a-dos-bodegas-de-la-zona\/"]}]},{"@type":"ImageObject","inLanguage":"es","@id":"https:\/\/tourtravelandmore.com\/es\/tours\/espana-es\/bilbao-es\/tour-privado-de-logrono-y-visita-a-dos-bodegas-de-la-zona\/#primaryimage","url":"https:\/\/tourtravelandmore.com\/wp-content\/uploads\/2024\/03\/image4-1.jpg","contentUrl":"https:\/\/tourtravelandmore.com\/wp-content\/uploads\/2024\/03\/image4-1.jpg","width":950,"height":750},{"@type":"BreadcrumbList","@id":"https:\/\/tourtravelandmore.com\/es\/tours\/espana-es\/bilbao-es\/tour-privado-de-logrono-y-visita-a-dos-bodegas-de-la-zona\/#breadcrumb","itemListElement":[{"@type":"ListItem","position":1,"name":"Home","item":"https:\/\/tourtravelandmore.com\/es\/"},{"@type":"ListItem","position":2,"name":"Tours","item":"https:\/\/tourtravelandmore.com\/es\/tours\/"},{"@type":"ListItem","position":3,"name":"Tour Privado de Logro\u00f1o con visita a dos Bodegas de la zona"}]},{"@type":"WebSite","@id":"https:\/\/tourtravelandmore.com\/es\/#website","url":"https:\/\/tourtravelandmore.com\/es\/","name":"Tour Travel And More","description":"Private sightseeing tours and luxury transfers in Spain","publisher":{"@id":"https:\/\/tourtravelandmore.com\/es\/#organization"},"potentialAction":[{"@type":"SearchAction","target":{"@type":"EntryPoint","urlTemplate":"https:\/\/tourtravelandmore.com\/es\/?s={search_term_string}"},"query-input":{"@type":"PropertyValueSpecification","valueRequired":true,"valueName":"search_term_string"}}],"inLanguage":"es"},{"@type":"Organization","@id":"https:\/\/tourtravelandmore.com\/es\/#organization","name":"Tour Travel And More","url":"https:\/\/tourtravelandmore.com\/es\/","logo":{"@type":"ImageObject","inLanguage":"es","@id":"https:\/\/tourtravelandmore.com\/es\/#\/schema\/logo\/image\/","url":"https:\/\/tourtravelandmore.com\/wp-content\/uploads\/2022\/12\/cropped-logo-cabecera-new.png","contentUrl":"https:\/\/tourtravelandmore.com\/wp-content\/uploads\/2022\/12\/cropped-logo-cabecera-new.png","width":430,"height":61,"caption":"Tour Travel And More"},"image":{"@id":"https:\/\/tourtravelandmore.com\/es\/#\/schema\/logo\/image\/"},"sameAs":["https:\/\/www.facebook.com\/tourtravelandmore\/","https:\/\/x.com\/TourTravel_More"]}]}},"_links":{"self":[{"href":"https:\/\/tourtravelandmore.com\/es\/wp-json\/wp\/v2\/product\/173135","targetHints":{"allow":["GET"]}}],"collection":[{"href":"https:\/\/tourtravelandmore.com\/es\/wp-json\/wp\/v2\/product"}],"about":[{"href":"https:\/\/tourtravelandmore.com\/es\/wp-json\/wp\/v2\/types\/product"}],"replies":[{"embeddable":true,"href":"https:\/\/tourtravelandmore.com\/es\/wp-json\/wp\/v2\/comments?post=173135"}],"wp:featuredmedia":[{"embeddable":true,"href":"https:\/\/tourtravelandmore.com\/es\/wp-json\/wp\/v2\/media\/173158"}],"wp:attachment":[{"href":"https:\/\/tourtravelandmore.com\/es\/wp-json\/wp\/v2\/media?parent=173135"}],"wp:term":[{"taxonomy":"product_brand","embeddable":true,"href":"https:\/\/tourtravelandmore.com\/es\/wp-json\/wp\/v2\/product_brand?post=173135"},{"taxonomy":"product_cat","embeddable":true,"href":"https:\/\/tourtravelandmore.com\/es\/wp-json\/wp\/v2\/product_cat?post=173135"},{"taxonomy":"product_tag","embeddable":true,"href":"https:\/\/tourtravelandmore.com\/es\/wp-json\/wp\/v2\/product_tag?post=173135"}],"curies":[{"name":"wp","href":"https:\/\/api.w.org\/{rel}","templated":true}]}}