{"id":173010,"date":"2024-02-29T15:06:05","date_gmt":"2024-02-29T14:06:05","guid":{"rendered":"https:\/\/tourtravelandmore.com\/?post_type=product&#038;p=173010"},"modified":"2024-02-29T15:24:58","modified_gmt":"2024-02-29T14:24:58","slug":"tour-privado-a-pie-por-bari-copy-2","status":"publish","type":"product","link":"https:\/\/tourtravelandmore.com\/es\/tours\/italia-es\/bari-es\/tour-privado-a-pie-por-bari-copy-2\/","title":{"rendered":"Tour privado por Bari con gu\u00eda y veh\u00edculo"},"content":{"rendered":"<h2>Tour Privado de Bari Descripci\u00f3n<\/h2>\n<p>Sum\u00e9rjase en el encantador ambiente de Bari con este exclusivo tour privado por su pintoresco centro hist\u00f3rico. Descubra los tesoros ocultos, la rica historia y la vibrante cultura de esta fascinante ciudad del sur de Italia con un gu\u00eda local experto y su veh\u00edculo privado con conductor.<\/p>\n<p>Disfrute de lo mejor de Bari con este exclusivo recorrido privado que combina la comodidad de un veh\u00edculo privado con la experiencia de un gu\u00eda local experto. Explore los lugares m\u00e1s destacados de la ciudad, las joyas ocultas y los monumentos hist\u00f3ricos con comodidad y estilo.<\/p>\n<p>Su ch\u00f3fer y gu\u00eda privados le recoger\u00e1n en su hotel o en el lugar que elija de Bari, para que su visita comience sin complicaciones.<\/p>\n<p>Emb\u00e1rquese en esta emocionante aventura y descubra los secretos mejor guardados de Bari con nuestro exclusivo tour privado.<\/p>\n<p>Para m\u00e1s detalles y reservas, p\u00f3ngase en contacto con nosotros directamente. Estaremos encantados de acompa\u00f1arle en este viaje inolvidable.<\/p>\n<h2>Puntos de inter\u00e9s y monumentos<\/h2>\n<p>Comience su viaje con una visita a la impresionante Bas\u00edlica de San Nicol\u00e1s, un importante lugar de peregrinaci\u00f3n y una maravilla arquitect\u00f3nica. Conozca la historia del patr\u00f3n de la ciudad y admire las bellas obras de arte que alberga.<\/p>\n<p>Explore las encantadoras calles del casco antiguo de Bari, donde le esperan una arquitectura antigua y animados mercados. Con la experiencia de su gu\u00eda, descubra rincones ocultos, tradiciones locales y sabores aut\u00e9nticos mientras pasea por este barrio lleno de ambiente.<\/p>\n<p>Visite la majestuosa Catedral de San Sabino y pasee por las plazas hist\u00f3ricas de Bari, como la Piazza del Ferrarese y la Piazza Mercantile. Admire el esplendor arquitect\u00f3nico y emp\u00e1pese de la vibrante atm\u00f3sfera de estos emblem\u00e1ticos lugares.<\/p>\n<p>Disfrute de un paseo panor\u00e1mico por las afueras de Bari, con vistas panor\u00e1micas de la ciudad y sus alrededores. Su veh\u00edculo privado le ofrece comodidad y conveniencia mientras explora m\u00e1s all\u00e1 del centro de la ciudad.<\/p>\n<p>Despu\u00e9s de tres horas de inmersiva exploraci\u00f3n, su conductor y gu\u00eda le dejar\u00e1n en su hotel o en un lugar de su elecci\u00f3n en Bari, dej\u00e1ndole recuerdos imborrables de su experiencia en esta encantadora ciudad.<\/p>\n<p>Descubra la belleza y el encanto de Bari con esta excursi\u00f3n privada personalizada, que combina la flexibilidad de un veh\u00edculo privado con los conocimientos de un gu\u00eda experto. Reserve hoy mismo su aventura y emb\u00e1rquese en un viaje inolvidable por esta cautivadora ciudad.<\/p>\n","protected":false},"excerpt":{"rendered":"<p>Sum\u00e9rjase en el encantador ambiente de Bari con este exclusivo tour privado por su pintoresco centro hist\u00f3rico. Descubra los tesoros ocultos, la rica historia y la vibrante cultura de esta fascinante ciudad del sur de Italia con un gu\u00eda local experto y su veh\u00edculo privado con conductor.<\/p>\n<p>&nbsp;<\/p>\n","protected":false},"featured_media":173034,"comment_status":"open","ping_status":"closed","template":"","meta":{"_acf_changed":false},"product_brand":[],"product_cat":[5068,5062,5073],"product_tag":[],"class_list":{"0":"post-173010","1":"product","2":"type-product","3":"status-publish","4":"has-post-thumbnail","6":"product_cat-all-private-tours-es","7":"product_cat-bari-es","8":"product_cat-private-sightseeing-tours-es","10":"first","11":"instock","12":"shipping-taxable","13":"purchasable","14":"product-type-simple"},"acf":[],"yoast_head":"<!-- This site is optimized with the Yoast SEO Premium plugin v25.3.1 (Yoast SEO v25.3.1) - https:\/\/yoast.com\/wordpress\/plugins\/seo\/ -->\n<title>Tour privado por Bari con gu\u00eda oficial local | TTM<\/title>\n<meta name=\"description\" content=\"Disfrute y conozca en profundidad la ciudad de Bari junto a su gu\u00eda oficial privado \u2705\" \/>\n<meta name=\"robots\" content=\"index, follow, max-snippet:-1, max-image-preview:large, max-video-preview:-1\" \/>\n<link rel=\"canonical\" href=\"https:\/\/tourtravelandmore.com\/es\/tours\/italia-es\/bari-es\/tour-privado-a-pie-por-bari-copy-2\/\" \/>\n<meta property=\"og:locale\" content=\"es_ES\" \/>\n<meta property=\"og:type\" content=\"article\" \/>\n<meta property=\"og:title\" content=\"Tour privado por Bari con gu\u00eda y veh\u00edculo\" \/>\n<meta property=\"og:description\" content=\"Disfrute y conozca en profundidad la ciudad de Bari junto a su gu\u00eda oficial privado \u2705\" \/>\n<meta property=\"og:url\" content=\"https:\/\/tourtravelandmore.com\/es\/tours\/italia-es\/bari-es\/tour-privado-a-pie-por-bari-copy-2\/\" \/>\n<meta property=\"og:site_name\" content=\"Tour Travel And More\" \/>\n<meta property=\"article:publisher\" content=\"https:\/\/www.facebook.com\/tourtravelandmore\/\" \/>\n<meta property=\"article:modified_time\" content=\"2024-02-29T14:24:58+00:00\" \/>\n<meta property=\"og:image\" content=\"https:\/\/tourtravelandmore.com\/wp-content\/uploads\/2024\/02\/pexels-md-hp-16775127-1.jpg\" \/>\n\t<meta property=\"og:image:width\" content=\"2560\" \/>\n\t<meta property=\"og:image:height\" content=\"1920\" \/>\n\t<meta property=\"og:image:type\" content=\"image\/jpeg\" \/>\n<meta name=\"twitter:card\" content=\"summary_large_image\" \/>\n<meta name=\"twitter:site\" content=\"@TourTravel_More\" \/>\n<meta name=\"twitter:label1\" content=\"Tiempo de lectura\" \/>\n\t<meta name=\"twitter:data1\" content=\"2 minutos\" \/>\n<script type=\"application\/ld+json\" class=\"yoast-schema-graph\">{\"@context\":\"https:\/\/schema.org\",\"@graph\":[{\"@type\":\"WebPage\",\"@id\":\"https:\/\/tourtravelandmore.com\/es\/tours\/italia-es\/bari-es\/tour-privado-a-pie-por-bari-copy-2\/\",\"url\":\"https:\/\/tourtravelandmore.com\/es\/tours\/italia-es\/bari-es\/tour-privado-a-pie-por-bari-copy-2\/\",\"name\":\"Tour privado por Bari con gu\u00eda oficial local | TTM\",\"isPartOf\":{\"@id\":\"https:\/\/tourtravelandmore.com\/es\/#website\"},\"primaryImageOfPage\":{\"@id\":\"https:\/\/tourtravelandmore.com\/es\/tours\/italia-es\/bari-es\/tour-privado-a-pie-por-bari-copy-2\/#primaryimage\"},\"image\":{\"@id\":\"https:\/\/tourtravelandmore.com\/es\/tours\/italia-es\/bari-es\/tour-privado-a-pie-por-bari-copy-2\/#primaryimage\"},\"thumbnailUrl\":\"https:\/\/tourtravelandmore.com\/wp-content\/uploads\/2024\/02\/pexels-md-hp-16775127-1.jpg\",\"datePublished\":\"2024-02-29T14:06:05+00:00\",\"dateModified\":\"2024-02-29T14:24:58+00:00\",\"description\":\"Disfrute y conozca en profundidad la ciudad de Bari junto a su gu\u00eda oficial privado \u2705\",\"breadcrumb\":{\"@id\":\"https:\/\/tourtravelandmore.com\/es\/tours\/italia-es\/bari-es\/tour-privado-a-pie-por-bari-copy-2\/#breadcrumb\"},\"inLanguage\":\"es\",\"potentialAction\":[{\"@type\":\"ReadAction\",\"target\":[\"https:\/\/tourtravelandmore.com\/es\/tours\/italia-es\/bari-es\/tour-privado-a-pie-por-bari-copy-2\/\"]}]},{\"@type\":\"ImageObject\",\"inLanguage\":\"es\",\"@id\":\"https:\/\/tourtravelandmore.com\/es\/tours\/italia-es\/bari-es\/tour-privado-a-pie-por-bari-copy-2\/#primaryimage\",\"url\":\"https:\/\/tourtravelandmore.com\/wp-content\/uploads\/2024\/02\/pexels-md-hp-16775127-1.jpg\",\"contentUrl\":\"https:\/\/tourtravelandmore.com\/wp-content\/uploads\/2024\/02\/pexels-md-hp-16775127-1.jpg\",\"width\":2560,\"height\":1920},{\"@type\":\"BreadcrumbList\",\"@id\":\"https:\/\/tourtravelandmore.com\/es\/tours\/italia-es\/bari-es\/tour-privado-a-pie-por-bari-copy-2\/#breadcrumb\",\"itemListElement\":[{\"@type\":\"ListItem\",\"position\":1,\"name\":\"Home\",\"item\":\"https:\/\/tourtravelandmore.com\/es\/\"},{\"@type\":\"ListItem\",\"position\":2,\"name\":\"Tours\",\"item\":\"https:\/\/tourtravelandmore.com\/es\/tours\/\"},{\"@type\":\"ListItem\",\"position\":3,\"name\":\"Tour privado por Bari con gu\u00eda y veh\u00edculo\"}]},{\"@type\":\"WebSite\",\"@id\":\"https:\/\/tourtravelandmore.com\/es\/#website\",\"url\":\"https:\/\/tourtravelandmore.com\/es\/\",\"name\":\"Tour Travel And More\",\"description\":\"Private sightseeing tours and luxury transfers in Spain\",\"publisher\":{\"@id\":\"https:\/\/tourtravelandmore.com\/es\/#organization\"},\"potentialAction\":[{\"@type\":\"SearchAction\",\"target\":{\"@type\":\"EntryPoint\",\"urlTemplate\":\"https:\/\/tourtravelandmore.com\/es\/?s={search_term_string}\"},\"query-input\":{\"@type\":\"PropertyValueSpecification\",\"valueRequired\":true,\"valueName\":\"search_term_string\"}}],\"inLanguage\":\"es\"},{\"@type\":\"Organization\",\"@id\":\"https:\/\/tourtravelandmore.com\/es\/#organization\",\"name\":\"Tour Travel And More\",\"url\":\"https:\/\/tourtravelandmore.com\/es\/\",\"logo\":{\"@type\":\"ImageObject\",\"inLanguage\":\"es\",\"@id\":\"https:\/\/tourtravelandmore.com\/es\/#\/schema\/logo\/image\/\",\"url\":\"https:\/\/tourtravelandmore.com\/wp-content\/uploads\/2022\/12\/cropped-logo-cabecera-new.png\",\"contentUrl\":\"https:\/\/tourtravelandmore.com\/wp-content\/uploads\/2022\/12\/cropped-logo-cabecera-new.png\",\"width\":430,\"height\":61,\"caption\":\"Tour Travel And More\"},\"image\":{\"@id\":\"https:\/\/tourtravelandmore.com\/es\/#\/schema\/logo\/image\/\"},\"sameAs\":[\"https:\/\/www.facebook.com\/tourtravelandmore\/\",\"https:\/\/x.com\/TourTravel_More\"]}]}<\/script>\n<!-- \/ Yoast SEO Premium plugin. -->","yoast_head_json":{"title":"Tour privado por Bari con gu\u00eda oficial local | TTM","description":"Disfrute y conozca en profundidad la ciudad de Bari junto a su gu\u00eda oficial privado \u2705","robots":{"index":"index","follow":"follow","max-snippet":"max-snippet:-1","max-image-preview":"max-image-preview:large","max-video-preview":"max-video-preview:-1"},"canonical":"https:\/\/tourtravelandmore.com\/es\/tours\/italia-es\/bari-es\/tour-privado-a-pie-por-bari-copy-2\/","og_locale":"es_ES","og_type":"article","og_title":"Tour privado por Bari con gu\u00eda y veh\u00edculo","og_description":"Disfrute y conozca en profundidad la ciudad de Bari junto a su gu\u00eda oficial privado \u2705","og_url":"https:\/\/tourtravelandmore.com\/es\/tours\/italia-es\/bari-es\/tour-privado-a-pie-por-bari-copy-2\/","og_site_name":"Tour Travel And More","article_publisher":"https:\/\/www.facebook.com\/tourtravelandmore\/","article_modified_time":"2024-02-29T14:24:58+00:00","og_image":[{"width":2560,"height":1920,"url":"https:\/\/tourtravelandmore.com\/wp-content\/uploads\/2024\/02\/pexels-md-hp-16775127-1.jpg","type":"image\/jpeg"}],"twitter_card":"summary_large_image","twitter_site":"@TourTravel_More","twitter_misc":{"Tiempo de lectura":"2 minutos"},"schema":{"@context":"https:\/\/schema.org","@graph":[{"@type":"WebPage","@id":"https:\/\/tourtravelandmore.com\/es\/tours\/italia-es\/bari-es\/tour-privado-a-pie-por-bari-copy-2\/","url":"https:\/\/tourtravelandmore.com\/es\/tours\/italia-es\/bari-es\/tour-privado-a-pie-por-bari-copy-2\/","name":"Tour privado por Bari con gu\u00eda oficial local | TTM","isPartOf":{"@id":"https:\/\/tourtravelandmore.com\/es\/#website"},"primaryImageOfPage":{"@id":"https:\/\/tourtravelandmore.com\/es\/tours\/italia-es\/bari-es\/tour-privado-a-pie-por-bari-copy-2\/#primaryimage"},"image":{"@id":"https:\/\/tourtravelandmore.com\/es\/tours\/italia-es\/bari-es\/tour-privado-a-pie-por-bari-copy-2\/#primaryimage"},"thumbnailUrl":"https:\/\/tourtravelandmore.com\/wp-content\/uploads\/2024\/02\/pexels-md-hp-16775127-1.jpg","datePublished":"2024-02-29T14:06:05+00:00","dateModified":"2024-02-29T14:24:58+00:00","description":"Disfrute y conozca en profundidad la ciudad de Bari junto a su gu\u00eda oficial privado \u2705","breadcrumb":{"@id":"https:\/\/tourtravelandmore.com\/es\/tours\/italia-es\/bari-es\/tour-privado-a-pie-por-bari-copy-2\/#breadcrumb"},"inLanguage":"es","potentialAction":[{"@type":"ReadAction","target":["https:\/\/tourtravelandmore.com\/es\/tours\/italia-es\/bari-es\/tour-privado-a-pie-por-bari-copy-2\/"]}]},{"@type":"ImageObject","inLanguage":"es","@id":"https:\/\/tourtravelandmore.com\/es\/tours\/italia-es\/bari-es\/tour-privado-a-pie-por-bari-copy-2\/#primaryimage","url":"https:\/\/tourtravelandmore.com\/wp-content\/uploads\/2024\/02\/pexels-md-hp-16775127-1.jpg","contentUrl":"https:\/\/tourtravelandmore.com\/wp-content\/uploads\/2024\/02\/pexels-md-hp-16775127-1.jpg","width":2560,"height":1920},{"@type":"BreadcrumbList","@id":"https:\/\/tourtravelandmore.com\/es\/tours\/italia-es\/bari-es\/tour-privado-a-pie-por-bari-copy-2\/#breadcrumb","itemListElement":[{"@type":"ListItem","position":1,"name":"Home","item":"https:\/\/tourtravelandmore.com\/es\/"},{"@type":"ListItem","position":2,"name":"Tours","item":"https:\/\/tourtravelandmore.com\/es\/tours\/"},{"@type":"ListItem","position":3,"name":"Tour privado por Bari con gu\u00eda y veh\u00edculo"}]},{"@type":"WebSite","@id":"https:\/\/tourtravelandmore.com\/es\/#website","url":"https:\/\/tourtravelandmore.com\/es\/","name":"Tour Travel And More","description":"Private sightseeing tours and luxury transfers in Spain","publisher":{"@id":"https:\/\/tourtravelandmore.com\/es\/#organization"},"potentialAction":[{"@type":"SearchAction","target":{"@type":"EntryPoint","urlTemplate":"https:\/\/tourtravelandmore.com\/es\/?s={search_term_string}"},"query-input":{"@type":"PropertyValueSpecification","valueRequired":true,"valueName":"search_term_string"}}],"inLanguage":"es"},{"@type":"Organization","@id":"https:\/\/tourtravelandmore.com\/es\/#organization","name":"Tour Travel And More","url":"https:\/\/tourtravelandmore.com\/es\/","logo":{"@type":"ImageObject","inLanguage":"es","@id":"https:\/\/tourtravelandmore.com\/es\/#\/schema\/logo\/image\/","url":"https:\/\/tourtravelandmore.com\/wp-content\/uploads\/2022\/12\/cropped-logo-cabecera-new.png","contentUrl":"https:\/\/tourtravelandmore.com\/wp-content\/uploads\/2022\/12\/cropped-logo-cabecera-new.png","width":430,"height":61,"caption":"Tour Travel And More"},"image":{"@id":"https:\/\/tourtravelandmore.com\/es\/#\/schema\/logo\/image\/"},"sameAs":["https:\/\/www.facebook.com\/tourtravelandmore\/","https:\/\/x.com\/TourTravel_More"]}]}},"_links":{"self":[{"href":"https:\/\/tourtravelandmore.com\/es\/wp-json\/wp\/v2\/product\/173010","targetHints":{"allow":["GET"]}}],"collection":[{"href":"https:\/\/tourtravelandmore.com\/es\/wp-json\/wp\/v2\/product"}],"about":[{"href":"https:\/\/tourtravelandmore.com\/es\/wp-json\/wp\/v2\/types\/product"}],"replies":[{"embeddable":true,"href":"https:\/\/tourtravelandmore.com\/es\/wp-json\/wp\/v2\/comments?post=173010"}],"wp:featuredmedia":[{"embeddable":true,"href":"https:\/\/tourtravelandmore.com\/es\/wp-json\/wp\/v2\/media\/173034"}],"wp:attachment":[{"href":"https:\/\/tourtravelandmore.com\/es\/wp-json\/wp\/v2\/media?parent=173010"}],"wp:term":[{"taxonomy":"product_brand","embeddable":true,"href":"https:\/\/tourtravelandmore.com\/es\/wp-json\/wp\/v2\/product_brand?post=173010"},{"taxonomy":"product_cat","embeddable":true,"href":"https:\/\/tourtravelandmore.com\/es\/wp-json\/wp\/v2\/product_cat?post=173010"},{"taxonomy":"product_tag","embeddable":true,"href":"https:\/\/tourtravelandmore.com\/es\/wp-json\/wp\/v2\/product_tag?post=173010"}],"curies":[{"name":"wp","href":"https:\/\/api.w.org\/{rel}","templated":true}]}}