{"id":172953,"date":"2024-02-29T13:22:57","date_gmt":"2024-02-29T12:22:57","guid":{"rendered":"https:\/\/tourtravelandmore.com\/?post_type=product&#038;p=172953"},"modified":"2024-03-15T15:00:28","modified_gmt":"2024-03-15T14:00:28","slug":"excursion-privada-a-zumaia-zarauz-y-guetaria","status":"publish","type":"product","link":"https:\/\/tourtravelandmore.com\/es\/tours\/espana-es\/san-sebastian-donosti-es\/excursion-privada-a-zumaia-zarauz-y-guetaria\/","title":{"rendered":"Tour Privado de Zumaia, Zarauz y Guetaria"},"content":{"rendered":"<h2>Descripci\u00f3n:<\/h2>\n<p>Emb\u00e1rquese en un viaje cautivador con <strong>Tour Travel &amp; More<\/strong> para explorar las impresionantes localidades costeras de <strong>Zumaia, Zarautz<\/strong> y <strong>Getaria<\/strong> desde San Sebasti\u00e1n. Este <strong>Tour Privado de Zumaia, Zarauz y Guetaria<\/strong> est\u00e1 dise\u00f1ado para ofrecerle una experiencia completa de los impresionantes paisajes del Pa\u00eds Vasco.<\/p>\n<p>Con una duraci\u00f3n total de <strong>6 horas,<\/strong> incluyendo 6 horas de <strong>c\u00f3modo transporte<\/strong> en <strong>veh\u00edculo<\/strong> y 6 horas de <strong>gu\u00eda experto.<\/strong> Se sumergir\u00e1 en el encanto y la belleza de estas joyas costeras.<\/p>\n<p>A lo largo del viaje, su gu\u00eda experto le ofrecer\u00e1 comentarios perspicaces sobre la <strong>historia,<\/strong> la <strong>cultura<\/strong> y las <strong>tradiciones<\/strong> de cada destino. Esto le garantizar\u00e1 una experiencia memorable y enriquecedora en la belleza costera del <strong>Pa\u00eds Vasco.<\/strong><\/p>\n<h2>Tour Privado de Zumaia, Zarauz y Guetaria | Puntos de inter\u00e9s<\/h2>\n<p>Comience nuestra aventura en <strong>Zumaia,<\/strong> conocida por sus dram\u00e1ticos acantilados y su historia geol\u00f3gica \u00fanica. Visitaremos lugares como la ic\u00f3nica <strong>Playa<\/strong> de <strong>Itzurun,<\/strong> famosa por sus llamativas formaciones rocosas y como lugar de rodaje de &#8220;Juego de Tronos&#8221;. Tambi\u00e9n exploraremos el centro hist\u00f3rico de <strong>Zumaia,<\/strong> con sus calles empedradas y edificios hist\u00f3ricos.<\/p>\n<p>Despu\u00e9s continuaremos hacia <strong>Zarautz,<\/strong> una pintoresca localidad costera conocida por su larga <strong>playa de arena dorada<\/strong>, perfecta para practicar surf. Disfrute de un tranquilo paseo por el paseo mar\u00edtimo de <strong>Zarautz.<\/strong> Descubra la vibrante cultura surfera de la localidad y conozca su importancia como destino de surf en el <strong>Pa\u00eds Vasco.<\/strong><\/p>\n<p>Concluya nuestro recorrido en <strong>Getaria,<\/strong> un encantador pueblo pesquero caracterizado por sus estrechas calles y sus casas vascas encaladas. Visite el bullicioso puerto de <strong>Getaria,<\/strong> observe a los pescadores locales en acci\u00f3n y admire las vistas panor\u00e1micas del <strong>mar Cant\u00e1brico.<\/strong><\/p>\n<p>Descubra la belleza de la <strong>Costa Vasca<\/strong> con la exclusiva selecci\u00f3n de <a href=\"https:\/\/tourtravelandmore.com\/city\/spain\/san-sebastian-donosti-en\/\">excursiones privadas de <strong>Tour Travel and More<\/strong>.<\/a> Desde los majestuosos acantilados de <strong>Zumaia<\/strong> a las hist\u00f3ricas calles de <strong>Guetaria,<\/strong> nuestros tours est\u00e1n dise\u00f1ados para ofrecer una experiencia sin igual de San Sebasti\u00e1n y sus maravillas circundantes. Explore nuestra oferta en Tour Travel and More. Emb\u00e1rquese en un viaje que le promete un tesoro de recuerdos en una de las regiones m\u00e1s pintorescas de Espa\u00f1a.<\/p>\n","protected":false},"excerpt":{"rendered":"<p><span style=\"font-weight: 400;\">Acomp\u00e1\u00f1enos en una excursi\u00f3n privada de 6 horas a las impresionantes localidades costeras de Zumaia, Zarauz y Guetaria. Ad\u00e9ntrese en sus maravillas geol\u00f3gicas, disfrute de sus hermosas playas y saboree su rico patrimonio culinario de la mano de nuestros expertos gu\u00edas. Este viaje ofrece una exploraci\u00f3n \u00edntima de los paisajes y lugares hist\u00f3ricos m\u00e1s pintorescos del Pa\u00eds Vasco.<\/span><\/p>\n<p>&nbsp;<\/p>\n","protected":false},"featured_media":172967,"comment_status":"open","ping_status":"closed","template":"","meta":{"_acf_changed":false},"product_brand":[],"product_cat":[190,199,197,200],"product_tag":[],"class_list":{"0":"post-172953","1":"product","2":"type-product","3":"status-publish","4":"has-post-thumbnail","6":"product_cat-san-sebastian-donosti-es","7":"product_cat-san-sebastian-donosti-actividades-es","8":"product_cat-san-sebastian-donosti-rutas-turisticas-privadas-es","9":"product_cat-san-sebastian-donosti-excursiones-es","11":"first","12":"instock","13":"shipping-taxable","14":"purchasable","15":"product-type-simple"},"acf":[],"yoast_head":"<!-- This site is optimized with the Yoast SEO Premium plugin v25.3.1 (Yoast SEO v25.3.1) - https:\/\/yoast.com\/wordpress\/plugins\/seo\/ -->\n<title>\u27a1\ufe0f Tour Privado de Zumaia, Zarauz y Guetaria | TT&amp;M<\/title>\n<meta name=\"description\" content=\"Disfrute de la belleza de la Costa Vasca en un viaje privado a Zumaia, Zarauz y Guetaria. \u00a1Impresionantes paisajes y rica historia te esperan! \u2705\" \/>\n<meta name=\"robots\" content=\"index, follow, max-snippet:-1, max-image-preview:large, max-video-preview:-1\" \/>\n<link rel=\"canonical\" href=\"https:\/\/tourtravelandmore.com\/es\/tours\/espana-es\/san-sebastian-donosti-es\/excursion-privada-a-zumaia-zarauz-y-guetaria\/\" \/>\n<meta property=\"og:locale\" content=\"es_ES\" \/>\n<meta property=\"og:type\" content=\"article\" \/>\n<meta property=\"og:title\" content=\"Tour Privado de Zumaia, Zarauz y Guetaria\" \/>\n<meta property=\"og:description\" content=\"Disfrute de la belleza de la Costa Vasca en un viaje privado a Zumaia, Zarauz y Guetaria. \u00a1Impresionantes paisajes y rica historia te esperan! \u2705\" \/>\n<meta property=\"og:url\" content=\"https:\/\/tourtravelandmore.com\/es\/tours\/espana-es\/san-sebastian-donosti-es\/excursion-privada-a-zumaia-zarauz-y-guetaria\/\" \/>\n<meta property=\"og:site_name\" content=\"Tour Travel And More\" \/>\n<meta property=\"article:publisher\" content=\"https:\/\/www.facebook.com\/tourtravelandmore\/\" \/>\n<meta property=\"article:modified_time\" content=\"2024-03-15T14:00:28+00:00\" \/>\n<meta property=\"og:image\" content=\"https:\/\/tourtravelandmore.com\/wp-content\/uploads\/2024\/02\/image1-8.jpg\" \/>\n\t<meta property=\"og:image:width\" content=\"950\" \/>\n\t<meta property=\"og:image:height\" content=\"750\" \/>\n\t<meta property=\"og:image:type\" content=\"image\/jpeg\" \/>\n<meta name=\"twitter:card\" content=\"summary_large_image\" \/>\n<meta name=\"twitter:site\" content=\"@TourTravel_More\" \/>\n<meta name=\"twitter:label1\" content=\"Tiempo de lectura\" \/>\n\t<meta name=\"twitter:data1\" content=\"2 minutos\" \/>\n<script type=\"application\/ld+json\" class=\"yoast-schema-graph\">{\"@context\":\"https:\/\/schema.org\",\"@graph\":[{\"@type\":\"WebPage\",\"@id\":\"https:\/\/tourtravelandmore.com\/es\/tours\/espana-es\/san-sebastian-donosti-es\/excursion-privada-a-zumaia-zarauz-y-guetaria\/\",\"url\":\"https:\/\/tourtravelandmore.com\/es\/tours\/espana-es\/san-sebastian-donosti-es\/excursion-privada-a-zumaia-zarauz-y-guetaria\/\",\"name\":\"\u27a1\ufe0f Tour Privado de Zumaia, Zarauz y Guetaria | TT&M\",\"isPartOf\":{\"@id\":\"https:\/\/tourtravelandmore.com\/es\/#website\"},\"primaryImageOfPage\":{\"@id\":\"https:\/\/tourtravelandmore.com\/es\/tours\/espana-es\/san-sebastian-donosti-es\/excursion-privada-a-zumaia-zarauz-y-guetaria\/#primaryimage\"},\"image\":{\"@id\":\"https:\/\/tourtravelandmore.com\/es\/tours\/espana-es\/san-sebastian-donosti-es\/excursion-privada-a-zumaia-zarauz-y-guetaria\/#primaryimage\"},\"thumbnailUrl\":\"https:\/\/tourtravelandmore.com\/wp-content\/uploads\/2024\/02\/image1-8.jpg\",\"datePublished\":\"2024-02-29T12:22:57+00:00\",\"dateModified\":\"2024-03-15T14:00:28+00:00\",\"description\":\"Disfrute de la belleza de la Costa Vasca en un viaje privado a Zumaia, Zarauz y Guetaria. \u00a1Impresionantes paisajes y rica historia te esperan! \u2705\",\"breadcrumb\":{\"@id\":\"https:\/\/tourtravelandmore.com\/es\/tours\/espana-es\/san-sebastian-donosti-es\/excursion-privada-a-zumaia-zarauz-y-guetaria\/#breadcrumb\"},\"inLanguage\":\"es\",\"potentialAction\":[{\"@type\":\"ReadAction\",\"target\":[\"https:\/\/tourtravelandmore.com\/es\/tours\/espana-es\/san-sebastian-donosti-es\/excursion-privada-a-zumaia-zarauz-y-guetaria\/\"]}]},{\"@type\":\"ImageObject\",\"inLanguage\":\"es\",\"@id\":\"https:\/\/tourtravelandmore.com\/es\/tours\/espana-es\/san-sebastian-donosti-es\/excursion-privada-a-zumaia-zarauz-y-guetaria\/#primaryimage\",\"url\":\"https:\/\/tourtravelandmore.com\/wp-content\/uploads\/2024\/02\/image1-8.jpg\",\"contentUrl\":\"https:\/\/tourtravelandmore.com\/wp-content\/uploads\/2024\/02\/image1-8.jpg\",\"width\":950,\"height\":750},{\"@type\":\"BreadcrumbList\",\"@id\":\"https:\/\/tourtravelandmore.com\/es\/tours\/espana-es\/san-sebastian-donosti-es\/excursion-privada-a-zumaia-zarauz-y-guetaria\/#breadcrumb\",\"itemListElement\":[{\"@type\":\"ListItem\",\"position\":1,\"name\":\"Home\",\"item\":\"https:\/\/tourtravelandmore.com\/es\/\"},{\"@type\":\"ListItem\",\"position\":2,\"name\":\"Tours\",\"item\":\"https:\/\/tourtravelandmore.com\/es\/tours\/\"},{\"@type\":\"ListItem\",\"position\":3,\"name\":\"Tour Privado de Zumaia, Zarauz y Guetaria\"}]},{\"@type\":\"WebSite\",\"@id\":\"https:\/\/tourtravelandmore.com\/es\/#website\",\"url\":\"https:\/\/tourtravelandmore.com\/es\/\",\"name\":\"Tour Travel And More\",\"description\":\"Private sightseeing tours and luxury transfers in Spain\",\"publisher\":{\"@id\":\"https:\/\/tourtravelandmore.com\/es\/#organization\"},\"potentialAction\":[{\"@type\":\"SearchAction\",\"target\":{\"@type\":\"EntryPoint\",\"urlTemplate\":\"https:\/\/tourtravelandmore.com\/es\/?s={search_term_string}\"},\"query-input\":{\"@type\":\"PropertyValueSpecification\",\"valueRequired\":true,\"valueName\":\"search_term_string\"}}],\"inLanguage\":\"es\"},{\"@type\":\"Organization\",\"@id\":\"https:\/\/tourtravelandmore.com\/es\/#organization\",\"name\":\"Tour Travel And More\",\"url\":\"https:\/\/tourtravelandmore.com\/es\/\",\"logo\":{\"@type\":\"ImageObject\",\"inLanguage\":\"es\",\"@id\":\"https:\/\/tourtravelandmore.com\/es\/#\/schema\/logo\/image\/\",\"url\":\"https:\/\/tourtravelandmore.com\/wp-content\/uploads\/2022\/12\/cropped-logo-cabecera-new.png\",\"contentUrl\":\"https:\/\/tourtravelandmore.com\/wp-content\/uploads\/2022\/12\/cropped-logo-cabecera-new.png\",\"width\":430,\"height\":61,\"caption\":\"Tour Travel And More\"},\"image\":{\"@id\":\"https:\/\/tourtravelandmore.com\/es\/#\/schema\/logo\/image\/\"},\"sameAs\":[\"https:\/\/www.facebook.com\/tourtravelandmore\/\",\"https:\/\/x.com\/TourTravel_More\"]}]}<\/script>\n<!-- \/ Yoast SEO Premium plugin. -->","yoast_head_json":{"title":"\u27a1\ufe0f Tour Privado de Zumaia, Zarauz y Guetaria | TT&M","description":"Disfrute de la belleza de la Costa Vasca en un viaje privado a Zumaia, Zarauz y Guetaria. \u00a1Impresionantes paisajes y rica historia te esperan! \u2705","robots":{"index":"index","follow":"follow","max-snippet":"max-snippet:-1","max-image-preview":"max-image-preview:large","max-video-preview":"max-video-preview:-1"},"canonical":"https:\/\/tourtravelandmore.com\/es\/tours\/espana-es\/san-sebastian-donosti-es\/excursion-privada-a-zumaia-zarauz-y-guetaria\/","og_locale":"es_ES","og_type":"article","og_title":"Tour Privado de Zumaia, Zarauz y Guetaria","og_description":"Disfrute de la belleza de la Costa Vasca en un viaje privado a Zumaia, Zarauz y Guetaria. \u00a1Impresionantes paisajes y rica historia te esperan! \u2705","og_url":"https:\/\/tourtravelandmore.com\/es\/tours\/espana-es\/san-sebastian-donosti-es\/excursion-privada-a-zumaia-zarauz-y-guetaria\/","og_site_name":"Tour Travel And More","article_publisher":"https:\/\/www.facebook.com\/tourtravelandmore\/","article_modified_time":"2024-03-15T14:00:28+00:00","og_image":[{"width":950,"height":750,"url":"https:\/\/tourtravelandmore.com\/wp-content\/uploads\/2024\/02\/image1-8.jpg","type":"image\/jpeg"}],"twitter_card":"summary_large_image","twitter_site":"@TourTravel_More","twitter_misc":{"Tiempo de lectura":"2 minutos"},"schema":{"@context":"https:\/\/schema.org","@graph":[{"@type":"WebPage","@id":"https:\/\/tourtravelandmore.com\/es\/tours\/espana-es\/san-sebastian-donosti-es\/excursion-privada-a-zumaia-zarauz-y-guetaria\/","url":"https:\/\/tourtravelandmore.com\/es\/tours\/espana-es\/san-sebastian-donosti-es\/excursion-privada-a-zumaia-zarauz-y-guetaria\/","name":"\u27a1\ufe0f Tour Privado de Zumaia, Zarauz y Guetaria | TT&M","isPartOf":{"@id":"https:\/\/tourtravelandmore.com\/es\/#website"},"primaryImageOfPage":{"@id":"https:\/\/tourtravelandmore.com\/es\/tours\/espana-es\/san-sebastian-donosti-es\/excursion-privada-a-zumaia-zarauz-y-guetaria\/#primaryimage"},"image":{"@id":"https:\/\/tourtravelandmore.com\/es\/tours\/espana-es\/san-sebastian-donosti-es\/excursion-privada-a-zumaia-zarauz-y-guetaria\/#primaryimage"},"thumbnailUrl":"https:\/\/tourtravelandmore.com\/wp-content\/uploads\/2024\/02\/image1-8.jpg","datePublished":"2024-02-29T12:22:57+00:00","dateModified":"2024-03-15T14:00:28+00:00","description":"Disfrute de la belleza de la Costa Vasca en un viaje privado a Zumaia, Zarauz y Guetaria. \u00a1Impresionantes paisajes y rica historia te esperan! \u2705","breadcrumb":{"@id":"https:\/\/tourtravelandmore.com\/es\/tours\/espana-es\/san-sebastian-donosti-es\/excursion-privada-a-zumaia-zarauz-y-guetaria\/#breadcrumb"},"inLanguage":"es","potentialAction":[{"@type":"ReadAction","target":["https:\/\/tourtravelandmore.com\/es\/tours\/espana-es\/san-sebastian-donosti-es\/excursion-privada-a-zumaia-zarauz-y-guetaria\/"]}]},{"@type":"ImageObject","inLanguage":"es","@id":"https:\/\/tourtravelandmore.com\/es\/tours\/espana-es\/san-sebastian-donosti-es\/excursion-privada-a-zumaia-zarauz-y-guetaria\/#primaryimage","url":"https:\/\/tourtravelandmore.com\/wp-content\/uploads\/2024\/02\/image1-8.jpg","contentUrl":"https:\/\/tourtravelandmore.com\/wp-content\/uploads\/2024\/02\/image1-8.jpg","width":950,"height":750},{"@type":"BreadcrumbList","@id":"https:\/\/tourtravelandmore.com\/es\/tours\/espana-es\/san-sebastian-donosti-es\/excursion-privada-a-zumaia-zarauz-y-guetaria\/#breadcrumb","itemListElement":[{"@type":"ListItem","position":1,"name":"Home","item":"https:\/\/tourtravelandmore.com\/es\/"},{"@type":"ListItem","position":2,"name":"Tours","item":"https:\/\/tourtravelandmore.com\/es\/tours\/"},{"@type":"ListItem","position":3,"name":"Tour Privado de Zumaia, Zarauz y Guetaria"}]},{"@type":"WebSite","@id":"https:\/\/tourtravelandmore.com\/es\/#website","url":"https:\/\/tourtravelandmore.com\/es\/","name":"Tour Travel And More","description":"Private sightseeing tours and luxury transfers in Spain","publisher":{"@id":"https:\/\/tourtravelandmore.com\/es\/#organization"},"potentialAction":[{"@type":"SearchAction","target":{"@type":"EntryPoint","urlTemplate":"https:\/\/tourtravelandmore.com\/es\/?s={search_term_string}"},"query-input":{"@type":"PropertyValueSpecification","valueRequired":true,"valueName":"search_term_string"}}],"inLanguage":"es"},{"@type":"Organization","@id":"https:\/\/tourtravelandmore.com\/es\/#organization","name":"Tour Travel And More","url":"https:\/\/tourtravelandmore.com\/es\/","logo":{"@type":"ImageObject","inLanguage":"es","@id":"https:\/\/tourtravelandmore.com\/es\/#\/schema\/logo\/image\/","url":"https:\/\/tourtravelandmore.com\/wp-content\/uploads\/2022\/12\/cropped-logo-cabecera-new.png","contentUrl":"https:\/\/tourtravelandmore.com\/wp-content\/uploads\/2022\/12\/cropped-logo-cabecera-new.png","width":430,"height":61,"caption":"Tour Travel And More"},"image":{"@id":"https:\/\/tourtravelandmore.com\/es\/#\/schema\/logo\/image\/"},"sameAs":["https:\/\/www.facebook.com\/tourtravelandmore\/","https:\/\/x.com\/TourTravel_More"]}]}},"_links":{"self":[{"href":"https:\/\/tourtravelandmore.com\/es\/wp-json\/wp\/v2\/product\/172953","targetHints":{"allow":["GET"]}}],"collection":[{"href":"https:\/\/tourtravelandmore.com\/es\/wp-json\/wp\/v2\/product"}],"about":[{"href":"https:\/\/tourtravelandmore.com\/es\/wp-json\/wp\/v2\/types\/product"}],"replies":[{"embeddable":true,"href":"https:\/\/tourtravelandmore.com\/es\/wp-json\/wp\/v2\/comments?post=172953"}],"wp:featuredmedia":[{"embeddable":true,"href":"https:\/\/tourtravelandmore.com\/es\/wp-json\/wp\/v2\/media\/172967"}],"wp:attachment":[{"href":"https:\/\/tourtravelandmore.com\/es\/wp-json\/wp\/v2\/media?parent=172953"}],"wp:term":[{"taxonomy":"product_brand","embeddable":true,"href":"https:\/\/tourtravelandmore.com\/es\/wp-json\/wp\/v2\/product_brand?post=172953"},{"taxonomy":"product_cat","embeddable":true,"href":"https:\/\/tourtravelandmore.com\/es\/wp-json\/wp\/v2\/product_cat?post=172953"},{"taxonomy":"product_tag","embeddable":true,"href":"https:\/\/tourtravelandmore.com\/es\/wp-json\/wp\/v2\/product_tag?post=172953"}],"curies":[{"name":"wp","href":"https:\/\/api.w.org\/{rel}","templated":true}]}}