{"id":172876,"date":"2024-02-28T19:37:25","date_gmt":"2024-02-28T18:37:26","guid":{"rendered":"https:\/\/tourtravelandmore.com\/?post_type=product&#038;p=172876"},"modified":"2024-02-28T19:46:07","modified_gmt":"2024-02-28T18:46:07","slug":"tour-privado-del-castillo-de-frederiksborg-desde-copenhague-copy","status":"publish","type":"product","link":"https:\/\/tourtravelandmore.com\/es\/tours\/dinamarca\/copenhague-es\/copenhague-actividades-es\/tour-privado-del-castillo-de-frederiksborg-desde-copenhague-copy\/","title":{"rendered":"Tour privado de los castillos de Roskilde, Frederiksborg y Kronborg"},"content":{"rendered":"<h2 id=\"tw-target-text\" class=\"tw-data-text tw-text-large XcVN5d tw-ta\" dir=\"ltr\" data-placeholder=\"Traducci\u00f3n\"><span lang=\"es\">Descripci\u00f3n<\/span><\/h2>\n<p>Emb\u00e1rquese en un cautivador viaje de 9 horas por la historia danesa con esta exclusiva visita privada a tres magn\u00edficos castillos: Roskilde, Frederiksborg y Kronborg. Con salida de Copenhague, su gu\u00eda le acompa\u00f1ar\u00e1 durante todo el d\u00eda y le ofrecer\u00e1 informaci\u00f3n sobre el rico patrimonio cultural de cada lugar.<\/p>\n<p>El castillo de Frederiksborg es un complejo palaciego situado en Hiller\u00f8d (Dinamarca), construido sobre tres islotes de Slotss\u00f8, el &#8220;lago del castillo&#8221;, y adosado a un gran jard\u00edn barroco. Construido por Hans van Steenwinkel como residencia real del rey Christian IV de Dinamarca entre 1560 y 1630, en sustituci\u00f3n de un castillo m\u00e1s antiguo adquirido por Federico II, en cuyo honor se bautiz\u00f3 el edificio, se convirti\u00f3 en el mayor castillo de estilo renacentista de Escandinavia.<\/p>\n<p>Roskilde es una ciudad de Dinamarca situada en el norte de la isla de Zelanda, al final del fiordo de Roskilde, al que da un peque\u00f1o puerto. Roskilde es tambi\u00e9n la capital del municipio del mismo nombre, la ciudad m\u00e1s grande de la regi\u00f3n administrativa de Zelanda, con 47.828 habitantes, y la d\u00e9cima del pa\u00eds.<\/p>\n<p>El castillo de Kronborg est\u00e1 situado cerca de Elsinore (Dinamarca). Es uno de los cuatro lugares culturales daneses declarados Patrimonio de la Humanidad en 2000, junto con la catedral de Roskilde, las runas, los t\u00famulos y la iglesia de Jelling y el fiordo helado de Ilulissat.<\/p>\n<p>Esta excursi\u00f3n es totalmente personalizable. Puede adaptar todos nuestros recorridos por Copenhague a sus propios intereses poni\u00e9ndose en contacto con nosotros.<\/p>\n<h2>Puntos emblem\u00e1ticos y de inter\u00e9s<\/h2>\n<p>Esta excursi\u00f3n comenzar\u00e1 en el punto de encuentro que usted elija. Si su hotel est\u00e1 situado en el centro, podemos empezar desde all\u00ed. De lo contrario, podemos organizar una recogida privada en el punto de encuentro de su elecci\u00f3n.<\/p>\n<p>La imponente estructura del edificio le har\u00e1 comprender por qu\u00e9 es el castillo m\u00e1s grande de Escandinavia.<\/p>\n<p>Comience el d\u00eda explorando el Castillo de Roskilde, un impresionante palacio renacentista cargado de historia real. Admire su impresionante arquitectura y conozca su importancia como residencia de los monarcas daneses.<\/p>\n<p>A continuaci\u00f3n, avent\u00farese a visitar el Castillo de Frederiksborg, obra maestra del Renacimiento dan\u00e9s. Marav\u00edllese ante sus majestuosas torres, exuberantes jardines y opulentos interiores mientras se adentra en las historias de sus habitantes reales. Explore el museo del castillo, que muestra siglos de arte e historia danesa.<\/p>\n<p>Concluya su recorrido con una visita al Castillo de Kronborg, inmortalizado como escenario de la obra de Shakespeare Hamlet. Explore las formidables murallas, c\u00e1maras y patios de la fortaleza, e imagine las intrigas de la corte real danesa que se desarrollaban entre sus muros.<\/p>\n<p>A continuaci\u00f3n, regresar\u00e1 a su veh\u00edculo privado, donde le estar\u00e1 esperando su ch\u00f3fer para llevarle de vuelta a su punto de recogida o al lugar que elija en Copenhague.<\/p>\n<p>En caso de que tenga algunos d\u00edas m\u00e1s en la ciudad danesa, puede consultar todos <strong><a href=\"https:\/\/tourtravelandmore.com\/es\/ciudad\/dinamarca\/copenhague-es\/\">nuestros tours privados de Copenhague aqu\u00ed.<\/a><\/strong><\/p>\n","protected":false},"excerpt":{"rendered":"<p>Emb\u00e1rquese en un cautivador viaje de 9 horas por la historia danesa con esta exclusiva visita privada a tres magn\u00edficos castillos: Roskilde, Frederiksborg y Kronborg. Con salida de Copenhague, su gu\u00eda le acompa\u00f1ar\u00e1 durante todo el d\u00eda y le ofrecer\u00e1 informaci\u00f3n sobre el rico patrimonio cultural de cada lugar.<\/p>\n<p>&nbsp;<\/p>\n","protected":false},"featured_media":172895,"comment_status":"open","ping_status":"closed","template":"","meta":{"_acf_changed":false},"product_brand":[],"product_cat":[1648,1649,1654],"product_tag":[],"class_list":{"0":"post-172876","1":"product","2":"type-product","3":"status-publish","4":"has-post-thumbnail","6":"product_cat-dinamarca","7":"product_cat-copenhague-es","8":"product_cat-copenhague-actividades-es","10":"first","11":"instock","12":"shipping-taxable","13":"purchasable","14":"product-type-simple"},"acf":[],"yoast_head":"<!-- This site is optimized with the Yoast SEO Premium plugin v25.3.1 (Yoast SEO v25.3.1) - https:\/\/yoast.com\/wordpress\/plugins\/seo\/ -->\n<title>Tour privado de los castillos de Roskilde, Frederiksborg y Kronborg<\/title>\n<meta name=\"description\" content=\"Tour privado de los castillos de Roskilde, Frederiksborg y Kronborg. Explora los paisajes con esta excursi\u00f3n privada de d\u00eda completo con gu\u00eda y veh\u00edculo privado con ch\u00f3fer.\" \/>\n<meta name=\"robots\" content=\"index, follow, max-snippet:-1, max-image-preview:large, max-video-preview:-1\" \/>\n<link rel=\"canonical\" href=\"https:\/\/tourtravelandmore.com\/es\/tours\/dinamarca\/copenhague-es\/copenhague-actividades-es\/tour-privado-del-castillo-de-frederiksborg-desde-copenhague-copy\/\" \/>\n<meta property=\"og:locale\" content=\"es_ES\" \/>\n<meta property=\"og:type\" content=\"article\" \/>\n<meta property=\"og:title\" content=\"Tour privado de los castillos de Roskilde, Frederiksborg y Kronborg\" \/>\n<meta property=\"og:description\" content=\"Tour privado de los castillos de Roskilde, Frederiksborg y Kronborg. Explora los paisajes con esta excursi\u00f3n privada de d\u00eda completo con gu\u00eda y veh\u00edculo privado con ch\u00f3fer.\" \/>\n<meta property=\"og:url\" content=\"https:\/\/tourtravelandmore.com\/es\/tours\/dinamarca\/copenhague-es\/copenhague-actividades-es\/tour-privado-del-castillo-de-frederiksborg-desde-copenhague-copy\/\" \/>\n<meta property=\"og:site_name\" content=\"Tour Travel And More\" \/>\n<meta property=\"article:publisher\" content=\"https:\/\/www.facebook.com\/tourtravelandmore\/\" \/>\n<meta property=\"article:modified_time\" content=\"2024-02-28T18:46:07+00:00\" \/>\n<meta property=\"og:image\" content=\"https:\/\/tourtravelandmore.com\/wp-content\/uploads\/2024\/02\/pexels-ivan-drazic-8874605.jpg\" \/>\n\t<meta property=\"og:image:width\" content=\"1280\" \/>\n\t<meta property=\"og:image:height\" content=\"960\" \/>\n\t<meta property=\"og:image:type\" content=\"image\/jpeg\" \/>\n<meta name=\"twitter:card\" content=\"summary_large_image\" \/>\n<meta name=\"twitter:site\" content=\"@TourTravel_More\" \/>\n<meta name=\"twitter:label1\" content=\"Tiempo de lectura\" \/>\n\t<meta name=\"twitter:data1\" content=\"2 minutos\" \/>\n<script type=\"application\/ld+json\" class=\"yoast-schema-graph\">{\"@context\":\"https:\/\/schema.org\",\"@graph\":[{\"@type\":\"WebPage\",\"@id\":\"https:\/\/tourtravelandmore.com\/es\/tours\/dinamarca\/copenhague-es\/copenhague-actividades-es\/tour-privado-del-castillo-de-frederiksborg-desde-copenhague-copy\/\",\"url\":\"https:\/\/tourtravelandmore.com\/es\/tours\/dinamarca\/copenhague-es\/copenhague-actividades-es\/tour-privado-del-castillo-de-frederiksborg-desde-copenhague-copy\/\",\"name\":\"Tour privado de los castillos de Roskilde, Frederiksborg y Kronborg\",\"isPartOf\":{\"@id\":\"https:\/\/tourtravelandmore.com\/es\/#website\"},\"primaryImageOfPage\":{\"@id\":\"https:\/\/tourtravelandmore.com\/es\/tours\/dinamarca\/copenhague-es\/copenhague-actividades-es\/tour-privado-del-castillo-de-frederiksborg-desde-copenhague-copy\/#primaryimage\"},\"image\":{\"@id\":\"https:\/\/tourtravelandmore.com\/es\/tours\/dinamarca\/copenhague-es\/copenhague-actividades-es\/tour-privado-del-castillo-de-frederiksborg-desde-copenhague-copy\/#primaryimage\"},\"thumbnailUrl\":\"https:\/\/tourtravelandmore.com\/wp-content\/uploads\/2024\/02\/pexels-ivan-drazic-8874605.jpg\",\"datePublished\":\"2024-02-28T18:37:26+00:00\",\"dateModified\":\"2024-02-28T18:46:07+00:00\",\"description\":\"Tour privado de los castillos de Roskilde, Frederiksborg y Kronborg. Explora los paisajes con esta excursi\u00f3n privada de d\u00eda completo con gu\u00eda y veh\u00edculo privado con ch\u00f3fer.\",\"breadcrumb\":{\"@id\":\"https:\/\/tourtravelandmore.com\/es\/tours\/dinamarca\/copenhague-es\/copenhague-actividades-es\/tour-privado-del-castillo-de-frederiksborg-desde-copenhague-copy\/#breadcrumb\"},\"inLanguage\":\"es\",\"potentialAction\":[{\"@type\":\"ReadAction\",\"target\":[\"https:\/\/tourtravelandmore.com\/es\/tours\/dinamarca\/copenhague-es\/copenhague-actividades-es\/tour-privado-del-castillo-de-frederiksborg-desde-copenhague-copy\/\"]}]},{\"@type\":\"ImageObject\",\"inLanguage\":\"es\",\"@id\":\"https:\/\/tourtravelandmore.com\/es\/tours\/dinamarca\/copenhague-es\/copenhague-actividades-es\/tour-privado-del-castillo-de-frederiksborg-desde-copenhague-copy\/#primaryimage\",\"url\":\"https:\/\/tourtravelandmore.com\/wp-content\/uploads\/2024\/02\/pexels-ivan-drazic-8874605.jpg\",\"contentUrl\":\"https:\/\/tourtravelandmore.com\/wp-content\/uploads\/2024\/02\/pexels-ivan-drazic-8874605.jpg\",\"width\":1280,\"height\":960},{\"@type\":\"BreadcrumbList\",\"@id\":\"https:\/\/tourtravelandmore.com\/es\/tours\/dinamarca\/copenhague-es\/copenhague-actividades-es\/tour-privado-del-castillo-de-frederiksborg-desde-copenhague-copy\/#breadcrumb\",\"itemListElement\":[{\"@type\":\"ListItem\",\"position\":1,\"name\":\"Home\",\"item\":\"https:\/\/tourtravelandmore.com\/es\/\"},{\"@type\":\"ListItem\",\"position\":2,\"name\":\"Tours\",\"item\":\"https:\/\/tourtravelandmore.com\/es\/tours\/\"},{\"@type\":\"ListItem\",\"position\":3,\"name\":\"Tour privado de los castillos de Roskilde, Frederiksborg y Kronborg\"}]},{\"@type\":\"WebSite\",\"@id\":\"https:\/\/tourtravelandmore.com\/es\/#website\",\"url\":\"https:\/\/tourtravelandmore.com\/es\/\",\"name\":\"Tour Travel And More\",\"description\":\"Private sightseeing tours and luxury transfers in Spain\",\"publisher\":{\"@id\":\"https:\/\/tourtravelandmore.com\/es\/#organization\"},\"potentialAction\":[{\"@type\":\"SearchAction\",\"target\":{\"@type\":\"EntryPoint\",\"urlTemplate\":\"https:\/\/tourtravelandmore.com\/es\/?s={search_term_string}\"},\"query-input\":{\"@type\":\"PropertyValueSpecification\",\"valueRequired\":true,\"valueName\":\"search_term_string\"}}],\"inLanguage\":\"es\"},{\"@type\":\"Organization\",\"@id\":\"https:\/\/tourtravelandmore.com\/es\/#organization\",\"name\":\"Tour Travel And More\",\"url\":\"https:\/\/tourtravelandmore.com\/es\/\",\"logo\":{\"@type\":\"ImageObject\",\"inLanguage\":\"es\",\"@id\":\"https:\/\/tourtravelandmore.com\/es\/#\/schema\/logo\/image\/\",\"url\":\"https:\/\/tourtravelandmore.com\/wp-content\/uploads\/2022\/12\/cropped-logo-cabecera-new.png\",\"contentUrl\":\"https:\/\/tourtravelandmore.com\/wp-content\/uploads\/2022\/12\/cropped-logo-cabecera-new.png\",\"width\":430,\"height\":61,\"caption\":\"Tour Travel And More\"},\"image\":{\"@id\":\"https:\/\/tourtravelandmore.com\/es\/#\/schema\/logo\/image\/\"},\"sameAs\":[\"https:\/\/www.facebook.com\/tourtravelandmore\/\",\"https:\/\/x.com\/TourTravel_More\"]}]}<\/script>\n<!-- \/ Yoast SEO Premium plugin. -->","yoast_head_json":{"title":"Tour privado de los castillos de Roskilde, Frederiksborg y Kronborg","description":"Tour privado de los castillos de Roskilde, Frederiksborg y Kronborg. Explora los paisajes con esta excursi\u00f3n privada de d\u00eda completo con gu\u00eda y veh\u00edculo privado con ch\u00f3fer.","robots":{"index":"index","follow":"follow","max-snippet":"max-snippet:-1","max-image-preview":"max-image-preview:large","max-video-preview":"max-video-preview:-1"},"canonical":"https:\/\/tourtravelandmore.com\/es\/tours\/dinamarca\/copenhague-es\/copenhague-actividades-es\/tour-privado-del-castillo-de-frederiksborg-desde-copenhague-copy\/","og_locale":"es_ES","og_type":"article","og_title":"Tour privado de los castillos de Roskilde, Frederiksborg y Kronborg","og_description":"Tour privado de los castillos de Roskilde, Frederiksborg y Kronborg. Explora los paisajes con esta excursi\u00f3n privada de d\u00eda completo con gu\u00eda y veh\u00edculo privado con ch\u00f3fer.","og_url":"https:\/\/tourtravelandmore.com\/es\/tours\/dinamarca\/copenhague-es\/copenhague-actividades-es\/tour-privado-del-castillo-de-frederiksborg-desde-copenhague-copy\/","og_site_name":"Tour Travel And More","article_publisher":"https:\/\/www.facebook.com\/tourtravelandmore\/","article_modified_time":"2024-02-28T18:46:07+00:00","og_image":[{"width":1280,"height":960,"url":"https:\/\/tourtravelandmore.com\/wp-content\/uploads\/2024\/02\/pexels-ivan-drazic-8874605.jpg","type":"image\/jpeg"}],"twitter_card":"summary_large_image","twitter_site":"@TourTravel_More","twitter_misc":{"Tiempo de lectura":"2 minutos"},"schema":{"@context":"https:\/\/schema.org","@graph":[{"@type":"WebPage","@id":"https:\/\/tourtravelandmore.com\/es\/tours\/dinamarca\/copenhague-es\/copenhague-actividades-es\/tour-privado-del-castillo-de-frederiksborg-desde-copenhague-copy\/","url":"https:\/\/tourtravelandmore.com\/es\/tours\/dinamarca\/copenhague-es\/copenhague-actividades-es\/tour-privado-del-castillo-de-frederiksborg-desde-copenhague-copy\/","name":"Tour privado de los castillos de Roskilde, Frederiksborg y Kronborg","isPartOf":{"@id":"https:\/\/tourtravelandmore.com\/es\/#website"},"primaryImageOfPage":{"@id":"https:\/\/tourtravelandmore.com\/es\/tours\/dinamarca\/copenhague-es\/copenhague-actividades-es\/tour-privado-del-castillo-de-frederiksborg-desde-copenhague-copy\/#primaryimage"},"image":{"@id":"https:\/\/tourtravelandmore.com\/es\/tours\/dinamarca\/copenhague-es\/copenhague-actividades-es\/tour-privado-del-castillo-de-frederiksborg-desde-copenhague-copy\/#primaryimage"},"thumbnailUrl":"https:\/\/tourtravelandmore.com\/wp-content\/uploads\/2024\/02\/pexels-ivan-drazic-8874605.jpg","datePublished":"2024-02-28T18:37:26+00:00","dateModified":"2024-02-28T18:46:07+00:00","description":"Tour privado de los castillos de Roskilde, Frederiksborg y Kronborg. Explora los paisajes con esta excursi\u00f3n privada de d\u00eda completo con gu\u00eda y veh\u00edculo privado con ch\u00f3fer.","breadcrumb":{"@id":"https:\/\/tourtravelandmore.com\/es\/tours\/dinamarca\/copenhague-es\/copenhague-actividades-es\/tour-privado-del-castillo-de-frederiksborg-desde-copenhague-copy\/#breadcrumb"},"inLanguage":"es","potentialAction":[{"@type":"ReadAction","target":["https:\/\/tourtravelandmore.com\/es\/tours\/dinamarca\/copenhague-es\/copenhague-actividades-es\/tour-privado-del-castillo-de-frederiksborg-desde-copenhague-copy\/"]}]},{"@type":"ImageObject","inLanguage":"es","@id":"https:\/\/tourtravelandmore.com\/es\/tours\/dinamarca\/copenhague-es\/copenhague-actividades-es\/tour-privado-del-castillo-de-frederiksborg-desde-copenhague-copy\/#primaryimage","url":"https:\/\/tourtravelandmore.com\/wp-content\/uploads\/2024\/02\/pexels-ivan-drazic-8874605.jpg","contentUrl":"https:\/\/tourtravelandmore.com\/wp-content\/uploads\/2024\/02\/pexels-ivan-drazic-8874605.jpg","width":1280,"height":960},{"@type":"BreadcrumbList","@id":"https:\/\/tourtravelandmore.com\/es\/tours\/dinamarca\/copenhague-es\/copenhague-actividades-es\/tour-privado-del-castillo-de-frederiksborg-desde-copenhague-copy\/#breadcrumb","itemListElement":[{"@type":"ListItem","position":1,"name":"Home","item":"https:\/\/tourtravelandmore.com\/es\/"},{"@type":"ListItem","position":2,"name":"Tours","item":"https:\/\/tourtravelandmore.com\/es\/tours\/"},{"@type":"ListItem","position":3,"name":"Tour privado de los castillos de Roskilde, Frederiksborg y Kronborg"}]},{"@type":"WebSite","@id":"https:\/\/tourtravelandmore.com\/es\/#website","url":"https:\/\/tourtravelandmore.com\/es\/","name":"Tour Travel And More","description":"Private sightseeing tours and luxury transfers in Spain","publisher":{"@id":"https:\/\/tourtravelandmore.com\/es\/#organization"},"potentialAction":[{"@type":"SearchAction","target":{"@type":"EntryPoint","urlTemplate":"https:\/\/tourtravelandmore.com\/es\/?s={search_term_string}"},"query-input":{"@type":"PropertyValueSpecification","valueRequired":true,"valueName":"search_term_string"}}],"inLanguage":"es"},{"@type":"Organization","@id":"https:\/\/tourtravelandmore.com\/es\/#organization","name":"Tour Travel And More","url":"https:\/\/tourtravelandmore.com\/es\/","logo":{"@type":"ImageObject","inLanguage":"es","@id":"https:\/\/tourtravelandmore.com\/es\/#\/schema\/logo\/image\/","url":"https:\/\/tourtravelandmore.com\/wp-content\/uploads\/2022\/12\/cropped-logo-cabecera-new.png","contentUrl":"https:\/\/tourtravelandmore.com\/wp-content\/uploads\/2022\/12\/cropped-logo-cabecera-new.png","width":430,"height":61,"caption":"Tour Travel And More"},"image":{"@id":"https:\/\/tourtravelandmore.com\/es\/#\/schema\/logo\/image\/"},"sameAs":["https:\/\/www.facebook.com\/tourtravelandmore\/","https:\/\/x.com\/TourTravel_More"]}]}},"_links":{"self":[{"href":"https:\/\/tourtravelandmore.com\/es\/wp-json\/wp\/v2\/product\/172876","targetHints":{"allow":["GET"]}}],"collection":[{"href":"https:\/\/tourtravelandmore.com\/es\/wp-json\/wp\/v2\/product"}],"about":[{"href":"https:\/\/tourtravelandmore.com\/es\/wp-json\/wp\/v2\/types\/product"}],"replies":[{"embeddable":true,"href":"https:\/\/tourtravelandmore.com\/es\/wp-json\/wp\/v2\/comments?post=172876"}],"wp:featuredmedia":[{"embeddable":true,"href":"https:\/\/tourtravelandmore.com\/es\/wp-json\/wp\/v2\/media\/172895"}],"wp:attachment":[{"href":"https:\/\/tourtravelandmore.com\/es\/wp-json\/wp\/v2\/media?parent=172876"}],"wp:term":[{"taxonomy":"product_brand","embeddable":true,"href":"https:\/\/tourtravelandmore.com\/es\/wp-json\/wp\/v2\/product_brand?post=172876"},{"taxonomy":"product_cat","embeddable":true,"href":"https:\/\/tourtravelandmore.com\/es\/wp-json\/wp\/v2\/product_cat?post=172876"},{"taxonomy":"product_tag","embeddable":true,"href":"https:\/\/tourtravelandmore.com\/es\/wp-json\/wp\/v2\/product_tag?post=172876"}],"curies":[{"name":"wp","href":"https:\/\/api.w.org\/{rel}","templated":true}]}}