{"id":172868,"date":"2022-11-11T19:09:15","date_gmt":"2022-11-11T18:09:15","guid":{"rendered":"https:\/\/tourtravelandmore.com\/tours\/sin%20categor\u00eda\/private-tour-to-roskilde-from-copenhagen\/"},"modified":"2024-02-28T19:50:39","modified_gmt":"2024-02-28T18:50:39","slug":"tour-privado-a-roskilde-desde-copenhague","status":"publish","type":"product","link":"https:\/\/tourtravelandmore.com\/es\/tours\/dinamarca\/copenhague-es\/copenhague-actividades-es\/tour-privado-a-roskilde-desde-copenhague\/","title":{"rendered":"Tour Privado a Roskilde desde Copenhague"},"content":{"rendered":"<h2>Descripci\u00f3n<\/h2>\n<p>Ven con nosotros a disfrutar de este tour privado con gu\u00eda oficial y conoce los lugares m\u00e1s emblem\u00e1ticos de Roskilde. Disfruta de este Tour Privado a Roskilde desde Copenhague. Adem\u00e1s un veh\u00edculo privado con ch\u00f3fer te recoger\u00e1 en tu hotel o lugar que elijas en Copenhague.<\/p>\n<p>Roskilde es una ciudad de Dinamarca situada en el norte de la isla de Zelanda, al final del fiordo de Roskilde, al que da un peque\u00f1o puerto. Roskilde es tambi\u00e9n la capital del municipio del mismo nombre, la ciudad m\u00e1s grande de la regi\u00f3n administrativa de Zelanda, con 47.828 habitantes, y la d\u00e9cima m\u00e1s grande del pa\u00eds.<\/p>\n<p>Se trata de una excursi\u00f3n privada totalmente personalizada para su familia o grupo. Puede personalizar cada excursi\u00f3n con s\u00f3lo ponerse en contacto con nosotros.<\/p>\n<h2>Puntos de inter\u00e9s<\/h2>\n<p>En primer lugar, nos reuniremos en el lugar que elija de Copenhague. Nuestro conductor y gu\u00eda privados le estar\u00e1n esperando en su hotel o lugar de elecci\u00f3n en Copenhague para comenzar este Tour Privado de Roskilde desde Copenhague.<\/p>\n<p>A continuaci\u00f3n admiraremos la bella arquitectura de esta ciudad, una deslumbrante catedral de estilo barroco declarada Patrimonio de la Humanidad. Fue construida en la Edad Media, entre los siglos XII y XIII. Construida \u00edntegramente en ladrillo rojo, fue la causante de la difusi\u00f3n de este estilo en el norte de Europa.<\/p>\n<p>La mayor\u00eda de los reyes y reinas de Dinamarca est\u00e1n enterrados aqu\u00ed, por lo que se fue adaptando a los gustos de las distintas \u00e9pocas hasta el siglo XX mediante peque\u00f1as ampliaciones laterales: p\u00f3rticos y capillas. Esto convierte a la catedral en un friso cronol\u00f3gico de la evoluci\u00f3n de la arquitectura de los edificios cristianos en el norte de Europa.<\/p>\n<p>A continuaci\u00f3n, continuaremos nuestro Tour Privado de Roskilde desde Copenhague visitando el Museo de Barcos Vikingos. La exposici\u00f3n de barcos se encuentra en el puerto que da acceso al fiordo, punto de partida de muchos nav\u00edos. Adem\u00e1s, entre los nav\u00edos de la colecci\u00f3n se encuentra el barco vikingo m\u00e1s grande del mundo. Sus 37 metros de eslora pod\u00edan albergar hasta un centenar de guerreros dispuestos a luchar all\u00ed donde atracara.<\/p>\n<p>Por \u00faltimo, este tour privado finalizar\u00e1 en su hotel o lugar de su elecci\u00f3n en Copenhague.<\/p>\n<p>Adem\u00e1s, nuestros expertos en viajes de Tour Travel &amp; More est\u00e1n a su disposici\u00f3n durante todo el proceso de reserva. No se pierda el resto de nuestros tours privados en Copenhague. Organizamos grandes experiencias en esta bella ciudad danesa.<\/p>\n","protected":false},"excerpt":{"rendered":"<p>Ven con nosotros a disfrutar de este tour privado con gu\u00eda oficial y conoce los lugares m\u00e1s emblem\u00e1ticos de Roskilde. Disfruta de este Tour Privado a Roskilde desde Copenhague. Adem\u00e1s un veh\u00edculo privado con ch\u00f3fer te recoger\u00e1 en tu hotel o lugar que elijas en Copenhague.<\/p>\n","protected":false},"featured_media":143377,"comment_status":"open","ping_status":"closed","template":"","meta":{"_acf_changed":false},"product_brand":[],"product_cat":[1648,1649,1654],"product_tag":[],"class_list":{"0":"post-172868","1":"product","2":"type-product","3":"status-publish","4":"has-post-thumbnail","6":"product_cat-dinamarca","7":"product_cat-copenhague-es","8":"product_cat-copenhague-actividades-es","10":"first","11":"instock","12":"shipping-taxable","13":"purchasable","14":"product-type-simple"},"acf":[],"yoast_head":"<!-- This site is optimized with the Yoast SEO Premium plugin v25.3.1 (Yoast SEO v25.3.1) - https:\/\/yoast.com\/wordpress\/plugins\/seo\/ -->\n<title>Tour Privado a Roskilde desde Copenhague | Tour Travel &amp; More<\/title>\n<meta name=\"description\" content=\"Tour privado a Roskilde desde Copenhague. Explora los paisajes con este tour privado con gu\u00eda y veh\u00edculo privado con ch\u00f3fer.\" \/>\n<meta name=\"robots\" content=\"index, follow, max-snippet:-1, max-image-preview:large, max-video-preview:-1\" \/>\n<link rel=\"canonical\" href=\"https:\/\/tourtravelandmore.com\/es\/tours\/dinamarca\/copenhague-es\/copenhague-actividades-es\/tour-privado-a-roskilde-desde-copenhague\/\" \/>\n<meta property=\"og:locale\" content=\"es_ES\" \/>\n<meta property=\"og:type\" content=\"article\" \/>\n<meta property=\"og:title\" content=\"Tour Privado a Roskilde desde Copenhague\" \/>\n<meta property=\"og:description\" content=\"Tour privado a Roskilde desde Copenhague. Explora los paisajes con este tour privado con gu\u00eda y veh\u00edculo privado con ch\u00f3fer.\" \/>\n<meta property=\"og:url\" content=\"https:\/\/tourtravelandmore.com\/es\/tours\/dinamarca\/copenhague-es\/copenhague-actividades-es\/tour-privado-a-roskilde-desde-copenhague\/\" \/>\n<meta property=\"og:site_name\" content=\"Tour Travel And More\" \/>\n<meta property=\"article:publisher\" content=\"https:\/\/www.facebook.com\/tourtravelandmore\/\" \/>\n<meta property=\"article:modified_time\" content=\"2024-02-28T18:50:39+00:00\" \/>\n<meta property=\"og:image\" content=\"https:\/\/tourtravelandmore.com\/wp-content\/uploads\/2022\/11\/roskilde-92472_1280.jpg\" \/>\n\t<meta property=\"og:image:width\" content=\"1280\" \/>\n\t<meta property=\"og:image:height\" content=\"778\" \/>\n\t<meta property=\"og:image:type\" content=\"image\/jpeg\" \/>\n<meta name=\"twitter:card\" content=\"summary_large_image\" \/>\n<meta name=\"twitter:site\" content=\"@TourTravel_More\" \/>\n<meta name=\"twitter:label1\" content=\"Tiempo de lectura\" \/>\n\t<meta name=\"twitter:data1\" content=\"2 minutos\" \/>\n<script type=\"application\/ld+json\" class=\"yoast-schema-graph\">{\"@context\":\"https:\/\/schema.org\",\"@graph\":[{\"@type\":\"WebPage\",\"@id\":\"https:\/\/tourtravelandmore.com\/es\/tours\/dinamarca\/copenhague-es\/copenhague-actividades-es\/tour-privado-a-roskilde-desde-copenhague\/\",\"url\":\"https:\/\/tourtravelandmore.com\/es\/tours\/dinamarca\/copenhague-es\/copenhague-actividades-es\/tour-privado-a-roskilde-desde-copenhague\/\",\"name\":\"Tour Privado a Roskilde desde Copenhague | Tour Travel & More\",\"isPartOf\":{\"@id\":\"https:\/\/tourtravelandmore.com\/es\/#website\"},\"primaryImageOfPage\":{\"@id\":\"https:\/\/tourtravelandmore.com\/es\/tours\/dinamarca\/copenhague-es\/copenhague-actividades-es\/tour-privado-a-roskilde-desde-copenhague\/#primaryimage\"},\"image\":{\"@id\":\"https:\/\/tourtravelandmore.com\/es\/tours\/dinamarca\/copenhague-es\/copenhague-actividades-es\/tour-privado-a-roskilde-desde-copenhague\/#primaryimage\"},\"thumbnailUrl\":\"https:\/\/tourtravelandmore.com\/wp-content\/uploads\/2022\/11\/roskilde-92472_1280.jpg\",\"datePublished\":\"2022-11-11T18:09:15+00:00\",\"dateModified\":\"2024-02-28T18:50:39+00:00\",\"description\":\"Tour privado a Roskilde desde Copenhague. Explora los paisajes con este tour privado con gu\u00eda y veh\u00edculo privado con ch\u00f3fer.\",\"breadcrumb\":{\"@id\":\"https:\/\/tourtravelandmore.com\/es\/tours\/dinamarca\/copenhague-es\/copenhague-actividades-es\/tour-privado-a-roskilde-desde-copenhague\/#breadcrumb\"},\"inLanguage\":\"es\",\"potentialAction\":[{\"@type\":\"ReadAction\",\"target\":[\"https:\/\/tourtravelandmore.com\/es\/tours\/dinamarca\/copenhague-es\/copenhague-actividades-es\/tour-privado-a-roskilde-desde-copenhague\/\"]}]},{\"@type\":\"ImageObject\",\"inLanguage\":\"es\",\"@id\":\"https:\/\/tourtravelandmore.com\/es\/tours\/dinamarca\/copenhague-es\/copenhague-actividades-es\/tour-privado-a-roskilde-desde-copenhague\/#primaryimage\",\"url\":\"https:\/\/tourtravelandmore.com\/wp-content\/uploads\/2022\/11\/roskilde-92472_1280.jpg\",\"contentUrl\":\"https:\/\/tourtravelandmore.com\/wp-content\/uploads\/2022\/11\/roskilde-92472_1280.jpg\",\"width\":1280,\"height\":778},{\"@type\":\"BreadcrumbList\",\"@id\":\"https:\/\/tourtravelandmore.com\/es\/tours\/dinamarca\/copenhague-es\/copenhague-actividades-es\/tour-privado-a-roskilde-desde-copenhague\/#breadcrumb\",\"itemListElement\":[{\"@type\":\"ListItem\",\"position\":1,\"name\":\"Home\",\"item\":\"https:\/\/tourtravelandmore.com\/es\/\"},{\"@type\":\"ListItem\",\"position\":2,\"name\":\"Tours\",\"item\":\"https:\/\/tourtravelandmore.com\/es\/tours\/\"},{\"@type\":\"ListItem\",\"position\":3,\"name\":\"Tour Privado a Roskilde desde Copenhague\"}]},{\"@type\":\"WebSite\",\"@id\":\"https:\/\/tourtravelandmore.com\/es\/#website\",\"url\":\"https:\/\/tourtravelandmore.com\/es\/\",\"name\":\"Tour Travel And More\",\"description\":\"Private sightseeing tours and luxury transfers in Spain\",\"publisher\":{\"@id\":\"https:\/\/tourtravelandmore.com\/es\/#organization\"},\"potentialAction\":[{\"@type\":\"SearchAction\",\"target\":{\"@type\":\"EntryPoint\",\"urlTemplate\":\"https:\/\/tourtravelandmore.com\/es\/?s={search_term_string}\"},\"query-input\":{\"@type\":\"PropertyValueSpecification\",\"valueRequired\":true,\"valueName\":\"search_term_string\"}}],\"inLanguage\":\"es\"},{\"@type\":\"Organization\",\"@id\":\"https:\/\/tourtravelandmore.com\/es\/#organization\",\"name\":\"Tour Travel And More\",\"url\":\"https:\/\/tourtravelandmore.com\/es\/\",\"logo\":{\"@type\":\"ImageObject\",\"inLanguage\":\"es\",\"@id\":\"https:\/\/tourtravelandmore.com\/es\/#\/schema\/logo\/image\/\",\"url\":\"https:\/\/tourtravelandmore.com\/wp-content\/uploads\/2022\/12\/cropped-logo-cabecera-new.png\",\"contentUrl\":\"https:\/\/tourtravelandmore.com\/wp-content\/uploads\/2022\/12\/cropped-logo-cabecera-new.png\",\"width\":430,\"height\":61,\"caption\":\"Tour Travel And More\"},\"image\":{\"@id\":\"https:\/\/tourtravelandmore.com\/es\/#\/schema\/logo\/image\/\"},\"sameAs\":[\"https:\/\/www.facebook.com\/tourtravelandmore\/\",\"https:\/\/x.com\/TourTravel_More\"]}]}<\/script>\n<!-- \/ Yoast SEO Premium plugin. -->","yoast_head_json":{"title":"Tour Privado a Roskilde desde Copenhague | Tour Travel & More","description":"Tour privado a Roskilde desde Copenhague. Explora los paisajes con este tour privado con gu\u00eda y veh\u00edculo privado con ch\u00f3fer.","robots":{"index":"index","follow":"follow","max-snippet":"max-snippet:-1","max-image-preview":"max-image-preview:large","max-video-preview":"max-video-preview:-1"},"canonical":"https:\/\/tourtravelandmore.com\/es\/tours\/dinamarca\/copenhague-es\/copenhague-actividades-es\/tour-privado-a-roskilde-desde-copenhague\/","og_locale":"es_ES","og_type":"article","og_title":"Tour Privado a Roskilde desde Copenhague","og_description":"Tour privado a Roskilde desde Copenhague. Explora los paisajes con este tour privado con gu\u00eda y veh\u00edculo privado con ch\u00f3fer.","og_url":"https:\/\/tourtravelandmore.com\/es\/tours\/dinamarca\/copenhague-es\/copenhague-actividades-es\/tour-privado-a-roskilde-desde-copenhague\/","og_site_name":"Tour Travel And More","article_publisher":"https:\/\/www.facebook.com\/tourtravelandmore\/","article_modified_time":"2024-02-28T18:50:39+00:00","og_image":[{"width":1280,"height":778,"url":"https:\/\/tourtravelandmore.com\/wp-content\/uploads\/2022\/11\/roskilde-92472_1280.jpg","type":"image\/jpeg"}],"twitter_card":"summary_large_image","twitter_site":"@TourTravel_More","twitter_misc":{"Tiempo de lectura":"2 minutos"},"schema":{"@context":"https:\/\/schema.org","@graph":[{"@type":"WebPage","@id":"https:\/\/tourtravelandmore.com\/es\/tours\/dinamarca\/copenhague-es\/copenhague-actividades-es\/tour-privado-a-roskilde-desde-copenhague\/","url":"https:\/\/tourtravelandmore.com\/es\/tours\/dinamarca\/copenhague-es\/copenhague-actividades-es\/tour-privado-a-roskilde-desde-copenhague\/","name":"Tour Privado a Roskilde desde Copenhague | Tour Travel & More","isPartOf":{"@id":"https:\/\/tourtravelandmore.com\/es\/#website"},"primaryImageOfPage":{"@id":"https:\/\/tourtravelandmore.com\/es\/tours\/dinamarca\/copenhague-es\/copenhague-actividades-es\/tour-privado-a-roskilde-desde-copenhague\/#primaryimage"},"image":{"@id":"https:\/\/tourtravelandmore.com\/es\/tours\/dinamarca\/copenhague-es\/copenhague-actividades-es\/tour-privado-a-roskilde-desde-copenhague\/#primaryimage"},"thumbnailUrl":"https:\/\/tourtravelandmore.com\/wp-content\/uploads\/2022\/11\/roskilde-92472_1280.jpg","datePublished":"2022-11-11T18:09:15+00:00","dateModified":"2024-02-28T18:50:39+00:00","description":"Tour privado a Roskilde desde Copenhague. Explora los paisajes con este tour privado con gu\u00eda y veh\u00edculo privado con ch\u00f3fer.","breadcrumb":{"@id":"https:\/\/tourtravelandmore.com\/es\/tours\/dinamarca\/copenhague-es\/copenhague-actividades-es\/tour-privado-a-roskilde-desde-copenhague\/#breadcrumb"},"inLanguage":"es","potentialAction":[{"@type":"ReadAction","target":["https:\/\/tourtravelandmore.com\/es\/tours\/dinamarca\/copenhague-es\/copenhague-actividades-es\/tour-privado-a-roskilde-desde-copenhague\/"]}]},{"@type":"ImageObject","inLanguage":"es","@id":"https:\/\/tourtravelandmore.com\/es\/tours\/dinamarca\/copenhague-es\/copenhague-actividades-es\/tour-privado-a-roskilde-desde-copenhague\/#primaryimage","url":"https:\/\/tourtravelandmore.com\/wp-content\/uploads\/2022\/11\/roskilde-92472_1280.jpg","contentUrl":"https:\/\/tourtravelandmore.com\/wp-content\/uploads\/2022\/11\/roskilde-92472_1280.jpg","width":1280,"height":778},{"@type":"BreadcrumbList","@id":"https:\/\/tourtravelandmore.com\/es\/tours\/dinamarca\/copenhague-es\/copenhague-actividades-es\/tour-privado-a-roskilde-desde-copenhague\/#breadcrumb","itemListElement":[{"@type":"ListItem","position":1,"name":"Home","item":"https:\/\/tourtravelandmore.com\/es\/"},{"@type":"ListItem","position":2,"name":"Tours","item":"https:\/\/tourtravelandmore.com\/es\/tours\/"},{"@type":"ListItem","position":3,"name":"Tour Privado a Roskilde desde Copenhague"}]},{"@type":"WebSite","@id":"https:\/\/tourtravelandmore.com\/es\/#website","url":"https:\/\/tourtravelandmore.com\/es\/","name":"Tour Travel And More","description":"Private sightseeing tours and luxury transfers in Spain","publisher":{"@id":"https:\/\/tourtravelandmore.com\/es\/#organization"},"potentialAction":[{"@type":"SearchAction","target":{"@type":"EntryPoint","urlTemplate":"https:\/\/tourtravelandmore.com\/es\/?s={search_term_string}"},"query-input":{"@type":"PropertyValueSpecification","valueRequired":true,"valueName":"search_term_string"}}],"inLanguage":"es"},{"@type":"Organization","@id":"https:\/\/tourtravelandmore.com\/es\/#organization","name":"Tour Travel And More","url":"https:\/\/tourtravelandmore.com\/es\/","logo":{"@type":"ImageObject","inLanguage":"es","@id":"https:\/\/tourtravelandmore.com\/es\/#\/schema\/logo\/image\/","url":"https:\/\/tourtravelandmore.com\/wp-content\/uploads\/2022\/12\/cropped-logo-cabecera-new.png","contentUrl":"https:\/\/tourtravelandmore.com\/wp-content\/uploads\/2022\/12\/cropped-logo-cabecera-new.png","width":430,"height":61,"caption":"Tour Travel And More"},"image":{"@id":"https:\/\/tourtravelandmore.com\/es\/#\/schema\/logo\/image\/"},"sameAs":["https:\/\/www.facebook.com\/tourtravelandmore\/","https:\/\/x.com\/TourTravel_More"]}]}},"_links":{"self":[{"href":"https:\/\/tourtravelandmore.com\/es\/wp-json\/wp\/v2\/product\/172868","targetHints":{"allow":["GET"]}}],"collection":[{"href":"https:\/\/tourtravelandmore.com\/es\/wp-json\/wp\/v2\/product"}],"about":[{"href":"https:\/\/tourtravelandmore.com\/es\/wp-json\/wp\/v2\/types\/product"}],"replies":[{"embeddable":true,"href":"https:\/\/tourtravelandmore.com\/es\/wp-json\/wp\/v2\/comments?post=172868"}],"wp:featuredmedia":[{"embeddable":true,"href":"https:\/\/tourtravelandmore.com\/es\/wp-json\/wp\/v2\/media\/143377"}],"wp:attachment":[{"href":"https:\/\/tourtravelandmore.com\/es\/wp-json\/wp\/v2\/media?parent=172868"}],"wp:term":[{"taxonomy":"product_brand","embeddable":true,"href":"https:\/\/tourtravelandmore.com\/es\/wp-json\/wp\/v2\/product_brand?post=172868"},{"taxonomy":"product_cat","embeddable":true,"href":"https:\/\/tourtravelandmore.com\/es\/wp-json\/wp\/v2\/product_cat?post=172868"},{"taxonomy":"product_tag","embeddable":true,"href":"https:\/\/tourtravelandmore.com\/es\/wp-json\/wp\/v2\/product_tag?post=172868"}],"curies":[{"name":"wp","href":"https:\/\/api.w.org\/{rel}","templated":true}]}}