{"id":172841,"date":"2024-02-28T15:03:37","date_gmt":"2024-02-28T14:03:37","guid":{"rendered":"https:\/\/tourtravelandmore.com\/?post_type=product&#038;p=172841"},"modified":"2024-03-13T16:45:12","modified_gmt":"2024-03-13T15:45:12","slug":"tour-privado-de-san-juan-de-luz-hondarribia-desde-san-sebastian","status":"publish","type":"product","link":"https:\/\/tourtravelandmore.com\/es\/tours\/espana-es\/san-sebastian-donosti-es\/tour-privado-de-san-juan-de-luz-hondarribia-desde-san-sebastian\/","title":{"rendered":"Tour Privado de San Juan de Luz y Hondarribia desde San Sebasti\u00e1n"},"content":{"rendered":"<h2>Tour Privado de San Juan de Luz y Hondarribia desde San Sebasti\u00e1n Descripci\u00f3n:<\/h2>\n<p>Este exclusivo <strong>Tour Privado de San Juan de Luz y Hondarribia desde San Sebasti\u00e1n<\/strong> le llevar\u00e1 a las encantadoras localidades costeras de <strong>San Juan de Luz y Hondarribia<\/strong>. Disfrutar\u00e1 de un viaje c\u00f3modo y personalizado, descubriendo la rica historia, cultura y paisajes \u00fanicos de estas dos joyas del <strong>Pa\u00eds Vasco.<\/strong><\/p>\n<p>Este tour le proporcionar\u00e1 una experiencia inolvidable, combinando la belleza natural, la historia y la deliciosa gastronom\u00eda de la regi\u00f3n vasca y francesa. \u00a1Prep\u00e1rese para sumergirse en la verdadera esencia de <strong>San Juan<\/strong> de <strong>Luz<\/strong> y <strong>Hondarribia<\/strong> desde San Sebasti\u00e1n con <strong>Tour Travel &amp; More<\/strong>!<\/p>\n<p>Despu\u00e9s de haber disfrutado de estas dos maravillosas ciudades, regresaremos a San Sebasti\u00e1n, donde le dejaremos en su hotel o en un lugar convenido dentro de la ciudad.<\/p>\n<h2>Puntos de Inter\u00e9s:<\/h2>\n<p>Nuestro gu\u00eda experto y conductor privado le recoger\u00e1n en su hotel o en un lugar acordado de <strong>San Sebasti\u00e1n.<\/strong> Continuaremos nuestro viaje hacia San Juan de Luz, una encantadora ciudad costera en la parte francesa del Pa\u00eds Vasco. Por el camino, podr\u00e1 disfrutar de las impresionantes vistas de la costa vasca.<\/p>\n<p>Una vez en <strong>San Juan de Luz,<\/strong> pasearemos por sus calles empedradas y descubriremos su rica historia como antiguo puerto ballenero y su importancia en los acontecimientos hist\u00f3ricos. Destacan la iglesia de <strong>San Juan Bautista<\/strong>, la plaza <strong>Luis XIV<\/strong> y su encantador <strong>puerto pesquero.<\/strong><\/p>\n<p>Tras nuestra visita a <strong>San Juan de Luz<\/strong>, nos dirigiremos a <strong>Hondarribia,<\/strong> una pintoresca ciudad fortificada de la costa espa\u00f1ola. El trayecto entre ambas ciudades le permitir\u00e1 apreciar la diversidad paisaj\u00edstica de la regi\u00f3n.<\/p>\n<p>Al llegar a Hondarribia, entraremos en su casco antiguo amurallado y pasearemos por sus estrechas calles llenas de historia. Destacan el <strong>Castillo<\/strong> de <strong>Carlos<\/strong> <strong>V<\/strong>, la <strong>Plaza de Armas<\/strong> y el encantador barrio de pescadores.<\/p>\n<p>Explore a fondo San Sebasti\u00e1n y sus maravillas circundantes con<strong> Tour Travel and More.<\/strong>  Nuestra cuidada selecci\u00f3n de tours privados est\u00e1 dise\u00f1ada para satisfacer sus preferencias \u00fanicas, garantizando una experiencia inolvidable en esta pintoresca regi\u00f3n. V<a href=\"https:\/\/tourtravelandmore.com\/\">isite nuestra p\u00e1gina web en <strong>Tour Travel and More<\/strong> para descubrir toda la gama de tours exclusivos que ofrecemos.<\/a>  D\u00e9jenos guiarle por las encantadoras calles de San Juan de Luz, el coraz\u00f3n hist\u00f3rico de Hondarribia, y m\u00e1s all\u00e1, prometi\u00e9ndole un viaje \u00edntimo y personalizado por el esplendor del norte de Espa\u00f1a.<\/p>\n<p>&nbsp;<\/p>\n","protected":false},"excerpt":{"rendered":"<p><span style=\"font-weight: 400;\">Acomp\u00e1\u00f1enos en una excursi\u00f3n privada de 5 horas desde San Sebasti\u00e1n a las cautivadoras localidades de San Juan de Luz y Hondarribia. Profundice en la historia de la regi\u00f3n vasca, explore su impresionante arquitectura y deguste los sabores locales, todo ello de la mano de nuestros expertos gu\u00edas. Este viaje promete una experiencia exclusiva y enriquecedora, desvelando el encanto de estos dos destinos emblem\u00e1ticos.<\/span><\/p>\n","protected":false},"featured_media":172855,"comment_status":"open","ping_status":"closed","template":"","meta":{"_acf_changed":false},"product_brand":[],"product_cat":[190,199,200],"product_tag":[],"class_list":{"0":"post-172841","1":"product","2":"type-product","3":"status-publish","4":"has-post-thumbnail","6":"product_cat-san-sebastian-donosti-es","7":"product_cat-san-sebastian-donosti-actividades-es","8":"product_cat-san-sebastian-donosti-excursiones-es","10":"first","11":"instock","12":"shipping-taxable","13":"purchasable","14":"product-type-simple"},"acf":[],"yoast_head":"<!-- This site is optimized with the Yoast SEO Premium plugin v25.3.1 (Yoast SEO v25.3.1) - https:\/\/yoast.com\/wordpress\/plugins\/seo\/ -->\n<title>\u27a1\ufe0f Tour Privado de San Juan de Luz y Hondarribia - TTM<\/title>\n<meta name=\"description\" content=\"Descubra las joyas ocultas de San Juan de Luz y Hondarribia en un tour privado de 5 horas desde San Sebasti\u00e1n. \u00a1Cultura e historia \u00fanicas te esperan! \u2705\" \/>\n<meta name=\"robots\" content=\"index, follow, max-snippet:-1, max-image-preview:large, max-video-preview:-1\" \/>\n<link rel=\"canonical\" href=\"https:\/\/tourtravelandmore.com\/es\/tours\/espana-es\/san-sebastian-donosti-es\/tour-privado-de-san-juan-de-luz-hondarribia-desde-san-sebastian\/\" \/>\n<meta property=\"og:locale\" content=\"es_ES\" \/>\n<meta property=\"og:type\" content=\"article\" \/>\n<meta property=\"og:title\" content=\"Tour Privado de San Juan de Luz y Hondarribia desde San Sebasti\u00e1n\" \/>\n<meta property=\"og:description\" content=\"Descubra las joyas ocultas de San Juan de Luz y Hondarribia en un tour privado de 5 horas desde San Sebasti\u00e1n. \u00a1Cultura e historia \u00fanicas te esperan! \u2705\" \/>\n<meta property=\"og:url\" content=\"https:\/\/tourtravelandmore.com\/es\/tours\/espana-es\/san-sebastian-donosti-es\/tour-privado-de-san-juan-de-luz-hondarribia-desde-san-sebastian\/\" \/>\n<meta property=\"og:site_name\" content=\"Tour Travel And More\" \/>\n<meta property=\"article:publisher\" content=\"https:\/\/www.facebook.com\/tourtravelandmore\/\" \/>\n<meta property=\"article:modified_time\" content=\"2024-03-13T15:45:12+00:00\" \/>\n<meta property=\"og:image\" content=\"https:\/\/tourtravelandmore.com\/wp-content\/uploads\/2024\/02\/image1-7.jpg\" \/>\n\t<meta property=\"og:image:width\" content=\"950\" \/>\n\t<meta property=\"og:image:height\" content=\"750\" \/>\n\t<meta property=\"og:image:type\" content=\"image\/jpeg\" \/>\n<meta name=\"twitter:card\" content=\"summary_large_image\" \/>\n<meta name=\"twitter:site\" content=\"@TourTravel_More\" \/>\n<meta name=\"twitter:label1\" content=\"Tiempo de lectura\" \/>\n\t<meta name=\"twitter:data1\" content=\"2 minutos\" \/>\n<script type=\"application\/ld+json\" class=\"yoast-schema-graph\">{\"@context\":\"https:\/\/schema.org\",\"@graph\":[{\"@type\":\"WebPage\",\"@id\":\"https:\/\/tourtravelandmore.com\/es\/tours\/espana-es\/san-sebastian-donosti-es\/tour-privado-de-san-juan-de-luz-hondarribia-desde-san-sebastian\/\",\"url\":\"https:\/\/tourtravelandmore.com\/es\/tours\/espana-es\/san-sebastian-donosti-es\/tour-privado-de-san-juan-de-luz-hondarribia-desde-san-sebastian\/\",\"name\":\"\u27a1\ufe0f Tour Privado de San Juan de Luz y Hondarribia - TTM\",\"isPartOf\":{\"@id\":\"https:\/\/tourtravelandmore.com\/es\/#website\"},\"primaryImageOfPage\":{\"@id\":\"https:\/\/tourtravelandmore.com\/es\/tours\/espana-es\/san-sebastian-donosti-es\/tour-privado-de-san-juan-de-luz-hondarribia-desde-san-sebastian\/#primaryimage\"},\"image\":{\"@id\":\"https:\/\/tourtravelandmore.com\/es\/tours\/espana-es\/san-sebastian-donosti-es\/tour-privado-de-san-juan-de-luz-hondarribia-desde-san-sebastian\/#primaryimage\"},\"thumbnailUrl\":\"https:\/\/tourtravelandmore.com\/wp-content\/uploads\/2024\/02\/image1-7.jpg\",\"datePublished\":\"2024-02-28T14:03:37+00:00\",\"dateModified\":\"2024-03-13T15:45:12+00:00\",\"description\":\"Descubra las joyas ocultas de San Juan de Luz y Hondarribia en un tour privado de 5 horas desde San Sebasti\u00e1n. \u00a1Cultura e historia \u00fanicas te esperan! \u2705\",\"breadcrumb\":{\"@id\":\"https:\/\/tourtravelandmore.com\/es\/tours\/espana-es\/san-sebastian-donosti-es\/tour-privado-de-san-juan-de-luz-hondarribia-desde-san-sebastian\/#breadcrumb\"},\"inLanguage\":\"es\",\"potentialAction\":[{\"@type\":\"ReadAction\",\"target\":[\"https:\/\/tourtravelandmore.com\/es\/tours\/espana-es\/san-sebastian-donosti-es\/tour-privado-de-san-juan-de-luz-hondarribia-desde-san-sebastian\/\"]}]},{\"@type\":\"ImageObject\",\"inLanguage\":\"es\",\"@id\":\"https:\/\/tourtravelandmore.com\/es\/tours\/espana-es\/san-sebastian-donosti-es\/tour-privado-de-san-juan-de-luz-hondarribia-desde-san-sebastian\/#primaryimage\",\"url\":\"https:\/\/tourtravelandmore.com\/wp-content\/uploads\/2024\/02\/image1-7.jpg\",\"contentUrl\":\"https:\/\/tourtravelandmore.com\/wp-content\/uploads\/2024\/02\/image1-7.jpg\",\"width\":950,\"height\":750},{\"@type\":\"BreadcrumbList\",\"@id\":\"https:\/\/tourtravelandmore.com\/es\/tours\/espana-es\/san-sebastian-donosti-es\/tour-privado-de-san-juan-de-luz-hondarribia-desde-san-sebastian\/#breadcrumb\",\"itemListElement\":[{\"@type\":\"ListItem\",\"position\":1,\"name\":\"Home\",\"item\":\"https:\/\/tourtravelandmore.com\/es\/\"},{\"@type\":\"ListItem\",\"position\":2,\"name\":\"Tours\",\"item\":\"https:\/\/tourtravelandmore.com\/es\/tours\/\"},{\"@type\":\"ListItem\",\"position\":3,\"name\":\"Tour Privado de San Juan de Luz y Hondarribia desde San Sebasti\u00e1n\"}]},{\"@type\":\"WebSite\",\"@id\":\"https:\/\/tourtravelandmore.com\/es\/#website\",\"url\":\"https:\/\/tourtravelandmore.com\/es\/\",\"name\":\"Tour Travel And More\",\"description\":\"Private sightseeing tours and luxury transfers in Spain\",\"publisher\":{\"@id\":\"https:\/\/tourtravelandmore.com\/es\/#organization\"},\"potentialAction\":[{\"@type\":\"SearchAction\",\"target\":{\"@type\":\"EntryPoint\",\"urlTemplate\":\"https:\/\/tourtravelandmore.com\/es\/?s={search_term_string}\"},\"query-input\":{\"@type\":\"PropertyValueSpecification\",\"valueRequired\":true,\"valueName\":\"search_term_string\"}}],\"inLanguage\":\"es\"},{\"@type\":\"Organization\",\"@id\":\"https:\/\/tourtravelandmore.com\/es\/#organization\",\"name\":\"Tour Travel And More\",\"url\":\"https:\/\/tourtravelandmore.com\/es\/\",\"logo\":{\"@type\":\"ImageObject\",\"inLanguage\":\"es\",\"@id\":\"https:\/\/tourtravelandmore.com\/es\/#\/schema\/logo\/image\/\",\"url\":\"https:\/\/tourtravelandmore.com\/wp-content\/uploads\/2022\/12\/cropped-logo-cabecera-new.png\",\"contentUrl\":\"https:\/\/tourtravelandmore.com\/wp-content\/uploads\/2022\/12\/cropped-logo-cabecera-new.png\",\"width\":430,\"height\":61,\"caption\":\"Tour Travel And More\"},\"image\":{\"@id\":\"https:\/\/tourtravelandmore.com\/es\/#\/schema\/logo\/image\/\"},\"sameAs\":[\"https:\/\/www.facebook.com\/tourtravelandmore\/\",\"https:\/\/x.com\/TourTravel_More\"]}]}<\/script>\n<!-- \/ Yoast SEO Premium plugin. -->","yoast_head_json":{"title":"\u27a1\ufe0f Tour Privado de San Juan de Luz y Hondarribia - TTM","description":"Descubra las joyas ocultas de San Juan de Luz y Hondarribia en un tour privado de 5 horas desde San Sebasti\u00e1n. \u00a1Cultura e historia \u00fanicas te esperan! \u2705","robots":{"index":"index","follow":"follow","max-snippet":"max-snippet:-1","max-image-preview":"max-image-preview:large","max-video-preview":"max-video-preview:-1"},"canonical":"https:\/\/tourtravelandmore.com\/es\/tours\/espana-es\/san-sebastian-donosti-es\/tour-privado-de-san-juan-de-luz-hondarribia-desde-san-sebastian\/","og_locale":"es_ES","og_type":"article","og_title":"Tour Privado de San Juan de Luz y Hondarribia desde San Sebasti\u00e1n","og_description":"Descubra las joyas ocultas de San Juan de Luz y Hondarribia en un tour privado de 5 horas desde San Sebasti\u00e1n. \u00a1Cultura e historia \u00fanicas te esperan! \u2705","og_url":"https:\/\/tourtravelandmore.com\/es\/tours\/espana-es\/san-sebastian-donosti-es\/tour-privado-de-san-juan-de-luz-hondarribia-desde-san-sebastian\/","og_site_name":"Tour Travel And More","article_publisher":"https:\/\/www.facebook.com\/tourtravelandmore\/","article_modified_time":"2024-03-13T15:45:12+00:00","og_image":[{"width":950,"height":750,"url":"https:\/\/tourtravelandmore.com\/wp-content\/uploads\/2024\/02\/image1-7.jpg","type":"image\/jpeg"}],"twitter_card":"summary_large_image","twitter_site":"@TourTravel_More","twitter_misc":{"Tiempo de lectura":"2 minutos"},"schema":{"@context":"https:\/\/schema.org","@graph":[{"@type":"WebPage","@id":"https:\/\/tourtravelandmore.com\/es\/tours\/espana-es\/san-sebastian-donosti-es\/tour-privado-de-san-juan-de-luz-hondarribia-desde-san-sebastian\/","url":"https:\/\/tourtravelandmore.com\/es\/tours\/espana-es\/san-sebastian-donosti-es\/tour-privado-de-san-juan-de-luz-hondarribia-desde-san-sebastian\/","name":"\u27a1\ufe0f Tour Privado de San Juan de Luz y Hondarribia - TTM","isPartOf":{"@id":"https:\/\/tourtravelandmore.com\/es\/#website"},"primaryImageOfPage":{"@id":"https:\/\/tourtravelandmore.com\/es\/tours\/espana-es\/san-sebastian-donosti-es\/tour-privado-de-san-juan-de-luz-hondarribia-desde-san-sebastian\/#primaryimage"},"image":{"@id":"https:\/\/tourtravelandmore.com\/es\/tours\/espana-es\/san-sebastian-donosti-es\/tour-privado-de-san-juan-de-luz-hondarribia-desde-san-sebastian\/#primaryimage"},"thumbnailUrl":"https:\/\/tourtravelandmore.com\/wp-content\/uploads\/2024\/02\/image1-7.jpg","datePublished":"2024-02-28T14:03:37+00:00","dateModified":"2024-03-13T15:45:12+00:00","description":"Descubra las joyas ocultas de San Juan de Luz y Hondarribia en un tour privado de 5 horas desde San Sebasti\u00e1n. \u00a1Cultura e historia \u00fanicas te esperan! \u2705","breadcrumb":{"@id":"https:\/\/tourtravelandmore.com\/es\/tours\/espana-es\/san-sebastian-donosti-es\/tour-privado-de-san-juan-de-luz-hondarribia-desde-san-sebastian\/#breadcrumb"},"inLanguage":"es","potentialAction":[{"@type":"ReadAction","target":["https:\/\/tourtravelandmore.com\/es\/tours\/espana-es\/san-sebastian-donosti-es\/tour-privado-de-san-juan-de-luz-hondarribia-desde-san-sebastian\/"]}]},{"@type":"ImageObject","inLanguage":"es","@id":"https:\/\/tourtravelandmore.com\/es\/tours\/espana-es\/san-sebastian-donosti-es\/tour-privado-de-san-juan-de-luz-hondarribia-desde-san-sebastian\/#primaryimage","url":"https:\/\/tourtravelandmore.com\/wp-content\/uploads\/2024\/02\/image1-7.jpg","contentUrl":"https:\/\/tourtravelandmore.com\/wp-content\/uploads\/2024\/02\/image1-7.jpg","width":950,"height":750},{"@type":"BreadcrumbList","@id":"https:\/\/tourtravelandmore.com\/es\/tours\/espana-es\/san-sebastian-donosti-es\/tour-privado-de-san-juan-de-luz-hondarribia-desde-san-sebastian\/#breadcrumb","itemListElement":[{"@type":"ListItem","position":1,"name":"Home","item":"https:\/\/tourtravelandmore.com\/es\/"},{"@type":"ListItem","position":2,"name":"Tours","item":"https:\/\/tourtravelandmore.com\/es\/tours\/"},{"@type":"ListItem","position":3,"name":"Tour Privado de San Juan de Luz y Hondarribia desde San Sebasti\u00e1n"}]},{"@type":"WebSite","@id":"https:\/\/tourtravelandmore.com\/es\/#website","url":"https:\/\/tourtravelandmore.com\/es\/","name":"Tour Travel And More","description":"Private sightseeing tours and luxury transfers in Spain","publisher":{"@id":"https:\/\/tourtravelandmore.com\/es\/#organization"},"potentialAction":[{"@type":"SearchAction","target":{"@type":"EntryPoint","urlTemplate":"https:\/\/tourtravelandmore.com\/es\/?s={search_term_string}"},"query-input":{"@type":"PropertyValueSpecification","valueRequired":true,"valueName":"search_term_string"}}],"inLanguage":"es"},{"@type":"Organization","@id":"https:\/\/tourtravelandmore.com\/es\/#organization","name":"Tour Travel And More","url":"https:\/\/tourtravelandmore.com\/es\/","logo":{"@type":"ImageObject","inLanguage":"es","@id":"https:\/\/tourtravelandmore.com\/es\/#\/schema\/logo\/image\/","url":"https:\/\/tourtravelandmore.com\/wp-content\/uploads\/2022\/12\/cropped-logo-cabecera-new.png","contentUrl":"https:\/\/tourtravelandmore.com\/wp-content\/uploads\/2022\/12\/cropped-logo-cabecera-new.png","width":430,"height":61,"caption":"Tour Travel And More"},"image":{"@id":"https:\/\/tourtravelandmore.com\/es\/#\/schema\/logo\/image\/"},"sameAs":["https:\/\/www.facebook.com\/tourtravelandmore\/","https:\/\/x.com\/TourTravel_More"]}]}},"_links":{"self":[{"href":"https:\/\/tourtravelandmore.com\/es\/wp-json\/wp\/v2\/product\/172841","targetHints":{"allow":["GET"]}}],"collection":[{"href":"https:\/\/tourtravelandmore.com\/es\/wp-json\/wp\/v2\/product"}],"about":[{"href":"https:\/\/tourtravelandmore.com\/es\/wp-json\/wp\/v2\/types\/product"}],"replies":[{"embeddable":true,"href":"https:\/\/tourtravelandmore.com\/es\/wp-json\/wp\/v2\/comments?post=172841"}],"wp:featuredmedia":[{"embeddable":true,"href":"https:\/\/tourtravelandmore.com\/es\/wp-json\/wp\/v2\/media\/172855"}],"wp:attachment":[{"href":"https:\/\/tourtravelandmore.com\/es\/wp-json\/wp\/v2\/media?parent=172841"}],"wp:term":[{"taxonomy":"product_brand","embeddable":true,"href":"https:\/\/tourtravelandmore.com\/es\/wp-json\/wp\/v2\/product_brand?post=172841"},{"taxonomy":"product_cat","embeddable":true,"href":"https:\/\/tourtravelandmore.com\/es\/wp-json\/wp\/v2\/product_cat?post=172841"},{"taxonomy":"product_tag","embeddable":true,"href":"https:\/\/tourtravelandmore.com\/es\/wp-json\/wp\/v2\/product_tag?post=172841"}],"curies":[{"name":"wp","href":"https:\/\/api.w.org\/{rel}","templated":true}]}}