{"id":172784,"date":"2024-02-27T11:34:34","date_gmt":"2024-02-27T10:34:34","guid":{"rendered":"https:\/\/tourtravelandmore.com\/?post_type=product&#038;p=172784"},"modified":"2024-03-15T14:59:00","modified_gmt":"2024-03-15T13:59:00","slug":"tour-privado-de-san-sebastian-getaria-cata-de-txakoli-en-bodega","status":"publish","type":"product","link":"https:\/\/tourtravelandmore.com\/es\/tours\/espana-es\/san-sebastian-donosti-es\/tour-privado-de-san-sebastian-getaria-cata-de-txakoli-en-bodega\/","title":{"rendered":"Tour Privado de San Sebasti\u00e1n y Getaria con cata de Txakoli"},"content":{"rendered":"<h2><b>Tour Privado de San Sebasti\u00e1n y Getaria con cata de Txakoli Descripci\u00f3n:<\/b><\/h2>\n<p><span style=\"font-weight: 400;\">Experimente la cultura y gastronom\u00eda vasca en nuestro <strong>tour privado de San Sebasti\u00e1n y Getaria con cata de Txakoli<\/strong><strong>.<\/strong> La duraci\u00f3n es de <strong>seis horas.<\/strong> Este viaje de inmersi\u00f3n ofrece una mezcla \u00fanica de visitas tur\u00edsticas, catas de vino y exploraci\u00f3n cultural. Proporcionar\u00e1 una experiencia memorable para los viajeros que buscan un aut\u00e9ntico sabor del Pa\u00eds Vasco.<\/span><\/p>\n<p>Este exclusivo tour privado de 6 horas te llevar\u00e1 desde San Sebasti\u00e1n a la encantadora localidad de Getaria. La cual es famosa por su vino <a href=\"https:\/\/es.wikipedia.org\/wiki\/Chacol%C3%AD\"><strong>Txakoli<\/strong> <\/a>y su pintoresco entorno costero. Ser\u00e1s acompa\u00f1ado por un gu\u00eda experto de <strong>Tour Travel &amp; More.<\/strong> Te brindar\u00e1 informaci\u00f3n detallada sobre la historia, la cultura y la gastronom\u00eda de la regi\u00f3n a lo largo del recorrido.<\/p>\n<p>Este <strong>tour privado de San Sebasti\u00e1n y Getaria con cata de Txakoli<\/strong> es ideal para aquellos que desean una experiencia personalizada, con la flexibilidad de explorar a su propio ritmo y disfrutar de lo mejor que la regi\u00f3n vasca tiene para ofrecer en t\u00e9rminos de historia, paisajes y delicias culinarias.<\/p>\n<h2><b>Puntos de inter\u00e9s:<\/b><\/h2>\n<p>Nuestro conductor le recoger\u00e1n en tu hotel o lugar de preferencia en <strong>San Sebasti\u00e1n<\/strong> en un veh\u00edculo privado. Comenzando en <strong>San Sebasti\u00e1n,<\/strong> recorrer\u00e1s los lugares m\u00e1s emblem\u00e1ticos de la ciudad. Incluyendo La <strong>Concha,<\/strong> la <strong>Parte Vieja<\/strong> y el Mercado de la Bretxa.<\/p>\n<p>Luego, disfruta de un pintoresco viaje de aproximadamente una hora hasta llegar a la hermosa ciudad costera de <strong>Getaria,<\/strong> situada en la costa vasca. Nos dirigiremos a <strong>Getaria<\/strong>\u00a0para visitar una bodega de <strong>Txakoli,<\/strong> aprender sobre su producci\u00f3n y disfrutar de una degustaci\u00f3n. Tambi\u00e9n exploraremos el encanto de <strong>Getaria<\/strong> mientras paseamos por sus estrechas calles empedradas. Visita lugares emblem\u00e1ticos como la iglesia de <strong>San Salvador<\/strong> y el puerto pesquero, mientras aprendes sobre la rica historia marinera de la regi\u00f3n.<\/p>\n<p>Despu\u00e9s de haber disfrutado de la cultura y la gastronom\u00eda de <strong>Getaria,<\/strong> regresaremos a <strong>San Sebasti\u00e1n<\/strong> en nuestro veh\u00edculo privado, asegurando un viaje c\u00f3modo y seguro de vuelta a tu lugar de hospedaje o destino preferido en la ciudad.<\/p>\n<p><span style=\"font-weight: 400;\">Explore nuestra completa gama de tours privados en San Sebasti\u00e1n y m\u00e1s all\u00e1, ofreciendo experiencias personalizadas adaptadas a sus intereses y preferencias.<\/span><a href=\"https:\/\/tourtravelandmore.com\/es\/ciudad\/espana-es\/san-sebastian-donosti-es\/\"><span style=\"font-weight: 400;\"> Reserve hoy mismo su viaje inolvidable con Tour Travel and More.<\/span><\/a><\/p>\n","protected":false},"excerpt":{"rendered":"<p><span style=\"font-weight: 400;\">Emb\u00e1rquese en una excursi\u00f3n privada por San Sebasti\u00e1n, Getaria, y del\u00e9itese con una cata de txakoli en una bodega local. Descubra la rica historia y las delicias culinarias del Pa\u00eds Vasco mientras explora encantadores pueblos costeros, degusta pintxos tradicionales y saborea los crujientes sabores del vino txakoli. Gracias a la gu\u00eda experta, los recorridos panor\u00e1micos y la inmersi\u00f3n cultural, esta excursi\u00f3n promete un viaje inolvidable por el coraz\u00f3n de la regi\u00f3n vasca.<\/span><\/p>\n","protected":false},"featured_media":172799,"comment_status":"open","ping_status":"closed","template":"","meta":{"_acf_changed":false},"product_brand":[],"product_cat":[190,199,197,200],"product_tag":[],"class_list":{"0":"post-172784","1":"product","2":"type-product","3":"status-publish","4":"has-post-thumbnail","6":"product_cat-san-sebastian-donosti-es","7":"product_cat-san-sebastian-donosti-actividades-es","8":"product_cat-san-sebastian-donosti-rutas-turisticas-privadas-es","9":"product_cat-san-sebastian-donosti-excursiones-es","11":"first","12":"instock","13":"shipping-taxable","14":"purchasable","15":"product-type-simple"},"acf":[],"yoast_head":"<!-- This site is optimized with the Yoast SEO Premium plugin v25.3.1 (Yoast SEO v25.3.1) - https:\/\/yoast.com\/wordpress\/plugins\/seo\/ -->\n<title>Tour Privado de San Sebasti\u00e1n y Getaria con cata de Txakoli \u2705<\/title>\n<meta name=\"description\" content=\"\u27a1\ufe0f Tour Privado de San Sebasti\u00e1n y Getaria con cata de Txakoli \u00a1Descubre lo mejor de la cultura y la gastronom\u00eda vasca! \u2705\" \/>\n<meta name=\"robots\" content=\"index, follow, max-snippet:-1, max-image-preview:large, max-video-preview:-1\" \/>\n<link rel=\"canonical\" href=\"https:\/\/tourtravelandmore.com\/es\/tours\/espana-es\/san-sebastian-donosti-es\/tour-privado-de-san-sebastian-getaria-cata-de-txakoli-en-bodega\/\" \/>\n<meta property=\"og:locale\" content=\"es_ES\" \/>\n<meta property=\"og:type\" content=\"article\" \/>\n<meta property=\"og:title\" content=\"Tour Privado de San Sebasti\u00e1n y Getaria con cata de Txakoli\" \/>\n<meta property=\"og:description\" content=\"\u27a1\ufe0f Tour Privado de San Sebasti\u00e1n y Getaria con cata de Txakoli \u00a1Descubre lo mejor de la cultura y la gastronom\u00eda vasca! \u2705\" \/>\n<meta property=\"og:url\" content=\"https:\/\/tourtravelandmore.com\/es\/tours\/espana-es\/san-sebastian-donosti-es\/tour-privado-de-san-sebastian-getaria-cata-de-txakoli-en-bodega\/\" \/>\n<meta property=\"og:site_name\" content=\"Tour Travel And More\" \/>\n<meta property=\"article:publisher\" content=\"https:\/\/www.facebook.com\/tourtravelandmore\/\" \/>\n<meta property=\"article:modified_time\" content=\"2024-03-15T13:59:00+00:00\" \/>\n<meta property=\"og:image\" content=\"https:\/\/tourtravelandmore.com\/wp-content\/uploads\/2024\/02\/image1-6.jpg\" \/>\n\t<meta property=\"og:image:width\" content=\"950\" \/>\n\t<meta property=\"og:image:height\" content=\"750\" \/>\n\t<meta property=\"og:image:type\" content=\"image\/jpeg\" \/>\n<meta name=\"twitter:card\" content=\"summary_large_image\" \/>\n<meta name=\"twitter:site\" content=\"@TourTravel_More\" \/>\n<meta name=\"twitter:label1\" content=\"Tiempo de lectura\" \/>\n\t<meta name=\"twitter:data1\" content=\"2 minutos\" \/>\n<script type=\"application\/ld+json\" class=\"yoast-schema-graph\">{\"@context\":\"https:\/\/schema.org\",\"@graph\":[{\"@type\":\"WebPage\",\"@id\":\"https:\/\/tourtravelandmore.com\/es\/tours\/espana-es\/san-sebastian-donosti-es\/tour-privado-de-san-sebastian-getaria-cata-de-txakoli-en-bodega\/\",\"url\":\"https:\/\/tourtravelandmore.com\/es\/tours\/espana-es\/san-sebastian-donosti-es\/tour-privado-de-san-sebastian-getaria-cata-de-txakoli-en-bodega\/\",\"name\":\"Tour Privado de San Sebasti\u00e1n y Getaria con cata de Txakoli \u2705\",\"isPartOf\":{\"@id\":\"https:\/\/tourtravelandmore.com\/es\/#website\"},\"primaryImageOfPage\":{\"@id\":\"https:\/\/tourtravelandmore.com\/es\/tours\/espana-es\/san-sebastian-donosti-es\/tour-privado-de-san-sebastian-getaria-cata-de-txakoli-en-bodega\/#primaryimage\"},\"image\":{\"@id\":\"https:\/\/tourtravelandmore.com\/es\/tours\/espana-es\/san-sebastian-donosti-es\/tour-privado-de-san-sebastian-getaria-cata-de-txakoli-en-bodega\/#primaryimage\"},\"thumbnailUrl\":\"https:\/\/tourtravelandmore.com\/wp-content\/uploads\/2024\/02\/image1-6.jpg\",\"datePublished\":\"2024-02-27T10:34:34+00:00\",\"dateModified\":\"2024-03-15T13:59:00+00:00\",\"description\":\"\u27a1\ufe0f Tour Privado de San Sebasti\u00e1n y Getaria con cata de Txakoli \u00a1Descubre lo mejor de la cultura y la gastronom\u00eda vasca! \u2705\",\"breadcrumb\":{\"@id\":\"https:\/\/tourtravelandmore.com\/es\/tours\/espana-es\/san-sebastian-donosti-es\/tour-privado-de-san-sebastian-getaria-cata-de-txakoli-en-bodega\/#breadcrumb\"},\"inLanguage\":\"es\",\"potentialAction\":[{\"@type\":\"ReadAction\",\"target\":[\"https:\/\/tourtravelandmore.com\/es\/tours\/espana-es\/san-sebastian-donosti-es\/tour-privado-de-san-sebastian-getaria-cata-de-txakoli-en-bodega\/\"]}]},{\"@type\":\"ImageObject\",\"inLanguage\":\"es\",\"@id\":\"https:\/\/tourtravelandmore.com\/es\/tours\/espana-es\/san-sebastian-donosti-es\/tour-privado-de-san-sebastian-getaria-cata-de-txakoli-en-bodega\/#primaryimage\",\"url\":\"https:\/\/tourtravelandmore.com\/wp-content\/uploads\/2024\/02\/image1-6.jpg\",\"contentUrl\":\"https:\/\/tourtravelandmore.com\/wp-content\/uploads\/2024\/02\/image1-6.jpg\",\"width\":950,\"height\":750},{\"@type\":\"BreadcrumbList\",\"@id\":\"https:\/\/tourtravelandmore.com\/es\/tours\/espana-es\/san-sebastian-donosti-es\/tour-privado-de-san-sebastian-getaria-cata-de-txakoli-en-bodega\/#breadcrumb\",\"itemListElement\":[{\"@type\":\"ListItem\",\"position\":1,\"name\":\"Home\",\"item\":\"https:\/\/tourtravelandmore.com\/es\/\"},{\"@type\":\"ListItem\",\"position\":2,\"name\":\"Tours\",\"item\":\"https:\/\/tourtravelandmore.com\/es\/tours\/\"},{\"@type\":\"ListItem\",\"position\":3,\"name\":\"Tour Privado de San Sebasti\u00e1n y Getaria con cata de Txakoli\"}]},{\"@type\":\"WebSite\",\"@id\":\"https:\/\/tourtravelandmore.com\/es\/#website\",\"url\":\"https:\/\/tourtravelandmore.com\/es\/\",\"name\":\"Tour Travel And More\",\"description\":\"Private sightseeing tours and luxury transfers in Spain\",\"publisher\":{\"@id\":\"https:\/\/tourtravelandmore.com\/es\/#organization\"},\"potentialAction\":[{\"@type\":\"SearchAction\",\"target\":{\"@type\":\"EntryPoint\",\"urlTemplate\":\"https:\/\/tourtravelandmore.com\/es\/?s={search_term_string}\"},\"query-input\":{\"@type\":\"PropertyValueSpecification\",\"valueRequired\":true,\"valueName\":\"search_term_string\"}}],\"inLanguage\":\"es\"},{\"@type\":\"Organization\",\"@id\":\"https:\/\/tourtravelandmore.com\/es\/#organization\",\"name\":\"Tour Travel And More\",\"url\":\"https:\/\/tourtravelandmore.com\/es\/\",\"logo\":{\"@type\":\"ImageObject\",\"inLanguage\":\"es\",\"@id\":\"https:\/\/tourtravelandmore.com\/es\/#\/schema\/logo\/image\/\",\"url\":\"https:\/\/tourtravelandmore.com\/wp-content\/uploads\/2022\/12\/cropped-logo-cabecera-new.png\",\"contentUrl\":\"https:\/\/tourtravelandmore.com\/wp-content\/uploads\/2022\/12\/cropped-logo-cabecera-new.png\",\"width\":430,\"height\":61,\"caption\":\"Tour Travel And More\"},\"image\":{\"@id\":\"https:\/\/tourtravelandmore.com\/es\/#\/schema\/logo\/image\/\"},\"sameAs\":[\"https:\/\/www.facebook.com\/tourtravelandmore\/\",\"https:\/\/x.com\/TourTravel_More\"]}]}<\/script>\n<!-- \/ Yoast SEO Premium plugin. -->","yoast_head_json":{"title":"Tour Privado de San Sebasti\u00e1n y Getaria con cata de Txakoli \u2705","description":"\u27a1\ufe0f Tour Privado de San Sebasti\u00e1n y Getaria con cata de Txakoli \u00a1Descubre lo mejor de la cultura y la gastronom\u00eda vasca! \u2705","robots":{"index":"index","follow":"follow","max-snippet":"max-snippet:-1","max-image-preview":"max-image-preview:large","max-video-preview":"max-video-preview:-1"},"canonical":"https:\/\/tourtravelandmore.com\/es\/tours\/espana-es\/san-sebastian-donosti-es\/tour-privado-de-san-sebastian-getaria-cata-de-txakoli-en-bodega\/","og_locale":"es_ES","og_type":"article","og_title":"Tour Privado de San Sebasti\u00e1n y Getaria con cata de Txakoli","og_description":"\u27a1\ufe0f Tour Privado de San Sebasti\u00e1n y Getaria con cata de Txakoli \u00a1Descubre lo mejor de la cultura y la gastronom\u00eda vasca! \u2705","og_url":"https:\/\/tourtravelandmore.com\/es\/tours\/espana-es\/san-sebastian-donosti-es\/tour-privado-de-san-sebastian-getaria-cata-de-txakoli-en-bodega\/","og_site_name":"Tour Travel And More","article_publisher":"https:\/\/www.facebook.com\/tourtravelandmore\/","article_modified_time":"2024-03-15T13:59:00+00:00","og_image":[{"width":950,"height":750,"url":"https:\/\/tourtravelandmore.com\/wp-content\/uploads\/2024\/02\/image1-6.jpg","type":"image\/jpeg"}],"twitter_card":"summary_large_image","twitter_site":"@TourTravel_More","twitter_misc":{"Tiempo de lectura":"2 minutos"},"schema":{"@context":"https:\/\/schema.org","@graph":[{"@type":"WebPage","@id":"https:\/\/tourtravelandmore.com\/es\/tours\/espana-es\/san-sebastian-donosti-es\/tour-privado-de-san-sebastian-getaria-cata-de-txakoli-en-bodega\/","url":"https:\/\/tourtravelandmore.com\/es\/tours\/espana-es\/san-sebastian-donosti-es\/tour-privado-de-san-sebastian-getaria-cata-de-txakoli-en-bodega\/","name":"Tour Privado de San Sebasti\u00e1n y Getaria con cata de Txakoli \u2705","isPartOf":{"@id":"https:\/\/tourtravelandmore.com\/es\/#website"},"primaryImageOfPage":{"@id":"https:\/\/tourtravelandmore.com\/es\/tours\/espana-es\/san-sebastian-donosti-es\/tour-privado-de-san-sebastian-getaria-cata-de-txakoli-en-bodega\/#primaryimage"},"image":{"@id":"https:\/\/tourtravelandmore.com\/es\/tours\/espana-es\/san-sebastian-donosti-es\/tour-privado-de-san-sebastian-getaria-cata-de-txakoli-en-bodega\/#primaryimage"},"thumbnailUrl":"https:\/\/tourtravelandmore.com\/wp-content\/uploads\/2024\/02\/image1-6.jpg","datePublished":"2024-02-27T10:34:34+00:00","dateModified":"2024-03-15T13:59:00+00:00","description":"\u27a1\ufe0f Tour Privado de San Sebasti\u00e1n y Getaria con cata de Txakoli \u00a1Descubre lo mejor de la cultura y la gastronom\u00eda vasca! \u2705","breadcrumb":{"@id":"https:\/\/tourtravelandmore.com\/es\/tours\/espana-es\/san-sebastian-donosti-es\/tour-privado-de-san-sebastian-getaria-cata-de-txakoli-en-bodega\/#breadcrumb"},"inLanguage":"es","potentialAction":[{"@type":"ReadAction","target":["https:\/\/tourtravelandmore.com\/es\/tours\/espana-es\/san-sebastian-donosti-es\/tour-privado-de-san-sebastian-getaria-cata-de-txakoli-en-bodega\/"]}]},{"@type":"ImageObject","inLanguage":"es","@id":"https:\/\/tourtravelandmore.com\/es\/tours\/espana-es\/san-sebastian-donosti-es\/tour-privado-de-san-sebastian-getaria-cata-de-txakoli-en-bodega\/#primaryimage","url":"https:\/\/tourtravelandmore.com\/wp-content\/uploads\/2024\/02\/image1-6.jpg","contentUrl":"https:\/\/tourtravelandmore.com\/wp-content\/uploads\/2024\/02\/image1-6.jpg","width":950,"height":750},{"@type":"BreadcrumbList","@id":"https:\/\/tourtravelandmore.com\/es\/tours\/espana-es\/san-sebastian-donosti-es\/tour-privado-de-san-sebastian-getaria-cata-de-txakoli-en-bodega\/#breadcrumb","itemListElement":[{"@type":"ListItem","position":1,"name":"Home","item":"https:\/\/tourtravelandmore.com\/es\/"},{"@type":"ListItem","position":2,"name":"Tours","item":"https:\/\/tourtravelandmore.com\/es\/tours\/"},{"@type":"ListItem","position":3,"name":"Tour Privado de San Sebasti\u00e1n y Getaria con cata de Txakoli"}]},{"@type":"WebSite","@id":"https:\/\/tourtravelandmore.com\/es\/#website","url":"https:\/\/tourtravelandmore.com\/es\/","name":"Tour Travel And More","description":"Private sightseeing tours and luxury transfers in Spain","publisher":{"@id":"https:\/\/tourtravelandmore.com\/es\/#organization"},"potentialAction":[{"@type":"SearchAction","target":{"@type":"EntryPoint","urlTemplate":"https:\/\/tourtravelandmore.com\/es\/?s={search_term_string}"},"query-input":{"@type":"PropertyValueSpecification","valueRequired":true,"valueName":"search_term_string"}}],"inLanguage":"es"},{"@type":"Organization","@id":"https:\/\/tourtravelandmore.com\/es\/#organization","name":"Tour Travel And More","url":"https:\/\/tourtravelandmore.com\/es\/","logo":{"@type":"ImageObject","inLanguage":"es","@id":"https:\/\/tourtravelandmore.com\/es\/#\/schema\/logo\/image\/","url":"https:\/\/tourtravelandmore.com\/wp-content\/uploads\/2022\/12\/cropped-logo-cabecera-new.png","contentUrl":"https:\/\/tourtravelandmore.com\/wp-content\/uploads\/2022\/12\/cropped-logo-cabecera-new.png","width":430,"height":61,"caption":"Tour Travel And More"},"image":{"@id":"https:\/\/tourtravelandmore.com\/es\/#\/schema\/logo\/image\/"},"sameAs":["https:\/\/www.facebook.com\/tourtravelandmore\/","https:\/\/x.com\/TourTravel_More"]}]}},"_links":{"self":[{"href":"https:\/\/tourtravelandmore.com\/es\/wp-json\/wp\/v2\/product\/172784","targetHints":{"allow":["GET"]}}],"collection":[{"href":"https:\/\/tourtravelandmore.com\/es\/wp-json\/wp\/v2\/product"}],"about":[{"href":"https:\/\/tourtravelandmore.com\/es\/wp-json\/wp\/v2\/types\/product"}],"replies":[{"embeddable":true,"href":"https:\/\/tourtravelandmore.com\/es\/wp-json\/wp\/v2\/comments?post=172784"}],"wp:featuredmedia":[{"embeddable":true,"href":"https:\/\/tourtravelandmore.com\/es\/wp-json\/wp\/v2\/media\/172799"}],"wp:attachment":[{"href":"https:\/\/tourtravelandmore.com\/es\/wp-json\/wp\/v2\/media?parent=172784"}],"wp:term":[{"taxonomy":"product_brand","embeddable":true,"href":"https:\/\/tourtravelandmore.com\/es\/wp-json\/wp\/v2\/product_brand?post=172784"},{"taxonomy":"product_cat","embeddable":true,"href":"https:\/\/tourtravelandmore.com\/es\/wp-json\/wp\/v2\/product_cat?post=172784"},{"taxonomy":"product_tag","embeddable":true,"href":"https:\/\/tourtravelandmore.com\/es\/wp-json\/wp\/v2\/product_tag?post=172784"}],"curies":[{"name":"wp","href":"https:\/\/api.w.org\/{rel}","templated":true}]}}