{"id":172746,"date":"2024-02-26T10:01:09","date_gmt":"2024-02-26T09:01:09","guid":{"rendered":"https:\/\/tourtravelandmore.com\/?post_type=product&#038;p=172746"},"modified":"2024-03-13T14:19:39","modified_gmt":"2024-03-13T13:19:39","slug":"tour-privado-de-san-sebastian-biarritz","status":"publish","type":"product","link":"https:\/\/tourtravelandmore.com\/es\/tours\/espana-es\/san-sebastian-donosti-es\/tour-privado-de-san-sebastian-biarritz\/","title":{"rendered":"Tour Privado de San Sebasti\u00e1n y Biarritz"},"content":{"rendered":"<h2>Tour Privado de San Sebasti\u00e1n y Biarritz Descripci\u00f3n:<\/h2>\n<p>Emb\u00e1rquese en un viaje cautivador por dos de los destinos costeros m\u00e1s encantadores del <strong>Pa\u00eds Vasco.<\/strong> Este es nuestro exclusivo <strong>Tour Privado de San Sebasti\u00e1n y Biarritz<\/strong>. Esta experiencia inmersiva ofrece una mezcla perfecta de exploraci\u00f3n cultural. Tambi\u00e9n impresionantes paisajes y delicias culinarias, proporcionando una aventura inolvidable para los viajeros m\u00e1s exigentes.<\/p>\n<p>Su tour comienza con una c\u00f3moda recogida en el lugar que desee de <strong>San Sebasti\u00e1n.<\/strong> Nuestro experto gu\u00eda y ch\u00f3fer estar\u00e1n a su servicio durante todo el d\u00eda. Esto garantiza una experiencia perfecta y personalizada adaptada a sus intereses.<\/p>\n<p>Este exclusivo tour privado de 6 horas le llevar\u00e1 desde <strong>San Sebasti\u00e1n<\/strong> hasta la encantadora ciudad costera de <strong>Biarritz.<\/strong> Y le ofrecer\u00e1 una experiencia \u00fanica llena de belleza natural, cultura y gastronom\u00eda en compa\u00f1\u00eda de un gu\u00eda experto de <strong>Tour Travel &amp; More.<\/strong><\/p>\n<h2>Puntos de inter\u00e9s:<\/h2>\n<p>Saldremos desde su hotel de <strong>San Sebasti\u00e1n<\/strong> o lugar de su elecci\u00f3n. Desde all\u00ed, disfrutar\u00e1 de impresionantes vistas de la escarpada costa del <strong>Golfo de Vizcaya.<\/strong> Nuestra primera parada es <strong>San Sebasti\u00e1n,<\/strong> una encantadora ciudad costera conocida por sus hermosas playas y su rica historia. Explore el <strong>casco hist\u00f3rico,<\/strong> pasee por el pintoresco paseo de <strong>La Concha<\/strong> y marav\u00edllese ante la ornamentada arquitectura de la <strong>Catedral del Buen Pastor.<\/strong><\/p>\n<p>A continuaci\u00f3n, cruzaremos la frontera con <strong>Francia<\/strong> y viajaremos a <strong>Biarritz.<\/strong> Es<strong> u<\/strong>n balneario de moda apreciado por su elegante arquitectura, su ambiente vibrante y sus playas v\u00edrgenes. Explore el opulento <strong>H\u00f4tel du Palais,<\/strong> que fue residencia de verano de <strong>Napole\u00f3n III<\/strong> y la <strong>emperatriz Eugenia,<\/strong> y pasee por el emblem\u00e1tico paseo de la <strong>Grande Plague.<\/strong> No se pierda la oportunidad de probar deliciosos pasteles franceses en una panader\u00eda local o de deleitarse con marisco fresco en un restaurante junto al mar.<\/p>\n<p>Explore la elegante ciudad costera de Biarritz, famosa por sus playas doradas, su arquitectura hist\u00f3rica y su ambiente sofisticado. Visite el <strong>Rocher<\/strong> de la <strong>Vierge,<\/strong> el <strong>Casino Municipal<\/strong> y el <strong>Palacio Bellevue<\/strong> mientras aprende sobre la rica historia de la ciudad.<\/p>\n<p>A lo largo del recorrido, nuestro gu\u00eda compartir\u00e1 con usted fascinantes conocimientos sobre la historia, la cultura y las tradiciones de <strong>San Sebasti\u00e1n<\/strong> y <strong>Biarritz,<\/strong> enriqueciendo su experiencia y creando recuerdos imborrables.<\/p>\n<p><a href=\"https:\/\/tourtravelandmore.com\/es\/ciudad\/espana-es\/san-sebastian-donosti-es\/\"><span style=\"font-weight: 400;\">Descubra la belleza y el encanto de San Sebasti\u00e1n y Biarritz con Tour Travel and More. <\/span><\/a><span style=\"font-weight: 400;\">Explore nuestra gama de tours privados y descubra las joyas ocultas del Pa\u00eds Vasco y m\u00e1s all\u00e1. Reserve hoy mismo una aventura inolvidable.<\/span><\/p>\n","protected":false},"excerpt":{"rendered":"<p><span style=\"font-weight: 400;\">Descubra la impresionante belleza y el rico patrimonio cultural de San Sebasti\u00e1n y Biarritz en nuestro Tour Privado. Explore encantadoras ciudades costeras, del\u00e9itese con las delicias culinarias y sum\u00e9rjase en la vibrante atm\u00f3sfera de estos destinos emblem\u00e1ticos. Con la gu\u00eda de expertos y un servicio personalizado, este tour promete una experiencia inolvidable para los viajeros que buscan explorar lo mejor del Pa\u00eds Vasco y Francia.<\/span><\/p>\n","protected":false},"featured_media":172771,"comment_status":"open","ping_status":"closed","template":"","meta":{"_acf_changed":false},"product_brand":[],"product_cat":[190,199,197,200],"product_tag":[],"class_list":{"0":"post-172746","1":"product","2":"type-product","3":"status-publish","4":"has-post-thumbnail","6":"product_cat-san-sebastian-donosti-es","7":"product_cat-san-sebastian-donosti-actividades-es","8":"product_cat-san-sebastian-donosti-rutas-turisticas-privadas-es","9":"product_cat-san-sebastian-donosti-excursiones-es","11":"first","12":"instock","13":"shipping-taxable","14":"purchasable","15":"product-type-simple"},"acf":[],"yoast_head":"<!-- This site is optimized with the Yoast SEO Premium plugin v25.3.1 (Yoast SEO v25.3.1) - https:\/\/yoast.com\/wordpress\/plugins\/seo\/ -->\n<title>\u27a1\ufe0f Tour Privado de San Sebasti\u00e1n y Biarritz | Tour Travel and More<\/title>\n<meta name=\"description\" content=\"Descubra el encanto de San Sebasti\u00e1n y Biarritz en un tour privado. Explore monumentos hist\u00f3ricos, playas impresionantes y delicias culinarias. \u00a1Reserve ahora! \u2705\" \/>\n<meta name=\"robots\" content=\"index, follow, max-snippet:-1, max-image-preview:large, max-video-preview:-1\" \/>\n<link rel=\"canonical\" href=\"https:\/\/tourtravelandmore.com\/es\/tours\/espana-es\/san-sebastian-donosti-es\/tour-privado-de-san-sebastian-biarritz\/\" \/>\n<meta property=\"og:locale\" content=\"es_ES\" \/>\n<meta property=\"og:type\" content=\"article\" \/>\n<meta property=\"og:title\" content=\"Tour Privado de San Sebasti\u00e1n y Biarritz\" \/>\n<meta property=\"og:description\" content=\"Descubra el encanto de San Sebasti\u00e1n y Biarritz en un tour privado. Explore monumentos hist\u00f3ricos, playas impresionantes y delicias culinarias. \u00a1Reserve ahora! \u2705\" \/>\n<meta property=\"og:url\" content=\"https:\/\/tourtravelandmore.com\/es\/tours\/espana-es\/san-sebastian-donosti-es\/tour-privado-de-san-sebastian-biarritz\/\" \/>\n<meta property=\"og:site_name\" content=\"Tour Travel And More\" \/>\n<meta property=\"article:publisher\" content=\"https:\/\/www.facebook.com\/tourtravelandmore\/\" \/>\n<meta property=\"article:modified_time\" content=\"2024-03-13T13:19:39+00:00\" \/>\n<meta property=\"og:image\" content=\"https:\/\/tourtravelandmore.com\/wp-content\/uploads\/2024\/02\/image4-5.jpg\" \/>\n\t<meta property=\"og:image:width\" content=\"950\" \/>\n\t<meta property=\"og:image:height\" content=\"750\" \/>\n\t<meta property=\"og:image:type\" content=\"image\/jpeg\" \/>\n<meta name=\"twitter:card\" content=\"summary_large_image\" \/>\n<meta name=\"twitter:site\" content=\"@TourTravel_More\" \/>\n<meta name=\"twitter:label1\" content=\"Tiempo de lectura\" \/>\n\t<meta name=\"twitter:data1\" content=\"2 minutos\" \/>\n<script type=\"application\/ld+json\" class=\"yoast-schema-graph\">{\"@context\":\"https:\/\/schema.org\",\"@graph\":[{\"@type\":\"WebPage\",\"@id\":\"https:\/\/tourtravelandmore.com\/es\/tours\/espana-es\/san-sebastian-donosti-es\/tour-privado-de-san-sebastian-biarritz\/\",\"url\":\"https:\/\/tourtravelandmore.com\/es\/tours\/espana-es\/san-sebastian-donosti-es\/tour-privado-de-san-sebastian-biarritz\/\",\"name\":\"\u27a1\ufe0f Tour Privado de San Sebasti\u00e1n y Biarritz | Tour Travel and More\",\"isPartOf\":{\"@id\":\"https:\/\/tourtravelandmore.com\/es\/#website\"},\"primaryImageOfPage\":{\"@id\":\"https:\/\/tourtravelandmore.com\/es\/tours\/espana-es\/san-sebastian-donosti-es\/tour-privado-de-san-sebastian-biarritz\/#primaryimage\"},\"image\":{\"@id\":\"https:\/\/tourtravelandmore.com\/es\/tours\/espana-es\/san-sebastian-donosti-es\/tour-privado-de-san-sebastian-biarritz\/#primaryimage\"},\"thumbnailUrl\":\"https:\/\/tourtravelandmore.com\/wp-content\/uploads\/2024\/02\/image4-5.jpg\",\"datePublished\":\"2024-02-26T09:01:09+00:00\",\"dateModified\":\"2024-03-13T13:19:39+00:00\",\"description\":\"Descubra el encanto de San Sebasti\u00e1n y Biarritz en un tour privado. Explore monumentos hist\u00f3ricos, playas impresionantes y delicias culinarias. \u00a1Reserve ahora! \u2705\",\"breadcrumb\":{\"@id\":\"https:\/\/tourtravelandmore.com\/es\/tours\/espana-es\/san-sebastian-donosti-es\/tour-privado-de-san-sebastian-biarritz\/#breadcrumb\"},\"inLanguage\":\"es\",\"potentialAction\":[{\"@type\":\"ReadAction\",\"target\":[\"https:\/\/tourtravelandmore.com\/es\/tours\/espana-es\/san-sebastian-donosti-es\/tour-privado-de-san-sebastian-biarritz\/\"]}]},{\"@type\":\"ImageObject\",\"inLanguage\":\"es\",\"@id\":\"https:\/\/tourtravelandmore.com\/es\/tours\/espana-es\/san-sebastian-donosti-es\/tour-privado-de-san-sebastian-biarritz\/#primaryimage\",\"url\":\"https:\/\/tourtravelandmore.com\/wp-content\/uploads\/2024\/02\/image4-5.jpg\",\"contentUrl\":\"https:\/\/tourtravelandmore.com\/wp-content\/uploads\/2024\/02\/image4-5.jpg\",\"width\":950,\"height\":750},{\"@type\":\"BreadcrumbList\",\"@id\":\"https:\/\/tourtravelandmore.com\/es\/tours\/espana-es\/san-sebastian-donosti-es\/tour-privado-de-san-sebastian-biarritz\/#breadcrumb\",\"itemListElement\":[{\"@type\":\"ListItem\",\"position\":1,\"name\":\"Home\",\"item\":\"https:\/\/tourtravelandmore.com\/es\/\"},{\"@type\":\"ListItem\",\"position\":2,\"name\":\"Tours\",\"item\":\"https:\/\/tourtravelandmore.com\/es\/tours\/\"},{\"@type\":\"ListItem\",\"position\":3,\"name\":\"Tour Privado de San Sebasti\u00e1n y Biarritz\"}]},{\"@type\":\"WebSite\",\"@id\":\"https:\/\/tourtravelandmore.com\/es\/#website\",\"url\":\"https:\/\/tourtravelandmore.com\/es\/\",\"name\":\"Tour Travel And More\",\"description\":\"Private sightseeing tours and luxury transfers in Spain\",\"publisher\":{\"@id\":\"https:\/\/tourtravelandmore.com\/es\/#organization\"},\"potentialAction\":[{\"@type\":\"SearchAction\",\"target\":{\"@type\":\"EntryPoint\",\"urlTemplate\":\"https:\/\/tourtravelandmore.com\/es\/?s={search_term_string}\"},\"query-input\":{\"@type\":\"PropertyValueSpecification\",\"valueRequired\":true,\"valueName\":\"search_term_string\"}}],\"inLanguage\":\"es\"},{\"@type\":\"Organization\",\"@id\":\"https:\/\/tourtravelandmore.com\/es\/#organization\",\"name\":\"Tour Travel And More\",\"url\":\"https:\/\/tourtravelandmore.com\/es\/\",\"logo\":{\"@type\":\"ImageObject\",\"inLanguage\":\"es\",\"@id\":\"https:\/\/tourtravelandmore.com\/es\/#\/schema\/logo\/image\/\",\"url\":\"https:\/\/tourtravelandmore.com\/wp-content\/uploads\/2022\/12\/cropped-logo-cabecera-new.png\",\"contentUrl\":\"https:\/\/tourtravelandmore.com\/wp-content\/uploads\/2022\/12\/cropped-logo-cabecera-new.png\",\"width\":430,\"height\":61,\"caption\":\"Tour Travel And More\"},\"image\":{\"@id\":\"https:\/\/tourtravelandmore.com\/es\/#\/schema\/logo\/image\/\"},\"sameAs\":[\"https:\/\/www.facebook.com\/tourtravelandmore\/\",\"https:\/\/x.com\/TourTravel_More\"]}]}<\/script>\n<!-- \/ Yoast SEO Premium plugin. -->","yoast_head_json":{"title":"\u27a1\ufe0f Tour Privado de San Sebasti\u00e1n y Biarritz | Tour Travel and More","description":"Descubra el encanto de San Sebasti\u00e1n y Biarritz en un tour privado. Explore monumentos hist\u00f3ricos, playas impresionantes y delicias culinarias. \u00a1Reserve ahora! \u2705","robots":{"index":"index","follow":"follow","max-snippet":"max-snippet:-1","max-image-preview":"max-image-preview:large","max-video-preview":"max-video-preview:-1"},"canonical":"https:\/\/tourtravelandmore.com\/es\/tours\/espana-es\/san-sebastian-donosti-es\/tour-privado-de-san-sebastian-biarritz\/","og_locale":"es_ES","og_type":"article","og_title":"Tour Privado de San Sebasti\u00e1n y Biarritz","og_description":"Descubra el encanto de San Sebasti\u00e1n y Biarritz en un tour privado. Explore monumentos hist\u00f3ricos, playas impresionantes y delicias culinarias. \u00a1Reserve ahora! \u2705","og_url":"https:\/\/tourtravelandmore.com\/es\/tours\/espana-es\/san-sebastian-donosti-es\/tour-privado-de-san-sebastian-biarritz\/","og_site_name":"Tour Travel And More","article_publisher":"https:\/\/www.facebook.com\/tourtravelandmore\/","article_modified_time":"2024-03-13T13:19:39+00:00","og_image":[{"width":950,"height":750,"url":"https:\/\/tourtravelandmore.com\/wp-content\/uploads\/2024\/02\/image4-5.jpg","type":"image\/jpeg"}],"twitter_card":"summary_large_image","twitter_site":"@TourTravel_More","twitter_misc":{"Tiempo de lectura":"2 minutos"},"schema":{"@context":"https:\/\/schema.org","@graph":[{"@type":"WebPage","@id":"https:\/\/tourtravelandmore.com\/es\/tours\/espana-es\/san-sebastian-donosti-es\/tour-privado-de-san-sebastian-biarritz\/","url":"https:\/\/tourtravelandmore.com\/es\/tours\/espana-es\/san-sebastian-donosti-es\/tour-privado-de-san-sebastian-biarritz\/","name":"\u27a1\ufe0f Tour Privado de San Sebasti\u00e1n y Biarritz | Tour Travel and More","isPartOf":{"@id":"https:\/\/tourtravelandmore.com\/es\/#website"},"primaryImageOfPage":{"@id":"https:\/\/tourtravelandmore.com\/es\/tours\/espana-es\/san-sebastian-donosti-es\/tour-privado-de-san-sebastian-biarritz\/#primaryimage"},"image":{"@id":"https:\/\/tourtravelandmore.com\/es\/tours\/espana-es\/san-sebastian-donosti-es\/tour-privado-de-san-sebastian-biarritz\/#primaryimage"},"thumbnailUrl":"https:\/\/tourtravelandmore.com\/wp-content\/uploads\/2024\/02\/image4-5.jpg","datePublished":"2024-02-26T09:01:09+00:00","dateModified":"2024-03-13T13:19:39+00:00","description":"Descubra el encanto de San Sebasti\u00e1n y Biarritz en un tour privado. Explore monumentos hist\u00f3ricos, playas impresionantes y delicias culinarias. \u00a1Reserve ahora! \u2705","breadcrumb":{"@id":"https:\/\/tourtravelandmore.com\/es\/tours\/espana-es\/san-sebastian-donosti-es\/tour-privado-de-san-sebastian-biarritz\/#breadcrumb"},"inLanguage":"es","potentialAction":[{"@type":"ReadAction","target":["https:\/\/tourtravelandmore.com\/es\/tours\/espana-es\/san-sebastian-donosti-es\/tour-privado-de-san-sebastian-biarritz\/"]}]},{"@type":"ImageObject","inLanguage":"es","@id":"https:\/\/tourtravelandmore.com\/es\/tours\/espana-es\/san-sebastian-donosti-es\/tour-privado-de-san-sebastian-biarritz\/#primaryimage","url":"https:\/\/tourtravelandmore.com\/wp-content\/uploads\/2024\/02\/image4-5.jpg","contentUrl":"https:\/\/tourtravelandmore.com\/wp-content\/uploads\/2024\/02\/image4-5.jpg","width":950,"height":750},{"@type":"BreadcrumbList","@id":"https:\/\/tourtravelandmore.com\/es\/tours\/espana-es\/san-sebastian-donosti-es\/tour-privado-de-san-sebastian-biarritz\/#breadcrumb","itemListElement":[{"@type":"ListItem","position":1,"name":"Home","item":"https:\/\/tourtravelandmore.com\/es\/"},{"@type":"ListItem","position":2,"name":"Tours","item":"https:\/\/tourtravelandmore.com\/es\/tours\/"},{"@type":"ListItem","position":3,"name":"Tour Privado de San Sebasti\u00e1n y Biarritz"}]},{"@type":"WebSite","@id":"https:\/\/tourtravelandmore.com\/es\/#website","url":"https:\/\/tourtravelandmore.com\/es\/","name":"Tour Travel And More","description":"Private sightseeing tours and luxury transfers in Spain","publisher":{"@id":"https:\/\/tourtravelandmore.com\/es\/#organization"},"potentialAction":[{"@type":"SearchAction","target":{"@type":"EntryPoint","urlTemplate":"https:\/\/tourtravelandmore.com\/es\/?s={search_term_string}"},"query-input":{"@type":"PropertyValueSpecification","valueRequired":true,"valueName":"search_term_string"}}],"inLanguage":"es"},{"@type":"Organization","@id":"https:\/\/tourtravelandmore.com\/es\/#organization","name":"Tour Travel And More","url":"https:\/\/tourtravelandmore.com\/es\/","logo":{"@type":"ImageObject","inLanguage":"es","@id":"https:\/\/tourtravelandmore.com\/es\/#\/schema\/logo\/image\/","url":"https:\/\/tourtravelandmore.com\/wp-content\/uploads\/2022\/12\/cropped-logo-cabecera-new.png","contentUrl":"https:\/\/tourtravelandmore.com\/wp-content\/uploads\/2022\/12\/cropped-logo-cabecera-new.png","width":430,"height":61,"caption":"Tour Travel And More"},"image":{"@id":"https:\/\/tourtravelandmore.com\/es\/#\/schema\/logo\/image\/"},"sameAs":["https:\/\/www.facebook.com\/tourtravelandmore\/","https:\/\/x.com\/TourTravel_More"]}]}},"_links":{"self":[{"href":"https:\/\/tourtravelandmore.com\/es\/wp-json\/wp\/v2\/product\/172746","targetHints":{"allow":["GET"]}}],"collection":[{"href":"https:\/\/tourtravelandmore.com\/es\/wp-json\/wp\/v2\/product"}],"about":[{"href":"https:\/\/tourtravelandmore.com\/es\/wp-json\/wp\/v2\/types\/product"}],"replies":[{"embeddable":true,"href":"https:\/\/tourtravelandmore.com\/es\/wp-json\/wp\/v2\/comments?post=172746"}],"wp:featuredmedia":[{"embeddable":true,"href":"https:\/\/tourtravelandmore.com\/es\/wp-json\/wp\/v2\/media\/172771"}],"wp:attachment":[{"href":"https:\/\/tourtravelandmore.com\/es\/wp-json\/wp\/v2\/media?parent=172746"}],"wp:term":[{"taxonomy":"product_brand","embeddable":true,"href":"https:\/\/tourtravelandmore.com\/es\/wp-json\/wp\/v2\/product_brand?post=172746"},{"taxonomy":"product_cat","embeddable":true,"href":"https:\/\/tourtravelandmore.com\/es\/wp-json\/wp\/v2\/product_cat?post=172746"},{"taxonomy":"product_tag","embeddable":true,"href":"https:\/\/tourtravelandmore.com\/es\/wp-json\/wp\/v2\/product_tag?post=172746"}],"curies":[{"name":"wp","href":"https:\/\/api.w.org\/{rel}","templated":true}]}}