{"id":172719,"date":"2024-02-26T09:44:38","date_gmt":"2024-02-26T08:44:38","guid":{"rendered":"https:\/\/tourtravelandmore.com\/?post_type=product&#038;p=172719"},"modified":"2024-03-12T20:53:59","modified_gmt":"2024-03-12T19:53:59","slug":"tour-privado-de-san-sebastian-zumaia-loyola","status":"publish","type":"product","link":"https:\/\/tourtravelandmore.com\/es\/tours\/espana-es\/san-sebastian-donosti-es\/tour-privado-de-san-sebastian-zumaia-loyola\/","title":{"rendered":"Tour Privado de San Sebasti\u00e1n, Zumaia y Loyola"},"content":{"rendered":"<h2><b>Tour Privado de San Sebasti\u00e1n, Zumaia y Loyola Descripci\u00f3n:<\/b><\/h2>\n<p><span style=\"font-weight: 400;\">Emb\u00e1rquese en un cautivador viaje por el Pa\u00eds Vasco con nuestro exclusivo <strong>Tour Privado de San Sebasti\u00e1n, Zumaia y Loyola.<\/strong> Esta experiencia inmersiva ofrece una mezcla perfecta de historia, cultura y belleza natural, proporcionando una exploraci\u00f3n completa de algunos de los destinos m\u00e1s emblem\u00e1ticos de la regi\u00f3n.<\/span><\/p>\n<p>Comience su d\u00eda con una experiencia \u00fanica de 6 horas que combina la belleza costera de Zumaia con la tranquilidad de Loyola, todo desde la encantadora ciudad de San Sebasti\u00e1n. Este tour privado exclusivo de <strong>Tour Travel &amp; More<\/strong> ofrece la oportunidad de sumergirse en paisajes impresionantes y descubrir la historia y la cultura de la regi\u00f3n.<\/p>\n<p>Este tour privado de 6 horas de duraci\u00f3n es ideal para aquellos que deseen explorar la costa vasca y sumergirse en su rica historia religiosa, todo ello acompa\u00f1ados de un servicio personalizado y exclusivo de Tour Travel &amp; More.<\/p>\n<h2><b>Puntos de inter\u00e9s:<\/b><\/h2>\n<p>Su gu\u00eda privado y veh\u00edculo de lujo lo recoger\u00e1n en su hotel o punto de encuentro conveniente en <strong>San Sebasti\u00e1n.\u00a0<\/strong>Nuestro gu\u00eda oficial privado les dar\u00e1 una visita guiada por San Sebasti\u00e1n donde podr\u00e1n conocer a fondo la cultura de una de las joyas del pa\u00eds vasco.<\/p>\n<p>Luego, disfrute de un trayecto esc\u00e9nico mientras se dirige a <strong>Zumaia,<\/strong> un encantador pueblo costero conocido por sus acantilados y playas de ensue\u00f1o. Explore los impresionantes <strong>acantilados<\/strong> de <strong>Zumaia,<\/strong> famosos por sus formaciones geol\u00f3gicas \u00fanicas que han sido escenario de pel\u00edculas y series populares. Disfrute de tiempo libre para pasear por las calles pintorescas, tomar fotograf\u00edas panor\u00e1micas y disfrutar de la atm\u00f3sfera relajante junto al mar.<\/p>\n<p>Contin\u00fae su viaje hacia <strong>Loyola,<\/strong> hogar del <strong>Santuario<\/strong> de <strong>Loyola,<\/strong> un importante lugar de peregrinaci\u00f3n religiosa y una muestra impresionante de arquitectura sacra. Descubra la historia de <strong>San Ignacio<\/strong> de <strong>Loyola<\/strong> mientras visita su lugar de nacimiento y el impresionante santuario que alberga su legado. Disfrute de un tiempo para conectarse con el entorno tranquilo.<\/p>\n<p>Despu\u00e9s de una experiencia enriquecedora y memorable, regrese a San Sebasti\u00e1n en su c\u00f3modo veh\u00edculo privado mientras su gu\u00eda comparte m\u00e1s informaci\u00f3n sobre la regi\u00f3n y responde a sus preguntas.<\/p>\n<p><strong><a href=\"https:\/\/tourtravelandmore.com\/es\/ciudad\/espana-es\/san-sebastian-donosti-es\/\">Descubra la belleza y la cultura del Pa\u00eds Vasco con Tour Travel and More<\/a>. Explore nuestra gama de tours privados y descubra las joyas ocultas de San Sebasti\u00e1n, Zumaia y Loyola. Reserve hoy mismo una aventura inolvidable.<\/strong><\/p>\n","protected":false},"excerpt":{"rendered":"<p><span style=\"font-weight: 400;\">Descubra los impresionantes paisajes, la rica historia y la vibrante cultura del Pa\u00eds Vasco en nuestro Tour Privado de San Sebasti\u00e1n, Zumaia y Loyola. Explore encantadoras ciudades costeras, marav\u00edllese ante las maravillas geol\u00f3gicas y sum\u00e9rjase en el patrimonio espiritual de la regi\u00f3n. Con la gu\u00eda de expertos y un servicio personalizado, este tour promete una experiencia inolvidable para los viajeros que buscan una conexi\u00f3n m\u00e1s profunda con la belleza del norte de Espa\u00f1a.<\/span><\/p>\n","protected":false},"featured_media":172742,"comment_status":"open","ping_status":"closed","template":"","meta":{"_acf_changed":false},"product_brand":[],"product_cat":[190,199,197,200],"product_tag":[],"class_list":{"0":"post-172719","1":"product","2":"type-product","3":"status-publish","4":"has-post-thumbnail","6":"product_cat-san-sebastian-donosti-es","7":"product_cat-san-sebastian-donosti-actividades-es","8":"product_cat-san-sebastian-donosti-rutas-turisticas-privadas-es","9":"product_cat-san-sebastian-donosti-excursiones-es","11":"first","12":"instock","13":"shipping-taxable","14":"purchasable","15":"product-type-simple"},"acf":[],"yoast_head":"<!-- This site is optimized with the Yoast SEO Premium plugin v25.3.1 (Yoast SEO v25.3.1) - https:\/\/yoast.com\/wordpress\/plugins\/seo\/ -->\n<title>\u27a1\ufe0f Tour Privado de San Sebasti\u00e1n, Zumaia y Loyola - TT&amp;M<\/title>\n<meta name=\"description\" content=\"Descubra San Sebasti\u00e1n, Zumaia y Loyola en un tour privado. Explore impresionantes paisajes, monumentos hist\u00f3ricos y tesoros culturales. \u00a1Reserve ahora! \u2705\" \/>\n<meta name=\"robots\" content=\"index, follow, max-snippet:-1, max-image-preview:large, max-video-preview:-1\" \/>\n<link rel=\"canonical\" href=\"https:\/\/tourtravelandmore.com\/es\/tours\/espana-es\/san-sebastian-donosti-es\/tour-privado-de-san-sebastian-zumaia-loyola\/\" \/>\n<meta property=\"og:locale\" content=\"es_ES\" \/>\n<meta property=\"og:type\" content=\"article\" \/>\n<meta property=\"og:title\" content=\"Tour Privado de San Sebasti\u00e1n, Zumaia y Loyola\" \/>\n<meta property=\"og:description\" content=\"Descubra San Sebasti\u00e1n, Zumaia y Loyola en un tour privado. Explore impresionantes paisajes, monumentos hist\u00f3ricos y tesoros culturales. \u00a1Reserve ahora! \u2705\" \/>\n<meta property=\"og:url\" content=\"https:\/\/tourtravelandmore.com\/es\/tours\/espana-es\/san-sebastian-donosti-es\/tour-privado-de-san-sebastian-zumaia-loyola\/\" \/>\n<meta property=\"og:site_name\" content=\"Tour Travel And More\" \/>\n<meta property=\"article:publisher\" content=\"https:\/\/www.facebook.com\/tourtravelandmore\/\" \/>\n<meta property=\"article:modified_time\" content=\"2024-03-12T19:53:59+00:00\" \/>\n<meta property=\"og:image\" content=\"https:\/\/tourtravelandmore.com\/wp-content\/uploads\/2024\/02\/image4-4.jpg\" \/>\n\t<meta property=\"og:image:width\" content=\"950\" \/>\n\t<meta property=\"og:image:height\" content=\"750\" \/>\n\t<meta property=\"og:image:type\" content=\"image\/jpeg\" \/>\n<meta name=\"twitter:card\" content=\"summary_large_image\" \/>\n<meta name=\"twitter:site\" content=\"@TourTravel_More\" \/>\n<meta name=\"twitter:label1\" content=\"Tiempo de lectura\" \/>\n\t<meta name=\"twitter:data1\" content=\"2 minutos\" \/>\n<script type=\"application\/ld+json\" class=\"yoast-schema-graph\">{\"@context\":\"https:\/\/schema.org\",\"@graph\":[{\"@type\":\"WebPage\",\"@id\":\"https:\/\/tourtravelandmore.com\/es\/tours\/espana-es\/san-sebastian-donosti-es\/tour-privado-de-san-sebastian-zumaia-loyola\/\",\"url\":\"https:\/\/tourtravelandmore.com\/es\/tours\/espana-es\/san-sebastian-donosti-es\/tour-privado-de-san-sebastian-zumaia-loyola\/\",\"name\":\"\u27a1\ufe0f Tour Privado de San Sebasti\u00e1n, Zumaia y Loyola - TT&M\",\"isPartOf\":{\"@id\":\"https:\/\/tourtravelandmore.com\/es\/#website\"},\"primaryImageOfPage\":{\"@id\":\"https:\/\/tourtravelandmore.com\/es\/tours\/espana-es\/san-sebastian-donosti-es\/tour-privado-de-san-sebastian-zumaia-loyola\/#primaryimage\"},\"image\":{\"@id\":\"https:\/\/tourtravelandmore.com\/es\/tours\/espana-es\/san-sebastian-donosti-es\/tour-privado-de-san-sebastian-zumaia-loyola\/#primaryimage\"},\"thumbnailUrl\":\"https:\/\/tourtravelandmore.com\/wp-content\/uploads\/2024\/02\/image4-4.jpg\",\"datePublished\":\"2024-02-26T08:44:38+00:00\",\"dateModified\":\"2024-03-12T19:53:59+00:00\",\"description\":\"Descubra San Sebasti\u00e1n, Zumaia y Loyola en un tour privado. Explore impresionantes paisajes, monumentos hist\u00f3ricos y tesoros culturales. \u00a1Reserve ahora! \u2705\",\"breadcrumb\":{\"@id\":\"https:\/\/tourtravelandmore.com\/es\/tours\/espana-es\/san-sebastian-donosti-es\/tour-privado-de-san-sebastian-zumaia-loyola\/#breadcrumb\"},\"inLanguage\":\"es\",\"potentialAction\":[{\"@type\":\"ReadAction\",\"target\":[\"https:\/\/tourtravelandmore.com\/es\/tours\/espana-es\/san-sebastian-donosti-es\/tour-privado-de-san-sebastian-zumaia-loyola\/\"]}]},{\"@type\":\"ImageObject\",\"inLanguage\":\"es\",\"@id\":\"https:\/\/tourtravelandmore.com\/es\/tours\/espana-es\/san-sebastian-donosti-es\/tour-privado-de-san-sebastian-zumaia-loyola\/#primaryimage\",\"url\":\"https:\/\/tourtravelandmore.com\/wp-content\/uploads\/2024\/02\/image4-4.jpg\",\"contentUrl\":\"https:\/\/tourtravelandmore.com\/wp-content\/uploads\/2024\/02\/image4-4.jpg\",\"width\":950,\"height\":750},{\"@type\":\"BreadcrumbList\",\"@id\":\"https:\/\/tourtravelandmore.com\/es\/tours\/espana-es\/san-sebastian-donosti-es\/tour-privado-de-san-sebastian-zumaia-loyola\/#breadcrumb\",\"itemListElement\":[{\"@type\":\"ListItem\",\"position\":1,\"name\":\"Home\",\"item\":\"https:\/\/tourtravelandmore.com\/es\/\"},{\"@type\":\"ListItem\",\"position\":2,\"name\":\"Tours\",\"item\":\"https:\/\/tourtravelandmore.com\/es\/tours\/\"},{\"@type\":\"ListItem\",\"position\":3,\"name\":\"Tour Privado de San Sebasti\u00e1n, Zumaia y Loyola\"}]},{\"@type\":\"WebSite\",\"@id\":\"https:\/\/tourtravelandmore.com\/es\/#website\",\"url\":\"https:\/\/tourtravelandmore.com\/es\/\",\"name\":\"Tour Travel And More\",\"description\":\"Private sightseeing tours and luxury transfers in Spain\",\"publisher\":{\"@id\":\"https:\/\/tourtravelandmore.com\/es\/#organization\"},\"potentialAction\":[{\"@type\":\"SearchAction\",\"target\":{\"@type\":\"EntryPoint\",\"urlTemplate\":\"https:\/\/tourtravelandmore.com\/es\/?s={search_term_string}\"},\"query-input\":{\"@type\":\"PropertyValueSpecification\",\"valueRequired\":true,\"valueName\":\"search_term_string\"}}],\"inLanguage\":\"es\"},{\"@type\":\"Organization\",\"@id\":\"https:\/\/tourtravelandmore.com\/es\/#organization\",\"name\":\"Tour Travel And More\",\"url\":\"https:\/\/tourtravelandmore.com\/es\/\",\"logo\":{\"@type\":\"ImageObject\",\"inLanguage\":\"es\",\"@id\":\"https:\/\/tourtravelandmore.com\/es\/#\/schema\/logo\/image\/\",\"url\":\"https:\/\/tourtravelandmore.com\/wp-content\/uploads\/2022\/12\/cropped-logo-cabecera-new.png\",\"contentUrl\":\"https:\/\/tourtravelandmore.com\/wp-content\/uploads\/2022\/12\/cropped-logo-cabecera-new.png\",\"width\":430,\"height\":61,\"caption\":\"Tour Travel And More\"},\"image\":{\"@id\":\"https:\/\/tourtravelandmore.com\/es\/#\/schema\/logo\/image\/\"},\"sameAs\":[\"https:\/\/www.facebook.com\/tourtravelandmore\/\",\"https:\/\/x.com\/TourTravel_More\"]}]}<\/script>\n<!-- \/ Yoast SEO Premium plugin. -->","yoast_head_json":{"title":"\u27a1\ufe0f Tour Privado de San Sebasti\u00e1n, Zumaia y Loyola - TT&M","description":"Descubra San Sebasti\u00e1n, Zumaia y Loyola en un tour privado. Explore impresionantes paisajes, monumentos hist\u00f3ricos y tesoros culturales. \u00a1Reserve ahora! \u2705","robots":{"index":"index","follow":"follow","max-snippet":"max-snippet:-1","max-image-preview":"max-image-preview:large","max-video-preview":"max-video-preview:-1"},"canonical":"https:\/\/tourtravelandmore.com\/es\/tours\/espana-es\/san-sebastian-donosti-es\/tour-privado-de-san-sebastian-zumaia-loyola\/","og_locale":"es_ES","og_type":"article","og_title":"Tour Privado de San Sebasti\u00e1n, Zumaia y Loyola","og_description":"Descubra San Sebasti\u00e1n, Zumaia y Loyola en un tour privado. Explore impresionantes paisajes, monumentos hist\u00f3ricos y tesoros culturales. \u00a1Reserve ahora! \u2705","og_url":"https:\/\/tourtravelandmore.com\/es\/tours\/espana-es\/san-sebastian-donosti-es\/tour-privado-de-san-sebastian-zumaia-loyola\/","og_site_name":"Tour Travel And More","article_publisher":"https:\/\/www.facebook.com\/tourtravelandmore\/","article_modified_time":"2024-03-12T19:53:59+00:00","og_image":[{"width":950,"height":750,"url":"https:\/\/tourtravelandmore.com\/wp-content\/uploads\/2024\/02\/image4-4.jpg","type":"image\/jpeg"}],"twitter_card":"summary_large_image","twitter_site":"@TourTravel_More","twitter_misc":{"Tiempo de lectura":"2 minutos"},"schema":{"@context":"https:\/\/schema.org","@graph":[{"@type":"WebPage","@id":"https:\/\/tourtravelandmore.com\/es\/tours\/espana-es\/san-sebastian-donosti-es\/tour-privado-de-san-sebastian-zumaia-loyola\/","url":"https:\/\/tourtravelandmore.com\/es\/tours\/espana-es\/san-sebastian-donosti-es\/tour-privado-de-san-sebastian-zumaia-loyola\/","name":"\u27a1\ufe0f Tour Privado de San Sebasti\u00e1n, Zumaia y Loyola - TT&M","isPartOf":{"@id":"https:\/\/tourtravelandmore.com\/es\/#website"},"primaryImageOfPage":{"@id":"https:\/\/tourtravelandmore.com\/es\/tours\/espana-es\/san-sebastian-donosti-es\/tour-privado-de-san-sebastian-zumaia-loyola\/#primaryimage"},"image":{"@id":"https:\/\/tourtravelandmore.com\/es\/tours\/espana-es\/san-sebastian-donosti-es\/tour-privado-de-san-sebastian-zumaia-loyola\/#primaryimage"},"thumbnailUrl":"https:\/\/tourtravelandmore.com\/wp-content\/uploads\/2024\/02\/image4-4.jpg","datePublished":"2024-02-26T08:44:38+00:00","dateModified":"2024-03-12T19:53:59+00:00","description":"Descubra San Sebasti\u00e1n, Zumaia y Loyola en un tour privado. Explore impresionantes paisajes, monumentos hist\u00f3ricos y tesoros culturales. \u00a1Reserve ahora! \u2705","breadcrumb":{"@id":"https:\/\/tourtravelandmore.com\/es\/tours\/espana-es\/san-sebastian-donosti-es\/tour-privado-de-san-sebastian-zumaia-loyola\/#breadcrumb"},"inLanguage":"es","potentialAction":[{"@type":"ReadAction","target":["https:\/\/tourtravelandmore.com\/es\/tours\/espana-es\/san-sebastian-donosti-es\/tour-privado-de-san-sebastian-zumaia-loyola\/"]}]},{"@type":"ImageObject","inLanguage":"es","@id":"https:\/\/tourtravelandmore.com\/es\/tours\/espana-es\/san-sebastian-donosti-es\/tour-privado-de-san-sebastian-zumaia-loyola\/#primaryimage","url":"https:\/\/tourtravelandmore.com\/wp-content\/uploads\/2024\/02\/image4-4.jpg","contentUrl":"https:\/\/tourtravelandmore.com\/wp-content\/uploads\/2024\/02\/image4-4.jpg","width":950,"height":750},{"@type":"BreadcrumbList","@id":"https:\/\/tourtravelandmore.com\/es\/tours\/espana-es\/san-sebastian-donosti-es\/tour-privado-de-san-sebastian-zumaia-loyola\/#breadcrumb","itemListElement":[{"@type":"ListItem","position":1,"name":"Home","item":"https:\/\/tourtravelandmore.com\/es\/"},{"@type":"ListItem","position":2,"name":"Tours","item":"https:\/\/tourtravelandmore.com\/es\/tours\/"},{"@type":"ListItem","position":3,"name":"Tour Privado de San Sebasti\u00e1n, Zumaia y Loyola"}]},{"@type":"WebSite","@id":"https:\/\/tourtravelandmore.com\/es\/#website","url":"https:\/\/tourtravelandmore.com\/es\/","name":"Tour Travel And More","description":"Private sightseeing tours and luxury transfers in Spain","publisher":{"@id":"https:\/\/tourtravelandmore.com\/es\/#organization"},"potentialAction":[{"@type":"SearchAction","target":{"@type":"EntryPoint","urlTemplate":"https:\/\/tourtravelandmore.com\/es\/?s={search_term_string}"},"query-input":{"@type":"PropertyValueSpecification","valueRequired":true,"valueName":"search_term_string"}}],"inLanguage":"es"},{"@type":"Organization","@id":"https:\/\/tourtravelandmore.com\/es\/#organization","name":"Tour Travel And More","url":"https:\/\/tourtravelandmore.com\/es\/","logo":{"@type":"ImageObject","inLanguage":"es","@id":"https:\/\/tourtravelandmore.com\/es\/#\/schema\/logo\/image\/","url":"https:\/\/tourtravelandmore.com\/wp-content\/uploads\/2022\/12\/cropped-logo-cabecera-new.png","contentUrl":"https:\/\/tourtravelandmore.com\/wp-content\/uploads\/2022\/12\/cropped-logo-cabecera-new.png","width":430,"height":61,"caption":"Tour Travel And More"},"image":{"@id":"https:\/\/tourtravelandmore.com\/es\/#\/schema\/logo\/image\/"},"sameAs":["https:\/\/www.facebook.com\/tourtravelandmore\/","https:\/\/x.com\/TourTravel_More"]}]}},"_links":{"self":[{"href":"https:\/\/tourtravelandmore.com\/es\/wp-json\/wp\/v2\/product\/172719","targetHints":{"allow":["GET"]}}],"collection":[{"href":"https:\/\/tourtravelandmore.com\/es\/wp-json\/wp\/v2\/product"}],"about":[{"href":"https:\/\/tourtravelandmore.com\/es\/wp-json\/wp\/v2\/types\/product"}],"replies":[{"embeddable":true,"href":"https:\/\/tourtravelandmore.com\/es\/wp-json\/wp\/v2\/comments?post=172719"}],"wp:featuredmedia":[{"embeddable":true,"href":"https:\/\/tourtravelandmore.com\/es\/wp-json\/wp\/v2\/media\/172742"}],"wp:attachment":[{"href":"https:\/\/tourtravelandmore.com\/es\/wp-json\/wp\/v2\/media?parent=172719"}],"wp:term":[{"taxonomy":"product_brand","embeddable":true,"href":"https:\/\/tourtravelandmore.com\/es\/wp-json\/wp\/v2\/product_brand?post=172719"},{"taxonomy":"product_cat","embeddable":true,"href":"https:\/\/tourtravelandmore.com\/es\/wp-json\/wp\/v2\/product_cat?post=172719"},{"taxonomy":"product_tag","embeddable":true,"href":"https:\/\/tourtravelandmore.com\/es\/wp-json\/wp\/v2\/product_tag?post=172719"}],"curies":[{"name":"wp","href":"https:\/\/api.w.org\/{rel}","templated":true}]}}