{"id":172692,"date":"2024-02-26T09:27:52","date_gmt":"2024-02-26T08:27:52","guid":{"rendered":"https:\/\/tourtravelandmore.com\/?post_type=product&#038;p=172692"},"modified":"2024-03-12T19:56:48","modified_gmt":"2024-03-12T18:56:48","slug":"excursion-privada-a-hondarribia-san-juan-y-san-pedro","status":"publish","type":"product","link":"https:\/\/tourtravelandmore.com\/es\/tours\/espana-es\/san-sebastian-donosti-es\/excursion-privada-a-hondarribia-san-juan-y-san-pedro\/","title":{"rendered":"Tour privado a Hondarribia, San Juan y San Pedro"},"content":{"rendered":"<h2><b>Tour Privado a Hondarribia, San Juan y San Pedro Descripci\u00f3n:<\/b><\/h2>\n<p><span style=\"font-weight: 400;\">Emb\u00e1rquese en un viaje inolvidable por el Pa\u00eds Vasco con nuestro <strong>Tour privado a Hondarribia, San Juan y San Pedro<\/strong>. Enclavadas a lo largo de la escarpada costa del norte de Espa\u00f1a, estas encantadoras ciudades ofrecen un rico tapiz de historia, cultura y belleza natural a la espera de ser explorado.<\/span><\/p>\n<p><span style=\"font-weight: 400;\">Su aventura comienza con una c\u00f3moda recogida en el punto de <strong>San Sebasti\u00e1n<\/strong> que desee. Nuestro gu\u00eda experto y nuestro ch\u00f3fer estar\u00e1n a su disposici\u00f3n durante todo el recorrido, garantiz\u00e1ndole una experiencia personalizada y sin interrupciones, adaptada a sus preferencias.<\/span><\/p>\n<p>Este tour privado de 4 horas te llevar\u00e1 desde <strong>San Sebasti\u00e1n<\/strong> a tres joyas del <strong>Pa\u00eds Vasco:<\/strong> <strong>Hondarribia, San Juan y San Pedro<\/strong>. Disfruta de la comodidad de un gu\u00eda experto y un veh\u00edculo privado con chofer mientras exploras estos encantadores lugares.<\/p>\n<p>Este tour te brinda la oportunidad de descubrir la riqueza cultural, hist\u00f3rica y natural de la regi\u00f3n en un ambiente exclusivo y personalizado. \u00a1Ven y vive una experiencia inolvidable con Tour Travel &amp; More!<\/p>\n<h2><b>Puntos de inter\u00e9s:<\/b><\/h2>\n<p>Comenzaremos nuestro recorrido por <b>Hondarribia.<\/b> Esta encantadora ciudad costera impone con sus calles empedradas, casas de colores y su gran castillo. Descubre la historia de esta antigua fortaleza y admira las vistas panor\u00e1micas del mar y la ciudad desde lo alto.<\/p>\n<p>Continuaremos nuestro viaje hacia <strong>San Juan de Luz,<\/strong> una pintoresca ciudad <strong>francesa<\/strong> famosa por sus playas de arena dorada y su encantador puerto pesquero. Disfruta de un paseo relajante por sus calles llenas de historia y cultura vasco-francesa.<\/p>\n<p>Nuestra \u00faltima parada ser\u00e1 en el pintoresco pueblo de <strong>San Pedro,<\/strong> conocido por sus pintorescas <strong>casas blancas<\/strong> y estrechas calles. Explora la vida cotidiana de los lugare\u00f1os y disfruta de la autenticidad de este lugar con encanto.<\/p>\n<p><span style=\"font-weight: 400;\">Experimente la belleza y el encanto de <strong>Hondarribia, San Juan<\/strong> y <strong>San Pedro<\/strong> con <strong>Tour Travel and More. <\/strong><\/span><a href=\"https:\/\/tourtravelandmore.com\/es\/ciudad\/espana-es\/san-sebastian-donosti-es\/\"><span style=\"font-weight: 400;\">Explore nuestra gama de excursiones privadas y descubra los tesoros ocultos del Pa\u00eds Vasco.<\/span><\/a><span style=\"font-weight: 400;\"> Reserve hoy mismo su aventura inolvidable.<\/span><\/p>\n","protected":false},"excerpt":{"rendered":"<p><span style=\"font-weight: 400;\">Explore los tesoros escondidos del Pa\u00eds Vasco en nuestra Excursi\u00f3n Privada a Hondarribia, San Juan y San Pedro. Descubra castillos medievales, pintorescos pueblos pesqueros e impresionantes paisajes costeros mientras se sumerge en la rica historia y cultura de esta encantadora regi\u00f3n.<\/span><\/p>\n","protected":false},"featured_media":172717,"comment_status":"open","ping_status":"closed","template":"","meta":{"_acf_changed":false},"product_brand":[],"product_cat":[190,199,200],"product_tag":[],"class_list":{"0":"post-172692","1":"product","2":"type-product","3":"status-publish","4":"has-post-thumbnail","6":"product_cat-san-sebastian-donosti-es","7":"product_cat-san-sebastian-donosti-actividades-es","8":"product_cat-san-sebastian-donosti-excursiones-es","10":"first","11":"instock","12":"shipping-taxable","13":"purchasable","14":"product-type-simple"},"acf":[],"yoast_head":"<!-- This site is optimized with the Yoast SEO Premium plugin v25.3.1 (Yoast SEO v25.3.1) - https:\/\/yoast.com\/wordpress\/plugins\/seo\/ -->\n<title>\u27a1\ufe0f Tour privado a Hondarribia, San Juan y San Pedro - TT&amp;M<\/title>\n<meta name=\"description\" content=\"Tour privado a Hondarribia, San Juan y San Pedro. Descubra castillos medievales, pueblos con encanto y vistas inimaginables. \u00a1Reserve ahora! \u2705\" \/>\n<meta name=\"robots\" content=\"index, follow, max-snippet:-1, max-image-preview:large, max-video-preview:-1\" \/>\n<link rel=\"canonical\" href=\"https:\/\/tourtravelandmore.com\/es\/tours\/espana-es\/san-sebastian-donosti-es\/excursion-privada-a-hondarribia-san-juan-y-san-pedro\/\" \/>\n<meta property=\"og:locale\" content=\"es_ES\" \/>\n<meta property=\"og:type\" content=\"article\" \/>\n<meta property=\"og:title\" content=\"Tour privado a Hondarribia, San Juan y San Pedro\" \/>\n<meta property=\"og:description\" content=\"Tour privado a Hondarribia, San Juan y San Pedro. Descubra castillos medievales, pueblos con encanto y vistas inimaginables. \u00a1Reserve ahora! \u2705\" \/>\n<meta property=\"og:url\" content=\"https:\/\/tourtravelandmore.com\/es\/tours\/espana-es\/san-sebastian-donosti-es\/excursion-privada-a-hondarribia-san-juan-y-san-pedro\/\" \/>\n<meta property=\"og:site_name\" content=\"Tour Travel And More\" \/>\n<meta property=\"article:publisher\" content=\"https:\/\/www.facebook.com\/tourtravelandmore\/\" \/>\n<meta property=\"article:modified_time\" content=\"2024-03-12T18:56:48+00:00\" \/>\n<meta property=\"og:image\" content=\"https:\/\/tourtravelandmore.com\/wp-content\/uploads\/2024\/02\/image4-3.jpg\" \/>\n\t<meta property=\"og:image:width\" content=\"950\" \/>\n\t<meta property=\"og:image:height\" content=\"750\" \/>\n\t<meta property=\"og:image:type\" content=\"image\/jpeg\" \/>\n<meta name=\"twitter:card\" content=\"summary_large_image\" \/>\n<meta name=\"twitter:site\" content=\"@TourTravel_More\" \/>\n<meta name=\"twitter:label1\" content=\"Tiempo de lectura\" \/>\n\t<meta name=\"twitter:data1\" content=\"2 minutos\" \/>\n<script type=\"application\/ld+json\" class=\"yoast-schema-graph\">{\"@context\":\"https:\/\/schema.org\",\"@graph\":[{\"@type\":\"WebPage\",\"@id\":\"https:\/\/tourtravelandmore.com\/es\/tours\/espana-es\/san-sebastian-donosti-es\/excursion-privada-a-hondarribia-san-juan-y-san-pedro\/\",\"url\":\"https:\/\/tourtravelandmore.com\/es\/tours\/espana-es\/san-sebastian-donosti-es\/excursion-privada-a-hondarribia-san-juan-y-san-pedro\/\",\"name\":\"\u27a1\ufe0f Tour privado a Hondarribia, San Juan y San Pedro - TT&M\",\"isPartOf\":{\"@id\":\"https:\/\/tourtravelandmore.com\/es\/#website\"},\"primaryImageOfPage\":{\"@id\":\"https:\/\/tourtravelandmore.com\/es\/tours\/espana-es\/san-sebastian-donosti-es\/excursion-privada-a-hondarribia-san-juan-y-san-pedro\/#primaryimage\"},\"image\":{\"@id\":\"https:\/\/tourtravelandmore.com\/es\/tours\/espana-es\/san-sebastian-donosti-es\/excursion-privada-a-hondarribia-san-juan-y-san-pedro\/#primaryimage\"},\"thumbnailUrl\":\"https:\/\/tourtravelandmore.com\/wp-content\/uploads\/2024\/02\/image4-3.jpg\",\"datePublished\":\"2024-02-26T08:27:52+00:00\",\"dateModified\":\"2024-03-12T18:56:48+00:00\",\"description\":\"Tour privado a Hondarribia, San Juan y San Pedro. Descubra castillos medievales, pueblos con encanto y vistas inimaginables. \u00a1Reserve ahora! \u2705\",\"breadcrumb\":{\"@id\":\"https:\/\/tourtravelandmore.com\/es\/tours\/espana-es\/san-sebastian-donosti-es\/excursion-privada-a-hondarribia-san-juan-y-san-pedro\/#breadcrumb\"},\"inLanguage\":\"es\",\"potentialAction\":[{\"@type\":\"ReadAction\",\"target\":[\"https:\/\/tourtravelandmore.com\/es\/tours\/espana-es\/san-sebastian-donosti-es\/excursion-privada-a-hondarribia-san-juan-y-san-pedro\/\"]}]},{\"@type\":\"ImageObject\",\"inLanguage\":\"es\",\"@id\":\"https:\/\/tourtravelandmore.com\/es\/tours\/espana-es\/san-sebastian-donosti-es\/excursion-privada-a-hondarribia-san-juan-y-san-pedro\/#primaryimage\",\"url\":\"https:\/\/tourtravelandmore.com\/wp-content\/uploads\/2024\/02\/image4-3.jpg\",\"contentUrl\":\"https:\/\/tourtravelandmore.com\/wp-content\/uploads\/2024\/02\/image4-3.jpg\",\"width\":950,\"height\":750},{\"@type\":\"BreadcrumbList\",\"@id\":\"https:\/\/tourtravelandmore.com\/es\/tours\/espana-es\/san-sebastian-donosti-es\/excursion-privada-a-hondarribia-san-juan-y-san-pedro\/#breadcrumb\",\"itemListElement\":[{\"@type\":\"ListItem\",\"position\":1,\"name\":\"Home\",\"item\":\"https:\/\/tourtravelandmore.com\/es\/\"},{\"@type\":\"ListItem\",\"position\":2,\"name\":\"Tours\",\"item\":\"https:\/\/tourtravelandmore.com\/es\/tours\/\"},{\"@type\":\"ListItem\",\"position\":3,\"name\":\"Tour privado a Hondarribia, San Juan y San Pedro\"}]},{\"@type\":\"WebSite\",\"@id\":\"https:\/\/tourtravelandmore.com\/es\/#website\",\"url\":\"https:\/\/tourtravelandmore.com\/es\/\",\"name\":\"Tour Travel And More\",\"description\":\"Private sightseeing tours and luxury transfers in Spain\",\"publisher\":{\"@id\":\"https:\/\/tourtravelandmore.com\/es\/#organization\"},\"potentialAction\":[{\"@type\":\"SearchAction\",\"target\":{\"@type\":\"EntryPoint\",\"urlTemplate\":\"https:\/\/tourtravelandmore.com\/es\/?s={search_term_string}\"},\"query-input\":{\"@type\":\"PropertyValueSpecification\",\"valueRequired\":true,\"valueName\":\"search_term_string\"}}],\"inLanguage\":\"es\"},{\"@type\":\"Organization\",\"@id\":\"https:\/\/tourtravelandmore.com\/es\/#organization\",\"name\":\"Tour Travel And More\",\"url\":\"https:\/\/tourtravelandmore.com\/es\/\",\"logo\":{\"@type\":\"ImageObject\",\"inLanguage\":\"es\",\"@id\":\"https:\/\/tourtravelandmore.com\/es\/#\/schema\/logo\/image\/\",\"url\":\"https:\/\/tourtravelandmore.com\/wp-content\/uploads\/2022\/12\/cropped-logo-cabecera-new.png\",\"contentUrl\":\"https:\/\/tourtravelandmore.com\/wp-content\/uploads\/2022\/12\/cropped-logo-cabecera-new.png\",\"width\":430,\"height\":61,\"caption\":\"Tour Travel And More\"},\"image\":{\"@id\":\"https:\/\/tourtravelandmore.com\/es\/#\/schema\/logo\/image\/\"},\"sameAs\":[\"https:\/\/www.facebook.com\/tourtravelandmore\/\",\"https:\/\/x.com\/TourTravel_More\"]}]}<\/script>\n<!-- \/ Yoast SEO Premium plugin. -->","yoast_head_json":{"title":"\u27a1\ufe0f Tour privado a Hondarribia, San Juan y San Pedro - TT&M","description":"Tour privado a Hondarribia, San Juan y San Pedro. Descubra castillos medievales, pueblos con encanto y vistas inimaginables. \u00a1Reserve ahora! \u2705","robots":{"index":"index","follow":"follow","max-snippet":"max-snippet:-1","max-image-preview":"max-image-preview:large","max-video-preview":"max-video-preview:-1"},"canonical":"https:\/\/tourtravelandmore.com\/es\/tours\/espana-es\/san-sebastian-donosti-es\/excursion-privada-a-hondarribia-san-juan-y-san-pedro\/","og_locale":"es_ES","og_type":"article","og_title":"Tour privado a Hondarribia, San Juan y San Pedro","og_description":"Tour privado a Hondarribia, San Juan y San Pedro. Descubra castillos medievales, pueblos con encanto y vistas inimaginables. \u00a1Reserve ahora! \u2705","og_url":"https:\/\/tourtravelandmore.com\/es\/tours\/espana-es\/san-sebastian-donosti-es\/excursion-privada-a-hondarribia-san-juan-y-san-pedro\/","og_site_name":"Tour Travel And More","article_publisher":"https:\/\/www.facebook.com\/tourtravelandmore\/","article_modified_time":"2024-03-12T18:56:48+00:00","og_image":[{"width":950,"height":750,"url":"https:\/\/tourtravelandmore.com\/wp-content\/uploads\/2024\/02\/image4-3.jpg","type":"image\/jpeg"}],"twitter_card":"summary_large_image","twitter_site":"@TourTravel_More","twitter_misc":{"Tiempo de lectura":"2 minutos"},"schema":{"@context":"https:\/\/schema.org","@graph":[{"@type":"WebPage","@id":"https:\/\/tourtravelandmore.com\/es\/tours\/espana-es\/san-sebastian-donosti-es\/excursion-privada-a-hondarribia-san-juan-y-san-pedro\/","url":"https:\/\/tourtravelandmore.com\/es\/tours\/espana-es\/san-sebastian-donosti-es\/excursion-privada-a-hondarribia-san-juan-y-san-pedro\/","name":"\u27a1\ufe0f Tour privado a Hondarribia, San Juan y San Pedro - TT&M","isPartOf":{"@id":"https:\/\/tourtravelandmore.com\/es\/#website"},"primaryImageOfPage":{"@id":"https:\/\/tourtravelandmore.com\/es\/tours\/espana-es\/san-sebastian-donosti-es\/excursion-privada-a-hondarribia-san-juan-y-san-pedro\/#primaryimage"},"image":{"@id":"https:\/\/tourtravelandmore.com\/es\/tours\/espana-es\/san-sebastian-donosti-es\/excursion-privada-a-hondarribia-san-juan-y-san-pedro\/#primaryimage"},"thumbnailUrl":"https:\/\/tourtravelandmore.com\/wp-content\/uploads\/2024\/02\/image4-3.jpg","datePublished":"2024-02-26T08:27:52+00:00","dateModified":"2024-03-12T18:56:48+00:00","description":"Tour privado a Hondarribia, San Juan y San Pedro. Descubra castillos medievales, pueblos con encanto y vistas inimaginables. \u00a1Reserve ahora! \u2705","breadcrumb":{"@id":"https:\/\/tourtravelandmore.com\/es\/tours\/espana-es\/san-sebastian-donosti-es\/excursion-privada-a-hondarribia-san-juan-y-san-pedro\/#breadcrumb"},"inLanguage":"es","potentialAction":[{"@type":"ReadAction","target":["https:\/\/tourtravelandmore.com\/es\/tours\/espana-es\/san-sebastian-donosti-es\/excursion-privada-a-hondarribia-san-juan-y-san-pedro\/"]}]},{"@type":"ImageObject","inLanguage":"es","@id":"https:\/\/tourtravelandmore.com\/es\/tours\/espana-es\/san-sebastian-donosti-es\/excursion-privada-a-hondarribia-san-juan-y-san-pedro\/#primaryimage","url":"https:\/\/tourtravelandmore.com\/wp-content\/uploads\/2024\/02\/image4-3.jpg","contentUrl":"https:\/\/tourtravelandmore.com\/wp-content\/uploads\/2024\/02\/image4-3.jpg","width":950,"height":750},{"@type":"BreadcrumbList","@id":"https:\/\/tourtravelandmore.com\/es\/tours\/espana-es\/san-sebastian-donosti-es\/excursion-privada-a-hondarribia-san-juan-y-san-pedro\/#breadcrumb","itemListElement":[{"@type":"ListItem","position":1,"name":"Home","item":"https:\/\/tourtravelandmore.com\/es\/"},{"@type":"ListItem","position":2,"name":"Tours","item":"https:\/\/tourtravelandmore.com\/es\/tours\/"},{"@type":"ListItem","position":3,"name":"Tour privado a Hondarribia, San Juan y San Pedro"}]},{"@type":"WebSite","@id":"https:\/\/tourtravelandmore.com\/es\/#website","url":"https:\/\/tourtravelandmore.com\/es\/","name":"Tour Travel And More","description":"Private sightseeing tours and luxury transfers in Spain","publisher":{"@id":"https:\/\/tourtravelandmore.com\/es\/#organization"},"potentialAction":[{"@type":"SearchAction","target":{"@type":"EntryPoint","urlTemplate":"https:\/\/tourtravelandmore.com\/es\/?s={search_term_string}"},"query-input":{"@type":"PropertyValueSpecification","valueRequired":true,"valueName":"search_term_string"}}],"inLanguage":"es"},{"@type":"Organization","@id":"https:\/\/tourtravelandmore.com\/es\/#organization","name":"Tour Travel And More","url":"https:\/\/tourtravelandmore.com\/es\/","logo":{"@type":"ImageObject","inLanguage":"es","@id":"https:\/\/tourtravelandmore.com\/es\/#\/schema\/logo\/image\/","url":"https:\/\/tourtravelandmore.com\/wp-content\/uploads\/2022\/12\/cropped-logo-cabecera-new.png","contentUrl":"https:\/\/tourtravelandmore.com\/wp-content\/uploads\/2022\/12\/cropped-logo-cabecera-new.png","width":430,"height":61,"caption":"Tour Travel And More"},"image":{"@id":"https:\/\/tourtravelandmore.com\/es\/#\/schema\/logo\/image\/"},"sameAs":["https:\/\/www.facebook.com\/tourtravelandmore\/","https:\/\/x.com\/TourTravel_More"]}]}},"_links":{"self":[{"href":"https:\/\/tourtravelandmore.com\/es\/wp-json\/wp\/v2\/product\/172692","targetHints":{"allow":["GET"]}}],"collection":[{"href":"https:\/\/tourtravelandmore.com\/es\/wp-json\/wp\/v2\/product"}],"about":[{"href":"https:\/\/tourtravelandmore.com\/es\/wp-json\/wp\/v2\/types\/product"}],"replies":[{"embeddable":true,"href":"https:\/\/tourtravelandmore.com\/es\/wp-json\/wp\/v2\/comments?post=172692"}],"wp:featuredmedia":[{"embeddable":true,"href":"https:\/\/tourtravelandmore.com\/es\/wp-json\/wp\/v2\/media\/172717"}],"wp:attachment":[{"href":"https:\/\/tourtravelandmore.com\/es\/wp-json\/wp\/v2\/media?parent=172692"}],"wp:term":[{"taxonomy":"product_brand","embeddable":true,"href":"https:\/\/tourtravelandmore.com\/es\/wp-json\/wp\/v2\/product_brand?post=172692"},{"taxonomy":"product_cat","embeddable":true,"href":"https:\/\/tourtravelandmore.com\/es\/wp-json\/wp\/v2\/product_cat?post=172692"},{"taxonomy":"product_tag","embeddable":true,"href":"https:\/\/tourtravelandmore.com\/es\/wp-json\/wp\/v2\/product_tag?post=172692"}],"curies":[{"name":"wp","href":"https:\/\/api.w.org\/{rel}","templated":true}]}}