{"id":172572,"date":"2024-02-19T14:15:27","date_gmt":"2024-02-19T13:15:27","guid":{"rendered":"https:\/\/tourtravelandmore.com\/?post_type=product&#038;p=172572"},"modified":"2024-02-19T14:23:27","modified_gmt":"2024-02-19T13:23:27","slug":"tour-privado-a-lago-di-garda-y-sirmione","status":"publish","type":"product","link":"https:\/\/tourtravelandmore.com\/es\/tours\/italia-es\/verona-es\/tour-privado-a-lago-di-garda-y-sirmione\/","title":{"rendered":"Tour Privado a Lago Di Garda y Sirmione"},"content":{"rendered":"<h2><b>Descripci\u00f3n del Tour Privado a Lago Di Garda y Sirmione<\/b><\/h2>\n<p><span style=\"font-weight: 400;\">El encanto atemporal de Italia cobra vida en nuestro Tour Privado a Lago Di Garda y Sirmione. En Tour Travel and More, nuestra prioridad es proporcionar experiencias memorables, y esta excursi\u00f3n de cinco horas con gu\u00eda local y veh\u00edculo cumple con creces esta promesa.<\/span><\/p>\n<p><span style=\"font-weight: 400;\">Este tour revela el coraz\u00f3n de dos destinos italianos emblem\u00e1ticos. Primero, el Lago Di Garda, el lago m\u00e1s grande y tal vez m\u00e1s impresionante de Italia, y luego Sirmione, una peque\u00f1a ciudad con siglos de historia y cultura que ha sido apodada la &#8220;Perla del Lago&#8221;.<\/span><\/p>\n<p><span style=\"font-weight: 400;\">La belleza inigualable del Lago Di Garda se despliega en sus cristalinas aguas y su ribera salpicada de pintorescos pueblos. Sus aguas frescas y serenas reflejan los colores vibrantes de las monta\u00f1as circundantes y las brillantes flores que bordean sus orillas. El lago ofrece un ambiente tranquilo para disfrutar de la naturaleza y la belleza esc\u00e9nica de Italia.<\/span><\/p>\n<p><span style=\"font-weight: 400;\">Por otro lado, Sirmione se destaca por su notable patrimonio arquitect\u00f3nico y cultural. Su impresionante castillo medieval, las termas romanas y la atm\u00f3sfera encantadora capturan la esencia de Italia. Este tour privado le permitir\u00e1 sumergirse en estos dos destinos italianos excepcionales, descubriendo su riqueza natural e hist\u00f3rica.<\/span><\/p>\n<h2><b>Puntos de Inter\u00e9s en el Tour Privado a Lago Di Garda y Sirmione<\/b><\/h2>\n<ul>\n<li style=\"font-weight: 400;\" aria-level=\"1\"><b>Lago Di Garda: <\/b><span style=\"font-weight: 400;\">Nuestro recorrido inicia en el incomparable Lago Di Garda. Este para\u00edso para los amantes de la naturaleza, es un espect\u00e1culo majestuoso. Rodeado de monta\u00f1as y adornado con encantadores pueblos en sus orillas, cada rinc\u00f3n de este lago relata su propia historia. Este es un lugar perfecto para disfrutar de una variedad de actividades al aire libre. Ya sea que decida pasear por los senderos de la monta\u00f1a, hacer un picnic en sus costas o simplemente admirar la belleza del lago, su visita al Lago Di Garda ser\u00e1 una experiencia inolvidable.<\/span><\/li>\n<li style=\"font-weight: 400;\" aria-level=\"1\"><b>Sirmione: <\/b><span style=\"font-weight: 400;\">Nuestra pr\u00f3xima parada es la encantadora ciudad de Sirmione. Situada en una pen\u00ednsula que se adentra en el lago, Sirmione ofrece una combinaci\u00f3n \u00fanica de historia natural y cultural. Es conocida por su castillo medieval, Rocca Scaligera, que ofrece una vista panor\u00e1mica espectacular del lago y la ciudad. Pasear por sus calles estrechas y serpenteantes le har\u00e1 viajar atr\u00e1s en el tiempo, a una era de caballeros y fortalezas.<\/span><\/li>\n<li style=\"font-weight: 400;\" aria-level=\"1\"><b>Termas de Sirmione:<\/b><span style=\"font-weight: 400;\"> Sirmione es conocida por sus manantiales termales, que han sido un lugar de curaci\u00f3n y rejuvenecimiento durante siglos. Las Termas de Sirmione son un verdadero oasis de relajaci\u00f3n. Aqu\u00ed podr\u00e1 sumergirse en las c\u00e1lidas aguas terap\u00e9uticas, ricas en minerales, y disfrutar de una variedad de tratamientos de bienestar, convirtiendo su visita a Sirmione en una experiencia de lujo y relajaci\u00f3n.<\/span><\/li>\n<li style=\"font-weight: 400;\" aria-level=\"1\"><b>Grotte di Catullo:<\/b><span style=\"font-weight: 400;\"> Nuestra \u00faltima parada es en las Grotte di Catullo, un antiguo complejo de ruinas romanas ubicado en la punta de la pen\u00ednsula de Sirmione. Las &#8220;grotte&#8221;, que en realidad son las ruinas de una antigua villa romana, se asoman al lago y ofrecen una impresionante vista panor\u00e1mica. Aqu\u00ed podr\u00e1 explorar las fascinantes ruinas, pasear por el museo y conocer la rica historia de este lugar.<\/span><\/li>\n<\/ul>\n<p><span style=\"font-weight: 400;\">No espere m\u00e1s, descubra Lago Di Garda y Sirmione a su manera<\/span><span style=\"font-weight: 400;\">. En Tour Travel and More, nos enorgullece ofrecer un servicio excepcional y personalizado, ajust\u00e1ndonos a sus preferencias e intereses. Cada tour es una aventura dise\u00f1ada especialmente para usted, brind\u00e1ndole una visi\u00f3n \u00edntima y \u00fanica de estos fascinantes destinos italianos. Invitamos a nuestros estimados viajeros a explorar la amplia gama de tours privados que ofrecemos en Verona y sus alrededores en nuestra p\u00e1gina web. Reserve su experiencia inolvidable hoy.<\/span><\/p>\n","protected":false},"excerpt":{"rendered":"<p><span style=\"font-weight: 400;\">Emb\u00e1rcate en una aventura m\u00e1gica a trav\u00e9s del majestuoso Lago Di Garda y la hist\u00f3rica ciudad de Sirmione. Descubra la rica historia y la belleza natural que hacen de estos destinos italianos un lugar que hay que ver.<\/span><\/p>\n","protected":false},"featured_media":172588,"comment_status":"open","ping_status":"closed","template":"","meta":{"_acf_changed":false},"product_brand":[],"product_cat":[702,708,720],"product_tag":[],"class_list":{"0":"post-172572","1":"product","2":"type-product","3":"status-publish","4":"has-post-thumbnail","6":"product_cat-verona-es","7":"product_cat-verona-actividades-es","8":"product_cat-verona-rutas-turisticas-privadas-es","10":"first","11":"instock","12":"shipping-taxable","13":"purchasable","14":"product-type-simple"},"acf":[],"yoast_head":"<!-- This site is optimized with the Yoast SEO Premium plugin v25.3.1 (Yoast SEO v25.3.1) - https:\/\/yoast.com\/wordpress\/plugins\/seo\/ -->\n<title>\u27a1\ufe0f Tour privado al encantador Lago Di Garda y Sirmione | Tour Travel &amp; More<\/title>\n<meta name=\"description\" content=\"Explora la belleza natural y la riqueza hist\u00f3rica de Lago Di Garda y Sirmione en un tour privado. Experimenta lo mejor de Italia con nosotros. \u2705\" \/>\n<meta name=\"robots\" content=\"index, follow, max-snippet:-1, max-image-preview:large, max-video-preview:-1\" \/>\n<link rel=\"canonical\" href=\"https:\/\/tourtravelandmore.com\/es\/tours\/italia-es\/verona-es\/tour-privado-a-lago-di-garda-y-sirmione\/\" \/>\n<meta property=\"og:locale\" content=\"es_ES\" \/>\n<meta property=\"og:type\" content=\"article\" \/>\n<meta property=\"og:title\" content=\"Tour Privado a Lago Di Garda y Sirmione\" \/>\n<meta property=\"og:description\" content=\"Explora la belleza natural y la riqueza hist\u00f3rica de Lago Di Garda y Sirmione en un tour privado. Experimenta lo mejor de Italia con nosotros. \u2705\" \/>\n<meta property=\"og:url\" content=\"https:\/\/tourtravelandmore.com\/es\/tours\/italia-es\/verona-es\/tour-privado-a-lago-di-garda-y-sirmione\/\" \/>\n<meta property=\"og:site_name\" content=\"Tour Travel And More\" \/>\n<meta property=\"article:publisher\" content=\"https:\/\/www.facebook.com\/tourtravelandmore\/\" \/>\n<meta property=\"article:modified_time\" content=\"2024-02-19T13:23:27+00:00\" \/>\n<meta property=\"og:image\" content=\"https:\/\/tourtravelandmore.com\/wp-content\/uploads\/2024\/02\/1.jpg\" \/>\n\t<meta property=\"og:image:width\" content=\"950\" \/>\n\t<meta property=\"og:image:height\" content=\"750\" \/>\n\t<meta property=\"og:image:type\" content=\"image\/jpeg\" \/>\n<meta name=\"twitter:card\" content=\"summary_large_image\" \/>\n<meta name=\"twitter:site\" content=\"@TourTravel_More\" \/>\n<meta name=\"twitter:label1\" content=\"Tiempo de lectura\" \/>\n\t<meta name=\"twitter:data1\" content=\"3 minutos\" \/>\n<script type=\"application\/ld+json\" class=\"yoast-schema-graph\">{\"@context\":\"https:\/\/schema.org\",\"@graph\":[{\"@type\":\"WebPage\",\"@id\":\"https:\/\/tourtravelandmore.com\/es\/tours\/italia-es\/verona-es\/tour-privado-a-lago-di-garda-y-sirmione\/\",\"url\":\"https:\/\/tourtravelandmore.com\/es\/tours\/italia-es\/verona-es\/tour-privado-a-lago-di-garda-y-sirmione\/\",\"name\":\"\u27a1\ufe0f Tour privado al encantador Lago Di Garda y Sirmione | Tour Travel & More\",\"isPartOf\":{\"@id\":\"https:\/\/tourtravelandmore.com\/es\/#website\"},\"primaryImageOfPage\":{\"@id\":\"https:\/\/tourtravelandmore.com\/es\/tours\/italia-es\/verona-es\/tour-privado-a-lago-di-garda-y-sirmione\/#primaryimage\"},\"image\":{\"@id\":\"https:\/\/tourtravelandmore.com\/es\/tours\/italia-es\/verona-es\/tour-privado-a-lago-di-garda-y-sirmione\/#primaryimage\"},\"thumbnailUrl\":\"https:\/\/tourtravelandmore.com\/wp-content\/uploads\/2024\/02\/1.jpg\",\"datePublished\":\"2024-02-19T13:15:27+00:00\",\"dateModified\":\"2024-02-19T13:23:27+00:00\",\"description\":\"Explora la belleza natural y la riqueza hist\u00f3rica de Lago Di Garda y Sirmione en un tour privado. Experimenta lo mejor de Italia con nosotros. \u2705\",\"breadcrumb\":{\"@id\":\"https:\/\/tourtravelandmore.com\/es\/tours\/italia-es\/verona-es\/tour-privado-a-lago-di-garda-y-sirmione\/#breadcrumb\"},\"inLanguage\":\"es\",\"potentialAction\":[{\"@type\":\"ReadAction\",\"target\":[\"https:\/\/tourtravelandmore.com\/es\/tours\/italia-es\/verona-es\/tour-privado-a-lago-di-garda-y-sirmione\/\"]}]},{\"@type\":\"ImageObject\",\"inLanguage\":\"es\",\"@id\":\"https:\/\/tourtravelandmore.com\/es\/tours\/italia-es\/verona-es\/tour-privado-a-lago-di-garda-y-sirmione\/#primaryimage\",\"url\":\"https:\/\/tourtravelandmore.com\/wp-content\/uploads\/2024\/02\/1.jpg\",\"contentUrl\":\"https:\/\/tourtravelandmore.com\/wp-content\/uploads\/2024\/02\/1.jpg\",\"width\":950,\"height\":750},{\"@type\":\"BreadcrumbList\",\"@id\":\"https:\/\/tourtravelandmore.com\/es\/tours\/italia-es\/verona-es\/tour-privado-a-lago-di-garda-y-sirmione\/#breadcrumb\",\"itemListElement\":[{\"@type\":\"ListItem\",\"position\":1,\"name\":\"Home\",\"item\":\"https:\/\/tourtravelandmore.com\/es\/\"},{\"@type\":\"ListItem\",\"position\":2,\"name\":\"Tours\",\"item\":\"https:\/\/tourtravelandmore.com\/es\/tours\/\"},{\"@type\":\"ListItem\",\"position\":3,\"name\":\"Tour Privado a Lago Di Garda y Sirmione\"}]},{\"@type\":\"WebSite\",\"@id\":\"https:\/\/tourtravelandmore.com\/es\/#website\",\"url\":\"https:\/\/tourtravelandmore.com\/es\/\",\"name\":\"Tour Travel And More\",\"description\":\"Private sightseeing tours and luxury transfers in Spain\",\"publisher\":{\"@id\":\"https:\/\/tourtravelandmore.com\/es\/#organization\"},\"potentialAction\":[{\"@type\":\"SearchAction\",\"target\":{\"@type\":\"EntryPoint\",\"urlTemplate\":\"https:\/\/tourtravelandmore.com\/es\/?s={search_term_string}\"},\"query-input\":{\"@type\":\"PropertyValueSpecification\",\"valueRequired\":true,\"valueName\":\"search_term_string\"}}],\"inLanguage\":\"es\"},{\"@type\":\"Organization\",\"@id\":\"https:\/\/tourtravelandmore.com\/es\/#organization\",\"name\":\"Tour Travel And More\",\"url\":\"https:\/\/tourtravelandmore.com\/es\/\",\"logo\":{\"@type\":\"ImageObject\",\"inLanguage\":\"es\",\"@id\":\"https:\/\/tourtravelandmore.com\/es\/#\/schema\/logo\/image\/\",\"url\":\"https:\/\/tourtravelandmore.com\/wp-content\/uploads\/2022\/12\/cropped-logo-cabecera-new.png\",\"contentUrl\":\"https:\/\/tourtravelandmore.com\/wp-content\/uploads\/2022\/12\/cropped-logo-cabecera-new.png\",\"width\":430,\"height\":61,\"caption\":\"Tour Travel And More\"},\"image\":{\"@id\":\"https:\/\/tourtravelandmore.com\/es\/#\/schema\/logo\/image\/\"},\"sameAs\":[\"https:\/\/www.facebook.com\/tourtravelandmore\/\",\"https:\/\/x.com\/TourTravel_More\"]}]}<\/script>\n<!-- \/ Yoast SEO Premium plugin. -->","yoast_head_json":{"title":"\u27a1\ufe0f Tour privado al encantador Lago Di Garda y Sirmione | Tour Travel & More","description":"Explora la belleza natural y la riqueza hist\u00f3rica de Lago Di Garda y Sirmione en un tour privado. Experimenta lo mejor de Italia con nosotros. \u2705","robots":{"index":"index","follow":"follow","max-snippet":"max-snippet:-1","max-image-preview":"max-image-preview:large","max-video-preview":"max-video-preview:-1"},"canonical":"https:\/\/tourtravelandmore.com\/es\/tours\/italia-es\/verona-es\/tour-privado-a-lago-di-garda-y-sirmione\/","og_locale":"es_ES","og_type":"article","og_title":"Tour Privado a Lago Di Garda y Sirmione","og_description":"Explora la belleza natural y la riqueza hist\u00f3rica de Lago Di Garda y Sirmione en un tour privado. Experimenta lo mejor de Italia con nosotros. \u2705","og_url":"https:\/\/tourtravelandmore.com\/es\/tours\/italia-es\/verona-es\/tour-privado-a-lago-di-garda-y-sirmione\/","og_site_name":"Tour Travel And More","article_publisher":"https:\/\/www.facebook.com\/tourtravelandmore\/","article_modified_time":"2024-02-19T13:23:27+00:00","og_image":[{"width":950,"height":750,"url":"https:\/\/tourtravelandmore.com\/wp-content\/uploads\/2024\/02\/1.jpg","type":"image\/jpeg"}],"twitter_card":"summary_large_image","twitter_site":"@TourTravel_More","twitter_misc":{"Tiempo de lectura":"3 minutos"},"schema":{"@context":"https:\/\/schema.org","@graph":[{"@type":"WebPage","@id":"https:\/\/tourtravelandmore.com\/es\/tours\/italia-es\/verona-es\/tour-privado-a-lago-di-garda-y-sirmione\/","url":"https:\/\/tourtravelandmore.com\/es\/tours\/italia-es\/verona-es\/tour-privado-a-lago-di-garda-y-sirmione\/","name":"\u27a1\ufe0f Tour privado al encantador Lago Di Garda y Sirmione | Tour Travel & More","isPartOf":{"@id":"https:\/\/tourtravelandmore.com\/es\/#website"},"primaryImageOfPage":{"@id":"https:\/\/tourtravelandmore.com\/es\/tours\/italia-es\/verona-es\/tour-privado-a-lago-di-garda-y-sirmione\/#primaryimage"},"image":{"@id":"https:\/\/tourtravelandmore.com\/es\/tours\/italia-es\/verona-es\/tour-privado-a-lago-di-garda-y-sirmione\/#primaryimage"},"thumbnailUrl":"https:\/\/tourtravelandmore.com\/wp-content\/uploads\/2024\/02\/1.jpg","datePublished":"2024-02-19T13:15:27+00:00","dateModified":"2024-02-19T13:23:27+00:00","description":"Explora la belleza natural y la riqueza hist\u00f3rica de Lago Di Garda y Sirmione en un tour privado. Experimenta lo mejor de Italia con nosotros. \u2705","breadcrumb":{"@id":"https:\/\/tourtravelandmore.com\/es\/tours\/italia-es\/verona-es\/tour-privado-a-lago-di-garda-y-sirmione\/#breadcrumb"},"inLanguage":"es","potentialAction":[{"@type":"ReadAction","target":["https:\/\/tourtravelandmore.com\/es\/tours\/italia-es\/verona-es\/tour-privado-a-lago-di-garda-y-sirmione\/"]}]},{"@type":"ImageObject","inLanguage":"es","@id":"https:\/\/tourtravelandmore.com\/es\/tours\/italia-es\/verona-es\/tour-privado-a-lago-di-garda-y-sirmione\/#primaryimage","url":"https:\/\/tourtravelandmore.com\/wp-content\/uploads\/2024\/02\/1.jpg","contentUrl":"https:\/\/tourtravelandmore.com\/wp-content\/uploads\/2024\/02\/1.jpg","width":950,"height":750},{"@type":"BreadcrumbList","@id":"https:\/\/tourtravelandmore.com\/es\/tours\/italia-es\/verona-es\/tour-privado-a-lago-di-garda-y-sirmione\/#breadcrumb","itemListElement":[{"@type":"ListItem","position":1,"name":"Home","item":"https:\/\/tourtravelandmore.com\/es\/"},{"@type":"ListItem","position":2,"name":"Tours","item":"https:\/\/tourtravelandmore.com\/es\/tours\/"},{"@type":"ListItem","position":3,"name":"Tour Privado a Lago Di Garda y Sirmione"}]},{"@type":"WebSite","@id":"https:\/\/tourtravelandmore.com\/es\/#website","url":"https:\/\/tourtravelandmore.com\/es\/","name":"Tour Travel And More","description":"Private sightseeing tours and luxury transfers in Spain","publisher":{"@id":"https:\/\/tourtravelandmore.com\/es\/#organization"},"potentialAction":[{"@type":"SearchAction","target":{"@type":"EntryPoint","urlTemplate":"https:\/\/tourtravelandmore.com\/es\/?s={search_term_string}"},"query-input":{"@type":"PropertyValueSpecification","valueRequired":true,"valueName":"search_term_string"}}],"inLanguage":"es"},{"@type":"Organization","@id":"https:\/\/tourtravelandmore.com\/es\/#organization","name":"Tour Travel And More","url":"https:\/\/tourtravelandmore.com\/es\/","logo":{"@type":"ImageObject","inLanguage":"es","@id":"https:\/\/tourtravelandmore.com\/es\/#\/schema\/logo\/image\/","url":"https:\/\/tourtravelandmore.com\/wp-content\/uploads\/2022\/12\/cropped-logo-cabecera-new.png","contentUrl":"https:\/\/tourtravelandmore.com\/wp-content\/uploads\/2022\/12\/cropped-logo-cabecera-new.png","width":430,"height":61,"caption":"Tour Travel And More"},"image":{"@id":"https:\/\/tourtravelandmore.com\/es\/#\/schema\/logo\/image\/"},"sameAs":["https:\/\/www.facebook.com\/tourtravelandmore\/","https:\/\/x.com\/TourTravel_More"]}]}},"_links":{"self":[{"href":"https:\/\/tourtravelandmore.com\/es\/wp-json\/wp\/v2\/product\/172572","targetHints":{"allow":["GET"]}}],"collection":[{"href":"https:\/\/tourtravelandmore.com\/es\/wp-json\/wp\/v2\/product"}],"about":[{"href":"https:\/\/tourtravelandmore.com\/es\/wp-json\/wp\/v2\/types\/product"}],"replies":[{"embeddable":true,"href":"https:\/\/tourtravelandmore.com\/es\/wp-json\/wp\/v2\/comments?post=172572"}],"wp:featuredmedia":[{"embeddable":true,"href":"https:\/\/tourtravelandmore.com\/es\/wp-json\/wp\/v2\/media\/172588"}],"wp:attachment":[{"href":"https:\/\/tourtravelandmore.com\/es\/wp-json\/wp\/v2\/media?parent=172572"}],"wp:term":[{"taxonomy":"product_brand","embeddable":true,"href":"https:\/\/tourtravelandmore.com\/es\/wp-json\/wp\/v2\/product_brand?post=172572"},{"taxonomy":"product_cat","embeddable":true,"href":"https:\/\/tourtravelandmore.com\/es\/wp-json\/wp\/v2\/product_cat?post=172572"},{"taxonomy":"product_tag","embeddable":true,"href":"https:\/\/tourtravelandmore.com\/es\/wp-json\/wp\/v2\/product_tag?post=172572"}],"curies":[{"name":"wp","href":"https:\/\/api.w.org\/{rel}","templated":true}]}}