{"id":172445,"date":"2024-02-08T14:00:22","date_gmt":"2024-02-08T13:00:22","guid":{"rendered":"https:\/\/tourtravelandmore.com\/?post_type=product&#038;p=172445"},"modified":"2024-04-17T15:06:19","modified_gmt":"2024-04-17T13:06:19","slug":"italia-y-suiza-en-un-dia-lago-como-bellagio-y-lugano-desde-milan-copy","status":"publish","type":"product","link":"https:\/\/tourtravelandmore.com\/es\/tours\/italia-es\/lago-como\/italia-y-suiza-en-un-dia-lago-como-bellagio-y-lugano-desde-milan-copy\/","title":{"rendered":"Tour privado a pie por Como"},"content":{"rendered":"<h2>Descripci\u00f3n Tour privado a pie por Como<\/h2>\n<p>Como, Italia, es una encantadora ciudad situada a orillas del lago de Como. Aunque dos horas pueden no ser suficientes para explorarlo todo, puede aprovechar al m\u00e1ximo su visita con las siguientes sugerencias:<\/p>\n<p>Su experimentado gu\u00eda de habla inglesa le acompa\u00f1ar\u00e1 durante todo el recorrido, proporcionando comentarios perspicaces y garantizando una experiencia personalizada adaptada a sus intereses.<\/p>\n<p>Esta excursi\u00f3n de 2 horas est\u00e1 hecha a su medida. De hecho, puede elegir entre las diferentes alternativas de excursi\u00f3n disponibles la que mejor se adapte a su tiempo y necesidades.<\/p>\n<p>Emb\u00e1rquese en un cautivador viaje a la serena belleza del Lago Como con nuestra exclusiva Excursi\u00f3n Privada. Esta excursi\u00f3n personalizada ofrece a los viajeros m\u00e1s exigentes la oportunidad de escapar del ajetreo urbano y sumergirse en los id\u00edlicos paisajes y el rico patrimonio cultural del norte de Italia.<\/p>\n<p>Dirigida por un gu\u00eda experto, esta experiencia a medida promete una aventura inolvidable repleta de vistas panor\u00e1micas, monumentos hist\u00f3ricos y el encanto por excelencia de las ciudades lacustres del lago de Como. Descubra el encanto de Como a su propio ritmo, con itinerarios hechos a medida para satisfacer sus preferencias e intereses, garantizando una exploraci\u00f3n verdaderamente memorable y envolvente de dos de los destinos m\u00e1s encantadores de Italia.<\/p>\n<h2>Puntos de inter\u00e9s<\/h2>\n<p>Como, Italia, es una encantadora ciudad situada a orillas del lago Como. Aunque dos horas pueden no ser suficientes para explorarlo todo, puede aprovechar al m\u00e1ximo su visita con las siguientes sugerencias:<\/p>\n<p><strong>Catedral<\/strong> <strong>de Como (Cattedrale di Como):<\/strong> Visite la hermosa Catedral de Como, situada en el coraz\u00f3n de la ciudad. Es un impresionante ejemplo de arquitectura g\u00f3tica y cuenta con impresionantes obras de arte y esculturas.<\/p>\n<p><strong>Paseo del Lago de Como (Lungo Lario Trento):<\/strong> Pasee tranquilamente por el paseo del Lago Como. Disfrute de las vistas panor\u00e1micas del lago, de las monta\u00f1as circundantes y de los encantadores edificios del paseo mar\u00edtimo.<\/p>\n<p><strong>Plaza Cavour:<\/strong> Rel\u00e1jese en la Piazza Cavour, la plaza principal de Como. Disfrute de un caf\u00e9 o un helado en uno de los caf\u00e9s y emp\u00e1pese del ambiente local.<\/p>\n<p><strong>Mirar escaparates:<\/strong> Explore las estrechas calles del centro hist\u00f3rico de Como para mirar escaparates. La ciudad cuenta con una gran variedad de tiendas que venden productos locales, moda y artesan\u00eda hecha a mano.<\/p>\n<p>No olvide comprobar los horarios de apertura de las atracciones que planea visitar y prevea algo de tiempo para pasear de un lugar a otro. Como es una ciudad pintoresca, e incluso una breve visita puede proporcionarle una muestra de su belleza y encanto.<\/p>\n<p>Si dispone de algo m\u00e1s de tiempo en Italia, le recomendamos que incluya en su itinerario de viaje nuestra excursi\u00f3n privada a B\u00e9rgamo desde Mil\u00e1n para explorar una de las ciudades m\u00e1s emblem\u00e1ticas de Lombard\u00eda.<\/p>\n","protected":false},"excerpt":{"rendered":"<p>Emb\u00e1rquese en un cautivador viaje a la serena belleza del Lago Como con nuestro exclusivo Tour Privado. Esta excursi\u00f3n personalizada ofrece a los viajeros m\u00e1s exigentes la oportunidad de escapar del ajetreo urbano y sumergirse en los id\u00edlicos paisajes y el rico patrimonio cultural del norte de Italia.<\/p>\n","protected":false},"featured_media":172464,"comment_status":"open","ping_status":"closed","template":"","meta":{"_acf_changed":false},"product_brand":[],"product_cat":[4909],"product_tag":[],"class_list":{"0":"post-172445","1":"product","2":"type-product","3":"status-publish","4":"has-post-thumbnail","6":"product_cat-lago-como","8":"first","9":"instock","10":"shipping-taxable","11":"purchasable","12":"product-type-simple"},"acf":[],"yoast_head":"<!-- This site is optimized with the Yoast SEO Premium plugin v25.3.1 (Yoast SEO v25.3.1) - https:\/\/yoast.com\/wordpress\/plugins\/seo\/ -->\n<title>Tour privado a pie por Como - Tour Travel and More<\/title>\n<meta name=\"description\" content=\"Tour privado a pie en Como - Tour Travel and More. Disfrute de esta gran experiencia junto a su gu\u00eda tur\u00edstico privado. \u00a1Venga con nosotros!\" \/>\n<meta name=\"robots\" content=\"index, follow, max-snippet:-1, max-image-preview:large, max-video-preview:-1\" \/>\n<link rel=\"canonical\" href=\"https:\/\/tourtravelandmore.com\/es\/tours\/italia-es\/lago-como\/italia-y-suiza-en-un-dia-lago-como-bellagio-y-lugano-desde-milan-copy\/\" \/>\n<meta property=\"og:locale\" content=\"es_ES\" \/>\n<meta property=\"og:type\" content=\"article\" \/>\n<meta property=\"og:title\" content=\"Tour privado a pie por Como\" \/>\n<meta property=\"og:description\" content=\"Tour privado a pie en Como - Tour Travel and More. Disfrute de esta gran experiencia junto a su gu\u00eda tur\u00edstico privado. \u00a1Venga con nosotros!\" \/>\n<meta property=\"og:url\" content=\"https:\/\/tourtravelandmore.com\/es\/tours\/italia-es\/lago-como\/italia-y-suiza-en-un-dia-lago-como-bellagio-y-lugano-desde-milan-copy\/\" \/>\n<meta property=\"og:site_name\" content=\"Tour Travel And More\" \/>\n<meta property=\"article:publisher\" content=\"https:\/\/www.facebook.com\/tourtravelandmore\/\" \/>\n<meta property=\"article:modified_time\" content=\"2024-04-17T13:06:19+00:00\" \/>\n<meta property=\"og:image\" content=\"https:\/\/tourtravelandmore.com\/wp-content\/uploads\/2024\/02\/20210302144440-varenna-lago-di-como-lombardia-gettyimages-874859776-2-1.jpg\" \/>\n\t<meta property=\"og:image:width\" content=\"1280\" \/>\n\t<meta property=\"og:image:height\" content=\"854\" \/>\n\t<meta property=\"og:image:type\" content=\"image\/jpeg\" \/>\n<meta name=\"twitter:card\" content=\"summary_large_image\" \/>\n<meta name=\"twitter:site\" content=\"@TourTravel_More\" \/>\n<meta name=\"twitter:label1\" content=\"Tiempo de lectura\" \/>\n\t<meta name=\"twitter:data1\" content=\"2 minutos\" \/>\n<script type=\"application\/ld+json\" class=\"yoast-schema-graph\">{\"@context\":\"https:\/\/schema.org\",\"@graph\":[{\"@type\":\"WebPage\",\"@id\":\"https:\/\/tourtravelandmore.com\/es\/tours\/italia-es\/lago-como\/italia-y-suiza-en-un-dia-lago-como-bellagio-y-lugano-desde-milan-copy\/\",\"url\":\"https:\/\/tourtravelandmore.com\/es\/tours\/italia-es\/lago-como\/italia-y-suiza-en-un-dia-lago-como-bellagio-y-lugano-desde-milan-copy\/\",\"name\":\"Tour privado a pie por Como - Tour Travel and More\",\"isPartOf\":{\"@id\":\"https:\/\/tourtravelandmore.com\/es\/#website\"},\"primaryImageOfPage\":{\"@id\":\"https:\/\/tourtravelandmore.com\/es\/tours\/italia-es\/lago-como\/italia-y-suiza-en-un-dia-lago-como-bellagio-y-lugano-desde-milan-copy\/#primaryimage\"},\"image\":{\"@id\":\"https:\/\/tourtravelandmore.com\/es\/tours\/italia-es\/lago-como\/italia-y-suiza-en-un-dia-lago-como-bellagio-y-lugano-desde-milan-copy\/#primaryimage\"},\"thumbnailUrl\":\"https:\/\/tourtravelandmore.com\/wp-content\/uploads\/2024\/02\/20210302144440-varenna-lago-di-como-lombardia-gettyimages-874859776-2-1.jpg\",\"datePublished\":\"2024-02-08T13:00:22+00:00\",\"dateModified\":\"2024-04-17T13:06:19+00:00\",\"description\":\"Tour privado a pie en Como - Tour Travel and More. Disfrute de esta gran experiencia junto a su gu\u00eda tur\u00edstico privado. \u00a1Venga con nosotros!\",\"breadcrumb\":{\"@id\":\"https:\/\/tourtravelandmore.com\/es\/tours\/italia-es\/lago-como\/italia-y-suiza-en-un-dia-lago-como-bellagio-y-lugano-desde-milan-copy\/#breadcrumb\"},\"inLanguage\":\"es\",\"potentialAction\":[{\"@type\":\"ReadAction\",\"target\":[\"https:\/\/tourtravelandmore.com\/es\/tours\/italia-es\/lago-como\/italia-y-suiza-en-un-dia-lago-como-bellagio-y-lugano-desde-milan-copy\/\"]}]},{\"@type\":\"ImageObject\",\"inLanguage\":\"es\",\"@id\":\"https:\/\/tourtravelandmore.com\/es\/tours\/italia-es\/lago-como\/italia-y-suiza-en-un-dia-lago-como-bellagio-y-lugano-desde-milan-copy\/#primaryimage\",\"url\":\"https:\/\/tourtravelandmore.com\/wp-content\/uploads\/2024\/02\/20210302144440-varenna-lago-di-como-lombardia-gettyimages-874859776-2-1.jpg\",\"contentUrl\":\"https:\/\/tourtravelandmore.com\/wp-content\/uploads\/2024\/02\/20210302144440-varenna-lago-di-como-lombardia-gettyimages-874859776-2-1.jpg\",\"width\":1280,\"height\":854},{\"@type\":\"BreadcrumbList\",\"@id\":\"https:\/\/tourtravelandmore.com\/es\/tours\/italia-es\/lago-como\/italia-y-suiza-en-un-dia-lago-como-bellagio-y-lugano-desde-milan-copy\/#breadcrumb\",\"itemListElement\":[{\"@type\":\"ListItem\",\"position\":1,\"name\":\"Home\",\"item\":\"https:\/\/tourtravelandmore.com\/es\/\"},{\"@type\":\"ListItem\",\"position\":2,\"name\":\"Tours\",\"item\":\"https:\/\/tourtravelandmore.com\/es\/tours\/\"},{\"@type\":\"ListItem\",\"position\":3,\"name\":\"Tour privado a pie por Como\"}]},{\"@type\":\"WebSite\",\"@id\":\"https:\/\/tourtravelandmore.com\/es\/#website\",\"url\":\"https:\/\/tourtravelandmore.com\/es\/\",\"name\":\"Tour Travel And More\",\"description\":\"Private sightseeing tours and luxury transfers in Spain\",\"publisher\":{\"@id\":\"https:\/\/tourtravelandmore.com\/es\/#organization\"},\"potentialAction\":[{\"@type\":\"SearchAction\",\"target\":{\"@type\":\"EntryPoint\",\"urlTemplate\":\"https:\/\/tourtravelandmore.com\/es\/?s={search_term_string}\"},\"query-input\":{\"@type\":\"PropertyValueSpecification\",\"valueRequired\":true,\"valueName\":\"search_term_string\"}}],\"inLanguage\":\"es\"},{\"@type\":\"Organization\",\"@id\":\"https:\/\/tourtravelandmore.com\/es\/#organization\",\"name\":\"Tour Travel And More\",\"url\":\"https:\/\/tourtravelandmore.com\/es\/\",\"logo\":{\"@type\":\"ImageObject\",\"inLanguage\":\"es\",\"@id\":\"https:\/\/tourtravelandmore.com\/es\/#\/schema\/logo\/image\/\",\"url\":\"https:\/\/tourtravelandmore.com\/wp-content\/uploads\/2022\/12\/cropped-logo-cabecera-new.png\",\"contentUrl\":\"https:\/\/tourtravelandmore.com\/wp-content\/uploads\/2022\/12\/cropped-logo-cabecera-new.png\",\"width\":430,\"height\":61,\"caption\":\"Tour Travel And More\"},\"image\":{\"@id\":\"https:\/\/tourtravelandmore.com\/es\/#\/schema\/logo\/image\/\"},\"sameAs\":[\"https:\/\/www.facebook.com\/tourtravelandmore\/\",\"https:\/\/x.com\/TourTravel_More\"]}]}<\/script>\n<!-- \/ Yoast SEO Premium plugin. -->","yoast_head_json":{"title":"Tour privado a pie por Como - Tour Travel and More","description":"Tour privado a pie en Como - Tour Travel and More. Disfrute de esta gran experiencia junto a su gu\u00eda tur\u00edstico privado. \u00a1Venga con nosotros!","robots":{"index":"index","follow":"follow","max-snippet":"max-snippet:-1","max-image-preview":"max-image-preview:large","max-video-preview":"max-video-preview:-1"},"canonical":"https:\/\/tourtravelandmore.com\/es\/tours\/italia-es\/lago-como\/italia-y-suiza-en-un-dia-lago-como-bellagio-y-lugano-desde-milan-copy\/","og_locale":"es_ES","og_type":"article","og_title":"Tour privado a pie por Como","og_description":"Tour privado a pie en Como - Tour Travel and More. Disfrute de esta gran experiencia junto a su gu\u00eda tur\u00edstico privado. \u00a1Venga con nosotros!","og_url":"https:\/\/tourtravelandmore.com\/es\/tours\/italia-es\/lago-como\/italia-y-suiza-en-un-dia-lago-como-bellagio-y-lugano-desde-milan-copy\/","og_site_name":"Tour Travel And More","article_publisher":"https:\/\/www.facebook.com\/tourtravelandmore\/","article_modified_time":"2024-04-17T13:06:19+00:00","og_image":[{"width":1280,"height":854,"url":"https:\/\/tourtravelandmore.com\/wp-content\/uploads\/2024\/02\/20210302144440-varenna-lago-di-como-lombardia-gettyimages-874859776-2-1.jpg","type":"image\/jpeg"}],"twitter_card":"summary_large_image","twitter_site":"@TourTravel_More","twitter_misc":{"Tiempo de lectura":"2 minutos"},"schema":{"@context":"https:\/\/schema.org","@graph":[{"@type":"WebPage","@id":"https:\/\/tourtravelandmore.com\/es\/tours\/italia-es\/lago-como\/italia-y-suiza-en-un-dia-lago-como-bellagio-y-lugano-desde-milan-copy\/","url":"https:\/\/tourtravelandmore.com\/es\/tours\/italia-es\/lago-como\/italia-y-suiza-en-un-dia-lago-como-bellagio-y-lugano-desde-milan-copy\/","name":"Tour privado a pie por Como - Tour Travel and More","isPartOf":{"@id":"https:\/\/tourtravelandmore.com\/es\/#website"},"primaryImageOfPage":{"@id":"https:\/\/tourtravelandmore.com\/es\/tours\/italia-es\/lago-como\/italia-y-suiza-en-un-dia-lago-como-bellagio-y-lugano-desde-milan-copy\/#primaryimage"},"image":{"@id":"https:\/\/tourtravelandmore.com\/es\/tours\/italia-es\/lago-como\/italia-y-suiza-en-un-dia-lago-como-bellagio-y-lugano-desde-milan-copy\/#primaryimage"},"thumbnailUrl":"https:\/\/tourtravelandmore.com\/wp-content\/uploads\/2024\/02\/20210302144440-varenna-lago-di-como-lombardia-gettyimages-874859776-2-1.jpg","datePublished":"2024-02-08T13:00:22+00:00","dateModified":"2024-04-17T13:06:19+00:00","description":"Tour privado a pie en Como - Tour Travel and More. Disfrute de esta gran experiencia junto a su gu\u00eda tur\u00edstico privado. \u00a1Venga con nosotros!","breadcrumb":{"@id":"https:\/\/tourtravelandmore.com\/es\/tours\/italia-es\/lago-como\/italia-y-suiza-en-un-dia-lago-como-bellagio-y-lugano-desde-milan-copy\/#breadcrumb"},"inLanguage":"es","potentialAction":[{"@type":"ReadAction","target":["https:\/\/tourtravelandmore.com\/es\/tours\/italia-es\/lago-como\/italia-y-suiza-en-un-dia-lago-como-bellagio-y-lugano-desde-milan-copy\/"]}]},{"@type":"ImageObject","inLanguage":"es","@id":"https:\/\/tourtravelandmore.com\/es\/tours\/italia-es\/lago-como\/italia-y-suiza-en-un-dia-lago-como-bellagio-y-lugano-desde-milan-copy\/#primaryimage","url":"https:\/\/tourtravelandmore.com\/wp-content\/uploads\/2024\/02\/20210302144440-varenna-lago-di-como-lombardia-gettyimages-874859776-2-1.jpg","contentUrl":"https:\/\/tourtravelandmore.com\/wp-content\/uploads\/2024\/02\/20210302144440-varenna-lago-di-como-lombardia-gettyimages-874859776-2-1.jpg","width":1280,"height":854},{"@type":"BreadcrumbList","@id":"https:\/\/tourtravelandmore.com\/es\/tours\/italia-es\/lago-como\/italia-y-suiza-en-un-dia-lago-como-bellagio-y-lugano-desde-milan-copy\/#breadcrumb","itemListElement":[{"@type":"ListItem","position":1,"name":"Home","item":"https:\/\/tourtravelandmore.com\/es\/"},{"@type":"ListItem","position":2,"name":"Tours","item":"https:\/\/tourtravelandmore.com\/es\/tours\/"},{"@type":"ListItem","position":3,"name":"Tour privado a pie por Como"}]},{"@type":"WebSite","@id":"https:\/\/tourtravelandmore.com\/es\/#website","url":"https:\/\/tourtravelandmore.com\/es\/","name":"Tour Travel And More","description":"Private sightseeing tours and luxury transfers in Spain","publisher":{"@id":"https:\/\/tourtravelandmore.com\/es\/#organization"},"potentialAction":[{"@type":"SearchAction","target":{"@type":"EntryPoint","urlTemplate":"https:\/\/tourtravelandmore.com\/es\/?s={search_term_string}"},"query-input":{"@type":"PropertyValueSpecification","valueRequired":true,"valueName":"search_term_string"}}],"inLanguage":"es"},{"@type":"Organization","@id":"https:\/\/tourtravelandmore.com\/es\/#organization","name":"Tour Travel And More","url":"https:\/\/tourtravelandmore.com\/es\/","logo":{"@type":"ImageObject","inLanguage":"es","@id":"https:\/\/tourtravelandmore.com\/es\/#\/schema\/logo\/image\/","url":"https:\/\/tourtravelandmore.com\/wp-content\/uploads\/2022\/12\/cropped-logo-cabecera-new.png","contentUrl":"https:\/\/tourtravelandmore.com\/wp-content\/uploads\/2022\/12\/cropped-logo-cabecera-new.png","width":430,"height":61,"caption":"Tour Travel And More"},"image":{"@id":"https:\/\/tourtravelandmore.com\/es\/#\/schema\/logo\/image\/"},"sameAs":["https:\/\/www.facebook.com\/tourtravelandmore\/","https:\/\/x.com\/TourTravel_More"]}]}},"_links":{"self":[{"href":"https:\/\/tourtravelandmore.com\/es\/wp-json\/wp\/v2\/product\/172445","targetHints":{"allow":["GET"]}}],"collection":[{"href":"https:\/\/tourtravelandmore.com\/es\/wp-json\/wp\/v2\/product"}],"about":[{"href":"https:\/\/tourtravelandmore.com\/es\/wp-json\/wp\/v2\/types\/product"}],"replies":[{"embeddable":true,"href":"https:\/\/tourtravelandmore.com\/es\/wp-json\/wp\/v2\/comments?post=172445"}],"wp:featuredmedia":[{"embeddable":true,"href":"https:\/\/tourtravelandmore.com\/es\/wp-json\/wp\/v2\/media\/172464"}],"wp:attachment":[{"href":"https:\/\/tourtravelandmore.com\/es\/wp-json\/wp\/v2\/media?parent=172445"}],"wp:term":[{"taxonomy":"product_brand","embeddable":true,"href":"https:\/\/tourtravelandmore.com\/es\/wp-json\/wp\/v2\/product_brand?post=172445"},{"taxonomy":"product_cat","embeddable":true,"href":"https:\/\/tourtravelandmore.com\/es\/wp-json\/wp\/v2\/product_cat?post=172445"},{"taxonomy":"product_tag","embeddable":true,"href":"https:\/\/tourtravelandmore.com\/es\/wp-json\/wp\/v2\/product_tag?post=172445"}],"curies":[{"name":"wp","href":"https:\/\/api.w.org\/{rel}","templated":true}]}}