{"id":172419,"date":"2024-02-08T13:49:58","date_gmt":"2024-02-08T12:49:59","guid":{"rendered":"https:\/\/tourtravelandmore.com\/?post_type=product&#038;p=172419"},"modified":"2024-02-08T13:58:35","modified_gmt":"2024-02-08T12:58:35","slug":"tour-privado-al-lago-como-bellagio-y-varenna-desde-milan-copy-2","status":"publish","type":"product","link":"https:\/\/tourtravelandmore.com\/es\/tours\/italia-es\/milan-es\/tour-privado-al-lago-como-bellagio-y-varenna-desde-milan-copy-2\/","title":{"rendered":"Italia y Suiza en un d\u00eda: Lago Como, Bellagio y Lugano desde Mil\u00e1n"},"content":{"rendered":"<h2><strong>Descripci\u00f3n Italia y Suiza en un d\u00eda: Lago Como, Bellagio y Lugano desde Mil\u00e1n<\/strong><\/h2>\n<p>Explore la encantadora belleza de Italia y Suiza en esta excursi\u00f3n privada en coche de un d\u00eda completo desde Mil\u00e1n. Visite las pintorescas ciudades de Como, Bellagio y Lugano, cada una de ellas con un encanto \u00fanico e impresionantes paisajes.<\/p>\n<p>Su experimentado ch\u00f3fer de habla inglesa le acompa\u00f1ar\u00e1 durante todo el viaje, ofreci\u00e9ndole comentarios perspicaces y asegur\u00e1ndole una experiencia personalizada adaptada a sus intereses.<\/p>\n<p>Esta excursi\u00f3n de 12 horas est\u00e1 hecha a su medida. De hecho, puede elegir entre las distintas alternativas de excursi\u00f3n disponibles la que mejor se adapte a su tiempo y necesidades.<\/p>\n<p>Cualquiera de las opciones de excursi\u00f3n que elija incluye el traslado de vuelta a Mil\u00e1n para que pueda continuar su itinerario.<\/p>\n<h2>Puntos de inter\u00e9s<\/h2>\n<p>Su conductor privado le recoger\u00e1 en su alojamiento en Mil\u00e1n. Suba al veh\u00edculo y prep\u00e1rese para un d\u00eda lleno de belleza natural y encanto hist\u00f3rico en el Lago Como. Llegaremos a la encantadora ciudad de Como, situada a orillas del lago.<\/p>\n<p>Su primera parada es Como, una encantadora ciudad situada a orillas del lago Como. Disfrute de un tranquilo paseo por el elegante paseo mar\u00edtimo, repleto de caf\u00e9s, boutiques y edificios hist\u00f3ricos. Admire la magn\u00edfica Catedral de Como, obra maestra de la arquitectura g\u00f3tica, y conozca la rica historia y cultura de la ciudad.<\/p>\n<p>A continuaci\u00f3n, viajar\u00e1 a Bellagio, a menudo conocida como la &#8220;Perla del Lago Como&#8221;. Explore esta pintoresca ciudad famosa por sus estrechas calles empedradas, sus casas de colores y sus vistas panor\u00e1micas del lago y las monta\u00f1as circundantes. Visite los hermosos jardines de Villa Melzi o simplemente rel\u00e1jese y sum\u00e9rjase en el id\u00edlico ambiente.<\/p>\n<p>Cruzando la frontera con Suiza, llegar\u00e1 a Lugano, una ciudad cosmopolita enclavada en el coraz\u00f3n de los Alpes suizos. Pasee por el elegante paseo junto al lago, bordeado de palmeras y lujosas boutiques. Descubra el encantador casco antiguo, con sus pintorescas plazas, edificios hist\u00f3ricos y animados caf\u00e9s. No pierda la oportunidad de visitar la Chiesa di Santa Maria degli Angioli para admirar sus impresionantes frescos renacentistas.<\/p>\n<p>Despu\u00e9s de un d\u00eda entero de exploraci\u00f3n y turismo, rel\u00e1jese en la comodidad de su coche privado mientras viaja de regreso a Mil\u00e1n. Su ch\u00f3fer le dejar\u00e1 en su alojamiento, concluyendo as\u00ed su memorable viaje por Italia y Suiza.<\/p>\n<p><span style=\"font-weight: 400;\">Si cuentas con un poco m\u00e1s de tiempo por Italia, te recomendamos que incluyas en tu itinerario de viaje nuestro <\/span><a href=\"https:\/\/tourtravelandmore.com\/es\/tours\/italia-es\/milan-es\/tour-privado-a-bergamo-desde-milan\/\"><b>tour privado a B\u00e9rgamo desde Mil\u00e1n<\/b><\/a><span style=\"font-weight: 400;\"> para que explores una de las ciudades m\u00e1s emblem\u00e1ticas de Lombard\u00eda.\u00a0<\/span><\/p>\n","protected":false},"excerpt":{"rendered":"<p>Explore la encantadora belleza de Italia y Suiza en esta excursi\u00f3n privada en coche de un d\u00eda completo desde Mil\u00e1n. Visite las pintorescas ciudades de Como, Bellagio y Lugano, cada una de ellas con un encanto \u00fanico e impresionantes paisajes. Su experimentado ch\u00f3fer de habla inglesa le acompa\u00f1ar\u00e1 durante todo el viaje, ofreci\u00e9ndole comentarios perspicaces y asegur\u00e1ndole una experiencia personalizada adaptada a sus intereses.<\/p>\n","protected":false},"featured_media":172435,"comment_status":"open","ping_status":"closed","template":"","meta":{"_acf_changed":false},"product_brand":[],"product_cat":[4909,424,425,427,426],"product_tag":[],"class_list":{"0":"post-172419","1":"product","2":"type-product","3":"status-publish","4":"has-post-thumbnail","6":"product_cat-lago-como","7":"product_cat-milan-es","8":"product_cat-milan-actividades-es","9":"product_cat-milan-rutas-turisticas-privadas-es","10":"product_cat-milan-excursiones-es","12":"first","13":"instock","14":"shipping-taxable","15":"purchasable","16":"product-type-simple"},"acf":[],"yoast_head":"<!-- This site is optimized with the Yoast SEO Premium plugin v25.3.1 (Yoast SEO v25.3.1) - https:\/\/yoast.com\/wordpress\/plugins\/seo\/ -->\n<title>Italia y Suiza en un d\u00eda: Lago Como, Bellagio y Lugano desde Mil\u00e1n<\/title>\n<meta name=\"description\" content=\"Italia y Suiza en un d\u00eda: Lago Como, Bellagio y Lugano desde Mil\u00e1n - Tour Travel and More. \u00a1Disfrute de esta gran experiencia!\" \/>\n<meta name=\"robots\" content=\"index, follow, max-snippet:-1, max-image-preview:large, max-video-preview:-1\" \/>\n<link rel=\"canonical\" href=\"https:\/\/tourtravelandmore.com\/es\/tours\/italia-es\/milan-es\/tour-privado-al-lago-como-bellagio-y-varenna-desde-milan-copy-2\/\" \/>\n<meta property=\"og:locale\" content=\"es_ES\" \/>\n<meta property=\"og:type\" content=\"article\" \/>\n<meta property=\"og:title\" content=\"Italia y Suiza en un d\u00eda: Lago Como, Bellagio y Lugano desde Mil\u00e1n\" \/>\n<meta property=\"og:description\" content=\"Italia y Suiza en un d\u00eda: Lago Como, Bellagio y Lugano desde Mil\u00e1n - Tour Travel and More. \u00a1Disfrute de esta gran experiencia!\" \/>\n<meta property=\"og:url\" content=\"https:\/\/tourtravelandmore.com\/es\/tours\/italia-es\/milan-es\/tour-privado-al-lago-como-bellagio-y-varenna-desde-milan-copy-2\/\" \/>\n<meta property=\"og:site_name\" content=\"Tour Travel And More\" \/>\n<meta property=\"article:publisher\" content=\"https:\/\/www.facebook.com\/tourtravelandmore\/\" \/>\n<meta property=\"article:modified_time\" content=\"2024-02-08T12:58:35+00:00\" \/>\n<meta property=\"og:image\" content=\"https:\/\/tourtravelandmore.com\/wp-content\/uploads\/2024\/02\/129344.webp\" \/>\n\t<meta property=\"og:image:width\" content=\"1600\" \/>\n\t<meta property=\"og:image:height\" content=\"1067\" \/>\n\t<meta property=\"og:image:type\" content=\"image\/webp\" \/>\n<meta name=\"twitter:card\" content=\"summary_large_image\" \/>\n<meta name=\"twitter:site\" content=\"@TourTravel_More\" \/>\n<meta name=\"twitter:label1\" content=\"Tiempo de lectura\" \/>\n\t<meta name=\"twitter:data1\" content=\"2 minutos\" \/>\n<script type=\"application\/ld+json\" class=\"yoast-schema-graph\">{\"@context\":\"https:\/\/schema.org\",\"@graph\":[{\"@type\":\"WebPage\",\"@id\":\"https:\/\/tourtravelandmore.com\/es\/tours\/italia-es\/milan-es\/tour-privado-al-lago-como-bellagio-y-varenna-desde-milan-copy-2\/\",\"url\":\"https:\/\/tourtravelandmore.com\/es\/tours\/italia-es\/milan-es\/tour-privado-al-lago-como-bellagio-y-varenna-desde-milan-copy-2\/\",\"name\":\"Italia y Suiza en un d\u00eda: Lago Como, Bellagio y Lugano desde Mil\u00e1n\",\"isPartOf\":{\"@id\":\"https:\/\/tourtravelandmore.com\/es\/#website\"},\"primaryImageOfPage\":{\"@id\":\"https:\/\/tourtravelandmore.com\/es\/tours\/italia-es\/milan-es\/tour-privado-al-lago-como-bellagio-y-varenna-desde-milan-copy-2\/#primaryimage\"},\"image\":{\"@id\":\"https:\/\/tourtravelandmore.com\/es\/tours\/italia-es\/milan-es\/tour-privado-al-lago-como-bellagio-y-varenna-desde-milan-copy-2\/#primaryimage\"},\"thumbnailUrl\":\"https:\/\/tourtravelandmore.com\/wp-content\/uploads\/2024\/02\/129344.webp\",\"datePublished\":\"2024-02-08T12:49:59+00:00\",\"dateModified\":\"2024-02-08T12:58:35+00:00\",\"description\":\"Italia y Suiza en un d\u00eda: Lago Como, Bellagio y Lugano desde Mil\u00e1n - Tour Travel and More. \u00a1Disfrute de esta gran experiencia!\",\"breadcrumb\":{\"@id\":\"https:\/\/tourtravelandmore.com\/es\/tours\/italia-es\/milan-es\/tour-privado-al-lago-como-bellagio-y-varenna-desde-milan-copy-2\/#breadcrumb\"},\"inLanguage\":\"es\",\"potentialAction\":[{\"@type\":\"ReadAction\",\"target\":[\"https:\/\/tourtravelandmore.com\/es\/tours\/italia-es\/milan-es\/tour-privado-al-lago-como-bellagio-y-varenna-desde-milan-copy-2\/\"]}]},{\"@type\":\"ImageObject\",\"inLanguage\":\"es\",\"@id\":\"https:\/\/tourtravelandmore.com\/es\/tours\/italia-es\/milan-es\/tour-privado-al-lago-como-bellagio-y-varenna-desde-milan-copy-2\/#primaryimage\",\"url\":\"https:\/\/tourtravelandmore.com\/wp-content\/uploads\/2024\/02\/129344.webp\",\"contentUrl\":\"https:\/\/tourtravelandmore.com\/wp-content\/uploads\/2024\/02\/129344.webp\",\"width\":1600,\"height\":1067},{\"@type\":\"BreadcrumbList\",\"@id\":\"https:\/\/tourtravelandmore.com\/es\/tours\/italia-es\/milan-es\/tour-privado-al-lago-como-bellagio-y-varenna-desde-milan-copy-2\/#breadcrumb\",\"itemListElement\":[{\"@type\":\"ListItem\",\"position\":1,\"name\":\"Home\",\"item\":\"https:\/\/tourtravelandmore.com\/es\/\"},{\"@type\":\"ListItem\",\"position\":2,\"name\":\"Tours\",\"item\":\"https:\/\/tourtravelandmore.com\/es\/tours\/\"},{\"@type\":\"ListItem\",\"position\":3,\"name\":\"Italia y Suiza en un d\u00eda: Lago Como, Bellagio y Lugano desde Mil\u00e1n\"}]},{\"@type\":\"WebSite\",\"@id\":\"https:\/\/tourtravelandmore.com\/es\/#website\",\"url\":\"https:\/\/tourtravelandmore.com\/es\/\",\"name\":\"Tour Travel And More\",\"description\":\"Private sightseeing tours and luxury transfers in Spain\",\"publisher\":{\"@id\":\"https:\/\/tourtravelandmore.com\/es\/#organization\"},\"potentialAction\":[{\"@type\":\"SearchAction\",\"target\":{\"@type\":\"EntryPoint\",\"urlTemplate\":\"https:\/\/tourtravelandmore.com\/es\/?s={search_term_string}\"},\"query-input\":{\"@type\":\"PropertyValueSpecification\",\"valueRequired\":true,\"valueName\":\"search_term_string\"}}],\"inLanguage\":\"es\"},{\"@type\":\"Organization\",\"@id\":\"https:\/\/tourtravelandmore.com\/es\/#organization\",\"name\":\"Tour Travel And More\",\"url\":\"https:\/\/tourtravelandmore.com\/es\/\",\"logo\":{\"@type\":\"ImageObject\",\"inLanguage\":\"es\",\"@id\":\"https:\/\/tourtravelandmore.com\/es\/#\/schema\/logo\/image\/\",\"url\":\"https:\/\/tourtravelandmore.com\/wp-content\/uploads\/2022\/12\/cropped-logo-cabecera-new.png\",\"contentUrl\":\"https:\/\/tourtravelandmore.com\/wp-content\/uploads\/2022\/12\/cropped-logo-cabecera-new.png\",\"width\":430,\"height\":61,\"caption\":\"Tour Travel And More\"},\"image\":{\"@id\":\"https:\/\/tourtravelandmore.com\/es\/#\/schema\/logo\/image\/\"},\"sameAs\":[\"https:\/\/www.facebook.com\/tourtravelandmore\/\",\"https:\/\/x.com\/TourTravel_More\"]}]}<\/script>\n<!-- \/ Yoast SEO Premium plugin. -->","yoast_head_json":{"title":"Italia y Suiza en un d\u00eda: Lago Como, Bellagio y Lugano desde Mil\u00e1n","description":"Italia y Suiza en un d\u00eda: Lago Como, Bellagio y Lugano desde Mil\u00e1n - Tour Travel and More. \u00a1Disfrute de esta gran experiencia!","robots":{"index":"index","follow":"follow","max-snippet":"max-snippet:-1","max-image-preview":"max-image-preview:large","max-video-preview":"max-video-preview:-1"},"canonical":"https:\/\/tourtravelandmore.com\/es\/tours\/italia-es\/milan-es\/tour-privado-al-lago-como-bellagio-y-varenna-desde-milan-copy-2\/","og_locale":"es_ES","og_type":"article","og_title":"Italia y Suiza en un d\u00eda: Lago Como, Bellagio y Lugano desde Mil\u00e1n","og_description":"Italia y Suiza en un d\u00eda: Lago Como, Bellagio y Lugano desde Mil\u00e1n - Tour Travel and More. \u00a1Disfrute de esta gran experiencia!","og_url":"https:\/\/tourtravelandmore.com\/es\/tours\/italia-es\/milan-es\/tour-privado-al-lago-como-bellagio-y-varenna-desde-milan-copy-2\/","og_site_name":"Tour Travel And More","article_publisher":"https:\/\/www.facebook.com\/tourtravelandmore\/","article_modified_time":"2024-02-08T12:58:35+00:00","og_image":[{"width":1600,"height":1067,"url":"https:\/\/tourtravelandmore.com\/wp-content\/uploads\/2024\/02\/129344.webp","type":"image\/webp"}],"twitter_card":"summary_large_image","twitter_site":"@TourTravel_More","twitter_misc":{"Tiempo de lectura":"2 minutos"},"schema":{"@context":"https:\/\/schema.org","@graph":[{"@type":"WebPage","@id":"https:\/\/tourtravelandmore.com\/es\/tours\/italia-es\/milan-es\/tour-privado-al-lago-como-bellagio-y-varenna-desde-milan-copy-2\/","url":"https:\/\/tourtravelandmore.com\/es\/tours\/italia-es\/milan-es\/tour-privado-al-lago-como-bellagio-y-varenna-desde-milan-copy-2\/","name":"Italia y Suiza en un d\u00eda: Lago Como, Bellagio y Lugano desde Mil\u00e1n","isPartOf":{"@id":"https:\/\/tourtravelandmore.com\/es\/#website"},"primaryImageOfPage":{"@id":"https:\/\/tourtravelandmore.com\/es\/tours\/italia-es\/milan-es\/tour-privado-al-lago-como-bellagio-y-varenna-desde-milan-copy-2\/#primaryimage"},"image":{"@id":"https:\/\/tourtravelandmore.com\/es\/tours\/italia-es\/milan-es\/tour-privado-al-lago-como-bellagio-y-varenna-desde-milan-copy-2\/#primaryimage"},"thumbnailUrl":"https:\/\/tourtravelandmore.com\/wp-content\/uploads\/2024\/02\/129344.webp","datePublished":"2024-02-08T12:49:59+00:00","dateModified":"2024-02-08T12:58:35+00:00","description":"Italia y Suiza en un d\u00eda: Lago Como, Bellagio y Lugano desde Mil\u00e1n - Tour Travel and More. \u00a1Disfrute de esta gran experiencia!","breadcrumb":{"@id":"https:\/\/tourtravelandmore.com\/es\/tours\/italia-es\/milan-es\/tour-privado-al-lago-como-bellagio-y-varenna-desde-milan-copy-2\/#breadcrumb"},"inLanguage":"es","potentialAction":[{"@type":"ReadAction","target":["https:\/\/tourtravelandmore.com\/es\/tours\/italia-es\/milan-es\/tour-privado-al-lago-como-bellagio-y-varenna-desde-milan-copy-2\/"]}]},{"@type":"ImageObject","inLanguage":"es","@id":"https:\/\/tourtravelandmore.com\/es\/tours\/italia-es\/milan-es\/tour-privado-al-lago-como-bellagio-y-varenna-desde-milan-copy-2\/#primaryimage","url":"https:\/\/tourtravelandmore.com\/wp-content\/uploads\/2024\/02\/129344.webp","contentUrl":"https:\/\/tourtravelandmore.com\/wp-content\/uploads\/2024\/02\/129344.webp","width":1600,"height":1067},{"@type":"BreadcrumbList","@id":"https:\/\/tourtravelandmore.com\/es\/tours\/italia-es\/milan-es\/tour-privado-al-lago-como-bellagio-y-varenna-desde-milan-copy-2\/#breadcrumb","itemListElement":[{"@type":"ListItem","position":1,"name":"Home","item":"https:\/\/tourtravelandmore.com\/es\/"},{"@type":"ListItem","position":2,"name":"Tours","item":"https:\/\/tourtravelandmore.com\/es\/tours\/"},{"@type":"ListItem","position":3,"name":"Italia y Suiza en un d\u00eda: Lago Como, Bellagio y Lugano desde Mil\u00e1n"}]},{"@type":"WebSite","@id":"https:\/\/tourtravelandmore.com\/es\/#website","url":"https:\/\/tourtravelandmore.com\/es\/","name":"Tour Travel And More","description":"Private sightseeing tours and luxury transfers in Spain","publisher":{"@id":"https:\/\/tourtravelandmore.com\/es\/#organization"},"potentialAction":[{"@type":"SearchAction","target":{"@type":"EntryPoint","urlTemplate":"https:\/\/tourtravelandmore.com\/es\/?s={search_term_string}"},"query-input":{"@type":"PropertyValueSpecification","valueRequired":true,"valueName":"search_term_string"}}],"inLanguage":"es"},{"@type":"Organization","@id":"https:\/\/tourtravelandmore.com\/es\/#organization","name":"Tour Travel And More","url":"https:\/\/tourtravelandmore.com\/es\/","logo":{"@type":"ImageObject","inLanguage":"es","@id":"https:\/\/tourtravelandmore.com\/es\/#\/schema\/logo\/image\/","url":"https:\/\/tourtravelandmore.com\/wp-content\/uploads\/2022\/12\/cropped-logo-cabecera-new.png","contentUrl":"https:\/\/tourtravelandmore.com\/wp-content\/uploads\/2022\/12\/cropped-logo-cabecera-new.png","width":430,"height":61,"caption":"Tour Travel And More"},"image":{"@id":"https:\/\/tourtravelandmore.com\/es\/#\/schema\/logo\/image\/"},"sameAs":["https:\/\/www.facebook.com\/tourtravelandmore\/","https:\/\/x.com\/TourTravel_More"]}]}},"_links":{"self":[{"href":"https:\/\/tourtravelandmore.com\/es\/wp-json\/wp\/v2\/product\/172419","targetHints":{"allow":["GET"]}}],"collection":[{"href":"https:\/\/tourtravelandmore.com\/es\/wp-json\/wp\/v2\/product"}],"about":[{"href":"https:\/\/tourtravelandmore.com\/es\/wp-json\/wp\/v2\/types\/product"}],"replies":[{"embeddable":true,"href":"https:\/\/tourtravelandmore.com\/es\/wp-json\/wp\/v2\/comments?post=172419"}],"wp:featuredmedia":[{"embeddable":true,"href":"https:\/\/tourtravelandmore.com\/es\/wp-json\/wp\/v2\/media\/172435"}],"wp:attachment":[{"href":"https:\/\/tourtravelandmore.com\/es\/wp-json\/wp\/v2\/media?parent=172419"}],"wp:term":[{"taxonomy":"product_brand","embeddable":true,"href":"https:\/\/tourtravelandmore.com\/es\/wp-json\/wp\/v2\/product_brand?post=172419"},{"taxonomy":"product_cat","embeddable":true,"href":"https:\/\/tourtravelandmore.com\/es\/wp-json\/wp\/v2\/product_cat?post=172419"},{"taxonomy":"product_tag","embeddable":true,"href":"https:\/\/tourtravelandmore.com\/es\/wp-json\/wp\/v2\/product_tag?post=172419"}],"curies":[{"name":"wp","href":"https:\/\/api.w.org\/{rel}","templated":true}]}}