{"id":172393,"date":"2024-02-07T20:59:15","date_gmt":"2024-02-07T19:59:16","guid":{"rendered":"https:\/\/tourtravelandmore.com\/?post_type=product&#038;p=172393"},"modified":"2024-03-18T13:59:15","modified_gmt":"2024-03-18T12:59:15","slug":"tour-privado-al-lago-como-y-bellagio-desde-milan-con-paseo-en-barco-sin-guia-copy-copy","status":"publish","type":"product","link":"https:\/\/tourtravelandmore.com\/es\/tours\/italia-es\/milan-es\/tour-privado-al-lago-como-y-bellagio-desde-milan-con-paseo-en-barco-sin-guia-copy-copy\/","title":{"rendered":"Veh\u00edculo privado con conductor al Lago Como y Bellagio desde Mil\u00e1n"},"content":{"rendered":"<h2>Descripci\u00f3n Veh\u00edculo privado con conductor a COMO y Bellagio desde Mil\u00e1n<\/h2>\n<p>La excursi\u00f3n de d\u00eda completo con <strong>Tour Travel &amp; More<\/strong> es una experiencia inolvidable que le llevar\u00e1 a descubrir dos joyas del <strong>Lago Como:<\/strong> la elegante ciudad de <strong>Como<\/strong> y la pintoresca <strong>Bellagio.<\/strong> Desde la comodidad de un veh\u00edculo privado con conductor, tendr\u00e1 la oportunidad de explorar estos encantadores destinos y disfrutar de espectaculares paisajes por el camino.<\/p>\n<p>Esta <strong>Excursi\u00f3n Privada al Lago de Como y Bellagio desde Mil\u00e1n<\/strong> <strong>(s\u00f3lo coche con conductor)<\/strong> es ideal para que descubra el tercer lago m\u00e1s grande de Italia, cuya forma de &#8220;Y&#8221; invertida se asemeja a dos brazos que esperan abrazar a los viajeros. Esta excursi\u00f3n de<strong> 8 horas<\/strong> est\u00e1 hecha a su medida. De hecho, puede elegir entre las distintas alternativas de excursi\u00f3n disponibles la que mejor se adapte a su tiempo y necesidades.<\/p>\n<p>Cualquiera de las opciones de excursi\u00f3n que elija incluye el traslado de vuelta a <strong>Mil\u00e1n<\/strong> para que pueda continuar su itinerario.<\/p>\n<h2>Puntos de inter\u00e9s<\/h2>\n<p>Su conductor profesional le recoger\u00e1 en su ubicaci\u00f3n en <strong>Mil\u00e1n<\/strong> en un veh\u00edculo c\u00f3modo y seguro, listo para iniciar su viaje al <strong>Lago Como.<\/strong><\/p>\n<p>Por el camino, podr\u00e1 admirar la belleza de la <strong>campi\u00f1a italiana<\/strong> y las <strong>majestuosas vistas<\/strong> de los <strong>Alpes<\/strong> a medida que se acerca al <strong>Lago Como.<\/strong> Su conductor estar\u00e1 encantado de proporcionarle informaci\u00f3n sobre los lugares de inter\u00e9s a lo largo del camino.<\/p>\n<p>Una vez en <strong>Como,<\/strong> dispondr\u00e1 de tiempo libre para descubrir esta <strong>hist\u00f3rica ciudad<\/strong> a su propio ritmo. Pasee por las encantadoras calles adoquinadas, visite la impresionante <strong>Catedral de Como<\/strong> con sus intrincadas obras de arte y disfrute de las vistas panor\u00e1micas desde el paseo junto al <strong>lago.<\/strong><\/p>\n<p>Despu\u00e9s de explorar <strong>Como,<\/strong> su ch\u00f3fer le llevar\u00e1 a <strong>Bellagio,<\/strong> conocida como la &#8220;<strong>Perla del Lago Como<\/strong>&#8220;. Esta encantadora ciudad le cautivar\u00e1 con sus exuberantes jardines, sus calles empedradas y sus impresionantes vistas del lago y las monta\u00f1as circundantes. Bellagio alberga varias <strong>villas hist\u00f3ricas<\/strong> y <strong>hermosos jardines<\/strong> que podr\u00e1 visitar. Algunos de los m\u00e1s destacados son <strong>Villa Melzi d&#8217;Eril<\/strong> y sus magn\u00edficos jardines bot\u00e1nicos, as\u00ed como <strong>Villa Serbelloni,<\/strong> rodeada de frondosos parques y bosques.<\/p>\n<p>Tras un d\u00eda lleno de exploraci\u00f3n y belleza natural, regresar\u00e1 a <strong>Mil\u00e1n<\/strong> en su veh\u00edculo privado. Tendr\u00e1 tiempo de sobra para relajarse y disfrutar del paisaje mientras regresa a la ciudad.<\/p>\n<p>Si dispone de algo m\u00e1s de tiempo en Italia, le recomendamos que incluya en su itinerario de viaje <a href=\"https:\/\/tourtravelandmore.com\/tours\/italy\/milan-en-italy\/private-tour-to-bergamo-from-milan\/\">nuestra excursi\u00f3n privada a B\u00e9rgamo desde Mil\u00e1n<\/a> para explorar una de las ciudades m\u00e1s emblem\u00e1ticas de Lombard\u00eda.<\/p>\n","protected":false},"excerpt":{"rendered":"<p>Esta Excursi\u00f3n Privada al Lago de Como y Bellagio desde Mil\u00e1n (s\u00f3lo coche con conductor) es ideal para que descubra el tercer lago m\u00e1s grande de Italia, cuya forma de &#8220;Y&#8221; invertida se asemeja a dos brazos que esperan abrazar a los viajeros. Esta excursi\u00f3n de 10 horas est\u00e1 hecha a su medida. De hecho, podr\u00e1 elegir entre las distintas alternativas de excursi\u00f3n disponibles la que mejor se adapte a su tiempo y necesidades. El Lago di Como se encuentra muy cerca de Mil\u00e1n. Esto lo ha convertido en el lugar favorito de ricos y famosos.<\/p>\n","protected":false},"featured_media":172409,"comment_status":"open","ping_status":"closed","template":"","meta":{"_acf_changed":false},"product_brand":[],"product_cat":[4909,424,425,427,426],"product_tag":[],"class_list":{"0":"post-172393","1":"product","2":"type-product","3":"status-publish","4":"has-post-thumbnail","6":"product_cat-lago-como","7":"product_cat-milan-es","8":"product_cat-milan-actividades-es","9":"product_cat-milan-rutas-turisticas-privadas-es","10":"product_cat-milan-excursiones-es","12":"first","13":"instock","14":"shipping-taxable","15":"purchasable","16":"product-type-simple"},"acf":[],"yoast_head":"<!-- This site is optimized with the Yoast SEO Premium plugin v25.3.1 (Yoast SEO v25.3.1) - https:\/\/yoast.com\/wordpress\/plugins\/seo\/ -->\n<title>Veh\u00edculo privado con conductor al Lago Como y Bellagio desde Mil\u00e1n - TTM<\/title>\n<meta name=\"description\" content=\"Veh\u00edculo privado con conductor al Lago Como y Bellagio desde Mil\u00e1n. Tambi\u00e9n puede solicitar un gu\u00eda privado y, si lo desea, incluir un relajante paseo en barco por el lago.\" \/>\n<meta name=\"robots\" content=\"index, follow, max-snippet:-1, max-image-preview:large, max-video-preview:-1\" \/>\n<link rel=\"canonical\" href=\"https:\/\/tourtravelandmore.com\/es\/tours\/italia-es\/milan-es\/tour-privado-al-lago-como-y-bellagio-desde-milan-con-paseo-en-barco-sin-guia-copy-copy\/\" \/>\n<meta property=\"og:locale\" content=\"es_ES\" \/>\n<meta property=\"og:type\" content=\"article\" \/>\n<meta property=\"og:title\" content=\"Veh\u00edculo privado con conductor al Lago Como y Bellagio desde Mil\u00e1n\" \/>\n<meta property=\"og:description\" content=\"Veh\u00edculo privado con conductor al Lago Como y Bellagio desde Mil\u00e1n. Tambi\u00e9n puede solicitar un gu\u00eda privado y, si lo desea, incluir un relajante paseo en barco por el lago.\" \/>\n<meta property=\"og:url\" content=\"https:\/\/tourtravelandmore.com\/es\/tours\/italia-es\/milan-es\/tour-privado-al-lago-como-y-bellagio-desde-milan-con-paseo-en-barco-sin-guia-copy-copy\/\" \/>\n<meta property=\"og:site_name\" content=\"Tour Travel And More\" \/>\n<meta property=\"article:publisher\" content=\"https:\/\/www.facebook.com\/tourtravelandmore\/\" \/>\n<meta property=\"article:modified_time\" content=\"2024-03-18T12:59:15+00:00\" \/>\n<meta property=\"og:image\" content=\"https:\/\/tourtravelandmore.com\/wp-content\/uploads\/2024\/02\/Lake-Como-Inspirations.jpg\" \/>\n\t<meta property=\"og:image:width\" content=\"1920\" \/>\n\t<meta property=\"og:image:height\" content=\"1080\" \/>\n\t<meta property=\"og:image:type\" content=\"image\/jpeg\" \/>\n<meta name=\"twitter:card\" content=\"summary_large_image\" \/>\n<meta name=\"twitter:site\" content=\"@TourTravel_More\" \/>\n<meta name=\"twitter:label1\" content=\"Tiempo de lectura\" \/>\n\t<meta name=\"twitter:data1\" content=\"2 minutos\" \/>\n<script type=\"application\/ld+json\" class=\"yoast-schema-graph\">{\"@context\":\"https:\/\/schema.org\",\"@graph\":[{\"@type\":\"WebPage\",\"@id\":\"https:\/\/tourtravelandmore.com\/es\/tours\/italia-es\/milan-es\/tour-privado-al-lago-como-y-bellagio-desde-milan-con-paseo-en-barco-sin-guia-copy-copy\/\",\"url\":\"https:\/\/tourtravelandmore.com\/es\/tours\/italia-es\/milan-es\/tour-privado-al-lago-como-y-bellagio-desde-milan-con-paseo-en-barco-sin-guia-copy-copy\/\",\"name\":\"Veh\u00edculo privado con conductor al Lago Como y Bellagio desde Mil\u00e1n - TTM\",\"isPartOf\":{\"@id\":\"https:\/\/tourtravelandmore.com\/es\/#website\"},\"primaryImageOfPage\":{\"@id\":\"https:\/\/tourtravelandmore.com\/es\/tours\/italia-es\/milan-es\/tour-privado-al-lago-como-y-bellagio-desde-milan-con-paseo-en-barco-sin-guia-copy-copy\/#primaryimage\"},\"image\":{\"@id\":\"https:\/\/tourtravelandmore.com\/es\/tours\/italia-es\/milan-es\/tour-privado-al-lago-como-y-bellagio-desde-milan-con-paseo-en-barco-sin-guia-copy-copy\/#primaryimage\"},\"thumbnailUrl\":\"https:\/\/tourtravelandmore.com\/wp-content\/uploads\/2024\/02\/Lake-Como-Inspirations.jpg\",\"datePublished\":\"2024-02-07T19:59:16+00:00\",\"dateModified\":\"2024-03-18T12:59:15+00:00\",\"description\":\"Veh\u00edculo privado con conductor al Lago Como y Bellagio desde Mil\u00e1n. Tambi\u00e9n puede solicitar un gu\u00eda privado y, si lo desea, incluir un relajante paseo en barco por el lago.\",\"breadcrumb\":{\"@id\":\"https:\/\/tourtravelandmore.com\/es\/tours\/italia-es\/milan-es\/tour-privado-al-lago-como-y-bellagio-desde-milan-con-paseo-en-barco-sin-guia-copy-copy\/#breadcrumb\"},\"inLanguage\":\"es\",\"potentialAction\":[{\"@type\":\"ReadAction\",\"target\":[\"https:\/\/tourtravelandmore.com\/es\/tours\/italia-es\/milan-es\/tour-privado-al-lago-como-y-bellagio-desde-milan-con-paseo-en-barco-sin-guia-copy-copy\/\"]}]},{\"@type\":\"ImageObject\",\"inLanguage\":\"es\",\"@id\":\"https:\/\/tourtravelandmore.com\/es\/tours\/italia-es\/milan-es\/tour-privado-al-lago-como-y-bellagio-desde-milan-con-paseo-en-barco-sin-guia-copy-copy\/#primaryimage\",\"url\":\"https:\/\/tourtravelandmore.com\/wp-content\/uploads\/2024\/02\/Lake-Como-Inspirations.jpg\",\"contentUrl\":\"https:\/\/tourtravelandmore.com\/wp-content\/uploads\/2024\/02\/Lake-Como-Inspirations.jpg\",\"width\":1920,\"height\":1080},{\"@type\":\"BreadcrumbList\",\"@id\":\"https:\/\/tourtravelandmore.com\/es\/tours\/italia-es\/milan-es\/tour-privado-al-lago-como-y-bellagio-desde-milan-con-paseo-en-barco-sin-guia-copy-copy\/#breadcrumb\",\"itemListElement\":[{\"@type\":\"ListItem\",\"position\":1,\"name\":\"Home\",\"item\":\"https:\/\/tourtravelandmore.com\/es\/\"},{\"@type\":\"ListItem\",\"position\":2,\"name\":\"Tours\",\"item\":\"https:\/\/tourtravelandmore.com\/es\/tours\/\"},{\"@type\":\"ListItem\",\"position\":3,\"name\":\"Veh\u00edculo privado con conductor al Lago Como y Bellagio desde Mil\u00e1n\"}]},{\"@type\":\"WebSite\",\"@id\":\"https:\/\/tourtravelandmore.com\/es\/#website\",\"url\":\"https:\/\/tourtravelandmore.com\/es\/\",\"name\":\"Tour Travel And More\",\"description\":\"Private sightseeing tours and luxury transfers in Spain\",\"publisher\":{\"@id\":\"https:\/\/tourtravelandmore.com\/es\/#organization\"},\"potentialAction\":[{\"@type\":\"SearchAction\",\"target\":{\"@type\":\"EntryPoint\",\"urlTemplate\":\"https:\/\/tourtravelandmore.com\/es\/?s={search_term_string}\"},\"query-input\":{\"@type\":\"PropertyValueSpecification\",\"valueRequired\":true,\"valueName\":\"search_term_string\"}}],\"inLanguage\":\"es\"},{\"@type\":\"Organization\",\"@id\":\"https:\/\/tourtravelandmore.com\/es\/#organization\",\"name\":\"Tour Travel And More\",\"url\":\"https:\/\/tourtravelandmore.com\/es\/\",\"logo\":{\"@type\":\"ImageObject\",\"inLanguage\":\"es\",\"@id\":\"https:\/\/tourtravelandmore.com\/es\/#\/schema\/logo\/image\/\",\"url\":\"https:\/\/tourtravelandmore.com\/wp-content\/uploads\/2022\/12\/cropped-logo-cabecera-new.png\",\"contentUrl\":\"https:\/\/tourtravelandmore.com\/wp-content\/uploads\/2022\/12\/cropped-logo-cabecera-new.png\",\"width\":430,\"height\":61,\"caption\":\"Tour Travel And More\"},\"image\":{\"@id\":\"https:\/\/tourtravelandmore.com\/es\/#\/schema\/logo\/image\/\"},\"sameAs\":[\"https:\/\/www.facebook.com\/tourtravelandmore\/\",\"https:\/\/x.com\/TourTravel_More\"]}]}<\/script>\n<!-- \/ Yoast SEO Premium plugin. -->","yoast_head_json":{"title":"Veh\u00edculo privado con conductor al Lago Como y Bellagio desde Mil\u00e1n - TTM","description":"Veh\u00edculo privado con conductor al Lago Como y Bellagio desde Mil\u00e1n. Tambi\u00e9n puede solicitar un gu\u00eda privado y, si lo desea, incluir un relajante paseo en barco por el lago.","robots":{"index":"index","follow":"follow","max-snippet":"max-snippet:-1","max-image-preview":"max-image-preview:large","max-video-preview":"max-video-preview:-1"},"canonical":"https:\/\/tourtravelandmore.com\/es\/tours\/italia-es\/milan-es\/tour-privado-al-lago-como-y-bellagio-desde-milan-con-paseo-en-barco-sin-guia-copy-copy\/","og_locale":"es_ES","og_type":"article","og_title":"Veh\u00edculo privado con conductor al Lago Como y Bellagio desde Mil\u00e1n","og_description":"Veh\u00edculo privado con conductor al Lago Como y Bellagio desde Mil\u00e1n. Tambi\u00e9n puede solicitar un gu\u00eda privado y, si lo desea, incluir un relajante paseo en barco por el lago.","og_url":"https:\/\/tourtravelandmore.com\/es\/tours\/italia-es\/milan-es\/tour-privado-al-lago-como-y-bellagio-desde-milan-con-paseo-en-barco-sin-guia-copy-copy\/","og_site_name":"Tour Travel And More","article_publisher":"https:\/\/www.facebook.com\/tourtravelandmore\/","article_modified_time":"2024-03-18T12:59:15+00:00","og_image":[{"width":1920,"height":1080,"url":"https:\/\/tourtravelandmore.com\/wp-content\/uploads\/2024\/02\/Lake-Como-Inspirations.jpg","type":"image\/jpeg"}],"twitter_card":"summary_large_image","twitter_site":"@TourTravel_More","twitter_misc":{"Tiempo de lectura":"2 minutos"},"schema":{"@context":"https:\/\/schema.org","@graph":[{"@type":"WebPage","@id":"https:\/\/tourtravelandmore.com\/es\/tours\/italia-es\/milan-es\/tour-privado-al-lago-como-y-bellagio-desde-milan-con-paseo-en-barco-sin-guia-copy-copy\/","url":"https:\/\/tourtravelandmore.com\/es\/tours\/italia-es\/milan-es\/tour-privado-al-lago-como-y-bellagio-desde-milan-con-paseo-en-barco-sin-guia-copy-copy\/","name":"Veh\u00edculo privado con conductor al Lago Como y Bellagio desde Mil\u00e1n - TTM","isPartOf":{"@id":"https:\/\/tourtravelandmore.com\/es\/#website"},"primaryImageOfPage":{"@id":"https:\/\/tourtravelandmore.com\/es\/tours\/italia-es\/milan-es\/tour-privado-al-lago-como-y-bellagio-desde-milan-con-paseo-en-barco-sin-guia-copy-copy\/#primaryimage"},"image":{"@id":"https:\/\/tourtravelandmore.com\/es\/tours\/italia-es\/milan-es\/tour-privado-al-lago-como-y-bellagio-desde-milan-con-paseo-en-barco-sin-guia-copy-copy\/#primaryimage"},"thumbnailUrl":"https:\/\/tourtravelandmore.com\/wp-content\/uploads\/2024\/02\/Lake-Como-Inspirations.jpg","datePublished":"2024-02-07T19:59:16+00:00","dateModified":"2024-03-18T12:59:15+00:00","description":"Veh\u00edculo privado con conductor al Lago Como y Bellagio desde Mil\u00e1n. Tambi\u00e9n puede solicitar un gu\u00eda privado y, si lo desea, incluir un relajante paseo en barco por el lago.","breadcrumb":{"@id":"https:\/\/tourtravelandmore.com\/es\/tours\/italia-es\/milan-es\/tour-privado-al-lago-como-y-bellagio-desde-milan-con-paseo-en-barco-sin-guia-copy-copy\/#breadcrumb"},"inLanguage":"es","potentialAction":[{"@type":"ReadAction","target":["https:\/\/tourtravelandmore.com\/es\/tours\/italia-es\/milan-es\/tour-privado-al-lago-como-y-bellagio-desde-milan-con-paseo-en-barco-sin-guia-copy-copy\/"]}]},{"@type":"ImageObject","inLanguage":"es","@id":"https:\/\/tourtravelandmore.com\/es\/tours\/italia-es\/milan-es\/tour-privado-al-lago-como-y-bellagio-desde-milan-con-paseo-en-barco-sin-guia-copy-copy\/#primaryimage","url":"https:\/\/tourtravelandmore.com\/wp-content\/uploads\/2024\/02\/Lake-Como-Inspirations.jpg","contentUrl":"https:\/\/tourtravelandmore.com\/wp-content\/uploads\/2024\/02\/Lake-Como-Inspirations.jpg","width":1920,"height":1080},{"@type":"BreadcrumbList","@id":"https:\/\/tourtravelandmore.com\/es\/tours\/italia-es\/milan-es\/tour-privado-al-lago-como-y-bellagio-desde-milan-con-paseo-en-barco-sin-guia-copy-copy\/#breadcrumb","itemListElement":[{"@type":"ListItem","position":1,"name":"Home","item":"https:\/\/tourtravelandmore.com\/es\/"},{"@type":"ListItem","position":2,"name":"Tours","item":"https:\/\/tourtravelandmore.com\/es\/tours\/"},{"@type":"ListItem","position":3,"name":"Veh\u00edculo privado con conductor al Lago Como y Bellagio desde Mil\u00e1n"}]},{"@type":"WebSite","@id":"https:\/\/tourtravelandmore.com\/es\/#website","url":"https:\/\/tourtravelandmore.com\/es\/","name":"Tour Travel And More","description":"Private sightseeing tours and luxury transfers in Spain","publisher":{"@id":"https:\/\/tourtravelandmore.com\/es\/#organization"},"potentialAction":[{"@type":"SearchAction","target":{"@type":"EntryPoint","urlTemplate":"https:\/\/tourtravelandmore.com\/es\/?s={search_term_string}"},"query-input":{"@type":"PropertyValueSpecification","valueRequired":true,"valueName":"search_term_string"}}],"inLanguage":"es"},{"@type":"Organization","@id":"https:\/\/tourtravelandmore.com\/es\/#organization","name":"Tour Travel And More","url":"https:\/\/tourtravelandmore.com\/es\/","logo":{"@type":"ImageObject","inLanguage":"es","@id":"https:\/\/tourtravelandmore.com\/es\/#\/schema\/logo\/image\/","url":"https:\/\/tourtravelandmore.com\/wp-content\/uploads\/2022\/12\/cropped-logo-cabecera-new.png","contentUrl":"https:\/\/tourtravelandmore.com\/wp-content\/uploads\/2022\/12\/cropped-logo-cabecera-new.png","width":430,"height":61,"caption":"Tour Travel And More"},"image":{"@id":"https:\/\/tourtravelandmore.com\/es\/#\/schema\/logo\/image\/"},"sameAs":["https:\/\/www.facebook.com\/tourtravelandmore\/","https:\/\/x.com\/TourTravel_More"]}]}},"_links":{"self":[{"href":"https:\/\/tourtravelandmore.com\/es\/wp-json\/wp\/v2\/product\/172393","targetHints":{"allow":["GET"]}}],"collection":[{"href":"https:\/\/tourtravelandmore.com\/es\/wp-json\/wp\/v2\/product"}],"about":[{"href":"https:\/\/tourtravelandmore.com\/es\/wp-json\/wp\/v2\/types\/product"}],"replies":[{"embeddable":true,"href":"https:\/\/tourtravelandmore.com\/es\/wp-json\/wp\/v2\/comments?post=172393"}],"wp:featuredmedia":[{"embeddable":true,"href":"https:\/\/tourtravelandmore.com\/es\/wp-json\/wp\/v2\/media\/172409"}],"wp:attachment":[{"href":"https:\/\/tourtravelandmore.com\/es\/wp-json\/wp\/v2\/media?parent=172393"}],"wp:term":[{"taxonomy":"product_brand","embeddable":true,"href":"https:\/\/tourtravelandmore.com\/es\/wp-json\/wp\/v2\/product_brand?post=172393"},{"taxonomy":"product_cat","embeddable":true,"href":"https:\/\/tourtravelandmore.com\/es\/wp-json\/wp\/v2\/product_cat?post=172393"},{"taxonomy":"product_tag","embeddable":true,"href":"https:\/\/tourtravelandmore.com\/es\/wp-json\/wp\/v2\/product_tag?post=172393"}],"curies":[{"name":"wp","href":"https:\/\/api.w.org\/{rel}","templated":true}]}}