{"id":172315,"date":"2024-02-07T19:09:27","date_gmt":"2024-02-07T18:09:27","guid":{"rendered":"https:\/\/tourtravelandmore.com\/?post_type=product&#038;p=172315"},"modified":"2024-02-14T15:30:27","modified_gmt":"2024-02-14T14:30:27","slug":"tour-privado-al-lago-como-bellagio-y-varenna-desde-milan-copy","status":"publish","type":"product","link":"https:\/\/tourtravelandmore.com\/es\/tours\/italia-es\/milan-es\/tour-privado-al-lago-como-bellagio-y-varenna-desde-milan-copy\/","title":{"rendered":"Veh\u00edculo privado con conductor a COMO, Bellagio y Varenna desde Mil\u00e1n"},"content":{"rendered":"<h2><strong>Descripci\u00f3n Veh\u00edculo privado con conductor a COMO, Bellagio y Varenna desde Mil\u00e1n<\/strong><\/h2>\n<p>A\u00f1o tras a\u00f1o, miles de turistas eligen Italia como destino de sus viajes. Y visitar el Lago di Como, Bellagio y Varenna siempre est\u00e1n en su itinerario porque es uno de los paisajes naturales m\u00e1s atractivos de Europa.<\/p>\n<p>Esta Excursi\u00f3n Privada al Lago de Como, Bellagio y Varenna desde Mil\u00e1n es ideal para que descubra el tercer lago m\u00e1s grande de Italia, cuya forma de &#8220;Y&#8221; invertida se asemeja a dos brazos que esperan abrazar a los viajeros.<\/p>\n<p>Esta excursi\u00f3n de 10 horas est\u00e1 hecha a su medida. De hecho, podr\u00e1 elegir entre las distintas alternativas de excursi\u00f3n disponibles la que mejor se adapte a su tiempo y necesidades.<\/p>\n<p>El Lago di Como se encuentra muy cerca de Mil\u00e1n. Esto lo ha convertido en el lugar favorito de ricos y famosos.<\/p>\n<p>Cualquiera de las opciones de excursi\u00f3n que elija incluye el traslado de vuelta a Mil\u00e1n para que pueda continuar su itinerario.<\/p>\n<h2>Puntos de inter\u00e9s<\/h2>\n<p>Su ch\u00f3fer privado le recoger\u00e1 en su alojamiento de Mil\u00e1n. Suba al veh\u00edculo y prep\u00e1rese para un d\u00eda lleno de belleza natural y encanto hist\u00f3rico en el Lago Como. Llegaremos a la encantadora ciudad de Como, situada a orillas del lago.<\/p>\n<p>Nuestro chofer nos llevar\u00e1 a dar un paseo por el casco antiguo de Como. Donde podremos admirar la impresionante catedral g\u00f3tica y explorar las encantadoras calles llenas de historia y encanto. Disfrutaremos de un delicioso almuerzo en un restaurante local recomendado por nuestro gu\u00eda. Donde podremos degustar aut\u00e9ntica cocina italiana mientras disfrutamos de las vistas del lago.<\/p>\n<p>Despu\u00e9s del almuerzo, nos dirigiremos en coche privado a Bellagio, conocida como la &#8220;Perla del Lago Como&#8221;. Disfrutaremos de un pintoresco paseo por esta encantadora ciudad situada en la punta de la pen\u00ednsula de Bellagio. Continuaremos nuestro viaje hacia Varenna, otro hermoso pueblo a orillas del Lago Como, conocido por su encantador puerto y sus calles empedradas.<\/p>\n<p>Para llegar a Varenna, tendr\u00e1 que tomar el ferry desde Bellagio. Su conductor privado le esperar\u00e1 en Bellagio mientras visita Varenna. Los billetes de ferry no est\u00e1n incluidos, tendr\u00e1 que comprarlos in situ.<\/p>\n<p>Donde podremos visitar la Iglesia de San Giorgio y el pintoresco paseo junto al lago. Tras un d\u00eda de exploraci\u00f3n y descubrimiento, nos despediremos del Lago Como y regresaremos a Mil\u00e1n.<\/p>\n<p>Regresaremos a su alojamiento en Mil\u00e1n, concluyendo as\u00ed nuestra inolvidable excursi\u00f3n privada al Lago Como, Bellagio y Varenna.<\/p>\n<p><span style=\"font-weight: 400;\">Si cuentas con un poco m\u00e1s de tiempo por Italia, te recomendamos que incluyas en tu itinerario de viaje nuestro <\/span><a href=\"https:\/\/tourtravelandmore.com\/es\/tours\/italia-es\/milan-es\/tour-privado-a-bergamo-desde-milan\/\"><b>tour privado a B\u00e9rgamo desde Mil\u00e1n<\/b><\/a><span style=\"font-weight: 400;\"> para que explores una de las ciudades m\u00e1s emblem\u00e1ticas de Lombard\u00eda.\u00a0<\/span><\/p>\n","protected":false},"excerpt":{"rendered":"<p>A\u00f1o tras a\u00f1o, miles de turistas eligen Italia como destino de sus viajes. Y visitar el Lago di Como, Bellagio y Varenna siempre est\u00e1n en su itinerario porque es uno de los paisajes naturales m\u00e1s atractivos de Europa.<\/p>\n","protected":false},"featured_media":172331,"comment_status":"open","ping_status":"closed","template":"","meta":{"_acf_changed":false},"product_brand":[],"product_cat":[4909,424,425,427,426],"product_tag":[],"class_list":{"0":"post-172315","1":"product","2":"type-product","3":"status-publish","4":"has-post-thumbnail","6":"product_cat-lago-como","7":"product_cat-milan-es","8":"product_cat-milan-actividades-es","9":"product_cat-milan-rutas-turisticas-privadas-es","10":"product_cat-milan-excursiones-es","12":"first","13":"instock","14":"shipping-taxable","15":"purchasable","16":"product-type-simple"},"acf":[],"yoast_head":"<!-- This site is optimized with the Yoast SEO Premium plugin v25.3.1 (Yoast SEO v25.3.1) - https:\/\/yoast.com\/wordpress\/plugins\/seo\/ -->\n<title>Tour Privado al Lago Como, Bellagio y Varenna desde Mil\u00e1n - TTM<\/title>\n<meta name=\"description\" content=\"Tour privado al Lago Como, Bellagio y Varenna desde Mil\u00e1n. Tambi\u00e9n puede solicitar un gu\u00eda privado y, si lo desea, incluir un relajante paseo en barco por el lago.\" \/>\n<meta name=\"robots\" content=\"index, follow, max-snippet:-1, max-image-preview:large, max-video-preview:-1\" \/>\n<link rel=\"canonical\" href=\"https:\/\/tourtravelandmore.com\/es\/tours\/italia-es\/milan-es\/tour-privado-al-lago-como-bellagio-y-varenna-desde-milan-copy\/\" \/>\n<meta property=\"og:locale\" content=\"es_ES\" \/>\n<meta property=\"og:type\" content=\"article\" \/>\n<meta property=\"og:title\" content=\"Veh\u00edculo privado con conductor a COMO, Bellagio y Varenna desde Mil\u00e1n\" \/>\n<meta property=\"og:description\" content=\"Tour privado al Lago Como, Bellagio y Varenna desde Mil\u00e1n. Tambi\u00e9n puede solicitar un gu\u00eda privado y, si lo desea, incluir un relajante paseo en barco por el lago.\" \/>\n<meta property=\"og:url\" content=\"https:\/\/tourtravelandmore.com\/es\/tours\/italia-es\/milan-es\/tour-privado-al-lago-como-bellagio-y-varenna-desde-milan-copy\/\" \/>\n<meta property=\"og:site_name\" content=\"Tour Travel And More\" \/>\n<meta property=\"article:publisher\" content=\"https:\/\/www.facebook.com\/tourtravelandmore\/\" \/>\n<meta property=\"article:modified_time\" content=\"2024-02-14T14:30:27+00:00\" \/>\n<meta property=\"og:image\" content=\"https:\/\/tourtravelandmore.com\/wp-content\/uploads\/2024\/02\/pexels-photo-8431053.jpg\" \/>\n\t<meta property=\"og:image:width\" content=\"1126\" \/>\n\t<meta property=\"og:image:height\" content=\"750\" \/>\n\t<meta property=\"og:image:type\" content=\"image\/jpeg\" \/>\n<meta name=\"twitter:card\" content=\"summary_large_image\" \/>\n<meta name=\"twitter:site\" content=\"@TourTravel_More\" \/>\n<meta name=\"twitter:label1\" content=\"Tiempo de lectura\" \/>\n\t<meta name=\"twitter:data1\" content=\"2 minutos\" \/>\n<script type=\"application\/ld+json\" class=\"yoast-schema-graph\">{\"@context\":\"https:\/\/schema.org\",\"@graph\":[{\"@type\":\"WebPage\",\"@id\":\"https:\/\/tourtravelandmore.com\/es\/tours\/italia-es\/milan-es\/tour-privado-al-lago-como-bellagio-y-varenna-desde-milan-copy\/\",\"url\":\"https:\/\/tourtravelandmore.com\/es\/tours\/italia-es\/milan-es\/tour-privado-al-lago-como-bellagio-y-varenna-desde-milan-copy\/\",\"name\":\"Tour Privado al Lago Como, Bellagio y Varenna desde Mil\u00e1n - TTM\",\"isPartOf\":{\"@id\":\"https:\/\/tourtravelandmore.com\/es\/#website\"},\"primaryImageOfPage\":{\"@id\":\"https:\/\/tourtravelandmore.com\/es\/tours\/italia-es\/milan-es\/tour-privado-al-lago-como-bellagio-y-varenna-desde-milan-copy\/#primaryimage\"},\"image\":{\"@id\":\"https:\/\/tourtravelandmore.com\/es\/tours\/italia-es\/milan-es\/tour-privado-al-lago-como-bellagio-y-varenna-desde-milan-copy\/#primaryimage\"},\"thumbnailUrl\":\"https:\/\/tourtravelandmore.com\/wp-content\/uploads\/2024\/02\/pexels-photo-8431053.jpg\",\"datePublished\":\"2024-02-07T18:09:27+00:00\",\"dateModified\":\"2024-02-14T14:30:27+00:00\",\"description\":\"Tour privado al Lago Como, Bellagio y Varenna desde Mil\u00e1n. Tambi\u00e9n puede solicitar un gu\u00eda privado y, si lo desea, incluir un relajante paseo en barco por el lago.\",\"breadcrumb\":{\"@id\":\"https:\/\/tourtravelandmore.com\/es\/tours\/italia-es\/milan-es\/tour-privado-al-lago-como-bellagio-y-varenna-desde-milan-copy\/#breadcrumb\"},\"inLanguage\":\"es\",\"potentialAction\":[{\"@type\":\"ReadAction\",\"target\":[\"https:\/\/tourtravelandmore.com\/es\/tours\/italia-es\/milan-es\/tour-privado-al-lago-como-bellagio-y-varenna-desde-milan-copy\/\"]}]},{\"@type\":\"ImageObject\",\"inLanguage\":\"es\",\"@id\":\"https:\/\/tourtravelandmore.com\/es\/tours\/italia-es\/milan-es\/tour-privado-al-lago-como-bellagio-y-varenna-desde-milan-copy\/#primaryimage\",\"url\":\"https:\/\/tourtravelandmore.com\/wp-content\/uploads\/2024\/02\/pexels-photo-8431053.jpg\",\"contentUrl\":\"https:\/\/tourtravelandmore.com\/wp-content\/uploads\/2024\/02\/pexels-photo-8431053.jpg\",\"width\":1126,\"height\":750},{\"@type\":\"BreadcrumbList\",\"@id\":\"https:\/\/tourtravelandmore.com\/es\/tours\/italia-es\/milan-es\/tour-privado-al-lago-como-bellagio-y-varenna-desde-milan-copy\/#breadcrumb\",\"itemListElement\":[{\"@type\":\"ListItem\",\"position\":1,\"name\":\"Home\",\"item\":\"https:\/\/tourtravelandmore.com\/es\/\"},{\"@type\":\"ListItem\",\"position\":2,\"name\":\"Tours\",\"item\":\"https:\/\/tourtravelandmore.com\/es\/tours\/\"},{\"@type\":\"ListItem\",\"position\":3,\"name\":\"Veh\u00edculo privado con conductor a COMO, Bellagio y Varenna desde Mil\u00e1n\"}]},{\"@type\":\"WebSite\",\"@id\":\"https:\/\/tourtravelandmore.com\/es\/#website\",\"url\":\"https:\/\/tourtravelandmore.com\/es\/\",\"name\":\"Tour Travel And More\",\"description\":\"Private sightseeing tours and luxury transfers in Spain\",\"publisher\":{\"@id\":\"https:\/\/tourtravelandmore.com\/es\/#organization\"},\"potentialAction\":[{\"@type\":\"SearchAction\",\"target\":{\"@type\":\"EntryPoint\",\"urlTemplate\":\"https:\/\/tourtravelandmore.com\/es\/?s={search_term_string}\"},\"query-input\":{\"@type\":\"PropertyValueSpecification\",\"valueRequired\":true,\"valueName\":\"search_term_string\"}}],\"inLanguage\":\"es\"},{\"@type\":\"Organization\",\"@id\":\"https:\/\/tourtravelandmore.com\/es\/#organization\",\"name\":\"Tour Travel And More\",\"url\":\"https:\/\/tourtravelandmore.com\/es\/\",\"logo\":{\"@type\":\"ImageObject\",\"inLanguage\":\"es\",\"@id\":\"https:\/\/tourtravelandmore.com\/es\/#\/schema\/logo\/image\/\",\"url\":\"https:\/\/tourtravelandmore.com\/wp-content\/uploads\/2022\/12\/cropped-logo-cabecera-new.png\",\"contentUrl\":\"https:\/\/tourtravelandmore.com\/wp-content\/uploads\/2022\/12\/cropped-logo-cabecera-new.png\",\"width\":430,\"height\":61,\"caption\":\"Tour Travel And More\"},\"image\":{\"@id\":\"https:\/\/tourtravelandmore.com\/es\/#\/schema\/logo\/image\/\"},\"sameAs\":[\"https:\/\/www.facebook.com\/tourtravelandmore\/\",\"https:\/\/x.com\/TourTravel_More\"]}]}<\/script>\n<!-- \/ Yoast SEO Premium plugin. -->","yoast_head_json":{"title":"Tour Privado al Lago Como, Bellagio y Varenna desde Mil\u00e1n - TTM","description":"Tour privado al Lago Como, Bellagio y Varenna desde Mil\u00e1n. Tambi\u00e9n puede solicitar un gu\u00eda privado y, si lo desea, incluir un relajante paseo en barco por el lago.","robots":{"index":"index","follow":"follow","max-snippet":"max-snippet:-1","max-image-preview":"max-image-preview:large","max-video-preview":"max-video-preview:-1"},"canonical":"https:\/\/tourtravelandmore.com\/es\/tours\/italia-es\/milan-es\/tour-privado-al-lago-como-bellagio-y-varenna-desde-milan-copy\/","og_locale":"es_ES","og_type":"article","og_title":"Veh\u00edculo privado con conductor a COMO, Bellagio y Varenna desde Mil\u00e1n","og_description":"Tour privado al Lago Como, Bellagio y Varenna desde Mil\u00e1n. Tambi\u00e9n puede solicitar un gu\u00eda privado y, si lo desea, incluir un relajante paseo en barco por el lago.","og_url":"https:\/\/tourtravelandmore.com\/es\/tours\/italia-es\/milan-es\/tour-privado-al-lago-como-bellagio-y-varenna-desde-milan-copy\/","og_site_name":"Tour Travel And More","article_publisher":"https:\/\/www.facebook.com\/tourtravelandmore\/","article_modified_time":"2024-02-14T14:30:27+00:00","og_image":[{"width":1126,"height":750,"url":"https:\/\/tourtravelandmore.com\/wp-content\/uploads\/2024\/02\/pexels-photo-8431053.jpg","type":"image\/jpeg"}],"twitter_card":"summary_large_image","twitter_site":"@TourTravel_More","twitter_misc":{"Tiempo de lectura":"2 minutos"},"schema":{"@context":"https:\/\/schema.org","@graph":[{"@type":"WebPage","@id":"https:\/\/tourtravelandmore.com\/es\/tours\/italia-es\/milan-es\/tour-privado-al-lago-como-bellagio-y-varenna-desde-milan-copy\/","url":"https:\/\/tourtravelandmore.com\/es\/tours\/italia-es\/milan-es\/tour-privado-al-lago-como-bellagio-y-varenna-desde-milan-copy\/","name":"Tour Privado al Lago Como, Bellagio y Varenna desde Mil\u00e1n - TTM","isPartOf":{"@id":"https:\/\/tourtravelandmore.com\/es\/#website"},"primaryImageOfPage":{"@id":"https:\/\/tourtravelandmore.com\/es\/tours\/italia-es\/milan-es\/tour-privado-al-lago-como-bellagio-y-varenna-desde-milan-copy\/#primaryimage"},"image":{"@id":"https:\/\/tourtravelandmore.com\/es\/tours\/italia-es\/milan-es\/tour-privado-al-lago-como-bellagio-y-varenna-desde-milan-copy\/#primaryimage"},"thumbnailUrl":"https:\/\/tourtravelandmore.com\/wp-content\/uploads\/2024\/02\/pexels-photo-8431053.jpg","datePublished":"2024-02-07T18:09:27+00:00","dateModified":"2024-02-14T14:30:27+00:00","description":"Tour privado al Lago Como, Bellagio y Varenna desde Mil\u00e1n. Tambi\u00e9n puede solicitar un gu\u00eda privado y, si lo desea, incluir un relajante paseo en barco por el lago.","breadcrumb":{"@id":"https:\/\/tourtravelandmore.com\/es\/tours\/italia-es\/milan-es\/tour-privado-al-lago-como-bellagio-y-varenna-desde-milan-copy\/#breadcrumb"},"inLanguage":"es","potentialAction":[{"@type":"ReadAction","target":["https:\/\/tourtravelandmore.com\/es\/tours\/italia-es\/milan-es\/tour-privado-al-lago-como-bellagio-y-varenna-desde-milan-copy\/"]}]},{"@type":"ImageObject","inLanguage":"es","@id":"https:\/\/tourtravelandmore.com\/es\/tours\/italia-es\/milan-es\/tour-privado-al-lago-como-bellagio-y-varenna-desde-milan-copy\/#primaryimage","url":"https:\/\/tourtravelandmore.com\/wp-content\/uploads\/2024\/02\/pexels-photo-8431053.jpg","contentUrl":"https:\/\/tourtravelandmore.com\/wp-content\/uploads\/2024\/02\/pexels-photo-8431053.jpg","width":1126,"height":750},{"@type":"BreadcrumbList","@id":"https:\/\/tourtravelandmore.com\/es\/tours\/italia-es\/milan-es\/tour-privado-al-lago-como-bellagio-y-varenna-desde-milan-copy\/#breadcrumb","itemListElement":[{"@type":"ListItem","position":1,"name":"Home","item":"https:\/\/tourtravelandmore.com\/es\/"},{"@type":"ListItem","position":2,"name":"Tours","item":"https:\/\/tourtravelandmore.com\/es\/tours\/"},{"@type":"ListItem","position":3,"name":"Veh\u00edculo privado con conductor a COMO, Bellagio y Varenna desde Mil\u00e1n"}]},{"@type":"WebSite","@id":"https:\/\/tourtravelandmore.com\/es\/#website","url":"https:\/\/tourtravelandmore.com\/es\/","name":"Tour Travel And More","description":"Private sightseeing tours and luxury transfers in Spain","publisher":{"@id":"https:\/\/tourtravelandmore.com\/es\/#organization"},"potentialAction":[{"@type":"SearchAction","target":{"@type":"EntryPoint","urlTemplate":"https:\/\/tourtravelandmore.com\/es\/?s={search_term_string}"},"query-input":{"@type":"PropertyValueSpecification","valueRequired":true,"valueName":"search_term_string"}}],"inLanguage":"es"},{"@type":"Organization","@id":"https:\/\/tourtravelandmore.com\/es\/#organization","name":"Tour Travel And More","url":"https:\/\/tourtravelandmore.com\/es\/","logo":{"@type":"ImageObject","inLanguage":"es","@id":"https:\/\/tourtravelandmore.com\/es\/#\/schema\/logo\/image\/","url":"https:\/\/tourtravelandmore.com\/wp-content\/uploads\/2022\/12\/cropped-logo-cabecera-new.png","contentUrl":"https:\/\/tourtravelandmore.com\/wp-content\/uploads\/2022\/12\/cropped-logo-cabecera-new.png","width":430,"height":61,"caption":"Tour Travel And More"},"image":{"@id":"https:\/\/tourtravelandmore.com\/es\/#\/schema\/logo\/image\/"},"sameAs":["https:\/\/www.facebook.com\/tourtravelandmore\/","https:\/\/x.com\/TourTravel_More"]}]}},"_links":{"self":[{"href":"https:\/\/tourtravelandmore.com\/es\/wp-json\/wp\/v2\/product\/172315","targetHints":{"allow":["GET"]}}],"collection":[{"href":"https:\/\/tourtravelandmore.com\/es\/wp-json\/wp\/v2\/product"}],"about":[{"href":"https:\/\/tourtravelandmore.com\/es\/wp-json\/wp\/v2\/types\/product"}],"replies":[{"embeddable":true,"href":"https:\/\/tourtravelandmore.com\/es\/wp-json\/wp\/v2\/comments?post=172315"}],"wp:featuredmedia":[{"embeddable":true,"href":"https:\/\/tourtravelandmore.com\/es\/wp-json\/wp\/v2\/media\/172331"}],"wp:attachment":[{"href":"https:\/\/tourtravelandmore.com\/es\/wp-json\/wp\/v2\/media?parent=172315"}],"wp:term":[{"taxonomy":"product_brand","embeddable":true,"href":"https:\/\/tourtravelandmore.com\/es\/wp-json\/wp\/v2\/product_brand?post=172315"},{"taxonomy":"product_cat","embeddable":true,"href":"https:\/\/tourtravelandmore.com\/es\/wp-json\/wp\/v2\/product_cat?post=172315"},{"taxonomy":"product_tag","embeddable":true,"href":"https:\/\/tourtravelandmore.com\/es\/wp-json\/wp\/v2\/product_tag?post=172315"}],"curies":[{"name":"wp","href":"https:\/\/api.w.org\/{rel}","templated":true}]}}