{"id":172251,"date":"2024-02-04T17:38:24","date_gmt":"2024-02-04T16:38:24","guid":{"rendered":"https:\/\/tourtravelandmore.com\/?post_type=product&#038;p=172251"},"modified":"2024-08-21T17:24:54","modified_gmt":"2024-08-21T15:24:54","slug":"excursion-privada-a-caserta-desde-napoles","status":"publish","type":"product","link":"https:\/\/tourtravelandmore.com\/es\/tours\/italia-es\/napoles-pompeya-es\/napoles-pompeya-actividades-es\/excursion-privada-a-caserta-desde-napoles\/","title":{"rendered":"Excursi\u00f3n privada a Caserta desde N\u00e1poles"},"content":{"rendered":"<h2><b>Excursi\u00f3n privada a Caserta desde N\u00e1poles Descripci\u00f3n<\/b><\/h2>\n<p><span style=\"font-weight: 400;\">Emb\u00e1rquese en un viaje inolvidable a Caserta, una ciudad cargada de historia y famosa por su magn\u00edfico Palacio Real. Esta excursi\u00f3n privada desde N\u00e1poles, ofrecida por Tour Travel and More, promete un d\u00eda completo de exploraci\u00f3n, cultura y esplendor arquitect\u00f3nico.<\/span><\/p>\n<p><span style=\"font-weight: 400;\">Su aventura comienza cuando es recibido por su chofer dedicado para una excursi\u00f3n de 8 horas. Su ch\u00f3fer privado recorrer\u00e1 la pintoresca ruta de N\u00e1poles a Caserta, garantizando un viaje c\u00f3modo y confortable. A su llegada a Caserta, se le unir\u00e1 un experto gu\u00eda local que le conducir\u00e1 a trav\u00e9s del encantador Palacio Real.<\/span><\/p>\n<p><span style=\"font-weight: 400;\">Caserta, ciudad de la regi\u00f3n italiana de Campania, es famosa por su impresionante Palacio Real, declarado Patrimonio de la Humanidad por la UNESCO. Al entrar en este opulento palacio, se transportar\u00e1 a una \u00e9poca pasada de realeza y extravagancia. Marav\u00edllese ante la grandiosidad de la arquitectura del palacio, adornada con exquisitos elementos barrocos y neocl\u00e1sicos.<\/span><\/p>\n<p><span style=\"font-weight: 400;\">El Palacio Real de Caserta, a menudo conocido como el &#8220;Versalles de Italia&#8221;, cuenta con m\u00e1s de 1.200 habitaciones, cada una m\u00e1s lujosa que la anterior. Su gu\u00eda experto le desvelar\u00e1 los secretos y la historia de esta obra maestra de la arquitectura. Aprenda sobre la dinast\u00eda Borb\u00f3n, que encarg\u00f3 el palacio, y su influencia en la regi\u00f3n.<\/span><\/p>\n<h2><b>Lugares Destacados de la Excursi\u00f3n Privada a Caserta desde N\u00e1poles<\/b><\/h2>\n<p><span style=\"font-weight: 400;\">Su excursi\u00f3n privada a Caserta desde N\u00e1poles promete una serie de cautivadores puntos de inter\u00e9s:<\/span><\/p>\n<ul>\n<li style=\"font-weight: 400;\" aria-level=\"1\"><b>Palacio Real de Caserta:<\/b><span style=\"font-weight: 400;\"> Explore la opulencia del Palacio Real, con su gran escalinata, sus techos con frescos y sus impresionantes jardines. Descubra la importancia hist\u00f3rica y las maravillas arquitect\u00f3nicas que hacen de este palacio un destino de visita obligada.<\/span><\/li>\n<li style=\"font-weight: 400;\" aria-level=\"1\"><b>Jardines del Palacio:<\/b><span style=\"font-weight: 400;\"> Recorra los meticulosos jardines, adornados con esculturas, fuentes y setos perfectamente recortados. El Jard\u00edn Ingl\u00e9s, inspirado en Versalles, ofrece una escapada tranquila con su belleza natural.<\/span><\/li>\n<li style=\"font-weight: 400;\" aria-level=\"1\"><b>La Gran Cascada:<\/b><span style=\"font-weight: 400;\"> D\u00e9jese hipnotizar por la Gran Cascada, una cascada monumental en los jardines del palacio. Es una obra maestra de la ingenier\u00eda hidr\u00e1ulica y un espect\u00e1culo impresionante para la vista.<\/span><\/li>\n<li style=\"font-weight: 400;\" aria-level=\"1\"><b>Casco antiguo de Caserta:<\/b><span style=\"font-weight: 400;\"> Pasee por las encantadoras calles del centro hist\u00f3rico de Caserta, repleto de pintorescas tiendas, caf\u00e9s y arquitectura centenaria. Sum\u00e9rjase en la cultura local y saboree la aut\u00e9ntica cocina italiana.<\/span><\/li>\n<li style=\"font-weight: 400;\" aria-level=\"1\"><b>Cultura local:<\/b><span style=\"font-weight: 400;\"> Su tour le ofrece la oportunidad de conectar con la cultura local y las tradiciones de Caserta. Entre en contacto con los amables lugare\u00f1os y conozca el rico patrimonio de la ciudad.<\/span><\/li>\n<li style=\"font-weight: 400;\" aria-level=\"1\"><b>Catedral de Caserta: <\/b><span style=\"font-weight: 400;\">Visite la Catedral de Caserta, un impresionante monumento religioso que muestra la arquitectura barroca napolitana. Admire los intrincados detalles del interior de la catedral y conozca su importancia hist\u00f3rica.<\/span><\/li>\n<li style=\"font-weight: 400;\" aria-level=\"1\"><b>Teatro Real de la Corte<\/b><span style=\"font-weight: 400;\">: Entre en el Teatro Real de la Corte, un elegante teatro de \u00f3pera que ha acogido numerosas representaciones a lo largo de su historia. Explore el lujoso interior del teatro e imagine la grandeza de las producciones del pasado.<\/span><\/li>\n<li style=\"font-weight: 400;\" aria-level=\"1\"><b>Mercados locales:<\/b><span style=\"font-weight: 400;\"> Sum\u00e9rjase en la vibrante atm\u00f3sfera de los mercados locales de Caserta. Pasee por los puestos repletos de productos frescos, productos artesanales y artesan\u00eda local. P\u00f3ngase en contacto con los amables vendedores y quiz\u00e1s se lleve un recuerdo de su visita.<\/span><\/li>\n<\/ul>\n<p><span style=\"font-weight: 400;\">Esta excursi\u00f3n privada incluye las entradas al Palacio Real de Caserta, lo que garantiza una experiencia perfecta. Al final de su recorrido por las joyas hist\u00f3ricas de Caserta, su ch\u00f3fer le llevar\u00e1 de vuelta a N\u00e1poles, dej\u00e1ndole un grato recuerdo de esta aventura real.<\/span><\/p>\n<p><span style=\"font-weight: 400;\">No pierda la oportunidad de sumergirse en el esplendor del Palacio Real de Caserta. Reserve su visita privada con Tour Travel and More y descubra la historia real y los tesoros culturales de este extraordinario destino.<\/span><\/p>\n<p><a href=\"https:\/\/tourtravelandmore.com\/es\/ciudad\/italia-es\/napoles-pompeya-es\/\"><span style=\"font-weight: 400;\">\u00a1Explore m\u00e1s tours y experiencias en N\u00e1poles con Tour Travel and More! \u2705<\/span><\/a><\/p>\n","protected":false},"excerpt":{"rendered":"<p><span style=\"font-weight: 400;\">Experimenta la grandeza del Palacio Real de Caserta en nuestro tour privado desde N\u00e1poles. Ad\u00e9ntrate en la opulencia de este lugar declarado Patrimonio de la Humanidad por la UNESCO, explora los meticulosos jardines y marav\u00edllate ante la importancia hist\u00f3rica de cada detalle arquitect\u00f3nico. Esta aventura de un d\u00eda completo promete un viaje perfecto, guiado por nuestros expertos locales. Descubra los secretos de la dinast\u00eda Borb\u00f3n y sum\u00e9rjase en la rica cultura de Caserta.<\/span><\/p>\n","protected":false},"featured_media":172267,"comment_status":"open","ping_status":"closed","template":"","meta":{"_acf_changed":false},"product_brand":[],"product_cat":[467,468,556],"product_tag":[],"class_list":{"0":"post-172251","1":"product","2":"type-product","3":"status-publish","4":"has-post-thumbnail","6":"product_cat-napoles-pompeya-actividades-es","7":"product_cat-napoles-pompeya-rutas-turisticas-privadas-es","8":"product_cat-napoles-pompeya-excursiones-privadas-cruceros-es","10":"first","11":"instock","12":"shipping-taxable","13":"purchasable","14":"product-type-simple"},"acf":[],"yoast_head":"<!-- This site is optimized with the Yoast SEO Premium plugin v25.3.1 (Yoast SEO v25.3.1) - https:\/\/yoast.com\/wordpress\/plugins\/seo\/ -->\n<title>\u27a1\ufe0f Explora el Palacio Real de Caserta | Tour privado desde N\u00e1poles<\/title>\n<meta name=\"description\" content=\"Descubra la opulencia del Palacio Real de Caserta en nuestro tour privado desde N\u00e1poles. Marav\u00edllese con la grandeza hist\u00f3rica y los hermosos jardines. \u00a1Reserve ahora! \u2705\" \/>\n<meta name=\"robots\" content=\"index, follow, max-snippet:-1, max-image-preview:large, max-video-preview:-1\" \/>\n<link rel=\"canonical\" href=\"https:\/\/tourtravelandmore.com\/es\/tours\/italia-es\/napoles-pompeya-es\/napoles-pompeya-actividades-es\/excursion-privada-a-caserta-desde-napoles\/\" \/>\n<meta property=\"og:locale\" content=\"es_ES\" \/>\n<meta property=\"og:type\" content=\"article\" \/>\n<meta property=\"og:title\" content=\"Excursi\u00f3n privada a Caserta desde N\u00e1poles\" \/>\n<meta property=\"og:description\" content=\"Descubra la opulencia del Palacio Real de Caserta en nuestro tour privado desde N\u00e1poles. Marav\u00edllese con la grandeza hist\u00f3rica y los hermosos jardines. \u00a1Reserve ahora! \u2705\" \/>\n<meta property=\"og:url\" content=\"https:\/\/tourtravelandmore.com\/es\/tours\/italia-es\/napoles-pompeya-es\/napoles-pompeya-actividades-es\/excursion-privada-a-caserta-desde-napoles\/\" \/>\n<meta property=\"og:site_name\" content=\"Tour Travel And More\" \/>\n<meta property=\"article:publisher\" content=\"https:\/\/www.facebook.com\/tourtravelandmore\/\" \/>\n<meta property=\"article:modified_time\" content=\"2024-08-21T15:24:54+00:00\" \/>\n<meta property=\"og:image\" content=\"https:\/\/tourtravelandmore.com\/wp-content\/uploads\/2024\/02\/image1-1.jpg\" \/>\n\t<meta property=\"og:image:width\" content=\"1544\" \/>\n\t<meta property=\"og:image:height\" content=\"1219\" \/>\n\t<meta property=\"og:image:type\" content=\"image\/jpeg\" \/>\n<meta name=\"twitter:card\" content=\"summary_large_image\" \/>\n<meta name=\"twitter:site\" content=\"@TourTravel_More\" \/>\n<meta name=\"twitter:label1\" content=\"Tiempo de lectura\" \/>\n\t<meta name=\"twitter:data1\" content=\"3 minutos\" \/>\n<script type=\"application\/ld+json\" class=\"yoast-schema-graph\">{\"@context\":\"https:\/\/schema.org\",\"@graph\":[{\"@type\":\"WebPage\",\"@id\":\"https:\/\/tourtravelandmore.com\/es\/tours\/italia-es\/napoles-pompeya-es\/napoles-pompeya-actividades-es\/excursion-privada-a-caserta-desde-napoles\/\",\"url\":\"https:\/\/tourtravelandmore.com\/es\/tours\/italia-es\/napoles-pompeya-es\/napoles-pompeya-actividades-es\/excursion-privada-a-caserta-desde-napoles\/\",\"name\":\"\u27a1\ufe0f Explora el Palacio Real de Caserta | Tour privado desde N\u00e1poles\",\"isPartOf\":{\"@id\":\"https:\/\/tourtravelandmore.com\/es\/#website\"},\"primaryImageOfPage\":{\"@id\":\"https:\/\/tourtravelandmore.com\/es\/tours\/italia-es\/napoles-pompeya-es\/napoles-pompeya-actividades-es\/excursion-privada-a-caserta-desde-napoles\/#primaryimage\"},\"image\":{\"@id\":\"https:\/\/tourtravelandmore.com\/es\/tours\/italia-es\/napoles-pompeya-es\/napoles-pompeya-actividades-es\/excursion-privada-a-caserta-desde-napoles\/#primaryimage\"},\"thumbnailUrl\":\"https:\/\/tourtravelandmore.com\/wp-content\/uploads\/2024\/02\/image1-1.jpg\",\"datePublished\":\"2024-02-04T16:38:24+00:00\",\"dateModified\":\"2024-08-21T15:24:54+00:00\",\"description\":\"Descubra la opulencia del Palacio Real de Caserta en nuestro tour privado desde N\u00e1poles. Marav\u00edllese con la grandeza hist\u00f3rica y los hermosos jardines. \u00a1Reserve ahora! \u2705\",\"breadcrumb\":{\"@id\":\"https:\/\/tourtravelandmore.com\/es\/tours\/italia-es\/napoles-pompeya-es\/napoles-pompeya-actividades-es\/excursion-privada-a-caserta-desde-napoles\/#breadcrumb\"},\"inLanguage\":\"es\",\"potentialAction\":[{\"@type\":\"ReadAction\",\"target\":[\"https:\/\/tourtravelandmore.com\/es\/tours\/italia-es\/napoles-pompeya-es\/napoles-pompeya-actividades-es\/excursion-privada-a-caserta-desde-napoles\/\"]}]},{\"@type\":\"ImageObject\",\"inLanguage\":\"es\",\"@id\":\"https:\/\/tourtravelandmore.com\/es\/tours\/italia-es\/napoles-pompeya-es\/napoles-pompeya-actividades-es\/excursion-privada-a-caserta-desde-napoles\/#primaryimage\",\"url\":\"https:\/\/tourtravelandmore.com\/wp-content\/uploads\/2024\/02\/image1-1.jpg\",\"contentUrl\":\"https:\/\/tourtravelandmore.com\/wp-content\/uploads\/2024\/02\/image1-1.jpg\",\"width\":1544,\"height\":1219},{\"@type\":\"BreadcrumbList\",\"@id\":\"https:\/\/tourtravelandmore.com\/es\/tours\/italia-es\/napoles-pompeya-es\/napoles-pompeya-actividades-es\/excursion-privada-a-caserta-desde-napoles\/#breadcrumb\",\"itemListElement\":[{\"@type\":\"ListItem\",\"position\":1,\"name\":\"Home\",\"item\":\"https:\/\/tourtravelandmore.com\/es\/\"},{\"@type\":\"ListItem\",\"position\":2,\"name\":\"Tours\",\"item\":\"https:\/\/tourtravelandmore.com\/es\/tours\/\"},{\"@type\":\"ListItem\",\"position\":3,\"name\":\"Excursi\u00f3n privada a Caserta desde N\u00e1poles\"}]},{\"@type\":\"WebSite\",\"@id\":\"https:\/\/tourtravelandmore.com\/es\/#website\",\"url\":\"https:\/\/tourtravelandmore.com\/es\/\",\"name\":\"Tour Travel And More\",\"description\":\"Private sightseeing tours and luxury transfers in Spain\",\"publisher\":{\"@id\":\"https:\/\/tourtravelandmore.com\/es\/#organization\"},\"potentialAction\":[{\"@type\":\"SearchAction\",\"target\":{\"@type\":\"EntryPoint\",\"urlTemplate\":\"https:\/\/tourtravelandmore.com\/es\/?s={search_term_string}\"},\"query-input\":{\"@type\":\"PropertyValueSpecification\",\"valueRequired\":true,\"valueName\":\"search_term_string\"}}],\"inLanguage\":\"es\"},{\"@type\":\"Organization\",\"@id\":\"https:\/\/tourtravelandmore.com\/es\/#organization\",\"name\":\"Tour Travel And More\",\"url\":\"https:\/\/tourtravelandmore.com\/es\/\",\"logo\":{\"@type\":\"ImageObject\",\"inLanguage\":\"es\",\"@id\":\"https:\/\/tourtravelandmore.com\/es\/#\/schema\/logo\/image\/\",\"url\":\"https:\/\/tourtravelandmore.com\/wp-content\/uploads\/2022\/12\/cropped-logo-cabecera-new.png\",\"contentUrl\":\"https:\/\/tourtravelandmore.com\/wp-content\/uploads\/2022\/12\/cropped-logo-cabecera-new.png\",\"width\":430,\"height\":61,\"caption\":\"Tour Travel And More\"},\"image\":{\"@id\":\"https:\/\/tourtravelandmore.com\/es\/#\/schema\/logo\/image\/\"},\"sameAs\":[\"https:\/\/www.facebook.com\/tourtravelandmore\/\",\"https:\/\/x.com\/TourTravel_More\"]}]}<\/script>\n<!-- \/ Yoast SEO Premium plugin. -->","yoast_head_json":{"title":"\u27a1\ufe0f Explora el Palacio Real de Caserta | Tour privado desde N\u00e1poles","description":"Descubra la opulencia del Palacio Real de Caserta en nuestro tour privado desde N\u00e1poles. Marav\u00edllese con la grandeza hist\u00f3rica y los hermosos jardines. \u00a1Reserve ahora! \u2705","robots":{"index":"index","follow":"follow","max-snippet":"max-snippet:-1","max-image-preview":"max-image-preview:large","max-video-preview":"max-video-preview:-1"},"canonical":"https:\/\/tourtravelandmore.com\/es\/tours\/italia-es\/napoles-pompeya-es\/napoles-pompeya-actividades-es\/excursion-privada-a-caserta-desde-napoles\/","og_locale":"es_ES","og_type":"article","og_title":"Excursi\u00f3n privada a Caserta desde N\u00e1poles","og_description":"Descubra la opulencia del Palacio Real de Caserta en nuestro tour privado desde N\u00e1poles. Marav\u00edllese con la grandeza hist\u00f3rica y los hermosos jardines. \u00a1Reserve ahora! \u2705","og_url":"https:\/\/tourtravelandmore.com\/es\/tours\/italia-es\/napoles-pompeya-es\/napoles-pompeya-actividades-es\/excursion-privada-a-caserta-desde-napoles\/","og_site_name":"Tour Travel And More","article_publisher":"https:\/\/www.facebook.com\/tourtravelandmore\/","article_modified_time":"2024-08-21T15:24:54+00:00","og_image":[{"width":1544,"height":1219,"url":"https:\/\/tourtravelandmore.com\/wp-content\/uploads\/2024\/02\/image1-1.jpg","type":"image\/jpeg"}],"twitter_card":"summary_large_image","twitter_site":"@TourTravel_More","twitter_misc":{"Tiempo de lectura":"3 minutos"},"schema":{"@context":"https:\/\/schema.org","@graph":[{"@type":"WebPage","@id":"https:\/\/tourtravelandmore.com\/es\/tours\/italia-es\/napoles-pompeya-es\/napoles-pompeya-actividades-es\/excursion-privada-a-caserta-desde-napoles\/","url":"https:\/\/tourtravelandmore.com\/es\/tours\/italia-es\/napoles-pompeya-es\/napoles-pompeya-actividades-es\/excursion-privada-a-caserta-desde-napoles\/","name":"\u27a1\ufe0f Explora el Palacio Real de Caserta | Tour privado desde N\u00e1poles","isPartOf":{"@id":"https:\/\/tourtravelandmore.com\/es\/#website"},"primaryImageOfPage":{"@id":"https:\/\/tourtravelandmore.com\/es\/tours\/italia-es\/napoles-pompeya-es\/napoles-pompeya-actividades-es\/excursion-privada-a-caserta-desde-napoles\/#primaryimage"},"image":{"@id":"https:\/\/tourtravelandmore.com\/es\/tours\/italia-es\/napoles-pompeya-es\/napoles-pompeya-actividades-es\/excursion-privada-a-caserta-desde-napoles\/#primaryimage"},"thumbnailUrl":"https:\/\/tourtravelandmore.com\/wp-content\/uploads\/2024\/02\/image1-1.jpg","datePublished":"2024-02-04T16:38:24+00:00","dateModified":"2024-08-21T15:24:54+00:00","description":"Descubra la opulencia del Palacio Real de Caserta en nuestro tour privado desde N\u00e1poles. Marav\u00edllese con la grandeza hist\u00f3rica y los hermosos jardines. \u00a1Reserve ahora! \u2705","breadcrumb":{"@id":"https:\/\/tourtravelandmore.com\/es\/tours\/italia-es\/napoles-pompeya-es\/napoles-pompeya-actividades-es\/excursion-privada-a-caserta-desde-napoles\/#breadcrumb"},"inLanguage":"es","potentialAction":[{"@type":"ReadAction","target":["https:\/\/tourtravelandmore.com\/es\/tours\/italia-es\/napoles-pompeya-es\/napoles-pompeya-actividades-es\/excursion-privada-a-caserta-desde-napoles\/"]}]},{"@type":"ImageObject","inLanguage":"es","@id":"https:\/\/tourtravelandmore.com\/es\/tours\/italia-es\/napoles-pompeya-es\/napoles-pompeya-actividades-es\/excursion-privada-a-caserta-desde-napoles\/#primaryimage","url":"https:\/\/tourtravelandmore.com\/wp-content\/uploads\/2024\/02\/image1-1.jpg","contentUrl":"https:\/\/tourtravelandmore.com\/wp-content\/uploads\/2024\/02\/image1-1.jpg","width":1544,"height":1219},{"@type":"BreadcrumbList","@id":"https:\/\/tourtravelandmore.com\/es\/tours\/italia-es\/napoles-pompeya-es\/napoles-pompeya-actividades-es\/excursion-privada-a-caserta-desde-napoles\/#breadcrumb","itemListElement":[{"@type":"ListItem","position":1,"name":"Home","item":"https:\/\/tourtravelandmore.com\/es\/"},{"@type":"ListItem","position":2,"name":"Tours","item":"https:\/\/tourtravelandmore.com\/es\/tours\/"},{"@type":"ListItem","position":3,"name":"Excursi\u00f3n privada a Caserta desde N\u00e1poles"}]},{"@type":"WebSite","@id":"https:\/\/tourtravelandmore.com\/es\/#website","url":"https:\/\/tourtravelandmore.com\/es\/","name":"Tour Travel And More","description":"Private sightseeing tours and luxury transfers in Spain","publisher":{"@id":"https:\/\/tourtravelandmore.com\/es\/#organization"},"potentialAction":[{"@type":"SearchAction","target":{"@type":"EntryPoint","urlTemplate":"https:\/\/tourtravelandmore.com\/es\/?s={search_term_string}"},"query-input":{"@type":"PropertyValueSpecification","valueRequired":true,"valueName":"search_term_string"}}],"inLanguage":"es"},{"@type":"Organization","@id":"https:\/\/tourtravelandmore.com\/es\/#organization","name":"Tour Travel And More","url":"https:\/\/tourtravelandmore.com\/es\/","logo":{"@type":"ImageObject","inLanguage":"es","@id":"https:\/\/tourtravelandmore.com\/es\/#\/schema\/logo\/image\/","url":"https:\/\/tourtravelandmore.com\/wp-content\/uploads\/2022\/12\/cropped-logo-cabecera-new.png","contentUrl":"https:\/\/tourtravelandmore.com\/wp-content\/uploads\/2022\/12\/cropped-logo-cabecera-new.png","width":430,"height":61,"caption":"Tour Travel And More"},"image":{"@id":"https:\/\/tourtravelandmore.com\/es\/#\/schema\/logo\/image\/"},"sameAs":["https:\/\/www.facebook.com\/tourtravelandmore\/","https:\/\/x.com\/TourTravel_More"]}]}},"_links":{"self":[{"href":"https:\/\/tourtravelandmore.com\/es\/wp-json\/wp\/v2\/product\/172251","targetHints":{"allow":["GET"]}}],"collection":[{"href":"https:\/\/tourtravelandmore.com\/es\/wp-json\/wp\/v2\/product"}],"about":[{"href":"https:\/\/tourtravelandmore.com\/es\/wp-json\/wp\/v2\/types\/product"}],"replies":[{"embeddable":true,"href":"https:\/\/tourtravelandmore.com\/es\/wp-json\/wp\/v2\/comments?post=172251"}],"wp:featuredmedia":[{"embeddable":true,"href":"https:\/\/tourtravelandmore.com\/es\/wp-json\/wp\/v2\/media\/172267"}],"wp:attachment":[{"href":"https:\/\/tourtravelandmore.com\/es\/wp-json\/wp\/v2\/media?parent=172251"}],"wp:term":[{"taxonomy":"product_brand","embeddable":true,"href":"https:\/\/tourtravelandmore.com\/es\/wp-json\/wp\/v2\/product_brand?post=172251"},{"taxonomy":"product_cat","embeddable":true,"href":"https:\/\/tourtravelandmore.com\/es\/wp-json\/wp\/v2\/product_cat?post=172251"},{"taxonomy":"product_tag","embeddable":true,"href":"https:\/\/tourtravelandmore.com\/es\/wp-json\/wp\/v2\/product_tag?post=172251"}],"curies":[{"name":"wp","href":"https:\/\/api.w.org\/{rel}","templated":true}]}}