{"id":172224,"date":"2024-02-04T17:12:23","date_gmt":"2024-02-04T16:12:23","guid":{"rendered":"https:\/\/tourtravelandmore.com\/?post_type=product&#038;p=172224"},"modified":"2024-10-07T16:25:13","modified_gmt":"2024-10-07T14:25:13","slug":"excursion-privada-a-pompeya-y-herculano-desde-napoles","status":"publish","type":"product","link":"https:\/\/tourtravelandmore.com\/es\/tours\/italia-es\/napoles-pompeya-es\/excursion-privada-a-pompeya-y-herculano-desde-napoles\/","title":{"rendered":"Tour privado a Pompeya y Herculano desde N\u00e1poles"},"content":{"rendered":"<h2><b>Tour privado a Pompeya y Herculano desde N\u00e1poles descripci\u00f3n<\/b><\/h2>\n<p><span style=\"font-weight: 400;\">Emb\u00e1rquese en un fascinante viaje a trav\u00e9s del tiempo con nuestra Excursi\u00f3n privada a Pompeya y Herculano desde N\u00e1poles. Esta inmersiva experiencia de 6 horas le transportar\u00e1 a dos de los yacimientos arqueol\u00f3gicos m\u00e1s emblem\u00e1ticos de Italia, permiti\u00e9ndole profundizar en su historia y sus misterios.<\/span><\/p>\n<p><span style=\"font-weight: 400;\">Pompeya y Herculano, ambos tr\u00e1gicamente destruidos por la catastr\u00f3fica erupci\u00f3n del Vesubio en el a\u00f1o 79 d.C., ofrecen una visi\u00f3n \u00fanica de la antigua vida romana. Su aventura comienza cuando nuestro gu\u00eda experto, con 4 horas de amplios conocimientos, le acompa\u00f1a por las fascinantes ruinas de Pompeya, donde calles, casas y espacios p\u00fablicos bien conservados desvelan la existencia cotidiana de esta antigua ciudad.<\/span><\/p>\n<p><span style=\"font-weight: 400;\">Herculano, otra v\u00edctima del Vesubio, espera su exploraci\u00f3n. Con su impresionante ubicaci\u00f3n frente al mar, este yacimiento, m\u00e1s peque\u00f1o pero igualmente cautivador, ofrece una visi\u00f3n de la vida de los antiguos romanos. Recorra casas bien conservadas, admire intrincados mosaicos y contemple las ruinas de templos y termas.<\/span><\/p>\n<p><span style=\"font-weight: 400;\">Durante las 6 horas que dura la visita, le acompa\u00f1ar\u00e1 un ch\u00f3fer especializado para su mayor comodidad y conveniencia. Adem\u00e1s, las entradas a Pompeya y Herculano est\u00e1n incluidas, lo que garantiza una experiencia enriquecedora y sin interrupciones.<\/span><\/p>\n<p><span style=\"font-weight: 400;\">Mientras pasea por estas maravillas arqueol\u00f3gicas, imagine las bulliciosas calles, la gente que vivi\u00f3 aqu\u00ed y el repentino y tr\u00e1gico final al que se enfrentaron. Nuestro gu\u00eda experto le ofrecer\u00e1 una v\u00edvida imagen de sus vidas, haciendo de este viaje una experiencia educativa y emocionalmente impactante.<\/span><\/p>\n<h2><b>Excursi\u00f3n privada a Pompeya y Herculano desde los puntos de inter\u00e9s de N\u00e1poles<\/b><\/h2>\n<p><span style=\"font-weight: 400;\">Descubra las cautivadoras vistas e historias de Pompeya y Herculano:<\/span><\/p>\n<h4><span style=\"font-weight: 400;\">Pompeya: Las ruinas de una ciudad perdida<\/span><\/h4>\n<p><span style=\"font-weight: 400;\">Pompeya, anta\u00f1o una pr\u00f3spera ciudad romana, qued\u00f3 sepultada bajo capas de ceniza y piedra p\u00f3mez por la erupci\u00f3n del Vesubio. Explore sus ruinas notablemente conservadas, como el Foro, las termas y la famosa Casa del Fauno. Estos tesoros arqueol\u00f3gicos ofrecen una fascinante visi\u00f3n de la vida cotidiana, la arquitectura y el arte de la antigua Pompeya.<\/span><\/p>\n<h3><span style=\"font-weight: 400;\">Herculano: Una joya junto al mar<\/span><\/h3>\n<p><span style=\"font-weight: 400;\">Herculano, enclavada junto a la bah\u00eda de N\u00e1poles, ofrece una perspectiva \u00fanica de la vida romana. Marav\u00edllese ante la bellamente conservada Villa de los Papiros, la Casa del Atrio de Mosaicos y el antiguo litoral. La proximidad de la ciudad al mar permite conocer las actividades mar\u00edtimas y el comercio de la \u00e9poca romana, lo que la convierte en una joya costera de importancia hist\u00f3rica.<\/span><\/p>\n<h3><span style=\"font-weight: 400;\">Templos y teatros<\/span><\/h3>\n<p><span style=\"font-weight: 400;\">Tanto Pompeya como Herculano cuentan con impresionantes templos y teatros que ofrecen una visi\u00f3n de los aspectos religiosos y culturales de la sociedad romana. Sea testigo de la grandeza del Templo de J\u00fapiter en Pompeya, donde se celebraban ceremonias religiosas. En Herculano, explore las Termas Suburbanas, testimonio de la importancia del ba\u00f1o comunitario en la cultura romana. Estas maravillas arquitect\u00f3nicas muestran la dedicaci\u00f3n romana tanto a lo divino como a la vida comunitaria.<\/span><\/p>\n<h3><span style=\"font-weight: 400;\">Residencias antiguas<\/span><\/h3>\n<p><span style=\"font-weight: 400;\">Explore las casas antiguas de Pompeya y Herculano, desde grandes villas hasta modestas viviendas. Adornadas con exquisitos frescos e intrincados mosaicos, estas residencias ofrecen una visi\u00f3n de la est\u00e9tica y la vida cotidiana de los pompeyanos y herculanos. Descubra el arte y la artesan\u00eda que adornaban estas casas, reflejo del gusto y el estatus social de sus ocupantes.<\/span><\/p>\n<h3><span style=\"font-weight: 400;\">Historias tr\u00e1gicas al descubierto<\/span><\/h3>\n<p><span style=\"font-weight: 400;\">Su gu\u00eda le contar\u00e1 las tr\u00e1gicas historias de las personas que perecieron durante la erupci\u00f3n, cuyos restos quedaron grabados para siempre en moldes de yeso. Estos conmovedores recuerdos del pasado ofrecen una sombr\u00eda reflexi\u00f3n sobre el coste humano de la furia del Vesubio. Cada vaciado representa una vida abruptamente acabada por el cataclismo, lo que convierte esta parte de la visita en un conmovedor homenaje a las personas que una vez prosperaron en estas antiguas ciudades.<\/span><\/p>\n<p><span style=\"font-weight: 400;\">No pierda la oportunidad de explorar Pompeya y Herculano en nuestra excursi\u00f3n privada desde N\u00e1poles. Visite nuestro sitio web Tour Travel and More para descubrir m\u00e1s tours exclusivos en N\u00e1poles y m\u00e1s all\u00e1.<\/span><a href=\"https:\/\/tourtravelandmore.com\/es\/ciudad\/italia-es\/napoles-pompeya-es\/\"><span style=\"font-weight: 400;\"> Reserve hoy mismo su aventura hist\u00f3rica y experimente de primera mano las maravillas de la antigua Roma.<\/span><\/a><\/p>\n","protected":false},"excerpt":{"rendered":"<p><span style=\"font-weight: 400;\">Retroceda en el tiempo y sum\u00e9rjase en la historia antigua de Pompeya y Herculano en una excursi\u00f3n privada de 6 horas desde N\u00e1poles. Con nuestro gu\u00eda experto al frente, explorar\u00e1s estos extraordinarios yacimientos arqueol\u00f3gicos y conocer\u00e1s la vida de los antiguos romanos que los habitaron.<\/span><\/p>\n","protected":false},"featured_media":172249,"comment_status":"open","ping_status":"closed","template":"","meta":{"_acf_changed":false},"product_brand":[],"product_cat":[463,467,468,555,556],"product_tag":[],"class_list":{"0":"post-172224","1":"product","2":"type-product","3":"status-publish","4":"has-post-thumbnail","6":"product_cat-napoles-pompeya-es","7":"product_cat-napoles-pompeya-actividades-es","8":"product_cat-napoles-pompeya-rutas-turisticas-privadas-es","9":"product_cat-napoles-pompeya-excursiones-privadas-es","10":"product_cat-napoles-pompeya-excursiones-privadas-cruceros-es","12":"first","13":"instock","14":"shipping-taxable","15":"purchasable","16":"product-type-simple"},"acf":[],"yoast_head":"<!-- This site is optimized with the Yoast SEO Premium plugin v25.3.1 (Yoast SEO v25.3.1) - https:\/\/yoast.com\/wordpress\/plugins\/seo\/ -->\n<title>\u27a1\ufe0f Descubra Pompeya y Herculano en un tour privado desde N\u00e1poles<\/title>\n<meta name=\"description\" content=\"Explore las antiguas ruinas de Pompeya y Herculano en un tour privado con Excerpt: Tour Travel and More. \u00a1Te esperan experiencias inolvidables! \u2705\" \/>\n<meta name=\"robots\" content=\"index, follow, max-snippet:-1, max-image-preview:large, max-video-preview:-1\" \/>\n<link rel=\"canonical\" href=\"https:\/\/tourtravelandmore.com\/es\/tours\/italia-es\/napoles-pompeya-es\/excursion-privada-a-pompeya-y-herculano-desde-napoles\/\" \/>\n<meta property=\"og:locale\" content=\"es_ES\" \/>\n<meta property=\"og:type\" content=\"article\" \/>\n<meta property=\"og:title\" content=\"Tour privado a Pompeya y Herculano desde N\u00e1poles\" \/>\n<meta property=\"og:description\" content=\"Explore las antiguas ruinas de Pompeya y Herculano en un tour privado con Excerpt: Tour Travel and More. \u00a1Te esperan experiencias inolvidables! \u2705\" \/>\n<meta property=\"og:url\" content=\"https:\/\/tourtravelandmore.com\/es\/tours\/italia-es\/napoles-pompeya-es\/excursion-privada-a-pompeya-y-herculano-desde-napoles\/\" \/>\n<meta property=\"og:site_name\" content=\"Tour Travel And More\" \/>\n<meta property=\"article:publisher\" content=\"https:\/\/www.facebook.com\/tourtravelandmore\/\" \/>\n<meta property=\"article:modified_time\" content=\"2024-10-07T14:25:13+00:00\" \/>\n<meta property=\"og:image\" content=\"https:\/\/tourtravelandmore.com\/wp-content\/uploads\/2024\/02\/image4.jpg\" \/>\n\t<meta property=\"og:image:width\" content=\"950\" \/>\n\t<meta property=\"og:image:height\" content=\"750\" \/>\n\t<meta property=\"og:image:type\" content=\"image\/jpeg\" \/>\n<meta name=\"twitter:card\" content=\"summary_large_image\" \/>\n<meta name=\"twitter:site\" content=\"@TourTravel_More\" \/>\n<meta name=\"twitter:label1\" content=\"Tiempo de lectura\" \/>\n\t<meta name=\"twitter:data1\" content=\"4 minutos\" \/>\n<script type=\"application\/ld+json\" class=\"yoast-schema-graph\">{\"@context\":\"https:\/\/schema.org\",\"@graph\":[{\"@type\":\"WebPage\",\"@id\":\"https:\/\/tourtravelandmore.com\/es\/tours\/italia-es\/napoles-pompeya-es\/excursion-privada-a-pompeya-y-herculano-desde-napoles\/\",\"url\":\"https:\/\/tourtravelandmore.com\/es\/tours\/italia-es\/napoles-pompeya-es\/excursion-privada-a-pompeya-y-herculano-desde-napoles\/\",\"name\":\"\u27a1\ufe0f Descubra Pompeya y Herculano en un tour privado desde N\u00e1poles\",\"isPartOf\":{\"@id\":\"https:\/\/tourtravelandmore.com\/es\/#website\"},\"primaryImageOfPage\":{\"@id\":\"https:\/\/tourtravelandmore.com\/es\/tours\/italia-es\/napoles-pompeya-es\/excursion-privada-a-pompeya-y-herculano-desde-napoles\/#primaryimage\"},\"image\":{\"@id\":\"https:\/\/tourtravelandmore.com\/es\/tours\/italia-es\/napoles-pompeya-es\/excursion-privada-a-pompeya-y-herculano-desde-napoles\/#primaryimage\"},\"thumbnailUrl\":\"https:\/\/tourtravelandmore.com\/wp-content\/uploads\/2024\/02\/image4.jpg\",\"datePublished\":\"2024-02-04T16:12:23+00:00\",\"dateModified\":\"2024-10-07T14:25:13+00:00\",\"description\":\"Explore las antiguas ruinas de Pompeya y Herculano en un tour privado con Excerpt: Tour Travel and More. \u00a1Te esperan experiencias inolvidables! \u2705\",\"breadcrumb\":{\"@id\":\"https:\/\/tourtravelandmore.com\/es\/tours\/italia-es\/napoles-pompeya-es\/excursion-privada-a-pompeya-y-herculano-desde-napoles\/#breadcrumb\"},\"inLanguage\":\"es\",\"potentialAction\":[{\"@type\":\"ReadAction\",\"target\":[\"https:\/\/tourtravelandmore.com\/es\/tours\/italia-es\/napoles-pompeya-es\/excursion-privada-a-pompeya-y-herculano-desde-napoles\/\"]}]},{\"@type\":\"ImageObject\",\"inLanguage\":\"es\",\"@id\":\"https:\/\/tourtravelandmore.com\/es\/tours\/italia-es\/napoles-pompeya-es\/excursion-privada-a-pompeya-y-herculano-desde-napoles\/#primaryimage\",\"url\":\"https:\/\/tourtravelandmore.com\/wp-content\/uploads\/2024\/02\/image4.jpg\",\"contentUrl\":\"https:\/\/tourtravelandmore.com\/wp-content\/uploads\/2024\/02\/image4.jpg\",\"width\":950,\"height\":750},{\"@type\":\"BreadcrumbList\",\"@id\":\"https:\/\/tourtravelandmore.com\/es\/tours\/italia-es\/napoles-pompeya-es\/excursion-privada-a-pompeya-y-herculano-desde-napoles\/#breadcrumb\",\"itemListElement\":[{\"@type\":\"ListItem\",\"position\":1,\"name\":\"Home\",\"item\":\"https:\/\/tourtravelandmore.com\/es\/\"},{\"@type\":\"ListItem\",\"position\":2,\"name\":\"Tours\",\"item\":\"https:\/\/tourtravelandmore.com\/es\/tours\/\"},{\"@type\":\"ListItem\",\"position\":3,\"name\":\"Tour privado a Pompeya y Herculano desde N\u00e1poles\"}]},{\"@type\":\"WebSite\",\"@id\":\"https:\/\/tourtravelandmore.com\/es\/#website\",\"url\":\"https:\/\/tourtravelandmore.com\/es\/\",\"name\":\"Tour Travel And More\",\"description\":\"Private sightseeing tours and luxury transfers in Spain\",\"publisher\":{\"@id\":\"https:\/\/tourtravelandmore.com\/es\/#organization\"},\"potentialAction\":[{\"@type\":\"SearchAction\",\"target\":{\"@type\":\"EntryPoint\",\"urlTemplate\":\"https:\/\/tourtravelandmore.com\/es\/?s={search_term_string}\"},\"query-input\":{\"@type\":\"PropertyValueSpecification\",\"valueRequired\":true,\"valueName\":\"search_term_string\"}}],\"inLanguage\":\"es\"},{\"@type\":\"Organization\",\"@id\":\"https:\/\/tourtravelandmore.com\/es\/#organization\",\"name\":\"Tour Travel And More\",\"url\":\"https:\/\/tourtravelandmore.com\/es\/\",\"logo\":{\"@type\":\"ImageObject\",\"inLanguage\":\"es\",\"@id\":\"https:\/\/tourtravelandmore.com\/es\/#\/schema\/logo\/image\/\",\"url\":\"https:\/\/tourtravelandmore.com\/wp-content\/uploads\/2022\/12\/cropped-logo-cabecera-new.png\",\"contentUrl\":\"https:\/\/tourtravelandmore.com\/wp-content\/uploads\/2022\/12\/cropped-logo-cabecera-new.png\",\"width\":430,\"height\":61,\"caption\":\"Tour Travel And More\"},\"image\":{\"@id\":\"https:\/\/tourtravelandmore.com\/es\/#\/schema\/logo\/image\/\"},\"sameAs\":[\"https:\/\/www.facebook.com\/tourtravelandmore\/\",\"https:\/\/x.com\/TourTravel_More\"]}]}<\/script>\n<!-- \/ Yoast SEO Premium plugin. -->","yoast_head_json":{"title":"\u27a1\ufe0f Descubra Pompeya y Herculano en un tour privado desde N\u00e1poles","description":"Explore las antiguas ruinas de Pompeya y Herculano en un tour privado con Excerpt: Tour Travel and More. \u00a1Te esperan experiencias inolvidables! \u2705","robots":{"index":"index","follow":"follow","max-snippet":"max-snippet:-1","max-image-preview":"max-image-preview:large","max-video-preview":"max-video-preview:-1"},"canonical":"https:\/\/tourtravelandmore.com\/es\/tours\/italia-es\/napoles-pompeya-es\/excursion-privada-a-pompeya-y-herculano-desde-napoles\/","og_locale":"es_ES","og_type":"article","og_title":"Tour privado a Pompeya y Herculano desde N\u00e1poles","og_description":"Explore las antiguas ruinas de Pompeya y Herculano en un tour privado con Excerpt: Tour Travel and More. \u00a1Te esperan experiencias inolvidables! \u2705","og_url":"https:\/\/tourtravelandmore.com\/es\/tours\/italia-es\/napoles-pompeya-es\/excursion-privada-a-pompeya-y-herculano-desde-napoles\/","og_site_name":"Tour Travel And More","article_publisher":"https:\/\/www.facebook.com\/tourtravelandmore\/","article_modified_time":"2024-10-07T14:25:13+00:00","og_image":[{"width":950,"height":750,"url":"https:\/\/tourtravelandmore.com\/wp-content\/uploads\/2024\/02\/image4.jpg","type":"image\/jpeg"}],"twitter_card":"summary_large_image","twitter_site":"@TourTravel_More","twitter_misc":{"Tiempo de lectura":"4 minutos"},"schema":{"@context":"https:\/\/schema.org","@graph":[{"@type":"WebPage","@id":"https:\/\/tourtravelandmore.com\/es\/tours\/italia-es\/napoles-pompeya-es\/excursion-privada-a-pompeya-y-herculano-desde-napoles\/","url":"https:\/\/tourtravelandmore.com\/es\/tours\/italia-es\/napoles-pompeya-es\/excursion-privada-a-pompeya-y-herculano-desde-napoles\/","name":"\u27a1\ufe0f Descubra Pompeya y Herculano en un tour privado desde N\u00e1poles","isPartOf":{"@id":"https:\/\/tourtravelandmore.com\/es\/#website"},"primaryImageOfPage":{"@id":"https:\/\/tourtravelandmore.com\/es\/tours\/italia-es\/napoles-pompeya-es\/excursion-privada-a-pompeya-y-herculano-desde-napoles\/#primaryimage"},"image":{"@id":"https:\/\/tourtravelandmore.com\/es\/tours\/italia-es\/napoles-pompeya-es\/excursion-privada-a-pompeya-y-herculano-desde-napoles\/#primaryimage"},"thumbnailUrl":"https:\/\/tourtravelandmore.com\/wp-content\/uploads\/2024\/02\/image4.jpg","datePublished":"2024-02-04T16:12:23+00:00","dateModified":"2024-10-07T14:25:13+00:00","description":"Explore las antiguas ruinas de Pompeya y Herculano en un tour privado con Excerpt: Tour Travel and More. \u00a1Te esperan experiencias inolvidables! \u2705","breadcrumb":{"@id":"https:\/\/tourtravelandmore.com\/es\/tours\/italia-es\/napoles-pompeya-es\/excursion-privada-a-pompeya-y-herculano-desde-napoles\/#breadcrumb"},"inLanguage":"es","potentialAction":[{"@type":"ReadAction","target":["https:\/\/tourtravelandmore.com\/es\/tours\/italia-es\/napoles-pompeya-es\/excursion-privada-a-pompeya-y-herculano-desde-napoles\/"]}]},{"@type":"ImageObject","inLanguage":"es","@id":"https:\/\/tourtravelandmore.com\/es\/tours\/italia-es\/napoles-pompeya-es\/excursion-privada-a-pompeya-y-herculano-desde-napoles\/#primaryimage","url":"https:\/\/tourtravelandmore.com\/wp-content\/uploads\/2024\/02\/image4.jpg","contentUrl":"https:\/\/tourtravelandmore.com\/wp-content\/uploads\/2024\/02\/image4.jpg","width":950,"height":750},{"@type":"BreadcrumbList","@id":"https:\/\/tourtravelandmore.com\/es\/tours\/italia-es\/napoles-pompeya-es\/excursion-privada-a-pompeya-y-herculano-desde-napoles\/#breadcrumb","itemListElement":[{"@type":"ListItem","position":1,"name":"Home","item":"https:\/\/tourtravelandmore.com\/es\/"},{"@type":"ListItem","position":2,"name":"Tours","item":"https:\/\/tourtravelandmore.com\/es\/tours\/"},{"@type":"ListItem","position":3,"name":"Tour privado a Pompeya y Herculano desde N\u00e1poles"}]},{"@type":"WebSite","@id":"https:\/\/tourtravelandmore.com\/es\/#website","url":"https:\/\/tourtravelandmore.com\/es\/","name":"Tour Travel And More","description":"Private sightseeing tours and luxury transfers in Spain","publisher":{"@id":"https:\/\/tourtravelandmore.com\/es\/#organization"},"potentialAction":[{"@type":"SearchAction","target":{"@type":"EntryPoint","urlTemplate":"https:\/\/tourtravelandmore.com\/es\/?s={search_term_string}"},"query-input":{"@type":"PropertyValueSpecification","valueRequired":true,"valueName":"search_term_string"}}],"inLanguage":"es"},{"@type":"Organization","@id":"https:\/\/tourtravelandmore.com\/es\/#organization","name":"Tour Travel And More","url":"https:\/\/tourtravelandmore.com\/es\/","logo":{"@type":"ImageObject","inLanguage":"es","@id":"https:\/\/tourtravelandmore.com\/es\/#\/schema\/logo\/image\/","url":"https:\/\/tourtravelandmore.com\/wp-content\/uploads\/2022\/12\/cropped-logo-cabecera-new.png","contentUrl":"https:\/\/tourtravelandmore.com\/wp-content\/uploads\/2022\/12\/cropped-logo-cabecera-new.png","width":430,"height":61,"caption":"Tour Travel And More"},"image":{"@id":"https:\/\/tourtravelandmore.com\/es\/#\/schema\/logo\/image\/"},"sameAs":["https:\/\/www.facebook.com\/tourtravelandmore\/","https:\/\/x.com\/TourTravel_More"]}]}},"_links":{"self":[{"href":"https:\/\/tourtravelandmore.com\/es\/wp-json\/wp\/v2\/product\/172224","targetHints":{"allow":["GET"]}}],"collection":[{"href":"https:\/\/tourtravelandmore.com\/es\/wp-json\/wp\/v2\/product"}],"about":[{"href":"https:\/\/tourtravelandmore.com\/es\/wp-json\/wp\/v2\/types\/product"}],"replies":[{"embeddable":true,"href":"https:\/\/tourtravelandmore.com\/es\/wp-json\/wp\/v2\/comments?post=172224"}],"wp:featuredmedia":[{"embeddable":true,"href":"https:\/\/tourtravelandmore.com\/es\/wp-json\/wp\/v2\/media\/172249"}],"wp:attachment":[{"href":"https:\/\/tourtravelandmore.com\/es\/wp-json\/wp\/v2\/media?parent=172224"}],"wp:term":[{"taxonomy":"product_brand","embeddable":true,"href":"https:\/\/tourtravelandmore.com\/es\/wp-json\/wp\/v2\/product_brand?post=172224"},{"taxonomy":"product_cat","embeddable":true,"href":"https:\/\/tourtravelandmore.com\/es\/wp-json\/wp\/v2\/product_cat?post=172224"},{"taxonomy":"product_tag","embeddable":true,"href":"https:\/\/tourtravelandmore.com\/es\/wp-json\/wp\/v2\/product_tag?post=172224"}],"curies":[{"name":"wp","href":"https:\/\/api.w.org\/{rel}","templated":true}]}}