{"id":171956,"date":"2024-01-05T09:57:38","date_gmt":"2024-01-05T08:57:38","guid":{"rendered":"https:\/\/tourtravelandmore.com\/?post_type=product&#038;p=171956"},"modified":"2024-08-27T15:17:11","modified_gmt":"2024-08-27T13:17:11","slug":"excursion-privada-a-vitoria-desde-bilbao","status":"publish","type":"product","link":"https:\/\/tourtravelandmore.com\/es\/tours\/espana-es\/bilbao-es\/excursion-privada-a-vitoria-desde-bilbao\/","title":{"rendered":"Excursi\u00f3n Privada a Vitoria desde Bilbao"},"content":{"rendered":"<h2><b>Tour Privado a Vitoria desde Bilbao Descripci\u00f3n:<\/b><\/h2>\n<p><span style=\"font-weight: 400;\">Esta excursi\u00f3n privada de 8 horas de Bilbao a Vitoria ofrece una oportunidad \u00fanica para explorar el coraz\u00f3n hist\u00f3rico y cultural del Pa\u00eds Vasco. El viaje comienza con un viaje panor\u00e1mico a Vitoria, la capital conocida por su rica historia, impresionante arquitectura y vibrante escena cultural. La visita incluye un recorrido guiado por los lugares m\u00e1s emblem\u00e1ticos de Vitoria, que permite conocer el pasado medieval de la ciudad y su evoluci\u00f3n hasta convertirse en un moderno centro cultural. El recorrido combina la belleza de los paisajes vascos con el encanto de las calles y plazas de Vitoria.<\/span><\/p>\n<p><span style=\"font-weight: 400;\">En esta extensa excursi\u00f3n privada a Vitoria desde Bilbao, se sumergir\u00e1 en el rico tapiz de historia y cultura de Vitoria. La ciudad, conocida por su notable mezcla de arquitectura medieval y moderna, ofrece un viaje en el tiempo. Al pasear por sus calles, experimentar\u00e1 el animado ambiente de los mercados y caf\u00e9s locales, donde se palpa el tradicional estilo de vida vasco. El recorrido tambi\u00e9n incluye visitas a partes de la ciudad menos conocidas, pero igualmente encantadoras, que revelan joyas ocultas y proporcionan una comprensi\u00f3n m\u00e1s profunda del car\u00e1cter y el patrimonio \u00fanicos de Vitoria. Este completo recorrido no es s\u00f3lo una visita tur\u00edstica; es un encuentro \u00edntimo con el coraz\u00f3n y el alma del Pa\u00eds Vasco.<\/span><\/p>\n<p><span style=\"font-weight: 400;\">En este tour, profundizar\u00e1 en la esencia de Vitoria, explorando su renombrado Museo Artium y el id\u00edlico Parque de la Florida. La yuxtaposici\u00f3n de elementos medievales y contempor\u00e1neos de la ciudad ofrece un paisaje urbano fascinante. Tambi\u00e9n descubrir\u00e1 las delicias culinarias de Vitoria, con la oportunidad de probar la cocina vasca local. No se trata s\u00f3lo de hacer turismo; se trata de experimentar la vida, la cultura y el latido de esta vibrante capital vasca. Es un viaje que ofrece tanto un fest\u00edn visual como una profunda inmersi\u00f3n cultural en una de las ciudades m\u00e1s cautivadoras de Espa\u00f1a.<\/span><\/p>\n<h2><b>Tour Privado a Vitoria desde Bilbao Destacados:<\/b><\/h2>\n<ul>\n<li style=\"font-weight: 400;\" aria-level=\"1\"><b>El Casco Viejo de Vitoria: <\/b><span style=\"font-weight: 400;\">Un centro medieval bien conservado, conocido por sus estrechas calles, edificios hist\u00f3ricos y la hermosa Catedral de Santa Mar\u00eda.<\/span><\/li>\n<li style=\"font-weight: 400;\" aria-level=\"1\"><b>Museo Artium:<\/b><span style=\"font-weight: 400;\"> Un museo de arte contempor\u00e1neo que muestra una rica colecci\u00f3n de arte moderno y contempor\u00e1neo vasco y espa\u00f1ol.<\/span><\/li>\n<li style=\"font-weight: 400;\" aria-level=\"1\"><b>Plaza de la Virgen Blanca:<\/b><span style=\"font-weight: 400;\"> El coraz\u00f3n de la ciudad, famoso por su ambiente vibrante y el lugar de muchos eventos culturales.<\/span><\/li>\n<li style=\"font-weight: 400;\" aria-level=\"1\"><b>Anillo Verde de Vitoria:<\/b><span style=\"font-weight: 400;\"> Una red de parques y espacios verdes que rodean la ciudad y ofrecen una refrescante escapada a la naturaleza.<\/span><\/li>\n<li style=\"font-weight: 400;\" aria-level=\"1\"><b>Catedral de Mar\u00eda Inmaculada (Catedral Nueva):<\/b><span style=\"font-weight: 400;\"> Un impresionante ejemplo de arquitectura g\u00f3tica del siglo XX, que ofrece un contraste con la m\u00e1s antigua Catedral de Santa Mar\u00eda y enriquece el paisaje arquitect\u00f3nico de Vitoria.<\/span><\/li>\n<li style=\"font-weight: 400;\" aria-level=\"1\"><b>Parlamento Vasco:<\/b><span style=\"font-weight: 400;\"> S\u00edmbolo de la autonom\u00eda y la identidad cultural del Pa\u00eds Vasco, este edificio combina la importancia hist\u00f3rica con la relevancia pol\u00edtica moderna.<\/span><\/li>\n<li style=\"font-weight: 400;\" aria-level=\"1\"><b>Parque de la Florida:<\/b><span style=\"font-weight: 400;\"> Un parque bellamente ajardinado en el coraz\u00f3n de la ciudad, conocido por su exuberante vegetaci\u00f3n y tranquilos estanques, que proporciona un refugio de paz en el entorno urbano.<\/span><\/li>\n<li style=\"font-weight: 400;\" aria-level=\"1\"><b>Los Arquillos y Plaza del Machete<\/b><span style=\"font-weight: 400;\">: Zonas hist\u00f3ricas de Vitoria, donde antiguos edificios y estrechos pasadizos conducen a la encantadora Plaza del Machete, un lugar cargado de historia y tradici\u00f3n local.<\/span><\/li>\n<li style=\"font-weight: 400;\" aria-level=\"1\"><b>Museo Bibat:<\/b><span style=\"font-weight: 400;\"> Combinando los Museos de Arqueolog\u00eda y de Naipes Fournier, este museo \u00fanico ofrece una visi\u00f3n de la historia regional y del intrigante mundo de los naipes, reflejando la diversa oferta cultural de Vitoria.<\/span><\/li>\n<\/ul>\n<p><span style=\"font-weight: 400;\">Explore m\u00e1s del Pa\u00eds Vasco con la variada gama de tours privados de Tour Travel and More desde Bilbao. Nuestros tours est\u00e1n dise\u00f1ados para proporcionar una experiencia de inmersi\u00f3n en la rica cultura, historia y belleza natural de la regi\u00f3n.<\/span><a href=\"https:\/\/tourtravelandmore.com\/es\/ciudad\/espana-es\/bilbao-es\/\"><span style=\"font-weight: 400;\"> Visite Tour Travel and More para descubrir nuestra selecci\u00f3n de tours personalizados que prometen experiencias inolvidables en Bilbao y m\u00e1s all\u00e1.<\/span><\/a><\/p>\n","protected":false},"excerpt":{"rendered":"<p><span style=\"font-weight: 400;\">Descubra el encanto hist\u00f3rico y la vitalidad cultural de Vitoria en este tour privado de 8 horas desde Bilbao, que incluye exploraciones guiadas de los lugares m\u00e1s emblem\u00e1ticos de la ciudad y joyas ocultas.<\/span><\/p>\n","protected":false},"featured_media":171972,"comment_status":"open","ping_status":"closed","template":"","meta":{"_acf_changed":false},"product_brand":[],"product_cat":[189,191,193,523],"product_tag":[],"class_list":{"0":"post-171956","1":"product","2":"type-product","3":"status-publish","4":"has-post-thumbnail","6":"product_cat-bilbao-es","7":"product_cat-bilbao-actividades-es","8":"product_cat-bilbao-rutas-turisticas-privadas-es","9":"product_cat-bilbao-excursiones-privadas-cruceros-es","11":"first","12":"instock","13":"shipping-taxable","14":"purchasable","15":"product-type-simple"},"acf":[],"yoast_head":"<!-- This site is optimized with the Yoast SEO Premium plugin v25.3.1 (Yoast SEO v25.3.1) - https:\/\/yoast.com\/wordpress\/plugins\/seo\/ -->\n<title>\u27a1\ufe0f Descubre Vitoria: Tour Privado Exclusivo desde Bilbao<\/title>\n<meta name=\"description\" content=\"Explore el encanto medieval de Vitoria y sus hitos culturales en un tour privado de 8 horas desde Bilbao. Historia y belleza en un solo viaje. \u2705\" \/>\n<meta name=\"robots\" content=\"index, follow, max-snippet:-1, max-image-preview:large, max-video-preview:-1\" \/>\n<link rel=\"canonical\" href=\"https:\/\/tourtravelandmore.com\/es\/tours\/espana-es\/bilbao-es\/excursion-privada-a-vitoria-desde-bilbao\/\" \/>\n<meta property=\"og:locale\" content=\"es_ES\" \/>\n<meta property=\"og:type\" content=\"article\" \/>\n<meta property=\"og:title\" content=\"Excursi\u00f3n Privada a Vitoria desde Bilbao\" \/>\n<meta property=\"og:description\" content=\"Explore el encanto medieval de Vitoria y sus hitos culturales en un tour privado de 8 horas desde Bilbao. Historia y belleza en un solo viaje. \u2705\" \/>\n<meta property=\"og:url\" content=\"https:\/\/tourtravelandmore.com\/es\/tours\/espana-es\/bilbao-es\/excursion-privada-a-vitoria-desde-bilbao\/\" \/>\n<meta property=\"og:site_name\" content=\"Tour Travel And More\" \/>\n<meta property=\"article:publisher\" content=\"https:\/\/www.facebook.com\/tourtravelandmore\/\" \/>\n<meta property=\"article:modified_time\" content=\"2024-08-27T13:17:11+00:00\" \/>\n<meta property=\"og:image\" content=\"https:\/\/tourtravelandmore.com\/wp-content\/uploads\/2024\/01\/image1-7.jpg\" \/>\n\t<meta property=\"og:image:width\" content=\"950\" \/>\n\t<meta property=\"og:image:height\" content=\"750\" \/>\n\t<meta property=\"og:image:type\" content=\"image\/jpeg\" \/>\n<meta name=\"twitter:card\" content=\"summary_large_image\" \/>\n<meta name=\"twitter:site\" content=\"@TourTravel_More\" \/>\n<meta name=\"twitter:label1\" content=\"Tiempo de lectura\" \/>\n\t<meta name=\"twitter:data1\" content=\"3 minutos\" \/>\n<script type=\"application\/ld+json\" class=\"yoast-schema-graph\">{\"@context\":\"https:\/\/schema.org\",\"@graph\":[{\"@type\":\"WebPage\",\"@id\":\"https:\/\/tourtravelandmore.com\/es\/tours\/espana-es\/bilbao-es\/excursion-privada-a-vitoria-desde-bilbao\/\",\"url\":\"https:\/\/tourtravelandmore.com\/es\/tours\/espana-es\/bilbao-es\/excursion-privada-a-vitoria-desde-bilbao\/\",\"name\":\"\u27a1\ufe0f Descubre Vitoria: Tour Privado Exclusivo desde Bilbao\",\"isPartOf\":{\"@id\":\"https:\/\/tourtravelandmore.com\/es\/#website\"},\"primaryImageOfPage\":{\"@id\":\"https:\/\/tourtravelandmore.com\/es\/tours\/espana-es\/bilbao-es\/excursion-privada-a-vitoria-desde-bilbao\/#primaryimage\"},\"image\":{\"@id\":\"https:\/\/tourtravelandmore.com\/es\/tours\/espana-es\/bilbao-es\/excursion-privada-a-vitoria-desde-bilbao\/#primaryimage\"},\"thumbnailUrl\":\"https:\/\/tourtravelandmore.com\/wp-content\/uploads\/2024\/01\/image1-7.jpg\",\"datePublished\":\"2024-01-05T08:57:38+00:00\",\"dateModified\":\"2024-08-27T13:17:11+00:00\",\"description\":\"Explore el encanto medieval de Vitoria y sus hitos culturales en un tour privado de 8 horas desde Bilbao. Historia y belleza en un solo viaje. \u2705\",\"breadcrumb\":{\"@id\":\"https:\/\/tourtravelandmore.com\/es\/tours\/espana-es\/bilbao-es\/excursion-privada-a-vitoria-desde-bilbao\/#breadcrumb\"},\"inLanguage\":\"es\",\"potentialAction\":[{\"@type\":\"ReadAction\",\"target\":[\"https:\/\/tourtravelandmore.com\/es\/tours\/espana-es\/bilbao-es\/excursion-privada-a-vitoria-desde-bilbao\/\"]}]},{\"@type\":\"ImageObject\",\"inLanguage\":\"es\",\"@id\":\"https:\/\/tourtravelandmore.com\/es\/tours\/espana-es\/bilbao-es\/excursion-privada-a-vitoria-desde-bilbao\/#primaryimage\",\"url\":\"https:\/\/tourtravelandmore.com\/wp-content\/uploads\/2024\/01\/image1-7.jpg\",\"contentUrl\":\"https:\/\/tourtravelandmore.com\/wp-content\/uploads\/2024\/01\/image1-7.jpg\",\"width\":950,\"height\":750},{\"@type\":\"BreadcrumbList\",\"@id\":\"https:\/\/tourtravelandmore.com\/es\/tours\/espana-es\/bilbao-es\/excursion-privada-a-vitoria-desde-bilbao\/#breadcrumb\",\"itemListElement\":[{\"@type\":\"ListItem\",\"position\":1,\"name\":\"Home\",\"item\":\"https:\/\/tourtravelandmore.com\/es\/\"},{\"@type\":\"ListItem\",\"position\":2,\"name\":\"Tours\",\"item\":\"https:\/\/tourtravelandmore.com\/es\/tours\/\"},{\"@type\":\"ListItem\",\"position\":3,\"name\":\"Excursi\u00f3n Privada a Vitoria desde Bilbao\"}]},{\"@type\":\"WebSite\",\"@id\":\"https:\/\/tourtravelandmore.com\/es\/#website\",\"url\":\"https:\/\/tourtravelandmore.com\/es\/\",\"name\":\"Tour Travel And More\",\"description\":\"Private sightseeing tours and luxury transfers in Spain\",\"publisher\":{\"@id\":\"https:\/\/tourtravelandmore.com\/es\/#organization\"},\"potentialAction\":[{\"@type\":\"SearchAction\",\"target\":{\"@type\":\"EntryPoint\",\"urlTemplate\":\"https:\/\/tourtravelandmore.com\/es\/?s={search_term_string}\"},\"query-input\":{\"@type\":\"PropertyValueSpecification\",\"valueRequired\":true,\"valueName\":\"search_term_string\"}}],\"inLanguage\":\"es\"},{\"@type\":\"Organization\",\"@id\":\"https:\/\/tourtravelandmore.com\/es\/#organization\",\"name\":\"Tour Travel And More\",\"url\":\"https:\/\/tourtravelandmore.com\/es\/\",\"logo\":{\"@type\":\"ImageObject\",\"inLanguage\":\"es\",\"@id\":\"https:\/\/tourtravelandmore.com\/es\/#\/schema\/logo\/image\/\",\"url\":\"https:\/\/tourtravelandmore.com\/wp-content\/uploads\/2022\/12\/cropped-logo-cabecera-new.png\",\"contentUrl\":\"https:\/\/tourtravelandmore.com\/wp-content\/uploads\/2022\/12\/cropped-logo-cabecera-new.png\",\"width\":430,\"height\":61,\"caption\":\"Tour Travel And More\"},\"image\":{\"@id\":\"https:\/\/tourtravelandmore.com\/es\/#\/schema\/logo\/image\/\"},\"sameAs\":[\"https:\/\/www.facebook.com\/tourtravelandmore\/\",\"https:\/\/x.com\/TourTravel_More\"]}]}<\/script>\n<!-- \/ Yoast SEO Premium plugin. -->","yoast_head_json":{"title":"\u27a1\ufe0f Descubre Vitoria: Tour Privado Exclusivo desde Bilbao","description":"Explore el encanto medieval de Vitoria y sus hitos culturales en un tour privado de 8 horas desde Bilbao. Historia y belleza en un solo viaje. \u2705","robots":{"index":"index","follow":"follow","max-snippet":"max-snippet:-1","max-image-preview":"max-image-preview:large","max-video-preview":"max-video-preview:-1"},"canonical":"https:\/\/tourtravelandmore.com\/es\/tours\/espana-es\/bilbao-es\/excursion-privada-a-vitoria-desde-bilbao\/","og_locale":"es_ES","og_type":"article","og_title":"Excursi\u00f3n Privada a Vitoria desde Bilbao","og_description":"Explore el encanto medieval de Vitoria y sus hitos culturales en un tour privado de 8 horas desde Bilbao. Historia y belleza en un solo viaje. \u2705","og_url":"https:\/\/tourtravelandmore.com\/es\/tours\/espana-es\/bilbao-es\/excursion-privada-a-vitoria-desde-bilbao\/","og_site_name":"Tour Travel And More","article_publisher":"https:\/\/www.facebook.com\/tourtravelandmore\/","article_modified_time":"2024-08-27T13:17:11+00:00","og_image":[{"width":950,"height":750,"url":"https:\/\/tourtravelandmore.com\/wp-content\/uploads\/2024\/01\/image1-7.jpg","type":"image\/jpeg"}],"twitter_card":"summary_large_image","twitter_site":"@TourTravel_More","twitter_misc":{"Tiempo de lectura":"3 minutos"},"schema":{"@context":"https:\/\/schema.org","@graph":[{"@type":"WebPage","@id":"https:\/\/tourtravelandmore.com\/es\/tours\/espana-es\/bilbao-es\/excursion-privada-a-vitoria-desde-bilbao\/","url":"https:\/\/tourtravelandmore.com\/es\/tours\/espana-es\/bilbao-es\/excursion-privada-a-vitoria-desde-bilbao\/","name":"\u27a1\ufe0f Descubre Vitoria: Tour Privado Exclusivo desde Bilbao","isPartOf":{"@id":"https:\/\/tourtravelandmore.com\/es\/#website"},"primaryImageOfPage":{"@id":"https:\/\/tourtravelandmore.com\/es\/tours\/espana-es\/bilbao-es\/excursion-privada-a-vitoria-desde-bilbao\/#primaryimage"},"image":{"@id":"https:\/\/tourtravelandmore.com\/es\/tours\/espana-es\/bilbao-es\/excursion-privada-a-vitoria-desde-bilbao\/#primaryimage"},"thumbnailUrl":"https:\/\/tourtravelandmore.com\/wp-content\/uploads\/2024\/01\/image1-7.jpg","datePublished":"2024-01-05T08:57:38+00:00","dateModified":"2024-08-27T13:17:11+00:00","description":"Explore el encanto medieval de Vitoria y sus hitos culturales en un tour privado de 8 horas desde Bilbao. Historia y belleza en un solo viaje. \u2705","breadcrumb":{"@id":"https:\/\/tourtravelandmore.com\/es\/tours\/espana-es\/bilbao-es\/excursion-privada-a-vitoria-desde-bilbao\/#breadcrumb"},"inLanguage":"es","potentialAction":[{"@type":"ReadAction","target":["https:\/\/tourtravelandmore.com\/es\/tours\/espana-es\/bilbao-es\/excursion-privada-a-vitoria-desde-bilbao\/"]}]},{"@type":"ImageObject","inLanguage":"es","@id":"https:\/\/tourtravelandmore.com\/es\/tours\/espana-es\/bilbao-es\/excursion-privada-a-vitoria-desde-bilbao\/#primaryimage","url":"https:\/\/tourtravelandmore.com\/wp-content\/uploads\/2024\/01\/image1-7.jpg","contentUrl":"https:\/\/tourtravelandmore.com\/wp-content\/uploads\/2024\/01\/image1-7.jpg","width":950,"height":750},{"@type":"BreadcrumbList","@id":"https:\/\/tourtravelandmore.com\/es\/tours\/espana-es\/bilbao-es\/excursion-privada-a-vitoria-desde-bilbao\/#breadcrumb","itemListElement":[{"@type":"ListItem","position":1,"name":"Home","item":"https:\/\/tourtravelandmore.com\/es\/"},{"@type":"ListItem","position":2,"name":"Tours","item":"https:\/\/tourtravelandmore.com\/es\/tours\/"},{"@type":"ListItem","position":3,"name":"Excursi\u00f3n Privada a Vitoria desde Bilbao"}]},{"@type":"WebSite","@id":"https:\/\/tourtravelandmore.com\/es\/#website","url":"https:\/\/tourtravelandmore.com\/es\/","name":"Tour Travel And More","description":"Private sightseeing tours and luxury transfers in Spain","publisher":{"@id":"https:\/\/tourtravelandmore.com\/es\/#organization"},"potentialAction":[{"@type":"SearchAction","target":{"@type":"EntryPoint","urlTemplate":"https:\/\/tourtravelandmore.com\/es\/?s={search_term_string}"},"query-input":{"@type":"PropertyValueSpecification","valueRequired":true,"valueName":"search_term_string"}}],"inLanguage":"es"},{"@type":"Organization","@id":"https:\/\/tourtravelandmore.com\/es\/#organization","name":"Tour Travel And More","url":"https:\/\/tourtravelandmore.com\/es\/","logo":{"@type":"ImageObject","inLanguage":"es","@id":"https:\/\/tourtravelandmore.com\/es\/#\/schema\/logo\/image\/","url":"https:\/\/tourtravelandmore.com\/wp-content\/uploads\/2022\/12\/cropped-logo-cabecera-new.png","contentUrl":"https:\/\/tourtravelandmore.com\/wp-content\/uploads\/2022\/12\/cropped-logo-cabecera-new.png","width":430,"height":61,"caption":"Tour Travel And More"},"image":{"@id":"https:\/\/tourtravelandmore.com\/es\/#\/schema\/logo\/image\/"},"sameAs":["https:\/\/www.facebook.com\/tourtravelandmore\/","https:\/\/x.com\/TourTravel_More"]}]}},"_links":{"self":[{"href":"https:\/\/tourtravelandmore.com\/es\/wp-json\/wp\/v2\/product\/171956","targetHints":{"allow":["GET"]}}],"collection":[{"href":"https:\/\/tourtravelandmore.com\/es\/wp-json\/wp\/v2\/product"}],"about":[{"href":"https:\/\/tourtravelandmore.com\/es\/wp-json\/wp\/v2\/types\/product"}],"replies":[{"embeddable":true,"href":"https:\/\/tourtravelandmore.com\/es\/wp-json\/wp\/v2\/comments?post=171956"}],"wp:featuredmedia":[{"embeddable":true,"href":"https:\/\/tourtravelandmore.com\/es\/wp-json\/wp\/v2\/media\/171972"}],"wp:attachment":[{"href":"https:\/\/tourtravelandmore.com\/es\/wp-json\/wp\/v2\/media?parent=171956"}],"wp:term":[{"taxonomy":"product_brand","embeddable":true,"href":"https:\/\/tourtravelandmore.com\/es\/wp-json\/wp\/v2\/product_brand?post=171956"},{"taxonomy":"product_cat","embeddable":true,"href":"https:\/\/tourtravelandmore.com\/es\/wp-json\/wp\/v2\/product_cat?post=171956"},{"taxonomy":"product_tag","embeddable":true,"href":"https:\/\/tourtravelandmore.com\/es\/wp-json\/wp\/v2\/product_tag?post=171956"}],"curies":[{"name":"wp","href":"https:\/\/api.w.org\/{rel}","templated":true}]}}