{"id":171902,"date":"2024-01-04T15:43:28","date_gmt":"2024-01-04T14:43:28","guid":{"rendered":"https:\/\/tourtravelandmore.com\/?post_type=product&#038;p=171902"},"modified":"2024-09-27T18:26:30","modified_gmt":"2024-09-27T16:26:30","slug":"tour-privado-de-san-sebastian-getaria-cata-de-txakoli-en-bodega-desde-bilbao","status":"publish","type":"product","link":"https:\/\/tourtravelandmore.com\/es\/tours\/espana-es\/bilbao-es\/tour-privado-de-san-sebastian-getaria-cata-de-txakoli-en-bodega-desde-bilbao\/","title":{"rendered":"Tour Privado de San Sebasti\u00e1n + Getaria + Cata de Txakoli en Bodega desde Bilbao"},"content":{"rendered":"<h2><b>Tour Privado de San Sebasti\u00e1n + Getaria + Cata de Txakoli en Bodega desde Bilbao Descripci\u00f3n:<\/b><\/h2>\n<p><span style=\"font-weight: 400;\">Emb\u00e1rcate en un lujoso viaje de 10 horas que combina los esplendores de San Sebasti\u00e1n y Getaria con la experiencia \u00fanica de la cata de vino Txakoli. El recorrido comienza con un pintoresco viaje en coche desde Bilbao, que le llevar\u00e1 a la pintoresca ciudad de San Sebasti\u00e1n. Conocida por sus impresionantes playas y su vibrante escena culinaria, San Sebasti\u00e1n ofrece un fest\u00edn para los sentidos. A continuaci\u00f3n, explore el hist\u00f3rico pueblo pesquero de Getaria, famoso por su exquisito marisco y lugar de nacimiento del icono de la moda Crist\u00f3bal Balenciaga. El punto culminante del recorrido es la visita a una bodega tradicional de txakoli, donde se deleitar\u00e1 con la degustaci\u00f3n de este exquisito vino local, conocido por su sabor crujiente y refrescante.<\/span><\/p>\n<p><span style=\"font-weight: 400;\">A su paso por San Sebasti\u00e1n, se sumergir\u00e1 en sus renombradas maravillas arquitect\u00f3nicas, como el impresionante Palacio de Congresos y Auditorio Kursaal, un s\u00edmbolo modernista que contrasta con las estructuras m\u00e1s antiguas de la ciudad. El trayecto por la carretera costera hasta Getaria es en s\u00ed mismo un regalo visual, ya que ofrece vistas panor\u00e1micas de la costa vasca. En Getaria, las pintorescas calles y el puerto cuentan historias de antiguas tradiciones mar\u00edtimas, mientras que la visita a la bodega Txakoli ofrece una experiencia pr\u00e1ctica en el mundo de la elaboraci\u00f3n del vino vasco, mezclando la tradici\u00f3n con las t\u00e9cnicas modernas. Este recorrido es una exquisita mezcla de riqueza cultural, profundidad hist\u00f3rica y deleite sensorial&#8230;<\/span><\/p>\n<p><span style=\"font-weight: 400;\">Continuando el viaje, su recorrido abarcar\u00e1 la tranquila belleza de la Playa de Ondarreta en San Sebasti\u00e1n, una contraparte m\u00e1s tranquila de La Concha, perfecta para aquellos que buscan una experiencia de playa m\u00e1s serena. A continuaci\u00f3n, la ruta le llevar\u00e1 a trav\u00e9s de los verdes paisajes que rodean Getaria, ofreci\u00e9ndole una visi\u00f3n de la vida tradicional del Pa\u00eds Vasco. Esta parte del recorrido no s\u00f3lo pone de relieve la belleza natural y la importancia cultural de la regi\u00f3n vasca, sino que tambi\u00e9n proporciona un tranquilo retiro de la bulliciosa vida de la ciudad, por lo que es una parte integral de la experiencia.<\/span><\/p>\n<h2><b>Tour Privado de San Sebasti\u00e1n + Getaria + Degustaci\u00f3n de Txakoli en una Bodega desde Bilbao Destacados:<\/b><\/h2>\n<ul>\n<li style=\"font-weight: 400;\" aria-level=\"1\"><b>Playa de la Concha en San Sebasti\u00e1n: <\/b><span style=\"font-weight: 400;\">Una impresionante playa urbana conocida por su hermosa bah\u00eda y su paseo mar\u00edtimo, ideal tanto para relajarse como para dar paseos panor\u00e1micos.<\/span><\/li>\n<li style=\"font-weight: 400;\" aria-level=\"1\"><b>Parte Vieja de San Sebasti\u00e1n: <\/b><span style=\"font-weight: 400;\">Una zona vibrante rebosante de monumentos hist\u00f3ricos, bares de pintxos tradicionales y un ambiente animado.<\/span><\/li>\n<li style=\"font-weight: 400;\" aria-level=\"1\"><b>Centro hist\u00f3rico de Getaria:<\/b><span style=\"font-weight: 400;\"> Explore las encantadoras calles de Getaria, con su rica historia mar\u00edtima y su arquitectura medieval bien conservada.<\/span><\/li>\n<li style=\"font-weight: 400;\" aria-level=\"1\"><b>Museo Balenciaga de Getaria:<\/b><span style=\"font-weight: 400;\"> Dedicado al legendario dise\u00f1ador de moda Crist\u00f3bal Balenciaga, este museo muestra su incre\u00edble obra y su impacto en el mundo de la moda.<\/span><\/li>\n<li style=\"font-weight: 400;\" aria-level=\"1\"><b>Txakoli Winery Experience:<\/b><span style=\"font-weight: 400;\"> Conozca los m\u00e9todos tradicionales de producci\u00f3n del vino txakoli y disfrute de una cata guiada, descubriendo los sabores \u00fanicos de este vino local vasco.<\/span><\/li>\n<li style=\"font-weight: 400;\" aria-level=\"1\"><b>Monte Urgull en San Sebasti\u00e1n:<\/b><span style=\"font-weight: 400;\"> Esta colina hist\u00f3rica ofrece vistas panor\u00e1micas de la ciudad y su bah\u00eda, con una fortaleza y una estatua de Cristo en la cima, s\u00edmbolo de la historia y la identidad cultural de la ciudad.<\/span><\/li>\n<li style=\"font-weight: 400;\" aria-level=\"1\"><b>Museo San Telmo de San Sebasti\u00e1n:<\/b><span style=\"font-weight: 400;\"> Visita obligada para los amantes de la historia y el arte, este museo ofrece una visi\u00f3n de la sociedad y la cultura vascas a trav\u00e9s de sus amplias colecciones y exposiciones.<\/span><\/li>\n<li style=\"font-weight: 400;\" aria-level=\"1\"><b>Muelle de Pescadores de Getaria:<\/b><span style=\"font-weight: 400;\"> Experimenta la vida cotidiana de los pescadores locales y disfruta del marisco fresco en este animado y pintoresco muelle, testimonio del patrimonio mar\u00edtimo de la villa.<\/span><\/li>\n<li style=\"font-weight: 400;\" aria-level=\"1\"><b>Gaztandegi Txakolina en Getaria:<\/b><span style=\"font-weight: 400;\"> M\u00e1s all\u00e1 de la degustaci\u00f3n de txakoli, explore los vi\u00f1edos y conozca el proceso de cultivo de la uva, proporcionando una experiencia completa de la vi\u00f1a al vino.<\/span><\/li>\n<\/ul>\n<p><span style=\"font-weight: 400;\">Para aquellos que buscan experiencias m\u00e1s exquisitas en el Pa\u00eds Vasco, Tour Travel and More ofrece una amplia gama de tours privados en Bilbao. Desde excursiones culturales a aventuras culinarias, nuestros tours personalizados est\u00e1n dise\u00f1ados para satisfacer sus intereses y garantizar una experiencia inolvidable<\/span><a href=\"https:\/\/tourtravelandmore.com\/es\/ciudad\/espana-es\/bilbao-es\/\"><span style=\"font-weight: 400;\">. Descubra la vibrante ciudad de Bilbao y sus alrededores con nuestros gu\u00edas expertos. <\/span><\/a><span style=\"font-weight: 400;\">Visite Tour Travel and More para explorar nuestra selecci\u00f3n de tours por Bilbao y empezar a planear su pr\u00f3xima aventura.<\/span><\/p>\n<p>&#8220;Es importante informar a nuestros clientes que los tours que incluyen visitas a vi\u00f1edos y degustaci\u00f3n de vinos en diferentes bodegas pueden ser compartidos con otros grupos. Esto depende de la temporada y el d\u00eda espec\u00edfico. Aunque buscamos ofrecer una experiencia enriquecedora, estos tours no son privados.&#8221;<\/p>\n","protected":false},"excerpt":{"rendered":"<p><span style=\"font-weight: 400;\">Experimente lo mejor de la cultura vasca en este tour privado desde Bilbao, explorando San Sebasti\u00e1n y Getaria, rematado con una cata de vino Txakoli. Disfrute de los impresionantes paisajes, la rica historia y las delicias culinarias \u00fanicas de estas regiones.<\/span><\/p>\n<p>&nbsp;<\/p>\n","protected":false},"featured_media":171927,"comment_status":"open","ping_status":"closed","template":"","meta":{"_acf_changed":false},"product_brand":[],"product_cat":[189,191,193,523],"product_tag":[],"class_list":{"0":"post-171902","1":"product","2":"type-product","3":"status-publish","4":"has-post-thumbnail","6":"product_cat-bilbao-es","7":"product_cat-bilbao-actividades-es","8":"product_cat-bilbao-rutas-turisticas-privadas-es","9":"product_cat-bilbao-excursiones-privadas-cruceros-es","11":"first","12":"instock","13":"shipping-taxable","14":"purchasable","15":"product-type-simple"},"acf":[],"yoast_head":"<!-- This site is optimized with the Yoast SEO Premium plugin v25.3.1 (Yoast SEO v25.3.1) - https:\/\/yoast.com\/wordpress\/plugins\/seo\/ -->\n<title>\u27a1\ufe0f Tour exclusivo por San Sebasti\u00e1n, Getaria y Txakoli desde Bilbao<\/title>\n<meta name=\"description\" content=\"Descubra el encanto de San Sebasti\u00e1n, el patrimonio de Getaria y deguste el vino Txakoli en un tour privado de 10 horas. Lujo y cultura combinados. \u2705\" \/>\n<meta name=\"robots\" content=\"index, follow, max-snippet:-1, max-image-preview:large, max-video-preview:-1\" \/>\n<link rel=\"canonical\" href=\"https:\/\/tourtravelandmore.com\/es\/tours\/espana-es\/bilbao-es\/tour-privado-de-san-sebastian-getaria-cata-de-txakoli-en-bodega-desde-bilbao\/\" \/>\n<meta property=\"og:locale\" content=\"es_ES\" \/>\n<meta property=\"og:type\" content=\"article\" \/>\n<meta property=\"og:title\" content=\"Tour Privado de San Sebasti\u00e1n + Getaria + Cata de Txakoli en Bodega desde Bilbao\" \/>\n<meta property=\"og:description\" content=\"Descubra el encanto de San Sebasti\u00e1n, el patrimonio de Getaria y deguste el vino Txakoli en un tour privado de 10 horas. Lujo y cultura combinados. \u2705\" \/>\n<meta property=\"og:url\" content=\"https:\/\/tourtravelandmore.com\/es\/tours\/espana-es\/bilbao-es\/tour-privado-de-san-sebastian-getaria-cata-de-txakoli-en-bodega-desde-bilbao\/\" \/>\n<meta property=\"og:site_name\" content=\"Tour Travel And More\" \/>\n<meta property=\"article:publisher\" content=\"https:\/\/www.facebook.com\/tourtravelandmore\/\" \/>\n<meta property=\"article:modified_time\" content=\"2024-09-27T16:26:30+00:00\" \/>\n<meta property=\"og:image\" content=\"https:\/\/tourtravelandmore.com\/wp-content\/uploads\/2024\/01\/image4-5.jpg\" \/>\n\t<meta property=\"og:image:width\" content=\"950\" \/>\n\t<meta property=\"og:image:height\" content=\"750\" \/>\n\t<meta property=\"og:image:type\" content=\"image\/jpeg\" \/>\n<meta name=\"twitter:card\" content=\"summary_large_image\" \/>\n<meta name=\"twitter:site\" content=\"@TourTravel_More\" \/>\n<meta name=\"twitter:label1\" content=\"Tiempo de lectura\" \/>\n\t<meta name=\"twitter:data1\" content=\"4 minutos\" \/>\n<script type=\"application\/ld+json\" class=\"yoast-schema-graph\">{\"@context\":\"https:\/\/schema.org\",\"@graph\":[{\"@type\":\"WebPage\",\"@id\":\"https:\/\/tourtravelandmore.com\/es\/tours\/espana-es\/bilbao-es\/tour-privado-de-san-sebastian-getaria-cata-de-txakoli-en-bodega-desde-bilbao\/\",\"url\":\"https:\/\/tourtravelandmore.com\/es\/tours\/espana-es\/bilbao-es\/tour-privado-de-san-sebastian-getaria-cata-de-txakoli-en-bodega-desde-bilbao\/\",\"name\":\"\u27a1\ufe0f Tour exclusivo por San Sebasti\u00e1n, Getaria y Txakoli desde Bilbao\",\"isPartOf\":{\"@id\":\"https:\/\/tourtravelandmore.com\/es\/#website\"},\"primaryImageOfPage\":{\"@id\":\"https:\/\/tourtravelandmore.com\/es\/tours\/espana-es\/bilbao-es\/tour-privado-de-san-sebastian-getaria-cata-de-txakoli-en-bodega-desde-bilbao\/#primaryimage\"},\"image\":{\"@id\":\"https:\/\/tourtravelandmore.com\/es\/tours\/espana-es\/bilbao-es\/tour-privado-de-san-sebastian-getaria-cata-de-txakoli-en-bodega-desde-bilbao\/#primaryimage\"},\"thumbnailUrl\":\"https:\/\/tourtravelandmore.com\/wp-content\/uploads\/2024\/01\/image4-5.jpg\",\"datePublished\":\"2024-01-04T14:43:28+00:00\",\"dateModified\":\"2024-09-27T16:26:30+00:00\",\"description\":\"Descubra el encanto de San Sebasti\u00e1n, el patrimonio de Getaria y deguste el vino Txakoli en un tour privado de 10 horas. Lujo y cultura combinados. \u2705\",\"breadcrumb\":{\"@id\":\"https:\/\/tourtravelandmore.com\/es\/tours\/espana-es\/bilbao-es\/tour-privado-de-san-sebastian-getaria-cata-de-txakoli-en-bodega-desde-bilbao\/#breadcrumb\"},\"inLanguage\":\"es\",\"potentialAction\":[{\"@type\":\"ReadAction\",\"target\":[\"https:\/\/tourtravelandmore.com\/es\/tours\/espana-es\/bilbao-es\/tour-privado-de-san-sebastian-getaria-cata-de-txakoli-en-bodega-desde-bilbao\/\"]}]},{\"@type\":\"ImageObject\",\"inLanguage\":\"es\",\"@id\":\"https:\/\/tourtravelandmore.com\/es\/tours\/espana-es\/bilbao-es\/tour-privado-de-san-sebastian-getaria-cata-de-txakoli-en-bodega-desde-bilbao\/#primaryimage\",\"url\":\"https:\/\/tourtravelandmore.com\/wp-content\/uploads\/2024\/01\/image4-5.jpg\",\"contentUrl\":\"https:\/\/tourtravelandmore.com\/wp-content\/uploads\/2024\/01\/image4-5.jpg\",\"width\":950,\"height\":750},{\"@type\":\"BreadcrumbList\",\"@id\":\"https:\/\/tourtravelandmore.com\/es\/tours\/espana-es\/bilbao-es\/tour-privado-de-san-sebastian-getaria-cata-de-txakoli-en-bodega-desde-bilbao\/#breadcrumb\",\"itemListElement\":[{\"@type\":\"ListItem\",\"position\":1,\"name\":\"Home\",\"item\":\"https:\/\/tourtravelandmore.com\/es\/\"},{\"@type\":\"ListItem\",\"position\":2,\"name\":\"Tours\",\"item\":\"https:\/\/tourtravelandmore.com\/es\/tours\/\"},{\"@type\":\"ListItem\",\"position\":3,\"name\":\"Tour Privado de San Sebasti\u00e1n + Getaria + Cata de Txakoli en Bodega desde Bilbao\"}]},{\"@type\":\"WebSite\",\"@id\":\"https:\/\/tourtravelandmore.com\/es\/#website\",\"url\":\"https:\/\/tourtravelandmore.com\/es\/\",\"name\":\"Tour Travel And More\",\"description\":\"Private sightseeing tours and luxury transfers in Spain\",\"publisher\":{\"@id\":\"https:\/\/tourtravelandmore.com\/es\/#organization\"},\"potentialAction\":[{\"@type\":\"SearchAction\",\"target\":{\"@type\":\"EntryPoint\",\"urlTemplate\":\"https:\/\/tourtravelandmore.com\/es\/?s={search_term_string}\"},\"query-input\":{\"@type\":\"PropertyValueSpecification\",\"valueRequired\":true,\"valueName\":\"search_term_string\"}}],\"inLanguage\":\"es\"},{\"@type\":\"Organization\",\"@id\":\"https:\/\/tourtravelandmore.com\/es\/#organization\",\"name\":\"Tour Travel And More\",\"url\":\"https:\/\/tourtravelandmore.com\/es\/\",\"logo\":{\"@type\":\"ImageObject\",\"inLanguage\":\"es\",\"@id\":\"https:\/\/tourtravelandmore.com\/es\/#\/schema\/logo\/image\/\",\"url\":\"https:\/\/tourtravelandmore.com\/wp-content\/uploads\/2022\/12\/cropped-logo-cabecera-new.png\",\"contentUrl\":\"https:\/\/tourtravelandmore.com\/wp-content\/uploads\/2022\/12\/cropped-logo-cabecera-new.png\",\"width\":430,\"height\":61,\"caption\":\"Tour Travel And More\"},\"image\":{\"@id\":\"https:\/\/tourtravelandmore.com\/es\/#\/schema\/logo\/image\/\"},\"sameAs\":[\"https:\/\/www.facebook.com\/tourtravelandmore\/\",\"https:\/\/x.com\/TourTravel_More\"]}]}<\/script>\n<!-- \/ Yoast SEO Premium plugin. -->","yoast_head_json":{"title":"\u27a1\ufe0f Tour exclusivo por San Sebasti\u00e1n, Getaria y Txakoli desde Bilbao","description":"Descubra el encanto de San Sebasti\u00e1n, el patrimonio de Getaria y deguste el vino Txakoli en un tour privado de 10 horas. Lujo y cultura combinados. \u2705","robots":{"index":"index","follow":"follow","max-snippet":"max-snippet:-1","max-image-preview":"max-image-preview:large","max-video-preview":"max-video-preview:-1"},"canonical":"https:\/\/tourtravelandmore.com\/es\/tours\/espana-es\/bilbao-es\/tour-privado-de-san-sebastian-getaria-cata-de-txakoli-en-bodega-desde-bilbao\/","og_locale":"es_ES","og_type":"article","og_title":"Tour Privado de San Sebasti\u00e1n + Getaria + Cata de Txakoli en Bodega desde Bilbao","og_description":"Descubra el encanto de San Sebasti\u00e1n, el patrimonio de Getaria y deguste el vino Txakoli en un tour privado de 10 horas. Lujo y cultura combinados. \u2705","og_url":"https:\/\/tourtravelandmore.com\/es\/tours\/espana-es\/bilbao-es\/tour-privado-de-san-sebastian-getaria-cata-de-txakoli-en-bodega-desde-bilbao\/","og_site_name":"Tour Travel And More","article_publisher":"https:\/\/www.facebook.com\/tourtravelandmore\/","article_modified_time":"2024-09-27T16:26:30+00:00","og_image":[{"width":950,"height":750,"url":"https:\/\/tourtravelandmore.com\/wp-content\/uploads\/2024\/01\/image4-5.jpg","type":"image\/jpeg"}],"twitter_card":"summary_large_image","twitter_site":"@TourTravel_More","twitter_misc":{"Tiempo de lectura":"4 minutos"},"schema":{"@context":"https:\/\/schema.org","@graph":[{"@type":"WebPage","@id":"https:\/\/tourtravelandmore.com\/es\/tours\/espana-es\/bilbao-es\/tour-privado-de-san-sebastian-getaria-cata-de-txakoli-en-bodega-desde-bilbao\/","url":"https:\/\/tourtravelandmore.com\/es\/tours\/espana-es\/bilbao-es\/tour-privado-de-san-sebastian-getaria-cata-de-txakoli-en-bodega-desde-bilbao\/","name":"\u27a1\ufe0f Tour exclusivo por San Sebasti\u00e1n, Getaria y Txakoli desde Bilbao","isPartOf":{"@id":"https:\/\/tourtravelandmore.com\/es\/#website"},"primaryImageOfPage":{"@id":"https:\/\/tourtravelandmore.com\/es\/tours\/espana-es\/bilbao-es\/tour-privado-de-san-sebastian-getaria-cata-de-txakoli-en-bodega-desde-bilbao\/#primaryimage"},"image":{"@id":"https:\/\/tourtravelandmore.com\/es\/tours\/espana-es\/bilbao-es\/tour-privado-de-san-sebastian-getaria-cata-de-txakoli-en-bodega-desde-bilbao\/#primaryimage"},"thumbnailUrl":"https:\/\/tourtravelandmore.com\/wp-content\/uploads\/2024\/01\/image4-5.jpg","datePublished":"2024-01-04T14:43:28+00:00","dateModified":"2024-09-27T16:26:30+00:00","description":"Descubra el encanto de San Sebasti\u00e1n, el patrimonio de Getaria y deguste el vino Txakoli en un tour privado de 10 horas. Lujo y cultura combinados. \u2705","breadcrumb":{"@id":"https:\/\/tourtravelandmore.com\/es\/tours\/espana-es\/bilbao-es\/tour-privado-de-san-sebastian-getaria-cata-de-txakoli-en-bodega-desde-bilbao\/#breadcrumb"},"inLanguage":"es","potentialAction":[{"@type":"ReadAction","target":["https:\/\/tourtravelandmore.com\/es\/tours\/espana-es\/bilbao-es\/tour-privado-de-san-sebastian-getaria-cata-de-txakoli-en-bodega-desde-bilbao\/"]}]},{"@type":"ImageObject","inLanguage":"es","@id":"https:\/\/tourtravelandmore.com\/es\/tours\/espana-es\/bilbao-es\/tour-privado-de-san-sebastian-getaria-cata-de-txakoli-en-bodega-desde-bilbao\/#primaryimage","url":"https:\/\/tourtravelandmore.com\/wp-content\/uploads\/2024\/01\/image4-5.jpg","contentUrl":"https:\/\/tourtravelandmore.com\/wp-content\/uploads\/2024\/01\/image4-5.jpg","width":950,"height":750},{"@type":"BreadcrumbList","@id":"https:\/\/tourtravelandmore.com\/es\/tours\/espana-es\/bilbao-es\/tour-privado-de-san-sebastian-getaria-cata-de-txakoli-en-bodega-desde-bilbao\/#breadcrumb","itemListElement":[{"@type":"ListItem","position":1,"name":"Home","item":"https:\/\/tourtravelandmore.com\/es\/"},{"@type":"ListItem","position":2,"name":"Tours","item":"https:\/\/tourtravelandmore.com\/es\/tours\/"},{"@type":"ListItem","position":3,"name":"Tour Privado de San Sebasti\u00e1n + Getaria + Cata de Txakoli en Bodega desde Bilbao"}]},{"@type":"WebSite","@id":"https:\/\/tourtravelandmore.com\/es\/#website","url":"https:\/\/tourtravelandmore.com\/es\/","name":"Tour Travel And More","description":"Private sightseeing tours and luxury transfers in Spain","publisher":{"@id":"https:\/\/tourtravelandmore.com\/es\/#organization"},"potentialAction":[{"@type":"SearchAction","target":{"@type":"EntryPoint","urlTemplate":"https:\/\/tourtravelandmore.com\/es\/?s={search_term_string}"},"query-input":{"@type":"PropertyValueSpecification","valueRequired":true,"valueName":"search_term_string"}}],"inLanguage":"es"},{"@type":"Organization","@id":"https:\/\/tourtravelandmore.com\/es\/#organization","name":"Tour Travel And More","url":"https:\/\/tourtravelandmore.com\/es\/","logo":{"@type":"ImageObject","inLanguage":"es","@id":"https:\/\/tourtravelandmore.com\/es\/#\/schema\/logo\/image\/","url":"https:\/\/tourtravelandmore.com\/wp-content\/uploads\/2022\/12\/cropped-logo-cabecera-new.png","contentUrl":"https:\/\/tourtravelandmore.com\/wp-content\/uploads\/2022\/12\/cropped-logo-cabecera-new.png","width":430,"height":61,"caption":"Tour Travel And More"},"image":{"@id":"https:\/\/tourtravelandmore.com\/es\/#\/schema\/logo\/image\/"},"sameAs":["https:\/\/www.facebook.com\/tourtravelandmore\/","https:\/\/x.com\/TourTravel_More"]}]}},"_links":{"self":[{"href":"https:\/\/tourtravelandmore.com\/es\/wp-json\/wp\/v2\/product\/171902","targetHints":{"allow":["GET"]}}],"collection":[{"href":"https:\/\/tourtravelandmore.com\/es\/wp-json\/wp\/v2\/product"}],"about":[{"href":"https:\/\/tourtravelandmore.com\/es\/wp-json\/wp\/v2\/types\/product"}],"replies":[{"embeddable":true,"href":"https:\/\/tourtravelandmore.com\/es\/wp-json\/wp\/v2\/comments?post=171902"}],"wp:featuredmedia":[{"embeddable":true,"href":"https:\/\/tourtravelandmore.com\/es\/wp-json\/wp\/v2\/media\/171927"}],"wp:attachment":[{"href":"https:\/\/tourtravelandmore.com\/es\/wp-json\/wp\/v2\/media?parent=171902"}],"wp:term":[{"taxonomy":"product_brand","embeddable":true,"href":"https:\/\/tourtravelandmore.com\/es\/wp-json\/wp\/v2\/product_brand?post=171902"},{"taxonomy":"product_cat","embeddable":true,"href":"https:\/\/tourtravelandmore.com\/es\/wp-json\/wp\/v2\/product_cat?post=171902"},{"taxonomy":"product_tag","embeddable":true,"href":"https:\/\/tourtravelandmore.com\/es\/wp-json\/wp\/v2\/product_tag?post=171902"}],"curies":[{"name":"wp","href":"https:\/\/api.w.org\/{rel}","templated":true}]}}