{"id":171875,"date":"2024-01-03T16:59:23","date_gmt":"2024-01-03T15:59:23","guid":{"rendered":"https:\/\/tourtravelandmore.com\/?post_type=product&#038;p=171875"},"modified":"2024-02-01T20:16:44","modified_gmt":"2024-02-01T19:16:44","slug":"tour-privado-sebastian-zumaia-y-santuario-de-loyola-desde-bilbao","status":"publish","type":"product","link":"https:\/\/tourtravelandmore.com\/es\/tours\/espana-es\/bilbao-es\/tour-privado-sebastian-zumaia-y-santuario-de-loyola-desde-bilbao\/","title":{"rendered":"Tour Privado a San Sebasti\u00e1n, Zumaia y el Santuario de Loyola\u00a0desde\u00a0Bilbao"},"content":{"rendered":"<h2><b>Tour Privado Sebasti\u00e1n, Zumaia y Santuario de Loyola desde Bilbao Descripci\u00f3n:<\/b><\/h2>\n<p><span style=\"font-weight: 400;\">Este amplio tour privado de 10 horas ofrece una exploraci\u00f3n exhaustiva de San Sebasti\u00e1n, Zumaia y el Santuario de Loyola, con salida desde Bilbao. El viaje comienza con un lujoso paseo en coche, que prepara el terreno para un d\u00eda de descubrimientos. En San Sebasti\u00e1n, sum\u00e9rjase en la famosa belleza arquitect\u00f3nica de la ciudad y en su escena culinaria. Marav\u00edllese ante los acantilados del flysch de Zumaia, una obra maestra geol\u00f3gica formada a lo largo de millones de a\u00f1os. El recorrido culmina en el Santuario de Loyola, un refugio espiritual y una maravilla arquitect\u00f3nica, reflejo de la herencia jesuita. Esta experiencia no es s\u00f3lo una excursi\u00f3n; es una inmersi\u00f3n profunda en el coraz\u00f3n de la cultura, la historia y el esplendor natural vascos.<\/span><\/p>\n<p><span style=\"font-weight: 400;\">En este detallado recorrido privado, experimentar\u00e1 lo mejor del patrimonio cultural vasco y la belleza natural. San Sebasti\u00e1n encanta con sus elegantes playas y su vibrante escena cultural, incluida la emblem\u00e1tica playa de La Concha y la hist\u00f3rica Parte Vieja, centro neur\u00e1lgico de las tradiciones y la gastronom\u00eda vascas. Los acantilados de flysch de Zumaia son una maravilla natural que muestra la historia geol\u00f3gica de la Tierra en un impresionante despliegue. El recorrido concluye en el Santuario de Loyola, una obra maestra de la arquitectura, que ofrece un viaje a trav\u00e9s de \u00e1mbitos espirituales e hist\u00f3ricos. Este recorrido promete no s\u00f3lo mostrar la belleza de estos lugares, sino proporcionar una comprensi\u00f3n m\u00e1s profunda de la identidad y la historia \u00fanicas de la regi\u00f3n vasca.<\/span><\/p>\n<p><span style=\"font-weight: 400;\">A continuaci\u00f3n, el recorrido profundiza en la esencia de San Sebasti\u00e1n con una visita a su encantador Palacio de Miramar, s\u00edmbolo del pasado real de la ciudad y de su conexi\u00f3n con la monarqu\u00eda espa\u00f1ola. En Zumaia, adem\u00e1s de los impresionantes acantilados del flysch, explorar\u00e1 su pintoresco puerto pesquero, muestra del patrimonio mar\u00edtimo de la ciudad y que ofrece unas vistas pintorescas. El viaje espiritual al Santuario de Loyola se enriquece con la belleza natural que lo rodea, creando un entorno tranquilo para la contemplaci\u00f3n. Este completo recorrido est\u00e1 dise\u00f1ado para proporcionar una comprensi\u00f3n hol\u00edstica de la diversidad paisaj\u00edstica de la regi\u00f3n vasca, desde sus maravillas arquitect\u00f3nicas urbanas hasta sus serenas maravillas naturales, convirti\u00e9ndolo en una experiencia inolvidable.<\/span><\/p>\n<h2><b>Tour Privado Sebasti\u00e1n, Zumaia y Santuario de Loyola desde Bilbao Puntos de Inter\u00e9s:<\/b><\/h2>\n<ul>\n<li style=\"font-weight: 400;\" aria-level=\"1\"><b>San Sebasti\u00e1n<\/b><span style=\"font-weight: 400;\">: Esta ciudad es un tapiz de riqueza cultural, desde su renombrada playa de La Concha hasta el casco hist\u00f3rico, que ofrece una visi\u00f3n de las tradiciones vascas y la vida contempor\u00e1nea.<\/span><\/li>\n<li style=\"font-weight: 400;\" aria-level=\"1\"><b>Acantilados del Flysch de Zumaia:<\/b><span style=\"font-weight: 400;\"> Un fen\u00f3meno natural, estos acantilados presentan capas de historia geol\u00f3gica, atrayendo a ge\u00f3logos y amantes de la naturaleza por igual. Son un testimonio de las fuerzas din\u00e1micas de la naturaleza y el tiempo.<\/span><\/li>\n<li style=\"font-weight: 400;\" aria-level=\"1\"><b>Santuario de Loyola<\/b><span style=\"font-weight: 400;\">: M\u00e1s que un lugar religioso, el Santuario de Loyola es un faro de paz y reflexi\u00f3n espiritual. Su intrincada arquitectura y su significado hist\u00f3rico proporcionan una profunda sensaci\u00f3n de conexi\u00f3n con el pasado.<\/span><\/li>\n<li style=\"font-weight: 400;\" aria-level=\"1\"><b>Plaza de la Constituci\u00f3n de San Sebasti\u00e1n<\/b><span style=\"font-weight: 400;\">: Coraz\u00f3n de las fiestas y de la vida cotidiana de la ciudad, esta plaza est\u00e1 rodeada de edificios con balcones numerados, recuerdo de su pasado como plaza de toros. Es un lugar perfecto para empaparse del ambiente y la cultura local.<\/span><\/li>\n<li style=\"font-weight: 400;\" aria-level=\"1\"><b>Geoparque de la Costa Vasca, cerca de Zumaia:<\/b><span style=\"font-weight: 400;\"> este parque no es s\u00f3lo por los acantilados de flysch, sino tambi\u00e9n por la rica biodiversidad y los ecosistemas costeros \u00fanicos que conserva, ofreciendo una fascinante visi\u00f3n del patrimonio natural de la regi\u00f3n.<\/span><\/li>\n<li style=\"font-weight: 400;\" aria-level=\"1\"><b>Iglesia de San Salvador en Zumaia: <\/b><span style=\"font-weight: 400;\">Una iglesia hist\u00f3rica que ofrece una visi\u00f3n de la historia religiosa y arquitect\u00f3nica del Pa\u00eds Vasco, este sitio complementa el viaje espiritual de la gira.<\/span><\/li>\n<li style=\"font-weight: 400;\" aria-level=\"1\"><b>Museo del Ferrocarril de Azpeitia, cerca de Loyola<\/b><span style=\"font-weight: 400;\">: Situado cerca del Santuario de Loyola, este museo muestra el rico patrimonio ferroviario de la regi\u00f3n, perfecto para los entusiastas de la historia y las familias.<\/span><\/li>\n<\/ul>\n<p><span style=\"font-weight: 400;\">Tour Travel and More le invita a explorar la polifac\u00e9tica ciudad de Bilbao con nuestros exclusivos tours privados. Cada tour est\u00e1 cuidadosamente dise\u00f1ado para proporcionar una <\/span><a href=\"https:\/\/tourtravelandmore.com\/es\/ciudad\/espana-es\/bilbao-es\/\"><span style=\"font-weight: 400;\">experiencia personalizada y memorable, abarcando la rica historia de Bilbao,<\/span><\/a> <span style=\"font-weight: 400;\">su vibrante cultura y su impresionante arquitectura. Descubra nuestra amplia gama de tours en nuestra p\u00e1gina web, Tour Travel and More, y elija su pr\u00f3xima aventura en el coraz\u00f3n del Pa\u00eds Vasco.<\/span><\/p>\n","protected":false},"excerpt":{"rendered":"<p><span style=\"font-weight: 400;\">Acomp\u00e1\u00f1enos en una excursi\u00f3n privada desde Bilbao a San Sebasti\u00e1n, Zumaia y el Santuario de Loyola. Este tour ofrece la oportunidad de explorar lugares hist\u00f3ricos, maravillarse con las maravillas naturales y encontrar solaz espiritual, todo ello acompa\u00f1ado de un transporte de lujo y una gu\u00eda experta.<\/span><\/p>\n","protected":false},"featured_media":171891,"comment_status":"open","ping_status":"closed","template":"","meta":{"_acf_changed":false},"product_brand":[],"product_cat":[189,191,193,523],"product_tag":[],"class_list":{"0":"post-171875","1":"product","2":"type-product","3":"status-publish","4":"has-post-thumbnail","6":"product_cat-bilbao-es","7":"product_cat-bilbao-actividades-es","8":"product_cat-bilbao-rutas-turisticas-privadas-es","9":"product_cat-bilbao-excursiones-privadas-cruceros-es","11":"first","12":"instock","13":"shipping-taxable","14":"purchasable","15":"product-type-simple"},"acf":[],"yoast_head":"<!-- This site is optimized with the Yoast SEO Premium plugin v25.3.1 (Yoast SEO v25.3.1) - https:\/\/yoast.com\/wordpress\/plugins\/seo\/ -->\n<title>\u27a1\ufe0f Descubre San Sebasti\u00e1n, Zumaia, Loyola: Tour exclusivo desde Bilbao<\/title>\n<meta name=\"description\" content=\"Explore la cultura de San Sebasti\u00e1n, los acantilados de Zumaia y el santuario de Loyola en una lujosa excursi\u00f3n de 10 horas desde Bilbao. Le esperan experiencias inolvidables. \u2705\" \/>\n<meta name=\"robots\" content=\"index, follow, max-snippet:-1, max-image-preview:large, max-video-preview:-1\" \/>\n<link rel=\"canonical\" href=\"https:\/\/tourtravelandmore.com\/es\/tours\/espana-es\/bilbao-es\/tour-privado-sebastian-zumaia-y-santuario-de-loyola-desde-bilbao\/\" \/>\n<meta property=\"og:locale\" content=\"es_ES\" \/>\n<meta property=\"og:type\" content=\"article\" \/>\n<meta property=\"og:title\" content=\"Tour Privado a San Sebasti\u00e1n, Zumaia y el Santuario de Loyola\u00a0desde\u00a0Bilbao\" \/>\n<meta property=\"og:description\" content=\"Explore la cultura de San Sebasti\u00e1n, los acantilados de Zumaia y el santuario de Loyola en una lujosa excursi\u00f3n de 10 horas desde Bilbao. Le esperan experiencias inolvidables. \u2705\" \/>\n<meta property=\"og:url\" content=\"https:\/\/tourtravelandmore.com\/es\/tours\/espana-es\/bilbao-es\/tour-privado-sebastian-zumaia-y-santuario-de-loyola-desde-bilbao\/\" \/>\n<meta property=\"og:site_name\" content=\"Tour Travel And More\" \/>\n<meta property=\"article:publisher\" content=\"https:\/\/www.facebook.com\/tourtravelandmore\/\" \/>\n<meta property=\"article:modified_time\" content=\"2024-02-01T19:16:44+00:00\" \/>\n<meta property=\"og:image\" content=\"https:\/\/tourtravelandmore.com\/wp-content\/uploads\/2024\/01\/image1.png\" \/>\n\t<meta property=\"og:image:width\" content=\"950\" \/>\n\t<meta property=\"og:image:height\" content=\"750\" \/>\n\t<meta property=\"og:image:type\" content=\"image\/png\" \/>\n<meta name=\"twitter:card\" content=\"summary_large_image\" \/>\n<meta name=\"twitter:site\" content=\"@TourTravel_More\" \/>\n<meta name=\"twitter:label1\" content=\"Tiempo de lectura\" \/>\n\t<meta name=\"twitter:data1\" content=\"4 minutos\" \/>\n<script type=\"application\/ld+json\" class=\"yoast-schema-graph\">{\"@context\":\"https:\/\/schema.org\",\"@graph\":[{\"@type\":\"WebPage\",\"@id\":\"https:\/\/tourtravelandmore.com\/es\/tours\/espana-es\/bilbao-es\/tour-privado-sebastian-zumaia-y-santuario-de-loyola-desde-bilbao\/\",\"url\":\"https:\/\/tourtravelandmore.com\/es\/tours\/espana-es\/bilbao-es\/tour-privado-sebastian-zumaia-y-santuario-de-loyola-desde-bilbao\/\",\"name\":\"\u27a1\ufe0f Descubre San Sebasti\u00e1n, Zumaia, Loyola: Tour exclusivo desde Bilbao\",\"isPartOf\":{\"@id\":\"https:\/\/tourtravelandmore.com\/es\/#website\"},\"primaryImageOfPage\":{\"@id\":\"https:\/\/tourtravelandmore.com\/es\/tours\/espana-es\/bilbao-es\/tour-privado-sebastian-zumaia-y-santuario-de-loyola-desde-bilbao\/#primaryimage\"},\"image\":{\"@id\":\"https:\/\/tourtravelandmore.com\/es\/tours\/espana-es\/bilbao-es\/tour-privado-sebastian-zumaia-y-santuario-de-loyola-desde-bilbao\/#primaryimage\"},\"thumbnailUrl\":\"https:\/\/tourtravelandmore.com\/wp-content\/uploads\/2024\/01\/image1.png\",\"datePublished\":\"2024-01-03T15:59:23+00:00\",\"dateModified\":\"2024-02-01T19:16:44+00:00\",\"description\":\"Explore la cultura de San Sebasti\u00e1n, los acantilados de Zumaia y el santuario de Loyola en una lujosa excursi\u00f3n de 10 horas desde Bilbao. Le esperan experiencias inolvidables. \u2705\",\"breadcrumb\":{\"@id\":\"https:\/\/tourtravelandmore.com\/es\/tours\/espana-es\/bilbao-es\/tour-privado-sebastian-zumaia-y-santuario-de-loyola-desde-bilbao\/#breadcrumb\"},\"inLanguage\":\"es\",\"potentialAction\":[{\"@type\":\"ReadAction\",\"target\":[\"https:\/\/tourtravelandmore.com\/es\/tours\/espana-es\/bilbao-es\/tour-privado-sebastian-zumaia-y-santuario-de-loyola-desde-bilbao\/\"]}]},{\"@type\":\"ImageObject\",\"inLanguage\":\"es\",\"@id\":\"https:\/\/tourtravelandmore.com\/es\/tours\/espana-es\/bilbao-es\/tour-privado-sebastian-zumaia-y-santuario-de-loyola-desde-bilbao\/#primaryimage\",\"url\":\"https:\/\/tourtravelandmore.com\/wp-content\/uploads\/2024\/01\/image1.png\",\"contentUrl\":\"https:\/\/tourtravelandmore.com\/wp-content\/uploads\/2024\/01\/image1.png\",\"width\":950,\"height\":750},{\"@type\":\"BreadcrumbList\",\"@id\":\"https:\/\/tourtravelandmore.com\/es\/tours\/espana-es\/bilbao-es\/tour-privado-sebastian-zumaia-y-santuario-de-loyola-desde-bilbao\/#breadcrumb\",\"itemListElement\":[{\"@type\":\"ListItem\",\"position\":1,\"name\":\"Home\",\"item\":\"https:\/\/tourtravelandmore.com\/es\/\"},{\"@type\":\"ListItem\",\"position\":2,\"name\":\"Tours\",\"item\":\"https:\/\/tourtravelandmore.com\/es\/tours\/\"},{\"@type\":\"ListItem\",\"position\":3,\"name\":\"Tour Privado a San Sebasti\u00e1n, Zumaia y el Santuario de Loyola\u00a0desde\u00a0Bilbao\"}]},{\"@type\":\"WebSite\",\"@id\":\"https:\/\/tourtravelandmore.com\/es\/#website\",\"url\":\"https:\/\/tourtravelandmore.com\/es\/\",\"name\":\"Tour Travel And More\",\"description\":\"Private sightseeing tours and luxury transfers in Spain\",\"publisher\":{\"@id\":\"https:\/\/tourtravelandmore.com\/es\/#organization\"},\"potentialAction\":[{\"@type\":\"SearchAction\",\"target\":{\"@type\":\"EntryPoint\",\"urlTemplate\":\"https:\/\/tourtravelandmore.com\/es\/?s={search_term_string}\"},\"query-input\":{\"@type\":\"PropertyValueSpecification\",\"valueRequired\":true,\"valueName\":\"search_term_string\"}}],\"inLanguage\":\"es\"},{\"@type\":\"Organization\",\"@id\":\"https:\/\/tourtravelandmore.com\/es\/#organization\",\"name\":\"Tour Travel And More\",\"url\":\"https:\/\/tourtravelandmore.com\/es\/\",\"logo\":{\"@type\":\"ImageObject\",\"inLanguage\":\"es\",\"@id\":\"https:\/\/tourtravelandmore.com\/es\/#\/schema\/logo\/image\/\",\"url\":\"https:\/\/tourtravelandmore.com\/wp-content\/uploads\/2022\/12\/cropped-logo-cabecera-new.png\",\"contentUrl\":\"https:\/\/tourtravelandmore.com\/wp-content\/uploads\/2022\/12\/cropped-logo-cabecera-new.png\",\"width\":430,\"height\":61,\"caption\":\"Tour Travel And More\"},\"image\":{\"@id\":\"https:\/\/tourtravelandmore.com\/es\/#\/schema\/logo\/image\/\"},\"sameAs\":[\"https:\/\/www.facebook.com\/tourtravelandmore\/\",\"https:\/\/x.com\/TourTravel_More\"]}]}<\/script>\n<!-- \/ Yoast SEO Premium plugin. -->","yoast_head_json":{"title":"\u27a1\ufe0f Descubre San Sebasti\u00e1n, Zumaia, Loyola: Tour exclusivo desde Bilbao","description":"Explore la cultura de San Sebasti\u00e1n, los acantilados de Zumaia y el santuario de Loyola en una lujosa excursi\u00f3n de 10 horas desde Bilbao. Le esperan experiencias inolvidables. \u2705","robots":{"index":"index","follow":"follow","max-snippet":"max-snippet:-1","max-image-preview":"max-image-preview:large","max-video-preview":"max-video-preview:-1"},"canonical":"https:\/\/tourtravelandmore.com\/es\/tours\/espana-es\/bilbao-es\/tour-privado-sebastian-zumaia-y-santuario-de-loyola-desde-bilbao\/","og_locale":"es_ES","og_type":"article","og_title":"Tour Privado a San Sebasti\u00e1n, Zumaia y el Santuario de Loyola\u00a0desde\u00a0Bilbao","og_description":"Explore la cultura de San Sebasti\u00e1n, los acantilados de Zumaia y el santuario de Loyola en una lujosa excursi\u00f3n de 10 horas desde Bilbao. Le esperan experiencias inolvidables. \u2705","og_url":"https:\/\/tourtravelandmore.com\/es\/tours\/espana-es\/bilbao-es\/tour-privado-sebastian-zumaia-y-santuario-de-loyola-desde-bilbao\/","og_site_name":"Tour Travel And More","article_publisher":"https:\/\/www.facebook.com\/tourtravelandmore\/","article_modified_time":"2024-02-01T19:16:44+00:00","og_image":[{"width":950,"height":750,"url":"https:\/\/tourtravelandmore.com\/wp-content\/uploads\/2024\/01\/image1.png","type":"image\/png"}],"twitter_card":"summary_large_image","twitter_site":"@TourTravel_More","twitter_misc":{"Tiempo de lectura":"4 minutos"},"schema":{"@context":"https:\/\/schema.org","@graph":[{"@type":"WebPage","@id":"https:\/\/tourtravelandmore.com\/es\/tours\/espana-es\/bilbao-es\/tour-privado-sebastian-zumaia-y-santuario-de-loyola-desde-bilbao\/","url":"https:\/\/tourtravelandmore.com\/es\/tours\/espana-es\/bilbao-es\/tour-privado-sebastian-zumaia-y-santuario-de-loyola-desde-bilbao\/","name":"\u27a1\ufe0f Descubre San Sebasti\u00e1n, Zumaia, Loyola: Tour exclusivo desde Bilbao","isPartOf":{"@id":"https:\/\/tourtravelandmore.com\/es\/#website"},"primaryImageOfPage":{"@id":"https:\/\/tourtravelandmore.com\/es\/tours\/espana-es\/bilbao-es\/tour-privado-sebastian-zumaia-y-santuario-de-loyola-desde-bilbao\/#primaryimage"},"image":{"@id":"https:\/\/tourtravelandmore.com\/es\/tours\/espana-es\/bilbao-es\/tour-privado-sebastian-zumaia-y-santuario-de-loyola-desde-bilbao\/#primaryimage"},"thumbnailUrl":"https:\/\/tourtravelandmore.com\/wp-content\/uploads\/2024\/01\/image1.png","datePublished":"2024-01-03T15:59:23+00:00","dateModified":"2024-02-01T19:16:44+00:00","description":"Explore la cultura de San Sebasti\u00e1n, los acantilados de Zumaia y el santuario de Loyola en una lujosa excursi\u00f3n de 10 horas desde Bilbao. Le esperan experiencias inolvidables. \u2705","breadcrumb":{"@id":"https:\/\/tourtravelandmore.com\/es\/tours\/espana-es\/bilbao-es\/tour-privado-sebastian-zumaia-y-santuario-de-loyola-desde-bilbao\/#breadcrumb"},"inLanguage":"es","potentialAction":[{"@type":"ReadAction","target":["https:\/\/tourtravelandmore.com\/es\/tours\/espana-es\/bilbao-es\/tour-privado-sebastian-zumaia-y-santuario-de-loyola-desde-bilbao\/"]}]},{"@type":"ImageObject","inLanguage":"es","@id":"https:\/\/tourtravelandmore.com\/es\/tours\/espana-es\/bilbao-es\/tour-privado-sebastian-zumaia-y-santuario-de-loyola-desde-bilbao\/#primaryimage","url":"https:\/\/tourtravelandmore.com\/wp-content\/uploads\/2024\/01\/image1.png","contentUrl":"https:\/\/tourtravelandmore.com\/wp-content\/uploads\/2024\/01\/image1.png","width":950,"height":750},{"@type":"BreadcrumbList","@id":"https:\/\/tourtravelandmore.com\/es\/tours\/espana-es\/bilbao-es\/tour-privado-sebastian-zumaia-y-santuario-de-loyola-desde-bilbao\/#breadcrumb","itemListElement":[{"@type":"ListItem","position":1,"name":"Home","item":"https:\/\/tourtravelandmore.com\/es\/"},{"@type":"ListItem","position":2,"name":"Tours","item":"https:\/\/tourtravelandmore.com\/es\/tours\/"},{"@type":"ListItem","position":3,"name":"Tour Privado a San Sebasti\u00e1n, Zumaia y el Santuario de Loyola\u00a0desde\u00a0Bilbao"}]},{"@type":"WebSite","@id":"https:\/\/tourtravelandmore.com\/es\/#website","url":"https:\/\/tourtravelandmore.com\/es\/","name":"Tour Travel And More","description":"Private sightseeing tours and luxury transfers in Spain","publisher":{"@id":"https:\/\/tourtravelandmore.com\/es\/#organization"},"potentialAction":[{"@type":"SearchAction","target":{"@type":"EntryPoint","urlTemplate":"https:\/\/tourtravelandmore.com\/es\/?s={search_term_string}"},"query-input":{"@type":"PropertyValueSpecification","valueRequired":true,"valueName":"search_term_string"}}],"inLanguage":"es"},{"@type":"Organization","@id":"https:\/\/tourtravelandmore.com\/es\/#organization","name":"Tour Travel And More","url":"https:\/\/tourtravelandmore.com\/es\/","logo":{"@type":"ImageObject","inLanguage":"es","@id":"https:\/\/tourtravelandmore.com\/es\/#\/schema\/logo\/image\/","url":"https:\/\/tourtravelandmore.com\/wp-content\/uploads\/2022\/12\/cropped-logo-cabecera-new.png","contentUrl":"https:\/\/tourtravelandmore.com\/wp-content\/uploads\/2022\/12\/cropped-logo-cabecera-new.png","width":430,"height":61,"caption":"Tour Travel And More"},"image":{"@id":"https:\/\/tourtravelandmore.com\/es\/#\/schema\/logo\/image\/"},"sameAs":["https:\/\/www.facebook.com\/tourtravelandmore\/","https:\/\/x.com\/TourTravel_More"]}]}},"_links":{"self":[{"href":"https:\/\/tourtravelandmore.com\/es\/wp-json\/wp\/v2\/product\/171875","targetHints":{"allow":["GET"]}}],"collection":[{"href":"https:\/\/tourtravelandmore.com\/es\/wp-json\/wp\/v2\/product"}],"about":[{"href":"https:\/\/tourtravelandmore.com\/es\/wp-json\/wp\/v2\/types\/product"}],"replies":[{"embeddable":true,"href":"https:\/\/tourtravelandmore.com\/es\/wp-json\/wp\/v2\/comments?post=171875"}],"wp:featuredmedia":[{"embeddable":true,"href":"https:\/\/tourtravelandmore.com\/es\/wp-json\/wp\/v2\/media\/171891"}],"wp:attachment":[{"href":"https:\/\/tourtravelandmore.com\/es\/wp-json\/wp\/v2\/media?parent=171875"}],"wp:term":[{"taxonomy":"product_brand","embeddable":true,"href":"https:\/\/tourtravelandmore.com\/es\/wp-json\/wp\/v2\/product_brand?post=171875"},{"taxonomy":"product_cat","embeddable":true,"href":"https:\/\/tourtravelandmore.com\/es\/wp-json\/wp\/v2\/product_cat?post=171875"},{"taxonomy":"product_tag","embeddable":true,"href":"https:\/\/tourtravelandmore.com\/es\/wp-json\/wp\/v2\/product_tag?post=171875"}],"curies":[{"name":"wp","href":"https:\/\/api.w.org\/{rel}","templated":true}]}}