{"id":171847,"date":"2024-01-02T12:21:07","date_gmt":"2024-01-02T11:21:07","guid":{"rendered":"https:\/\/tourtravelandmore.com\/?post_type=product&#038;p=171847"},"modified":"2024-01-02T12:28:47","modified_gmt":"2024-01-02T11:28:47","slug":"tour-privado-de-san-sebastian-y-biarritz","status":"publish","type":"product","link":"https:\/\/tourtravelandmore.com\/es\/tours\/espana-es\/bilbao-es\/tour-privado-de-san-sebastian-y-biarritz\/","title":{"rendered":"Tour Privado de San Sebasti\u00e1n y Biarritz"},"content":{"rendered":"<h2><b>Tour Privado de San Sebasti\u00e1n y Biarritz Descripci\u00f3n:<\/b><\/h2>\n<p><span style=\"font-weight: 400;\">Experimente el encanto y la elegancia de la regi\u00f3n vasca en este exclusivo tour privado de 10 horas por San Sebasti\u00e1n y Biarritz. Con un coche de lujo a su servicio, viaje c\u00f3modamente mientras se adentra en el rico tapiz cultural de estas dos ciudades. San Sebasti\u00e1n, para\u00edso culinario, es famosa por su hermosa playa de La Concha y su vibrante casco viejo, donde historia y modernidad se funden a la perfecci\u00f3n. Biarritz, joya de la costa vasco-francesa, ofrece una mezcla de lujosos balnearios e impresionantes paisajes naturales. Esta excursi\u00f3n no es s\u00f3lo un viaje a trav\u00e9s de dos ciudades, sino una exploraci\u00f3n de una regi\u00f3n cultural \u00fanica que promete dejar recuerdos imborrables.<\/span><\/p>\n<p><span style=\"font-weight: 400;\">En este tour privado, se adentrar\u00e1 en los sabores \u00fanicos de la gastronom\u00eda vasca, reconocida mundialmente por su innovaci\u00f3n y tradici\u00f3n. San Sebasti\u00e1n, a menudo aclamada como el para\u00edso de los gourmets, ofrece una gran variedad de restaurantes con estrellas Michelin y aut\u00e9nticos bares de pintxos. Biarritz, con su elegante mezcla de influencias francesas y vascas, ofrece un viaje culinario propio, desde restaurantes de lujo hasta encantadores bistr\u00f3s locales. A lo largo del recorrido, los impresionantes paisajes del Golfo de Vizcaya sirven de tel\u00f3n de fondo, realzando la experiencia con unas vistas impresionantes y una sensaci\u00f3n de tranquilidad que s\u00f3lo la costa vasca puede ofrecer. Este viaje es una mezcla ideal de exploraci\u00f3n culinaria, inmersi\u00f3n cultural y belleza paisaj\u00edstica.<\/span><\/p>\n<p><span style=\"font-weight: 400;\">A medida que contin\u00fae su viaje, quedar\u00e1 cautivado por las maravillas arquitect\u00f3nicas de ambas ciudades, desde los edificios de la Belle \u00c9poque de Biarritz hasta las estructuras contempor\u00e1neas de San Sebasti\u00e1n. Cada ciudad cuenta con sus propios festivales y eventos culturales, que ofrecen una visi\u00f3n de las tradiciones y celebraciones locales. La serena belleza de las playas, yuxtapuesta a la animada energ\u00eda urbana, crea una experiencia inolvidable. Disfrute de pintorescos recorridos por la costa, donde el oc\u00e9ano Atl\u00e1ntico se encuentra con paisajes escarpados, que ofrecen vistas pintorescas y oportunidades fotogr\u00e1ficas. Este viaje, que combina el lujo con la profundidad cultural, promete una experiencia enriquecedora y diversa.<\/span><\/p>\n<h2><b>Tour Privado de San Sebasti\u00e1n y Biarritz Destacados:<\/b><\/h2>\n<ul>\n<li style=\"font-weight: 400;\" aria-level=\"1\"><b>Playa de la Concha:<\/b><span style=\"font-weight: 400;\"> Descubra la emblem\u00e1tica Playa de la Concha de San Sebasti\u00e1n, famosa por su forma de media luna y sus arenas doradas, que ofrecen un pintoresco entorno con el tel\u00f3n de fondo urbano. Es una representaci\u00f3n perfecta de la mezcla de belleza natural y sofisticaci\u00f3n urbana de la ciudad.<\/span><\/li>\n<li style=\"font-weight: 400;\" aria-level=\"1\"><b>La Parte Vieja de San Sebasti\u00e1n: <\/b><span style=\"font-weight: 400;\">Explore el coraz\u00f3n de San Sebasti\u00e1n, donde la historia resuena en sus estrechas calles. Conocida por su rica escena culinaria, la Parte Vieja es un para\u00edso gastron\u00f3mico que ofrece una muestra de la cocina tradicional vasca.<\/span><\/li>\n<li style=\"font-weight: 400;\" aria-level=\"1\"><b>Faro de Biarritz:<\/b><span style=\"font-weight: 400;\"> Erguido sobre la costa, el Faro de Biarritz ofrece impresionantes vistas panor\u00e1micas del litoral vasco franc\u00e9s y de la ciudad. Es un s\u00edmbolo del patrimonio mar\u00edtimo de Biarritz y una visita obligada por su importancia hist\u00f3rica y sus impresionantes vistas.<\/span><\/li>\n<li style=\"font-weight: 400;\" aria-level=\"1\"><b>Rocher de la Vierge en Biarritz:<\/b><span style=\"font-weight: 400;\"> El Rocher de la Vierge, una maravilla natural, es accesible a trav\u00e9s de un puente y ofrece una vista excepcional del oc\u00e9ano Atl\u00e1ntico. Este punto de referencia es un testimonio de la conexi\u00f3n de Biarritz con el mar y est\u00e1 impregnado de leyendas locales.<\/span><\/li>\n<li style=\"font-weight: 400;\" aria-level=\"1\"><b>Monte Igueldo en San Sebasti\u00e1n<\/b><span style=\"font-weight: 400;\">: Disfrute de unas impresionantes vistas de la ciudad y la bah\u00eda desde el Monte Igueldo. Este mirador ofrece una perspectiva \u00fanica de los paisajes naturales y urbanos de San Sebasti\u00e1n, por lo que es uno de los lugares favoritos de fot\u00f3grafos y amantes de la naturaleza.<\/span><\/li>\n<li style=\"font-weight: 400;\" aria-level=\"1\"><b>Aquarium de Biarritz<\/b><span style=\"font-weight: 400;\">: Explore la fascinante vida marina en el Aquarium de Biarritz. Es una experiencia atractiva para todas las edades, que muestra la rica biodiversidad del Golfo de Vizcaya y el Oc\u00e9ano Atl\u00e1ntico.<\/span><\/li>\n<li style=\"font-weight: 400;\" aria-level=\"1\"><b>Playa de la Zurriola en San Sebasti\u00e1n<\/b><span style=\"font-weight: 400;\">: Conocida por su cultura del surf, la Playa de la Zurriola es una playa vibrante que contrasta con la m\u00e1s serena La Concha. Es un punto de encuentro para surfistas y un lugar ideal para experimentar la animada cultura playera de la ciudad.<\/span><\/li>\n<li style=\"font-weight: 400;\" aria-level=\"1\"><b>Centro hist\u00f3rico de Biarritz<\/b><span style=\"font-weight: 400;\">: Pasee por las encantadoras calles del centro hist\u00f3rico de Biarritz, donde encontrar\u00e1 una mezcla de arquitectura tradicional vasca y estilo franc\u00e9s chic. Esta zona es perfecta para quienes disfrutan explorando pintorescas tiendas, galer\u00edas de arte locales y acogedores caf\u00e9s.<\/span><\/li>\n<\/ul>\n<p><a href=\"https:\/\/tourtravelandmore.com\/es\/ciudad\/espana-es\/bilbao-es\/\"><span style=\"font-weight: 400;\">Sum\u00e9rjase en la vibrante cultura y la rica historia de la regi\u00f3n vasca con los exclusivos tours privados de Tour Travel and More en Bilbao. <\/span><\/a><span style=\"font-weight: 400;\">Explore las maravillas arquitect\u00f3nicas, disfrute de una gastronom\u00eda \u00fanica y experimente el patrimonio local de Bilbao a trav\u00e9s de nuestros tours a medida. Visite nuestra p\u00e1gina web en Tour Travel and More para descubrir una gama de tours privados en Bilbao, cada uno dise\u00f1ado para ofrecer un viaje \u00edntimo e inolvidable a trav\u00e9s de esta fascinante ciudad.<\/span><\/p>\n","protected":false},"excerpt":{"rendered":"<p><span style=\"font-weight: 400;\">Acomp\u00e1\u00f1enos en un lujoso tour privado por San Sebasti\u00e1n y Biarritz, donde la cultura, la historia y los impresionantes paisajes cobran vida. Desde la famosa playa de La Concha hasta las hist\u00f3ricas calles de Biarritz, este recorrido ofrece una experiencia completa de estas dos ciudades emblem\u00e1ticas. Se incluye un c\u00f3modo transporte y la gu\u00eda de expertos, lo que garantiza un viaje memorable y sin complicaciones.<\/span><\/p>\n","protected":false},"featured_media":171869,"comment_status":"open","ping_status":"closed","template":"","meta":{"_acf_changed":false},"product_brand":[],"product_cat":[189,191,193,192],"product_tag":[],"class_list":{"0":"post-171847","1":"product","2":"type-product","3":"status-publish","4":"has-post-thumbnail","6":"product_cat-bilbao-es","7":"product_cat-bilbao-actividades-es","8":"product_cat-bilbao-rutas-turisticas-privadas-es","9":"product_cat-bilbao-excursiones-es","11":"first","12":"instock","13":"shipping-taxable","14":"purchasable","15":"product-type-simple"},"acf":[],"yoast_head":"<!-- This site is optimized with the Yoast SEO Premium plugin v25.3.1 (Yoast SEO v25.3.1) - https:\/\/yoast.com\/wordpress\/plugins\/seo\/ -->\n<title>\u27a1\ufe0f Explore San Sebasti\u00e1n y Biarritz con lujo con Tour Travel and More<\/title>\n<meta name=\"description\" content=\"Descubra la belleza de San Sebasti\u00e1n y Biarritz en un tour privado de 10 horas. Cultura, historia y lujo te esperan. \u2705\" \/>\n<meta name=\"robots\" content=\"index, follow, max-snippet:-1, max-image-preview:large, max-video-preview:-1\" \/>\n<link rel=\"canonical\" href=\"https:\/\/tourtravelandmore.com\/es\/tours\/espana-es\/bilbao-es\/tour-privado-de-san-sebastian-y-biarritz\/\" \/>\n<meta property=\"og:locale\" content=\"es_ES\" \/>\n<meta property=\"og:type\" content=\"article\" \/>\n<meta property=\"og:title\" content=\"Tour Privado de San Sebasti\u00e1n y Biarritz\" \/>\n<meta property=\"og:description\" content=\"Descubra la belleza de San Sebasti\u00e1n y Biarritz en un tour privado de 10 horas. Cultura, historia y lujo te esperan. \u2705\" \/>\n<meta property=\"og:url\" content=\"https:\/\/tourtravelandmore.com\/es\/tours\/espana-es\/bilbao-es\/tour-privado-de-san-sebastian-y-biarritz\/\" \/>\n<meta property=\"og:site_name\" content=\"Tour Travel And More\" \/>\n<meta property=\"article:publisher\" content=\"https:\/\/www.facebook.com\/tourtravelandmore\/\" \/>\n<meta property=\"article:modified_time\" content=\"2024-01-02T11:28:47+00:00\" \/>\n<meta property=\"og:image\" content=\"https:\/\/tourtravelandmore.com\/wp-content\/uploads\/2024\/01\/image3-4.jpg\" \/>\n\t<meta property=\"og:image:width\" content=\"950\" \/>\n\t<meta property=\"og:image:height\" content=\"750\" \/>\n\t<meta property=\"og:image:type\" content=\"image\/jpeg\" \/>\n<meta name=\"twitter:card\" content=\"summary_large_image\" \/>\n<meta name=\"twitter:site\" content=\"@TourTravel_More\" \/>\n<meta name=\"twitter:label1\" content=\"Tiempo de lectura\" \/>\n\t<meta name=\"twitter:data1\" content=\"4 minutos\" \/>\n<script type=\"application\/ld+json\" class=\"yoast-schema-graph\">{\"@context\":\"https:\/\/schema.org\",\"@graph\":[{\"@type\":\"WebPage\",\"@id\":\"https:\/\/tourtravelandmore.com\/es\/tours\/espana-es\/bilbao-es\/tour-privado-de-san-sebastian-y-biarritz\/\",\"url\":\"https:\/\/tourtravelandmore.com\/es\/tours\/espana-es\/bilbao-es\/tour-privado-de-san-sebastian-y-biarritz\/\",\"name\":\"\u27a1\ufe0f Explore San Sebasti\u00e1n y Biarritz con lujo con Tour Travel and More\",\"isPartOf\":{\"@id\":\"https:\/\/tourtravelandmore.com\/es\/#website\"},\"primaryImageOfPage\":{\"@id\":\"https:\/\/tourtravelandmore.com\/es\/tours\/espana-es\/bilbao-es\/tour-privado-de-san-sebastian-y-biarritz\/#primaryimage\"},\"image\":{\"@id\":\"https:\/\/tourtravelandmore.com\/es\/tours\/espana-es\/bilbao-es\/tour-privado-de-san-sebastian-y-biarritz\/#primaryimage\"},\"thumbnailUrl\":\"https:\/\/tourtravelandmore.com\/wp-content\/uploads\/2024\/01\/image3-4.jpg\",\"datePublished\":\"2024-01-02T11:21:07+00:00\",\"dateModified\":\"2024-01-02T11:28:47+00:00\",\"description\":\"Descubra la belleza de San Sebasti\u00e1n y Biarritz en un tour privado de 10 horas. Cultura, historia y lujo te esperan. \u2705\",\"breadcrumb\":{\"@id\":\"https:\/\/tourtravelandmore.com\/es\/tours\/espana-es\/bilbao-es\/tour-privado-de-san-sebastian-y-biarritz\/#breadcrumb\"},\"inLanguage\":\"es\",\"potentialAction\":[{\"@type\":\"ReadAction\",\"target\":[\"https:\/\/tourtravelandmore.com\/es\/tours\/espana-es\/bilbao-es\/tour-privado-de-san-sebastian-y-biarritz\/\"]}]},{\"@type\":\"ImageObject\",\"inLanguage\":\"es\",\"@id\":\"https:\/\/tourtravelandmore.com\/es\/tours\/espana-es\/bilbao-es\/tour-privado-de-san-sebastian-y-biarritz\/#primaryimage\",\"url\":\"https:\/\/tourtravelandmore.com\/wp-content\/uploads\/2024\/01\/image3-4.jpg\",\"contentUrl\":\"https:\/\/tourtravelandmore.com\/wp-content\/uploads\/2024\/01\/image3-4.jpg\",\"width\":950,\"height\":750},{\"@type\":\"BreadcrumbList\",\"@id\":\"https:\/\/tourtravelandmore.com\/es\/tours\/espana-es\/bilbao-es\/tour-privado-de-san-sebastian-y-biarritz\/#breadcrumb\",\"itemListElement\":[{\"@type\":\"ListItem\",\"position\":1,\"name\":\"Home\",\"item\":\"https:\/\/tourtravelandmore.com\/es\/\"},{\"@type\":\"ListItem\",\"position\":2,\"name\":\"Tours\",\"item\":\"https:\/\/tourtravelandmore.com\/es\/tours\/\"},{\"@type\":\"ListItem\",\"position\":3,\"name\":\"Tour Privado de San Sebasti\u00e1n y Biarritz\"}]},{\"@type\":\"WebSite\",\"@id\":\"https:\/\/tourtravelandmore.com\/es\/#website\",\"url\":\"https:\/\/tourtravelandmore.com\/es\/\",\"name\":\"Tour Travel And More\",\"description\":\"Private sightseeing tours and luxury transfers in Spain\",\"publisher\":{\"@id\":\"https:\/\/tourtravelandmore.com\/es\/#organization\"},\"potentialAction\":[{\"@type\":\"SearchAction\",\"target\":{\"@type\":\"EntryPoint\",\"urlTemplate\":\"https:\/\/tourtravelandmore.com\/es\/?s={search_term_string}\"},\"query-input\":{\"@type\":\"PropertyValueSpecification\",\"valueRequired\":true,\"valueName\":\"search_term_string\"}}],\"inLanguage\":\"es\"},{\"@type\":\"Organization\",\"@id\":\"https:\/\/tourtravelandmore.com\/es\/#organization\",\"name\":\"Tour Travel And More\",\"url\":\"https:\/\/tourtravelandmore.com\/es\/\",\"logo\":{\"@type\":\"ImageObject\",\"inLanguage\":\"es\",\"@id\":\"https:\/\/tourtravelandmore.com\/es\/#\/schema\/logo\/image\/\",\"url\":\"https:\/\/tourtravelandmore.com\/wp-content\/uploads\/2022\/12\/cropped-logo-cabecera-new.png\",\"contentUrl\":\"https:\/\/tourtravelandmore.com\/wp-content\/uploads\/2022\/12\/cropped-logo-cabecera-new.png\",\"width\":430,\"height\":61,\"caption\":\"Tour Travel And More\"},\"image\":{\"@id\":\"https:\/\/tourtravelandmore.com\/es\/#\/schema\/logo\/image\/\"},\"sameAs\":[\"https:\/\/www.facebook.com\/tourtravelandmore\/\",\"https:\/\/x.com\/TourTravel_More\"]}]}<\/script>\n<!-- \/ Yoast SEO Premium plugin. -->","yoast_head_json":{"title":"\u27a1\ufe0f Explore San Sebasti\u00e1n y Biarritz con lujo con Tour Travel and More","description":"Descubra la belleza de San Sebasti\u00e1n y Biarritz en un tour privado de 10 horas. Cultura, historia y lujo te esperan. \u2705","robots":{"index":"index","follow":"follow","max-snippet":"max-snippet:-1","max-image-preview":"max-image-preview:large","max-video-preview":"max-video-preview:-1"},"canonical":"https:\/\/tourtravelandmore.com\/es\/tours\/espana-es\/bilbao-es\/tour-privado-de-san-sebastian-y-biarritz\/","og_locale":"es_ES","og_type":"article","og_title":"Tour Privado de San Sebasti\u00e1n y Biarritz","og_description":"Descubra la belleza de San Sebasti\u00e1n y Biarritz en un tour privado de 10 horas. Cultura, historia y lujo te esperan. \u2705","og_url":"https:\/\/tourtravelandmore.com\/es\/tours\/espana-es\/bilbao-es\/tour-privado-de-san-sebastian-y-biarritz\/","og_site_name":"Tour Travel And More","article_publisher":"https:\/\/www.facebook.com\/tourtravelandmore\/","article_modified_time":"2024-01-02T11:28:47+00:00","og_image":[{"width":950,"height":750,"url":"https:\/\/tourtravelandmore.com\/wp-content\/uploads\/2024\/01\/image3-4.jpg","type":"image\/jpeg"}],"twitter_card":"summary_large_image","twitter_site":"@TourTravel_More","twitter_misc":{"Tiempo de lectura":"4 minutos"},"schema":{"@context":"https:\/\/schema.org","@graph":[{"@type":"WebPage","@id":"https:\/\/tourtravelandmore.com\/es\/tours\/espana-es\/bilbao-es\/tour-privado-de-san-sebastian-y-biarritz\/","url":"https:\/\/tourtravelandmore.com\/es\/tours\/espana-es\/bilbao-es\/tour-privado-de-san-sebastian-y-biarritz\/","name":"\u27a1\ufe0f Explore San Sebasti\u00e1n y Biarritz con lujo con Tour Travel and More","isPartOf":{"@id":"https:\/\/tourtravelandmore.com\/es\/#website"},"primaryImageOfPage":{"@id":"https:\/\/tourtravelandmore.com\/es\/tours\/espana-es\/bilbao-es\/tour-privado-de-san-sebastian-y-biarritz\/#primaryimage"},"image":{"@id":"https:\/\/tourtravelandmore.com\/es\/tours\/espana-es\/bilbao-es\/tour-privado-de-san-sebastian-y-biarritz\/#primaryimage"},"thumbnailUrl":"https:\/\/tourtravelandmore.com\/wp-content\/uploads\/2024\/01\/image3-4.jpg","datePublished":"2024-01-02T11:21:07+00:00","dateModified":"2024-01-02T11:28:47+00:00","description":"Descubra la belleza de San Sebasti\u00e1n y Biarritz en un tour privado de 10 horas. Cultura, historia y lujo te esperan. \u2705","breadcrumb":{"@id":"https:\/\/tourtravelandmore.com\/es\/tours\/espana-es\/bilbao-es\/tour-privado-de-san-sebastian-y-biarritz\/#breadcrumb"},"inLanguage":"es","potentialAction":[{"@type":"ReadAction","target":["https:\/\/tourtravelandmore.com\/es\/tours\/espana-es\/bilbao-es\/tour-privado-de-san-sebastian-y-biarritz\/"]}]},{"@type":"ImageObject","inLanguage":"es","@id":"https:\/\/tourtravelandmore.com\/es\/tours\/espana-es\/bilbao-es\/tour-privado-de-san-sebastian-y-biarritz\/#primaryimage","url":"https:\/\/tourtravelandmore.com\/wp-content\/uploads\/2024\/01\/image3-4.jpg","contentUrl":"https:\/\/tourtravelandmore.com\/wp-content\/uploads\/2024\/01\/image3-4.jpg","width":950,"height":750},{"@type":"BreadcrumbList","@id":"https:\/\/tourtravelandmore.com\/es\/tours\/espana-es\/bilbao-es\/tour-privado-de-san-sebastian-y-biarritz\/#breadcrumb","itemListElement":[{"@type":"ListItem","position":1,"name":"Home","item":"https:\/\/tourtravelandmore.com\/es\/"},{"@type":"ListItem","position":2,"name":"Tours","item":"https:\/\/tourtravelandmore.com\/es\/tours\/"},{"@type":"ListItem","position":3,"name":"Tour Privado de San Sebasti\u00e1n y Biarritz"}]},{"@type":"WebSite","@id":"https:\/\/tourtravelandmore.com\/es\/#website","url":"https:\/\/tourtravelandmore.com\/es\/","name":"Tour Travel And More","description":"Private sightseeing tours and luxury transfers in Spain","publisher":{"@id":"https:\/\/tourtravelandmore.com\/es\/#organization"},"potentialAction":[{"@type":"SearchAction","target":{"@type":"EntryPoint","urlTemplate":"https:\/\/tourtravelandmore.com\/es\/?s={search_term_string}"},"query-input":{"@type":"PropertyValueSpecification","valueRequired":true,"valueName":"search_term_string"}}],"inLanguage":"es"},{"@type":"Organization","@id":"https:\/\/tourtravelandmore.com\/es\/#organization","name":"Tour Travel And More","url":"https:\/\/tourtravelandmore.com\/es\/","logo":{"@type":"ImageObject","inLanguage":"es","@id":"https:\/\/tourtravelandmore.com\/es\/#\/schema\/logo\/image\/","url":"https:\/\/tourtravelandmore.com\/wp-content\/uploads\/2022\/12\/cropped-logo-cabecera-new.png","contentUrl":"https:\/\/tourtravelandmore.com\/wp-content\/uploads\/2022\/12\/cropped-logo-cabecera-new.png","width":430,"height":61,"caption":"Tour Travel And More"},"image":{"@id":"https:\/\/tourtravelandmore.com\/es\/#\/schema\/logo\/image\/"},"sameAs":["https:\/\/www.facebook.com\/tourtravelandmore\/","https:\/\/x.com\/TourTravel_More"]}]}},"_links":{"self":[{"href":"https:\/\/tourtravelandmore.com\/es\/wp-json\/wp\/v2\/product\/171847","targetHints":{"allow":["GET"]}}],"collection":[{"href":"https:\/\/tourtravelandmore.com\/es\/wp-json\/wp\/v2\/product"}],"about":[{"href":"https:\/\/tourtravelandmore.com\/es\/wp-json\/wp\/v2\/types\/product"}],"replies":[{"embeddable":true,"href":"https:\/\/tourtravelandmore.com\/es\/wp-json\/wp\/v2\/comments?post=171847"}],"wp:featuredmedia":[{"embeddable":true,"href":"https:\/\/tourtravelandmore.com\/es\/wp-json\/wp\/v2\/media\/171869"}],"wp:attachment":[{"href":"https:\/\/tourtravelandmore.com\/es\/wp-json\/wp\/v2\/media?parent=171847"}],"wp:term":[{"taxonomy":"product_brand","embeddable":true,"href":"https:\/\/tourtravelandmore.com\/es\/wp-json\/wp\/v2\/product_brand?post=171847"},{"taxonomy":"product_cat","embeddable":true,"href":"https:\/\/tourtravelandmore.com\/es\/wp-json\/wp\/v2\/product_cat?post=171847"},{"taxonomy":"product_tag","embeddable":true,"href":"https:\/\/tourtravelandmore.com\/es\/wp-json\/wp\/v2\/product_tag?post=171847"}],"curies":[{"name":"wp","href":"https:\/\/api.w.org\/{rel}","templated":true}]}}