{"id":171820,"date":"2024-01-01T17:26:03","date_gmt":"2024-01-01T16:26:03","guid":{"rendered":"https:\/\/tourtravelandmore.com\/?post_type=product&#038;p=171820"},"modified":"2024-01-01T17:35:15","modified_gmt":"2024-01-01T16:35:15","slug":"tour-privado-de-san-sebastian-y-hondarribia-desde-bilbao","status":"publish","type":"product","link":"https:\/\/tourtravelandmore.com\/es\/tours\/espana-es\/bilbao-es\/tour-privado-de-san-sebastian-y-hondarribia-desde-bilbao\/","title":{"rendered":"Tour Privado de San Sebasti\u00e1n y Hondarribia desde Bilbao"},"content":{"rendered":"<h2><b>Tour Privado de San Sebasti\u00e1n y Hondarribia desde Bilbao Descripci\u00f3n<\/b><\/h2>\n<p><span style=\"font-weight: 400;\">Emb\u00e1rquese en un cautivador viaje de 10 horas desde el coraz\u00f3n de Bilbao hasta las conmovedoras ciudades de San Sebasti\u00e1n y Hondarribia. Este minucioso tour privado, presentado por Tour Travel and More, ofrece una exploraci\u00f3n exclusiva y en profundidad de dos de los destinos m\u00e1s encantadores del Pa\u00eds Vasco. Su d\u00eda comienza con la comodidad y el lujo de un veh\u00edculo privado, que le llevar\u00e1 desde Bilbao hacia el esplendor costero de San Sebasti\u00e1n y Hondarribia.<\/span><\/p>\n<p><span style=\"font-weight: 400;\">A medida que viajamos por el pintoresco paisaje vasco, su gu\u00eda personal compartir\u00e1 historias y conocimientos, enriqueciendo su comprensi\u00f3n de esta regi\u00f3n cultural \u00fanica. En San Sebasti\u00e1n, conocida por su impresionante playa de La Concha y su vibrante escena culinaria, se sumergir\u00e1 en el coraz\u00f3n de la cultura vasca. Pasear\u00e1 por las elegantes calles de la ciudad, explorar\u00e1 su casco hist\u00f3rico y quiz\u00e1s se deleite con los famosos pintxos locales.<\/span><\/p>\n<p><span style=\"font-weight: 400;\">La aventura contin\u00faa en la menos conocida pero igualmente cautivadora ciudad de Hondarribia. Aqu\u00ed, la historia cobra vida en las estrechas calles empedradas bordeadas de casas de colores, antiguas fortificaciones y un encantador puerto deportivo que habla de su herencia mar\u00edtima.<\/span><\/p>\n<p><span style=\"font-weight: 400;\">Esta excursi\u00f3n es algo m\u00e1s que una simple visita tur\u00edstica; es un viaje a trav\u00e9s de la historia, la gastronom\u00eda y un paisaje impresionante, todo ello con la comodidad y el confort de un transporte privado y la experiencia de un gu\u00eda local.<\/span><\/p>\n<p><span style=\"font-weight: 400;\">En Hondarribia, le cautivar\u00e1 la fusi\u00f3n de influencias francesas y espa\u00f1olas, evidente en su arquitectura y gastronom\u00eda. Esta ciudad, con su centro medieval magn\u00edficamente conservado, ofrece un ambiente tranquilo pero profundamente hist\u00f3rico. Explore el Parador de Hondarribia, una fortaleza convertida en hotel, y la Plaza de Armas, que muestran el rico pasado de la ciudad.<\/span><\/p>\n<p><span style=\"font-weight: 400;\">A medida que avance el recorrido, tendr\u00e1 la oportunidad de contemplar las impresionantes vistas del Golfo de Vizcaya. Las vistas panor\u00e1micas desde varios puntos de la costa son realmente fascinantes, creando momentos perfectos que personifican la belleza del Pa\u00eds Vasco.<\/span><\/p>\n<h2><b>Tour Privado de San Sebasti\u00e1n y Hondarribia desde Bilbao Destacados<\/b><\/h2>\n<ul>\n<li style=\"font-weight: 400;\" aria-level=\"1\"><b>La Parte Vieja de San Sebasti\u00e1n:<\/b><span style=\"font-weight: 400;\"> Ad\u00e9ntrese en el coraz\u00f3n de San Sebasti\u00e1n con una visita a su hist\u00f3rica Parte Vieja. Marav\u00edllese con la arquitectura centenaria y sum\u00e9rjase en el animado ambiente de este centro cultural.<\/span><\/li>\n<li style=\"font-weight: 400;\" aria-level=\"1\"><b>Playa de la Concha:<\/b><span style=\"font-weight: 400;\"> Contemple la belleza de La Concha, una de las playas urbanas m\u00e1s famosas de Europa. Su forma de media luna y sus impresionantes vistas la convierten en un destino imprescindible.<\/span><\/li>\n<li style=\"font-weight: 400;\" aria-level=\"1\"><b>Casco Hist\u00f3rico de Hondarribia:<\/b><span style=\"font-weight: 400;\"> Experimente el encanto del casco antiguo de Hondarribia, un lugar donde la historia medieval se encuentra con la colorida arquitectura vasca.<\/span><\/li>\n<li style=\"font-weight: 400;\" aria-level=\"1\"><b>Delicias gastron\u00f3micas: <\/b><span style=\"font-weight: 400;\">Del\u00e9itese con la renombrada oferta culinaria de la regi\u00f3n, desde los restaurantes con estrellas Michelin de San Sebasti\u00e1n hasta los tradicionales restaurantes vascos de Hondarribia.<\/span><\/li>\n<li style=\"font-weight: 400;\" aria-level=\"1\"><b>Vistas panor\u00e1micas de la costa:<\/b><span style=\"font-weight: 400;\"> A lo largo del recorrido, disfrute de impresionantes vistas costeras que muestran la belleza natural del Pa\u00eds Vasco.<\/span><\/li>\n<li style=\"font-weight: 400;\" aria-level=\"1\"><b>Perspectivas culturales:<\/b><span style=\"font-weight: 400;\"> Obtenga una visi\u00f3n m\u00e1s profunda de la cultura y la historia vasca, con narraciones de expertos proporcionadas por su gu\u00eda personal.<\/span><\/li>\n<li style=\"font-weight: 400;\" aria-level=\"1\"><b>Itinerario personalizable:<\/b><span style=\"font-weight: 400;\"> Adapte su viaje a sus intereses. Si desea pasar m\u00e1s tiempo en la playa, explorar m\u00e1s lugares hist\u00f3ricos, o disfrutar de un almuerzo tranquilo, nuestro itinerario flexible asegura que su viaje sea exactamente como usted desea.<\/span><\/li>\n<li style=\"font-weight: 400;\" aria-level=\"1\"><b>Esculturas del Peine del Viento:<\/b><span style=\"font-weight: 400;\"> Contemple las emblem\u00e1ticas esculturas de Eduardo Chillida en San Sebasti\u00e1n, con el dram\u00e1tico tel\u00f3n de fondo del mar, que encapsulan el esp\u00edritu art\u00edstico de la ciudad.<\/span><\/li>\n<li style=\"font-weight: 400;\" aria-level=\"1\"><b>Palacio de Miramar:<\/b><span style=\"font-weight: 400;\"> Explore el elegante Palacio de Miramar de San Sebasti\u00e1n. Esta antigua residencia real no s\u00f3lo ofrece una visi\u00f3n hist\u00f3rica, sino tambi\u00e9n vistas panor\u00e1micas de las playas de la ciudad y del Golfo de Vizcaya.<\/span><\/li>\n<\/ul>\n<p><span style=\"font-weight: 400;\">Disfrute de lo mejor del Pa\u00eds Vasco con Tour Travel and More.<\/span><a href=\"https:\/\/tourtravelandmore.com\/es\/ciudad\/espana-es\/bilbao-es\/\"><span style=\"font-weight: 400;\"> Nuestros tours privados desde Bilbao est\u00e1n dise\u00f1ados para proporcionar un viaje \u00edntimo,<\/span><\/a><span style=\"font-weight: 400;\"> lujoso e inolvidable a trav\u00e9s de esta regi\u00f3n \u00fanica de Espa\u00f1a. Descubra m\u00e1s tours y personalice su experiencia de viaje perfecta con nosotros.<\/span><\/p>\n","protected":false},"excerpt":{"rendered":"<p><span style=\"font-weight: 400;\">\u00danase a nuestro Tour Privado de San Sebasti\u00e1n y Hondarribia desde Bilbao para una exploraci\u00f3n de un d\u00eda completo de impresionantes playas, ciudades hist\u00f3ricas y exquisita cocina vasca. Con transporte privado y gu\u00eda experto, descubra la belleza y la cultura de estas dos ciudades extraordinarias.<\/span><\/p>\n","protected":false},"featured_media":171836,"comment_status":"open","ping_status":"closed","template":"","meta":{"_acf_changed":false},"product_brand":[],"product_cat":[189,191,193,523],"product_tag":[],"class_list":{"0":"post-171820","1":"product","2":"type-product","3":"status-publish","4":"has-post-thumbnail","6":"product_cat-bilbao-es","7":"product_cat-bilbao-actividades-es","8":"product_cat-bilbao-rutas-turisticas-privadas-es","9":"product_cat-bilbao-excursiones-privadas-cruceros-es","11":"first","12":"instock","13":"shipping-taxable","14":"purchasable","15":"product-type-simple"},"acf":[],"yoast_head":"<!-- This site is optimized with the Yoast SEO Premium plugin v25.3.1 (Yoast SEO v25.3.1) - https:\/\/yoast.com\/wordpress\/plugins\/seo\/ -->\n<title>\u27a1\ufe0f Descubra San Sebasti\u00e1n y Hondarribia en un lujoso tour privado desde Bilbao \u2705<\/title>\n<meta name=\"description\" content=\"Emb\u00e1rquese en un tour privado de 10 horas desde Bilbao para explorar los encantos de San Sebasti\u00e1n y la belleza hist\u00f3rica de Hondarribia, con transporte de lujo y gu\u00edas expertos. \u00a1Reserva ahora! \u2705\" \/>\n<meta name=\"robots\" content=\"index, follow, max-snippet:-1, max-image-preview:large, max-video-preview:-1\" \/>\n<link rel=\"canonical\" href=\"https:\/\/tourtravelandmore.com\/es\/tours\/espana-es\/bilbao-es\/tour-privado-de-san-sebastian-y-hondarribia-desde-bilbao\/\" \/>\n<meta property=\"og:locale\" content=\"es_ES\" \/>\n<meta property=\"og:type\" content=\"article\" \/>\n<meta property=\"og:title\" content=\"Tour Privado de San Sebasti\u00e1n y Hondarribia desde Bilbao\" \/>\n<meta property=\"og:description\" content=\"Emb\u00e1rquese en un tour privado de 10 horas desde Bilbao para explorar los encantos de San Sebasti\u00e1n y la belleza hist\u00f3rica de Hondarribia, con transporte de lujo y gu\u00edas expertos. \u00a1Reserva ahora! \u2705\" \/>\n<meta property=\"og:url\" content=\"https:\/\/tourtravelandmore.com\/es\/tours\/espana-es\/bilbao-es\/tour-privado-de-san-sebastian-y-hondarribia-desde-bilbao\/\" \/>\n<meta property=\"og:site_name\" content=\"Tour Travel And More\" \/>\n<meta property=\"article:publisher\" content=\"https:\/\/www.facebook.com\/tourtravelandmore\/\" \/>\n<meta property=\"article:modified_time\" content=\"2024-01-01T16:35:15+00:00\" \/>\n<meta property=\"og:image\" content=\"https:\/\/tourtravelandmore.com\/wp-content\/uploads\/2024\/01\/image1-3.jpg\" \/>\n\t<meta property=\"og:image:width\" content=\"950\" \/>\n\t<meta property=\"og:image:height\" content=\"750\" \/>\n\t<meta property=\"og:image:type\" content=\"image\/jpeg\" \/>\n<meta name=\"twitter:card\" content=\"summary_large_image\" \/>\n<meta name=\"twitter:site\" content=\"@TourTravel_More\" \/>\n<meta name=\"twitter:label1\" content=\"Tiempo de lectura\" \/>\n\t<meta name=\"twitter:data1\" content=\"4 minutos\" \/>\n<script type=\"application\/ld+json\" class=\"yoast-schema-graph\">{\"@context\":\"https:\/\/schema.org\",\"@graph\":[{\"@type\":\"WebPage\",\"@id\":\"https:\/\/tourtravelandmore.com\/es\/tours\/espana-es\/bilbao-es\/tour-privado-de-san-sebastian-y-hondarribia-desde-bilbao\/\",\"url\":\"https:\/\/tourtravelandmore.com\/es\/tours\/espana-es\/bilbao-es\/tour-privado-de-san-sebastian-y-hondarribia-desde-bilbao\/\",\"name\":\"\u27a1\ufe0f Descubra San Sebasti\u00e1n y Hondarribia en un lujoso tour privado desde Bilbao \u2705\",\"isPartOf\":{\"@id\":\"https:\/\/tourtravelandmore.com\/es\/#website\"},\"primaryImageOfPage\":{\"@id\":\"https:\/\/tourtravelandmore.com\/es\/tours\/espana-es\/bilbao-es\/tour-privado-de-san-sebastian-y-hondarribia-desde-bilbao\/#primaryimage\"},\"image\":{\"@id\":\"https:\/\/tourtravelandmore.com\/es\/tours\/espana-es\/bilbao-es\/tour-privado-de-san-sebastian-y-hondarribia-desde-bilbao\/#primaryimage\"},\"thumbnailUrl\":\"https:\/\/tourtravelandmore.com\/wp-content\/uploads\/2024\/01\/image1-3.jpg\",\"datePublished\":\"2024-01-01T16:26:03+00:00\",\"dateModified\":\"2024-01-01T16:35:15+00:00\",\"description\":\"Emb\u00e1rquese en un tour privado de 10 horas desde Bilbao para explorar los encantos de San Sebasti\u00e1n y la belleza hist\u00f3rica de Hondarribia, con transporte de lujo y gu\u00edas expertos. \u00a1Reserva ahora! \u2705\",\"breadcrumb\":{\"@id\":\"https:\/\/tourtravelandmore.com\/es\/tours\/espana-es\/bilbao-es\/tour-privado-de-san-sebastian-y-hondarribia-desde-bilbao\/#breadcrumb\"},\"inLanguage\":\"es\",\"potentialAction\":[{\"@type\":\"ReadAction\",\"target\":[\"https:\/\/tourtravelandmore.com\/es\/tours\/espana-es\/bilbao-es\/tour-privado-de-san-sebastian-y-hondarribia-desde-bilbao\/\"]}]},{\"@type\":\"ImageObject\",\"inLanguage\":\"es\",\"@id\":\"https:\/\/tourtravelandmore.com\/es\/tours\/espana-es\/bilbao-es\/tour-privado-de-san-sebastian-y-hondarribia-desde-bilbao\/#primaryimage\",\"url\":\"https:\/\/tourtravelandmore.com\/wp-content\/uploads\/2024\/01\/image1-3.jpg\",\"contentUrl\":\"https:\/\/tourtravelandmore.com\/wp-content\/uploads\/2024\/01\/image1-3.jpg\",\"width\":950,\"height\":750},{\"@type\":\"BreadcrumbList\",\"@id\":\"https:\/\/tourtravelandmore.com\/es\/tours\/espana-es\/bilbao-es\/tour-privado-de-san-sebastian-y-hondarribia-desde-bilbao\/#breadcrumb\",\"itemListElement\":[{\"@type\":\"ListItem\",\"position\":1,\"name\":\"Home\",\"item\":\"https:\/\/tourtravelandmore.com\/es\/\"},{\"@type\":\"ListItem\",\"position\":2,\"name\":\"Tours\",\"item\":\"https:\/\/tourtravelandmore.com\/es\/tours\/\"},{\"@type\":\"ListItem\",\"position\":3,\"name\":\"Tour Privado de San Sebasti\u00e1n y Hondarribia desde Bilbao\"}]},{\"@type\":\"WebSite\",\"@id\":\"https:\/\/tourtravelandmore.com\/es\/#website\",\"url\":\"https:\/\/tourtravelandmore.com\/es\/\",\"name\":\"Tour Travel And More\",\"description\":\"Private sightseeing tours and luxury transfers in Spain\",\"publisher\":{\"@id\":\"https:\/\/tourtravelandmore.com\/es\/#organization\"},\"potentialAction\":[{\"@type\":\"SearchAction\",\"target\":{\"@type\":\"EntryPoint\",\"urlTemplate\":\"https:\/\/tourtravelandmore.com\/es\/?s={search_term_string}\"},\"query-input\":{\"@type\":\"PropertyValueSpecification\",\"valueRequired\":true,\"valueName\":\"search_term_string\"}}],\"inLanguage\":\"es\"},{\"@type\":\"Organization\",\"@id\":\"https:\/\/tourtravelandmore.com\/es\/#organization\",\"name\":\"Tour Travel And More\",\"url\":\"https:\/\/tourtravelandmore.com\/es\/\",\"logo\":{\"@type\":\"ImageObject\",\"inLanguage\":\"es\",\"@id\":\"https:\/\/tourtravelandmore.com\/es\/#\/schema\/logo\/image\/\",\"url\":\"https:\/\/tourtravelandmore.com\/wp-content\/uploads\/2022\/12\/cropped-logo-cabecera-new.png\",\"contentUrl\":\"https:\/\/tourtravelandmore.com\/wp-content\/uploads\/2022\/12\/cropped-logo-cabecera-new.png\",\"width\":430,\"height\":61,\"caption\":\"Tour Travel And More\"},\"image\":{\"@id\":\"https:\/\/tourtravelandmore.com\/es\/#\/schema\/logo\/image\/\"},\"sameAs\":[\"https:\/\/www.facebook.com\/tourtravelandmore\/\",\"https:\/\/x.com\/TourTravel_More\"]}]}<\/script>\n<!-- \/ Yoast SEO Premium plugin. -->","yoast_head_json":{"title":"\u27a1\ufe0f Descubra San Sebasti\u00e1n y Hondarribia en un lujoso tour privado desde Bilbao \u2705","description":"Emb\u00e1rquese en un tour privado de 10 horas desde Bilbao para explorar los encantos de San Sebasti\u00e1n y la belleza hist\u00f3rica de Hondarribia, con transporte de lujo y gu\u00edas expertos. \u00a1Reserva ahora! \u2705","robots":{"index":"index","follow":"follow","max-snippet":"max-snippet:-1","max-image-preview":"max-image-preview:large","max-video-preview":"max-video-preview:-1"},"canonical":"https:\/\/tourtravelandmore.com\/es\/tours\/espana-es\/bilbao-es\/tour-privado-de-san-sebastian-y-hondarribia-desde-bilbao\/","og_locale":"es_ES","og_type":"article","og_title":"Tour Privado de San Sebasti\u00e1n y Hondarribia desde Bilbao","og_description":"Emb\u00e1rquese en un tour privado de 10 horas desde Bilbao para explorar los encantos de San Sebasti\u00e1n y la belleza hist\u00f3rica de Hondarribia, con transporte de lujo y gu\u00edas expertos. \u00a1Reserva ahora! \u2705","og_url":"https:\/\/tourtravelandmore.com\/es\/tours\/espana-es\/bilbao-es\/tour-privado-de-san-sebastian-y-hondarribia-desde-bilbao\/","og_site_name":"Tour Travel And More","article_publisher":"https:\/\/www.facebook.com\/tourtravelandmore\/","article_modified_time":"2024-01-01T16:35:15+00:00","og_image":[{"width":950,"height":750,"url":"https:\/\/tourtravelandmore.com\/wp-content\/uploads\/2024\/01\/image1-3.jpg","type":"image\/jpeg"}],"twitter_card":"summary_large_image","twitter_site":"@TourTravel_More","twitter_misc":{"Tiempo de lectura":"4 minutos"},"schema":{"@context":"https:\/\/schema.org","@graph":[{"@type":"WebPage","@id":"https:\/\/tourtravelandmore.com\/es\/tours\/espana-es\/bilbao-es\/tour-privado-de-san-sebastian-y-hondarribia-desde-bilbao\/","url":"https:\/\/tourtravelandmore.com\/es\/tours\/espana-es\/bilbao-es\/tour-privado-de-san-sebastian-y-hondarribia-desde-bilbao\/","name":"\u27a1\ufe0f Descubra San Sebasti\u00e1n y Hondarribia en un lujoso tour privado desde Bilbao \u2705","isPartOf":{"@id":"https:\/\/tourtravelandmore.com\/es\/#website"},"primaryImageOfPage":{"@id":"https:\/\/tourtravelandmore.com\/es\/tours\/espana-es\/bilbao-es\/tour-privado-de-san-sebastian-y-hondarribia-desde-bilbao\/#primaryimage"},"image":{"@id":"https:\/\/tourtravelandmore.com\/es\/tours\/espana-es\/bilbao-es\/tour-privado-de-san-sebastian-y-hondarribia-desde-bilbao\/#primaryimage"},"thumbnailUrl":"https:\/\/tourtravelandmore.com\/wp-content\/uploads\/2024\/01\/image1-3.jpg","datePublished":"2024-01-01T16:26:03+00:00","dateModified":"2024-01-01T16:35:15+00:00","description":"Emb\u00e1rquese en un tour privado de 10 horas desde Bilbao para explorar los encantos de San Sebasti\u00e1n y la belleza hist\u00f3rica de Hondarribia, con transporte de lujo y gu\u00edas expertos. \u00a1Reserva ahora! \u2705","breadcrumb":{"@id":"https:\/\/tourtravelandmore.com\/es\/tours\/espana-es\/bilbao-es\/tour-privado-de-san-sebastian-y-hondarribia-desde-bilbao\/#breadcrumb"},"inLanguage":"es","potentialAction":[{"@type":"ReadAction","target":["https:\/\/tourtravelandmore.com\/es\/tours\/espana-es\/bilbao-es\/tour-privado-de-san-sebastian-y-hondarribia-desde-bilbao\/"]}]},{"@type":"ImageObject","inLanguage":"es","@id":"https:\/\/tourtravelandmore.com\/es\/tours\/espana-es\/bilbao-es\/tour-privado-de-san-sebastian-y-hondarribia-desde-bilbao\/#primaryimage","url":"https:\/\/tourtravelandmore.com\/wp-content\/uploads\/2024\/01\/image1-3.jpg","contentUrl":"https:\/\/tourtravelandmore.com\/wp-content\/uploads\/2024\/01\/image1-3.jpg","width":950,"height":750},{"@type":"BreadcrumbList","@id":"https:\/\/tourtravelandmore.com\/es\/tours\/espana-es\/bilbao-es\/tour-privado-de-san-sebastian-y-hondarribia-desde-bilbao\/#breadcrumb","itemListElement":[{"@type":"ListItem","position":1,"name":"Home","item":"https:\/\/tourtravelandmore.com\/es\/"},{"@type":"ListItem","position":2,"name":"Tours","item":"https:\/\/tourtravelandmore.com\/es\/tours\/"},{"@type":"ListItem","position":3,"name":"Tour Privado de San Sebasti\u00e1n y Hondarribia desde Bilbao"}]},{"@type":"WebSite","@id":"https:\/\/tourtravelandmore.com\/es\/#website","url":"https:\/\/tourtravelandmore.com\/es\/","name":"Tour Travel And More","description":"Private sightseeing tours and luxury transfers in Spain","publisher":{"@id":"https:\/\/tourtravelandmore.com\/es\/#organization"},"potentialAction":[{"@type":"SearchAction","target":{"@type":"EntryPoint","urlTemplate":"https:\/\/tourtravelandmore.com\/es\/?s={search_term_string}"},"query-input":{"@type":"PropertyValueSpecification","valueRequired":true,"valueName":"search_term_string"}}],"inLanguage":"es"},{"@type":"Organization","@id":"https:\/\/tourtravelandmore.com\/es\/#organization","name":"Tour Travel And More","url":"https:\/\/tourtravelandmore.com\/es\/","logo":{"@type":"ImageObject","inLanguage":"es","@id":"https:\/\/tourtravelandmore.com\/es\/#\/schema\/logo\/image\/","url":"https:\/\/tourtravelandmore.com\/wp-content\/uploads\/2022\/12\/cropped-logo-cabecera-new.png","contentUrl":"https:\/\/tourtravelandmore.com\/wp-content\/uploads\/2022\/12\/cropped-logo-cabecera-new.png","width":430,"height":61,"caption":"Tour Travel And More"},"image":{"@id":"https:\/\/tourtravelandmore.com\/es\/#\/schema\/logo\/image\/"},"sameAs":["https:\/\/www.facebook.com\/tourtravelandmore\/","https:\/\/x.com\/TourTravel_More"]}]}},"_links":{"self":[{"href":"https:\/\/tourtravelandmore.com\/es\/wp-json\/wp\/v2\/product\/171820","targetHints":{"allow":["GET"]}}],"collection":[{"href":"https:\/\/tourtravelandmore.com\/es\/wp-json\/wp\/v2\/product"}],"about":[{"href":"https:\/\/tourtravelandmore.com\/es\/wp-json\/wp\/v2\/types\/product"}],"replies":[{"embeddable":true,"href":"https:\/\/tourtravelandmore.com\/es\/wp-json\/wp\/v2\/comments?post=171820"}],"wp:featuredmedia":[{"embeddable":true,"href":"https:\/\/tourtravelandmore.com\/es\/wp-json\/wp\/v2\/media\/171836"}],"wp:attachment":[{"href":"https:\/\/tourtravelandmore.com\/es\/wp-json\/wp\/v2\/media?parent=171820"}],"wp:term":[{"taxonomy":"product_brand","embeddable":true,"href":"https:\/\/tourtravelandmore.com\/es\/wp-json\/wp\/v2\/product_brand?post=171820"},{"taxonomy":"product_cat","embeddable":true,"href":"https:\/\/tourtravelandmore.com\/es\/wp-json\/wp\/v2\/product_cat?post=171820"},{"taxonomy":"product_tag","embeddable":true,"href":"https:\/\/tourtravelandmore.com\/es\/wp-json\/wp\/v2\/product_tag?post=171820"}],"curies":[{"name":"wp","href":"https:\/\/api.w.org\/{rel}","templated":true}]}}