{"id":171793,"date":"2024-01-01T17:04:26","date_gmt":"2024-01-01T16:04:26","guid":{"rendered":"https:\/\/tourtravelandmore.com\/?post_type=product&#038;p=171793"},"modified":"2024-01-01T17:14:37","modified_gmt":"2024-01-01T16:14:37","slug":"visita-privada-a-pie-de-bilbao-con-el-museo-guggenheim","status":"publish","type":"product","link":"https:\/\/tourtravelandmore.com\/es\/tours\/espana-es\/bilbao-es\/visita-privada-a-pie-de-bilbao-con-el-museo-guggenheim\/","title":{"rendered":"Visita privada a pie de Bilbao con el Museo Guggenheim"},"content":{"rendered":"<h2><b>Visita privada a pie de Bilbao con el Museo Guggenheim Descripci\u00f3n<\/b><\/h2>\n<p><span style=\"font-weight: 400;\">Disfrute de una exploraci\u00f3n cultural y visualmente impresionante de Bilbao con nuestra &#8220;Visita privada a pie de Bilbao con el Museo Guggenheim&#8221;. Este recorrido de 4 horas, dirigido por un gu\u00eda experto, est\u00e1 dise\u00f1ado para desvelar la belleza y la historia de Bilbao, una ciudad que ha entrelazado magistralmente su pasado industrial con la arquitectura de vanguardia y vibrantes escenas culturales. La visita incluye el emblem\u00e1tico Museo Guggenheim, famoso por sus colecciones de arte moderno y contempor\u00e1neo y su impresionante dise\u00f1o.<\/span><\/p>\n<p><span style=\"font-weight: 400;\">A medida que se embarca en este viaje, nuestro gu\u00eda le llevar\u00e1 por las sinuosas calles de Bilbao, donde la historia y la modernidad se mezclan a la perfecci\u00f3n. Desde el hist\u00f3rico Casco Viejo hasta los hitos futuristas que han remodelado el perfil de la ciudad, cada paso de este recorrido est\u00e1 repleto de vistas e historias fascinantes. Experimentar\u00e1 la transformaci\u00f3n de la ciudad, que ha pasado de ser un importante centro industrial a convertirse en un hotspot cultural mundial.<\/span><\/p>\n<p><span style=\"font-weight: 400;\">La visita al Museo Guggenheim, s\u00edmbolo del renacimiento cultural de Bilbao, ser\u00e1 uno de los puntos culminantes del recorrido. Aqu\u00ed se adentrar\u00e1 en un mundo de excepcionales exposiciones de arte albergadas dentro de una maravilla arquitect\u00f3nica. El innovador dise\u00f1o del museo, obra de Frank Gehry, es un magn\u00edfico espect\u00e1culo para la vista. En su interior, le espera una cuidada colecci\u00f3n de arte moderno y contempor\u00e1neo que promete encantar e inspirar.<\/span><\/p>\n<p><span style=\"font-weight: 400;\">A lo largo de la visita, su gu\u00eda le proporcionar\u00e1 informaci\u00f3n cautivadora sobre la cultura, la historia y la arquitectura de Bilbao. El recorrido est\u00e1 dise\u00f1ado para ser atractivo e informativo, asegurando una experiencia memorable para los amantes del arte, entusiastas de la historia, y los visitantes ocasionales por igual.<\/span><\/p>\n<p><span style=\"font-weight: 400;\">A medida que avanza el recorrido, sum\u00e9rjase en la vibrante atm\u00f3sfera de las calles de Bilbao, llenas de vida y expresiones art\u00edsticas. Su gu\u00eda le conducir\u00e1 a lugares significativos que a menudo pasan desapercibidos, revel\u00e1ndole las joyas ocultas que contribuyen al car\u00e1cter \u00fanico de la ciudad. Esto incluye la pintoresca ribera, el coraz\u00f3n del patrimonio industrial de Bilbao, ahora transformado en un espacio de ocio y actividades culturales.<\/span><\/p>\n<p><span style=\"font-weight: 400;\">El recorrido a pie tambi\u00e9n ofrece la oportunidad de ser testigo de la fusi\u00f3n de la cultura tradicional vasca con las influencias globales. Pasar\u00e1 por tiendas de artesan\u00eda local, instalaciones de arte contempor\u00e1neo y espacios p\u00fablicos que muestran el compromiso de la ciudad con la diversidad cultural y la libertad art\u00edstica.<\/span><\/p>\n<h2><b>Visita privada a pie de Bilbao con el Museo Guggenheim Destacados<\/b><\/h2>\n<ul>\n<li style=\"font-weight: 400;\" aria-level=\"1\"><b>Museo Guggenheim<\/b><span style=\"font-weight: 400;\">: Experimente el esplendor arquitect\u00f3nico y los tesoros art\u00edsticos de este museo de renombre mundial. Marav\u00edllese con sus colecciones de arte contempor\u00e1neo y moderno, albergadas en un edificio que es una obra maestra de la arquitectura del siglo XX.<\/span><\/li>\n<li style=\"font-weight: 400;\" aria-level=\"1\"><b>Casco Viejo: <\/b><span style=\"font-weight: 400;\">Pasee por las encantadoras calles del coraz\u00f3n hist\u00f3rico de Bilbao, donde edificios centenarios albergan pintorescas tiendas, caf\u00e9s y animadas plazas.<\/span><\/li>\n<li style=\"font-weight: 400;\" aria-level=\"1\"><b>Plaza Moy\u00faa:<\/b><span style=\"font-weight: 400;\"> Descubre este bullicioso centro de la ciudad, mezcla perfecta de la arquitectura tradicional bilba\u00edna y el urbanismo contempor\u00e1neo.<\/span><\/li>\n<li style=\"font-weight: 400;\" aria-level=\"1\"><b>Puente Zubizuri:<\/b><span style=\"font-weight: 400;\"> Admira el innovador dise\u00f1o del puente de Santiago Calatrava, s\u00edmbolo de la modernizaci\u00f3n y el ingenio arquitect\u00f3nico de Bilbao.<\/span><\/li>\n<li style=\"font-weight: 400;\" aria-level=\"1\"><b>Museo de Bellas Artes de Bilbao:<\/b><span style=\"font-weight: 400;\"> Explora la variada colecci\u00f3n de arte que abarca desde el siglo XII hasta la \u00e9poca moderna, mostrando el rico patrimonio art\u00edstico de la regi\u00f3n vasca.<\/span><\/li>\n<li style=\"font-weight: 400;\" aria-level=\"1\"><b>Calle Ib\u00e1\u00f1ez de Bilbao:<\/b><span style=\"font-weight: 400;\"> Pasea por esta emblem\u00e1tica calle de Bilbao, conocida por su ambiente vibrante y su variedad de tiendas boutique, caf\u00e9s y galer\u00edas de arte. Es el ep\u00edtome de la animada cultura urbana de la ciudad y un lugar ideal para experimentar la vida local.<\/span><\/li>\n<li style=\"font-weight: 400;\" aria-level=\"1\"><b>Gran V\u00eda:<\/b><span style=\"font-weight: 400;\"> Esta importante arteria de Bilbao es un centro de actividad comercial y cultural. Flanqueada por impresionantes edificios, refleja el crecimiento y la prosperidad de la ciudad a lo largo de los a\u00f1os. La Gran V\u00eda es un testimonio de la mezcla de encanto tradicional y dinamismo moderno de Bilbao.<\/span><\/li>\n<li style=\"font-weight: 400;\" aria-level=\"1\"><b>Teatro Arriaga<\/b><span style=\"font-weight: 400;\">: Visita este emblem\u00e1tico teatro de Bilbao, un hito cultural conocido por su impresionante arquitectura y su rico programa de espect\u00e1culos. El Teatro Arriaga no es s\u00f3lo un lugar de entretenimiento; es un s\u00edmbolo del patrimonio art\u00edstico de la ciudad y de su vibrante escena cultural.<\/span><\/li>\n<li style=\"font-weight: 400;\" aria-level=\"1\"><b>Vistas panor\u00e1micas desde el monte Artxanda:<\/b><span style=\"font-weight: 400;\"> Para tener una perspectiva diferente, t\u00f3mese un momento para admirar Bilbao desde el monte Artxanda. Las vistas panor\u00e1micas de la ciudad, la r\u00eda y los paisajes circundantes son impresionantes y ofrecen una oportunidad fotogr\u00e1fica perfecta.<\/span><\/li>\n<li style=\"font-weight: 400;\" aria-level=\"1\"><b>Delicias gastron\u00f3micas locales:<\/b><span style=\"font-weight: 400;\"> Ninguna visita a Bilbao estar\u00eda completa sin conocer su oferta culinaria. Pruebe los platos tradicionales vascos y disfrute de los famosos pintxos de la ciudad, una forma deliciosa de sumergirse en la cultura y los sabores locales.<\/span><\/li>\n<\/ul>\n<p><span style=\"font-weight: 400;\">Mientras se sumerge en la cultura y la belleza de Bilbao, este recorrido a pie le proporcionar\u00e1 una experiencia completa y atractiva, adaptada a sus intereses y preferencias. Con informaci\u00f3n exclusiva de su gu\u00eda y acceso prioritario al Museo Guggenheim, este recorrido es imprescindible para cualquiera que desee adentrarse en el coraz\u00f3n de Bilbao.<\/span><\/p>\n<p><span style=\"font-weight: 400;\">Descubra m\u00e1s de Bilbao y sus alrededores con Tour Travel and More. Ofrecemos una variedad de tours privados, cada uno prometiendo una experiencia \u00fanica y personalizada. Tanto si desea explorar m\u00e1s a fondo las maravillas arquitect\u00f3nicas de Bilbao, deleitarse con las delicias culinarias de la regi\u00f3n o aventurarse a destinos cercanos, nuestro equipo de Tour Travel and More puede crear el itinerario perfecto para usted. <\/span><a href=\"https:\/\/tourtravelandmore.com\/es\/ciudad\/espana-es\/bilbao-es\/\"><span style=\"font-weight: 400;\">Visite Tour Travel and More para obtener m\u00e1s informaci\u00f3n y reservar su pr\u00f3ximo viaje inolvidable.<\/span><\/a><\/p>\n","protected":false},"excerpt":{"rendered":"<p><span style=\"font-weight: 400;\">\u00danete a nuestro &#8220;Tour Privado a Pie de Bilbao con el Museo Guggenheim&#8221; para una exploraci\u00f3n \u00edntima del rico tapiz cultural de Bilbao. Desde las hist\u00f3ricas calles del Casco Viejo hasta las modernas maravillas del Museo Guggenheim, descubra lo mejor de Bilbao con nuestro gu\u00eda experto. Le esperan la entrada al museo y una experiencia \u00fanica en Bilbao.<\/span><\/p>\n","protected":false},"featured_media":171809,"comment_status":"open","ping_status":"closed","template":"","meta":{"_acf_changed":false},"product_brand":[],"product_cat":[189,191,192,523,194],"product_tag":[],"class_list":{"0":"post-171793","1":"product","2":"type-product","3":"status-publish","4":"has-post-thumbnail","6":"product_cat-bilbao-es","7":"product_cat-bilbao-actividades-es","8":"product_cat-bilbao-excursiones-es","9":"product_cat-bilbao-excursiones-privadas-cruceros-es","10":"product_cat-bilbao-tours-privados-pie-es","12":"first","13":"instock","14":"shipping-taxable","15":"purchasable","16":"product-type-simple"},"acf":[],"yoast_head":"<!-- This site is optimized with the Yoast SEO Premium plugin v25.3.1 (Yoast SEO v25.3.1) - https:\/\/yoast.com\/wordpress\/plugins\/seo\/ -->\n<title>\u27a1\ufe0f Descubre el Arte y la Cultura de Bilbao: Tour Privado Guggenheim | Tour Travel and More \u2705<\/title>\n<meta name=\"description\" content=\"Explora lo mejor de Bilbao en un tour privado a pie con acceso exclusivo al Museo Guggenheim. Te esperan gu\u00edas expertos, conocimientos hist\u00f3ricos y experiencias inolvidables. \u2705\" \/>\n<meta name=\"robots\" content=\"index, follow, max-snippet:-1, max-image-preview:large, max-video-preview:-1\" \/>\n<link rel=\"canonical\" href=\"https:\/\/tourtravelandmore.com\/es\/tours\/espana-es\/bilbao-es\/visita-privada-a-pie-de-bilbao-con-el-museo-guggenheim\/\" \/>\n<meta property=\"og:locale\" content=\"es_ES\" \/>\n<meta property=\"og:type\" content=\"article\" \/>\n<meta property=\"og:title\" content=\"Visita privada a pie de Bilbao con el Museo Guggenheim\" \/>\n<meta property=\"og:description\" content=\"Explora lo mejor de Bilbao en un tour privado a pie con acceso exclusivo al Museo Guggenheim. Te esperan gu\u00edas expertos, conocimientos hist\u00f3ricos y experiencias inolvidables. \u2705\" \/>\n<meta property=\"og:url\" content=\"https:\/\/tourtravelandmore.com\/es\/tours\/espana-es\/bilbao-es\/visita-privada-a-pie-de-bilbao-con-el-museo-guggenheim\/\" \/>\n<meta property=\"og:site_name\" content=\"Tour Travel And More\" \/>\n<meta property=\"article:publisher\" content=\"https:\/\/www.facebook.com\/tourtravelandmore\/\" \/>\n<meta property=\"article:modified_time\" content=\"2024-01-01T16:14:37+00:00\" \/>\n<meta property=\"og:image\" content=\"https:\/\/tourtravelandmore.com\/wp-content\/uploads\/2024\/01\/image1-2.jpg\" \/>\n\t<meta property=\"og:image:width\" content=\"950\" \/>\n\t<meta property=\"og:image:height\" content=\"750\" \/>\n\t<meta property=\"og:image:type\" content=\"image\/jpeg\" \/>\n<meta name=\"twitter:card\" content=\"summary_large_image\" \/>\n<meta name=\"twitter:site\" content=\"@TourTravel_More\" \/>\n<meta name=\"twitter:label1\" content=\"Tiempo de lectura\" \/>\n\t<meta name=\"twitter:data1\" content=\"5 minutos\" \/>\n<script type=\"application\/ld+json\" class=\"yoast-schema-graph\">{\"@context\":\"https:\/\/schema.org\",\"@graph\":[{\"@type\":\"WebPage\",\"@id\":\"https:\/\/tourtravelandmore.com\/es\/tours\/espana-es\/bilbao-es\/visita-privada-a-pie-de-bilbao-con-el-museo-guggenheim\/\",\"url\":\"https:\/\/tourtravelandmore.com\/es\/tours\/espana-es\/bilbao-es\/visita-privada-a-pie-de-bilbao-con-el-museo-guggenheim\/\",\"name\":\"\u27a1\ufe0f Descubre el Arte y la Cultura de Bilbao: Tour Privado Guggenheim | Tour Travel and More \u2705\",\"isPartOf\":{\"@id\":\"https:\/\/tourtravelandmore.com\/es\/#website\"},\"primaryImageOfPage\":{\"@id\":\"https:\/\/tourtravelandmore.com\/es\/tours\/espana-es\/bilbao-es\/visita-privada-a-pie-de-bilbao-con-el-museo-guggenheim\/#primaryimage\"},\"image\":{\"@id\":\"https:\/\/tourtravelandmore.com\/es\/tours\/espana-es\/bilbao-es\/visita-privada-a-pie-de-bilbao-con-el-museo-guggenheim\/#primaryimage\"},\"thumbnailUrl\":\"https:\/\/tourtravelandmore.com\/wp-content\/uploads\/2024\/01\/image1-2.jpg\",\"datePublished\":\"2024-01-01T16:04:26+00:00\",\"dateModified\":\"2024-01-01T16:14:37+00:00\",\"description\":\"Explora lo mejor de Bilbao en un tour privado a pie con acceso exclusivo al Museo Guggenheim. Te esperan gu\u00edas expertos, conocimientos hist\u00f3ricos y experiencias inolvidables. \u2705\",\"breadcrumb\":{\"@id\":\"https:\/\/tourtravelandmore.com\/es\/tours\/espana-es\/bilbao-es\/visita-privada-a-pie-de-bilbao-con-el-museo-guggenheim\/#breadcrumb\"},\"inLanguage\":\"es\",\"potentialAction\":[{\"@type\":\"ReadAction\",\"target\":[\"https:\/\/tourtravelandmore.com\/es\/tours\/espana-es\/bilbao-es\/visita-privada-a-pie-de-bilbao-con-el-museo-guggenheim\/\"]}]},{\"@type\":\"ImageObject\",\"inLanguage\":\"es\",\"@id\":\"https:\/\/tourtravelandmore.com\/es\/tours\/espana-es\/bilbao-es\/visita-privada-a-pie-de-bilbao-con-el-museo-guggenheim\/#primaryimage\",\"url\":\"https:\/\/tourtravelandmore.com\/wp-content\/uploads\/2024\/01\/image1-2.jpg\",\"contentUrl\":\"https:\/\/tourtravelandmore.com\/wp-content\/uploads\/2024\/01\/image1-2.jpg\",\"width\":950,\"height\":750},{\"@type\":\"BreadcrumbList\",\"@id\":\"https:\/\/tourtravelandmore.com\/es\/tours\/espana-es\/bilbao-es\/visita-privada-a-pie-de-bilbao-con-el-museo-guggenheim\/#breadcrumb\",\"itemListElement\":[{\"@type\":\"ListItem\",\"position\":1,\"name\":\"Home\",\"item\":\"https:\/\/tourtravelandmore.com\/es\/\"},{\"@type\":\"ListItem\",\"position\":2,\"name\":\"Tours\",\"item\":\"https:\/\/tourtravelandmore.com\/es\/tours\/\"},{\"@type\":\"ListItem\",\"position\":3,\"name\":\"Visita privada a pie de Bilbao con el Museo Guggenheim\"}]},{\"@type\":\"WebSite\",\"@id\":\"https:\/\/tourtravelandmore.com\/es\/#website\",\"url\":\"https:\/\/tourtravelandmore.com\/es\/\",\"name\":\"Tour Travel And More\",\"description\":\"Private sightseeing tours and luxury transfers in Spain\",\"publisher\":{\"@id\":\"https:\/\/tourtravelandmore.com\/es\/#organization\"},\"potentialAction\":[{\"@type\":\"SearchAction\",\"target\":{\"@type\":\"EntryPoint\",\"urlTemplate\":\"https:\/\/tourtravelandmore.com\/es\/?s={search_term_string}\"},\"query-input\":{\"@type\":\"PropertyValueSpecification\",\"valueRequired\":true,\"valueName\":\"search_term_string\"}}],\"inLanguage\":\"es\"},{\"@type\":\"Organization\",\"@id\":\"https:\/\/tourtravelandmore.com\/es\/#organization\",\"name\":\"Tour Travel And More\",\"url\":\"https:\/\/tourtravelandmore.com\/es\/\",\"logo\":{\"@type\":\"ImageObject\",\"inLanguage\":\"es\",\"@id\":\"https:\/\/tourtravelandmore.com\/es\/#\/schema\/logo\/image\/\",\"url\":\"https:\/\/tourtravelandmore.com\/wp-content\/uploads\/2022\/12\/cropped-logo-cabecera-new.png\",\"contentUrl\":\"https:\/\/tourtravelandmore.com\/wp-content\/uploads\/2022\/12\/cropped-logo-cabecera-new.png\",\"width\":430,\"height\":61,\"caption\":\"Tour Travel And More\"},\"image\":{\"@id\":\"https:\/\/tourtravelandmore.com\/es\/#\/schema\/logo\/image\/\"},\"sameAs\":[\"https:\/\/www.facebook.com\/tourtravelandmore\/\",\"https:\/\/x.com\/TourTravel_More\"]}]}<\/script>\n<!-- \/ Yoast SEO Premium plugin. -->","yoast_head_json":{"title":"\u27a1\ufe0f Descubre el Arte y la Cultura de Bilbao: Tour Privado Guggenheim | Tour Travel and More \u2705","description":"Explora lo mejor de Bilbao en un tour privado a pie con acceso exclusivo al Museo Guggenheim. Te esperan gu\u00edas expertos, conocimientos hist\u00f3ricos y experiencias inolvidables. \u2705","robots":{"index":"index","follow":"follow","max-snippet":"max-snippet:-1","max-image-preview":"max-image-preview:large","max-video-preview":"max-video-preview:-1"},"canonical":"https:\/\/tourtravelandmore.com\/es\/tours\/espana-es\/bilbao-es\/visita-privada-a-pie-de-bilbao-con-el-museo-guggenheim\/","og_locale":"es_ES","og_type":"article","og_title":"Visita privada a pie de Bilbao con el Museo Guggenheim","og_description":"Explora lo mejor de Bilbao en un tour privado a pie con acceso exclusivo al Museo Guggenheim. Te esperan gu\u00edas expertos, conocimientos hist\u00f3ricos y experiencias inolvidables. \u2705","og_url":"https:\/\/tourtravelandmore.com\/es\/tours\/espana-es\/bilbao-es\/visita-privada-a-pie-de-bilbao-con-el-museo-guggenheim\/","og_site_name":"Tour Travel And More","article_publisher":"https:\/\/www.facebook.com\/tourtravelandmore\/","article_modified_time":"2024-01-01T16:14:37+00:00","og_image":[{"width":950,"height":750,"url":"https:\/\/tourtravelandmore.com\/wp-content\/uploads\/2024\/01\/image1-2.jpg","type":"image\/jpeg"}],"twitter_card":"summary_large_image","twitter_site":"@TourTravel_More","twitter_misc":{"Tiempo de lectura":"5 minutos"},"schema":{"@context":"https:\/\/schema.org","@graph":[{"@type":"WebPage","@id":"https:\/\/tourtravelandmore.com\/es\/tours\/espana-es\/bilbao-es\/visita-privada-a-pie-de-bilbao-con-el-museo-guggenheim\/","url":"https:\/\/tourtravelandmore.com\/es\/tours\/espana-es\/bilbao-es\/visita-privada-a-pie-de-bilbao-con-el-museo-guggenheim\/","name":"\u27a1\ufe0f Descubre el Arte y la Cultura de Bilbao: Tour Privado Guggenheim | Tour Travel and More \u2705","isPartOf":{"@id":"https:\/\/tourtravelandmore.com\/es\/#website"},"primaryImageOfPage":{"@id":"https:\/\/tourtravelandmore.com\/es\/tours\/espana-es\/bilbao-es\/visita-privada-a-pie-de-bilbao-con-el-museo-guggenheim\/#primaryimage"},"image":{"@id":"https:\/\/tourtravelandmore.com\/es\/tours\/espana-es\/bilbao-es\/visita-privada-a-pie-de-bilbao-con-el-museo-guggenheim\/#primaryimage"},"thumbnailUrl":"https:\/\/tourtravelandmore.com\/wp-content\/uploads\/2024\/01\/image1-2.jpg","datePublished":"2024-01-01T16:04:26+00:00","dateModified":"2024-01-01T16:14:37+00:00","description":"Explora lo mejor de Bilbao en un tour privado a pie con acceso exclusivo al Museo Guggenheim. Te esperan gu\u00edas expertos, conocimientos hist\u00f3ricos y experiencias inolvidables. \u2705","breadcrumb":{"@id":"https:\/\/tourtravelandmore.com\/es\/tours\/espana-es\/bilbao-es\/visita-privada-a-pie-de-bilbao-con-el-museo-guggenheim\/#breadcrumb"},"inLanguage":"es","potentialAction":[{"@type":"ReadAction","target":["https:\/\/tourtravelandmore.com\/es\/tours\/espana-es\/bilbao-es\/visita-privada-a-pie-de-bilbao-con-el-museo-guggenheim\/"]}]},{"@type":"ImageObject","inLanguage":"es","@id":"https:\/\/tourtravelandmore.com\/es\/tours\/espana-es\/bilbao-es\/visita-privada-a-pie-de-bilbao-con-el-museo-guggenheim\/#primaryimage","url":"https:\/\/tourtravelandmore.com\/wp-content\/uploads\/2024\/01\/image1-2.jpg","contentUrl":"https:\/\/tourtravelandmore.com\/wp-content\/uploads\/2024\/01\/image1-2.jpg","width":950,"height":750},{"@type":"BreadcrumbList","@id":"https:\/\/tourtravelandmore.com\/es\/tours\/espana-es\/bilbao-es\/visita-privada-a-pie-de-bilbao-con-el-museo-guggenheim\/#breadcrumb","itemListElement":[{"@type":"ListItem","position":1,"name":"Home","item":"https:\/\/tourtravelandmore.com\/es\/"},{"@type":"ListItem","position":2,"name":"Tours","item":"https:\/\/tourtravelandmore.com\/es\/tours\/"},{"@type":"ListItem","position":3,"name":"Visita privada a pie de Bilbao con el Museo Guggenheim"}]},{"@type":"WebSite","@id":"https:\/\/tourtravelandmore.com\/es\/#website","url":"https:\/\/tourtravelandmore.com\/es\/","name":"Tour Travel And More","description":"Private sightseeing tours and luxury transfers in Spain","publisher":{"@id":"https:\/\/tourtravelandmore.com\/es\/#organization"},"potentialAction":[{"@type":"SearchAction","target":{"@type":"EntryPoint","urlTemplate":"https:\/\/tourtravelandmore.com\/es\/?s={search_term_string}"},"query-input":{"@type":"PropertyValueSpecification","valueRequired":true,"valueName":"search_term_string"}}],"inLanguage":"es"},{"@type":"Organization","@id":"https:\/\/tourtravelandmore.com\/es\/#organization","name":"Tour Travel And More","url":"https:\/\/tourtravelandmore.com\/es\/","logo":{"@type":"ImageObject","inLanguage":"es","@id":"https:\/\/tourtravelandmore.com\/es\/#\/schema\/logo\/image\/","url":"https:\/\/tourtravelandmore.com\/wp-content\/uploads\/2022\/12\/cropped-logo-cabecera-new.png","contentUrl":"https:\/\/tourtravelandmore.com\/wp-content\/uploads\/2022\/12\/cropped-logo-cabecera-new.png","width":430,"height":61,"caption":"Tour Travel And More"},"image":{"@id":"https:\/\/tourtravelandmore.com\/es\/#\/schema\/logo\/image\/"},"sameAs":["https:\/\/www.facebook.com\/tourtravelandmore\/","https:\/\/x.com\/TourTravel_More"]}]}},"_links":{"self":[{"href":"https:\/\/tourtravelandmore.com\/es\/wp-json\/wp\/v2\/product\/171793","targetHints":{"allow":["GET"]}}],"collection":[{"href":"https:\/\/tourtravelandmore.com\/es\/wp-json\/wp\/v2\/product"}],"about":[{"href":"https:\/\/tourtravelandmore.com\/es\/wp-json\/wp\/v2\/types\/product"}],"replies":[{"embeddable":true,"href":"https:\/\/tourtravelandmore.com\/es\/wp-json\/wp\/v2\/comments?post=171793"}],"wp:featuredmedia":[{"embeddable":true,"href":"https:\/\/tourtravelandmore.com\/es\/wp-json\/wp\/v2\/media\/171809"}],"wp:attachment":[{"href":"https:\/\/tourtravelandmore.com\/es\/wp-json\/wp\/v2\/media?parent=171793"}],"wp:term":[{"taxonomy":"product_brand","embeddable":true,"href":"https:\/\/tourtravelandmore.com\/es\/wp-json\/wp\/v2\/product_brand?post=171793"},{"taxonomy":"product_cat","embeddable":true,"href":"https:\/\/tourtravelandmore.com\/es\/wp-json\/wp\/v2\/product_cat?post=171793"},{"taxonomy":"product_tag","embeddable":true,"href":"https:\/\/tourtravelandmore.com\/es\/wp-json\/wp\/v2\/product_tag?post=171793"}],"curies":[{"name":"wp","href":"https:\/\/api.w.org\/{rel}","templated":true}]}}