{"id":171766,"date":"2024-01-01T16:43:54","date_gmt":"2024-01-01T15:43:54","guid":{"rendered":"https:\/\/tourtravelandmore.com\/?post_type=product&#038;p=171766"},"modified":"2024-01-01T16:56:06","modified_gmt":"2024-01-01T15:56:06","slug":"visita-privada-completa-a-pie-de-bilbao","status":"publish","type":"product","link":"https:\/\/tourtravelandmore.com\/es\/tours\/espana-es\/bilbao-es\/visita-privada-completa-a-pie-de-bilbao\/","title":{"rendered":"Visita Privada Completa a Pie de Bilbao"},"content":{"rendered":"<h2><b>Tour Privado Completo a Pie de Bilbao Descripci\u00f3n<\/b><\/h2>\n<p><span style=\"font-weight: 400;\">Descubra la esencia de Bilbao en una experiencia completa y envolvente con nuestro Tour Privado Completo a Pie de Bilbao. Con una duraci\u00f3n de 5 horas, este tour est\u00e1 meticulosamente dise\u00f1ado para mostrar la vibrante cultura, historia y arquitectura de Bilbao. Su viaje comienza con un c\u00e1lido saludo de nuestro experto gu\u00eda local, listo para conducirle a trav\u00e9s de las sinuosas calles y lugares emblem\u00e1ticos de esta ciudad vasca.<\/span><\/p>\n<p><span style=\"font-weight: 400;\">Al embarcarse en esta aventura, se ver\u00e1 envuelto en el rico tapiz del pasado y el presente de Bilbao. Desde el encanto hist\u00f3rico del Casco Viejo hasta el esp\u00edritu innovador de la ciudad moderna, cada paso revela nuevas facetas de la identidad de Bilbao. Nuestro gu\u00eda le ofrecer\u00e1 una visi\u00f3n en profundidad de la cultura de la ciudad, cont\u00e1ndole historias y leyendas que dan vida a las calles.<\/span><\/p>\n<p><span style=\"font-weight: 400;\">No se trata s\u00f3lo de hacer turismo, sino de conocer el alma de la ciudad. Explorar\u00e1 rincones ocultos y lugares populares por igual, adentr\u00e1ndose en el modo de vida local. El recorrido incluye la entrada a un destacado museo, donde convergen el arte y la historia, ofreciendo una comprensi\u00f3n m\u00e1s profunda del patrimonio art\u00edstico de Bilbao.<\/span><\/p>\n<p><span style=\"font-weight: 400;\">La experiencia se enriquece a\u00fan m\u00e1s con una degustaci\u00f3n de la gastronom\u00eda vasca. Disfrute de una bebida refrescante y pruebe 2 deliciosos pintxos, aperitivos tradicionales vascos, a\u00f1adiendo una dimensi\u00f3n culinaria a su exploraci\u00f3n cultural.<\/span><\/p>\n<p><span style=\"font-weight: 400;\">Al finalizar el recorrido, habr\u00e1 adquirido un conocimiento exhaustivo e \u00edntimo de Bilbao, lo que har\u00e1 que su visita sea realmente inolvidable.<\/span><\/p>\n<p><span style=\"font-weight: 400;\">Este viaje personalizado por Bilbao es una oportunidad para conectar con el ritmo din\u00e1mico de la ciudad. Pasear\u00e1 a lo largo del r\u00edo Nervi\u00f3n, siendo testigo de c\u00f3mo atraviesa la ciudad con elegancia, tendiendo un puente entre lo antiguo y lo nuevo. Su gu\u00eda le desvelar\u00e1 el significado de las riberas de Bilbao, anta\u00f1o zonas industriales, ahora transformadas en espacios de revitalizaci\u00f3n art\u00edstica y social.<\/span><\/p>\n<p><span style=\"font-weight: 400;\">A medida que serpentea por la ciudad, cada barrio revela su propio car\u00e1cter e historia. Visitar\u00e1 las futuristas torres Isozaki Atea, s\u00edmbolo de la evoluci\u00f3n arquitect\u00f3nica de Bilbao, y retroceder\u00e1 en el tiempo mientras pasea por las encantadoras calles de las Siete Calles del Casco Viejo, el coraz\u00f3n medieval original de la ciudad.<\/span><\/p>\n<p><span style=\"font-weight: 400;\">A lo largo del recorrido, su gu\u00eda tambi\u00e9n le introducir\u00e1 en el estilo de vida local. Conocer\u00e1 las tradiciones vascas, el idioma y la escena cultural contempor\u00e1nea que hacen de Bilbao una ciudad europea \u00fanica. La mezcla de costumbres ancestrales con una perspectiva moderna es palpable en cada rinc\u00f3n, ofreciendo una experiencia rica y de m\u00faltiples capas.<\/span><\/p>\n<h2><b>Recorrido privado completo a pie por los lugares m\u00e1s destacados de Bilbao<\/b><\/h2>\n<ul>\n<li style=\"font-weight: 400;\" aria-level=\"1\"><b>Casco Viejo: <\/b><span style=\"font-weight: 400;\">Explore el coraz\u00f3n de la historia de Bilbao en el Casco Viejo. Pasea por sus laber\u00ednticas calles, repletas de pintorescas tiendas y animadas plazas, como el bullicioso Mercado de la Ribera y la encantadora Plaza Nueva.<\/span><\/li>\n<li style=\"font-weight: 400;\" aria-level=\"1\"><b>Museo Guggenheim:<\/b><span style=\"font-weight: 400;\"> Visite este icono de la arquitectura moderna, s\u00edmbolo del renacimiento cultural de Bilbao. La impresionante colecci\u00f3n del museo y su llamativo dise\u00f1o son un testimonio del esp\u00edritu art\u00edstico de la ciudad.<\/span><\/li>\n<li style=\"font-weight: 400;\" aria-level=\"1\"><b>Plaza Moy\u00faa:<\/b><span style=\"font-weight: 400;\"> Descubre este eje central de Bilbao, rodeado de edificios notables y repleto de vida urbana. Es el lugar perfecto para experimentar el encanto urbano de Bilbao.<\/span><\/li>\n<li style=\"font-weight: 400;\" aria-level=\"1\"><b>Puente Zubizuri:<\/b><span style=\"font-weight: 400;\"> Marav\u00edllate ante esta obra maestra arquitect\u00f3nica de Santiago Calatrava. El elegante dise\u00f1o del puente y su innovadora estructura reflejan el estilo moderno de Bilbao.<\/span><\/li>\n<li style=\"font-weight: 400;\" aria-level=\"1\"><b>Museo de Bellas Artes de Bilbao:<\/b><span style=\"font-weight: 400;\"> Sum\u00e9rjase en el arte en uno de los museos m\u00e1s significativos de Espa\u00f1a. La extensa colecci\u00f3n del museo abarca siglos, ofreciendo una ventana a la evoluci\u00f3n art\u00edstica de la regi\u00f3n.<\/span><\/li>\n<li style=\"font-weight: 400;\" aria-level=\"1\"><b>Torres Isozaki Atea:<\/b><span style=\"font-weight: 400;\"> Sea testigo de las maravillas arquitect\u00f3nicas modernas de Bilbao con una visita a las Torres Isozaki Atea. Estos rascacielos gemelos representan el r\u00e1pido desarrollo de la ciudad y son un s\u00edmbolo de sus aspiraciones futuristas.<\/span><\/li>\n<li style=\"font-weight: 400;\" aria-level=\"1\"><b>Siete Calles del Casco Viejo:<\/b><span style=\"font-weight: 400;\"> Ad\u00e9ntrese en las hist\u00f3ricas Siete Calles, n\u00facleo del Bilbao medieval. Esta zona no es s\u00f3lo un testimonio del pasado de la ciudad, sino tambi\u00e9n una parte viva de su presente, con numerosos caf\u00e9s, bares y tiendas de artesan\u00eda local.<\/span><\/li>\n<\/ul>\n<p><span style=\"font-weight: 400;\">Emb\u00e1rquese en un viaje de descubrimiento con Tour Travel and More, su puerta de entrada a los mejores tours privados en Bilbao. Nuestras experiencias a medida est\u00e1n dise\u00f1adas para revelar la verdadera esencia de esta vibrante ciudad. Desde monumentos hist\u00f3ricos a delicias culinarias, nuestros gu\u00edas expertos garantizan una exploraci\u00f3n memorable y personal de Bilbao. <\/span><a href=\"https:\/\/tourtravelandmore.com\/es\/ciudad\/espana-es\/bilbao-es\/\"><span style=\"font-weight: 400;\">Vis\u00edtenos para descubrir m\u00e1s tours exclusivos y crear su aventura perfecta en Bilbao.<\/span><\/a><\/p>\n","protected":false},"excerpt":{"rendered":"<p><span style=\"font-weight: 400;\">\u00danase a nuestro Completo Tour Privado a Pie por Bilbao para explorar en profundidad la rica historia de la ciudad, su impresionante arquitectura y sus delicias culinarias. Desde el hist\u00f3rico Casco Viejo hasta el emblem\u00e1tico Museo Guggenheim, sum\u00e9rjase en la esencia de Bilbao de la mano de nuestros gu\u00edas expertos.<\/span><\/p>\n","protected":false},"featured_media":171791,"comment_status":"open","ping_status":"closed","template":"","meta":{"_acf_changed":false},"product_brand":[],"product_cat":[189,191,192,523,194],"product_tag":[],"class_list":{"0":"post-171766","1":"product","2":"type-product","3":"status-publish","4":"has-post-thumbnail","6":"product_cat-bilbao-es","7":"product_cat-bilbao-actividades-es","8":"product_cat-bilbao-excursiones-es","9":"product_cat-bilbao-excursiones-privadas-cruceros-es","10":"product_cat-bilbao-tours-privados-pie-es","12":"first","13":"instock","14":"shipping-taxable","15":"purchasable","16":"product-type-simple"},"acf":[],"yoast_head":"<!-- This site is optimized with the Yoast SEO Premium plugin v25.3.1 (Yoast SEO v25.3.1) - https:\/\/yoast.com\/wordpress\/plugins\/seo\/ -->\n<title>\u27a1\ufe0f Explora lo mejor de Bilbao con nuestro completo tour privado a pie \u2705<\/title>\n<meta name=\"description\" content=\"Descubre el encanto hist\u00f3rico y las maravillas modernas de Bilbao en un tour privado a pie de 5 horas con gu\u00eda experto, entrada al museo y pintxos vascos. \u00a1Reserve ahora! \u2705\" \/>\n<meta name=\"robots\" content=\"index, follow, max-snippet:-1, max-image-preview:large, max-video-preview:-1\" \/>\n<link rel=\"canonical\" href=\"https:\/\/tourtravelandmore.com\/es\/tours\/espana-es\/bilbao-es\/visita-privada-completa-a-pie-de-bilbao\/\" \/>\n<meta property=\"og:locale\" content=\"es_ES\" \/>\n<meta property=\"og:type\" content=\"article\" \/>\n<meta property=\"og:title\" content=\"Visita Privada Completa a Pie de Bilbao\" \/>\n<meta property=\"og:description\" content=\"Descubre el encanto hist\u00f3rico y las maravillas modernas de Bilbao en un tour privado a pie de 5 horas con gu\u00eda experto, entrada al museo y pintxos vascos. \u00a1Reserve ahora! \u2705\" \/>\n<meta property=\"og:url\" content=\"https:\/\/tourtravelandmore.com\/es\/tours\/espana-es\/bilbao-es\/visita-privada-completa-a-pie-de-bilbao\/\" \/>\n<meta property=\"og:site_name\" content=\"Tour Travel And More\" \/>\n<meta property=\"article:publisher\" content=\"https:\/\/www.facebook.com\/tourtravelandmore\/\" \/>\n<meta property=\"article:modified_time\" content=\"2024-01-01T15:56:06+00:00\" \/>\n<meta property=\"og:image\" content=\"https:\/\/tourtravelandmore.com\/wp-content\/uploads\/2024\/01\/image4-1.jpg\" \/>\n\t<meta property=\"og:image:width\" content=\"950\" \/>\n\t<meta property=\"og:image:height\" content=\"750\" \/>\n\t<meta property=\"og:image:type\" content=\"image\/jpeg\" \/>\n<meta name=\"twitter:card\" content=\"summary_large_image\" \/>\n<meta name=\"twitter:site\" content=\"@TourTravel_More\" \/>\n<meta name=\"twitter:label1\" content=\"Tiempo de lectura\" \/>\n\t<meta name=\"twitter:data1\" content=\"4 minutos\" \/>\n<script type=\"application\/ld+json\" class=\"yoast-schema-graph\">{\"@context\":\"https:\/\/schema.org\",\"@graph\":[{\"@type\":\"WebPage\",\"@id\":\"https:\/\/tourtravelandmore.com\/es\/tours\/espana-es\/bilbao-es\/visita-privada-completa-a-pie-de-bilbao\/\",\"url\":\"https:\/\/tourtravelandmore.com\/es\/tours\/espana-es\/bilbao-es\/visita-privada-completa-a-pie-de-bilbao\/\",\"name\":\"\u27a1\ufe0f Explora lo mejor de Bilbao con nuestro completo tour privado a pie \u2705\",\"isPartOf\":{\"@id\":\"https:\/\/tourtravelandmore.com\/es\/#website\"},\"primaryImageOfPage\":{\"@id\":\"https:\/\/tourtravelandmore.com\/es\/tours\/espana-es\/bilbao-es\/visita-privada-completa-a-pie-de-bilbao\/#primaryimage\"},\"image\":{\"@id\":\"https:\/\/tourtravelandmore.com\/es\/tours\/espana-es\/bilbao-es\/visita-privada-completa-a-pie-de-bilbao\/#primaryimage\"},\"thumbnailUrl\":\"https:\/\/tourtravelandmore.com\/wp-content\/uploads\/2024\/01\/image4-1.jpg\",\"datePublished\":\"2024-01-01T15:43:54+00:00\",\"dateModified\":\"2024-01-01T15:56:06+00:00\",\"description\":\"Descubre el encanto hist\u00f3rico y las maravillas modernas de Bilbao en un tour privado a pie de 5 horas con gu\u00eda experto, entrada al museo y pintxos vascos. \u00a1Reserve ahora! \u2705\",\"breadcrumb\":{\"@id\":\"https:\/\/tourtravelandmore.com\/es\/tours\/espana-es\/bilbao-es\/visita-privada-completa-a-pie-de-bilbao\/#breadcrumb\"},\"inLanguage\":\"es\",\"potentialAction\":[{\"@type\":\"ReadAction\",\"target\":[\"https:\/\/tourtravelandmore.com\/es\/tours\/espana-es\/bilbao-es\/visita-privada-completa-a-pie-de-bilbao\/\"]}]},{\"@type\":\"ImageObject\",\"inLanguage\":\"es\",\"@id\":\"https:\/\/tourtravelandmore.com\/es\/tours\/espana-es\/bilbao-es\/visita-privada-completa-a-pie-de-bilbao\/#primaryimage\",\"url\":\"https:\/\/tourtravelandmore.com\/wp-content\/uploads\/2024\/01\/image4-1.jpg\",\"contentUrl\":\"https:\/\/tourtravelandmore.com\/wp-content\/uploads\/2024\/01\/image4-1.jpg\",\"width\":950,\"height\":750},{\"@type\":\"BreadcrumbList\",\"@id\":\"https:\/\/tourtravelandmore.com\/es\/tours\/espana-es\/bilbao-es\/visita-privada-completa-a-pie-de-bilbao\/#breadcrumb\",\"itemListElement\":[{\"@type\":\"ListItem\",\"position\":1,\"name\":\"Home\",\"item\":\"https:\/\/tourtravelandmore.com\/es\/\"},{\"@type\":\"ListItem\",\"position\":2,\"name\":\"Tours\",\"item\":\"https:\/\/tourtravelandmore.com\/es\/tours\/\"},{\"@type\":\"ListItem\",\"position\":3,\"name\":\"Visita Privada Completa a Pie de Bilbao\"}]},{\"@type\":\"WebSite\",\"@id\":\"https:\/\/tourtravelandmore.com\/es\/#website\",\"url\":\"https:\/\/tourtravelandmore.com\/es\/\",\"name\":\"Tour Travel And More\",\"description\":\"Private sightseeing tours and luxury transfers in Spain\",\"publisher\":{\"@id\":\"https:\/\/tourtravelandmore.com\/es\/#organization\"},\"potentialAction\":[{\"@type\":\"SearchAction\",\"target\":{\"@type\":\"EntryPoint\",\"urlTemplate\":\"https:\/\/tourtravelandmore.com\/es\/?s={search_term_string}\"},\"query-input\":{\"@type\":\"PropertyValueSpecification\",\"valueRequired\":true,\"valueName\":\"search_term_string\"}}],\"inLanguage\":\"es\"},{\"@type\":\"Organization\",\"@id\":\"https:\/\/tourtravelandmore.com\/es\/#organization\",\"name\":\"Tour Travel And More\",\"url\":\"https:\/\/tourtravelandmore.com\/es\/\",\"logo\":{\"@type\":\"ImageObject\",\"inLanguage\":\"es\",\"@id\":\"https:\/\/tourtravelandmore.com\/es\/#\/schema\/logo\/image\/\",\"url\":\"https:\/\/tourtravelandmore.com\/wp-content\/uploads\/2022\/12\/cropped-logo-cabecera-new.png\",\"contentUrl\":\"https:\/\/tourtravelandmore.com\/wp-content\/uploads\/2022\/12\/cropped-logo-cabecera-new.png\",\"width\":430,\"height\":61,\"caption\":\"Tour Travel And More\"},\"image\":{\"@id\":\"https:\/\/tourtravelandmore.com\/es\/#\/schema\/logo\/image\/\"},\"sameAs\":[\"https:\/\/www.facebook.com\/tourtravelandmore\/\",\"https:\/\/x.com\/TourTravel_More\"]}]}<\/script>\n<!-- \/ Yoast SEO Premium plugin. -->","yoast_head_json":{"title":"\u27a1\ufe0f Explora lo mejor de Bilbao con nuestro completo tour privado a pie \u2705","description":"Descubre el encanto hist\u00f3rico y las maravillas modernas de Bilbao en un tour privado a pie de 5 horas con gu\u00eda experto, entrada al museo y pintxos vascos. \u00a1Reserve ahora! \u2705","robots":{"index":"index","follow":"follow","max-snippet":"max-snippet:-1","max-image-preview":"max-image-preview:large","max-video-preview":"max-video-preview:-1"},"canonical":"https:\/\/tourtravelandmore.com\/es\/tours\/espana-es\/bilbao-es\/visita-privada-completa-a-pie-de-bilbao\/","og_locale":"es_ES","og_type":"article","og_title":"Visita Privada Completa a Pie de Bilbao","og_description":"Descubre el encanto hist\u00f3rico y las maravillas modernas de Bilbao en un tour privado a pie de 5 horas con gu\u00eda experto, entrada al museo y pintxos vascos. \u00a1Reserve ahora! \u2705","og_url":"https:\/\/tourtravelandmore.com\/es\/tours\/espana-es\/bilbao-es\/visita-privada-completa-a-pie-de-bilbao\/","og_site_name":"Tour Travel And More","article_publisher":"https:\/\/www.facebook.com\/tourtravelandmore\/","article_modified_time":"2024-01-01T15:56:06+00:00","og_image":[{"width":950,"height":750,"url":"https:\/\/tourtravelandmore.com\/wp-content\/uploads\/2024\/01\/image4-1.jpg","type":"image\/jpeg"}],"twitter_card":"summary_large_image","twitter_site":"@TourTravel_More","twitter_misc":{"Tiempo de lectura":"4 minutos"},"schema":{"@context":"https:\/\/schema.org","@graph":[{"@type":"WebPage","@id":"https:\/\/tourtravelandmore.com\/es\/tours\/espana-es\/bilbao-es\/visita-privada-completa-a-pie-de-bilbao\/","url":"https:\/\/tourtravelandmore.com\/es\/tours\/espana-es\/bilbao-es\/visita-privada-completa-a-pie-de-bilbao\/","name":"\u27a1\ufe0f Explora lo mejor de Bilbao con nuestro completo tour privado a pie \u2705","isPartOf":{"@id":"https:\/\/tourtravelandmore.com\/es\/#website"},"primaryImageOfPage":{"@id":"https:\/\/tourtravelandmore.com\/es\/tours\/espana-es\/bilbao-es\/visita-privada-completa-a-pie-de-bilbao\/#primaryimage"},"image":{"@id":"https:\/\/tourtravelandmore.com\/es\/tours\/espana-es\/bilbao-es\/visita-privada-completa-a-pie-de-bilbao\/#primaryimage"},"thumbnailUrl":"https:\/\/tourtravelandmore.com\/wp-content\/uploads\/2024\/01\/image4-1.jpg","datePublished":"2024-01-01T15:43:54+00:00","dateModified":"2024-01-01T15:56:06+00:00","description":"Descubre el encanto hist\u00f3rico y las maravillas modernas de Bilbao en un tour privado a pie de 5 horas con gu\u00eda experto, entrada al museo y pintxos vascos. \u00a1Reserve ahora! \u2705","breadcrumb":{"@id":"https:\/\/tourtravelandmore.com\/es\/tours\/espana-es\/bilbao-es\/visita-privada-completa-a-pie-de-bilbao\/#breadcrumb"},"inLanguage":"es","potentialAction":[{"@type":"ReadAction","target":["https:\/\/tourtravelandmore.com\/es\/tours\/espana-es\/bilbao-es\/visita-privada-completa-a-pie-de-bilbao\/"]}]},{"@type":"ImageObject","inLanguage":"es","@id":"https:\/\/tourtravelandmore.com\/es\/tours\/espana-es\/bilbao-es\/visita-privada-completa-a-pie-de-bilbao\/#primaryimage","url":"https:\/\/tourtravelandmore.com\/wp-content\/uploads\/2024\/01\/image4-1.jpg","contentUrl":"https:\/\/tourtravelandmore.com\/wp-content\/uploads\/2024\/01\/image4-1.jpg","width":950,"height":750},{"@type":"BreadcrumbList","@id":"https:\/\/tourtravelandmore.com\/es\/tours\/espana-es\/bilbao-es\/visita-privada-completa-a-pie-de-bilbao\/#breadcrumb","itemListElement":[{"@type":"ListItem","position":1,"name":"Home","item":"https:\/\/tourtravelandmore.com\/es\/"},{"@type":"ListItem","position":2,"name":"Tours","item":"https:\/\/tourtravelandmore.com\/es\/tours\/"},{"@type":"ListItem","position":3,"name":"Visita Privada Completa a Pie de Bilbao"}]},{"@type":"WebSite","@id":"https:\/\/tourtravelandmore.com\/es\/#website","url":"https:\/\/tourtravelandmore.com\/es\/","name":"Tour Travel And More","description":"Private sightseeing tours and luxury transfers in Spain","publisher":{"@id":"https:\/\/tourtravelandmore.com\/es\/#organization"},"potentialAction":[{"@type":"SearchAction","target":{"@type":"EntryPoint","urlTemplate":"https:\/\/tourtravelandmore.com\/es\/?s={search_term_string}"},"query-input":{"@type":"PropertyValueSpecification","valueRequired":true,"valueName":"search_term_string"}}],"inLanguage":"es"},{"@type":"Organization","@id":"https:\/\/tourtravelandmore.com\/es\/#organization","name":"Tour Travel And More","url":"https:\/\/tourtravelandmore.com\/es\/","logo":{"@type":"ImageObject","inLanguage":"es","@id":"https:\/\/tourtravelandmore.com\/es\/#\/schema\/logo\/image\/","url":"https:\/\/tourtravelandmore.com\/wp-content\/uploads\/2022\/12\/cropped-logo-cabecera-new.png","contentUrl":"https:\/\/tourtravelandmore.com\/wp-content\/uploads\/2022\/12\/cropped-logo-cabecera-new.png","width":430,"height":61,"caption":"Tour Travel And More"},"image":{"@id":"https:\/\/tourtravelandmore.com\/es\/#\/schema\/logo\/image\/"},"sameAs":["https:\/\/www.facebook.com\/tourtravelandmore\/","https:\/\/x.com\/TourTravel_More"]}]}},"_links":{"self":[{"href":"https:\/\/tourtravelandmore.com\/es\/wp-json\/wp\/v2\/product\/171766","targetHints":{"allow":["GET"]}}],"collection":[{"href":"https:\/\/tourtravelandmore.com\/es\/wp-json\/wp\/v2\/product"}],"about":[{"href":"https:\/\/tourtravelandmore.com\/es\/wp-json\/wp\/v2\/types\/product"}],"replies":[{"embeddable":true,"href":"https:\/\/tourtravelandmore.com\/es\/wp-json\/wp\/v2\/comments?post=171766"}],"wp:featuredmedia":[{"embeddable":true,"href":"https:\/\/tourtravelandmore.com\/es\/wp-json\/wp\/v2\/media\/171791"}],"wp:attachment":[{"href":"https:\/\/tourtravelandmore.com\/es\/wp-json\/wp\/v2\/media?parent=171766"}],"wp:term":[{"taxonomy":"product_brand","embeddable":true,"href":"https:\/\/tourtravelandmore.com\/es\/wp-json\/wp\/v2\/product_brand?post=171766"},{"taxonomy":"product_cat","embeddable":true,"href":"https:\/\/tourtravelandmore.com\/es\/wp-json\/wp\/v2\/product_cat?post=171766"},{"taxonomy":"product_tag","embeddable":true,"href":"https:\/\/tourtravelandmore.com\/es\/wp-json\/wp\/v2\/product_tag?post=171766"}],"curies":[{"name":"wp","href":"https:\/\/api.w.org\/{rel}","templated":true}]}}