{"id":171738,"date":"2024-01-01T16:24:54","date_gmt":"2024-01-01T15:24:54","guid":{"rendered":"https:\/\/tourtravelandmore.com\/?post_type=product&#038;p=171738"},"modified":"2026-01-22T17:42:34","modified_gmt":"2026-01-22T16:42:34","slug":"tour-privado-de-bilbao-y-san-sebastian","status":"publish","type":"product","link":"https:\/\/tourtravelandmore.com\/es\/tours\/espana-es\/bilbao-es\/tour-privado-de-bilbao-y-san-sebastian\/","title":{"rendered":"Tour Privado de Bilbao y San Sebasti\u00e1n"},"content":{"rendered":"<h2><b>Tour Privado de Bilbao y San Sebasti\u00e1n Descripci\u00f3n<\/b><\/h2>\n<p><span style=\"font-weight: 400;\">Experimente la exploraci\u00f3n definitiva del Pa\u00eds Vasco con nuestro &#8220;Tour Privado de Bilbao y San Sebasti\u00e1n&#8221;. Esta excursi\u00f3n de d\u00eda completo y 8 horas de duraci\u00f3n, ofrecida por Tour Travel and More, est\u00e1 dise\u00f1ada para viajeros que buscan una experiencia completa y lujosa de dos de las ciudades m\u00e1s cautivadoras del norte de Espa\u00f1a.<\/span><\/p>\n<p><span style=\"font-weight: 400;\">Desde el momento en que nuestro gu\u00eda profesional y nuestro lujoso veh\u00edculo le recojan, comenzar\u00e1 su viaje al coraz\u00f3n de la cultura, la historia y la belleza vascas. Comenzando en la vibrante ciudad de Bilbao, conocida por su llamativa arquitectura moderna y sus tesoros hist\u00f3ricos, se sumergir\u00e1 en un mundo donde las antiguas tradiciones se encuentran con la innovaci\u00f3n contempor\u00e1nea. Mientras viaja hacia la impresionante ciudad costera de San Sebasti\u00e1n, conocida por sus playas v\u00edrgenes y su excelencia culinaria, los pintorescos paisajes de la regi\u00f3n vasca se desplegar\u00e1n a su alrededor, ofreci\u00e9ndole una visi\u00f3n del esplendor natural de la zona.<\/span><\/p>\n<p><span style=\"font-weight: 400;\">En Bilbao, explorar\u00e1 lugares emblem\u00e1ticos como el mundialmente conocido Museo Guggenheim, el encantador Casco Viejo y el bullicioso Mercado de la Ribera. Al llegar a San Sebasti\u00e1n, prep\u00e1rese para dejarse cautivar por la elegancia de la playa de La Concha, el encanto hist\u00f3rico de la Parte Vieja y la belleza majestuosa del Palacio de Miramar. A lo largo del recorrido, nuestro experto gu\u00eda le proporcionar\u00e1 informaci\u00f3n fascinante sobre cada lugar, enriqueciendo su comprensi\u00f3n de la cultura y la historia vascas.<\/span><\/p>\n<p><span style=\"font-weight: 400;\">Su exploraci\u00f3n contin\u00faa con una aut\u00e9ntica degustaci\u00f3n de la cocina vasca, famosa por sus sabores atrevidos y sus platos innovadores. En San Sebasti\u00e1n, a menudo aclamada como la capital culinaria de Espa\u00f1a, tendr\u00e1 la oportunidad de deleitarse con una gran variedad de delicias locales, desde pintxos tradicionales hasta creaciones con estrellas Michelin. A medida que navega por estas dos ciudades, cada momento del recorrido est\u00e1 salpicado de historias, leyendas y conocimientos, lo que convierte su viaje no s\u00f3lo en una visita tur\u00edstica, sino en una profunda inmersi\u00f3n cultural.<\/span><\/p>\n<p><span style=\"font-weight: 400;\">Este recorrido a medida garantiza una experiencia personalizada, permiti\u00e9ndole profundizar en los aspectos de Bilbao y San Sebasti\u00e1n que m\u00e1s le intriguen. Ya sea arte, arquitectura, historia o gastronom\u00eda, nuestro tour se adapta a sus intereses, haciendo que cada momento cuente. A cada paso, se enamorar\u00e1 del esp\u00edritu y el encanto \u00fanicos del Pa\u00eds Vasco, creando recuerdos que durar\u00e1n toda la vida.<\/span><\/p>\n<h2><b>Tour Privado de Bilbao y San Sebasti\u00e1n Destacados<\/b><\/h2>\n<ul>\n<li style=\"font-weight: 400;\" aria-level=\"1\"><b>Museo Guggenheim (Bilbao):<\/b><span style=\"font-weight: 400;\"> S\u00edmbolo del renacimiento cultural de Bilbao, este impresionante museo, dise\u00f1ado por Frank Gehry, alberga una impresionante colecci\u00f3n de arte moderno y contempor\u00e1neo. Su arquitectura y sus exposiciones lo convierten en una visita obligada.<\/span><\/li>\n<li style=\"font-weight: 400;\" aria-level=\"1\"><b>Cascos viejos (Bilbao y San Sebasti\u00e1n):<\/b><span style=\"font-weight: 400;\"> Ambas ciudades presumen de cascos viejos llenos de vida, donde las calles empedradas conducen a plazas escondidas, tiendas pintorescas y bares de pintxos tradicionales. La mezcla de arquitectura hist\u00f3rica y ambiente animado ofrece una aut\u00e9ntica experiencia vasca.<\/span><\/li>\n<li style=\"font-weight: 400;\" aria-level=\"1\"><b>Playa de la Concha (San Sebasti\u00e1n): <\/b><span style=\"font-weight: 400;\">Conocida como una de las playas urbanas m\u00e1s bellas de Europa, La Concha es perfecta para pasear tranquilamente por el paseo mar\u00edtimo o simplemente relajarse y disfrutar de las vistas panor\u00e1micas.<\/span><\/li>\n<li style=\"font-weight: 400;\" aria-level=\"1\"><b>Palacio de Miramar (San Sebasti\u00e1n):<\/b><span style=\"font-weight: 400;\"> Con vistas a la bah\u00eda de La Concha, este palacio ofrece una visi\u00f3n de la historia real de San Sebasti\u00e1n y ofrece impresionantes vistas de la ciudad y el mar.<\/span><\/li>\n<li style=\"font-weight: 400;\" aria-level=\"1\"><b>Mercado de la Ribera (Bilbao):<\/b><span style=\"font-weight: 400;\"> Explore el mercado cubierto m\u00e1s grande de Europa, donde una pl\u00e9tora de productos frescos, carnes y mariscos muestran la riqueza de los ingredientes culinarios vascos.<\/span><\/li>\n<li style=\"font-weight: 400;\" aria-level=\"1\"><b>Exploraci\u00f3n gastron\u00f3mica:<\/b><span style=\"font-weight: 400;\"> Tanto Bilbao como San Sebasti\u00e1n son para\u00edsos gastron\u00f3micos. En Bilbao, el Mercado de la Ribera ofrece un fest\u00edn sensorial, mientras que la cultura de los pintxos de San Sebasti\u00e1n es una aventura en s\u00ed misma, ya que cada bar y restaurante ofrece su propia versi\u00f3n de estas tapas locales.<\/span><\/li>\n<li style=\"font-weight: 400;\" aria-level=\"1\"><b>Viaje arquitect\u00f3nico:<\/b><span style=\"font-weight: 400;\"> Mientras recorre estas ciudades, admire los contrastes arquitect\u00f3nicos: desde las estructuras contempor\u00e1neas de Bilbao, como las torres Isozaki Atea, hasta los edificios de la Belle \u00c9poque de San Sebasti\u00e1n. Cada ciudad cuenta una historia de su pasado y su presente a trav\u00e9s de su variado paisaje arquitect\u00f3nico<\/span><\/li>\n<\/ul>\n<p><span style=\"font-weight: 400;\">A lo largo de su recorrido, disfrute de la flexibilidad de adaptar la experiencia a sus intereses, ya sea deleit\u00e1ndose con las delicias gastron\u00f3micas, profundizando en los lugares hist\u00f3ricos o capturando la fotograf\u00eda perfecta de los impresionantes paisajes.<\/span><\/p>\n<p><span style=\"font-weight: 400;\">\u00bfListo para vivir la esencia del Pa\u00eds Vasco? Explore nuestra amplia gama de circuitos por Bilbao en Tour Travel and More. Cada viaje est\u00e1 dise\u00f1ado para ofrecerle una exploraci\u00f3n \u00fanica y memorable de los tesoros del norte de Espa\u00f1a<\/span><a href=\"https:\/\/tourtravelandmore.com\/es\/ciudad\/espana-es\/bilbao-es\/\"><span style=\"font-weight: 400;\">. \u00a1Visite Tour Travel and More para descubrir m\u00e1s y reservar su pr\u00f3xima aventura en Bilbao y m\u00e1s all\u00e1! \ud83c\udf1f<\/span><\/a><\/p>\n","protected":false},"excerpt":{"rendered":"<p><span style=\"font-weight: 400;\">\u00danete a nuestro &#8220;Tour Privado de Bilbao y San Sebasti\u00e1n&#8221; para una exploraci\u00f3n sin igual de la cultura vibrante, lugares de inter\u00e9s hist\u00f3rico y paisajes impresionantes. Experimente el famoso Museo Guggenheim, la belleza de la Playa de la Concha y el encanto de los Cascos Viejos, todo en un completo tour.<\/span><\/p>\n<p>&nbsp;<\/p>\n","protected":false},"featured_media":171760,"comment_status":"open","ping_status":"closed","template":"","meta":{"_acf_changed":false},"product_brand":[],"product_cat":[189,191,193,523],"product_tag":[],"class_list":{"0":"post-171738","1":"product","2":"type-product","3":"status-publish","4":"has-post-thumbnail","6":"product_cat-bilbao-es","7":"product_cat-bilbao-actividades-es","8":"product_cat-bilbao-rutas-turisticas-privadas-es","9":"product_cat-bilbao-excursiones-privadas-cruceros-es","11":"first","12":"instock","13":"shipping-taxable","14":"purchasable","15":"product-type-simple"},"acf":[],"yoast_head":"<!-- This site is optimized with the Yoast SEO Premium plugin v25.3.1 (Yoast SEO v25.3.1) - https:\/\/yoast.com\/wordpress\/plugins\/seo\/ -->\n<title>\u27a1\ufe0f Descubre Bilbao y San Sebasti\u00e1n: Tour Privado Exclusivo con Tour Travel and More \u2705<\/title>\n<meta name=\"description\" content=\"Explora lo mejor de Bilbao y San Sebasti\u00e1n a todo lujo con nuestro tour privado de 8 horas. Sum\u00e9rjase en la cultura, la historia y las impresionantes vistas. \u00a1Reserve ahora con Tour Travel and More! \u2705\" \/>\n<meta name=\"robots\" content=\"index, follow, max-snippet:-1, max-image-preview:large, max-video-preview:-1\" \/>\n<link rel=\"canonical\" href=\"https:\/\/tourtravelandmore.com\/es\/tours\/espana-es\/bilbao-es\/tour-privado-de-bilbao-y-san-sebastian\/\" \/>\n<meta property=\"og:locale\" content=\"es_ES\" \/>\n<meta property=\"og:type\" content=\"article\" \/>\n<meta property=\"og:title\" content=\"Tour Privado de Bilbao y San Sebasti\u00e1n\" \/>\n<meta property=\"og:description\" content=\"Explora lo mejor de Bilbao y San Sebasti\u00e1n a todo lujo con nuestro tour privado de 8 horas. Sum\u00e9rjase en la cultura, la historia y las impresionantes vistas. \u00a1Reserve ahora con Tour Travel and More! \u2705\" \/>\n<meta property=\"og:url\" content=\"https:\/\/tourtravelandmore.com\/es\/tours\/espana-es\/bilbao-es\/tour-privado-de-bilbao-y-san-sebastian\/\" \/>\n<meta property=\"og:site_name\" content=\"Tour Travel And More\" \/>\n<meta property=\"article:publisher\" content=\"https:\/\/www.facebook.com\/tourtravelandmore\/\" \/>\n<meta property=\"article:modified_time\" content=\"2026-01-22T16:42:34+00:00\" \/>\n<meta property=\"og:image\" content=\"https:\/\/tourtravelandmore.com\/wp-content\/uploads\/2024\/01\/image3.jpg\" \/>\n\t<meta property=\"og:image:width\" content=\"1425\" \/>\n\t<meta property=\"og:image:height\" content=\"1125\" \/>\n\t<meta property=\"og:image:type\" content=\"image\/jpeg\" \/>\n<meta name=\"twitter:card\" content=\"summary_large_image\" \/>\n<meta name=\"twitter:site\" content=\"@TourTravel_More\" \/>\n<meta name=\"twitter:label1\" content=\"Tiempo de lectura\" \/>\n\t<meta name=\"twitter:data1\" content=\"4 minutos\" \/>\n<script type=\"application\/ld+json\" class=\"yoast-schema-graph\">{\"@context\":\"https:\/\/schema.org\",\"@graph\":[{\"@type\":\"WebPage\",\"@id\":\"https:\/\/tourtravelandmore.com\/es\/tours\/espana-es\/bilbao-es\/tour-privado-de-bilbao-y-san-sebastian\/\",\"url\":\"https:\/\/tourtravelandmore.com\/es\/tours\/espana-es\/bilbao-es\/tour-privado-de-bilbao-y-san-sebastian\/\",\"name\":\"\u27a1\ufe0f Descubre Bilbao y San Sebasti\u00e1n: Tour Privado Exclusivo con Tour Travel and More \u2705\",\"isPartOf\":{\"@id\":\"https:\/\/tourtravelandmore.com\/es\/#website\"},\"primaryImageOfPage\":{\"@id\":\"https:\/\/tourtravelandmore.com\/es\/tours\/espana-es\/bilbao-es\/tour-privado-de-bilbao-y-san-sebastian\/#primaryimage\"},\"image\":{\"@id\":\"https:\/\/tourtravelandmore.com\/es\/tours\/espana-es\/bilbao-es\/tour-privado-de-bilbao-y-san-sebastian\/#primaryimage\"},\"thumbnailUrl\":\"https:\/\/tourtravelandmore.com\/wp-content\/uploads\/2024\/01\/image3.jpg\",\"datePublished\":\"2024-01-01T15:24:54+00:00\",\"dateModified\":\"2026-01-22T16:42:34+00:00\",\"description\":\"Explora lo mejor de Bilbao y San Sebasti\u00e1n a todo lujo con nuestro tour privado de 8 horas. Sum\u00e9rjase en la cultura, la historia y las impresionantes vistas. \u00a1Reserve ahora con Tour Travel and More! \u2705\",\"breadcrumb\":{\"@id\":\"https:\/\/tourtravelandmore.com\/es\/tours\/espana-es\/bilbao-es\/tour-privado-de-bilbao-y-san-sebastian\/#breadcrumb\"},\"inLanguage\":\"es\",\"potentialAction\":[{\"@type\":\"ReadAction\",\"target\":[\"https:\/\/tourtravelandmore.com\/es\/tours\/espana-es\/bilbao-es\/tour-privado-de-bilbao-y-san-sebastian\/\"]}]},{\"@type\":\"ImageObject\",\"inLanguage\":\"es\",\"@id\":\"https:\/\/tourtravelandmore.com\/es\/tours\/espana-es\/bilbao-es\/tour-privado-de-bilbao-y-san-sebastian\/#primaryimage\",\"url\":\"https:\/\/tourtravelandmore.com\/wp-content\/uploads\/2024\/01\/image3.jpg\",\"contentUrl\":\"https:\/\/tourtravelandmore.com\/wp-content\/uploads\/2024\/01\/image3.jpg\",\"width\":1425,\"height\":1125},{\"@type\":\"BreadcrumbList\",\"@id\":\"https:\/\/tourtravelandmore.com\/es\/tours\/espana-es\/bilbao-es\/tour-privado-de-bilbao-y-san-sebastian\/#breadcrumb\",\"itemListElement\":[{\"@type\":\"ListItem\",\"position\":1,\"name\":\"Home\",\"item\":\"https:\/\/tourtravelandmore.com\/es\/\"},{\"@type\":\"ListItem\",\"position\":2,\"name\":\"Tours\",\"item\":\"https:\/\/tourtravelandmore.com\/es\/tours\/\"},{\"@type\":\"ListItem\",\"position\":3,\"name\":\"Tour Privado de Bilbao y San Sebasti\u00e1n\"}]},{\"@type\":\"WebSite\",\"@id\":\"https:\/\/tourtravelandmore.com\/es\/#website\",\"url\":\"https:\/\/tourtravelandmore.com\/es\/\",\"name\":\"Tour Travel And More\",\"description\":\"Private sightseeing tours and luxury transfers in Spain\",\"publisher\":{\"@id\":\"https:\/\/tourtravelandmore.com\/es\/#organization\"},\"potentialAction\":[{\"@type\":\"SearchAction\",\"target\":{\"@type\":\"EntryPoint\",\"urlTemplate\":\"https:\/\/tourtravelandmore.com\/es\/?s={search_term_string}\"},\"query-input\":{\"@type\":\"PropertyValueSpecification\",\"valueRequired\":true,\"valueName\":\"search_term_string\"}}],\"inLanguage\":\"es\"},{\"@type\":\"Organization\",\"@id\":\"https:\/\/tourtravelandmore.com\/es\/#organization\",\"name\":\"Tour Travel And More\",\"url\":\"https:\/\/tourtravelandmore.com\/es\/\",\"logo\":{\"@type\":\"ImageObject\",\"inLanguage\":\"es\",\"@id\":\"https:\/\/tourtravelandmore.com\/es\/#\/schema\/logo\/image\/\",\"url\":\"https:\/\/tourtravelandmore.com\/wp-content\/uploads\/2022\/12\/cropped-logo-cabecera-new.png\",\"contentUrl\":\"https:\/\/tourtravelandmore.com\/wp-content\/uploads\/2022\/12\/cropped-logo-cabecera-new.png\",\"width\":430,\"height\":61,\"caption\":\"Tour Travel And More\"},\"image\":{\"@id\":\"https:\/\/tourtravelandmore.com\/es\/#\/schema\/logo\/image\/\"},\"sameAs\":[\"https:\/\/www.facebook.com\/tourtravelandmore\/\",\"https:\/\/x.com\/TourTravel_More\"]}]}<\/script>\n<!-- \/ Yoast SEO Premium plugin. -->","yoast_head_json":{"title":"\u27a1\ufe0f Descubre Bilbao y San Sebasti\u00e1n: Tour Privado Exclusivo con Tour Travel and More \u2705","description":"Explora lo mejor de Bilbao y San Sebasti\u00e1n a todo lujo con nuestro tour privado de 8 horas. Sum\u00e9rjase en la cultura, la historia y las impresionantes vistas. \u00a1Reserve ahora con Tour Travel and More! \u2705","robots":{"index":"index","follow":"follow","max-snippet":"max-snippet:-1","max-image-preview":"max-image-preview:large","max-video-preview":"max-video-preview:-1"},"canonical":"https:\/\/tourtravelandmore.com\/es\/tours\/espana-es\/bilbao-es\/tour-privado-de-bilbao-y-san-sebastian\/","og_locale":"es_ES","og_type":"article","og_title":"Tour Privado de Bilbao y San Sebasti\u00e1n","og_description":"Explora lo mejor de Bilbao y San Sebasti\u00e1n a todo lujo con nuestro tour privado de 8 horas. Sum\u00e9rjase en la cultura, la historia y las impresionantes vistas. \u00a1Reserve ahora con Tour Travel and More! \u2705","og_url":"https:\/\/tourtravelandmore.com\/es\/tours\/espana-es\/bilbao-es\/tour-privado-de-bilbao-y-san-sebastian\/","og_site_name":"Tour Travel And More","article_publisher":"https:\/\/www.facebook.com\/tourtravelandmore\/","article_modified_time":"2026-01-22T16:42:34+00:00","og_image":[{"width":1425,"height":1125,"url":"https:\/\/tourtravelandmore.com\/wp-content\/uploads\/2024\/01\/image3.jpg","type":"image\/jpeg"}],"twitter_card":"summary_large_image","twitter_site":"@TourTravel_More","twitter_misc":{"Tiempo de lectura":"4 minutos"},"schema":{"@context":"https:\/\/schema.org","@graph":[{"@type":"WebPage","@id":"https:\/\/tourtravelandmore.com\/es\/tours\/espana-es\/bilbao-es\/tour-privado-de-bilbao-y-san-sebastian\/","url":"https:\/\/tourtravelandmore.com\/es\/tours\/espana-es\/bilbao-es\/tour-privado-de-bilbao-y-san-sebastian\/","name":"\u27a1\ufe0f Descubre Bilbao y San Sebasti\u00e1n: Tour Privado Exclusivo con Tour Travel and More \u2705","isPartOf":{"@id":"https:\/\/tourtravelandmore.com\/es\/#website"},"primaryImageOfPage":{"@id":"https:\/\/tourtravelandmore.com\/es\/tours\/espana-es\/bilbao-es\/tour-privado-de-bilbao-y-san-sebastian\/#primaryimage"},"image":{"@id":"https:\/\/tourtravelandmore.com\/es\/tours\/espana-es\/bilbao-es\/tour-privado-de-bilbao-y-san-sebastian\/#primaryimage"},"thumbnailUrl":"https:\/\/tourtravelandmore.com\/wp-content\/uploads\/2024\/01\/image3.jpg","datePublished":"2024-01-01T15:24:54+00:00","dateModified":"2026-01-22T16:42:34+00:00","description":"Explora lo mejor de Bilbao y San Sebasti\u00e1n a todo lujo con nuestro tour privado de 8 horas. Sum\u00e9rjase en la cultura, la historia y las impresionantes vistas. \u00a1Reserve ahora con Tour Travel and More! \u2705","breadcrumb":{"@id":"https:\/\/tourtravelandmore.com\/es\/tours\/espana-es\/bilbao-es\/tour-privado-de-bilbao-y-san-sebastian\/#breadcrumb"},"inLanguage":"es","potentialAction":[{"@type":"ReadAction","target":["https:\/\/tourtravelandmore.com\/es\/tours\/espana-es\/bilbao-es\/tour-privado-de-bilbao-y-san-sebastian\/"]}]},{"@type":"ImageObject","inLanguage":"es","@id":"https:\/\/tourtravelandmore.com\/es\/tours\/espana-es\/bilbao-es\/tour-privado-de-bilbao-y-san-sebastian\/#primaryimage","url":"https:\/\/tourtravelandmore.com\/wp-content\/uploads\/2024\/01\/image3.jpg","contentUrl":"https:\/\/tourtravelandmore.com\/wp-content\/uploads\/2024\/01\/image3.jpg","width":1425,"height":1125},{"@type":"BreadcrumbList","@id":"https:\/\/tourtravelandmore.com\/es\/tours\/espana-es\/bilbao-es\/tour-privado-de-bilbao-y-san-sebastian\/#breadcrumb","itemListElement":[{"@type":"ListItem","position":1,"name":"Home","item":"https:\/\/tourtravelandmore.com\/es\/"},{"@type":"ListItem","position":2,"name":"Tours","item":"https:\/\/tourtravelandmore.com\/es\/tours\/"},{"@type":"ListItem","position":3,"name":"Tour Privado de Bilbao y San Sebasti\u00e1n"}]},{"@type":"WebSite","@id":"https:\/\/tourtravelandmore.com\/es\/#website","url":"https:\/\/tourtravelandmore.com\/es\/","name":"Tour Travel And More","description":"Private sightseeing tours and luxury transfers in Spain","publisher":{"@id":"https:\/\/tourtravelandmore.com\/es\/#organization"},"potentialAction":[{"@type":"SearchAction","target":{"@type":"EntryPoint","urlTemplate":"https:\/\/tourtravelandmore.com\/es\/?s={search_term_string}"},"query-input":{"@type":"PropertyValueSpecification","valueRequired":true,"valueName":"search_term_string"}}],"inLanguage":"es"},{"@type":"Organization","@id":"https:\/\/tourtravelandmore.com\/es\/#organization","name":"Tour Travel And More","url":"https:\/\/tourtravelandmore.com\/es\/","logo":{"@type":"ImageObject","inLanguage":"es","@id":"https:\/\/tourtravelandmore.com\/es\/#\/schema\/logo\/image\/","url":"https:\/\/tourtravelandmore.com\/wp-content\/uploads\/2022\/12\/cropped-logo-cabecera-new.png","contentUrl":"https:\/\/tourtravelandmore.com\/wp-content\/uploads\/2022\/12\/cropped-logo-cabecera-new.png","width":430,"height":61,"caption":"Tour Travel And More"},"image":{"@id":"https:\/\/tourtravelandmore.com\/es\/#\/schema\/logo\/image\/"},"sameAs":["https:\/\/www.facebook.com\/tourtravelandmore\/","https:\/\/x.com\/TourTravel_More"]}]}},"_links":{"self":[{"href":"https:\/\/tourtravelandmore.com\/es\/wp-json\/wp\/v2\/product\/171738","targetHints":{"allow":["GET"]}}],"collection":[{"href":"https:\/\/tourtravelandmore.com\/es\/wp-json\/wp\/v2\/product"}],"about":[{"href":"https:\/\/tourtravelandmore.com\/es\/wp-json\/wp\/v2\/types\/product"}],"replies":[{"embeddable":true,"href":"https:\/\/tourtravelandmore.com\/es\/wp-json\/wp\/v2\/comments?post=171738"}],"wp:featuredmedia":[{"embeddable":true,"href":"https:\/\/tourtravelandmore.com\/es\/wp-json\/wp\/v2\/media\/171760"}],"wp:attachment":[{"href":"https:\/\/tourtravelandmore.com\/es\/wp-json\/wp\/v2\/media?parent=171738"}],"wp:term":[{"taxonomy":"product_brand","embeddable":true,"href":"https:\/\/tourtravelandmore.com\/es\/wp-json\/wp\/v2\/product_brand?post=171738"},{"taxonomy":"product_cat","embeddable":true,"href":"https:\/\/tourtravelandmore.com\/es\/wp-json\/wp\/v2\/product_cat?post=171738"},{"taxonomy":"product_tag","embeddable":true,"href":"https:\/\/tourtravelandmore.com\/es\/wp-json\/wp\/v2\/product_tag?post=171738"}],"curies":[{"name":"wp","href":"https:\/\/api.w.org\/{rel}","templated":true}]}}