{"id":171536,"date":"2023-12-19T14:43:16","date_gmt":"2023-12-19T13:43:17","guid":{"rendered":"https:\/\/tourtravelandmore.com\/?post_type=product&#038;p=171536"},"modified":"2024-03-01T14:58:01","modified_gmt":"2024-03-01T13:58:01","slug":"tour-privado-a-montepulciano-y-pienza","status":"publish","type":"product","link":"https:\/\/tourtravelandmore.com\/es\/tours\/italia-es\/florencia-es\/tour-privado-a-montepulciano-y-pienza\/","title":{"rendered":"Tour privado a Montepulciano y Pienza"},"content":{"rendered":"<h2>Descripci\u00f3n del Tour Privado a Montepulciano y Pienza<\/h2>\n<p>Emb\u00e1rquese en un exclusivo viaje de 8 horas por los encantadores paisajes de la Toscana con nuestro Tour Privado a Montepulciano y Pienza. Su experiencia personalizada comienza con un c\u00f3modo veh\u00edculo y un ch\u00f3fer-gu\u00eda experto en ingl\u00e9s o espa\u00f1ol. Este tour promete una mezcla de descubrimiento cultural, delicias culinarias y el impresionante paisaje que define el coraz\u00f3n de Italia.<\/p>\n<p>Mientras recorre los encantadores pueblos de Montepulciano y Pienza, quedar\u00e1 cautivado por la c\u00e1lida hospitalidad de los lugare\u00f1os y el encanto intemporal de estos lugares hist\u00f3ricos. La atenci\u00f3n personalizada de su ch\u00f3fer-gu\u00eda le garantiza un viaje sin contratiempos, permiti\u00e9ndole absorber plenamente la belleza y la cultura de la Toscana sin el estr\u00e9s de navegar por carreteras desconocidas. Tanto si es un entusiasta de la historia como un simple viajero en busca de las mejores cosas de la vida, este exclusivo recorrido de 8 horas promete una experiencia envolvente que muestra la esencia misma de la Toscana. As\u00ed pues, si\u00e9ntese, rel\u00e1jese y deje que la belleza de Montepulciano y Pienza se despliegue ante usted, creando recuerdos que perdurar\u00e1n en su coraz\u00f3n mucho despu\u00e9s de que concluya el viaje.<\/p>\n<p>Si es un gran admirador del arte, eche un vistazo a nuestro <a href=\"https:\/\/tourtravelandmore.com\/tours\/italy\/florence-en\/private-2-hour-walking-tour-of-accademia-gallery\/\">recorrido privado a pie de 2 horas por la Galer\u00eda de la Academia (entradas incluidas en el precio).<\/a><\/p>\n<h2>Puntos de inter\u00e9s<\/h2>\n<p>Su aventura comienza en <strong>Montepulciano,<\/strong> una pintoresca ciudad situada en lo alto de una colina, famosa por su encanto medieval y sus exquisitos vinos. Mientras pasea por sus calles empedradas, su gu\u00eda le desvelar\u00e1 la rica historia de esta regi\u00f3n, desde su arquitectura renacentista hasta su pr\u00f3spera cultura vin\u00edcola. Disfrute de las vistas panor\u00e1micas del Valle de Orcia.<\/p>\n<p>Descubra la encantadora belleza de <strong>Montepulciano,<\/strong> famosa por su impresionante arquitectura renacentista, sus encantadoras calles y su vino de primera clase. Explore el <strong>centro hist\u00f3rico,<\/strong> visite el <strong>Palazzo Comunale <\/strong>desde fuera y vea la famosa <strong>Torre di Pulcinella.<\/strong><\/p>\n<p>Mientras viaja entre <strong>Montepulciano<\/strong> y <strong>Pienza,<\/strong> deje que la cautivadora <strong>campi\u00f1a toscana<\/strong> se despliegue ante sus ojos. Marav\u00edllese ante las ondulantes colinas adornadas con vi\u00f1edos y olivares, que crean un paisaje de postal.<\/p>\n<p>A lo largo del recorrido, su ch\u00f3fer-gu\u00eda le descubrir\u00e1 joyas ocultas y atracciones menos conocidas, a\u00f1adiendo un toque personal a su exploraci\u00f3n.<\/p>\n<p>A continuaci\u00f3n, sum\u00e9rjase en la pintoresca ciudad de <strong>Pienza,<\/strong> declarada <strong>Patrimonio<\/strong> de la <strong>Humanidad<\/strong> por la <strong>UNESCO<\/strong> y famosa por su notable arquitectura renacentista y su delicioso queso Pecorino. Pasee por sus <strong>encantadoras calles,<\/strong> visite la <strong>Piazza<\/strong>\u00a0<strong>Pio II<\/strong> y del\u00e9itese con las delicias culinarias locales en pintorescos caf\u00e9s y tiendas.<\/p>\n<p>Esta exclusiva <strong>Excursi\u00f3n Privada de 8 horas a Montepulciano y Pienza<\/strong> promete una inolvidable mezcla de historia, cultura y gastronom\u00eda, todo ello con la impresionante campi\u00f1a toscana como tel\u00f3n de fondo. Sum\u00e9rjase en la belleza de la <strong>Toscana<\/strong> con la comodidad y el lujo de un ch\u00f3fer-gu\u00eda privado, garantiz\u00e1ndole una experiencia que va m\u00e1s all\u00e1 de lo ordinario.<\/p>\n<p>Por otro lado, si desea descubrir m\u00e1s de Florencia y toda la historia que la abraza, le recomendamos que visite nuestros tours privados por este bello destino.<\/p>\n","protected":false},"excerpt":{"rendered":"<p>Emb\u00e1rquese en un exclusivo viaje de 8 horas por los encantadores paisajes de la Toscana con nuestro Tour Privado a Montepulciano y Pienza. Su experiencia personalizada comienza con un c\u00f3modo veh\u00edculo y un ch\u00f3fer-gu\u00eda experto que domina el ingl\u00e9s y el espa\u00f1ol. Este tour promete una mezcla de descubrimiento cultural, delicias culinarias y el impresionante paisaje que define el coraz\u00f3n de Italia.<\/p>\n","protected":false},"featured_media":171552,"comment_status":"open","ping_status":"closed","template":"","meta":{"_acf_changed":false},"product_brand":[],"product_cat":[412,413,416],"product_tag":[],"class_list":{"0":"post-171536","1":"product","2":"type-product","3":"status-publish","4":"has-post-thumbnail","6":"product_cat-florencia-es","7":"product_cat-florencia-actividades-es","8":"product_cat-florencia-tours-privados-pie-es","10":"first","11":"instock","12":"shipping-taxable","13":"purchasable","14":"product-type-simple"},"acf":[],"yoast_head":"<!-- This site is optimized with the Yoast SEO Premium plugin v25.3.1 (Yoast SEO v25.3.1) - https:\/\/yoast.com\/wordpress\/plugins\/seo\/ -->\n<title>\u27a1\ufe0f Tour privado a Montepulciano y Pienza | Tour Travel &amp; More<\/title>\n<meta name=\"description\" content=\"Reserve ya este Tour privado a Montepulciano y Pienza, no deje escapar esta oportunidad, ser\u00e1 una experiencia privada y lujosa que jam\u00e1s olvidara! \u2705\" \/>\n<meta name=\"robots\" content=\"index, follow, max-snippet:-1, max-image-preview:large, max-video-preview:-1\" \/>\n<link rel=\"canonical\" href=\"https:\/\/tourtravelandmore.com\/es\/tours\/italia-es\/florencia-es\/tour-privado-a-montepulciano-y-pienza\/\" \/>\n<meta property=\"og:locale\" content=\"es_ES\" \/>\n<meta property=\"og:type\" content=\"article\" \/>\n<meta property=\"og:title\" content=\"Tour privado a Montepulciano y Pienza\" \/>\n<meta property=\"og:description\" content=\"Reserve ya este Tour privado a Montepulciano y Pienza, no deje escapar esta oportunidad, ser\u00e1 una experiencia privada y lujosa que jam\u00e1s olvidara! \u2705\" \/>\n<meta property=\"og:url\" content=\"https:\/\/tourtravelandmore.com\/es\/tours\/italia-es\/florencia-es\/tour-privado-a-montepulciano-y-pienza\/\" \/>\n<meta property=\"og:site_name\" content=\"Tour Travel And More\" \/>\n<meta property=\"article:publisher\" content=\"https:\/\/www.facebook.com\/tourtravelandmore\/\" \/>\n<meta property=\"article:modified_time\" content=\"2024-03-01T13:58:01+00:00\" \/>\n<meta property=\"og:image\" content=\"https:\/\/tourtravelandmore.com\/wp-content\/uploads\/2023\/12\/pexels-photo-14373361.jpg\" \/>\n\t<meta property=\"og:image:width\" content=\"1000\" \/>\n\t<meta property=\"og:image:height\" content=\"750\" \/>\n\t<meta property=\"og:image:type\" content=\"image\/jpeg\" \/>\n<meta name=\"twitter:card\" content=\"summary_large_image\" \/>\n<meta name=\"twitter:site\" content=\"@TourTravel_More\" \/>\n<meta name=\"twitter:label1\" content=\"Tiempo de lectura\" \/>\n\t<meta name=\"twitter:data1\" content=\"3 minutos\" \/>\n<script type=\"application\/ld+json\" class=\"yoast-schema-graph\">{\"@context\":\"https:\/\/schema.org\",\"@graph\":[{\"@type\":\"WebPage\",\"@id\":\"https:\/\/tourtravelandmore.com\/es\/tours\/italia-es\/florencia-es\/tour-privado-a-montepulciano-y-pienza\/\",\"url\":\"https:\/\/tourtravelandmore.com\/es\/tours\/italia-es\/florencia-es\/tour-privado-a-montepulciano-y-pienza\/\",\"name\":\"\u27a1\ufe0f Tour privado a Montepulciano y Pienza | Tour Travel & More\",\"isPartOf\":{\"@id\":\"https:\/\/tourtravelandmore.com\/es\/#website\"},\"primaryImageOfPage\":{\"@id\":\"https:\/\/tourtravelandmore.com\/es\/tours\/italia-es\/florencia-es\/tour-privado-a-montepulciano-y-pienza\/#primaryimage\"},\"image\":{\"@id\":\"https:\/\/tourtravelandmore.com\/es\/tours\/italia-es\/florencia-es\/tour-privado-a-montepulciano-y-pienza\/#primaryimage\"},\"thumbnailUrl\":\"https:\/\/tourtravelandmore.com\/wp-content\/uploads\/2023\/12\/pexels-photo-14373361.jpg\",\"datePublished\":\"2023-12-19T13:43:17+00:00\",\"dateModified\":\"2024-03-01T13:58:01+00:00\",\"description\":\"Reserve ya este Tour privado a Montepulciano y Pienza, no deje escapar esta oportunidad, ser\u00e1 una experiencia privada y lujosa que jam\u00e1s olvidara! \u2705\",\"breadcrumb\":{\"@id\":\"https:\/\/tourtravelandmore.com\/es\/tours\/italia-es\/florencia-es\/tour-privado-a-montepulciano-y-pienza\/#breadcrumb\"},\"inLanguage\":\"es\",\"potentialAction\":[{\"@type\":\"ReadAction\",\"target\":[\"https:\/\/tourtravelandmore.com\/es\/tours\/italia-es\/florencia-es\/tour-privado-a-montepulciano-y-pienza\/\"]}]},{\"@type\":\"ImageObject\",\"inLanguage\":\"es\",\"@id\":\"https:\/\/tourtravelandmore.com\/es\/tours\/italia-es\/florencia-es\/tour-privado-a-montepulciano-y-pienza\/#primaryimage\",\"url\":\"https:\/\/tourtravelandmore.com\/wp-content\/uploads\/2023\/12\/pexels-photo-14373361.jpg\",\"contentUrl\":\"https:\/\/tourtravelandmore.com\/wp-content\/uploads\/2023\/12\/pexels-photo-14373361.jpg\",\"width\":1000,\"height\":750},{\"@type\":\"BreadcrumbList\",\"@id\":\"https:\/\/tourtravelandmore.com\/es\/tours\/italia-es\/florencia-es\/tour-privado-a-montepulciano-y-pienza\/#breadcrumb\",\"itemListElement\":[{\"@type\":\"ListItem\",\"position\":1,\"name\":\"Home\",\"item\":\"https:\/\/tourtravelandmore.com\/es\/\"},{\"@type\":\"ListItem\",\"position\":2,\"name\":\"Tours\",\"item\":\"https:\/\/tourtravelandmore.com\/es\/tours\/\"},{\"@type\":\"ListItem\",\"position\":3,\"name\":\"Tour privado a Montepulciano y Pienza\"}]},{\"@type\":\"WebSite\",\"@id\":\"https:\/\/tourtravelandmore.com\/es\/#website\",\"url\":\"https:\/\/tourtravelandmore.com\/es\/\",\"name\":\"Tour Travel And More\",\"description\":\"Private sightseeing tours and luxury transfers in Spain\",\"publisher\":{\"@id\":\"https:\/\/tourtravelandmore.com\/es\/#organization\"},\"potentialAction\":[{\"@type\":\"SearchAction\",\"target\":{\"@type\":\"EntryPoint\",\"urlTemplate\":\"https:\/\/tourtravelandmore.com\/es\/?s={search_term_string}\"},\"query-input\":{\"@type\":\"PropertyValueSpecification\",\"valueRequired\":true,\"valueName\":\"search_term_string\"}}],\"inLanguage\":\"es\"},{\"@type\":\"Organization\",\"@id\":\"https:\/\/tourtravelandmore.com\/es\/#organization\",\"name\":\"Tour Travel And More\",\"url\":\"https:\/\/tourtravelandmore.com\/es\/\",\"logo\":{\"@type\":\"ImageObject\",\"inLanguage\":\"es\",\"@id\":\"https:\/\/tourtravelandmore.com\/es\/#\/schema\/logo\/image\/\",\"url\":\"https:\/\/tourtravelandmore.com\/wp-content\/uploads\/2022\/12\/cropped-logo-cabecera-new.png\",\"contentUrl\":\"https:\/\/tourtravelandmore.com\/wp-content\/uploads\/2022\/12\/cropped-logo-cabecera-new.png\",\"width\":430,\"height\":61,\"caption\":\"Tour Travel And More\"},\"image\":{\"@id\":\"https:\/\/tourtravelandmore.com\/es\/#\/schema\/logo\/image\/\"},\"sameAs\":[\"https:\/\/www.facebook.com\/tourtravelandmore\/\",\"https:\/\/x.com\/TourTravel_More\"]}]}<\/script>\n<!-- \/ Yoast SEO Premium plugin. -->","yoast_head_json":{"title":"\u27a1\ufe0f Tour privado a Montepulciano y Pienza | Tour Travel & More","description":"Reserve ya este Tour privado a Montepulciano y Pienza, no deje escapar esta oportunidad, ser\u00e1 una experiencia privada y lujosa que jam\u00e1s olvidara! \u2705","robots":{"index":"index","follow":"follow","max-snippet":"max-snippet:-1","max-image-preview":"max-image-preview:large","max-video-preview":"max-video-preview:-1"},"canonical":"https:\/\/tourtravelandmore.com\/es\/tours\/italia-es\/florencia-es\/tour-privado-a-montepulciano-y-pienza\/","og_locale":"es_ES","og_type":"article","og_title":"Tour privado a Montepulciano y Pienza","og_description":"Reserve ya este Tour privado a Montepulciano y Pienza, no deje escapar esta oportunidad, ser\u00e1 una experiencia privada y lujosa que jam\u00e1s olvidara! \u2705","og_url":"https:\/\/tourtravelandmore.com\/es\/tours\/italia-es\/florencia-es\/tour-privado-a-montepulciano-y-pienza\/","og_site_name":"Tour Travel And More","article_publisher":"https:\/\/www.facebook.com\/tourtravelandmore\/","article_modified_time":"2024-03-01T13:58:01+00:00","og_image":[{"width":1000,"height":750,"url":"https:\/\/tourtravelandmore.com\/wp-content\/uploads\/2023\/12\/pexels-photo-14373361.jpg","type":"image\/jpeg"}],"twitter_card":"summary_large_image","twitter_site":"@TourTravel_More","twitter_misc":{"Tiempo de lectura":"3 minutos"},"schema":{"@context":"https:\/\/schema.org","@graph":[{"@type":"WebPage","@id":"https:\/\/tourtravelandmore.com\/es\/tours\/italia-es\/florencia-es\/tour-privado-a-montepulciano-y-pienza\/","url":"https:\/\/tourtravelandmore.com\/es\/tours\/italia-es\/florencia-es\/tour-privado-a-montepulciano-y-pienza\/","name":"\u27a1\ufe0f Tour privado a Montepulciano y Pienza | Tour Travel & More","isPartOf":{"@id":"https:\/\/tourtravelandmore.com\/es\/#website"},"primaryImageOfPage":{"@id":"https:\/\/tourtravelandmore.com\/es\/tours\/italia-es\/florencia-es\/tour-privado-a-montepulciano-y-pienza\/#primaryimage"},"image":{"@id":"https:\/\/tourtravelandmore.com\/es\/tours\/italia-es\/florencia-es\/tour-privado-a-montepulciano-y-pienza\/#primaryimage"},"thumbnailUrl":"https:\/\/tourtravelandmore.com\/wp-content\/uploads\/2023\/12\/pexels-photo-14373361.jpg","datePublished":"2023-12-19T13:43:17+00:00","dateModified":"2024-03-01T13:58:01+00:00","description":"Reserve ya este Tour privado a Montepulciano y Pienza, no deje escapar esta oportunidad, ser\u00e1 una experiencia privada y lujosa que jam\u00e1s olvidara! \u2705","breadcrumb":{"@id":"https:\/\/tourtravelandmore.com\/es\/tours\/italia-es\/florencia-es\/tour-privado-a-montepulciano-y-pienza\/#breadcrumb"},"inLanguage":"es","potentialAction":[{"@type":"ReadAction","target":["https:\/\/tourtravelandmore.com\/es\/tours\/italia-es\/florencia-es\/tour-privado-a-montepulciano-y-pienza\/"]}]},{"@type":"ImageObject","inLanguage":"es","@id":"https:\/\/tourtravelandmore.com\/es\/tours\/italia-es\/florencia-es\/tour-privado-a-montepulciano-y-pienza\/#primaryimage","url":"https:\/\/tourtravelandmore.com\/wp-content\/uploads\/2023\/12\/pexels-photo-14373361.jpg","contentUrl":"https:\/\/tourtravelandmore.com\/wp-content\/uploads\/2023\/12\/pexels-photo-14373361.jpg","width":1000,"height":750},{"@type":"BreadcrumbList","@id":"https:\/\/tourtravelandmore.com\/es\/tours\/italia-es\/florencia-es\/tour-privado-a-montepulciano-y-pienza\/#breadcrumb","itemListElement":[{"@type":"ListItem","position":1,"name":"Home","item":"https:\/\/tourtravelandmore.com\/es\/"},{"@type":"ListItem","position":2,"name":"Tours","item":"https:\/\/tourtravelandmore.com\/es\/tours\/"},{"@type":"ListItem","position":3,"name":"Tour privado a Montepulciano y Pienza"}]},{"@type":"WebSite","@id":"https:\/\/tourtravelandmore.com\/es\/#website","url":"https:\/\/tourtravelandmore.com\/es\/","name":"Tour Travel And More","description":"Private sightseeing tours and luxury transfers in Spain","publisher":{"@id":"https:\/\/tourtravelandmore.com\/es\/#organization"},"potentialAction":[{"@type":"SearchAction","target":{"@type":"EntryPoint","urlTemplate":"https:\/\/tourtravelandmore.com\/es\/?s={search_term_string}"},"query-input":{"@type":"PropertyValueSpecification","valueRequired":true,"valueName":"search_term_string"}}],"inLanguage":"es"},{"@type":"Organization","@id":"https:\/\/tourtravelandmore.com\/es\/#organization","name":"Tour Travel And More","url":"https:\/\/tourtravelandmore.com\/es\/","logo":{"@type":"ImageObject","inLanguage":"es","@id":"https:\/\/tourtravelandmore.com\/es\/#\/schema\/logo\/image\/","url":"https:\/\/tourtravelandmore.com\/wp-content\/uploads\/2022\/12\/cropped-logo-cabecera-new.png","contentUrl":"https:\/\/tourtravelandmore.com\/wp-content\/uploads\/2022\/12\/cropped-logo-cabecera-new.png","width":430,"height":61,"caption":"Tour Travel And More"},"image":{"@id":"https:\/\/tourtravelandmore.com\/es\/#\/schema\/logo\/image\/"},"sameAs":["https:\/\/www.facebook.com\/tourtravelandmore\/","https:\/\/x.com\/TourTravel_More"]}]}},"_links":{"self":[{"href":"https:\/\/tourtravelandmore.com\/es\/wp-json\/wp\/v2\/product\/171536","targetHints":{"allow":["GET"]}}],"collection":[{"href":"https:\/\/tourtravelandmore.com\/es\/wp-json\/wp\/v2\/product"}],"about":[{"href":"https:\/\/tourtravelandmore.com\/es\/wp-json\/wp\/v2\/types\/product"}],"replies":[{"embeddable":true,"href":"https:\/\/tourtravelandmore.com\/es\/wp-json\/wp\/v2\/comments?post=171536"}],"wp:featuredmedia":[{"embeddable":true,"href":"https:\/\/tourtravelandmore.com\/es\/wp-json\/wp\/v2\/media\/171552"}],"wp:attachment":[{"href":"https:\/\/tourtravelandmore.com\/es\/wp-json\/wp\/v2\/media?parent=171536"}],"wp:term":[{"taxonomy":"product_brand","embeddable":true,"href":"https:\/\/tourtravelandmore.com\/es\/wp-json\/wp\/v2\/product_brand?post=171536"},{"taxonomy":"product_cat","embeddable":true,"href":"https:\/\/tourtravelandmore.com\/es\/wp-json\/wp\/v2\/product_cat?post=171536"},{"taxonomy":"product_tag","embeddable":true,"href":"https:\/\/tourtravelandmore.com\/es\/wp-json\/wp\/v2\/product_tag?post=171536"}],"curies":[{"name":"wp","href":"https:\/\/api.w.org\/{rel}","templated":true}]}}