{"id":171403,"date":"2023-12-04T11:17:34","date_gmt":"2023-12-04T10:17:34","guid":{"rendered":"https:\/\/tourtravelandmore.com\/?post_type=product&#038;p=171403"},"modified":"2023-12-04T11:32:38","modified_gmt":"2023-12-04T10:32:38","slug":"tour-privado-de-fatima-y-coimbra","status":"publish","type":"product","link":"https:\/\/tourtravelandmore.com\/es\/tours\/portugal-es\/oporto-es\/tour-privado-de-fatima-y-coimbra\/","title":{"rendered":"Tour privado de F\u00e1tima y Coimbra"},"content":{"rendered":"<h2><b>Tour privado de F\u00e1tima y Coimbra Descripci\u00f3n<\/b><\/h2>\n<p><span style=\"font-weight: 400;\">Emb\u00e1rquese en un enriquecedor viaje de 8 horas con nuestro Tour privado de F\u00e1tima y Coimbra, elaborado por Tour Travel and More. Este tour combina el encanto espiritual de F\u00e1tima con la grandeza acad\u00e9mica de Coimbra, proporcionando una exploraci\u00f3n completa de dos de los destinos m\u00e1s emblem\u00e1ticos de Portugal.<\/span><\/p>\n<p><span style=\"font-weight: 400;\">Su experiencia comienza en la comodidad de un coche de lujo, acompa\u00f1ado por un gu\u00eda experto, asegurando un viaje sin problemas. El recorrido est\u00e1 meticulosamente dise\u00f1ado para abarcar la esencia tanto de F\u00e1tima como de Coimbra. En F\u00e1tima, se adentrar\u00e1 en la profunda espiritualidad e historia de uno de los lugares de peregrinaci\u00f3n m\u00e1s venerados del mundo. El Santuario de F\u00e1tima y sus alrededores ofrecen una atm\u00f3sfera pac\u00edfica pero poderosa, que resuena profundamente entre los visitantes de todo el mundo.<\/span><\/p>\n<p><span style=\"font-weight: 400;\">A continuaci\u00f3n, el viaje le llevar\u00e1 a Coimbra, ciudad famosa por su hist\u00f3rica universidad, una de las m\u00e1s antiguas de Europa. Aqu\u00ed, su gu\u00eda le llevar\u00e1 en un cautivador recorrido de 3 horas, que incluye la entrada a la prestigiosa Universidad de Coimbra, donde podr\u00e1 maravillarse con su impresionante arquitectura y su importancia hist\u00f3rica. Esta parte del recorrido no s\u00f3lo destaca el legado acad\u00e9mico, sino que tambi\u00e9n le sumerge en el rico tapiz cultural de Coimbra.<\/span><\/p>\n<p><span style=\"font-weight: 400;\">A lo largo del recorrido, conocer\u00e1 la historia, la cultura y las tradiciones de Portugal. Cada destino revela aspectos \u00fanicos de la vida portuguesa, desde la profunda devoci\u00f3n religiosa de F\u00e1tima hasta las inquietudes intelectuales de Coimbra. Este viaje promete una mezcla de experiencias educativas, espirituales y visuales, lo que lo convierte en la elecci\u00f3n perfecta para aquellos que buscan una comprensi\u00f3n m\u00e1s profunda del patrimonio de Portugal.<\/span><\/p>\n<h2><b>Lo m\u00e1s destacado del Tour Privado de F\u00e1tima y Coimbra<\/b><\/h2>\n<h3><b>F\u00e1tima:<\/b><\/h3>\n<ul>\n<li style=\"font-weight: 400;\" aria-level=\"1\"><b>Casas de los Videntes:<\/b><span style=\"font-weight: 400;\"> Conozca mejor la vida de los ni\u00f1os pastores que fueron testigos de las apariciones visitando sus casas en el pueblo cercano. Estas casas conservadas ofrecen una visi\u00f3n \u00fanica de los humildes comienzos de la historia de F\u00e1tima.<\/span><\/li>\n<li style=\"font-weight: 400;\" aria-level=\"1\"><b>V\u00eda Sacra y Calvario h\u00fangaro:<\/b><span style=\"font-weight: 400;\"> Recorra el camino sagrado de la V\u00eda Sacra, que conduce al Calvario H\u00fangaro, formado por capillas que representan escenas de la vida de Cristo. Este sereno paseo ofrece un momento de reflexi\u00f3n y forma parte integral de la experiencia de peregrinaci\u00f3n a F\u00e1tima.<\/span><\/li>\n<li style=\"font-weight: 400;\" aria-level=\"1\"><b>Museo de Arte Sacro y Etnolog\u00eda:<\/b><span style=\"font-weight: 400;\"> Explore este museo que alberga una rica colecci\u00f3n de arte religioso y artefactos relacionados con la historia de F\u00e1tima y las apariciones marianas, ofreciendo una perspectiva en profundidad del patrimonio religioso portugu\u00e9s.<\/span><\/li>\n<\/ul>\n<h3><b>Coimbra:<\/b><\/h3>\n<ul>\n<li style=\"font-weight: 400;\" aria-level=\"1\"><b>Arco y Torre Almedina:<\/b><span style=\"font-weight: 400;\"> Descubra la antigua puerta \u00e1rabe de Coimbra, que ofrece una visi\u00f3n de las fortificaciones medievales de la ciudad. La Torre ofrece una vista panor\u00e1mica de la ciudad y una visi\u00f3n de su importancia hist\u00f3rica.<\/span><\/li>\n<li style=\"font-weight: 400;\" aria-level=\"1\"><b>Monasterio de Santa Clara-a-Velha: <\/b><span style=\"font-weight: 400;\">Visite las inquietantes ruinas de este monasterio del siglo XIV, testimonio de la herencia mon\u00e1stica de Coimbra y de las inundaciones que provocaron su abandono.<\/span><\/li>\n<li style=\"font-weight: 400;\" aria-level=\"1\"><b>Centro hist\u00f3rico de Coimbra:<\/b><span style=\"font-weight: 400;\"> Pasee por las pintorescas calles del centro hist\u00f3rico de Coimbra, donde la historia se mezcla con la vibrante vida estudiantil. Descubra joyas ocultas, tiendas tradicionales y caf\u00e9s en esta animada parte de la ciudad.<\/span><\/li>\n<\/ul>\n<p><span style=\"font-weight: 400;\">Descubra lo mejor de Portugal con Tour Travel and More. Nuestra gama de tours privados en Oporto y m\u00e1s all\u00e1 ofrece experiencias de inmersi\u00f3n en algunos de los destinos m\u00e1s cautivadores de Portugal. Tanto si le interesan los lugares hist\u00f3ricos, los hitos culturales o la belleza paisaj\u00edstica, nuestros tours est\u00e1n dise\u00f1ados para ofrecerle un viaje inolvidable. Visite nuestro sitio web<\/span><a href=\"https:\/\/tourtravelandmore.com\/es\/ciudad\/portugal-es\/oporto-es\/\"><span style=\"font-weight: 400;\"> Tour Travel and More para explorar nuestra amplia lista de viajes y empezar a planear su pr\u00f3xima aventura hoy mismo.<\/span><\/a><\/p>\n","protected":false},"excerpt":{"rendered":"<p><span style=\"font-weight: 400;\">Acomp\u00e1\u00f1enos en una excursi\u00f3n privada de 8 horas desde Oporto, explorando el santuario espiritual de F\u00e1tima y la hist\u00f3rica Universidad de Coimbra. Descubra el patrimonio religioso y acad\u00e9mico de Portugal con transporte de lujo, un gu\u00eda experto y acceso exclusivo a la Universidad de Coimbra.<\/span><\/p>\n","protected":false},"featured_media":171428,"comment_status":"open","ping_status":"closed","template":"","meta":{"_acf_changed":false},"product_brand":[],"product_cat":[624,633,634],"product_tag":[],"class_list":{"0":"post-171403","1":"product","2":"type-product","3":"status-publish","4":"has-post-thumbnail","6":"product_cat-oporto-es","7":"product_cat-oporto-actividades-es","8":"product_cat-oporto-excursiones-es","10":"first","11":"instock","12":"shipping-taxable","13":"purchasable","14":"product-type-simple"},"acf":[],"yoast_head":"<!-- This site is optimized with the Yoast SEO Premium plugin v25.3.1 (Yoast SEO v25.3.1) - https:\/\/yoast.com\/wordpress\/plugins\/seo\/ -->\n<title>\u27a1\ufe0f Tour privado de F\u00e1tima y Coimbra: Descubra el patrimonio de Portugal | Tour Travel and More \u2705<\/title>\n<meta name=\"description\" content=\"Explore el santuario espiritual de F\u00e1tima y la hist\u00f3rica universidad de Coimbra en nuestra excursi\u00f3n privada de 8 horas desde Oporto. Transporte de lujo y gu\u00eda experto incluidos. \u2705\" \/>\n<meta name=\"robots\" content=\"index, follow, max-snippet:-1, max-image-preview:large, max-video-preview:-1\" \/>\n<link rel=\"canonical\" href=\"https:\/\/tourtravelandmore.com\/es\/tours\/portugal-es\/oporto-es\/tour-privado-de-fatima-y-coimbra\/\" \/>\n<meta property=\"og:locale\" content=\"es_ES\" \/>\n<meta property=\"og:type\" content=\"article\" \/>\n<meta property=\"og:title\" content=\"Tour privado de F\u00e1tima y Coimbra\" \/>\n<meta property=\"og:description\" content=\"Explore el santuario espiritual de F\u00e1tima y la hist\u00f3rica universidad de Coimbra en nuestra excursi\u00f3n privada de 8 horas desde Oporto. Transporte de lujo y gu\u00eda experto incluidos. \u2705\" \/>\n<meta property=\"og:url\" content=\"https:\/\/tourtravelandmore.com\/es\/tours\/portugal-es\/oporto-es\/tour-privado-de-fatima-y-coimbra\/\" \/>\n<meta property=\"og:site_name\" content=\"Tour Travel And More\" \/>\n<meta property=\"article:publisher\" content=\"https:\/\/www.facebook.com\/tourtravelandmore\/\" \/>\n<meta property=\"article:modified_time\" content=\"2023-12-04T10:32:38+00:00\" \/>\n<meta property=\"og:image\" content=\"https:\/\/tourtravelandmore.com\/wp-content\/uploads\/2023\/12\/image4-5.jpg\" \/>\n\t<meta property=\"og:image:width\" content=\"950\" \/>\n\t<meta property=\"og:image:height\" content=\"750\" \/>\n\t<meta property=\"og:image:type\" content=\"image\/jpeg\" \/>\n<meta name=\"twitter:card\" content=\"summary_large_image\" \/>\n<meta name=\"twitter:site\" content=\"@TourTravel_More\" \/>\n<meta name=\"twitter:label1\" content=\"Tiempo de lectura\" \/>\n\t<meta name=\"twitter:data1\" content=\"3 minutos\" \/>\n<script type=\"application\/ld+json\" class=\"yoast-schema-graph\">{\"@context\":\"https:\/\/schema.org\",\"@graph\":[{\"@type\":\"WebPage\",\"@id\":\"https:\/\/tourtravelandmore.com\/es\/tours\/portugal-es\/oporto-es\/tour-privado-de-fatima-y-coimbra\/\",\"url\":\"https:\/\/tourtravelandmore.com\/es\/tours\/portugal-es\/oporto-es\/tour-privado-de-fatima-y-coimbra\/\",\"name\":\"\u27a1\ufe0f Tour privado de F\u00e1tima y Coimbra: Descubra el patrimonio de Portugal | Tour Travel and More \u2705\",\"isPartOf\":{\"@id\":\"https:\/\/tourtravelandmore.com\/es\/#website\"},\"primaryImageOfPage\":{\"@id\":\"https:\/\/tourtravelandmore.com\/es\/tours\/portugal-es\/oporto-es\/tour-privado-de-fatima-y-coimbra\/#primaryimage\"},\"image\":{\"@id\":\"https:\/\/tourtravelandmore.com\/es\/tours\/portugal-es\/oporto-es\/tour-privado-de-fatima-y-coimbra\/#primaryimage\"},\"thumbnailUrl\":\"https:\/\/tourtravelandmore.com\/wp-content\/uploads\/2023\/12\/image4-5.jpg\",\"datePublished\":\"2023-12-04T10:17:34+00:00\",\"dateModified\":\"2023-12-04T10:32:38+00:00\",\"description\":\"Explore el santuario espiritual de F\u00e1tima y la hist\u00f3rica universidad de Coimbra en nuestra excursi\u00f3n privada de 8 horas desde Oporto. Transporte de lujo y gu\u00eda experto incluidos. \u2705\",\"breadcrumb\":{\"@id\":\"https:\/\/tourtravelandmore.com\/es\/tours\/portugal-es\/oporto-es\/tour-privado-de-fatima-y-coimbra\/#breadcrumb\"},\"inLanguage\":\"es\",\"potentialAction\":[{\"@type\":\"ReadAction\",\"target\":[\"https:\/\/tourtravelandmore.com\/es\/tours\/portugal-es\/oporto-es\/tour-privado-de-fatima-y-coimbra\/\"]}]},{\"@type\":\"ImageObject\",\"inLanguage\":\"es\",\"@id\":\"https:\/\/tourtravelandmore.com\/es\/tours\/portugal-es\/oporto-es\/tour-privado-de-fatima-y-coimbra\/#primaryimage\",\"url\":\"https:\/\/tourtravelandmore.com\/wp-content\/uploads\/2023\/12\/image4-5.jpg\",\"contentUrl\":\"https:\/\/tourtravelandmore.com\/wp-content\/uploads\/2023\/12\/image4-5.jpg\",\"width\":950,\"height\":750},{\"@type\":\"BreadcrumbList\",\"@id\":\"https:\/\/tourtravelandmore.com\/es\/tours\/portugal-es\/oporto-es\/tour-privado-de-fatima-y-coimbra\/#breadcrumb\",\"itemListElement\":[{\"@type\":\"ListItem\",\"position\":1,\"name\":\"Home\",\"item\":\"https:\/\/tourtravelandmore.com\/es\/\"},{\"@type\":\"ListItem\",\"position\":2,\"name\":\"Tours\",\"item\":\"https:\/\/tourtravelandmore.com\/es\/tours\/\"},{\"@type\":\"ListItem\",\"position\":3,\"name\":\"Tour privado de F\u00e1tima y Coimbra\"}]},{\"@type\":\"WebSite\",\"@id\":\"https:\/\/tourtravelandmore.com\/es\/#website\",\"url\":\"https:\/\/tourtravelandmore.com\/es\/\",\"name\":\"Tour Travel And More\",\"description\":\"Private sightseeing tours and luxury transfers in Spain\",\"publisher\":{\"@id\":\"https:\/\/tourtravelandmore.com\/es\/#organization\"},\"potentialAction\":[{\"@type\":\"SearchAction\",\"target\":{\"@type\":\"EntryPoint\",\"urlTemplate\":\"https:\/\/tourtravelandmore.com\/es\/?s={search_term_string}\"},\"query-input\":{\"@type\":\"PropertyValueSpecification\",\"valueRequired\":true,\"valueName\":\"search_term_string\"}}],\"inLanguage\":\"es\"},{\"@type\":\"Organization\",\"@id\":\"https:\/\/tourtravelandmore.com\/es\/#organization\",\"name\":\"Tour Travel And More\",\"url\":\"https:\/\/tourtravelandmore.com\/es\/\",\"logo\":{\"@type\":\"ImageObject\",\"inLanguage\":\"es\",\"@id\":\"https:\/\/tourtravelandmore.com\/es\/#\/schema\/logo\/image\/\",\"url\":\"https:\/\/tourtravelandmore.com\/wp-content\/uploads\/2022\/12\/cropped-logo-cabecera-new.png\",\"contentUrl\":\"https:\/\/tourtravelandmore.com\/wp-content\/uploads\/2022\/12\/cropped-logo-cabecera-new.png\",\"width\":430,\"height\":61,\"caption\":\"Tour Travel And More\"},\"image\":{\"@id\":\"https:\/\/tourtravelandmore.com\/es\/#\/schema\/logo\/image\/\"},\"sameAs\":[\"https:\/\/www.facebook.com\/tourtravelandmore\/\",\"https:\/\/x.com\/TourTravel_More\"]}]}<\/script>\n<!-- \/ Yoast SEO Premium plugin. -->","yoast_head_json":{"title":"\u27a1\ufe0f Tour privado de F\u00e1tima y Coimbra: Descubra el patrimonio de Portugal | Tour Travel and More \u2705","description":"Explore el santuario espiritual de F\u00e1tima y la hist\u00f3rica universidad de Coimbra en nuestra excursi\u00f3n privada de 8 horas desde Oporto. Transporte de lujo y gu\u00eda experto incluidos. \u2705","robots":{"index":"index","follow":"follow","max-snippet":"max-snippet:-1","max-image-preview":"max-image-preview:large","max-video-preview":"max-video-preview:-1"},"canonical":"https:\/\/tourtravelandmore.com\/es\/tours\/portugal-es\/oporto-es\/tour-privado-de-fatima-y-coimbra\/","og_locale":"es_ES","og_type":"article","og_title":"Tour privado de F\u00e1tima y Coimbra","og_description":"Explore el santuario espiritual de F\u00e1tima y la hist\u00f3rica universidad de Coimbra en nuestra excursi\u00f3n privada de 8 horas desde Oporto. Transporte de lujo y gu\u00eda experto incluidos. \u2705","og_url":"https:\/\/tourtravelandmore.com\/es\/tours\/portugal-es\/oporto-es\/tour-privado-de-fatima-y-coimbra\/","og_site_name":"Tour Travel And More","article_publisher":"https:\/\/www.facebook.com\/tourtravelandmore\/","article_modified_time":"2023-12-04T10:32:38+00:00","og_image":[{"width":950,"height":750,"url":"https:\/\/tourtravelandmore.com\/wp-content\/uploads\/2023\/12\/image4-5.jpg","type":"image\/jpeg"}],"twitter_card":"summary_large_image","twitter_site":"@TourTravel_More","twitter_misc":{"Tiempo de lectura":"3 minutos"},"schema":{"@context":"https:\/\/schema.org","@graph":[{"@type":"WebPage","@id":"https:\/\/tourtravelandmore.com\/es\/tours\/portugal-es\/oporto-es\/tour-privado-de-fatima-y-coimbra\/","url":"https:\/\/tourtravelandmore.com\/es\/tours\/portugal-es\/oporto-es\/tour-privado-de-fatima-y-coimbra\/","name":"\u27a1\ufe0f Tour privado de F\u00e1tima y Coimbra: Descubra el patrimonio de Portugal | Tour Travel and More \u2705","isPartOf":{"@id":"https:\/\/tourtravelandmore.com\/es\/#website"},"primaryImageOfPage":{"@id":"https:\/\/tourtravelandmore.com\/es\/tours\/portugal-es\/oporto-es\/tour-privado-de-fatima-y-coimbra\/#primaryimage"},"image":{"@id":"https:\/\/tourtravelandmore.com\/es\/tours\/portugal-es\/oporto-es\/tour-privado-de-fatima-y-coimbra\/#primaryimage"},"thumbnailUrl":"https:\/\/tourtravelandmore.com\/wp-content\/uploads\/2023\/12\/image4-5.jpg","datePublished":"2023-12-04T10:17:34+00:00","dateModified":"2023-12-04T10:32:38+00:00","description":"Explore el santuario espiritual de F\u00e1tima y la hist\u00f3rica universidad de Coimbra en nuestra excursi\u00f3n privada de 8 horas desde Oporto. Transporte de lujo y gu\u00eda experto incluidos. \u2705","breadcrumb":{"@id":"https:\/\/tourtravelandmore.com\/es\/tours\/portugal-es\/oporto-es\/tour-privado-de-fatima-y-coimbra\/#breadcrumb"},"inLanguage":"es","potentialAction":[{"@type":"ReadAction","target":["https:\/\/tourtravelandmore.com\/es\/tours\/portugal-es\/oporto-es\/tour-privado-de-fatima-y-coimbra\/"]}]},{"@type":"ImageObject","inLanguage":"es","@id":"https:\/\/tourtravelandmore.com\/es\/tours\/portugal-es\/oporto-es\/tour-privado-de-fatima-y-coimbra\/#primaryimage","url":"https:\/\/tourtravelandmore.com\/wp-content\/uploads\/2023\/12\/image4-5.jpg","contentUrl":"https:\/\/tourtravelandmore.com\/wp-content\/uploads\/2023\/12\/image4-5.jpg","width":950,"height":750},{"@type":"BreadcrumbList","@id":"https:\/\/tourtravelandmore.com\/es\/tours\/portugal-es\/oporto-es\/tour-privado-de-fatima-y-coimbra\/#breadcrumb","itemListElement":[{"@type":"ListItem","position":1,"name":"Home","item":"https:\/\/tourtravelandmore.com\/es\/"},{"@type":"ListItem","position":2,"name":"Tours","item":"https:\/\/tourtravelandmore.com\/es\/tours\/"},{"@type":"ListItem","position":3,"name":"Tour privado de F\u00e1tima y Coimbra"}]},{"@type":"WebSite","@id":"https:\/\/tourtravelandmore.com\/es\/#website","url":"https:\/\/tourtravelandmore.com\/es\/","name":"Tour Travel And More","description":"Private sightseeing tours and luxury transfers in Spain","publisher":{"@id":"https:\/\/tourtravelandmore.com\/es\/#organization"},"potentialAction":[{"@type":"SearchAction","target":{"@type":"EntryPoint","urlTemplate":"https:\/\/tourtravelandmore.com\/es\/?s={search_term_string}"},"query-input":{"@type":"PropertyValueSpecification","valueRequired":true,"valueName":"search_term_string"}}],"inLanguage":"es"},{"@type":"Organization","@id":"https:\/\/tourtravelandmore.com\/es\/#organization","name":"Tour Travel And More","url":"https:\/\/tourtravelandmore.com\/es\/","logo":{"@type":"ImageObject","inLanguage":"es","@id":"https:\/\/tourtravelandmore.com\/es\/#\/schema\/logo\/image\/","url":"https:\/\/tourtravelandmore.com\/wp-content\/uploads\/2022\/12\/cropped-logo-cabecera-new.png","contentUrl":"https:\/\/tourtravelandmore.com\/wp-content\/uploads\/2022\/12\/cropped-logo-cabecera-new.png","width":430,"height":61,"caption":"Tour Travel And More"},"image":{"@id":"https:\/\/tourtravelandmore.com\/es\/#\/schema\/logo\/image\/"},"sameAs":["https:\/\/www.facebook.com\/tourtravelandmore\/","https:\/\/x.com\/TourTravel_More"]}]}},"_links":{"self":[{"href":"https:\/\/tourtravelandmore.com\/es\/wp-json\/wp\/v2\/product\/171403","targetHints":{"allow":["GET"]}}],"collection":[{"href":"https:\/\/tourtravelandmore.com\/es\/wp-json\/wp\/v2\/product"}],"about":[{"href":"https:\/\/tourtravelandmore.com\/es\/wp-json\/wp\/v2\/types\/product"}],"replies":[{"embeddable":true,"href":"https:\/\/tourtravelandmore.com\/es\/wp-json\/wp\/v2\/comments?post=171403"}],"wp:featuredmedia":[{"embeddable":true,"href":"https:\/\/tourtravelandmore.com\/es\/wp-json\/wp\/v2\/media\/171428"}],"wp:attachment":[{"href":"https:\/\/tourtravelandmore.com\/es\/wp-json\/wp\/v2\/media?parent=171403"}],"wp:term":[{"taxonomy":"product_brand","embeddable":true,"href":"https:\/\/tourtravelandmore.com\/es\/wp-json\/wp\/v2\/product_brand?post=171403"},{"taxonomy":"product_cat","embeddable":true,"href":"https:\/\/tourtravelandmore.com\/es\/wp-json\/wp\/v2\/product_cat?post=171403"},{"taxonomy":"product_tag","embeddable":true,"href":"https:\/\/tourtravelandmore.com\/es\/wp-json\/wp\/v2\/product_tag?post=171403"}],"curies":[{"name":"wp","href":"https:\/\/api.w.org\/{rel}","templated":true}]}}