{"id":171376,"date":"2023-12-04T10:54:03","date_gmt":"2023-12-04T09:54:04","guid":{"rendered":"https:\/\/tourtravelandmore.com\/?post_type=product&#038;p=171376"},"modified":"2023-12-04T11:00:22","modified_gmt":"2023-12-04T10:00:22","slug":"tour-privado-de-aveiro-fatima-y-nazare","status":"publish","type":"product","link":"https:\/\/tourtravelandmore.com\/es\/tours\/portugal-es\/oporto-es\/tour-privado-de-aveiro-fatima-y-nazare\/","title":{"rendered":"Tour Privado de Aveiro, F\u00e1tima y Nazar\u00e9"},"content":{"rendered":"<h2><b>Tour Privado de Aveiro, F\u00e1tima y Nazar\u00e9 Descripci\u00f3n<\/b><\/h2>\n<p><span style=\"font-weight: 400;\">Descubra la encantadora belleza y la profundidad espiritual de Portugal en este completo recorrido privado de 10 horas, que abarca las cautivadoras ciudades de Aveiro, F\u00e1tima y Nazar\u00e9. Tour Travel and More le ofrece un viaje exclusivo a trav\u00e9s de estos tres destinos emblem\u00e1ticos, cada uno de los cuales ofrece una mezcla \u00fanica de cultura, historia y esplendor natural.<\/span><\/p>\n<p><span style=\"font-weight: 400;\">Comience su recorrido en un veh\u00edculo de lujo, equipado para su m\u00e1xima comodidad, junto con un gu\u00eda experto que le acompa\u00f1ar\u00e1 durante todo el d\u00eda. La aventura comienza en Aveiro, a menudo conocida como la &#8220;Venecia de Portugal&#8221;, donde se maravillar\u00e1 con los coloridos moliceiros (barcos) que se deslizan por los pintorescos canales. La arquitectura Art Nouveau de la ciudad a\u00f1ade un toque de elegancia a un ambiente ya de por s\u00ed encantador.<\/span><\/p>\n<p><span style=\"font-weight: 400;\">Su siguiente parada, F\u00e1tima, es un lugar de peregrinaci\u00f3n de fama mundial, venerado por su profundo significado espiritual. Aqu\u00ed visitar\u00e1 el Santuario de F\u00e1tima, un lugar de serenidad y reflexi\u00f3n, donde tuvieron lugar las supuestas apariciones de la Virgen Mar\u00eda a tres ni\u00f1os pastores en 1917.<\/span><\/p>\n<p><span style=\"font-weight: 400;\">Para terminar la excursi\u00f3n en Nazar\u00e9, prep\u00e1rese para dejarse sorprender por los impresionantes acantilados de esta ciudad costera y por la legendaria Praia do Norte, conocida por sus imponentes olas y su cultura del surf. Las ricas tradiciones pesqueras y la vibrante vida local de Nazar\u00e9 ofrecen una fascinante visi\u00f3n del patrimonio mar\u00edtimo de Portugal.<\/span><\/p>\n<h2><b>Lo m\u00e1s destacado de la visita privada a Aveiro, F\u00e1tima y Nazar\u00e9<\/b><\/h2>\n<ul>\n<li style=\"font-weight: 400;\" aria-level=\"1\"><b>Aveiro:<\/b><span style=\"font-weight: 400;\"> Entre en un mundo de pintorescos canales y sorprendente arquitectura. La red de canales de Aveiro, adornada con edificios art nouveau y moliceiros tradicionales, ofrece un ambiente tranquilo pero vibrante. El centro hist\u00f3rico de la ciudad, con su cultura mar\u00edtima \u00fanica, proporciona una experiencia inolvidable.<\/span><\/li>\n<li style=\"font-weight: 400;\" aria-level=\"1\"><b>F\u00e1tima:<\/b><span style=\"font-weight: 400;\"> Disfrute de la tranquilidad y la santidad de F\u00e1tima, un faro de fe y esperanza. El Santuario de F\u00e1tima, con su impresionante bas\u00edlica y la Capilla de las Apariciones, es testimonio del perdurable legado espiritual de las apariciones marianas.<\/span><\/li>\n<li style=\"font-weight: 400;\" aria-level=\"1\"><b>Nazar\u00e9:<\/b><span style=\"font-weight: 400;\"> Sum\u00e9rjase en el extraordinario encanto costero de Nazar\u00e9. Famosa por sus olas gigantes y su historia de surfistas, Nazar\u00e9 tambi\u00e9n cautiva por su ambiente de pueblo pesquero tradicional. El faro de la ciudad y el Fuerte de S\u00e3o Miguel Arcanjo ofrecen vistas panor\u00e1micas del oc\u00e9ano Atl\u00e1ntico.<\/span><\/li>\n<li style=\"font-weight: 400;\" aria-level=\"1\"><b>Costa Nova:<\/b><span style=\"font-weight: 400;\"> Una visita al barrio de Costa Nova, en Aveiro, es una delicia visual. Conocido por sus casas de rayas brillantes, esta zona costera desprende encanto. Estos coloridos &#8220;palheiros&#8221; sirvieron originalmente como caba\u00f1as de pescadores y ahora se han convertido en s\u00edmbolos ic\u00f3nicos de la regi\u00f3n, ofreciendo un tel\u00f3n de fondo perfecto para fotos memorables.<\/span><\/li>\n<li style=\"font-weight: 400;\" aria-level=\"1\"><b>Universidad de Coimbra:<\/b><span style=\"font-weight: 400;\"> En los alrededores, una visita a la hist\u00f3rica Universidad de Coimbra puede enriquecer su experiencia. Como una de las universidades m\u00e1s antiguas de Europa, es un centro notable de cultura y aprendizaje. La grandiosa arquitectura de la universidad y la famosa Biblioteca Joanina ponen de relieve el rico patrimonio acad\u00e9mico y arquitect\u00f3nico de Portugal.<\/span><\/li>\n<li style=\"font-weight: 400;\" aria-level=\"1\"><b>Monasterio de Alcoba\u00e7a:<\/b><span style=\"font-weight: 400;\"> Otra parada digna de menci\u00f3n es el Monasterio de Alcoba\u00e7a, declarado Patrimonio de la Humanidad por la UNESCO y situado cerca de Nazar\u00e9. Este impresionante ejemplo de arquitectura g\u00f3tica es famoso por las tumbas del rey Pedro I e In\u00e9s de Castro, una tr\u00e1gica historia de amor que forma parte integral de la historia y la cultura portuguesas.<\/span><\/li>\n<\/ul>\n<p><span style=\"font-weight: 400;\">\u00bfLe interesan m\u00e1s experiencias \u00fanicas en Oporto y sus alrededores? Tour Travel and More ofrece una gran variedad de visitas privadas que responden a diversos intereses y preferencias. Tanto si desea profundizar en la historia portuguesa, explorar ciudades m\u00e1s pintorescas o disfrutar de recorridos especializados adaptados a sus gustos, tenemos algo para todos. <\/span><a href=\"https:\/\/tourtravelandmore.com\/es\/ciudad\/portugal-es\/oporto-es\/\"><span style=\"font-weight: 400;\">Visite nuestro sitio web Tour Travel and More para explorar toda nuestra gama de viajes exclusivos y reservar su pr\u00f3ximo viaje inolvidable.<\/span><\/a><\/p>\n","protected":false},"excerpt":{"rendered":"<p><span style=\"font-weight: 400;\">Acomp\u00e1\u00f1enos en un viaje de 10 horas explorando la pintoresca ciudad de Aveiro con sus encantadores canales, la ciudad sagrada de F\u00e1tima y las impresionantes vistas costeras de Nazar\u00e9. Descubra la mezcla \u00fanica de cultura, historia y belleza natural que ofrece cada lugar, con la comodidad y el conocimiento proporcionado por su gu\u00eda personal y veh\u00edculo de lujo.<\/span><\/p>\n","protected":false},"featured_media":171401,"comment_status":"open","ping_status":"closed","template":"","meta":{"_acf_changed":false},"product_brand":[],"product_cat":[624,633,634],"product_tag":[],"class_list":{"0":"post-171376","1":"product","2":"type-product","3":"status-publish","4":"has-post-thumbnail","6":"product_cat-oporto-es","7":"product_cat-oporto-actividades-es","8":"product_cat-oporto-excursiones-es","10":"first","11":"instock","12":"shipping-taxable","13":"purchasable","14":"product-type-simple"},"acf":[],"yoast_head":"<!-- This site is optimized with the Yoast SEO Premium plugin v25.3.1 (Yoast SEO v25.3.1) - https:\/\/yoast.com\/wordpress\/plugins\/seo\/ -->\n<title>\u27a1\ufe0f Descubra Aveiro, F\u00e1tima y Nazar\u00e9: Tour Privado de 10 Horas con Tour Travel &amp; More \u2705<\/title>\n<meta name=\"description\" content=\"Explore el encanto de los canales de Aveiro, el santuario espiritual de F\u00e1tima y las impresionantes costas de Nazar\u00e9 en un lujoso tour privado de 10 horas. \u00a1Reserve ahora para vivir una experiencia inolvidable! \u2705\" \/>\n<meta name=\"robots\" content=\"index, follow, max-snippet:-1, max-image-preview:large, max-video-preview:-1\" \/>\n<link rel=\"canonical\" href=\"https:\/\/tourtravelandmore.com\/es\/tours\/portugal-es\/oporto-es\/tour-privado-de-aveiro-fatima-y-nazare\/\" \/>\n<meta property=\"og:locale\" content=\"es_ES\" \/>\n<meta property=\"og:type\" content=\"article\" \/>\n<meta property=\"og:title\" content=\"Tour Privado de Aveiro, F\u00e1tima y Nazar\u00e9\" \/>\n<meta property=\"og:description\" content=\"Explore el encanto de los canales de Aveiro, el santuario espiritual de F\u00e1tima y las impresionantes costas de Nazar\u00e9 en un lujoso tour privado de 10 horas. \u00a1Reserve ahora para vivir una experiencia inolvidable! \u2705\" \/>\n<meta property=\"og:url\" content=\"https:\/\/tourtravelandmore.com\/es\/tours\/portugal-es\/oporto-es\/tour-privado-de-aveiro-fatima-y-nazare\/\" \/>\n<meta property=\"og:site_name\" content=\"Tour Travel And More\" \/>\n<meta property=\"article:publisher\" content=\"https:\/\/www.facebook.com\/tourtravelandmore\/\" \/>\n<meta property=\"article:modified_time\" content=\"2023-12-04T10:00:22+00:00\" \/>\n<meta property=\"og:image\" content=\"https:\/\/tourtravelandmore.com\/wp-content\/uploads\/2023\/12\/image4-4.jpg\" \/>\n\t<meta property=\"og:image:width\" content=\"950\" \/>\n\t<meta property=\"og:image:height\" content=\"750\" \/>\n\t<meta property=\"og:image:type\" content=\"image\/jpeg\" \/>\n<meta name=\"twitter:card\" content=\"summary_large_image\" \/>\n<meta name=\"twitter:site\" content=\"@TourTravel_More\" \/>\n<meta name=\"twitter:label1\" content=\"Tiempo de lectura\" \/>\n\t<meta name=\"twitter:data1\" content=\"3 minutos\" \/>\n<script type=\"application\/ld+json\" class=\"yoast-schema-graph\">{\"@context\":\"https:\/\/schema.org\",\"@graph\":[{\"@type\":\"WebPage\",\"@id\":\"https:\/\/tourtravelandmore.com\/es\/tours\/portugal-es\/oporto-es\/tour-privado-de-aveiro-fatima-y-nazare\/\",\"url\":\"https:\/\/tourtravelandmore.com\/es\/tours\/portugal-es\/oporto-es\/tour-privado-de-aveiro-fatima-y-nazare\/\",\"name\":\"\u27a1\ufe0f Descubra Aveiro, F\u00e1tima y Nazar\u00e9: Tour Privado de 10 Horas con Tour Travel & More \u2705\",\"isPartOf\":{\"@id\":\"https:\/\/tourtravelandmore.com\/es\/#website\"},\"primaryImageOfPage\":{\"@id\":\"https:\/\/tourtravelandmore.com\/es\/tours\/portugal-es\/oporto-es\/tour-privado-de-aveiro-fatima-y-nazare\/#primaryimage\"},\"image\":{\"@id\":\"https:\/\/tourtravelandmore.com\/es\/tours\/portugal-es\/oporto-es\/tour-privado-de-aveiro-fatima-y-nazare\/#primaryimage\"},\"thumbnailUrl\":\"https:\/\/tourtravelandmore.com\/wp-content\/uploads\/2023\/12\/image4-4.jpg\",\"datePublished\":\"2023-12-04T09:54:04+00:00\",\"dateModified\":\"2023-12-04T10:00:22+00:00\",\"description\":\"Explore el encanto de los canales de Aveiro, el santuario espiritual de F\u00e1tima y las impresionantes costas de Nazar\u00e9 en un lujoso tour privado de 10 horas. \u00a1Reserve ahora para vivir una experiencia inolvidable! \u2705\",\"breadcrumb\":{\"@id\":\"https:\/\/tourtravelandmore.com\/es\/tours\/portugal-es\/oporto-es\/tour-privado-de-aveiro-fatima-y-nazare\/#breadcrumb\"},\"inLanguage\":\"es\",\"potentialAction\":[{\"@type\":\"ReadAction\",\"target\":[\"https:\/\/tourtravelandmore.com\/es\/tours\/portugal-es\/oporto-es\/tour-privado-de-aveiro-fatima-y-nazare\/\"]}]},{\"@type\":\"ImageObject\",\"inLanguage\":\"es\",\"@id\":\"https:\/\/tourtravelandmore.com\/es\/tours\/portugal-es\/oporto-es\/tour-privado-de-aveiro-fatima-y-nazare\/#primaryimage\",\"url\":\"https:\/\/tourtravelandmore.com\/wp-content\/uploads\/2023\/12\/image4-4.jpg\",\"contentUrl\":\"https:\/\/tourtravelandmore.com\/wp-content\/uploads\/2023\/12\/image4-4.jpg\",\"width\":950,\"height\":750},{\"@type\":\"BreadcrumbList\",\"@id\":\"https:\/\/tourtravelandmore.com\/es\/tours\/portugal-es\/oporto-es\/tour-privado-de-aveiro-fatima-y-nazare\/#breadcrumb\",\"itemListElement\":[{\"@type\":\"ListItem\",\"position\":1,\"name\":\"Home\",\"item\":\"https:\/\/tourtravelandmore.com\/es\/\"},{\"@type\":\"ListItem\",\"position\":2,\"name\":\"Tours\",\"item\":\"https:\/\/tourtravelandmore.com\/es\/tours\/\"},{\"@type\":\"ListItem\",\"position\":3,\"name\":\"Tour Privado de Aveiro, F\u00e1tima y Nazar\u00e9\"}]},{\"@type\":\"WebSite\",\"@id\":\"https:\/\/tourtravelandmore.com\/es\/#website\",\"url\":\"https:\/\/tourtravelandmore.com\/es\/\",\"name\":\"Tour Travel And More\",\"description\":\"Private sightseeing tours and luxury transfers in Spain\",\"publisher\":{\"@id\":\"https:\/\/tourtravelandmore.com\/es\/#organization\"},\"potentialAction\":[{\"@type\":\"SearchAction\",\"target\":{\"@type\":\"EntryPoint\",\"urlTemplate\":\"https:\/\/tourtravelandmore.com\/es\/?s={search_term_string}\"},\"query-input\":{\"@type\":\"PropertyValueSpecification\",\"valueRequired\":true,\"valueName\":\"search_term_string\"}}],\"inLanguage\":\"es\"},{\"@type\":\"Organization\",\"@id\":\"https:\/\/tourtravelandmore.com\/es\/#organization\",\"name\":\"Tour Travel And More\",\"url\":\"https:\/\/tourtravelandmore.com\/es\/\",\"logo\":{\"@type\":\"ImageObject\",\"inLanguage\":\"es\",\"@id\":\"https:\/\/tourtravelandmore.com\/es\/#\/schema\/logo\/image\/\",\"url\":\"https:\/\/tourtravelandmore.com\/wp-content\/uploads\/2022\/12\/cropped-logo-cabecera-new.png\",\"contentUrl\":\"https:\/\/tourtravelandmore.com\/wp-content\/uploads\/2022\/12\/cropped-logo-cabecera-new.png\",\"width\":430,\"height\":61,\"caption\":\"Tour Travel And More\"},\"image\":{\"@id\":\"https:\/\/tourtravelandmore.com\/es\/#\/schema\/logo\/image\/\"},\"sameAs\":[\"https:\/\/www.facebook.com\/tourtravelandmore\/\",\"https:\/\/x.com\/TourTravel_More\"]}]}<\/script>\n<!-- \/ Yoast SEO Premium plugin. -->","yoast_head_json":{"title":"\u27a1\ufe0f Descubra Aveiro, F\u00e1tima y Nazar\u00e9: Tour Privado de 10 Horas con Tour Travel & More \u2705","description":"Explore el encanto de los canales de Aveiro, el santuario espiritual de F\u00e1tima y las impresionantes costas de Nazar\u00e9 en un lujoso tour privado de 10 horas. \u00a1Reserve ahora para vivir una experiencia inolvidable! \u2705","robots":{"index":"index","follow":"follow","max-snippet":"max-snippet:-1","max-image-preview":"max-image-preview:large","max-video-preview":"max-video-preview:-1"},"canonical":"https:\/\/tourtravelandmore.com\/es\/tours\/portugal-es\/oporto-es\/tour-privado-de-aveiro-fatima-y-nazare\/","og_locale":"es_ES","og_type":"article","og_title":"Tour Privado de Aveiro, F\u00e1tima y Nazar\u00e9","og_description":"Explore el encanto de los canales de Aveiro, el santuario espiritual de F\u00e1tima y las impresionantes costas de Nazar\u00e9 en un lujoso tour privado de 10 horas. \u00a1Reserve ahora para vivir una experiencia inolvidable! \u2705","og_url":"https:\/\/tourtravelandmore.com\/es\/tours\/portugal-es\/oporto-es\/tour-privado-de-aveiro-fatima-y-nazare\/","og_site_name":"Tour Travel And More","article_publisher":"https:\/\/www.facebook.com\/tourtravelandmore\/","article_modified_time":"2023-12-04T10:00:22+00:00","og_image":[{"width":950,"height":750,"url":"https:\/\/tourtravelandmore.com\/wp-content\/uploads\/2023\/12\/image4-4.jpg","type":"image\/jpeg"}],"twitter_card":"summary_large_image","twitter_site":"@TourTravel_More","twitter_misc":{"Tiempo de lectura":"3 minutos"},"schema":{"@context":"https:\/\/schema.org","@graph":[{"@type":"WebPage","@id":"https:\/\/tourtravelandmore.com\/es\/tours\/portugal-es\/oporto-es\/tour-privado-de-aveiro-fatima-y-nazare\/","url":"https:\/\/tourtravelandmore.com\/es\/tours\/portugal-es\/oporto-es\/tour-privado-de-aveiro-fatima-y-nazare\/","name":"\u27a1\ufe0f Descubra Aveiro, F\u00e1tima y Nazar\u00e9: Tour Privado de 10 Horas con Tour Travel & More \u2705","isPartOf":{"@id":"https:\/\/tourtravelandmore.com\/es\/#website"},"primaryImageOfPage":{"@id":"https:\/\/tourtravelandmore.com\/es\/tours\/portugal-es\/oporto-es\/tour-privado-de-aveiro-fatima-y-nazare\/#primaryimage"},"image":{"@id":"https:\/\/tourtravelandmore.com\/es\/tours\/portugal-es\/oporto-es\/tour-privado-de-aveiro-fatima-y-nazare\/#primaryimage"},"thumbnailUrl":"https:\/\/tourtravelandmore.com\/wp-content\/uploads\/2023\/12\/image4-4.jpg","datePublished":"2023-12-04T09:54:04+00:00","dateModified":"2023-12-04T10:00:22+00:00","description":"Explore el encanto de los canales de Aveiro, el santuario espiritual de F\u00e1tima y las impresionantes costas de Nazar\u00e9 en un lujoso tour privado de 10 horas. \u00a1Reserve ahora para vivir una experiencia inolvidable! \u2705","breadcrumb":{"@id":"https:\/\/tourtravelandmore.com\/es\/tours\/portugal-es\/oporto-es\/tour-privado-de-aveiro-fatima-y-nazare\/#breadcrumb"},"inLanguage":"es","potentialAction":[{"@type":"ReadAction","target":["https:\/\/tourtravelandmore.com\/es\/tours\/portugal-es\/oporto-es\/tour-privado-de-aveiro-fatima-y-nazare\/"]}]},{"@type":"ImageObject","inLanguage":"es","@id":"https:\/\/tourtravelandmore.com\/es\/tours\/portugal-es\/oporto-es\/tour-privado-de-aveiro-fatima-y-nazare\/#primaryimage","url":"https:\/\/tourtravelandmore.com\/wp-content\/uploads\/2023\/12\/image4-4.jpg","contentUrl":"https:\/\/tourtravelandmore.com\/wp-content\/uploads\/2023\/12\/image4-4.jpg","width":950,"height":750},{"@type":"BreadcrumbList","@id":"https:\/\/tourtravelandmore.com\/es\/tours\/portugal-es\/oporto-es\/tour-privado-de-aveiro-fatima-y-nazare\/#breadcrumb","itemListElement":[{"@type":"ListItem","position":1,"name":"Home","item":"https:\/\/tourtravelandmore.com\/es\/"},{"@type":"ListItem","position":2,"name":"Tours","item":"https:\/\/tourtravelandmore.com\/es\/tours\/"},{"@type":"ListItem","position":3,"name":"Tour Privado de Aveiro, F\u00e1tima y Nazar\u00e9"}]},{"@type":"WebSite","@id":"https:\/\/tourtravelandmore.com\/es\/#website","url":"https:\/\/tourtravelandmore.com\/es\/","name":"Tour Travel And More","description":"Private sightseeing tours and luxury transfers in Spain","publisher":{"@id":"https:\/\/tourtravelandmore.com\/es\/#organization"},"potentialAction":[{"@type":"SearchAction","target":{"@type":"EntryPoint","urlTemplate":"https:\/\/tourtravelandmore.com\/es\/?s={search_term_string}"},"query-input":{"@type":"PropertyValueSpecification","valueRequired":true,"valueName":"search_term_string"}}],"inLanguage":"es"},{"@type":"Organization","@id":"https:\/\/tourtravelandmore.com\/es\/#organization","name":"Tour Travel And More","url":"https:\/\/tourtravelandmore.com\/es\/","logo":{"@type":"ImageObject","inLanguage":"es","@id":"https:\/\/tourtravelandmore.com\/es\/#\/schema\/logo\/image\/","url":"https:\/\/tourtravelandmore.com\/wp-content\/uploads\/2022\/12\/cropped-logo-cabecera-new.png","contentUrl":"https:\/\/tourtravelandmore.com\/wp-content\/uploads\/2022\/12\/cropped-logo-cabecera-new.png","width":430,"height":61,"caption":"Tour Travel And More"},"image":{"@id":"https:\/\/tourtravelandmore.com\/es\/#\/schema\/logo\/image\/"},"sameAs":["https:\/\/www.facebook.com\/tourtravelandmore\/","https:\/\/x.com\/TourTravel_More"]}]}},"_links":{"self":[{"href":"https:\/\/tourtravelandmore.com\/es\/wp-json\/wp\/v2\/product\/171376","targetHints":{"allow":["GET"]}}],"collection":[{"href":"https:\/\/tourtravelandmore.com\/es\/wp-json\/wp\/v2\/product"}],"about":[{"href":"https:\/\/tourtravelandmore.com\/es\/wp-json\/wp\/v2\/types\/product"}],"replies":[{"embeddable":true,"href":"https:\/\/tourtravelandmore.com\/es\/wp-json\/wp\/v2\/comments?post=171376"}],"wp:featuredmedia":[{"embeddable":true,"href":"https:\/\/tourtravelandmore.com\/es\/wp-json\/wp\/v2\/media\/171401"}],"wp:attachment":[{"href":"https:\/\/tourtravelandmore.com\/es\/wp-json\/wp\/v2\/media?parent=171376"}],"wp:term":[{"taxonomy":"product_brand","embeddable":true,"href":"https:\/\/tourtravelandmore.com\/es\/wp-json\/wp\/v2\/product_brand?post=171376"},{"taxonomy":"product_cat","embeddable":true,"href":"https:\/\/tourtravelandmore.com\/es\/wp-json\/wp\/v2\/product_cat?post=171376"},{"taxonomy":"product_tag","embeddable":true,"href":"https:\/\/tourtravelandmore.com\/es\/wp-json\/wp\/v2\/product_tag?post=171376"}],"curies":[{"name":"wp","href":"https:\/\/api.w.org\/{rel}","templated":true}]}}