{"id":171343,"date":"2023-12-01T12:48:05","date_gmt":"2023-12-01T11:48:05","guid":{"rendered":"https:\/\/tourtravelandmore.com\/?post_type=product&#038;p=171343"},"modified":"2024-03-08T14:31:44","modified_gmt":"2024-03-08T13:31:44","slug":"tour-privado-de-aveiro-coimbra-y-fatima","status":"publish","type":"product","link":"https:\/\/tourtravelandmore.com\/es\/tours\/portugal-es\/oporto-es\/tour-privado-de-aveiro-coimbra-y-fatima\/","title":{"rendered":"Tour Privado de Aveiro, Coimbra y F\u00e1tima"},"content":{"rendered":"<h2><b>Tour Privado de Aveiro, Coimbra y F\u00e1tima Descripci\u00f3n<\/b><\/h2>\n<p><span style=\"font-weight: 400;\">Emb\u00e1rquese en un exquisito viaje de 10 horas por el coraz\u00f3n de Portugal con nuestro Tour Privado de Aveiro, Coimbra y F\u00e1tima. Este tour es una mezcla perfecta de belleza, historia y espiritualidad, dise\u00f1ado para proporcionar una experiencia sin igual. Desde los encantadores canales de Aveiro, pasando por las antiguas calles de Coimbra, hasta el lugar sagrado de F\u00e1tima, este tour ofrece una inmersi\u00f3n profunda en la rica cultura e historia portuguesas.<\/span><\/p>\n<p><span style=\"font-weight: 400;\">Su d\u00eda comienza con la comodidad de un coche privado y un gu\u00eda experimentado, ambos a su servicio durante todo el recorrido. Mientras recorre estas emblem\u00e1ticas ciudades, su gu\u00eda le ofrecer\u00e1 comentarios perspicaces que le ayudar\u00e1n a comprender mejor el significado de cada lugar. No se trata s\u00f3lo de visitar, sino de sentir el alma de cada ciudad, su gente y sus tradiciones.<\/span><\/p>\n<p><span style=\"font-weight: 400;\">El itinerario est\u00e1 cuidadosamente planificado para garantizar que aproveche al m\u00e1ximo cada destino. Coimbra, ciudad cargada de historia con una de las universidades m\u00e1s antiguas de Europa, le ofrece un viaje en el tiempo. Por \u00faltimo, el recorrido concluye en F\u00e1tima, un faro de paz y espiritualidad, donde experimentar\u00e1 el ambiente sereno de este lugar sagrado de peregrinaci\u00f3n.<\/span><\/p>\n<p><span style=\"font-weight: 400;\">A medida que recorre estos lugares hist\u00f3ricos, cada momento se convierte en un portal al pasado, permiti\u00e9ndole caminar tras las huellas de eruditos, santos y ciudadanos de a pie que dieron forma a la narrativa de Portugal. En Aveiro, las brillantes v\u00edas fluviales de la ciudad y su arquitectura Art Nouveau cuentan historias de patrimonio mar\u00edtimo y florecimiento cultural. Coimbra, sede de una prestigiosa universidad, resuena con debates acad\u00e9micos y sabidur\u00eda antigua. F\u00e1tima, un santuario de serenidad, ofrece un espacio para la reflexi\u00f3n y la conexi\u00f3n espiritual, invit\u00e1ndole a participar de su ambiente tranquilo.<\/span><\/p>\n<h2><b>Lo m\u00e1s destacado del Tour Privado de Aveiro, Coimbra y F\u00e1tima<\/b><\/h2>\n<h3><b>Aveiro:<\/b><\/h3>\n<ul>\n<li style=\"font-weight: 400;\" aria-level=\"1\"><b>Costa Nova: <\/b><span style=\"font-weight: 400;\">Visite esta colorida zona costera conocida por sus casas a rayas y sus playas de arena.<\/span><\/li>\n<li style=\"font-weight: 400;\" aria-level=\"1\"><b>Centro Hist\u00f3rico de Aveiro:<\/b><span style=\"font-weight: 400;\"> Descubra el encanto del casco antiguo de Aveiro, con sus edificios hist\u00f3ricos y tiendas de artesan\u00eda local.<\/span><\/li>\n<\/ul>\n<h3><b>Coimbra:<\/b><\/h3>\n<ul>\n<li style=\"font-weight: 400;\" aria-level=\"1\"><b>Universidad de Coimbra<\/b><span style=\"font-weight: 400;\">: Explore una de las universidades m\u00e1s antiguas del mundo, declarada Patrimonio de la Humanidad por la UNESCO, famosa por su impresionante biblioteca y su rica historia.<\/span><\/li>\n<li style=\"font-weight: 400;\" aria-level=\"1\"><b>Catedral Vieja de Coimbra<\/b><span style=\"font-weight: 400;\">: Un notable ejemplo de arquitectura rom\u00e1nica en Portugal.<\/span><\/li>\n<li style=\"font-weight: 400;\" aria-level=\"1\"><b>Centro de Coimbra:<\/b><span style=\"font-weight: 400;\"> Pasee por las estrechas calles, descubriendo patios escondidos, antiguas iglesias y vibrantes escenas culturales.<\/span><\/li>\n<\/ul>\n<h3><b>F\u00e1tima:<\/b><\/h3>\n<ul>\n<li style=\"font-weight: 400;\" aria-level=\"1\"><b>Santuario de Nuestra Se\u00f1ora de F\u00e1tima: <\/b><span style=\"font-weight: 400;\">Visite este lugar sagrado donde se cree que se apareci\u00f3 la Virgen Mar\u00eda. El santuario incluye la Capilla de las Apariciones y la Bas\u00edlica de Nuestra Se\u00f1ora del Rosario.<\/span><\/li>\n<li style=\"font-weight: 400;\" aria-level=\"1\"><b>Los apacibles alrededores de F\u00e1tima:<\/b><span style=\"font-weight: 400;\"> Experimente el ambiente tranquilo que hace de F\u00e1tima un lugar venerado por peregrinos de todo el mundo.<\/span><\/li>\n<\/ul>\n<p><span style=\"font-weight: 400;\">Para quienes deseen explorar m\u00e1s maravillas de Portugal, Tour Travel and More ofrece una amplia gama de excursiones privadas desde Oporto. Tanto si le interesan los lugares hist\u00f3ricos, las experiencias culturales o los paisajes naturales, tenemos un recorrido adaptado a sus intereses. <\/span><a href=\"https:\/\/tourtravelandmore.com\/es\/ciudad\/portugal-es\/oporto-es\/\"><span style=\"font-weight: 400;\">P\u00f3ngase en contacto con nosotros para descubrir lo mejor de Portugal con comodidad y estilo. <\/span><\/a><span style=\"font-weight: 400;\">Visite Tour Travel and More para explorar nuestras opciones de viaje.<\/span><\/p>\n","protected":false},"excerpt":{"rendered":"<p><span style=\"font-weight: 400;\">\u00danase a nuestro Tour Privado de Aveiro, Coimbra y F\u00e1tima para un viaje inmersivo de 10 horas a trav\u00e9s de los impresionantes paisajes y ciudades hist\u00f3ricas de Portugal. Este tour incluye un coche de lujo, un gu\u00eda experto y visitas a lugares clave como la Universidad de Coimbra, los canales de Aveiro y el Santuario de Nuestra Se\u00f1ora de F\u00e1tima.<\/span><\/p>\n","protected":false},"featured_media":171359,"comment_status":"open","ping_status":"closed","template":"","meta":{"_acf_changed":false},"product_brand":[],"product_cat":[624,633,634],"product_tag":[],"class_list":{"0":"post-171343","1":"product","2":"type-product","3":"status-publish","4":"has-post-thumbnail","6":"product_cat-oporto-es","7":"product_cat-oporto-actividades-es","8":"product_cat-oporto-excursiones-es","10":"first","11":"instock","12":"shipping-taxable","13":"purchasable","14":"product-type-simple"},"acf":[],"yoast_head":"<!-- This site is optimized with the Yoast SEO Premium plugin v25.3.1 (Yoast SEO v25.3.1) - https:\/\/yoast.com\/wordpress\/plugins\/seo\/ -->\n<title>\u27a1\ufe0f Explore Aveiro, Coimbra y F\u00e1tima en un tour privado de 10 horas | Tour Travel and More \u2705<\/title>\n<meta name=\"description\" content=\"Descubra la belleza de los canales de Aveiro, la antigua universidad de Coimbra y la espiritualidad de F\u00e1tima en un completo tour privado de 10 horas. Reserve ahora con Tour Travel and More \u2705\" \/>\n<meta name=\"robots\" content=\"index, follow, max-snippet:-1, max-image-preview:large, max-video-preview:-1\" \/>\n<link rel=\"canonical\" href=\"https:\/\/tourtravelandmore.com\/es\/tours\/portugal-es\/oporto-es\/tour-privado-de-aveiro-coimbra-y-fatima\/\" \/>\n<meta property=\"og:locale\" content=\"es_ES\" \/>\n<meta property=\"og:type\" content=\"article\" \/>\n<meta property=\"og:title\" content=\"Tour Privado de Aveiro, Coimbra y F\u00e1tima\" \/>\n<meta property=\"og:description\" content=\"Descubra la belleza de los canales de Aveiro, la antigua universidad de Coimbra y la espiritualidad de F\u00e1tima en un completo tour privado de 10 horas. Reserve ahora con Tour Travel and More \u2705\" \/>\n<meta property=\"og:url\" content=\"https:\/\/tourtravelandmore.com\/es\/tours\/portugal-es\/oporto-es\/tour-privado-de-aveiro-coimbra-y-fatima\/\" \/>\n<meta property=\"og:site_name\" content=\"Tour Travel And More\" \/>\n<meta property=\"article:publisher\" content=\"https:\/\/www.facebook.com\/tourtravelandmore\/\" \/>\n<meta property=\"article:modified_time\" content=\"2024-03-08T13:31:44+00:00\" \/>\n<meta property=\"og:image\" content=\"https:\/\/tourtravelandmore.com\/wp-content\/uploads\/2023\/12\/image1-3.jpg\" \/>\n\t<meta property=\"og:image:width\" content=\"950\" \/>\n\t<meta property=\"og:image:height\" content=\"750\" \/>\n\t<meta property=\"og:image:type\" content=\"image\/jpeg\" \/>\n<meta name=\"twitter:card\" content=\"summary_large_image\" \/>\n<meta name=\"twitter:site\" content=\"@TourTravel_More\" \/>\n<meta name=\"twitter:label1\" content=\"Tiempo de lectura\" \/>\n\t<meta name=\"twitter:data1\" content=\"3 minutos\" \/>\n<script type=\"application\/ld+json\" class=\"yoast-schema-graph\">{\"@context\":\"https:\/\/schema.org\",\"@graph\":[{\"@type\":\"WebPage\",\"@id\":\"https:\/\/tourtravelandmore.com\/es\/tours\/portugal-es\/oporto-es\/tour-privado-de-aveiro-coimbra-y-fatima\/\",\"url\":\"https:\/\/tourtravelandmore.com\/es\/tours\/portugal-es\/oporto-es\/tour-privado-de-aveiro-coimbra-y-fatima\/\",\"name\":\"\u27a1\ufe0f Explore Aveiro, Coimbra y F\u00e1tima en un tour privado de 10 horas | Tour Travel and More \u2705\",\"isPartOf\":{\"@id\":\"https:\/\/tourtravelandmore.com\/es\/#website\"},\"primaryImageOfPage\":{\"@id\":\"https:\/\/tourtravelandmore.com\/es\/tours\/portugal-es\/oporto-es\/tour-privado-de-aveiro-coimbra-y-fatima\/#primaryimage\"},\"image\":{\"@id\":\"https:\/\/tourtravelandmore.com\/es\/tours\/portugal-es\/oporto-es\/tour-privado-de-aveiro-coimbra-y-fatima\/#primaryimage\"},\"thumbnailUrl\":\"https:\/\/tourtravelandmore.com\/wp-content\/uploads\/2023\/12\/image1-3.jpg\",\"datePublished\":\"2023-12-01T11:48:05+00:00\",\"dateModified\":\"2024-03-08T13:31:44+00:00\",\"description\":\"Descubra la belleza de los canales de Aveiro, la antigua universidad de Coimbra y la espiritualidad de F\u00e1tima en un completo tour privado de 10 horas. Reserve ahora con Tour Travel and More \u2705\",\"breadcrumb\":{\"@id\":\"https:\/\/tourtravelandmore.com\/es\/tours\/portugal-es\/oporto-es\/tour-privado-de-aveiro-coimbra-y-fatima\/#breadcrumb\"},\"inLanguage\":\"es\",\"potentialAction\":[{\"@type\":\"ReadAction\",\"target\":[\"https:\/\/tourtravelandmore.com\/es\/tours\/portugal-es\/oporto-es\/tour-privado-de-aveiro-coimbra-y-fatima\/\"]}]},{\"@type\":\"ImageObject\",\"inLanguage\":\"es\",\"@id\":\"https:\/\/tourtravelandmore.com\/es\/tours\/portugal-es\/oporto-es\/tour-privado-de-aveiro-coimbra-y-fatima\/#primaryimage\",\"url\":\"https:\/\/tourtravelandmore.com\/wp-content\/uploads\/2023\/12\/image1-3.jpg\",\"contentUrl\":\"https:\/\/tourtravelandmore.com\/wp-content\/uploads\/2023\/12\/image1-3.jpg\",\"width\":950,\"height\":750},{\"@type\":\"BreadcrumbList\",\"@id\":\"https:\/\/tourtravelandmore.com\/es\/tours\/portugal-es\/oporto-es\/tour-privado-de-aveiro-coimbra-y-fatima\/#breadcrumb\",\"itemListElement\":[{\"@type\":\"ListItem\",\"position\":1,\"name\":\"Home\",\"item\":\"https:\/\/tourtravelandmore.com\/es\/\"},{\"@type\":\"ListItem\",\"position\":2,\"name\":\"Tours\",\"item\":\"https:\/\/tourtravelandmore.com\/es\/tours\/\"},{\"@type\":\"ListItem\",\"position\":3,\"name\":\"Tour Privado de Aveiro, Coimbra y F\u00e1tima\"}]},{\"@type\":\"WebSite\",\"@id\":\"https:\/\/tourtravelandmore.com\/es\/#website\",\"url\":\"https:\/\/tourtravelandmore.com\/es\/\",\"name\":\"Tour Travel And More\",\"description\":\"Private sightseeing tours and luxury transfers in Spain\",\"publisher\":{\"@id\":\"https:\/\/tourtravelandmore.com\/es\/#organization\"},\"potentialAction\":[{\"@type\":\"SearchAction\",\"target\":{\"@type\":\"EntryPoint\",\"urlTemplate\":\"https:\/\/tourtravelandmore.com\/es\/?s={search_term_string}\"},\"query-input\":{\"@type\":\"PropertyValueSpecification\",\"valueRequired\":true,\"valueName\":\"search_term_string\"}}],\"inLanguage\":\"es\"},{\"@type\":\"Organization\",\"@id\":\"https:\/\/tourtravelandmore.com\/es\/#organization\",\"name\":\"Tour Travel And More\",\"url\":\"https:\/\/tourtravelandmore.com\/es\/\",\"logo\":{\"@type\":\"ImageObject\",\"inLanguage\":\"es\",\"@id\":\"https:\/\/tourtravelandmore.com\/es\/#\/schema\/logo\/image\/\",\"url\":\"https:\/\/tourtravelandmore.com\/wp-content\/uploads\/2022\/12\/cropped-logo-cabecera-new.png\",\"contentUrl\":\"https:\/\/tourtravelandmore.com\/wp-content\/uploads\/2022\/12\/cropped-logo-cabecera-new.png\",\"width\":430,\"height\":61,\"caption\":\"Tour Travel And More\"},\"image\":{\"@id\":\"https:\/\/tourtravelandmore.com\/es\/#\/schema\/logo\/image\/\"},\"sameAs\":[\"https:\/\/www.facebook.com\/tourtravelandmore\/\",\"https:\/\/x.com\/TourTravel_More\"]}]}<\/script>\n<!-- \/ Yoast SEO Premium plugin. -->","yoast_head_json":{"title":"\u27a1\ufe0f Explore Aveiro, Coimbra y F\u00e1tima en un tour privado de 10 horas | Tour Travel and More \u2705","description":"Descubra la belleza de los canales de Aveiro, la antigua universidad de Coimbra y la espiritualidad de F\u00e1tima en un completo tour privado de 10 horas. Reserve ahora con Tour Travel and More \u2705","robots":{"index":"index","follow":"follow","max-snippet":"max-snippet:-1","max-image-preview":"max-image-preview:large","max-video-preview":"max-video-preview:-1"},"canonical":"https:\/\/tourtravelandmore.com\/es\/tours\/portugal-es\/oporto-es\/tour-privado-de-aveiro-coimbra-y-fatima\/","og_locale":"es_ES","og_type":"article","og_title":"Tour Privado de Aveiro, Coimbra y F\u00e1tima","og_description":"Descubra la belleza de los canales de Aveiro, la antigua universidad de Coimbra y la espiritualidad de F\u00e1tima en un completo tour privado de 10 horas. Reserve ahora con Tour Travel and More \u2705","og_url":"https:\/\/tourtravelandmore.com\/es\/tours\/portugal-es\/oporto-es\/tour-privado-de-aveiro-coimbra-y-fatima\/","og_site_name":"Tour Travel And More","article_publisher":"https:\/\/www.facebook.com\/tourtravelandmore\/","article_modified_time":"2024-03-08T13:31:44+00:00","og_image":[{"width":950,"height":750,"url":"https:\/\/tourtravelandmore.com\/wp-content\/uploads\/2023\/12\/image1-3.jpg","type":"image\/jpeg"}],"twitter_card":"summary_large_image","twitter_site":"@TourTravel_More","twitter_misc":{"Tiempo de lectura":"3 minutos"},"schema":{"@context":"https:\/\/schema.org","@graph":[{"@type":"WebPage","@id":"https:\/\/tourtravelandmore.com\/es\/tours\/portugal-es\/oporto-es\/tour-privado-de-aveiro-coimbra-y-fatima\/","url":"https:\/\/tourtravelandmore.com\/es\/tours\/portugal-es\/oporto-es\/tour-privado-de-aveiro-coimbra-y-fatima\/","name":"\u27a1\ufe0f Explore Aveiro, Coimbra y F\u00e1tima en un tour privado de 10 horas | Tour Travel and More \u2705","isPartOf":{"@id":"https:\/\/tourtravelandmore.com\/es\/#website"},"primaryImageOfPage":{"@id":"https:\/\/tourtravelandmore.com\/es\/tours\/portugal-es\/oporto-es\/tour-privado-de-aveiro-coimbra-y-fatima\/#primaryimage"},"image":{"@id":"https:\/\/tourtravelandmore.com\/es\/tours\/portugal-es\/oporto-es\/tour-privado-de-aveiro-coimbra-y-fatima\/#primaryimage"},"thumbnailUrl":"https:\/\/tourtravelandmore.com\/wp-content\/uploads\/2023\/12\/image1-3.jpg","datePublished":"2023-12-01T11:48:05+00:00","dateModified":"2024-03-08T13:31:44+00:00","description":"Descubra la belleza de los canales de Aveiro, la antigua universidad de Coimbra y la espiritualidad de F\u00e1tima en un completo tour privado de 10 horas. Reserve ahora con Tour Travel and More \u2705","breadcrumb":{"@id":"https:\/\/tourtravelandmore.com\/es\/tours\/portugal-es\/oporto-es\/tour-privado-de-aveiro-coimbra-y-fatima\/#breadcrumb"},"inLanguage":"es","potentialAction":[{"@type":"ReadAction","target":["https:\/\/tourtravelandmore.com\/es\/tours\/portugal-es\/oporto-es\/tour-privado-de-aveiro-coimbra-y-fatima\/"]}]},{"@type":"ImageObject","inLanguage":"es","@id":"https:\/\/tourtravelandmore.com\/es\/tours\/portugal-es\/oporto-es\/tour-privado-de-aveiro-coimbra-y-fatima\/#primaryimage","url":"https:\/\/tourtravelandmore.com\/wp-content\/uploads\/2023\/12\/image1-3.jpg","contentUrl":"https:\/\/tourtravelandmore.com\/wp-content\/uploads\/2023\/12\/image1-3.jpg","width":950,"height":750},{"@type":"BreadcrumbList","@id":"https:\/\/tourtravelandmore.com\/es\/tours\/portugal-es\/oporto-es\/tour-privado-de-aveiro-coimbra-y-fatima\/#breadcrumb","itemListElement":[{"@type":"ListItem","position":1,"name":"Home","item":"https:\/\/tourtravelandmore.com\/es\/"},{"@type":"ListItem","position":2,"name":"Tours","item":"https:\/\/tourtravelandmore.com\/es\/tours\/"},{"@type":"ListItem","position":3,"name":"Tour Privado de Aveiro, Coimbra y F\u00e1tima"}]},{"@type":"WebSite","@id":"https:\/\/tourtravelandmore.com\/es\/#website","url":"https:\/\/tourtravelandmore.com\/es\/","name":"Tour Travel And More","description":"Private sightseeing tours and luxury transfers in Spain","publisher":{"@id":"https:\/\/tourtravelandmore.com\/es\/#organization"},"potentialAction":[{"@type":"SearchAction","target":{"@type":"EntryPoint","urlTemplate":"https:\/\/tourtravelandmore.com\/es\/?s={search_term_string}"},"query-input":{"@type":"PropertyValueSpecification","valueRequired":true,"valueName":"search_term_string"}}],"inLanguage":"es"},{"@type":"Organization","@id":"https:\/\/tourtravelandmore.com\/es\/#organization","name":"Tour Travel And More","url":"https:\/\/tourtravelandmore.com\/es\/","logo":{"@type":"ImageObject","inLanguage":"es","@id":"https:\/\/tourtravelandmore.com\/es\/#\/schema\/logo\/image\/","url":"https:\/\/tourtravelandmore.com\/wp-content\/uploads\/2022\/12\/cropped-logo-cabecera-new.png","contentUrl":"https:\/\/tourtravelandmore.com\/wp-content\/uploads\/2022\/12\/cropped-logo-cabecera-new.png","width":430,"height":61,"caption":"Tour Travel And More"},"image":{"@id":"https:\/\/tourtravelandmore.com\/es\/#\/schema\/logo\/image\/"},"sameAs":["https:\/\/www.facebook.com\/tourtravelandmore\/","https:\/\/x.com\/TourTravel_More"]}]}},"_links":{"self":[{"href":"https:\/\/tourtravelandmore.com\/es\/wp-json\/wp\/v2\/product\/171343","targetHints":{"allow":["GET"]}}],"collection":[{"href":"https:\/\/tourtravelandmore.com\/es\/wp-json\/wp\/v2\/product"}],"about":[{"href":"https:\/\/tourtravelandmore.com\/es\/wp-json\/wp\/v2\/types\/product"}],"replies":[{"embeddable":true,"href":"https:\/\/tourtravelandmore.com\/es\/wp-json\/wp\/v2\/comments?post=171343"}],"wp:featuredmedia":[{"embeddable":true,"href":"https:\/\/tourtravelandmore.com\/es\/wp-json\/wp\/v2\/media\/171359"}],"wp:attachment":[{"href":"https:\/\/tourtravelandmore.com\/es\/wp-json\/wp\/v2\/media?parent=171343"}],"wp:term":[{"taxonomy":"product_brand","embeddable":true,"href":"https:\/\/tourtravelandmore.com\/es\/wp-json\/wp\/v2\/product_brand?post=171343"},{"taxonomy":"product_cat","embeddable":true,"href":"https:\/\/tourtravelandmore.com\/es\/wp-json\/wp\/v2\/product_cat?post=171343"},{"taxonomy":"product_tag","embeddable":true,"href":"https:\/\/tourtravelandmore.com\/es\/wp-json\/wp\/v2\/product_tag?post=171343"}],"curies":[{"name":"wp","href":"https:\/\/api.w.org\/{rel}","templated":true}]}}