{"id":171313,"date":"2023-12-01T12:32:45","date_gmt":"2023-12-01T11:32:45","guid":{"rendered":"https:\/\/tourtravelandmore.com\/?post_type=product&#038;p=171313"},"modified":"2023-12-01T12:41:57","modified_gmt":"2023-12-01T11:41:57","slug":"traslado-oporto-a-lisboa-con-hasta-3-paradas-aveiro-nazare-o-fatima-obidos","status":"publish","type":"product","link":"https:\/\/tourtravelandmore.com\/es\/tours\/portugal-es\/oporto-es\/traslado-oporto-a-lisboa-con-hasta-3-paradas-aveiro-nazare-o-fatima-obidos\/","title":{"rendered":"Traslado Oporto a Lisboa con hasta 3 paradas (Aveiro, Nazar\u00e9 o F\u00e1tima, \u00d3bidos)"},"content":{"rendered":"<h2><b>Traslado de Oporto a Lisboa con hasta 3 paradas (Aveiro, Nazar\u00e9 o F\u00e1tima, \u00d3bidos) Descripci\u00f3n<\/b><\/h2>\n<p><span style=\"font-weight: 400;\">Emprenda un viaje panor\u00e1mico y enriquecedor de Oporto a Lisboa, salpicado por hasta tres paradas cautivadoras en Aveiro, Nazar\u00e9 o F\u00e1tima, y \u00d3bidos. Este traslado de 10 horas de Tour Travel and More no es s\u00f3lo un viaje en coche; es una experiencia curada a trav\u00e9s de algunos de los destinos m\u00e1s pintorescos y ricos en historia de Portugal.<\/span><\/p>\n<p><span style=\"font-weight: 400;\">Viaje con comodidad y estilo en un veh\u00edculo de lujo, reservado exclusivamente para usted. Al salir de Oporto, el viaje se desarrolla a trav\u00e9s de paisajes cambiantes, cada uno narrando su propia historia. Este traslado le permite personalizar su itinerario, seleccionando entre la encantadora ciudad de Aveiro, conocida como la &#8220;Venecia de Portugal&#8221;; la impresionante ciudad costera de Nazar\u00e9; la espiritualmente significativa F\u00e1tima; y el encanto medieval de \u00d3bidos.<\/span><\/p>\n<p><span style=\"font-weight: 400;\">Su viaje es m\u00e1s que un traslado: es una exploraci\u00f3n privada adaptada a sus intereses, que le permitir\u00e1 sumergirse en el coraz\u00f3n de la belleza cultural y natural de Portugal. Tanto si le fascina la arquitectura hist\u00f3rica, como si le cautivan los lugares religiosos o simplemente se enamora de las ciudades pintorescas, este traslado le ofrece una forma \u00fanica y personal de experimentar el variado encanto de Portugal.<\/span><\/p>\n<p><span style=\"font-weight: 400;\">Su aventura guiada por un ch\u00f3fer le revelar\u00e1 las joyas ocultas y las atracciones m\u00e1s populares de cada parada. En Aveiro, recorra los canales y sea testigo del arte de los azulejos tradicionales. En Nazar\u00e9, experimente la emoci\u00f3n de las olas de surf m\u00e1s altas de Europa o encuentre paz y reflexi\u00f3n en F\u00e1tima, un lugar de importancia religiosa mundial. \u00d3bidos, con sus calles medievales y su antiguo castillo, es un paso atr\u00e1s en el tiempo. Cada lugar tiene su propio car\u00e1cter e historia, haciendo de su viaje un tapiz de experiencias.<\/span><\/p>\n<p><span style=\"font-weight: 400;\">A lo largo del traslado, su gu\u00eda le ofrecer\u00e1 comentarios perspicaces que enriquecer\u00e1n su comprensi\u00f3n del modo de vida portugu\u00e9s. La flexibilidad de esta excursi\u00f3n le permitir\u00e1 realizar exploraciones espont\u00e1neas y pausas tranquilas, que le invitar\u00e1n a degustar la gastronom\u00eda local o a capturar la foto perfecta. Su comodidad es nuestra prioridad, garantizando un viaje a Lisboa tranquilo y agradable, lleno de recuerdos e historias para atesorar.<\/span><\/p>\n<h2><b>Puntos de inter\u00e9s<\/b><\/h2>\n<h3><b>Aveiro:<\/b><\/h3>\n<ul>\n<li style=\"font-weight: 400;\" aria-level=\"1\"><b>Paseo en barco Moliceiros: <\/b><span style=\"font-weight: 400;\">Emb\u00e1rquese en un pintoresco viaje a trav\u00e9s de los canales de Aveiro en estos coloridos barcos, utilizados tradicionalmente para la recolecci\u00f3n de algas. Este paseo ofrece una perspectiva \u00fanica de los edificios y puentes modernistas de la ciudad.<\/span><\/li>\n<li style=\"font-weight: 400;\" aria-level=\"1\"><b>Museo de Aveiro<\/b><span style=\"font-weight: 400;\">: Ubicado en el antiguo Convento de Jes\u00fas, este museo exhibe arte y objetos religiosos, incluida la ornamentada tumba de la princesa Santa Joana.<\/span><\/li>\n<li style=\"font-weight: 400;\" aria-level=\"1\"><b>Costa Nova:<\/b><span style=\"font-weight: 400;\"> Visite la cercana franja costera conocida por sus casas a rayas de caramelo. Esta comunidad pesquera de la laguna de Aveiro es pintoresca e ideal para los amantes de la fotograf\u00eda.<\/span><\/li>\n<li style=\"font-weight: 400;\" aria-level=\"1\"><b>Salinas de Aveiro:<\/b><span style=\"font-weight: 400;\"> Explore las salinas tradicionales donde se cosecha la sal con t\u00e9cnicas ancestrales, un aspecto crucial de la historia y la econom\u00eda de Aveiro.<\/span><\/li>\n<\/ul>\n<h3><b>Nazar\u00e9:<\/b><\/h3>\n<ul>\n<li style=\"font-weight: 400;\" aria-level=\"1\"><b>Praia Norte: <\/b><span style=\"font-weight: 400;\">Famosa por sus olas que baten r\u00e9cords, esta playa es un para\u00edso tanto para los aficionados al surf como para los espectadores.<\/span><\/li>\n<li style=\"font-weight: 400;\" aria-level=\"1\"><b>Miradouro do Suberco:<\/b><span style=\"font-weight: 400;\"> Un mirador que ofrece impresionantes vistas de la playa de Nazar\u00e9, la ciudad y el oc\u00e9ano Atl\u00e1ntico.<\/span><\/li>\n<li style=\"font-weight: 400;\" aria-level=\"1\"><b>Faro de Nazar\u00e9 y Museo del Surf:<\/b><span style=\"font-weight: 400;\"> Conozca la historia del surf de la ciudad y vea artefactos relacionados con su cultura del surf.<\/span><\/li>\n<\/ul>\n<h3><b>F\u00e1tima:<\/b><\/h3>\n<ul>\n<li style=\"font-weight: 400;\" aria-level=\"1\"><b>Santuario de Nuestra Se\u00f1ora de F\u00e1tima:<\/b><span style=\"font-weight: 400;\"> El coraz\u00f3n del lugar de peregrinaci\u00f3n, que incluye la Capilla de las Apariciones y la Bas\u00edlica de Nuestra Se\u00f1ora del Rosario.<\/span><\/li>\n<li style=\"font-weight: 400;\" aria-level=\"1\"><b>Valinhos y Loca do Anjo:<\/b><span style=\"font-weight: 400;\"> Estos lugares sagrados marcan los lugares de las apariciones marianas a los tres ni\u00f1os pastores.<\/span><\/li>\n<li style=\"font-weight: 400;\" aria-level=\"1\"><b>Museo de Cera de F\u00e1tima:<\/b><span style=\"font-weight: 400;\"> Ofrece una forma \u00fanica de conocer las apariciones y la historia de F\u00e1tima a trav\u00e9s de figuras de cera de tama\u00f1o natural.<\/span><\/li>\n<\/ul>\n<h3><b>\u00d3bidos:<\/b><\/h3>\n<ul>\n<li style=\"font-weight: 400;\" aria-level=\"1\"><b>Castillo de \u00d3bidos<\/b><span style=\"font-weight: 400;\">: Explore este castillo medieval bien conservado, ahora convertido en un lujoso hotel, que ofrece un paso atr\u00e1s en la historia de Portugal.<\/span><\/li>\n<li style=\"font-weight: 400;\" aria-level=\"1\"><b>Murallas:<\/b><span style=\"font-weight: 400;\"> Camine por las antiguas murallas de la ciudad para disfrutar de vistas panor\u00e1micas de \u00d3bidos y sus alrededores.<\/span><\/li>\n<li style=\"font-weight: 400;\" aria-level=\"1\"><b>Rua Direita<\/b><span style=\"font-weight: 400;\">: Esta encantadora calle est\u00e1 repleta de tiendas, cafeter\u00edas y casas tradicionales, perfectas para conocer la vida y la gastronom\u00eda locales.<\/span><\/li>\n<li style=\"font-weight: 400;\" aria-level=\"1\"><b>Igreja de Santa Maria<\/b><span style=\"font-weight: 400;\">: Una hermosa iglesia con exquisitos azulejos y pinturas, situada en el coraz\u00f3n de \u00d3bidos.<\/span><\/li>\n<\/ul>\n<p><span style=\"font-weight: 400;\">Explore m\u00e1s de lo que Oporto tiene para ofrecer con Tour Travel and More. Ofrecemos una amplia gama de tours privados y experiencias en y alrededor de Oporto, cada uno dise\u00f1ado para darle una exploraci\u00f3n aut\u00e9ntica e inolvidable de los tesoros de Portugal.<\/span> <a href=\"https:\/\/tourtravelandmore.com\/es\/ciudad\/portugal-es\/oporto-es\/\"><span style=\"font-weight: 400;\">Visite Tour Travel and More para descubrir nuestras exclusivas ofertas de tours y crear su aventura portuguesa perfecta.<\/span><\/a><\/p>\n","protected":false},"excerpt":{"rendered":"<p>&nbsp;<\/p>\n<p><span style=\"font-weight: 400;\">\u00danase a nosotros en un traslado privado de 10 horas desde Oporto a Lisboa con la opci\u00f3n de visitar hasta tres hermosas paradas &#8211; Aveiro, Nazar\u00e9 o F\u00e1tima, y \u00d3bidos. Viaje con lujo, personalice su viaje y sum\u00e9rjase en la belleza de cada lugar.<\/span><\/p>\n","protected":false},"featured_media":171335,"comment_status":"open","ping_status":"closed","template":"","meta":{"_acf_changed":false},"product_brand":[],"product_cat":[624,633,634],"product_tag":[],"class_list":{"0":"post-171313","1":"product","2":"type-product","3":"status-publish","4":"has-post-thumbnail","6":"product_cat-oporto-es","7":"product_cat-oporto-actividades-es","8":"product_cat-oporto-excursiones-es","10":"first","11":"instock","12":"shipping-taxable","13":"purchasable","14":"product-type-simple"},"acf":[],"yoast_head":"<!-- This site is optimized with the Yoast SEO Premium plugin v25.3.1 (Yoast SEO v25.3.1) - https:\/\/yoast.com\/wordpress\/plugins\/seo\/ -->\n<title>\u27a1\ufe0f Traslado privado exclusivo de Oporto a Lisboa con paradas personalizadas | Tour Travel &amp; More \u2705<\/title>\n<meta name=\"description\" content=\"Experimente un viaje \u00fanico de Oporto a Lisboa con paradas en Aveiro, Nazar\u00e9\/F\u00e1tima y \u00d3bidos. Tour privado personalizable para una experiencia portuguesa memorable \u2705\" \/>\n<meta name=\"robots\" content=\"index, follow, max-snippet:-1, max-image-preview:large, max-video-preview:-1\" \/>\n<link rel=\"canonical\" href=\"https:\/\/tourtravelandmore.com\/es\/tours\/portugal-es\/oporto-es\/traslado-oporto-a-lisboa-con-hasta-3-paradas-aveiro-nazare-o-fatima-obidos\/\" \/>\n<meta property=\"og:locale\" content=\"es_ES\" \/>\n<meta property=\"og:type\" content=\"article\" \/>\n<meta property=\"og:title\" content=\"Traslado Oporto a Lisboa con hasta 3 paradas (Aveiro, Nazar\u00e9 o F\u00e1tima, \u00d3bidos)\" \/>\n<meta property=\"og:description\" content=\"Experimente un viaje \u00fanico de Oporto a Lisboa con paradas en Aveiro, Nazar\u00e9\/F\u00e1tima y \u00d3bidos. Tour privado personalizable para una experiencia portuguesa memorable \u2705\" \/>\n<meta property=\"og:url\" content=\"https:\/\/tourtravelandmore.com\/es\/tours\/portugal-es\/oporto-es\/traslado-oporto-a-lisboa-con-hasta-3-paradas-aveiro-nazare-o-fatima-obidos\/\" \/>\n<meta property=\"og:site_name\" content=\"Tour Travel And More\" \/>\n<meta property=\"article:publisher\" content=\"https:\/\/www.facebook.com\/tourtravelandmore\/\" \/>\n<meta property=\"article:modified_time\" content=\"2023-12-01T11:41:57+00:00\" \/>\n<meta property=\"og:image\" content=\"https:\/\/tourtravelandmore.com\/wp-content\/uploads\/2023\/12\/image3-2.jpg\" \/>\n\t<meta property=\"og:image:width\" content=\"950\" \/>\n\t<meta property=\"og:image:height\" content=\"750\" \/>\n\t<meta property=\"og:image:type\" content=\"image\/jpeg\" \/>\n<meta name=\"twitter:card\" content=\"summary_large_image\" \/>\n<meta name=\"twitter:site\" content=\"@TourTravel_More\" \/>\n<meta name=\"twitter:label1\" content=\"Tiempo de lectura\" \/>\n\t<meta name=\"twitter:data1\" content=\"4 minutos\" \/>\n<script type=\"application\/ld+json\" class=\"yoast-schema-graph\">{\"@context\":\"https:\/\/schema.org\",\"@graph\":[{\"@type\":\"WebPage\",\"@id\":\"https:\/\/tourtravelandmore.com\/es\/tours\/portugal-es\/oporto-es\/traslado-oporto-a-lisboa-con-hasta-3-paradas-aveiro-nazare-o-fatima-obidos\/\",\"url\":\"https:\/\/tourtravelandmore.com\/es\/tours\/portugal-es\/oporto-es\/traslado-oporto-a-lisboa-con-hasta-3-paradas-aveiro-nazare-o-fatima-obidos\/\",\"name\":\"\u27a1\ufe0f Traslado privado exclusivo de Oporto a Lisboa con paradas personalizadas | Tour Travel & More \u2705\",\"isPartOf\":{\"@id\":\"https:\/\/tourtravelandmore.com\/es\/#website\"},\"primaryImageOfPage\":{\"@id\":\"https:\/\/tourtravelandmore.com\/es\/tours\/portugal-es\/oporto-es\/traslado-oporto-a-lisboa-con-hasta-3-paradas-aveiro-nazare-o-fatima-obidos\/#primaryimage\"},\"image\":{\"@id\":\"https:\/\/tourtravelandmore.com\/es\/tours\/portugal-es\/oporto-es\/traslado-oporto-a-lisboa-con-hasta-3-paradas-aveiro-nazare-o-fatima-obidos\/#primaryimage\"},\"thumbnailUrl\":\"https:\/\/tourtravelandmore.com\/wp-content\/uploads\/2023\/12\/image3-2.jpg\",\"datePublished\":\"2023-12-01T11:32:45+00:00\",\"dateModified\":\"2023-12-01T11:41:57+00:00\",\"description\":\"Experimente un viaje \u00fanico de Oporto a Lisboa con paradas en Aveiro, Nazar\u00e9\/F\u00e1tima y \u00d3bidos. Tour privado personalizable para una experiencia portuguesa memorable \u2705\",\"breadcrumb\":{\"@id\":\"https:\/\/tourtravelandmore.com\/es\/tours\/portugal-es\/oporto-es\/traslado-oporto-a-lisboa-con-hasta-3-paradas-aveiro-nazare-o-fatima-obidos\/#breadcrumb\"},\"inLanguage\":\"es\",\"potentialAction\":[{\"@type\":\"ReadAction\",\"target\":[\"https:\/\/tourtravelandmore.com\/es\/tours\/portugal-es\/oporto-es\/traslado-oporto-a-lisboa-con-hasta-3-paradas-aveiro-nazare-o-fatima-obidos\/\"]}]},{\"@type\":\"ImageObject\",\"inLanguage\":\"es\",\"@id\":\"https:\/\/tourtravelandmore.com\/es\/tours\/portugal-es\/oporto-es\/traslado-oporto-a-lisboa-con-hasta-3-paradas-aveiro-nazare-o-fatima-obidos\/#primaryimage\",\"url\":\"https:\/\/tourtravelandmore.com\/wp-content\/uploads\/2023\/12\/image3-2.jpg\",\"contentUrl\":\"https:\/\/tourtravelandmore.com\/wp-content\/uploads\/2023\/12\/image3-2.jpg\",\"width\":950,\"height\":750},{\"@type\":\"BreadcrumbList\",\"@id\":\"https:\/\/tourtravelandmore.com\/es\/tours\/portugal-es\/oporto-es\/traslado-oporto-a-lisboa-con-hasta-3-paradas-aveiro-nazare-o-fatima-obidos\/#breadcrumb\",\"itemListElement\":[{\"@type\":\"ListItem\",\"position\":1,\"name\":\"Home\",\"item\":\"https:\/\/tourtravelandmore.com\/es\/\"},{\"@type\":\"ListItem\",\"position\":2,\"name\":\"Tours\",\"item\":\"https:\/\/tourtravelandmore.com\/es\/tours\/\"},{\"@type\":\"ListItem\",\"position\":3,\"name\":\"Traslado Oporto a Lisboa con hasta 3 paradas (Aveiro, Nazar\u00e9 o F\u00e1tima, \u00d3bidos)\"}]},{\"@type\":\"WebSite\",\"@id\":\"https:\/\/tourtravelandmore.com\/es\/#website\",\"url\":\"https:\/\/tourtravelandmore.com\/es\/\",\"name\":\"Tour Travel And More\",\"description\":\"Private sightseeing tours and luxury transfers in Spain\",\"publisher\":{\"@id\":\"https:\/\/tourtravelandmore.com\/es\/#organization\"},\"potentialAction\":[{\"@type\":\"SearchAction\",\"target\":{\"@type\":\"EntryPoint\",\"urlTemplate\":\"https:\/\/tourtravelandmore.com\/es\/?s={search_term_string}\"},\"query-input\":{\"@type\":\"PropertyValueSpecification\",\"valueRequired\":true,\"valueName\":\"search_term_string\"}}],\"inLanguage\":\"es\"},{\"@type\":\"Organization\",\"@id\":\"https:\/\/tourtravelandmore.com\/es\/#organization\",\"name\":\"Tour Travel And More\",\"url\":\"https:\/\/tourtravelandmore.com\/es\/\",\"logo\":{\"@type\":\"ImageObject\",\"inLanguage\":\"es\",\"@id\":\"https:\/\/tourtravelandmore.com\/es\/#\/schema\/logo\/image\/\",\"url\":\"https:\/\/tourtravelandmore.com\/wp-content\/uploads\/2022\/12\/cropped-logo-cabecera-new.png\",\"contentUrl\":\"https:\/\/tourtravelandmore.com\/wp-content\/uploads\/2022\/12\/cropped-logo-cabecera-new.png\",\"width\":430,\"height\":61,\"caption\":\"Tour Travel And More\"},\"image\":{\"@id\":\"https:\/\/tourtravelandmore.com\/es\/#\/schema\/logo\/image\/\"},\"sameAs\":[\"https:\/\/www.facebook.com\/tourtravelandmore\/\",\"https:\/\/x.com\/TourTravel_More\"]}]}<\/script>\n<!-- \/ Yoast SEO Premium plugin. -->","yoast_head_json":{"title":"\u27a1\ufe0f Traslado privado exclusivo de Oporto a Lisboa con paradas personalizadas | Tour Travel & More \u2705","description":"Experimente un viaje \u00fanico de Oporto a Lisboa con paradas en Aveiro, Nazar\u00e9\/F\u00e1tima y \u00d3bidos. Tour privado personalizable para una experiencia portuguesa memorable \u2705","robots":{"index":"index","follow":"follow","max-snippet":"max-snippet:-1","max-image-preview":"max-image-preview:large","max-video-preview":"max-video-preview:-1"},"canonical":"https:\/\/tourtravelandmore.com\/es\/tours\/portugal-es\/oporto-es\/traslado-oporto-a-lisboa-con-hasta-3-paradas-aveiro-nazare-o-fatima-obidos\/","og_locale":"es_ES","og_type":"article","og_title":"Traslado Oporto a Lisboa con hasta 3 paradas (Aveiro, Nazar\u00e9 o F\u00e1tima, \u00d3bidos)","og_description":"Experimente un viaje \u00fanico de Oporto a Lisboa con paradas en Aveiro, Nazar\u00e9\/F\u00e1tima y \u00d3bidos. Tour privado personalizable para una experiencia portuguesa memorable \u2705","og_url":"https:\/\/tourtravelandmore.com\/es\/tours\/portugal-es\/oporto-es\/traslado-oporto-a-lisboa-con-hasta-3-paradas-aveiro-nazare-o-fatima-obidos\/","og_site_name":"Tour Travel And More","article_publisher":"https:\/\/www.facebook.com\/tourtravelandmore\/","article_modified_time":"2023-12-01T11:41:57+00:00","og_image":[{"width":950,"height":750,"url":"https:\/\/tourtravelandmore.com\/wp-content\/uploads\/2023\/12\/image3-2.jpg","type":"image\/jpeg"}],"twitter_card":"summary_large_image","twitter_site":"@TourTravel_More","twitter_misc":{"Tiempo de lectura":"4 minutos"},"schema":{"@context":"https:\/\/schema.org","@graph":[{"@type":"WebPage","@id":"https:\/\/tourtravelandmore.com\/es\/tours\/portugal-es\/oporto-es\/traslado-oporto-a-lisboa-con-hasta-3-paradas-aveiro-nazare-o-fatima-obidos\/","url":"https:\/\/tourtravelandmore.com\/es\/tours\/portugal-es\/oporto-es\/traslado-oporto-a-lisboa-con-hasta-3-paradas-aveiro-nazare-o-fatima-obidos\/","name":"\u27a1\ufe0f Traslado privado exclusivo de Oporto a Lisboa con paradas personalizadas | Tour Travel & More \u2705","isPartOf":{"@id":"https:\/\/tourtravelandmore.com\/es\/#website"},"primaryImageOfPage":{"@id":"https:\/\/tourtravelandmore.com\/es\/tours\/portugal-es\/oporto-es\/traslado-oporto-a-lisboa-con-hasta-3-paradas-aveiro-nazare-o-fatima-obidos\/#primaryimage"},"image":{"@id":"https:\/\/tourtravelandmore.com\/es\/tours\/portugal-es\/oporto-es\/traslado-oporto-a-lisboa-con-hasta-3-paradas-aveiro-nazare-o-fatima-obidos\/#primaryimage"},"thumbnailUrl":"https:\/\/tourtravelandmore.com\/wp-content\/uploads\/2023\/12\/image3-2.jpg","datePublished":"2023-12-01T11:32:45+00:00","dateModified":"2023-12-01T11:41:57+00:00","description":"Experimente un viaje \u00fanico de Oporto a Lisboa con paradas en Aveiro, Nazar\u00e9\/F\u00e1tima y \u00d3bidos. Tour privado personalizable para una experiencia portuguesa memorable \u2705","breadcrumb":{"@id":"https:\/\/tourtravelandmore.com\/es\/tours\/portugal-es\/oporto-es\/traslado-oporto-a-lisboa-con-hasta-3-paradas-aveiro-nazare-o-fatima-obidos\/#breadcrumb"},"inLanguage":"es","potentialAction":[{"@type":"ReadAction","target":["https:\/\/tourtravelandmore.com\/es\/tours\/portugal-es\/oporto-es\/traslado-oporto-a-lisboa-con-hasta-3-paradas-aveiro-nazare-o-fatima-obidos\/"]}]},{"@type":"ImageObject","inLanguage":"es","@id":"https:\/\/tourtravelandmore.com\/es\/tours\/portugal-es\/oporto-es\/traslado-oporto-a-lisboa-con-hasta-3-paradas-aveiro-nazare-o-fatima-obidos\/#primaryimage","url":"https:\/\/tourtravelandmore.com\/wp-content\/uploads\/2023\/12\/image3-2.jpg","contentUrl":"https:\/\/tourtravelandmore.com\/wp-content\/uploads\/2023\/12\/image3-2.jpg","width":950,"height":750},{"@type":"BreadcrumbList","@id":"https:\/\/tourtravelandmore.com\/es\/tours\/portugal-es\/oporto-es\/traslado-oporto-a-lisboa-con-hasta-3-paradas-aveiro-nazare-o-fatima-obidos\/#breadcrumb","itemListElement":[{"@type":"ListItem","position":1,"name":"Home","item":"https:\/\/tourtravelandmore.com\/es\/"},{"@type":"ListItem","position":2,"name":"Tours","item":"https:\/\/tourtravelandmore.com\/es\/tours\/"},{"@type":"ListItem","position":3,"name":"Traslado Oporto a Lisboa con hasta 3 paradas (Aveiro, Nazar\u00e9 o F\u00e1tima, \u00d3bidos)"}]},{"@type":"WebSite","@id":"https:\/\/tourtravelandmore.com\/es\/#website","url":"https:\/\/tourtravelandmore.com\/es\/","name":"Tour Travel And More","description":"Private sightseeing tours and luxury transfers in Spain","publisher":{"@id":"https:\/\/tourtravelandmore.com\/es\/#organization"},"potentialAction":[{"@type":"SearchAction","target":{"@type":"EntryPoint","urlTemplate":"https:\/\/tourtravelandmore.com\/es\/?s={search_term_string}"},"query-input":{"@type":"PropertyValueSpecification","valueRequired":true,"valueName":"search_term_string"}}],"inLanguage":"es"},{"@type":"Organization","@id":"https:\/\/tourtravelandmore.com\/es\/#organization","name":"Tour Travel And More","url":"https:\/\/tourtravelandmore.com\/es\/","logo":{"@type":"ImageObject","inLanguage":"es","@id":"https:\/\/tourtravelandmore.com\/es\/#\/schema\/logo\/image\/","url":"https:\/\/tourtravelandmore.com\/wp-content\/uploads\/2022\/12\/cropped-logo-cabecera-new.png","contentUrl":"https:\/\/tourtravelandmore.com\/wp-content\/uploads\/2022\/12\/cropped-logo-cabecera-new.png","width":430,"height":61,"caption":"Tour Travel And More"},"image":{"@id":"https:\/\/tourtravelandmore.com\/es\/#\/schema\/logo\/image\/"},"sameAs":["https:\/\/www.facebook.com\/tourtravelandmore\/","https:\/\/x.com\/TourTravel_More"]}]}},"_links":{"self":[{"href":"https:\/\/tourtravelandmore.com\/es\/wp-json\/wp\/v2\/product\/171313","targetHints":{"allow":["GET"]}}],"collection":[{"href":"https:\/\/tourtravelandmore.com\/es\/wp-json\/wp\/v2\/product"}],"about":[{"href":"https:\/\/tourtravelandmore.com\/es\/wp-json\/wp\/v2\/types\/product"}],"replies":[{"embeddable":true,"href":"https:\/\/tourtravelandmore.com\/es\/wp-json\/wp\/v2\/comments?post=171313"}],"wp:featuredmedia":[{"embeddable":true,"href":"https:\/\/tourtravelandmore.com\/es\/wp-json\/wp\/v2\/media\/171335"}],"wp:attachment":[{"href":"https:\/\/tourtravelandmore.com\/es\/wp-json\/wp\/v2\/media?parent=171313"}],"wp:term":[{"taxonomy":"product_brand","embeddable":true,"href":"https:\/\/tourtravelandmore.com\/es\/wp-json\/wp\/v2\/product_brand?post=171313"},{"taxonomy":"product_cat","embeddable":true,"href":"https:\/\/tourtravelandmore.com\/es\/wp-json\/wp\/v2\/product_cat?post=171313"},{"taxonomy":"product_tag","embeddable":true,"href":"https:\/\/tourtravelandmore.com\/es\/wp-json\/wp\/v2\/product_tag?post=171313"}],"curies":[{"name":"wp","href":"https:\/\/api.w.org\/{rel}","templated":true}]}}