{"id":171286,"date":"2023-12-01T12:09:01","date_gmt":"2023-12-01T11:09:01","guid":{"rendered":"https:\/\/tourtravelandmore.com\/?post_type=product&#038;p=171286"},"modified":"2023-12-01T12:19:04","modified_gmt":"2023-12-01T11:19:04","slug":"tour-privado-de-lisboa-desde-oporto","status":"publish","type":"product","link":"https:\/\/tourtravelandmore.com\/es\/tours\/portugal-es\/oporto-es\/tour-privado-de-lisboa-desde-oporto\/","title":{"rendered":"Tour privado de Lisboa desde Oporto"},"content":{"rendered":"<h2><b>Tour privado de Lisboa desde Oporto Descripci\u00f3n<\/b><\/h2>\n<p><span style=\"font-weight: 400;\">Emb\u00e1rquese en un cautivador viaje de 12 horas desde la encantadora ciudad de Oporto hasta el vibrante coraz\u00f3n de la capital de Portugal, Lisboa. Este tour privado, presentado por Tour Travel and More, ofrece una exploraci\u00f3n \u00edntima de las encantadoras calles de Lisboa, su rica historia y su animada cultura. Al salir de Oporto en la comodidad de un coche de lujo, comienza su aventura a trav\u00e9s de los impresionantes paisajes de Portugal y en su conmovedora capital.<\/span><\/p>\n<p><span style=\"font-weight: 400;\">A su llegada a Lisboa, una ciudad conocida por sus siete colinas y una exquisita mezcla de arquitectura tradicional y cultura contempor\u00e1nea, su gu\u00eda personal le conducir\u00e1 en una exploraci\u00f3n de 4 horas. Descubra los fascinantes barrios de Lisboa, cada uno de los cuales rebosa car\u00e1cter e historias \u00fanicas. Desde el hist\u00f3rico barrio de Alfama hasta el moderno Bairro Alto, Lisboa se revela no s\u00f3lo como una ciudad, sino como un libro de cuentos viviente.<\/span><\/p>\n<p><span style=\"font-weight: 400;\">Este recorrido es una inmersi\u00f3n en el coraz\u00f3n de la cultura, la historia y el estilo de vida portugueses. Mientras recorre las calles adoquinadas de Lisboa, descubrir\u00e1 joyas ocultas, se maravillar\u00e1 con las impresionantes vistas y se adentrar\u00e1 en las legendarias historias de la ciudad. El viaje est\u00e1 dise\u00f1ado para ser algo m\u00e1s que una visita tur\u00edstica; es una experiencia educativa y emotiva, adaptada a sus intereses y a su ritmo, que le garantiza un d\u00eda lleno de asombro y maravilla.<\/span><\/p>\n<p><span style=\"font-weight: 400;\">Su aventura lisboeta va m\u00e1s all\u00e1 de los monumentos, ofreci\u00e9ndole una aut\u00e9ntica conexi\u00f3n con el alma de la ciudad. Experimente la vibrante energ\u00eda de los bulliciosos mercados de Lisboa, donde los colores y aromas crean un tapiz de la vida local. Mientras pasea por la orilla, el r\u00edo Tajo le susurrar\u00e1 historias de exploradores que zarparon de estas costas. Su gu\u00eda, con su profundo conocimiento y pasi\u00f3n por Lisboa, se asegurar\u00e1 de que cada historia, desde las tradiciones ancestrales hasta las maravillas modernas, cobre vida.<\/span><\/p>\n<h2><b>Lo m\u00e1s destacado de la Excursi\u00f3n Privada a Lisboa desde Oporto<\/b><\/h2>\n<ul>\n<li style=\"font-weight: 400;\" aria-level=\"1\"><b>Monasterio de los Jer\u00f3nimos:<\/b><span style=\"font-weight: 400;\"> Este monasterio, declarado Patrimonio de la Humanidad por la UNESCO, es una obra maestra de la arquitectura manuelina. Es un testimonio de la Era de los Descubrimientos de Portugal y refleja la riqueza y el poder del Portugal del siglo XVI.<\/span><\/li>\n<li style=\"font-weight: 400;\" aria-level=\"1\"><b>Torre de Belem:<\/b><span style=\"font-weight: 400;\"> Icono del paisaje lisboeta, la Torre de Belem es un s\u00edmbolo de los descubrimientos mar\u00edtimos que definieron la historia de Portugal. Su arquitectura \u00fanica y su importancia hist\u00f3rica la convierten en una visita obligada.<\/span><\/li>\n<li style=\"font-weight: 400;\" aria-level=\"1\"><b>Barrio de Alfama<\/b><span style=\"font-weight: 400;\">: Explore el barrio m\u00e1s antiguo de Lisboa, conocido por sus estrechas callejuelas, sus tradicionales casas de fado y su genuina sensaci\u00f3n de la Lisboa antigua. Alfama es un laberinto de historia y cultura que ofrece vistas pintorescas a cada paso.<\/span><\/li>\n<li style=\"font-weight: 400;\" aria-level=\"1\"><b>Bairro Alto y Chiado:<\/b><span style=\"font-weight: 400;\"> estos barrios de moda combinan el encanto tradicional con un ambiente moderno. Llenos de caf\u00e9s, tiendas y lugares culturales, ofrecen una visi\u00f3n de la vida urbana contempor\u00e1nea de Lisboa.<\/span><\/li>\n<li style=\"font-weight: 400;\" aria-level=\"1\"><b>Praca do Comercio:<\/b><span style=\"font-weight: 400;\"> Esta gran plaza, frente al r\u00edo Tajo, ha sido escenario de importantes acontecimientos de la historia portuguesa. Hoy en d\u00eda, es un lugar popular tanto para los lisboetas como para los turistas, perfecto para disfrutar del vibrante ambiente de Lisboa.<\/span><\/li>\n<li style=\"font-weight: 400;\" aria-level=\"1\"><b>Catedral de Lisboa:<\/b><span style=\"font-weight: 400;\"> Conocida como S\u00e9 de Lisboa, esta imponente catedral es una mezcla de estilos arquitect\u00f3nicos, reflejo de la diversa historia de la ciudad. Es un s\u00edmbolo de la resistencia y la belleza de Lisboa<\/span><\/li>\n<\/ul>\n<p><span style=\"font-weight: 400;\">Para aquellos que deseen descubrir m\u00e1s de lo que Oporto y sus alrededores tienen que ofrecer, Tour Travel and More presenta una amplia gama de tours privados. Cada tour est\u00e1 cuidadosamente dise\u00f1ado para proporcionar una experiencia exclusiva y enriquecedora, mostrando lo mejor de Oporto y m\u00e1s all\u00e1. <\/span><a href=\"https:\/\/tourtravelandmore.com\/es\/ciudad\/portugal-es\/oporto-es\/\"><span style=\"font-weight: 400;\">Explore nuestra selecci\u00f3n de tours privados, incluyendo rutas del vino, exploraciones hist\u00f3ricas y viajes panor\u00e1micos a las joyas ocultas del norte de Portugal.<\/span><\/a><span style=\"font-weight: 400;\"> P\u00f3ngase en contacto con nosotros para crear su itinerario perfecto y embarcarse en un viaje que promete recuerdos para toda la vida. Visite Tour Travel and More para obtener m\u00e1s informaci\u00f3n y reservar su pr\u00f3xima aventura.<\/span><\/p>\n","protected":false},"excerpt":{"rendered":"<p><span style=\"font-weight: 400;\">Emb\u00e1rquese en un tour privado de 12 horas de Oporto a Lisboa con Tour Travel and More. Explore los lugares emblem\u00e1ticos de Lisboa como el Monasterio de los Jer\u00f3nimos, la Torre de Belem, Alfama, Bairro Alto, y mucho m\u00e1s con un gu\u00eda experto y un transporte c\u00f3modo. Viva la rica historia y la vibrante cultura de Portugal en un d\u00eda lleno de descubrimientos.<\/span><\/p>\n","protected":false},"featured_media":171311,"comment_status":"open","ping_status":"closed","template":"","meta":{"_acf_changed":false},"product_brand":[],"product_cat":[624,633,634],"product_tag":[],"class_list":{"0":"post-171286","1":"product","2":"type-product","3":"status-publish","4":"has-post-thumbnail","6":"product_cat-oporto-es","7":"product_cat-oporto-actividades-es","8":"product_cat-oporto-excursiones-es","10":"first","11":"instock","12":"shipping-taxable","13":"purchasable","14":"product-type-simple"},"acf":[],"yoast_head":"<!-- This site is optimized with the Yoast SEO Premium plugin v25.3.1 (Yoast SEO v25.3.1) - https:\/\/yoast.com\/wordpress\/plugins\/seo\/ -->\n<title>\u27a1\ufe0f Descubra los encantos de Lisboa: Tour privado de 12 horas desde Oporto con gu\u00eda y coche de lujo \u2705<\/title>\n<meta name=\"description\" content=\"\u00danete a un tour privado de 12 horas desde Oporto a Lisboa, explorando lugares emblem\u00e1ticos con un gu\u00eda personal. Experimente la capital de Portugal en lujo y comodidad. \u2705\" \/>\n<meta name=\"robots\" content=\"index, follow, max-snippet:-1, max-image-preview:large, max-video-preview:-1\" \/>\n<link rel=\"canonical\" href=\"https:\/\/tourtravelandmore.com\/es\/tours\/portugal-es\/oporto-es\/tour-privado-de-lisboa-desde-oporto\/\" \/>\n<meta property=\"og:locale\" content=\"es_ES\" \/>\n<meta property=\"og:type\" content=\"article\" \/>\n<meta property=\"og:title\" content=\"Tour privado de Lisboa desde Oporto\" \/>\n<meta property=\"og:description\" content=\"\u00danete a un tour privado de 12 horas desde Oporto a Lisboa, explorando lugares emblem\u00e1ticos con un gu\u00eda personal. Experimente la capital de Portugal en lujo y comodidad. \u2705\" \/>\n<meta property=\"og:url\" content=\"https:\/\/tourtravelandmore.com\/es\/tours\/portugal-es\/oporto-es\/tour-privado-de-lisboa-desde-oporto\/\" \/>\n<meta property=\"og:site_name\" content=\"Tour Travel And More\" \/>\n<meta property=\"article:publisher\" content=\"https:\/\/www.facebook.com\/tourtravelandmore\/\" \/>\n<meta property=\"article:modified_time\" content=\"2023-12-01T11:19:04+00:00\" \/>\n<meta property=\"og:image\" content=\"https:\/\/tourtravelandmore.com\/wp-content\/uploads\/2023\/12\/image4-1.jpg\" \/>\n\t<meta property=\"og:image:width\" content=\"950\" \/>\n\t<meta property=\"og:image:height\" content=\"750\" \/>\n\t<meta property=\"og:image:type\" content=\"image\/jpeg\" \/>\n<meta name=\"twitter:card\" content=\"summary_large_image\" \/>\n<meta name=\"twitter:site\" content=\"@TourTravel_More\" \/>\n<meta name=\"twitter:label1\" content=\"Tiempo de lectura\" \/>\n\t<meta name=\"twitter:data1\" content=\"3 minutos\" \/>\n<script type=\"application\/ld+json\" class=\"yoast-schema-graph\">{\"@context\":\"https:\/\/schema.org\",\"@graph\":[{\"@type\":\"WebPage\",\"@id\":\"https:\/\/tourtravelandmore.com\/es\/tours\/portugal-es\/oporto-es\/tour-privado-de-lisboa-desde-oporto\/\",\"url\":\"https:\/\/tourtravelandmore.com\/es\/tours\/portugal-es\/oporto-es\/tour-privado-de-lisboa-desde-oporto\/\",\"name\":\"\u27a1\ufe0f Descubra los encantos de Lisboa: Tour privado de 12 horas desde Oporto con gu\u00eda y coche de lujo \u2705\",\"isPartOf\":{\"@id\":\"https:\/\/tourtravelandmore.com\/es\/#website\"},\"primaryImageOfPage\":{\"@id\":\"https:\/\/tourtravelandmore.com\/es\/tours\/portugal-es\/oporto-es\/tour-privado-de-lisboa-desde-oporto\/#primaryimage\"},\"image\":{\"@id\":\"https:\/\/tourtravelandmore.com\/es\/tours\/portugal-es\/oporto-es\/tour-privado-de-lisboa-desde-oporto\/#primaryimage\"},\"thumbnailUrl\":\"https:\/\/tourtravelandmore.com\/wp-content\/uploads\/2023\/12\/image4-1.jpg\",\"datePublished\":\"2023-12-01T11:09:01+00:00\",\"dateModified\":\"2023-12-01T11:19:04+00:00\",\"description\":\"\u00danete a un tour privado de 12 horas desde Oporto a Lisboa, explorando lugares emblem\u00e1ticos con un gu\u00eda personal. Experimente la capital de Portugal en lujo y comodidad. \u2705\",\"breadcrumb\":{\"@id\":\"https:\/\/tourtravelandmore.com\/es\/tours\/portugal-es\/oporto-es\/tour-privado-de-lisboa-desde-oporto\/#breadcrumb\"},\"inLanguage\":\"es\",\"potentialAction\":[{\"@type\":\"ReadAction\",\"target\":[\"https:\/\/tourtravelandmore.com\/es\/tours\/portugal-es\/oporto-es\/tour-privado-de-lisboa-desde-oporto\/\"]}]},{\"@type\":\"ImageObject\",\"inLanguage\":\"es\",\"@id\":\"https:\/\/tourtravelandmore.com\/es\/tours\/portugal-es\/oporto-es\/tour-privado-de-lisboa-desde-oporto\/#primaryimage\",\"url\":\"https:\/\/tourtravelandmore.com\/wp-content\/uploads\/2023\/12\/image4-1.jpg\",\"contentUrl\":\"https:\/\/tourtravelandmore.com\/wp-content\/uploads\/2023\/12\/image4-1.jpg\",\"width\":950,\"height\":750},{\"@type\":\"BreadcrumbList\",\"@id\":\"https:\/\/tourtravelandmore.com\/es\/tours\/portugal-es\/oporto-es\/tour-privado-de-lisboa-desde-oporto\/#breadcrumb\",\"itemListElement\":[{\"@type\":\"ListItem\",\"position\":1,\"name\":\"Home\",\"item\":\"https:\/\/tourtravelandmore.com\/es\/\"},{\"@type\":\"ListItem\",\"position\":2,\"name\":\"Tours\",\"item\":\"https:\/\/tourtravelandmore.com\/es\/tours\/\"},{\"@type\":\"ListItem\",\"position\":3,\"name\":\"Tour privado de Lisboa desde Oporto\"}]},{\"@type\":\"WebSite\",\"@id\":\"https:\/\/tourtravelandmore.com\/es\/#website\",\"url\":\"https:\/\/tourtravelandmore.com\/es\/\",\"name\":\"Tour Travel And More\",\"description\":\"Private sightseeing tours and luxury transfers in Spain\",\"publisher\":{\"@id\":\"https:\/\/tourtravelandmore.com\/es\/#organization\"},\"potentialAction\":[{\"@type\":\"SearchAction\",\"target\":{\"@type\":\"EntryPoint\",\"urlTemplate\":\"https:\/\/tourtravelandmore.com\/es\/?s={search_term_string}\"},\"query-input\":{\"@type\":\"PropertyValueSpecification\",\"valueRequired\":true,\"valueName\":\"search_term_string\"}}],\"inLanguage\":\"es\"},{\"@type\":\"Organization\",\"@id\":\"https:\/\/tourtravelandmore.com\/es\/#organization\",\"name\":\"Tour Travel And More\",\"url\":\"https:\/\/tourtravelandmore.com\/es\/\",\"logo\":{\"@type\":\"ImageObject\",\"inLanguage\":\"es\",\"@id\":\"https:\/\/tourtravelandmore.com\/es\/#\/schema\/logo\/image\/\",\"url\":\"https:\/\/tourtravelandmore.com\/wp-content\/uploads\/2022\/12\/cropped-logo-cabecera-new.png\",\"contentUrl\":\"https:\/\/tourtravelandmore.com\/wp-content\/uploads\/2022\/12\/cropped-logo-cabecera-new.png\",\"width\":430,\"height\":61,\"caption\":\"Tour Travel And More\"},\"image\":{\"@id\":\"https:\/\/tourtravelandmore.com\/es\/#\/schema\/logo\/image\/\"},\"sameAs\":[\"https:\/\/www.facebook.com\/tourtravelandmore\/\",\"https:\/\/x.com\/TourTravel_More\"]}]}<\/script>\n<!-- \/ Yoast SEO Premium plugin. -->","yoast_head_json":{"title":"\u27a1\ufe0f Descubra los encantos de Lisboa: Tour privado de 12 horas desde Oporto con gu\u00eda y coche de lujo \u2705","description":"\u00danete a un tour privado de 12 horas desde Oporto a Lisboa, explorando lugares emblem\u00e1ticos con un gu\u00eda personal. Experimente la capital de Portugal en lujo y comodidad. \u2705","robots":{"index":"index","follow":"follow","max-snippet":"max-snippet:-1","max-image-preview":"max-image-preview:large","max-video-preview":"max-video-preview:-1"},"canonical":"https:\/\/tourtravelandmore.com\/es\/tours\/portugal-es\/oporto-es\/tour-privado-de-lisboa-desde-oporto\/","og_locale":"es_ES","og_type":"article","og_title":"Tour privado de Lisboa desde Oporto","og_description":"\u00danete a un tour privado de 12 horas desde Oporto a Lisboa, explorando lugares emblem\u00e1ticos con un gu\u00eda personal. Experimente la capital de Portugal en lujo y comodidad. \u2705","og_url":"https:\/\/tourtravelandmore.com\/es\/tours\/portugal-es\/oporto-es\/tour-privado-de-lisboa-desde-oporto\/","og_site_name":"Tour Travel And More","article_publisher":"https:\/\/www.facebook.com\/tourtravelandmore\/","article_modified_time":"2023-12-01T11:19:04+00:00","og_image":[{"width":950,"height":750,"url":"https:\/\/tourtravelandmore.com\/wp-content\/uploads\/2023\/12\/image4-1.jpg","type":"image\/jpeg"}],"twitter_card":"summary_large_image","twitter_site":"@TourTravel_More","twitter_misc":{"Tiempo de lectura":"3 minutos"},"schema":{"@context":"https:\/\/schema.org","@graph":[{"@type":"WebPage","@id":"https:\/\/tourtravelandmore.com\/es\/tours\/portugal-es\/oporto-es\/tour-privado-de-lisboa-desde-oporto\/","url":"https:\/\/tourtravelandmore.com\/es\/tours\/portugal-es\/oporto-es\/tour-privado-de-lisboa-desde-oporto\/","name":"\u27a1\ufe0f Descubra los encantos de Lisboa: Tour privado de 12 horas desde Oporto con gu\u00eda y coche de lujo \u2705","isPartOf":{"@id":"https:\/\/tourtravelandmore.com\/es\/#website"},"primaryImageOfPage":{"@id":"https:\/\/tourtravelandmore.com\/es\/tours\/portugal-es\/oporto-es\/tour-privado-de-lisboa-desde-oporto\/#primaryimage"},"image":{"@id":"https:\/\/tourtravelandmore.com\/es\/tours\/portugal-es\/oporto-es\/tour-privado-de-lisboa-desde-oporto\/#primaryimage"},"thumbnailUrl":"https:\/\/tourtravelandmore.com\/wp-content\/uploads\/2023\/12\/image4-1.jpg","datePublished":"2023-12-01T11:09:01+00:00","dateModified":"2023-12-01T11:19:04+00:00","description":"\u00danete a un tour privado de 12 horas desde Oporto a Lisboa, explorando lugares emblem\u00e1ticos con un gu\u00eda personal. Experimente la capital de Portugal en lujo y comodidad. \u2705","breadcrumb":{"@id":"https:\/\/tourtravelandmore.com\/es\/tours\/portugal-es\/oporto-es\/tour-privado-de-lisboa-desde-oporto\/#breadcrumb"},"inLanguage":"es","potentialAction":[{"@type":"ReadAction","target":["https:\/\/tourtravelandmore.com\/es\/tours\/portugal-es\/oporto-es\/tour-privado-de-lisboa-desde-oporto\/"]}]},{"@type":"ImageObject","inLanguage":"es","@id":"https:\/\/tourtravelandmore.com\/es\/tours\/portugal-es\/oporto-es\/tour-privado-de-lisboa-desde-oporto\/#primaryimage","url":"https:\/\/tourtravelandmore.com\/wp-content\/uploads\/2023\/12\/image4-1.jpg","contentUrl":"https:\/\/tourtravelandmore.com\/wp-content\/uploads\/2023\/12\/image4-1.jpg","width":950,"height":750},{"@type":"BreadcrumbList","@id":"https:\/\/tourtravelandmore.com\/es\/tours\/portugal-es\/oporto-es\/tour-privado-de-lisboa-desde-oporto\/#breadcrumb","itemListElement":[{"@type":"ListItem","position":1,"name":"Home","item":"https:\/\/tourtravelandmore.com\/es\/"},{"@type":"ListItem","position":2,"name":"Tours","item":"https:\/\/tourtravelandmore.com\/es\/tours\/"},{"@type":"ListItem","position":3,"name":"Tour privado de Lisboa desde Oporto"}]},{"@type":"WebSite","@id":"https:\/\/tourtravelandmore.com\/es\/#website","url":"https:\/\/tourtravelandmore.com\/es\/","name":"Tour Travel And More","description":"Private sightseeing tours and luxury transfers in Spain","publisher":{"@id":"https:\/\/tourtravelandmore.com\/es\/#organization"},"potentialAction":[{"@type":"SearchAction","target":{"@type":"EntryPoint","urlTemplate":"https:\/\/tourtravelandmore.com\/es\/?s={search_term_string}"},"query-input":{"@type":"PropertyValueSpecification","valueRequired":true,"valueName":"search_term_string"}}],"inLanguage":"es"},{"@type":"Organization","@id":"https:\/\/tourtravelandmore.com\/es\/#organization","name":"Tour Travel And More","url":"https:\/\/tourtravelandmore.com\/es\/","logo":{"@type":"ImageObject","inLanguage":"es","@id":"https:\/\/tourtravelandmore.com\/es\/#\/schema\/logo\/image\/","url":"https:\/\/tourtravelandmore.com\/wp-content\/uploads\/2022\/12\/cropped-logo-cabecera-new.png","contentUrl":"https:\/\/tourtravelandmore.com\/wp-content\/uploads\/2022\/12\/cropped-logo-cabecera-new.png","width":430,"height":61,"caption":"Tour Travel And More"},"image":{"@id":"https:\/\/tourtravelandmore.com\/es\/#\/schema\/logo\/image\/"},"sameAs":["https:\/\/www.facebook.com\/tourtravelandmore\/","https:\/\/x.com\/TourTravel_More"]}]}},"_links":{"self":[{"href":"https:\/\/tourtravelandmore.com\/es\/wp-json\/wp\/v2\/product\/171286","targetHints":{"allow":["GET"]}}],"collection":[{"href":"https:\/\/tourtravelandmore.com\/es\/wp-json\/wp\/v2\/product"}],"about":[{"href":"https:\/\/tourtravelandmore.com\/es\/wp-json\/wp\/v2\/types\/product"}],"replies":[{"embeddable":true,"href":"https:\/\/tourtravelandmore.com\/es\/wp-json\/wp\/v2\/comments?post=171286"}],"wp:featuredmedia":[{"embeddable":true,"href":"https:\/\/tourtravelandmore.com\/es\/wp-json\/wp\/v2\/media\/171311"}],"wp:attachment":[{"href":"https:\/\/tourtravelandmore.com\/es\/wp-json\/wp\/v2\/media?parent=171286"}],"wp:term":[{"taxonomy":"product_brand","embeddable":true,"href":"https:\/\/tourtravelandmore.com\/es\/wp-json\/wp\/v2\/product_brand?post=171286"},{"taxonomy":"product_cat","embeddable":true,"href":"https:\/\/tourtravelandmore.com\/es\/wp-json\/wp\/v2\/product_cat?post=171286"},{"taxonomy":"product_tag","embeddable":true,"href":"https:\/\/tourtravelandmore.com\/es\/wp-json\/wp\/v2\/product_tag?post=171286"}],"curies":[{"name":"wp","href":"https:\/\/api.w.org\/{rel}","templated":true}]}}