{"id":171259,"date":"2023-12-01T11:41:05","date_gmt":"2023-12-01T10:41:06","guid":{"rendered":"https:\/\/tourtravelandmore.com\/?post_type=product&#038;p=171259"},"modified":"2023-12-01T11:52:29","modified_gmt":"2023-12-01T10:52:29","slug":"visita-privada-a-los-principales-monumentos-de-oporto","status":"publish","type":"product","link":"https:\/\/tourtravelandmore.com\/es\/tours\/portugal-es\/oporto-es\/visita-privada-a-los-principales-monumentos-de-oporto\/","title":{"rendered":"Visita Privada a los &#8220;Principales Monumentos&#8221; de Oporto"},"content":{"rendered":"<h2><b>Tour Privado de los &#8220;Principales Monumentos&#8221; de Oporto Descripci\u00f3n<\/b><\/h2>\n<p><span style=\"font-weight: 400;\">Descubra el coraz\u00f3n y el alma de Oporto de una forma exclusiva y enriquecedora con nuestro tour privado especialmente dise\u00f1ado. Este viaje de 4 horas, dirigido por un gu\u00eda local experto y facilitado por un c\u00f3modo coche privado, es la forma perfecta de conocer los monumentos m\u00e1s significativos de Oporto. Nuestro tour incluye entradas de acceso prioritario al Palacio de la Bolsa y a la famosa Livraria Lello, garantizando una experiencia inmersiva y sin complicaciones.<\/span><\/p>\n<p><span style=\"font-weight: 400;\">Su aventura comienza en la vibrante atm\u00f3sfera de Oporto, donde cada rinc\u00f3n cuenta una historia de tradici\u00f3n, cultura y arte. Mientras recorre la ciudad en nuestro veh\u00edculo de lujo, sentir\u00e1 la esencia de la rica historia de Oporto. El recorrido est\u00e1 meticulosamente planificado para cubrir todas las atracciones principales y, al mismo tiempo, dejarle tiempo suficiente para absorber y saborear cada experiencia. Desde las calles hist\u00f3ricas hasta la grandeza de los edificios emblem\u00e1ticos, cada momento de este recorrido est\u00e1 dise\u00f1ado para cautivar sus sentidos y dejarle con una profunda apreciaci\u00f3n de esta hermosa ciudad.<\/span><\/p>\n<p><span style=\"font-weight: 400;\">La comodidad de un coche privado le permitir\u00e1 disfrutar de un viaje confortable, mientras nuestro experimentado gu\u00eda le cuenta an\u00e9cdotas y le hace revivir la historia de Oporto. Si usted es un entusiasta del arte, un aficionado a la historia, o simplemente quiere disfrutar de lo mejor de Oporto, este tour promete ofrecerle una experiencia memorable y personalizada.<\/span><\/p>\n<h2><b>Tour Privado de los &#8220;Principales Monumentos&#8221; de Oporto Puntos de Inter\u00e9s<\/b><\/h2>\n<ul>\n<li style=\"font-weight: 400;\" aria-level=\"1\"><span style=\"font-weight: 400;\"><strong>Palacio de la Bolsa:<\/strong> A menudo considerado como una joya de la arquitectura portuguesa del siglo XIX, el Palacio de la Bolsa es famoso por su exquisita fachada neocl\u00e1sica y sus interiores ornamentados. Como antigua bolsa de valores, simboliza el \u00e9xito comercial de Oporto. En su interior, le sorprender\u00e1 el Sal\u00f3n \u00c1rabe, un suntuoso espacio inspirado en los dise\u00f1os moriscos, reflejo de las influencias globales que dieron forma a Oporto. Este palacio no es s\u00f3lo un edificio; es una celebraci\u00f3n de la historia, la arquitectura y el patrimonio econ\u00f3mico de la ciudad.<\/span><\/li>\n<li style=\"font-weight: 400;\" aria-level=\"1\"><span style=\"font-weight: 400;\"><strong>Livraria Lello:<\/strong> Conocida como una de las librer\u00edas m\u00e1s bellas del mundo, la Livraria Lello es una maravilla del dise\u00f1o art nouveau. Con su impresionante escalera, su techo de vidrieras y sus estanter\u00edas repletas de libros, es un para\u00edso para los amantes de la lectura y un refugio de inspiraci\u00f3n. Se rumorea que influy\u00f3 en Harry Potter de J.K. Rowling, esta librer\u00eda va m\u00e1s all\u00e1 de ser una simple tienda; es un hito cultural donde convergen la literatura, el arte y la historia.<\/span><\/li>\n<li style=\"font-weight: 400;\" aria-level=\"1\"><span style=\"font-weight: 400;\"><strong>Torre de los Cl\u00e9rigos:<\/strong> esta emblem\u00e1tica torre barroca, que forma parte de la Iglesia de los Cl\u00e9rigos, ofrece una de las vistas m\u00e1s impresionantes de Oporto. Subiendo sus 225 escalones se obtiene una vista panor\u00e1mica que abarca la ciudad en su totalidad. La importancia hist\u00f3rica de la torre y su papel en el perfil de la ciudad la convierten en una visita obligada. No es s\u00f3lo un mirador; es un viaje a trav\u00e9s de la historia de Oporto, que ofrece una perspectiva \u00fanica de la ciudad.<\/span><\/li>\n<li style=\"font-weight: 400;\" aria-level=\"1\"><span style=\"font-weight: 400;\"><strong>Estaci\u00f3n de S\u00e3o Bento:<\/strong> Considerada una de las estaciones de tren m\u00e1s bonitas del mundo, S\u00e3o Bento es famosa por los paneles de azulejos (cer\u00e1mica azul y blanca) que adornan sus paredes. Estos azulejos representan diversas escenas hist\u00f3ricas y culturales de Portugal y ofrecen una v\u00edvida visi\u00f3n del pasado de la naci\u00f3n. La estaci\u00f3n es m\u00e1s que un centro de transporte: es una galer\u00eda viva de la historia y el arte portugueses.<\/span><\/li>\n<li style=\"font-weight: 400;\" aria-level=\"1\"><span style=\"font-weight: 400;\"><strong>Barrio de la Ribeira<\/strong>: Pasee por la Ribeira, el hist\u00f3rico barrio ribere\u00f1o de Oporto. Este lugar declarado Patrimonio de la Humanidad por la UNESCO es un colorido retablo de casas antiguas, calles serpenteantes y animados caf\u00e9s y restaurantes. La zona es un testimonio de la herencia de Oporto como puerto pesquero y comercial, donde cada callej\u00f3n y cada edificio tienen una historia que contar. Es un lugar ideal para vivir el ambiente local y disfrutar de la cocina tradicional portuguesa.<\/span><\/li>\n<\/ul>\n<p><span style=\"font-weight: 400;\">Descubra las maravillas de Oporto con Tour Travel and More. Desde las calles hist\u00f3ricas hasta las obras maestras de la arquitectura, nuestros tours privados ofrecen una experiencia inigualable de la ciudad. Tanto si desea explorar las joyas ocultas o presenciar la grandeza de sus famosos monumentos, tenemos el tour perfecto para usted. <\/span><a href=\"https:\/\/tourtravelandmore.com\/es\/ciudad\/portugal-es\/oporto-es\/\"><span style=\"font-weight: 400;\">Visite Tour Travel and More para explorar nuestra amplia gama de tours privados en Oporto y perm\u00edtanos hacer que su viaje sea inolvidable.<\/span><\/a><\/p>\n","protected":false},"excerpt":{"rendered":"<p><span style=\"font-weight: 400;\">Acomp\u00e1\u00f1enos en un tour privado de 4 horas por los principales monumentos de Oporto, incluyendo el Palacio de la Bolsa y la Livraria Lello, con acceso exclusivo. Conozca la rica historia de la ciudad y sus hitos culturales en la comodidad de un coche privado, guiado por nuestro experto local.<\/span><\/p>\n","protected":false},"featured_media":171284,"comment_status":"open","ping_status":"closed","template":"","meta":{"_acf_changed":false},"product_brand":[],"product_cat":[624,633,635],"product_tag":[],"class_list":{"0":"post-171259","1":"product","2":"type-product","3":"status-publish","4":"has-post-thumbnail","6":"product_cat-oporto-es","7":"product_cat-oporto-actividades-es","8":"product_cat-oporto-rutas-turisticas-privadas-es","10":"first","11":"instock","12":"shipping-taxable","13":"purchasable","14":"product-type-simple"},"acf":[],"yoast_head":"<!-- This site is optimized with the Yoast SEO Premium plugin v25.3.1 (Yoast SEO v25.3.1) - https:\/\/yoast.com\/wordpress\/plugins\/seo\/ -->\n<title>\u27a1\ufe0f Explore los famosos monumentos de Oporto en un tour privado con Tour Travel and More \u2705<\/title>\n<meta name=\"description\" content=\"Descubra el Palacio de la Bolsa y la Livraria Lello de Oporto en un tour privado de 4 horas con acceso exclusivo. Sum\u00e9rjase en la historia de la ciudad con Tour Travel and More. \u2705\" \/>\n<meta name=\"robots\" content=\"index, follow, max-snippet:-1, max-image-preview:large, max-video-preview:-1\" \/>\n<link rel=\"canonical\" href=\"https:\/\/tourtravelandmore.com\/es\/tours\/portugal-es\/oporto-es\/visita-privada-a-los-principales-monumentos-de-oporto\/\" \/>\n<meta property=\"og:locale\" content=\"es_ES\" \/>\n<meta property=\"og:type\" content=\"article\" \/>\n<meta property=\"og:title\" content=\"Visita Privada a los &quot;Principales Monumentos&quot; de Oporto\" \/>\n<meta property=\"og:description\" content=\"Descubra el Palacio de la Bolsa y la Livraria Lello de Oporto en un tour privado de 4 horas con acceso exclusivo. Sum\u00e9rjase en la historia de la ciudad con Tour Travel and More. \u2705\" \/>\n<meta property=\"og:url\" content=\"https:\/\/tourtravelandmore.com\/es\/tours\/portugal-es\/oporto-es\/visita-privada-a-los-principales-monumentos-de-oporto\/\" \/>\n<meta property=\"og:site_name\" content=\"Tour Travel And More\" \/>\n<meta property=\"article:publisher\" content=\"https:\/\/www.facebook.com\/tourtravelandmore\/\" \/>\n<meta property=\"article:modified_time\" content=\"2023-12-01T10:52:29+00:00\" \/>\n<meta property=\"og:image\" content=\"https:\/\/tourtravelandmore.com\/wp-content\/uploads\/2023\/12\/image4.jpg\" \/>\n\t<meta property=\"og:image:width\" content=\"950\" \/>\n\t<meta property=\"og:image:height\" content=\"750\" \/>\n\t<meta property=\"og:image:type\" content=\"image\/jpeg\" \/>\n<meta name=\"twitter:card\" content=\"summary_large_image\" \/>\n<meta name=\"twitter:site\" content=\"@TourTravel_More\" \/>\n<meta name=\"twitter:label1\" content=\"Tiempo de lectura\" \/>\n\t<meta name=\"twitter:data1\" content=\"4 minutos\" \/>\n<script type=\"application\/ld+json\" class=\"yoast-schema-graph\">{\"@context\":\"https:\/\/schema.org\",\"@graph\":[{\"@type\":\"WebPage\",\"@id\":\"https:\/\/tourtravelandmore.com\/es\/tours\/portugal-es\/oporto-es\/visita-privada-a-los-principales-monumentos-de-oporto\/\",\"url\":\"https:\/\/tourtravelandmore.com\/es\/tours\/portugal-es\/oporto-es\/visita-privada-a-los-principales-monumentos-de-oporto\/\",\"name\":\"\u27a1\ufe0f Explore los famosos monumentos de Oporto en un tour privado con Tour Travel and More \u2705\",\"isPartOf\":{\"@id\":\"https:\/\/tourtravelandmore.com\/es\/#website\"},\"primaryImageOfPage\":{\"@id\":\"https:\/\/tourtravelandmore.com\/es\/tours\/portugal-es\/oporto-es\/visita-privada-a-los-principales-monumentos-de-oporto\/#primaryimage\"},\"image\":{\"@id\":\"https:\/\/tourtravelandmore.com\/es\/tours\/portugal-es\/oporto-es\/visita-privada-a-los-principales-monumentos-de-oporto\/#primaryimage\"},\"thumbnailUrl\":\"https:\/\/tourtravelandmore.com\/wp-content\/uploads\/2023\/12\/image4.jpg\",\"datePublished\":\"2023-12-01T10:41:06+00:00\",\"dateModified\":\"2023-12-01T10:52:29+00:00\",\"description\":\"Descubra el Palacio de la Bolsa y la Livraria Lello de Oporto en un tour privado de 4 horas con acceso exclusivo. Sum\u00e9rjase en la historia de la ciudad con Tour Travel and More. \u2705\",\"breadcrumb\":{\"@id\":\"https:\/\/tourtravelandmore.com\/es\/tours\/portugal-es\/oporto-es\/visita-privada-a-los-principales-monumentos-de-oporto\/#breadcrumb\"},\"inLanguage\":\"es\",\"potentialAction\":[{\"@type\":\"ReadAction\",\"target\":[\"https:\/\/tourtravelandmore.com\/es\/tours\/portugal-es\/oporto-es\/visita-privada-a-los-principales-monumentos-de-oporto\/\"]}]},{\"@type\":\"ImageObject\",\"inLanguage\":\"es\",\"@id\":\"https:\/\/tourtravelandmore.com\/es\/tours\/portugal-es\/oporto-es\/visita-privada-a-los-principales-monumentos-de-oporto\/#primaryimage\",\"url\":\"https:\/\/tourtravelandmore.com\/wp-content\/uploads\/2023\/12\/image4.jpg\",\"contentUrl\":\"https:\/\/tourtravelandmore.com\/wp-content\/uploads\/2023\/12\/image4.jpg\",\"width\":950,\"height\":750},{\"@type\":\"BreadcrumbList\",\"@id\":\"https:\/\/tourtravelandmore.com\/es\/tours\/portugal-es\/oporto-es\/visita-privada-a-los-principales-monumentos-de-oporto\/#breadcrumb\",\"itemListElement\":[{\"@type\":\"ListItem\",\"position\":1,\"name\":\"Home\",\"item\":\"https:\/\/tourtravelandmore.com\/es\/\"},{\"@type\":\"ListItem\",\"position\":2,\"name\":\"Tours\",\"item\":\"https:\/\/tourtravelandmore.com\/es\/tours\/\"},{\"@type\":\"ListItem\",\"position\":3,\"name\":\"Visita Privada a los &#8220;Principales Monumentos&#8221; de Oporto\"}]},{\"@type\":\"WebSite\",\"@id\":\"https:\/\/tourtravelandmore.com\/es\/#website\",\"url\":\"https:\/\/tourtravelandmore.com\/es\/\",\"name\":\"Tour Travel And More\",\"description\":\"Private sightseeing tours and luxury transfers in Spain\",\"publisher\":{\"@id\":\"https:\/\/tourtravelandmore.com\/es\/#organization\"},\"potentialAction\":[{\"@type\":\"SearchAction\",\"target\":{\"@type\":\"EntryPoint\",\"urlTemplate\":\"https:\/\/tourtravelandmore.com\/es\/?s={search_term_string}\"},\"query-input\":{\"@type\":\"PropertyValueSpecification\",\"valueRequired\":true,\"valueName\":\"search_term_string\"}}],\"inLanguage\":\"es\"},{\"@type\":\"Organization\",\"@id\":\"https:\/\/tourtravelandmore.com\/es\/#organization\",\"name\":\"Tour Travel And More\",\"url\":\"https:\/\/tourtravelandmore.com\/es\/\",\"logo\":{\"@type\":\"ImageObject\",\"inLanguage\":\"es\",\"@id\":\"https:\/\/tourtravelandmore.com\/es\/#\/schema\/logo\/image\/\",\"url\":\"https:\/\/tourtravelandmore.com\/wp-content\/uploads\/2022\/12\/cropped-logo-cabecera-new.png\",\"contentUrl\":\"https:\/\/tourtravelandmore.com\/wp-content\/uploads\/2022\/12\/cropped-logo-cabecera-new.png\",\"width\":430,\"height\":61,\"caption\":\"Tour Travel And More\"},\"image\":{\"@id\":\"https:\/\/tourtravelandmore.com\/es\/#\/schema\/logo\/image\/\"},\"sameAs\":[\"https:\/\/www.facebook.com\/tourtravelandmore\/\",\"https:\/\/x.com\/TourTravel_More\"]}]}<\/script>\n<!-- \/ Yoast SEO Premium plugin. -->","yoast_head_json":{"title":"\u27a1\ufe0f Explore los famosos monumentos de Oporto en un tour privado con Tour Travel and More \u2705","description":"Descubra el Palacio de la Bolsa y la Livraria Lello de Oporto en un tour privado de 4 horas con acceso exclusivo. Sum\u00e9rjase en la historia de la ciudad con Tour Travel and More. \u2705","robots":{"index":"index","follow":"follow","max-snippet":"max-snippet:-1","max-image-preview":"max-image-preview:large","max-video-preview":"max-video-preview:-1"},"canonical":"https:\/\/tourtravelandmore.com\/es\/tours\/portugal-es\/oporto-es\/visita-privada-a-los-principales-monumentos-de-oporto\/","og_locale":"es_ES","og_type":"article","og_title":"Visita Privada a los \"Principales Monumentos\" de Oporto","og_description":"Descubra el Palacio de la Bolsa y la Livraria Lello de Oporto en un tour privado de 4 horas con acceso exclusivo. Sum\u00e9rjase en la historia de la ciudad con Tour Travel and More. \u2705","og_url":"https:\/\/tourtravelandmore.com\/es\/tours\/portugal-es\/oporto-es\/visita-privada-a-los-principales-monumentos-de-oporto\/","og_site_name":"Tour Travel And More","article_publisher":"https:\/\/www.facebook.com\/tourtravelandmore\/","article_modified_time":"2023-12-01T10:52:29+00:00","og_image":[{"width":950,"height":750,"url":"https:\/\/tourtravelandmore.com\/wp-content\/uploads\/2023\/12\/image4.jpg","type":"image\/jpeg"}],"twitter_card":"summary_large_image","twitter_site":"@TourTravel_More","twitter_misc":{"Tiempo de lectura":"4 minutos"},"schema":{"@context":"https:\/\/schema.org","@graph":[{"@type":"WebPage","@id":"https:\/\/tourtravelandmore.com\/es\/tours\/portugal-es\/oporto-es\/visita-privada-a-los-principales-monumentos-de-oporto\/","url":"https:\/\/tourtravelandmore.com\/es\/tours\/portugal-es\/oporto-es\/visita-privada-a-los-principales-monumentos-de-oporto\/","name":"\u27a1\ufe0f Explore los famosos monumentos de Oporto en un tour privado con Tour Travel and More \u2705","isPartOf":{"@id":"https:\/\/tourtravelandmore.com\/es\/#website"},"primaryImageOfPage":{"@id":"https:\/\/tourtravelandmore.com\/es\/tours\/portugal-es\/oporto-es\/visita-privada-a-los-principales-monumentos-de-oporto\/#primaryimage"},"image":{"@id":"https:\/\/tourtravelandmore.com\/es\/tours\/portugal-es\/oporto-es\/visita-privada-a-los-principales-monumentos-de-oporto\/#primaryimage"},"thumbnailUrl":"https:\/\/tourtravelandmore.com\/wp-content\/uploads\/2023\/12\/image4.jpg","datePublished":"2023-12-01T10:41:06+00:00","dateModified":"2023-12-01T10:52:29+00:00","description":"Descubra el Palacio de la Bolsa y la Livraria Lello de Oporto en un tour privado de 4 horas con acceso exclusivo. Sum\u00e9rjase en la historia de la ciudad con Tour Travel and More. \u2705","breadcrumb":{"@id":"https:\/\/tourtravelandmore.com\/es\/tours\/portugal-es\/oporto-es\/visita-privada-a-los-principales-monumentos-de-oporto\/#breadcrumb"},"inLanguage":"es","potentialAction":[{"@type":"ReadAction","target":["https:\/\/tourtravelandmore.com\/es\/tours\/portugal-es\/oporto-es\/visita-privada-a-los-principales-monumentos-de-oporto\/"]}]},{"@type":"ImageObject","inLanguage":"es","@id":"https:\/\/tourtravelandmore.com\/es\/tours\/portugal-es\/oporto-es\/visita-privada-a-los-principales-monumentos-de-oporto\/#primaryimage","url":"https:\/\/tourtravelandmore.com\/wp-content\/uploads\/2023\/12\/image4.jpg","contentUrl":"https:\/\/tourtravelandmore.com\/wp-content\/uploads\/2023\/12\/image4.jpg","width":950,"height":750},{"@type":"BreadcrumbList","@id":"https:\/\/tourtravelandmore.com\/es\/tours\/portugal-es\/oporto-es\/visita-privada-a-los-principales-monumentos-de-oporto\/#breadcrumb","itemListElement":[{"@type":"ListItem","position":1,"name":"Home","item":"https:\/\/tourtravelandmore.com\/es\/"},{"@type":"ListItem","position":2,"name":"Tours","item":"https:\/\/tourtravelandmore.com\/es\/tours\/"},{"@type":"ListItem","position":3,"name":"Visita Privada a los &#8220;Principales Monumentos&#8221; de Oporto"}]},{"@type":"WebSite","@id":"https:\/\/tourtravelandmore.com\/es\/#website","url":"https:\/\/tourtravelandmore.com\/es\/","name":"Tour Travel And More","description":"Private sightseeing tours and luxury transfers in Spain","publisher":{"@id":"https:\/\/tourtravelandmore.com\/es\/#organization"},"potentialAction":[{"@type":"SearchAction","target":{"@type":"EntryPoint","urlTemplate":"https:\/\/tourtravelandmore.com\/es\/?s={search_term_string}"},"query-input":{"@type":"PropertyValueSpecification","valueRequired":true,"valueName":"search_term_string"}}],"inLanguage":"es"},{"@type":"Organization","@id":"https:\/\/tourtravelandmore.com\/es\/#organization","name":"Tour Travel And More","url":"https:\/\/tourtravelandmore.com\/es\/","logo":{"@type":"ImageObject","inLanguage":"es","@id":"https:\/\/tourtravelandmore.com\/es\/#\/schema\/logo\/image\/","url":"https:\/\/tourtravelandmore.com\/wp-content\/uploads\/2022\/12\/cropped-logo-cabecera-new.png","contentUrl":"https:\/\/tourtravelandmore.com\/wp-content\/uploads\/2022\/12\/cropped-logo-cabecera-new.png","width":430,"height":61,"caption":"Tour Travel And More"},"image":{"@id":"https:\/\/tourtravelandmore.com\/es\/#\/schema\/logo\/image\/"},"sameAs":["https:\/\/www.facebook.com\/tourtravelandmore\/","https:\/\/x.com\/TourTravel_More"]}]}},"_links":{"self":[{"href":"https:\/\/tourtravelandmore.com\/es\/wp-json\/wp\/v2\/product\/171259","targetHints":{"allow":["GET"]}}],"collection":[{"href":"https:\/\/tourtravelandmore.com\/es\/wp-json\/wp\/v2\/product"}],"about":[{"href":"https:\/\/tourtravelandmore.com\/es\/wp-json\/wp\/v2\/types\/product"}],"replies":[{"embeddable":true,"href":"https:\/\/tourtravelandmore.com\/es\/wp-json\/wp\/v2\/comments?post=171259"}],"wp:featuredmedia":[{"embeddable":true,"href":"https:\/\/tourtravelandmore.com\/es\/wp-json\/wp\/v2\/media\/171284"}],"wp:attachment":[{"href":"https:\/\/tourtravelandmore.com\/es\/wp-json\/wp\/v2\/media?parent=171259"}],"wp:term":[{"taxonomy":"product_brand","embeddable":true,"href":"https:\/\/tourtravelandmore.com\/es\/wp-json\/wp\/v2\/product_brand?post=171259"},{"taxonomy":"product_cat","embeddable":true,"href":"https:\/\/tourtravelandmore.com\/es\/wp-json\/wp\/v2\/product_cat?post=171259"},{"taxonomy":"product_tag","embeddable":true,"href":"https:\/\/tourtravelandmore.com\/es\/wp-json\/wp\/v2\/product_tag?post=171259"}],"curies":[{"name":"wp","href":"https:\/\/api.w.org\/{rel}","templated":true}]}}