{"id":171038,"date":"2023-11-15T20:53:41","date_gmt":"2023-11-15T19:53:41","guid":{"rendered":"https:\/\/tourtravelandmore.com\/?post_type=product&#038;p=171038"},"modified":"2023-11-15T21:05:12","modified_gmt":"2023-11-15T20:05:12","slug":"tour-privado-a-pie-de-alcudia","status":"publish","type":"product","link":"https:\/\/tourtravelandmore.com\/es\/tours\/espana-es\/mallorca-es\/mallorca-actividades-es\/tour-privado-a-pie-de-alcudia\/","title":{"rendered":"Tour Privado a Pie de Alc\u00fadia"},"content":{"rendered":"<h2>Tour Privado a Pie de Alc\u00fadia Descripci\u00f3n<\/h2>\n<p>Explore el encantador pueblo de Alc\u00fadia con nuestro Tour Privado a Pie de 2 horas, dise\u00f1ado para sumergirle en la historia, cultura y belleza pintoresca de este pueblo mallorqu\u00edn. Acompa\u00f1ado por un gu\u00eda experto, esta experiencia a pie le llevar\u00e1 por calles empedradas, plazas con encanto y lugares emblem\u00e1ticos.<\/p>\n<p>Su gu\u00eda privado biling\u00fce, conocedor de la historia y la cultura de la regi\u00f3n, le acompa\u00f1ar\u00e1 durante todo el recorrido, proporcion\u00e1ndole informaci\u00f3n y respondiendo a cualquier pregunta que pueda tener. Comience su aventura en Alc\u00fadia con un encuentro en un punto c\u00e9ntrico de la ciudad, donde ser\u00e1 recibido por su amable gu\u00eda. Este experto local le llevar\u00e1 en un viaje fascinante mientras descubre los secretos mejor guardados de Alc\u00fadia.<\/p>\n<h2>Puntos de inter\u00e9s<\/h2>\n<p>Emb\u00e1rquese en un paseo relajado y enriquecedor por las calles empedradas de Alc\u00fadia. Disfrute de la arquitectura antigua, de las fachadas bien conservadas y de los rincones que encierran historias fascinantes, todo ello mientras se empapa del ambiente \u00fanico de la ciudad. Durante el recorrido, visitar\u00e1 destacados puntos de inter\u00e9s como la Puerta de Xara y la Muralla Medieval. La iglesia de Sant Jaume y la Plaza Mayor tambi\u00e9n formar\u00e1n parte de su experiencia, d\u00e1ndole una visi\u00f3n completa de la historia y la importancia de Alc\u00fadia.<\/p>\n<p>A lo largo del recorrido, sum\u00e9rjase en la cultura local mientras su gu\u00eda comparte detalles sobre la vida cotidiana, las tradiciones y la historia de Alc\u00fadia. Esta experiencia le conectar\u00e1 con la autenticidad de la regi\u00f3n. Aproveche la oportunidad de recibir recomendaciones de su gu\u00eda sobre restaurantes locales, tiendas con encanto y otros lugares de inter\u00e9s para explorar por su cuenta despu\u00e9s del recorrido.<\/p>\n<p>El tour a pie concluye con una despedida en el punto de partida original, d\u00e1ndole la flexibilidad de continuar explorando Alc\u00fadia por su cuenta o seguir las sugerencias proporcionadas por su gu\u00eda.<\/p>\n<p>Este Tour Privado a Pie por Alc\u00fadia le ofrece una experiencia personalizada y enriquecedora, permiti\u00e9ndole descubrir la esencia hist\u00f3rica de esta ciudad mallorquina en un corto periodo de tiempo. Explore Alc\u00fadia con nosotros y deje que la historia cobre vida paso a paso.<\/p>\n<p>Eche un vistazo a otros tours que ofrecemos en Mallorca.<\/p>\n","protected":false},"excerpt":{"rendered":"<p>Explore el encantador pueblo de Alc\u00fadia con nuestro Tour Privado a Pie de 2 horas, dise\u00f1ado para sumergirle en la historia, cultura y belleza pintoresca de este pueblo mallorqu\u00edn. Acompa\u00f1ado por un gu\u00eda experto, esta experiencia a pie le llevar\u00e1 por calles empedradas, plazas con encanto y lugares emblem\u00e1ticos.<\/p>\n","protected":false},"featured_media":171054,"comment_status":"open","ping_status":"closed","template":"","meta":{"_acf_changed":false},"product_brand":[],"product_cat":[2107,2109,2114],"product_tag":[],"class_list":{"0":"post-171038","1":"product","2":"type-product","3":"status-publish","4":"has-post-thumbnail","6":"product_cat-mallorca-es","7":"product_cat-mallorca-actividades-es","8":"product_cat-mallorca-rutas-turisticas-privadas-es","10":"first","11":"instock","12":"shipping-taxable","13":"purchasable","14":"product-type-simple"},"acf":[],"yoast_head":"<!-- This site is optimized with the Yoast SEO Premium plugin v25.3.1 (Yoast SEO v25.3.1) - https:\/\/yoast.com\/wordpress\/plugins\/seo\/ -->\n<title>\u27a1\ufe0f Tour Privado a Pie de Alc\u00fadia | Tour Travel &amp; More<\/title>\n<meta name=\"description\" content=\"Disfruta de este Tour Privado a Pie de Alc\u00fadia junto a su guia oficial. Descubre la ciudad de Palma de Mallorca y los alrededores \u2705\" \/>\n<meta name=\"robots\" content=\"index, follow, max-snippet:-1, max-image-preview:large, max-video-preview:-1\" \/>\n<link rel=\"canonical\" href=\"https:\/\/tourtravelandmore.com\/es\/tours\/espana-es\/mallorca-es\/mallorca-actividades-es\/tour-privado-a-pie-de-alcudia\/\" \/>\n<meta property=\"og:locale\" content=\"es_ES\" \/>\n<meta property=\"og:type\" content=\"article\" \/>\n<meta property=\"og:title\" content=\"Tour Privado a Pie de Alc\u00fadia\" \/>\n<meta property=\"og:description\" content=\"Disfruta de este Tour Privado a Pie de Alc\u00fadia junto a su guia oficial. Descubre la ciudad de Palma de Mallorca y los alrededores \u2705\" \/>\n<meta property=\"og:url\" content=\"https:\/\/tourtravelandmore.com\/es\/tours\/espana-es\/mallorca-es\/mallorca-actividades-es\/tour-privado-a-pie-de-alcudia\/\" \/>\n<meta property=\"og:site_name\" content=\"Tour Travel And More\" \/>\n<meta property=\"article:publisher\" content=\"https:\/\/www.facebook.com\/tourtravelandmore\/\" \/>\n<meta property=\"article:modified_time\" content=\"2023-11-15T20:05:12+00:00\" \/>\n<meta property=\"og:image\" content=\"https:\/\/tourtravelandmore.com\/wp-content\/uploads\/2023\/11\/alcudia-557267_1280.jpg\" \/>\n\t<meta property=\"og:image:width\" content=\"1280\" \/>\n\t<meta property=\"og:image:height\" content=\"960\" \/>\n\t<meta property=\"og:image:type\" content=\"image\/jpeg\" \/>\n<meta name=\"twitter:card\" content=\"summary_large_image\" \/>\n<meta name=\"twitter:site\" content=\"@TourTravel_More\" \/>\n<meta name=\"twitter:label1\" content=\"Tiempo de lectura\" \/>\n\t<meta name=\"twitter:data1\" content=\"2 minutos\" \/>\n<script type=\"application\/ld+json\" class=\"yoast-schema-graph\">{\"@context\":\"https:\/\/schema.org\",\"@graph\":[{\"@type\":\"WebPage\",\"@id\":\"https:\/\/tourtravelandmore.com\/es\/tours\/espana-es\/mallorca-es\/mallorca-actividades-es\/tour-privado-a-pie-de-alcudia\/\",\"url\":\"https:\/\/tourtravelandmore.com\/es\/tours\/espana-es\/mallorca-es\/mallorca-actividades-es\/tour-privado-a-pie-de-alcudia\/\",\"name\":\"\u27a1\ufe0f Tour Privado a Pie de Alc\u00fadia | Tour Travel & More\",\"isPartOf\":{\"@id\":\"https:\/\/tourtravelandmore.com\/es\/#website\"},\"primaryImageOfPage\":{\"@id\":\"https:\/\/tourtravelandmore.com\/es\/tours\/espana-es\/mallorca-es\/mallorca-actividades-es\/tour-privado-a-pie-de-alcudia\/#primaryimage\"},\"image\":{\"@id\":\"https:\/\/tourtravelandmore.com\/es\/tours\/espana-es\/mallorca-es\/mallorca-actividades-es\/tour-privado-a-pie-de-alcudia\/#primaryimage\"},\"thumbnailUrl\":\"https:\/\/tourtravelandmore.com\/wp-content\/uploads\/2023\/11\/alcudia-557267_1280.jpg\",\"datePublished\":\"2023-11-15T19:53:41+00:00\",\"dateModified\":\"2023-11-15T20:05:12+00:00\",\"description\":\"Disfruta de este Tour Privado a Pie de Alc\u00fadia junto a su guia oficial. Descubre la ciudad de Palma de Mallorca y los alrededores \u2705\",\"breadcrumb\":{\"@id\":\"https:\/\/tourtravelandmore.com\/es\/tours\/espana-es\/mallorca-es\/mallorca-actividades-es\/tour-privado-a-pie-de-alcudia\/#breadcrumb\"},\"inLanguage\":\"es\",\"potentialAction\":[{\"@type\":\"ReadAction\",\"target\":[\"https:\/\/tourtravelandmore.com\/es\/tours\/espana-es\/mallorca-es\/mallorca-actividades-es\/tour-privado-a-pie-de-alcudia\/\"]}]},{\"@type\":\"ImageObject\",\"inLanguage\":\"es\",\"@id\":\"https:\/\/tourtravelandmore.com\/es\/tours\/espana-es\/mallorca-es\/mallorca-actividades-es\/tour-privado-a-pie-de-alcudia\/#primaryimage\",\"url\":\"https:\/\/tourtravelandmore.com\/wp-content\/uploads\/2023\/11\/alcudia-557267_1280.jpg\",\"contentUrl\":\"https:\/\/tourtravelandmore.com\/wp-content\/uploads\/2023\/11\/alcudia-557267_1280.jpg\",\"width\":1280,\"height\":960},{\"@type\":\"BreadcrumbList\",\"@id\":\"https:\/\/tourtravelandmore.com\/es\/tours\/espana-es\/mallorca-es\/mallorca-actividades-es\/tour-privado-a-pie-de-alcudia\/#breadcrumb\",\"itemListElement\":[{\"@type\":\"ListItem\",\"position\":1,\"name\":\"Home\",\"item\":\"https:\/\/tourtravelandmore.com\/es\/\"},{\"@type\":\"ListItem\",\"position\":2,\"name\":\"Tours\",\"item\":\"https:\/\/tourtravelandmore.com\/es\/tours\/\"},{\"@type\":\"ListItem\",\"position\":3,\"name\":\"Tour Privado a Pie de Alc\u00fadia\"}]},{\"@type\":\"WebSite\",\"@id\":\"https:\/\/tourtravelandmore.com\/es\/#website\",\"url\":\"https:\/\/tourtravelandmore.com\/es\/\",\"name\":\"Tour Travel And More\",\"description\":\"Private sightseeing tours and luxury transfers in Spain\",\"publisher\":{\"@id\":\"https:\/\/tourtravelandmore.com\/es\/#organization\"},\"potentialAction\":[{\"@type\":\"SearchAction\",\"target\":{\"@type\":\"EntryPoint\",\"urlTemplate\":\"https:\/\/tourtravelandmore.com\/es\/?s={search_term_string}\"},\"query-input\":{\"@type\":\"PropertyValueSpecification\",\"valueRequired\":true,\"valueName\":\"search_term_string\"}}],\"inLanguage\":\"es\"},{\"@type\":\"Organization\",\"@id\":\"https:\/\/tourtravelandmore.com\/es\/#organization\",\"name\":\"Tour Travel And More\",\"url\":\"https:\/\/tourtravelandmore.com\/es\/\",\"logo\":{\"@type\":\"ImageObject\",\"inLanguage\":\"es\",\"@id\":\"https:\/\/tourtravelandmore.com\/es\/#\/schema\/logo\/image\/\",\"url\":\"https:\/\/tourtravelandmore.com\/wp-content\/uploads\/2022\/12\/cropped-logo-cabecera-new.png\",\"contentUrl\":\"https:\/\/tourtravelandmore.com\/wp-content\/uploads\/2022\/12\/cropped-logo-cabecera-new.png\",\"width\":430,\"height\":61,\"caption\":\"Tour Travel And More\"},\"image\":{\"@id\":\"https:\/\/tourtravelandmore.com\/es\/#\/schema\/logo\/image\/\"},\"sameAs\":[\"https:\/\/www.facebook.com\/tourtravelandmore\/\",\"https:\/\/x.com\/TourTravel_More\"]}]}<\/script>\n<!-- \/ Yoast SEO Premium plugin. -->","yoast_head_json":{"title":"\u27a1\ufe0f Tour Privado a Pie de Alc\u00fadia | Tour Travel & More","description":"Disfruta de este Tour Privado a Pie de Alc\u00fadia junto a su guia oficial. Descubre la ciudad de Palma de Mallorca y los alrededores \u2705","robots":{"index":"index","follow":"follow","max-snippet":"max-snippet:-1","max-image-preview":"max-image-preview:large","max-video-preview":"max-video-preview:-1"},"canonical":"https:\/\/tourtravelandmore.com\/es\/tours\/espana-es\/mallorca-es\/mallorca-actividades-es\/tour-privado-a-pie-de-alcudia\/","og_locale":"es_ES","og_type":"article","og_title":"Tour Privado a Pie de Alc\u00fadia","og_description":"Disfruta de este Tour Privado a Pie de Alc\u00fadia junto a su guia oficial. Descubre la ciudad de Palma de Mallorca y los alrededores \u2705","og_url":"https:\/\/tourtravelandmore.com\/es\/tours\/espana-es\/mallorca-es\/mallorca-actividades-es\/tour-privado-a-pie-de-alcudia\/","og_site_name":"Tour Travel And More","article_publisher":"https:\/\/www.facebook.com\/tourtravelandmore\/","article_modified_time":"2023-11-15T20:05:12+00:00","og_image":[{"width":1280,"height":960,"url":"https:\/\/tourtravelandmore.com\/wp-content\/uploads\/2023\/11\/alcudia-557267_1280.jpg","type":"image\/jpeg"}],"twitter_card":"summary_large_image","twitter_site":"@TourTravel_More","twitter_misc":{"Tiempo de lectura":"2 minutos"},"schema":{"@context":"https:\/\/schema.org","@graph":[{"@type":"WebPage","@id":"https:\/\/tourtravelandmore.com\/es\/tours\/espana-es\/mallorca-es\/mallorca-actividades-es\/tour-privado-a-pie-de-alcudia\/","url":"https:\/\/tourtravelandmore.com\/es\/tours\/espana-es\/mallorca-es\/mallorca-actividades-es\/tour-privado-a-pie-de-alcudia\/","name":"\u27a1\ufe0f Tour Privado a Pie de Alc\u00fadia | Tour Travel & More","isPartOf":{"@id":"https:\/\/tourtravelandmore.com\/es\/#website"},"primaryImageOfPage":{"@id":"https:\/\/tourtravelandmore.com\/es\/tours\/espana-es\/mallorca-es\/mallorca-actividades-es\/tour-privado-a-pie-de-alcudia\/#primaryimage"},"image":{"@id":"https:\/\/tourtravelandmore.com\/es\/tours\/espana-es\/mallorca-es\/mallorca-actividades-es\/tour-privado-a-pie-de-alcudia\/#primaryimage"},"thumbnailUrl":"https:\/\/tourtravelandmore.com\/wp-content\/uploads\/2023\/11\/alcudia-557267_1280.jpg","datePublished":"2023-11-15T19:53:41+00:00","dateModified":"2023-11-15T20:05:12+00:00","description":"Disfruta de este Tour Privado a Pie de Alc\u00fadia junto a su guia oficial. Descubre la ciudad de Palma de Mallorca y los alrededores \u2705","breadcrumb":{"@id":"https:\/\/tourtravelandmore.com\/es\/tours\/espana-es\/mallorca-es\/mallorca-actividades-es\/tour-privado-a-pie-de-alcudia\/#breadcrumb"},"inLanguage":"es","potentialAction":[{"@type":"ReadAction","target":["https:\/\/tourtravelandmore.com\/es\/tours\/espana-es\/mallorca-es\/mallorca-actividades-es\/tour-privado-a-pie-de-alcudia\/"]}]},{"@type":"ImageObject","inLanguage":"es","@id":"https:\/\/tourtravelandmore.com\/es\/tours\/espana-es\/mallorca-es\/mallorca-actividades-es\/tour-privado-a-pie-de-alcudia\/#primaryimage","url":"https:\/\/tourtravelandmore.com\/wp-content\/uploads\/2023\/11\/alcudia-557267_1280.jpg","contentUrl":"https:\/\/tourtravelandmore.com\/wp-content\/uploads\/2023\/11\/alcudia-557267_1280.jpg","width":1280,"height":960},{"@type":"BreadcrumbList","@id":"https:\/\/tourtravelandmore.com\/es\/tours\/espana-es\/mallorca-es\/mallorca-actividades-es\/tour-privado-a-pie-de-alcudia\/#breadcrumb","itemListElement":[{"@type":"ListItem","position":1,"name":"Home","item":"https:\/\/tourtravelandmore.com\/es\/"},{"@type":"ListItem","position":2,"name":"Tours","item":"https:\/\/tourtravelandmore.com\/es\/tours\/"},{"@type":"ListItem","position":3,"name":"Tour Privado a Pie de Alc\u00fadia"}]},{"@type":"WebSite","@id":"https:\/\/tourtravelandmore.com\/es\/#website","url":"https:\/\/tourtravelandmore.com\/es\/","name":"Tour Travel And More","description":"Private sightseeing tours and luxury transfers in Spain","publisher":{"@id":"https:\/\/tourtravelandmore.com\/es\/#organization"},"potentialAction":[{"@type":"SearchAction","target":{"@type":"EntryPoint","urlTemplate":"https:\/\/tourtravelandmore.com\/es\/?s={search_term_string}"},"query-input":{"@type":"PropertyValueSpecification","valueRequired":true,"valueName":"search_term_string"}}],"inLanguage":"es"},{"@type":"Organization","@id":"https:\/\/tourtravelandmore.com\/es\/#organization","name":"Tour Travel And More","url":"https:\/\/tourtravelandmore.com\/es\/","logo":{"@type":"ImageObject","inLanguage":"es","@id":"https:\/\/tourtravelandmore.com\/es\/#\/schema\/logo\/image\/","url":"https:\/\/tourtravelandmore.com\/wp-content\/uploads\/2022\/12\/cropped-logo-cabecera-new.png","contentUrl":"https:\/\/tourtravelandmore.com\/wp-content\/uploads\/2022\/12\/cropped-logo-cabecera-new.png","width":430,"height":61,"caption":"Tour Travel And More"},"image":{"@id":"https:\/\/tourtravelandmore.com\/es\/#\/schema\/logo\/image\/"},"sameAs":["https:\/\/www.facebook.com\/tourtravelandmore\/","https:\/\/x.com\/TourTravel_More"]}]}},"_links":{"self":[{"href":"https:\/\/tourtravelandmore.com\/es\/wp-json\/wp\/v2\/product\/171038","targetHints":{"allow":["GET"]}}],"collection":[{"href":"https:\/\/tourtravelandmore.com\/es\/wp-json\/wp\/v2\/product"}],"about":[{"href":"https:\/\/tourtravelandmore.com\/es\/wp-json\/wp\/v2\/types\/product"}],"replies":[{"embeddable":true,"href":"https:\/\/tourtravelandmore.com\/es\/wp-json\/wp\/v2\/comments?post=171038"}],"wp:featuredmedia":[{"embeddable":true,"href":"https:\/\/tourtravelandmore.com\/es\/wp-json\/wp\/v2\/media\/171054"}],"wp:attachment":[{"href":"https:\/\/tourtravelandmore.com\/es\/wp-json\/wp\/v2\/media?parent=171038"}],"wp:term":[{"taxonomy":"product_brand","embeddable":true,"href":"https:\/\/tourtravelandmore.com\/es\/wp-json\/wp\/v2\/product_brand?post=171038"},{"taxonomy":"product_cat","embeddable":true,"href":"https:\/\/tourtravelandmore.com\/es\/wp-json\/wp\/v2\/product_cat?post=171038"},{"taxonomy":"product_tag","embeddable":true,"href":"https:\/\/tourtravelandmore.com\/es\/wp-json\/wp\/v2\/product_tag?post=171038"}],"curies":[{"name":"wp","href":"https:\/\/api.w.org\/{rel}","templated":true}]}}