{"id":171012,"date":"2023-11-15T20:26:22","date_gmt":"2023-11-15T19:26:23","guid":{"rendered":"https:\/\/tourtravelandmore.com\/?post_type=product&#038;p=171012"},"modified":"2023-11-15T20:33:36","modified_gmt":"2023-11-15T19:33:36","slug":"tour-privado-a-pie-de-soller","status":"publish","type":"product","link":"https:\/\/tourtravelandmore.com\/es\/tours\/espana-es\/mallorca-es\/mallorca-actividades-es\/tour-privado-a-pie-de-soller\/","title":{"rendered":"Tour Privado a Pie de S\u00f3ller"},"content":{"rendered":"<h2>Tour Privado a Pie de S\u00f3ller Descripci\u00f3n<\/h2>\n<p>Explore el encantador pueblo de S\u00f3ller con nuestro Tour Privado a Pie de 2 horas, dise\u00f1ado para sumergirle en la historia, cultura y belleza pintoresca de este pueblo mallorqu\u00edn. Acompa\u00f1ado por un gu\u00eda experto, esta experiencia a pie le llevar\u00e1 por calles empedradas, plazas con encanto y lugares emblem\u00e1ticos.<\/p>\n<p>Su gu\u00eda privado biling\u00fce, conocedor de la historia y la cultura de la regi\u00f3n, le acompa\u00f1ar\u00e1 durante todo el recorrido, proporcion\u00e1ndole informaci\u00f3n y respondiendo a cualquier pregunta que pueda tener. Comience su aventura en S\u00f3ller con un encuentro en un punto c\u00e9ntrico de la ciudad, donde ser\u00e1 recibido por su amable gu\u00eda. Este experto local le llevar\u00e1 en un viaje fascinante mientras descubre los secretos mejor guardados de S\u00f3ller.<\/p>\n<h2>Puntos de inter\u00e9s<\/h2>\n<p>Emb\u00e1rquese en un tranquilo y enriquecedor paseo por las estrechas calles empedradas de S\u00f3ller. Marav\u00edllese con la arquitectura tradicional, las coloridas fachadas y los rincones llenos de historia que hacen de este pueblo un tesoro mallorqu\u00edn. Durante el recorrido, visitar\u00e1 los lugares m\u00e1s emblem\u00e1ticos de S\u00f3ller, como la Plaza Mayor, la Iglesia de San Bartolom\u00e9 y el encantador Jard\u00edn Bot\u00e1nico de S\u00f3ller. Su gu\u00eda compartir\u00e1 intrigantes historias y an\u00e9cdotas locales que le conectar\u00e1n con la autenticidad de la regi\u00f3n.<\/p>\n<p>A lo largo del recorrido, sum\u00e9rjase en la cultura local mientras su gu\u00eda le introduce en la vida cotidiana de los habitantes de S\u00f3ller. Descubra las tradiciones, fiestas y aspectos \u00fanicos que hacen de este pueblo un destino especial. Aproveche la oportunidad de recibir recomendaciones de su gu\u00eda sobre lugares donde comer, comprar productos locales y explorar m\u00e1s a fondo por su cuenta despu\u00e9s de la visita.<\/p>\n<p>El recorrido a pie concluye con una despedida en el punto de partida original, donde tendr\u00e1 la opci\u00f3n de continuar explorando S\u00f3ller por su cuenta o seguir las recomendaciones locales proporcionadas por su gu\u00eda.<\/p>\n<p>Este Tour Privado a Pie de S\u00f3ller es la manera perfecta de experimentar la autenticidad y belleza de este encantador pueblo mallorqu\u00edn en un tiempo limitado. \u00a1Descubra S\u00f3ller paso a paso con nosotros!<\/p>\n<p>Eche un vistazo a otros tours que ofrecemos en Mallorca.<\/p>\n","protected":false},"excerpt":{"rendered":"<p>Explore el encantador pueblo de S\u00f3ller con nuestro Tour Privado a Pie de 2 horas, dise\u00f1ado para sumergirle en la historia, cultura y belleza pintoresca de este pueblo mallorqu\u00edn. Acompa\u00f1ado por un gu\u00eda experto, esta experiencia a pie le llevar\u00e1 por calles empedradas, plazas con encanto y lugares emblem\u00e1ticos.<\/p>\n","protected":false},"featured_media":171028,"comment_status":"open","ping_status":"closed","template":"","meta":{"_acf_changed":false},"product_brand":[],"product_cat":[2107,2109,2114],"product_tag":[],"class_list":{"0":"post-171012","1":"product","2":"type-product","3":"status-publish","4":"has-post-thumbnail","6":"product_cat-mallorca-es","7":"product_cat-mallorca-actividades-es","8":"product_cat-mallorca-rutas-turisticas-privadas-es","10":"first","11":"instock","12":"shipping-taxable","13":"purchasable","14":"product-type-simple"},"acf":[],"yoast_head":"<!-- This site is optimized with the Yoast SEO Premium plugin v25.3.1 (Yoast SEO v25.3.1) - https:\/\/yoast.com\/wordpress\/plugins\/seo\/ -->\n<title>\u27a1\ufe0f Tour Privado a Pie de S\u00f3ller | Tour Travel &amp; More<\/title>\n<meta name=\"description\" content=\"Disfruta de este Tour Privado a Pie de S\u00f3ller junto a su guia oficial. Descubre la ciudad de Palma de Mallorca y los alrededores \u2705\" \/>\n<meta name=\"robots\" content=\"index, follow, max-snippet:-1, max-image-preview:large, max-video-preview:-1\" \/>\n<link rel=\"canonical\" href=\"https:\/\/tourtravelandmore.com\/es\/tours\/espana-es\/mallorca-es\/mallorca-actividades-es\/tour-privado-a-pie-de-soller\/\" \/>\n<meta property=\"og:locale\" content=\"es_ES\" \/>\n<meta property=\"og:type\" content=\"article\" \/>\n<meta property=\"og:title\" content=\"Tour Privado a Pie de S\u00f3ller\" \/>\n<meta property=\"og:description\" content=\"Disfruta de este Tour Privado a Pie de S\u00f3ller junto a su guia oficial. Descubre la ciudad de Palma de Mallorca y los alrededores \u2705\" \/>\n<meta property=\"og:url\" content=\"https:\/\/tourtravelandmore.com\/es\/tours\/espana-es\/mallorca-es\/mallorca-actividades-es\/tour-privado-a-pie-de-soller\/\" \/>\n<meta property=\"og:site_name\" content=\"Tour Travel And More\" \/>\n<meta property=\"article:publisher\" content=\"https:\/\/www.facebook.com\/tourtravelandmore\/\" \/>\n<meta property=\"article:modified_time\" content=\"2023-11-15T19:33:36+00:00\" \/>\n<meta property=\"og:image\" content=\"https:\/\/tourtravelandmore.com\/wp-content\/uploads\/2023\/11\/spain-4415887_1280.jpg\" \/>\n\t<meta property=\"og:image:width\" content=\"1280\" \/>\n\t<meta property=\"og:image:height\" content=\"818\" \/>\n\t<meta property=\"og:image:type\" content=\"image\/jpeg\" \/>\n<meta name=\"twitter:card\" content=\"summary_large_image\" \/>\n<meta name=\"twitter:site\" content=\"@TourTravel_More\" \/>\n<meta name=\"twitter:label1\" content=\"Tiempo de lectura\" \/>\n\t<meta name=\"twitter:data1\" content=\"2 minutos\" \/>\n<script type=\"application\/ld+json\" class=\"yoast-schema-graph\">{\"@context\":\"https:\/\/schema.org\",\"@graph\":[{\"@type\":\"WebPage\",\"@id\":\"https:\/\/tourtravelandmore.com\/es\/tours\/espana-es\/mallorca-es\/mallorca-actividades-es\/tour-privado-a-pie-de-soller\/\",\"url\":\"https:\/\/tourtravelandmore.com\/es\/tours\/espana-es\/mallorca-es\/mallorca-actividades-es\/tour-privado-a-pie-de-soller\/\",\"name\":\"\u27a1\ufe0f Tour Privado a Pie de S\u00f3ller | Tour Travel & More\",\"isPartOf\":{\"@id\":\"https:\/\/tourtravelandmore.com\/es\/#website\"},\"primaryImageOfPage\":{\"@id\":\"https:\/\/tourtravelandmore.com\/es\/tours\/espana-es\/mallorca-es\/mallorca-actividades-es\/tour-privado-a-pie-de-soller\/#primaryimage\"},\"image\":{\"@id\":\"https:\/\/tourtravelandmore.com\/es\/tours\/espana-es\/mallorca-es\/mallorca-actividades-es\/tour-privado-a-pie-de-soller\/#primaryimage\"},\"thumbnailUrl\":\"https:\/\/tourtravelandmore.com\/wp-content\/uploads\/2023\/11\/spain-4415887_1280.jpg\",\"datePublished\":\"2023-11-15T19:26:23+00:00\",\"dateModified\":\"2023-11-15T19:33:36+00:00\",\"description\":\"Disfruta de este Tour Privado a Pie de S\u00f3ller junto a su guia oficial. Descubre la ciudad de Palma de Mallorca y los alrededores \u2705\",\"breadcrumb\":{\"@id\":\"https:\/\/tourtravelandmore.com\/es\/tours\/espana-es\/mallorca-es\/mallorca-actividades-es\/tour-privado-a-pie-de-soller\/#breadcrumb\"},\"inLanguage\":\"es\",\"potentialAction\":[{\"@type\":\"ReadAction\",\"target\":[\"https:\/\/tourtravelandmore.com\/es\/tours\/espana-es\/mallorca-es\/mallorca-actividades-es\/tour-privado-a-pie-de-soller\/\"]}]},{\"@type\":\"ImageObject\",\"inLanguage\":\"es\",\"@id\":\"https:\/\/tourtravelandmore.com\/es\/tours\/espana-es\/mallorca-es\/mallorca-actividades-es\/tour-privado-a-pie-de-soller\/#primaryimage\",\"url\":\"https:\/\/tourtravelandmore.com\/wp-content\/uploads\/2023\/11\/spain-4415887_1280.jpg\",\"contentUrl\":\"https:\/\/tourtravelandmore.com\/wp-content\/uploads\/2023\/11\/spain-4415887_1280.jpg\",\"width\":1280,\"height\":818},{\"@type\":\"BreadcrumbList\",\"@id\":\"https:\/\/tourtravelandmore.com\/es\/tours\/espana-es\/mallorca-es\/mallorca-actividades-es\/tour-privado-a-pie-de-soller\/#breadcrumb\",\"itemListElement\":[{\"@type\":\"ListItem\",\"position\":1,\"name\":\"Home\",\"item\":\"https:\/\/tourtravelandmore.com\/es\/\"},{\"@type\":\"ListItem\",\"position\":2,\"name\":\"Tours\",\"item\":\"https:\/\/tourtravelandmore.com\/es\/tours\/\"},{\"@type\":\"ListItem\",\"position\":3,\"name\":\"Tour Privado a Pie de S\u00f3ller\"}]},{\"@type\":\"WebSite\",\"@id\":\"https:\/\/tourtravelandmore.com\/es\/#website\",\"url\":\"https:\/\/tourtravelandmore.com\/es\/\",\"name\":\"Tour Travel And More\",\"description\":\"Private sightseeing tours and luxury transfers in Spain\",\"publisher\":{\"@id\":\"https:\/\/tourtravelandmore.com\/es\/#organization\"},\"potentialAction\":[{\"@type\":\"SearchAction\",\"target\":{\"@type\":\"EntryPoint\",\"urlTemplate\":\"https:\/\/tourtravelandmore.com\/es\/?s={search_term_string}\"},\"query-input\":{\"@type\":\"PropertyValueSpecification\",\"valueRequired\":true,\"valueName\":\"search_term_string\"}}],\"inLanguage\":\"es\"},{\"@type\":\"Organization\",\"@id\":\"https:\/\/tourtravelandmore.com\/es\/#organization\",\"name\":\"Tour Travel And More\",\"url\":\"https:\/\/tourtravelandmore.com\/es\/\",\"logo\":{\"@type\":\"ImageObject\",\"inLanguage\":\"es\",\"@id\":\"https:\/\/tourtravelandmore.com\/es\/#\/schema\/logo\/image\/\",\"url\":\"https:\/\/tourtravelandmore.com\/wp-content\/uploads\/2022\/12\/cropped-logo-cabecera-new.png\",\"contentUrl\":\"https:\/\/tourtravelandmore.com\/wp-content\/uploads\/2022\/12\/cropped-logo-cabecera-new.png\",\"width\":430,\"height\":61,\"caption\":\"Tour Travel And More\"},\"image\":{\"@id\":\"https:\/\/tourtravelandmore.com\/es\/#\/schema\/logo\/image\/\"},\"sameAs\":[\"https:\/\/www.facebook.com\/tourtravelandmore\/\",\"https:\/\/x.com\/TourTravel_More\"]}]}<\/script>\n<!-- \/ Yoast SEO Premium plugin. -->","yoast_head_json":{"title":"\u27a1\ufe0f Tour Privado a Pie de S\u00f3ller | Tour Travel & More","description":"Disfruta de este Tour Privado a Pie de S\u00f3ller junto a su guia oficial. Descubre la ciudad de Palma de Mallorca y los alrededores \u2705","robots":{"index":"index","follow":"follow","max-snippet":"max-snippet:-1","max-image-preview":"max-image-preview:large","max-video-preview":"max-video-preview:-1"},"canonical":"https:\/\/tourtravelandmore.com\/es\/tours\/espana-es\/mallorca-es\/mallorca-actividades-es\/tour-privado-a-pie-de-soller\/","og_locale":"es_ES","og_type":"article","og_title":"Tour Privado a Pie de S\u00f3ller","og_description":"Disfruta de este Tour Privado a Pie de S\u00f3ller junto a su guia oficial. Descubre la ciudad de Palma de Mallorca y los alrededores \u2705","og_url":"https:\/\/tourtravelandmore.com\/es\/tours\/espana-es\/mallorca-es\/mallorca-actividades-es\/tour-privado-a-pie-de-soller\/","og_site_name":"Tour Travel And More","article_publisher":"https:\/\/www.facebook.com\/tourtravelandmore\/","article_modified_time":"2023-11-15T19:33:36+00:00","og_image":[{"width":1280,"height":818,"url":"https:\/\/tourtravelandmore.com\/wp-content\/uploads\/2023\/11\/spain-4415887_1280.jpg","type":"image\/jpeg"}],"twitter_card":"summary_large_image","twitter_site":"@TourTravel_More","twitter_misc":{"Tiempo de lectura":"2 minutos"},"schema":{"@context":"https:\/\/schema.org","@graph":[{"@type":"WebPage","@id":"https:\/\/tourtravelandmore.com\/es\/tours\/espana-es\/mallorca-es\/mallorca-actividades-es\/tour-privado-a-pie-de-soller\/","url":"https:\/\/tourtravelandmore.com\/es\/tours\/espana-es\/mallorca-es\/mallorca-actividades-es\/tour-privado-a-pie-de-soller\/","name":"\u27a1\ufe0f Tour Privado a Pie de S\u00f3ller | Tour Travel & More","isPartOf":{"@id":"https:\/\/tourtravelandmore.com\/es\/#website"},"primaryImageOfPage":{"@id":"https:\/\/tourtravelandmore.com\/es\/tours\/espana-es\/mallorca-es\/mallorca-actividades-es\/tour-privado-a-pie-de-soller\/#primaryimage"},"image":{"@id":"https:\/\/tourtravelandmore.com\/es\/tours\/espana-es\/mallorca-es\/mallorca-actividades-es\/tour-privado-a-pie-de-soller\/#primaryimage"},"thumbnailUrl":"https:\/\/tourtravelandmore.com\/wp-content\/uploads\/2023\/11\/spain-4415887_1280.jpg","datePublished":"2023-11-15T19:26:23+00:00","dateModified":"2023-11-15T19:33:36+00:00","description":"Disfruta de este Tour Privado a Pie de S\u00f3ller junto a su guia oficial. Descubre la ciudad de Palma de Mallorca y los alrededores \u2705","breadcrumb":{"@id":"https:\/\/tourtravelandmore.com\/es\/tours\/espana-es\/mallorca-es\/mallorca-actividades-es\/tour-privado-a-pie-de-soller\/#breadcrumb"},"inLanguage":"es","potentialAction":[{"@type":"ReadAction","target":["https:\/\/tourtravelandmore.com\/es\/tours\/espana-es\/mallorca-es\/mallorca-actividades-es\/tour-privado-a-pie-de-soller\/"]}]},{"@type":"ImageObject","inLanguage":"es","@id":"https:\/\/tourtravelandmore.com\/es\/tours\/espana-es\/mallorca-es\/mallorca-actividades-es\/tour-privado-a-pie-de-soller\/#primaryimage","url":"https:\/\/tourtravelandmore.com\/wp-content\/uploads\/2023\/11\/spain-4415887_1280.jpg","contentUrl":"https:\/\/tourtravelandmore.com\/wp-content\/uploads\/2023\/11\/spain-4415887_1280.jpg","width":1280,"height":818},{"@type":"BreadcrumbList","@id":"https:\/\/tourtravelandmore.com\/es\/tours\/espana-es\/mallorca-es\/mallorca-actividades-es\/tour-privado-a-pie-de-soller\/#breadcrumb","itemListElement":[{"@type":"ListItem","position":1,"name":"Home","item":"https:\/\/tourtravelandmore.com\/es\/"},{"@type":"ListItem","position":2,"name":"Tours","item":"https:\/\/tourtravelandmore.com\/es\/tours\/"},{"@type":"ListItem","position":3,"name":"Tour Privado a Pie de S\u00f3ller"}]},{"@type":"WebSite","@id":"https:\/\/tourtravelandmore.com\/es\/#website","url":"https:\/\/tourtravelandmore.com\/es\/","name":"Tour Travel And More","description":"Private sightseeing tours and luxury transfers in Spain","publisher":{"@id":"https:\/\/tourtravelandmore.com\/es\/#organization"},"potentialAction":[{"@type":"SearchAction","target":{"@type":"EntryPoint","urlTemplate":"https:\/\/tourtravelandmore.com\/es\/?s={search_term_string}"},"query-input":{"@type":"PropertyValueSpecification","valueRequired":true,"valueName":"search_term_string"}}],"inLanguage":"es"},{"@type":"Organization","@id":"https:\/\/tourtravelandmore.com\/es\/#organization","name":"Tour Travel And More","url":"https:\/\/tourtravelandmore.com\/es\/","logo":{"@type":"ImageObject","inLanguage":"es","@id":"https:\/\/tourtravelandmore.com\/es\/#\/schema\/logo\/image\/","url":"https:\/\/tourtravelandmore.com\/wp-content\/uploads\/2022\/12\/cropped-logo-cabecera-new.png","contentUrl":"https:\/\/tourtravelandmore.com\/wp-content\/uploads\/2022\/12\/cropped-logo-cabecera-new.png","width":430,"height":61,"caption":"Tour Travel And More"},"image":{"@id":"https:\/\/tourtravelandmore.com\/es\/#\/schema\/logo\/image\/"},"sameAs":["https:\/\/www.facebook.com\/tourtravelandmore\/","https:\/\/x.com\/TourTravel_More"]}]}},"_links":{"self":[{"href":"https:\/\/tourtravelandmore.com\/es\/wp-json\/wp\/v2\/product\/171012","targetHints":{"allow":["GET"]}}],"collection":[{"href":"https:\/\/tourtravelandmore.com\/es\/wp-json\/wp\/v2\/product"}],"about":[{"href":"https:\/\/tourtravelandmore.com\/es\/wp-json\/wp\/v2\/types\/product"}],"replies":[{"embeddable":true,"href":"https:\/\/tourtravelandmore.com\/es\/wp-json\/wp\/v2\/comments?post=171012"}],"wp:featuredmedia":[{"embeddable":true,"href":"https:\/\/tourtravelandmore.com\/es\/wp-json\/wp\/v2\/media\/171028"}],"wp:attachment":[{"href":"https:\/\/tourtravelandmore.com\/es\/wp-json\/wp\/v2\/media?parent=171012"}],"wp:term":[{"taxonomy":"product_brand","embeddable":true,"href":"https:\/\/tourtravelandmore.com\/es\/wp-json\/wp\/v2\/product_brand?post=171012"},{"taxonomy":"product_cat","embeddable":true,"href":"https:\/\/tourtravelandmore.com\/es\/wp-json\/wp\/v2\/product_cat?post=171012"},{"taxonomy":"product_tag","embeddable":true,"href":"https:\/\/tourtravelandmore.com\/es\/wp-json\/wp\/v2\/product_tag?post=171012"}],"curies":[{"name":"wp","href":"https:\/\/api.w.org\/{rel}","templated":true}]}}