{"id":170989,"date":"2023-11-15T19:51:02","date_gmt":"2023-11-15T18:51:02","guid":{"rendered":"https:\/\/tourtravelandmore.com\/?post_type=product&#038;p=170989"},"modified":"2023-11-15T20:03:36","modified_gmt":"2023-11-15T19:03:36","slug":"tour-privado-de-palma-con-experiencia-gastronomica","status":"publish","type":"product","link":"https:\/\/tourtravelandmore.com\/es\/tours\/espana-es\/mallorca-es\/mallorca-actividades-es\/tour-privado-de-palma-con-experiencia-gastronomica\/","title":{"rendered":"Tour Privado de Palma con experiencia gastron\u00f3mica"},"content":{"rendered":"<h2>Tour Privado de Palma con experiencia gastron\u00f3mica Descripci\u00f3n<\/h2>\n<p>Emb\u00e1rquese en un fest\u00edn de sabores mallorquines con nuestro Tour Privado de Palma con experiencia gastron\u00f3mica. Esta experiencia de 5 horas le sumergir\u00e1 en la rica tradici\u00f3n culinaria de la isla mientras explora la ciudad con comodidad y estilo, acompa\u00f1ado por un gu\u00eda biling\u00fce y un conductor personal.<\/p>\n<p>Su gu\u00eda privado biling\u00fce, conocedor de la historia y la cultura de la regi\u00f3n, le acompa\u00f1ar\u00e1 durante todo el recorrido, proporcion\u00e1ndole informaci\u00f3n y respondiendo a cualquier pregunta que pueda tener. Junto con un conductor dedicado y un veh\u00edculo de lujo adaptado al tama\u00f1o de su grupo, tendr\u00e1 la flexibilidad de personalizar su itinerario, configurando el d\u00eda seg\u00fan sus preferencias.<\/p>\n<h2>Puntos de inter\u00e9s<\/h2>\n<p>Comenzaremos el d\u00eda recogi\u00e9ndole en el lugar que nos indique, ya sea su hotel o el puerto de cruceros. Le esperar\u00e1 un c\u00f3modo coche y su gu\u00eda experto, listo para llevarle en un exclusivo viaje culinario por Palma.<\/p>\n<p>La primera parada ser\u00e1 una degustaci\u00f3n de jam\u00f3n serrano y una selecci\u00f3n de quesos locales. Su gu\u00eda le llevar\u00e1 a un lugar aut\u00e9ntico donde podr\u00e1 saborear estos manjares acompa\u00f1ados de explicaciones sobre su producci\u00f3n y tradici\u00f3n en la regi\u00f3n. Continuaremos hasta una panader\u00eda local para degustar el famoso &#8220;llonguet&#8221;, un pan mallorqu\u00edn \u00fanico y delicioso. Adem\u00e1s, disfrutar\u00e1 de unas croquetas frescas, una delicia espa\u00f1ola que fusiona sabores suaves y crujientes.<\/p>\n<p>El almuerzo le espera en un rinc\u00f3n tradicional mallorqu\u00edn, donde podr\u00e1 disfrutar de un fest\u00edn que incluye especialidades locales como la ensaimada, un postre esponjoso y dulce, considerado un tesoro gastron\u00f3mico de la isla. Acompa\u00f1ando la comida, tendr\u00e1 la oportunidad de degustar bebidas t\u00edpicas de la regi\u00f3n, desde vinos locales hasta refrescantes opciones sin alcohol.<\/p>\n<p>El recorrido culmina con la degustaci\u00f3n de una aut\u00e9ntica ensaimada, seguida de un helado artesano en uno de los rincones con m\u00e1s encanto de Palma. Entre degustaci\u00f3n y degustaci\u00f3n, su gu\u00eda compartir\u00e1 informaci\u00f3n fascinante sobre la cultura y la historia de Palma, proporcionando una experiencia gastron\u00f3mica que va m\u00e1s all\u00e1 de la comida. Al final del d\u00eda, rel\u00e1jese mientras su conductor le lleva de vuelta a su ubicaci\u00f3n original, ofreci\u00e9ndole una experiencia completa y satisfactoria.<\/p>\n<p>Este Tour Gastron\u00f3mico Privado en Palma de Mallorca combina lujo, sabor y cultura para ofrecerle un d\u00eda inolvidable en la joya del Mediterr\u00e1neo, \u00a1disfrutando de lo mejor que la gastronom\u00eda mallorquina tiene para ofrecer!<\/p>\n<p>Eche un vistazo a otros tours que ofrecemos en Mallorca.<\/p>\n","protected":false},"excerpt":{"rendered":"<p>Emb\u00e1rquese en un fest\u00edn de sabores mallorquines con nuestro Tour Privado de Palma con experiencia gastron\u00f3mica. Esta experiencia de 5 horas le sumergir\u00e1 en la rica tradici\u00f3n culinaria de la isla mientras explora la ciudad con comodidad y estilo, acompa\u00f1ado por un gu\u00eda biling\u00fce y un conductor personal.<\/p>\n","protected":false},"featured_media":171091,"comment_status":"open","ping_status":"closed","template":"","meta":{"_acf_changed":false},"product_brand":[],"product_cat":[2107,2109,2114],"product_tag":[],"class_list":{"0":"post-170989","1":"product","2":"type-product","3":"status-publish","4":"has-post-thumbnail","6":"product_cat-mallorca-es","7":"product_cat-mallorca-actividades-es","8":"product_cat-mallorca-rutas-turisticas-privadas-es","10":"first","11":"instock","12":"shipping-taxable","13":"purchasable","14":"product-type-simple"},"acf":[],"yoast_head":"<!-- This site is optimized with the Yoast SEO Premium plugin v25.3.1 (Yoast SEO v25.3.1) - https:\/\/yoast.com\/wordpress\/plugins\/seo\/ -->\n<title>\u27a1\ufe0f Tour Privado de Palma con experiencia gastron\u00f3mica | Tour Travel &amp; More<\/title>\n<meta name=\"description\" content=\"Disfruta de este Tour Privado de Palma con experiencia gastron\u00f3mica junto a su guia oficial y vehiculo privado. Descubre la ciudad de Palma de Mallorca y los alrededores \u2705\" \/>\n<meta name=\"robots\" content=\"index, follow, max-snippet:-1, max-image-preview:large, max-video-preview:-1\" \/>\n<link rel=\"canonical\" href=\"https:\/\/tourtravelandmore.com\/es\/tours\/espana-es\/mallorca-es\/mallorca-actividades-es\/tour-privado-de-palma-con-experiencia-gastronomica\/\" \/>\n<meta property=\"og:locale\" content=\"es_ES\" \/>\n<meta property=\"og:type\" content=\"article\" \/>\n<meta property=\"og:title\" content=\"Tour Privado de Palma con experiencia gastron\u00f3mica\" \/>\n<meta property=\"og:description\" content=\"Disfruta de este Tour Privado de Palma con experiencia gastron\u00f3mica junto a su guia oficial y vehiculo privado. Descubre la ciudad de Palma de Mallorca y los alrededores \u2705\" \/>\n<meta property=\"og:url\" content=\"https:\/\/tourtravelandmore.com\/es\/tours\/espana-es\/mallorca-es\/mallorca-actividades-es\/tour-privado-de-palma-con-experiencia-gastronomica\/\" \/>\n<meta property=\"og:site_name\" content=\"Tour Travel And More\" \/>\n<meta property=\"article:publisher\" content=\"https:\/\/www.facebook.com\/tourtravelandmore\/\" \/>\n<meta property=\"article:modified_time\" content=\"2023-11-15T19:03:36+00:00\" \/>\n<meta property=\"og:image\" content=\"https:\/\/tourtravelandmore.com\/wp-content\/uploads\/2020\/03\/mallorca-1.3.jpg\" \/>\n\t<meta property=\"og:image:width\" content=\"615\" \/>\n\t<meta property=\"og:image:height\" content=\"410\" \/>\n\t<meta property=\"og:image:type\" content=\"image\/jpeg\" \/>\n<meta name=\"twitter:card\" content=\"summary_large_image\" \/>\n<meta name=\"twitter:site\" content=\"@TourTravel_More\" \/>\n<meta name=\"twitter:label1\" content=\"Tiempo de lectura\" \/>\n\t<meta name=\"twitter:data1\" content=\"2 minutos\" \/>\n<script type=\"application\/ld+json\" class=\"yoast-schema-graph\">{\"@context\":\"https:\/\/schema.org\",\"@graph\":[{\"@type\":\"WebPage\",\"@id\":\"https:\/\/tourtravelandmore.com\/es\/tours\/espana-es\/mallorca-es\/mallorca-actividades-es\/tour-privado-de-palma-con-experiencia-gastronomica\/\",\"url\":\"https:\/\/tourtravelandmore.com\/es\/tours\/espana-es\/mallorca-es\/mallorca-actividades-es\/tour-privado-de-palma-con-experiencia-gastronomica\/\",\"name\":\"\u27a1\ufe0f Tour Privado de Palma con experiencia gastron\u00f3mica | Tour Travel & More\",\"isPartOf\":{\"@id\":\"https:\/\/tourtravelandmore.com\/es\/#website\"},\"primaryImageOfPage\":{\"@id\":\"https:\/\/tourtravelandmore.com\/es\/tours\/espana-es\/mallorca-es\/mallorca-actividades-es\/tour-privado-de-palma-con-experiencia-gastronomica\/#primaryimage\"},\"image\":{\"@id\":\"https:\/\/tourtravelandmore.com\/es\/tours\/espana-es\/mallorca-es\/mallorca-actividades-es\/tour-privado-de-palma-con-experiencia-gastronomica\/#primaryimage\"},\"thumbnailUrl\":\"https:\/\/tourtravelandmore.com\/wp-content\/uploads\/2023\/11\/mallorca-109204_1280.jpg\",\"datePublished\":\"2023-11-15T18:51:02+00:00\",\"dateModified\":\"2023-11-15T19:03:36+00:00\",\"description\":\"Disfruta de este Tour Privado de Palma con experiencia gastron\u00f3mica junto a su guia oficial y vehiculo privado. Descubre la ciudad de Palma de Mallorca y los alrededores \u2705\",\"breadcrumb\":{\"@id\":\"https:\/\/tourtravelandmore.com\/es\/tours\/espana-es\/mallorca-es\/mallorca-actividades-es\/tour-privado-de-palma-con-experiencia-gastronomica\/#breadcrumb\"},\"inLanguage\":\"es\",\"potentialAction\":[{\"@type\":\"ReadAction\",\"target\":[\"https:\/\/tourtravelandmore.com\/es\/tours\/espana-es\/mallorca-es\/mallorca-actividades-es\/tour-privado-de-palma-con-experiencia-gastronomica\/\"]}]},{\"@type\":\"ImageObject\",\"inLanguage\":\"es\",\"@id\":\"https:\/\/tourtravelandmore.com\/es\/tours\/espana-es\/mallorca-es\/mallorca-actividades-es\/tour-privado-de-palma-con-experiencia-gastronomica\/#primaryimage\",\"url\":\"https:\/\/tourtravelandmore.com\/wp-content\/uploads\/2023\/11\/mallorca-109204_1280.jpg\",\"contentUrl\":\"https:\/\/tourtravelandmore.com\/wp-content\/uploads\/2023\/11\/mallorca-109204_1280.jpg\",\"width\":1280,\"height\":960},{\"@type\":\"BreadcrumbList\",\"@id\":\"https:\/\/tourtravelandmore.com\/es\/tours\/espana-es\/mallorca-es\/mallorca-actividades-es\/tour-privado-de-palma-con-experiencia-gastronomica\/#breadcrumb\",\"itemListElement\":[{\"@type\":\"ListItem\",\"position\":1,\"name\":\"Home\",\"item\":\"https:\/\/tourtravelandmore.com\/es\/\"},{\"@type\":\"ListItem\",\"position\":2,\"name\":\"Tours\",\"item\":\"https:\/\/tourtravelandmore.com\/es\/tours\/\"},{\"@type\":\"ListItem\",\"position\":3,\"name\":\"Tour Privado de Palma con experiencia gastron\u00f3mica\"}]},{\"@type\":\"WebSite\",\"@id\":\"https:\/\/tourtravelandmore.com\/es\/#website\",\"url\":\"https:\/\/tourtravelandmore.com\/es\/\",\"name\":\"Tour Travel And More\",\"description\":\"Private sightseeing tours and luxury transfers in Spain\",\"publisher\":{\"@id\":\"https:\/\/tourtravelandmore.com\/es\/#organization\"},\"potentialAction\":[{\"@type\":\"SearchAction\",\"target\":{\"@type\":\"EntryPoint\",\"urlTemplate\":\"https:\/\/tourtravelandmore.com\/es\/?s={search_term_string}\"},\"query-input\":{\"@type\":\"PropertyValueSpecification\",\"valueRequired\":true,\"valueName\":\"search_term_string\"}}],\"inLanguage\":\"es\"},{\"@type\":\"Organization\",\"@id\":\"https:\/\/tourtravelandmore.com\/es\/#organization\",\"name\":\"Tour Travel And More\",\"url\":\"https:\/\/tourtravelandmore.com\/es\/\",\"logo\":{\"@type\":\"ImageObject\",\"inLanguage\":\"es\",\"@id\":\"https:\/\/tourtravelandmore.com\/es\/#\/schema\/logo\/image\/\",\"url\":\"https:\/\/tourtravelandmore.com\/wp-content\/uploads\/2022\/12\/cropped-logo-cabecera-new.png\",\"contentUrl\":\"https:\/\/tourtravelandmore.com\/wp-content\/uploads\/2022\/12\/cropped-logo-cabecera-new.png\",\"width\":430,\"height\":61,\"caption\":\"Tour Travel And More\"},\"image\":{\"@id\":\"https:\/\/tourtravelandmore.com\/es\/#\/schema\/logo\/image\/\"},\"sameAs\":[\"https:\/\/www.facebook.com\/tourtravelandmore\/\",\"https:\/\/x.com\/TourTravel_More\"]}]}<\/script>\n<!-- \/ Yoast SEO Premium plugin. -->","yoast_head_json":{"title":"\u27a1\ufe0f Tour Privado de Palma con experiencia gastron\u00f3mica | Tour Travel & More","description":"Disfruta de este Tour Privado de Palma con experiencia gastron\u00f3mica junto a su guia oficial y vehiculo privado. Descubre la ciudad de Palma de Mallorca y los alrededores \u2705","robots":{"index":"index","follow":"follow","max-snippet":"max-snippet:-1","max-image-preview":"max-image-preview:large","max-video-preview":"max-video-preview:-1"},"canonical":"https:\/\/tourtravelandmore.com\/es\/tours\/espana-es\/mallorca-es\/mallorca-actividades-es\/tour-privado-de-palma-con-experiencia-gastronomica\/","og_locale":"es_ES","og_type":"article","og_title":"Tour Privado de Palma con experiencia gastron\u00f3mica","og_description":"Disfruta de este Tour Privado de Palma con experiencia gastron\u00f3mica junto a su guia oficial y vehiculo privado. Descubre la ciudad de Palma de Mallorca y los alrededores \u2705","og_url":"https:\/\/tourtravelandmore.com\/es\/tours\/espana-es\/mallorca-es\/mallorca-actividades-es\/tour-privado-de-palma-con-experiencia-gastronomica\/","og_site_name":"Tour Travel And More","article_publisher":"https:\/\/www.facebook.com\/tourtravelandmore\/","article_modified_time":"2023-11-15T19:03:36+00:00","og_image":[{"width":615,"height":410,"url":"https:\/\/tourtravelandmore.com\/wp-content\/uploads\/2020\/03\/mallorca-1.3.jpg","type":"image\/jpeg"}],"twitter_card":"summary_large_image","twitter_site":"@TourTravel_More","twitter_misc":{"Tiempo de lectura":"2 minutos"},"schema":{"@context":"https:\/\/schema.org","@graph":[{"@type":"WebPage","@id":"https:\/\/tourtravelandmore.com\/es\/tours\/espana-es\/mallorca-es\/mallorca-actividades-es\/tour-privado-de-palma-con-experiencia-gastronomica\/","url":"https:\/\/tourtravelandmore.com\/es\/tours\/espana-es\/mallorca-es\/mallorca-actividades-es\/tour-privado-de-palma-con-experiencia-gastronomica\/","name":"\u27a1\ufe0f Tour Privado de Palma con experiencia gastron\u00f3mica | Tour Travel & More","isPartOf":{"@id":"https:\/\/tourtravelandmore.com\/es\/#website"},"primaryImageOfPage":{"@id":"https:\/\/tourtravelandmore.com\/es\/tours\/espana-es\/mallorca-es\/mallorca-actividades-es\/tour-privado-de-palma-con-experiencia-gastronomica\/#primaryimage"},"image":{"@id":"https:\/\/tourtravelandmore.com\/es\/tours\/espana-es\/mallorca-es\/mallorca-actividades-es\/tour-privado-de-palma-con-experiencia-gastronomica\/#primaryimage"},"thumbnailUrl":"https:\/\/tourtravelandmore.com\/wp-content\/uploads\/2023\/11\/mallorca-109204_1280.jpg","datePublished":"2023-11-15T18:51:02+00:00","dateModified":"2023-11-15T19:03:36+00:00","description":"Disfruta de este Tour Privado de Palma con experiencia gastron\u00f3mica junto a su guia oficial y vehiculo privado. Descubre la ciudad de Palma de Mallorca y los alrededores \u2705","breadcrumb":{"@id":"https:\/\/tourtravelandmore.com\/es\/tours\/espana-es\/mallorca-es\/mallorca-actividades-es\/tour-privado-de-palma-con-experiencia-gastronomica\/#breadcrumb"},"inLanguage":"es","potentialAction":[{"@type":"ReadAction","target":["https:\/\/tourtravelandmore.com\/es\/tours\/espana-es\/mallorca-es\/mallorca-actividades-es\/tour-privado-de-palma-con-experiencia-gastronomica\/"]}]},{"@type":"ImageObject","inLanguage":"es","@id":"https:\/\/tourtravelandmore.com\/es\/tours\/espana-es\/mallorca-es\/mallorca-actividades-es\/tour-privado-de-palma-con-experiencia-gastronomica\/#primaryimage","url":"https:\/\/tourtravelandmore.com\/wp-content\/uploads\/2023\/11\/mallorca-109204_1280.jpg","contentUrl":"https:\/\/tourtravelandmore.com\/wp-content\/uploads\/2023\/11\/mallorca-109204_1280.jpg","width":1280,"height":960},{"@type":"BreadcrumbList","@id":"https:\/\/tourtravelandmore.com\/es\/tours\/espana-es\/mallorca-es\/mallorca-actividades-es\/tour-privado-de-palma-con-experiencia-gastronomica\/#breadcrumb","itemListElement":[{"@type":"ListItem","position":1,"name":"Home","item":"https:\/\/tourtravelandmore.com\/es\/"},{"@type":"ListItem","position":2,"name":"Tours","item":"https:\/\/tourtravelandmore.com\/es\/tours\/"},{"@type":"ListItem","position":3,"name":"Tour Privado de Palma con experiencia gastron\u00f3mica"}]},{"@type":"WebSite","@id":"https:\/\/tourtravelandmore.com\/es\/#website","url":"https:\/\/tourtravelandmore.com\/es\/","name":"Tour Travel And More","description":"Private sightseeing tours and luxury transfers in Spain","publisher":{"@id":"https:\/\/tourtravelandmore.com\/es\/#organization"},"potentialAction":[{"@type":"SearchAction","target":{"@type":"EntryPoint","urlTemplate":"https:\/\/tourtravelandmore.com\/es\/?s={search_term_string}"},"query-input":{"@type":"PropertyValueSpecification","valueRequired":true,"valueName":"search_term_string"}}],"inLanguage":"es"},{"@type":"Organization","@id":"https:\/\/tourtravelandmore.com\/es\/#organization","name":"Tour Travel And More","url":"https:\/\/tourtravelandmore.com\/es\/","logo":{"@type":"ImageObject","inLanguage":"es","@id":"https:\/\/tourtravelandmore.com\/es\/#\/schema\/logo\/image\/","url":"https:\/\/tourtravelandmore.com\/wp-content\/uploads\/2022\/12\/cropped-logo-cabecera-new.png","contentUrl":"https:\/\/tourtravelandmore.com\/wp-content\/uploads\/2022\/12\/cropped-logo-cabecera-new.png","width":430,"height":61,"caption":"Tour Travel And More"},"image":{"@id":"https:\/\/tourtravelandmore.com\/es\/#\/schema\/logo\/image\/"},"sameAs":["https:\/\/www.facebook.com\/tourtravelandmore\/","https:\/\/x.com\/TourTravel_More"]}]}},"_links":{"self":[{"href":"https:\/\/tourtravelandmore.com\/es\/wp-json\/wp\/v2\/product\/170989","targetHints":{"allow":["GET"]}}],"collection":[{"href":"https:\/\/tourtravelandmore.com\/es\/wp-json\/wp\/v2\/product"}],"about":[{"href":"https:\/\/tourtravelandmore.com\/es\/wp-json\/wp\/v2\/types\/product"}],"replies":[{"embeddable":true,"href":"https:\/\/tourtravelandmore.com\/es\/wp-json\/wp\/v2\/comments?post=170989"}],"wp:featuredmedia":[{"embeddable":true,"href":"https:\/\/tourtravelandmore.com\/es\/wp-json\/wp\/v2\/media\/171091"}],"wp:attachment":[{"href":"https:\/\/tourtravelandmore.com\/es\/wp-json\/wp\/v2\/media?parent=170989"}],"wp:term":[{"taxonomy":"product_brand","embeddable":true,"href":"https:\/\/tourtravelandmore.com\/es\/wp-json\/wp\/v2\/product_brand?post=170989"},{"taxonomy":"product_cat","embeddable":true,"href":"https:\/\/tourtravelandmore.com\/es\/wp-json\/wp\/v2\/product_cat?post=170989"},{"taxonomy":"product_tag","embeddable":true,"href":"https:\/\/tourtravelandmore.com\/es\/wp-json\/wp\/v2\/product_tag?post=170989"}],"curies":[{"name":"wp","href":"https:\/\/api.w.org\/{rel}","templated":true}]}}