{"id":170872,"date":"2023-11-06T08:16:39","date_gmt":"2023-11-06T07:16:40","guid":{"rendered":"https:\/\/tourtravelandmore.com\/?post_type=product&#038;p=170872"},"modified":"2024-04-30T19:22:37","modified_gmt":"2024-04-30T17:22:37","slug":"visita-de-un-dia-a-viena-con-entradas","status":"publish","type":"product","link":"https:\/\/tourtravelandmore.com\/es\/tours\/austria-es\/viena-es\/visita-de-un-dia-a-viena-con-entradas\/","title":{"rendered":"Tour privado de un d\u00eda a Viena con entradas"},"content":{"rendered":"<h2><b>Tour de un d\u00eda por Viena con entradas Descripci\u00f3n<\/b><\/h2>\n<p><span style=\"font-weight: 400;\">Sum\u00e9rjase en el coraz\u00f3n de Viena con la completa excursi\u00f3n de un d\u00eda de Tour Travel and More, dise\u00f1ada exclusivamente para viajeros exigentes. Conocida como la &#8220;Ciudad de la M\u00fasica&#8221;, la incomparable importancia hist\u00f3rica de Viena y su grandeza arquitect\u00f3nica atraen a visitantes de todo el mundo. <\/span><\/p>\n<p><span style=\"font-weight: 400;\">A lo largo de este minucioso recorrido de 8 horas, le acompa\u00f1ar\u00e1 un gu\u00eda experto que le ilustrar\u00e1 sobre la encantadora historia de Viena y su brillantez art\u00edstica. Junto con un lujoso veh\u00edculo con ch\u00f3fer, viajar\u00e1 c\u00f3modamente de un lugar a otro, lo que le permitir\u00e1 adentrarse en el coraz\u00f3n de Viena sin los inconvenientes habituales de los viajes.\u00a0<\/span><\/p>\n<p><span style=\"font-weight: 400;\">Desde las calles adoquinadas de la Innere Stadt hasta los amplios bulevares de la Ringstrasse, Viena es una mezcla de opulencia regia y encanto moderno. Como antiguo coraz\u00f3n del Imperio de los Habsburgo, cada rinc\u00f3n de esta ciudad resuena con historias de intriga hist\u00f3rica, esfuerzos art\u00edsticos y m\u00fasica sin igual. Como parte de este recorrido, descubriremos la transformaci\u00f3n de Viena de ciudad fronteriza romana a capital de un imperio en expansi\u00f3n.\u00a0<\/span><\/p>\n<h2><b>Tour de un d\u00eda por Viena con entradas Destacados<\/b><\/h2>\n<ul>\n<li style=\"font-weight: 400;\" aria-level=\"1\"><b>Palacio de Sch\u00f6nbrunn:<\/b><span style=\"font-weight: 400;\"> Uno de los lugares m\u00e1s visitados de Viena, este palacio barroco, con su historia y sus vastos jardines, es testimonio de la grandeza de la monarqu\u00eda de los Habsburgo. Anta\u00f1o residencia de verano, en sus salas resuenan las historias de los emperadores y su vasto imperio. Los opulentos salones de estado y apartamentos privados de Francisco Jos\u00e9 y Sisi ofrecen una visi\u00f3n del estilo de vida imperial.<\/span><\/li>\n<li style=\"font-weight: 400;\" aria-level=\"1\"><b>Casa Museo Mozart:<\/b><span style=\"font-weight: 400;\"> Ad\u00e9ntrese en la residencia del siglo XVIII de Wolfgang Amadeus Mozart, uno de los compositores m\u00e1s prol\u00edficos del mundo. No es s\u00f3lo un museo, sino un viaje a la vida y la \u00e9poca de Mozart, donde podr\u00e1 contemplar partituras originales, cartas y objetos personales que arrojan luz sobre su vida personal y profesional.<\/span><\/li>\n<li style=\"font-weight: 400;\" aria-level=\"1\"><b>Catedral de San Esteban:<\/b><span style=\"font-weight: 400;\"> Obra maestra de la arquitectura g\u00f3tica, su tejado de tejas multicolores y su torre norte dominan el perfil de Viena. Esta emblem\u00e1tica catedral ha sido testigo de muchos acontecimientos importantes de la historia de Austria y es un s\u00edmbolo del rico pasado de Viena.<\/span><\/li>\n<li style=\"font-weight: 400;\" aria-level=\"1\"><b>Palacio Imperial de Hofburg<\/b><span style=\"font-weight: 400;\">: En su d\u00eda epicentro del imperio de los Habsburgo, este complejo palaciego alberga varios museos, los aposentos imperiales y la oficina del Presidente de Austria. Su intrincada arquitectura y su importancia hist\u00f3rica lo convierten en una visita obligada.<\/span><\/li>\n<li style=\"font-weight: 400;\" aria-level=\"1\"><b>Palacio Belvedere:<\/b><span style=\"font-weight: 400;\"> Una maravilla arquitect\u00f3nica, este complejo de edificios hist\u00f3ricos consta de dos palacios barrocos y alberga la mayor colecci\u00f3n del mundo de pinturas de Gustav Klimt.<\/span><\/li>\n<li style=\"font-weight: 400;\" aria-level=\"1\"><b>\u00d3pera Estatal de Viena:<\/b><span style=\"font-weight: 400;\"> Instituci\u00f3n sin\u00f3nimo de grandeza y cultura, la \u00d3pera Estatal de Viena es uno de los mejores teatros de \u00f3pera del mundo. Su arquitectura renacentista por s\u00ed sola es cautivadora, pero son las representaciones de talla mundial que se ofrecen en su interior las que han cimentado su estatus legendario en el \u00e1mbito de la m\u00fasica cl\u00e1sica.<\/span><\/li>\n<li style=\"font-weight: 400;\" aria-level=\"1\"><b>Ringstrasse:<\/b><span style=\"font-weight: 400;\"> El gran bulevar hist\u00f3rico de Viena, construido tras la demolici\u00f3n de las murallas de la ciudad, est\u00e1 adornado con edificios monumentales de finales del siglo XIX. Al recorrerlo, es como hojear las p\u00e1ginas de la evoluci\u00f3n arquitect\u00f3nica de Viena, con influencias g\u00f3ticas, renacentistas, barrocas y neocl\u00e1sicas.<\/span><\/li>\n<\/ul>\n<p><a href=\"https:\/\/tourtravelandmore.com\/es\/ciudad\/austria-es\/viena-es\/\"><span style=\"font-weight: 400;\">Para explorar m\u00e1s a fondo las joyas de Viena, descubra la variedad de visitas privadas que ofrece Tour Travel and More. <\/span><\/a><span style=\"font-weight: 400;\">Cada visita est\u00e1 meticulosamente dise\u00f1ada para ofrecerle una experiencia incomparable. Obtenga m\u00e1s informaci\u00f3n en nuestro sitio web oficial: Tour Travel and More.<\/span><\/p>\n","protected":false},"excerpt":{"rendered":"<p><span style=\"font-weight: 400;\">Emb\u00e1rquese en un completo viaje de 8 horas por Viena, explorando sus monumentos hist\u00f3ricos con la gu\u00eda de un experto. Con las entradas incluidas, profundice en las maravillas del Palacio de Sch\u00f6nbrunn y la Casa Museo de Mozart, desvelando las historias que dieron forma a esta emblem\u00e1tica ciudad.<\/span><\/p>\n","protected":false},"featured_media":170891,"comment_status":"open","ping_status":"closed","template":"","meta":{"_acf_changed":false},"product_brand":[],"product_cat":[1380,1384,1383],"product_tag":[],"class_list":{"0":"post-170872","1":"product","2":"type-product","3":"status-publish","4":"has-post-thumbnail","6":"product_cat-viena-es","7":"product_cat-vienna-tours-privados-actividades-es","8":"product_cat-viena-rutas-turisticas-privadas-es","10":"first","11":"instock","12":"shipping-taxable","13":"purchasable","14":"product-type-simple"},"acf":[],"yoast_head":"<!-- This site is optimized with the Yoast SEO Premium plugin v25.3.1 (Yoast SEO v25.3.1) - https:\/\/yoast.com\/wordpress\/plugins\/seo\/ -->\n<title>\u27a1\ufe0f Explore Viena: Excursi\u00f3n privada de un d\u00eda con las principales atracciones<\/title>\n<meta name=\"description\" content=\"Sum\u00e9rjase en el coraz\u00f3n de Viena con un tour privado de 8 horas, explorando lugares emblem\u00e1ticos como el Palacio de Sch\u00f6nbrunn y la Casa de Mozart. \u00a1Viva Viena como nunca antes! \u2705\" \/>\n<meta name=\"robots\" content=\"index, follow, max-snippet:-1, max-image-preview:large, max-video-preview:-1\" \/>\n<link rel=\"canonical\" href=\"https:\/\/tourtravelandmore.com\/es\/tours\/austria-es\/viena-es\/visita-de-un-dia-a-viena-con-entradas\/\" \/>\n<meta property=\"og:locale\" content=\"es_ES\" \/>\n<meta property=\"og:type\" content=\"article\" \/>\n<meta property=\"og:title\" content=\"Tour privado de un d\u00eda a Viena con entradas\" \/>\n<meta property=\"og:description\" content=\"Sum\u00e9rjase en el coraz\u00f3n de Viena con un tour privado de 8 horas, explorando lugares emblem\u00e1ticos como el Palacio de Sch\u00f6nbrunn y la Casa de Mozart. \u00a1Viva Viena como nunca antes! \u2705\" \/>\n<meta property=\"og:url\" content=\"https:\/\/tourtravelandmore.com\/es\/tours\/austria-es\/viena-es\/visita-de-un-dia-a-viena-con-entradas\/\" \/>\n<meta property=\"og:site_name\" content=\"Tour Travel And More\" \/>\n<meta property=\"article:publisher\" content=\"https:\/\/www.facebook.com\/tourtravelandmore\/\" \/>\n<meta property=\"article:modified_time\" content=\"2024-04-30T17:22:37+00:00\" \/>\n<meta property=\"og:image\" content=\"https:\/\/tourtravelandmore.com\/wp-content\/uploads\/2023\/11\/image1-1.jpg\" \/>\n\t<meta property=\"og:image:width\" content=\"831\" \/>\n\t<meta property=\"og:image:height\" content=\"656\" \/>\n\t<meta property=\"og:image:type\" content=\"image\/jpeg\" \/>\n<meta name=\"twitter:card\" content=\"summary_large_image\" \/>\n<meta name=\"twitter:site\" content=\"@TourTravel_More\" \/>\n<meta name=\"twitter:label1\" content=\"Tiempo de lectura\" \/>\n\t<meta name=\"twitter:data1\" content=\"3 minutos\" \/>\n<script type=\"application\/ld+json\" class=\"yoast-schema-graph\">{\"@context\":\"https:\/\/schema.org\",\"@graph\":[{\"@type\":\"WebPage\",\"@id\":\"https:\/\/tourtravelandmore.com\/es\/tours\/austria-es\/viena-es\/visita-de-un-dia-a-viena-con-entradas\/\",\"url\":\"https:\/\/tourtravelandmore.com\/es\/tours\/austria-es\/viena-es\/visita-de-un-dia-a-viena-con-entradas\/\",\"name\":\"\u27a1\ufe0f Explore Viena: Excursi\u00f3n privada de un d\u00eda con las principales atracciones\",\"isPartOf\":{\"@id\":\"https:\/\/tourtravelandmore.com\/es\/#website\"},\"primaryImageOfPage\":{\"@id\":\"https:\/\/tourtravelandmore.com\/es\/tours\/austria-es\/viena-es\/visita-de-un-dia-a-viena-con-entradas\/#primaryimage\"},\"image\":{\"@id\":\"https:\/\/tourtravelandmore.com\/es\/tours\/austria-es\/viena-es\/visita-de-un-dia-a-viena-con-entradas\/#primaryimage\"},\"thumbnailUrl\":\"https:\/\/tourtravelandmore.com\/wp-content\/uploads\/2023\/11\/image1-1.jpg\",\"datePublished\":\"2023-11-06T07:16:40+00:00\",\"dateModified\":\"2024-04-30T17:22:37+00:00\",\"description\":\"Sum\u00e9rjase en el coraz\u00f3n de Viena con un tour privado de 8 horas, explorando lugares emblem\u00e1ticos como el Palacio de Sch\u00f6nbrunn y la Casa de Mozart. \u00a1Viva Viena como nunca antes! \u2705\",\"breadcrumb\":{\"@id\":\"https:\/\/tourtravelandmore.com\/es\/tours\/austria-es\/viena-es\/visita-de-un-dia-a-viena-con-entradas\/#breadcrumb\"},\"inLanguage\":\"es\",\"potentialAction\":[{\"@type\":\"ReadAction\",\"target\":[\"https:\/\/tourtravelandmore.com\/es\/tours\/austria-es\/viena-es\/visita-de-un-dia-a-viena-con-entradas\/\"]}]},{\"@type\":\"ImageObject\",\"inLanguage\":\"es\",\"@id\":\"https:\/\/tourtravelandmore.com\/es\/tours\/austria-es\/viena-es\/visita-de-un-dia-a-viena-con-entradas\/#primaryimage\",\"url\":\"https:\/\/tourtravelandmore.com\/wp-content\/uploads\/2023\/11\/image1-1.jpg\",\"contentUrl\":\"https:\/\/tourtravelandmore.com\/wp-content\/uploads\/2023\/11\/image1-1.jpg\",\"width\":831,\"height\":656},{\"@type\":\"BreadcrumbList\",\"@id\":\"https:\/\/tourtravelandmore.com\/es\/tours\/austria-es\/viena-es\/visita-de-un-dia-a-viena-con-entradas\/#breadcrumb\",\"itemListElement\":[{\"@type\":\"ListItem\",\"position\":1,\"name\":\"Home\",\"item\":\"https:\/\/tourtravelandmore.com\/es\/\"},{\"@type\":\"ListItem\",\"position\":2,\"name\":\"Tours\",\"item\":\"https:\/\/tourtravelandmore.com\/es\/tours\/\"},{\"@type\":\"ListItem\",\"position\":3,\"name\":\"Tour privado de un d\u00eda a Viena con entradas\"}]},{\"@type\":\"WebSite\",\"@id\":\"https:\/\/tourtravelandmore.com\/es\/#website\",\"url\":\"https:\/\/tourtravelandmore.com\/es\/\",\"name\":\"Tour Travel And More\",\"description\":\"Private sightseeing tours and luxury transfers in Spain\",\"publisher\":{\"@id\":\"https:\/\/tourtravelandmore.com\/es\/#organization\"},\"potentialAction\":[{\"@type\":\"SearchAction\",\"target\":{\"@type\":\"EntryPoint\",\"urlTemplate\":\"https:\/\/tourtravelandmore.com\/es\/?s={search_term_string}\"},\"query-input\":{\"@type\":\"PropertyValueSpecification\",\"valueRequired\":true,\"valueName\":\"search_term_string\"}}],\"inLanguage\":\"es\"},{\"@type\":\"Organization\",\"@id\":\"https:\/\/tourtravelandmore.com\/es\/#organization\",\"name\":\"Tour Travel And More\",\"url\":\"https:\/\/tourtravelandmore.com\/es\/\",\"logo\":{\"@type\":\"ImageObject\",\"inLanguage\":\"es\",\"@id\":\"https:\/\/tourtravelandmore.com\/es\/#\/schema\/logo\/image\/\",\"url\":\"https:\/\/tourtravelandmore.com\/wp-content\/uploads\/2022\/12\/cropped-logo-cabecera-new.png\",\"contentUrl\":\"https:\/\/tourtravelandmore.com\/wp-content\/uploads\/2022\/12\/cropped-logo-cabecera-new.png\",\"width\":430,\"height\":61,\"caption\":\"Tour Travel And More\"},\"image\":{\"@id\":\"https:\/\/tourtravelandmore.com\/es\/#\/schema\/logo\/image\/\"},\"sameAs\":[\"https:\/\/www.facebook.com\/tourtravelandmore\/\",\"https:\/\/x.com\/TourTravel_More\"]}]}<\/script>\n<!-- \/ Yoast SEO Premium plugin. -->","yoast_head_json":{"title":"\u27a1\ufe0f Explore Viena: Excursi\u00f3n privada de un d\u00eda con las principales atracciones","description":"Sum\u00e9rjase en el coraz\u00f3n de Viena con un tour privado de 8 horas, explorando lugares emblem\u00e1ticos como el Palacio de Sch\u00f6nbrunn y la Casa de Mozart. \u00a1Viva Viena como nunca antes! \u2705","robots":{"index":"index","follow":"follow","max-snippet":"max-snippet:-1","max-image-preview":"max-image-preview:large","max-video-preview":"max-video-preview:-1"},"canonical":"https:\/\/tourtravelandmore.com\/es\/tours\/austria-es\/viena-es\/visita-de-un-dia-a-viena-con-entradas\/","og_locale":"es_ES","og_type":"article","og_title":"Tour privado de un d\u00eda a Viena con entradas","og_description":"Sum\u00e9rjase en el coraz\u00f3n de Viena con un tour privado de 8 horas, explorando lugares emblem\u00e1ticos como el Palacio de Sch\u00f6nbrunn y la Casa de Mozart. \u00a1Viva Viena como nunca antes! \u2705","og_url":"https:\/\/tourtravelandmore.com\/es\/tours\/austria-es\/viena-es\/visita-de-un-dia-a-viena-con-entradas\/","og_site_name":"Tour Travel And More","article_publisher":"https:\/\/www.facebook.com\/tourtravelandmore\/","article_modified_time":"2024-04-30T17:22:37+00:00","og_image":[{"width":831,"height":656,"url":"https:\/\/tourtravelandmore.com\/wp-content\/uploads\/2023\/11\/image1-1.jpg","type":"image\/jpeg"}],"twitter_card":"summary_large_image","twitter_site":"@TourTravel_More","twitter_misc":{"Tiempo de lectura":"3 minutos"},"schema":{"@context":"https:\/\/schema.org","@graph":[{"@type":"WebPage","@id":"https:\/\/tourtravelandmore.com\/es\/tours\/austria-es\/viena-es\/visita-de-un-dia-a-viena-con-entradas\/","url":"https:\/\/tourtravelandmore.com\/es\/tours\/austria-es\/viena-es\/visita-de-un-dia-a-viena-con-entradas\/","name":"\u27a1\ufe0f Explore Viena: Excursi\u00f3n privada de un d\u00eda con las principales atracciones","isPartOf":{"@id":"https:\/\/tourtravelandmore.com\/es\/#website"},"primaryImageOfPage":{"@id":"https:\/\/tourtravelandmore.com\/es\/tours\/austria-es\/viena-es\/visita-de-un-dia-a-viena-con-entradas\/#primaryimage"},"image":{"@id":"https:\/\/tourtravelandmore.com\/es\/tours\/austria-es\/viena-es\/visita-de-un-dia-a-viena-con-entradas\/#primaryimage"},"thumbnailUrl":"https:\/\/tourtravelandmore.com\/wp-content\/uploads\/2023\/11\/image1-1.jpg","datePublished":"2023-11-06T07:16:40+00:00","dateModified":"2024-04-30T17:22:37+00:00","description":"Sum\u00e9rjase en el coraz\u00f3n de Viena con un tour privado de 8 horas, explorando lugares emblem\u00e1ticos como el Palacio de Sch\u00f6nbrunn y la Casa de Mozart. \u00a1Viva Viena como nunca antes! \u2705","breadcrumb":{"@id":"https:\/\/tourtravelandmore.com\/es\/tours\/austria-es\/viena-es\/visita-de-un-dia-a-viena-con-entradas\/#breadcrumb"},"inLanguage":"es","potentialAction":[{"@type":"ReadAction","target":["https:\/\/tourtravelandmore.com\/es\/tours\/austria-es\/viena-es\/visita-de-un-dia-a-viena-con-entradas\/"]}]},{"@type":"ImageObject","inLanguage":"es","@id":"https:\/\/tourtravelandmore.com\/es\/tours\/austria-es\/viena-es\/visita-de-un-dia-a-viena-con-entradas\/#primaryimage","url":"https:\/\/tourtravelandmore.com\/wp-content\/uploads\/2023\/11\/image1-1.jpg","contentUrl":"https:\/\/tourtravelandmore.com\/wp-content\/uploads\/2023\/11\/image1-1.jpg","width":831,"height":656},{"@type":"BreadcrumbList","@id":"https:\/\/tourtravelandmore.com\/es\/tours\/austria-es\/viena-es\/visita-de-un-dia-a-viena-con-entradas\/#breadcrumb","itemListElement":[{"@type":"ListItem","position":1,"name":"Home","item":"https:\/\/tourtravelandmore.com\/es\/"},{"@type":"ListItem","position":2,"name":"Tours","item":"https:\/\/tourtravelandmore.com\/es\/tours\/"},{"@type":"ListItem","position":3,"name":"Tour privado de un d\u00eda a Viena con entradas"}]},{"@type":"WebSite","@id":"https:\/\/tourtravelandmore.com\/es\/#website","url":"https:\/\/tourtravelandmore.com\/es\/","name":"Tour Travel And More","description":"Private sightseeing tours and luxury transfers in Spain","publisher":{"@id":"https:\/\/tourtravelandmore.com\/es\/#organization"},"potentialAction":[{"@type":"SearchAction","target":{"@type":"EntryPoint","urlTemplate":"https:\/\/tourtravelandmore.com\/es\/?s={search_term_string}"},"query-input":{"@type":"PropertyValueSpecification","valueRequired":true,"valueName":"search_term_string"}}],"inLanguage":"es"},{"@type":"Organization","@id":"https:\/\/tourtravelandmore.com\/es\/#organization","name":"Tour Travel And More","url":"https:\/\/tourtravelandmore.com\/es\/","logo":{"@type":"ImageObject","inLanguage":"es","@id":"https:\/\/tourtravelandmore.com\/es\/#\/schema\/logo\/image\/","url":"https:\/\/tourtravelandmore.com\/wp-content\/uploads\/2022\/12\/cropped-logo-cabecera-new.png","contentUrl":"https:\/\/tourtravelandmore.com\/wp-content\/uploads\/2022\/12\/cropped-logo-cabecera-new.png","width":430,"height":61,"caption":"Tour Travel And More"},"image":{"@id":"https:\/\/tourtravelandmore.com\/es\/#\/schema\/logo\/image\/"},"sameAs":["https:\/\/www.facebook.com\/tourtravelandmore\/","https:\/\/x.com\/TourTravel_More"]}]}},"_links":{"self":[{"href":"https:\/\/tourtravelandmore.com\/es\/wp-json\/wp\/v2\/product\/170872","targetHints":{"allow":["GET"]}}],"collection":[{"href":"https:\/\/tourtravelandmore.com\/es\/wp-json\/wp\/v2\/product"}],"about":[{"href":"https:\/\/tourtravelandmore.com\/es\/wp-json\/wp\/v2\/types\/product"}],"replies":[{"embeddable":true,"href":"https:\/\/tourtravelandmore.com\/es\/wp-json\/wp\/v2\/comments?post=170872"}],"wp:featuredmedia":[{"embeddable":true,"href":"https:\/\/tourtravelandmore.com\/es\/wp-json\/wp\/v2\/media\/170891"}],"wp:attachment":[{"href":"https:\/\/tourtravelandmore.com\/es\/wp-json\/wp\/v2\/media?parent=170872"}],"wp:term":[{"taxonomy":"product_brand","embeddable":true,"href":"https:\/\/tourtravelandmore.com\/es\/wp-json\/wp\/v2\/product_brand?post=170872"},{"taxonomy":"product_cat","embeddable":true,"href":"https:\/\/tourtravelandmore.com\/es\/wp-json\/wp\/v2\/product_cat?post=170872"},{"taxonomy":"product_tag","embeddable":true,"href":"https:\/\/tourtravelandmore.com\/es\/wp-json\/wp\/v2\/product_tag?post=170872"}],"curies":[{"name":"wp","href":"https:\/\/api.w.org\/{rel}","templated":true}]}}