{"id":170842,"date":"2023-11-06T07:56:48","date_gmt":"2023-11-06T06:56:53","guid":{"rendered":"https:\/\/tourtravelandmore.com\/?post_type=product&#038;p=170842"},"modified":"2023-11-06T08:08:44","modified_gmt":"2023-11-06T07:08:44","slug":"excursion-privada-de-un-dia-a-bratislava-desde-viena","status":"publish","type":"product","link":"https:\/\/tourtravelandmore.com\/es\/tours\/austria-es\/viena-es\/excursion-privada-de-un-dia-a-bratislava-desde-viena\/","title":{"rendered":"Excursi\u00f3n privada de un d\u00eda a Bratislava desde Viena"},"content":{"rendered":"<h2><b>Excursi\u00f3n privada de un d\u00eda a Bratislava desde Viena Descripci\u00f3n<\/b><\/h2>\n<p><span style=\"font-weight: 400;\">Descubra los secretos de Bratislava, la encantadora capital de Eslovaquia, en esta excursi\u00f3n de un d\u00eda con todo incluido desde Viena con Tour Travel and More. A s\u00f3lo una hora en coche de Viena, Bratislava promete una mezcla sin igual de encanto medieval, arte moderno y vistas a orillas del r\u00edo. La excursi\u00f3n, cuidadosamente dise\u00f1ada para el viajero exigente, combina un c\u00f3modo transporte, la experiencia de un gu\u00eda local y la majestuosidad del Castillo de Bratislava.<\/span><\/p>\n<p><span style=\"font-weight: 400;\">Su viaje comienza en Viena, donde le espera un lujoso veh\u00edculo que le transportar\u00e1 a trav\u00e9s de los pintorescos paisajes que separan las dos capitales. A medida que el horizonte de Bratislava se va desvelando, su mezcla de torres antiguas y urbanidad moderna refleja la rica historia de Eslovaquia y su reciente rejuvenecimiento.<\/span><\/p>\n<p><span style=\"font-weight: 400;\">A su llegada, conozca a su gu\u00eda local, un experto conocedor de la historia, la cultura y las leyendas de Bratislava. Sus conocimientos le ayudar\u00e1n a elaborar un relato cautivador, pintando cada callej\u00f3n, plaza y monumento con historias del pasado. Con una entrada incluida al emblem\u00e1tico Castillo de Bratislava, retroceda en el tiempo y viva \u00e9pocas que han dado forma a Europa Central.<\/span><\/p>\n<p><span style=\"font-weight: 400;\">Navegando por las calles adoquinadas de Bratislava, cada paso que da es un abrazo del pasado con el presente. La armoniosa mezcla de maravillas arquitect\u00f3nicas, desde iglesias g\u00f3ticas a bloques de viviendas de la \u00e9poca socialista, nos habla de una ciudad que ha evolucionado continuamente sin dejar de ser fiel a sus ra\u00edces. Mientras pasea, notar\u00e1 el esp\u00edritu vibrante de la ciudad, que resuena en las risas de los caf\u00e9s callejeros, las melod\u00edas de los m\u00fasicos callejeros y los murales art\u00edsticos que adornan sus edificios. Bratislava no se limita a presentar su historia, sino que le invita a formar parte de ella. Los exquisitos palacios, las iglesias centenarias y las bulliciosas plazas no son s\u00f3lo lugares para contemplar; son cr\u00f3nicas de historias que esperan ser compartidas. Con Tour Travel and More, no s\u00f3lo explorar\u00e1 una ciudad, sino que formar\u00e1 parte de su eterna narraci\u00f3n. Deje que el encanto de Bratislava le envuelva mientras nuestros experimentados gu\u00edas le garantizan un d\u00eda lleno de profundos conocimientos y deliciosos recuerdos.<\/span><\/p>\n<h2><b>Lo m\u00e1s destacado de la excursi\u00f3n privada de un d\u00eda a Bratislava desde Viena<\/b><\/h2>\n<ul>\n<li style=\"font-weight: 400;\" aria-level=\"1\"><b>Castillo de Bratislava:<\/b><span style=\"font-weight: 400;\"> Dominando el perfil de la ciudad, el Castillo de Bratislava es un faro del pasado de Eslovaquia. Con ra\u00edces que se remontan a la Edad de Piedra, el castillo ha sido testigo del reinado de reyes, el rugido de batallas y los susurros de intrigas pol\u00edticas. Su posici\u00f3n estrat\u00e9gica ofrece vistas panor\u00e1micas de Bratislava, el Danubio y, en los d\u00edas claros, incluso partes de Austria.<\/span><\/li>\n<li style=\"font-weight: 400;\" aria-level=\"1\"><b>Casco antiguo: <\/b><span style=\"font-weight: 400;\">Sum\u00e9rjase en el coraz\u00f3n de la ciudad con sus laber\u00ednticas callejuelas, edificios hist\u00f3ricos y plazas. Desde la Plaza Mayor, con su antiguo Ayuntamiento y la Fuente de Roland, hasta la Puerta de Miguel, el casco antiguo ofrece una visi\u00f3n \u00edntima de la evoluci\u00f3n de Bratislava a lo largo de los siglos.<\/span><\/li>\n<li style=\"font-weight: 400;\" aria-level=\"1\"><b>Palacio Primacial:<\/b><span style=\"font-weight: 400;\"> El Palacio Primacial, una obra maestra neocl\u00e1sica, es conocido por su Sal\u00f3n de los Espejos y los raros tapices ingleses que narran la tr\u00e1gica historia de amor de Hero y Leander. Su importancia no es meramente art\u00edstica; ha sido el tel\u00f3n de fondo de muchos acuerdos hist\u00f3ricos.<\/span><\/li>\n<li style=\"font-weight: 400;\" aria-level=\"1\"><b>Catedral de San Mart\u00edn:<\/b><span style=\"font-weight: 400;\"> Esta catedral g\u00f3tica, con su impresionante aguja, ha sido testigo de la coronaci\u00f3n de varios monarcas h\u00fangaros, lo que la convierte en una parte esencial de la historia centroeuropea.<\/span><\/li>\n<li style=\"font-weight: 400;\" aria-level=\"1\"><b>Iglesia Azul de Santa Isabel:<\/b><span style=\"font-weight: 400;\"> Un edificio Art Nouveau \u00fanico, esta iglesia, con su inconfundible tono azul, es una de las favoritas entre los entusiastas de la fotograf\u00eda y los amantes de la arquitectura.<\/span><\/li>\n<li style=\"font-weight: 400;\" aria-level=\"1\"><b>Paseo del Danubio:<\/b><span style=\"font-weight: 400;\"> Disfrute de un tranquilo paseo a lo largo del Danubio, el segundo r\u00edo m\u00e1s largo de Europa. Con el puente OVNI de fondo y el suave zumbido de las actividades ribere\u00f1as, es una forma serena de reflexionar sobre la belleza de la ciudad.<\/span><\/li>\n<li style=\"font-weight: 400;\" aria-level=\"1\"><b>Ruinas del castillo de Devin<\/b><span style=\"font-weight: 400;\">: A un corto trayecto en coche del centro de la ciudad, las ruinas del castillo de Devin permiten echar un vistazo al pasado lejano de la regi\u00f3n. Encaramado en un acantilado con vistas a la confluencia de los r\u00edos Danubio y Morava, su estrat\u00e9gica ubicaci\u00f3n lo convirti\u00f3 en una fortificaci\u00f3n esencial en la antig\u00fcedad. Las ruinas narran historias de tribus celtas, legiones romanas y caballeros medievales. Su dram\u00e1tico tel\u00f3n de fondo frente a los dos r\u00edos lo convierte en un lugar pintoresco, que resuena con historias de intriga y conquista.<\/span><\/li>\n<li style=\"font-weight: 400;\" aria-level=\"1\"><b>Palacio Grassalkovich:<\/b><span style=\"font-weight: 400;\"> El Palacio Grassalkovich, residencia del presidente de Eslovaquia, es una hermosa estructura de estilo rococ\u00f3, conocida por su espl\u00e9ndida arquitectura y sus vastos jardines. Aunque el interior del palacio no est\u00e1 abierto al p\u00fablico, sus cuidados jardines ofrecen una escapada serena, con estatuas, fuentes y una singular fuente musical que toca melod\u00edas cl\u00e1sicas, atrayendo a lugare\u00f1os y turistas por igual en busca de un respiro en medio de la ciudad.<\/span><\/li>\n<\/ul>\n<p><span style=\"font-weight: 400;\">Una vez que haya experimentado los encantos de Bratislava, explore m\u00e1s maravillas con nuestra gama de excursiones privadas ofrecidas por Tour Travel and More en Viena y m\u00e1s all\u00e1. <\/span><a href=\"https:\/\/tourtravelandmore.com\/es\/ciudad\/austria-es\/viena-es\/\"><span style=\"font-weight: 400;\">Descubra ciudades e historias que esperan ser desveladas.<\/span><\/a><\/p>\n","protected":false},"excerpt":{"rendered":"<p><span style=\"font-weight: 400;\">Sum\u00e9rjase en un d\u00eda inolvidable en Bratislava desde Viena. Recorra las calles medievales, ad\u00e9ntrese en el hist\u00f3rico Castillo de Bratislava y deje que nuestro gu\u00eda experto le haga revivir la historia. Le espera una combinaci\u00f3n perfecta de transporte, exploraci\u00f3n y narraci\u00f3n.<\/span><\/p>\n","protected":false},"featured_media":170870,"comment_status":"open","ping_status":"closed","template":"","meta":{"_acf_changed":false},"product_brand":[],"product_cat":[1380,1384,1383],"product_tag":[],"class_list":{"0":"post-170842","1":"product","2":"type-product","3":"status-publish","4":"has-post-thumbnail","6":"product_cat-viena-es","7":"product_cat-vienna-tours-privados-actividades-es","8":"product_cat-viena-rutas-turisticas-privadas-es","10":"first","11":"instock","12":"shipping-taxable","13":"purchasable","14":"product-type-simple"},"acf":[],"yoast_head":"<!-- This site is optimized with the Yoast SEO Premium plugin v25.3.1 (Yoast SEO v25.3.1) - https:\/\/yoast.com\/wordpress\/plugins\/seo\/ -->\n<title>\u27a1\ufe0f Tour privado de Bratislava desde Viena: Sum\u00e9rjase en la historia de Eslovaquia con Tour Travel and More<\/title>\n<meta name=\"description\" content=\"Descubra el encanto hist\u00f3rico de Bratislava en una excursi\u00f3n privada de un d\u00eda desde Viena. Descubra castillos, callejuelas del casco antiguo y la belleza del Danubio \u2705\" \/>\n<meta name=\"robots\" content=\"index, follow, max-snippet:-1, max-image-preview:large, max-video-preview:-1\" \/>\n<link rel=\"canonical\" href=\"https:\/\/tourtravelandmore.com\/es\/tours\/austria-es\/viena-es\/excursion-privada-de-un-dia-a-bratislava-desde-viena\/\" \/>\n<meta property=\"og:locale\" content=\"es_ES\" \/>\n<meta property=\"og:type\" content=\"article\" \/>\n<meta property=\"og:title\" content=\"Excursi\u00f3n privada de un d\u00eda a Bratislava desde Viena\" \/>\n<meta property=\"og:description\" content=\"Descubra el encanto hist\u00f3rico de Bratislava en una excursi\u00f3n privada de un d\u00eda desde Viena. Descubra castillos, callejuelas del casco antiguo y la belleza del Danubio \u2705\" \/>\n<meta property=\"og:url\" content=\"https:\/\/tourtravelandmore.com\/es\/tours\/austria-es\/viena-es\/excursion-privada-de-un-dia-a-bratislava-desde-viena\/\" \/>\n<meta property=\"og:site_name\" content=\"Tour Travel And More\" \/>\n<meta property=\"article:publisher\" content=\"https:\/\/www.facebook.com\/tourtravelandmore\/\" \/>\n<meta property=\"article:modified_time\" content=\"2023-11-06T07:08:44+00:00\" \/>\n<meta property=\"og:image\" content=\"https:\/\/tourtravelandmore.com\/wp-content\/uploads\/2023\/11\/image4.jpg\" \/>\n\t<meta property=\"og:image:width\" content=\"950\" \/>\n\t<meta property=\"og:image:height\" content=\"750\" \/>\n\t<meta property=\"og:image:type\" content=\"image\/jpeg\" \/>\n<meta name=\"twitter:card\" content=\"summary_large_image\" \/>\n<meta name=\"twitter:site\" content=\"@TourTravel_More\" \/>\n<meta name=\"twitter:label1\" content=\"Tiempo de lectura\" \/>\n\t<meta name=\"twitter:data1\" content=\"4 minutos\" \/>\n<script type=\"application\/ld+json\" class=\"yoast-schema-graph\">{\"@context\":\"https:\/\/schema.org\",\"@graph\":[{\"@type\":\"WebPage\",\"@id\":\"https:\/\/tourtravelandmore.com\/es\/tours\/austria-es\/viena-es\/excursion-privada-de-un-dia-a-bratislava-desde-viena\/\",\"url\":\"https:\/\/tourtravelandmore.com\/es\/tours\/austria-es\/viena-es\/excursion-privada-de-un-dia-a-bratislava-desde-viena\/\",\"name\":\"\u27a1\ufe0f Tour privado de Bratislava desde Viena: Sum\u00e9rjase en la historia de Eslovaquia con Tour Travel and More\",\"isPartOf\":{\"@id\":\"https:\/\/tourtravelandmore.com\/es\/#website\"},\"primaryImageOfPage\":{\"@id\":\"https:\/\/tourtravelandmore.com\/es\/tours\/austria-es\/viena-es\/excursion-privada-de-un-dia-a-bratislava-desde-viena\/#primaryimage\"},\"image\":{\"@id\":\"https:\/\/tourtravelandmore.com\/es\/tours\/austria-es\/viena-es\/excursion-privada-de-un-dia-a-bratislava-desde-viena\/#primaryimage\"},\"thumbnailUrl\":\"https:\/\/tourtravelandmore.com\/wp-content\/uploads\/2023\/11\/image4.jpg\",\"datePublished\":\"2023-11-06T06:56:53+00:00\",\"dateModified\":\"2023-11-06T07:08:44+00:00\",\"description\":\"Descubra el encanto hist\u00f3rico de Bratislava en una excursi\u00f3n privada de un d\u00eda desde Viena. Descubra castillos, callejuelas del casco antiguo y la belleza del Danubio \u2705\",\"breadcrumb\":{\"@id\":\"https:\/\/tourtravelandmore.com\/es\/tours\/austria-es\/viena-es\/excursion-privada-de-un-dia-a-bratislava-desde-viena\/#breadcrumb\"},\"inLanguage\":\"es\",\"potentialAction\":[{\"@type\":\"ReadAction\",\"target\":[\"https:\/\/tourtravelandmore.com\/es\/tours\/austria-es\/viena-es\/excursion-privada-de-un-dia-a-bratislava-desde-viena\/\"]}]},{\"@type\":\"ImageObject\",\"inLanguage\":\"es\",\"@id\":\"https:\/\/tourtravelandmore.com\/es\/tours\/austria-es\/viena-es\/excursion-privada-de-un-dia-a-bratislava-desde-viena\/#primaryimage\",\"url\":\"https:\/\/tourtravelandmore.com\/wp-content\/uploads\/2023\/11\/image4.jpg\",\"contentUrl\":\"https:\/\/tourtravelandmore.com\/wp-content\/uploads\/2023\/11\/image4.jpg\",\"width\":950,\"height\":750},{\"@type\":\"BreadcrumbList\",\"@id\":\"https:\/\/tourtravelandmore.com\/es\/tours\/austria-es\/viena-es\/excursion-privada-de-un-dia-a-bratislava-desde-viena\/#breadcrumb\",\"itemListElement\":[{\"@type\":\"ListItem\",\"position\":1,\"name\":\"Home\",\"item\":\"https:\/\/tourtravelandmore.com\/es\/\"},{\"@type\":\"ListItem\",\"position\":2,\"name\":\"Tours\",\"item\":\"https:\/\/tourtravelandmore.com\/es\/tours\/\"},{\"@type\":\"ListItem\",\"position\":3,\"name\":\"Excursi\u00f3n privada de un d\u00eda a Bratislava desde Viena\"}]},{\"@type\":\"WebSite\",\"@id\":\"https:\/\/tourtravelandmore.com\/es\/#website\",\"url\":\"https:\/\/tourtravelandmore.com\/es\/\",\"name\":\"Tour Travel And More\",\"description\":\"Private sightseeing tours and luxury transfers in Spain\",\"publisher\":{\"@id\":\"https:\/\/tourtravelandmore.com\/es\/#organization\"},\"potentialAction\":[{\"@type\":\"SearchAction\",\"target\":{\"@type\":\"EntryPoint\",\"urlTemplate\":\"https:\/\/tourtravelandmore.com\/es\/?s={search_term_string}\"},\"query-input\":{\"@type\":\"PropertyValueSpecification\",\"valueRequired\":true,\"valueName\":\"search_term_string\"}}],\"inLanguage\":\"es\"},{\"@type\":\"Organization\",\"@id\":\"https:\/\/tourtravelandmore.com\/es\/#organization\",\"name\":\"Tour Travel And More\",\"url\":\"https:\/\/tourtravelandmore.com\/es\/\",\"logo\":{\"@type\":\"ImageObject\",\"inLanguage\":\"es\",\"@id\":\"https:\/\/tourtravelandmore.com\/es\/#\/schema\/logo\/image\/\",\"url\":\"https:\/\/tourtravelandmore.com\/wp-content\/uploads\/2022\/12\/cropped-logo-cabecera-new.png\",\"contentUrl\":\"https:\/\/tourtravelandmore.com\/wp-content\/uploads\/2022\/12\/cropped-logo-cabecera-new.png\",\"width\":430,\"height\":61,\"caption\":\"Tour Travel And More\"},\"image\":{\"@id\":\"https:\/\/tourtravelandmore.com\/es\/#\/schema\/logo\/image\/\"},\"sameAs\":[\"https:\/\/www.facebook.com\/tourtravelandmore\/\",\"https:\/\/x.com\/TourTravel_More\"]}]}<\/script>\n<!-- \/ Yoast SEO Premium plugin. -->","yoast_head_json":{"title":"\u27a1\ufe0f Tour privado de Bratislava desde Viena: Sum\u00e9rjase en la historia de Eslovaquia con Tour Travel and More","description":"Descubra el encanto hist\u00f3rico de Bratislava en una excursi\u00f3n privada de un d\u00eda desde Viena. Descubra castillos, callejuelas del casco antiguo y la belleza del Danubio \u2705","robots":{"index":"index","follow":"follow","max-snippet":"max-snippet:-1","max-image-preview":"max-image-preview:large","max-video-preview":"max-video-preview:-1"},"canonical":"https:\/\/tourtravelandmore.com\/es\/tours\/austria-es\/viena-es\/excursion-privada-de-un-dia-a-bratislava-desde-viena\/","og_locale":"es_ES","og_type":"article","og_title":"Excursi\u00f3n privada de un d\u00eda a Bratislava desde Viena","og_description":"Descubra el encanto hist\u00f3rico de Bratislava en una excursi\u00f3n privada de un d\u00eda desde Viena. Descubra castillos, callejuelas del casco antiguo y la belleza del Danubio \u2705","og_url":"https:\/\/tourtravelandmore.com\/es\/tours\/austria-es\/viena-es\/excursion-privada-de-un-dia-a-bratislava-desde-viena\/","og_site_name":"Tour Travel And More","article_publisher":"https:\/\/www.facebook.com\/tourtravelandmore\/","article_modified_time":"2023-11-06T07:08:44+00:00","og_image":[{"width":950,"height":750,"url":"https:\/\/tourtravelandmore.com\/wp-content\/uploads\/2023\/11\/image4.jpg","type":"image\/jpeg"}],"twitter_card":"summary_large_image","twitter_site":"@TourTravel_More","twitter_misc":{"Tiempo de lectura":"4 minutos"},"schema":{"@context":"https:\/\/schema.org","@graph":[{"@type":"WebPage","@id":"https:\/\/tourtravelandmore.com\/es\/tours\/austria-es\/viena-es\/excursion-privada-de-un-dia-a-bratislava-desde-viena\/","url":"https:\/\/tourtravelandmore.com\/es\/tours\/austria-es\/viena-es\/excursion-privada-de-un-dia-a-bratislava-desde-viena\/","name":"\u27a1\ufe0f Tour privado de Bratislava desde Viena: Sum\u00e9rjase en la historia de Eslovaquia con Tour Travel and More","isPartOf":{"@id":"https:\/\/tourtravelandmore.com\/es\/#website"},"primaryImageOfPage":{"@id":"https:\/\/tourtravelandmore.com\/es\/tours\/austria-es\/viena-es\/excursion-privada-de-un-dia-a-bratislava-desde-viena\/#primaryimage"},"image":{"@id":"https:\/\/tourtravelandmore.com\/es\/tours\/austria-es\/viena-es\/excursion-privada-de-un-dia-a-bratislava-desde-viena\/#primaryimage"},"thumbnailUrl":"https:\/\/tourtravelandmore.com\/wp-content\/uploads\/2023\/11\/image4.jpg","datePublished":"2023-11-06T06:56:53+00:00","dateModified":"2023-11-06T07:08:44+00:00","description":"Descubra el encanto hist\u00f3rico de Bratislava en una excursi\u00f3n privada de un d\u00eda desde Viena. Descubra castillos, callejuelas del casco antiguo y la belleza del Danubio \u2705","breadcrumb":{"@id":"https:\/\/tourtravelandmore.com\/es\/tours\/austria-es\/viena-es\/excursion-privada-de-un-dia-a-bratislava-desde-viena\/#breadcrumb"},"inLanguage":"es","potentialAction":[{"@type":"ReadAction","target":["https:\/\/tourtravelandmore.com\/es\/tours\/austria-es\/viena-es\/excursion-privada-de-un-dia-a-bratislava-desde-viena\/"]}]},{"@type":"ImageObject","inLanguage":"es","@id":"https:\/\/tourtravelandmore.com\/es\/tours\/austria-es\/viena-es\/excursion-privada-de-un-dia-a-bratislava-desde-viena\/#primaryimage","url":"https:\/\/tourtravelandmore.com\/wp-content\/uploads\/2023\/11\/image4.jpg","contentUrl":"https:\/\/tourtravelandmore.com\/wp-content\/uploads\/2023\/11\/image4.jpg","width":950,"height":750},{"@type":"BreadcrumbList","@id":"https:\/\/tourtravelandmore.com\/es\/tours\/austria-es\/viena-es\/excursion-privada-de-un-dia-a-bratislava-desde-viena\/#breadcrumb","itemListElement":[{"@type":"ListItem","position":1,"name":"Home","item":"https:\/\/tourtravelandmore.com\/es\/"},{"@type":"ListItem","position":2,"name":"Tours","item":"https:\/\/tourtravelandmore.com\/es\/tours\/"},{"@type":"ListItem","position":3,"name":"Excursi\u00f3n privada de un d\u00eda a Bratislava desde Viena"}]},{"@type":"WebSite","@id":"https:\/\/tourtravelandmore.com\/es\/#website","url":"https:\/\/tourtravelandmore.com\/es\/","name":"Tour Travel And More","description":"Private sightseeing tours and luxury transfers in Spain","publisher":{"@id":"https:\/\/tourtravelandmore.com\/es\/#organization"},"potentialAction":[{"@type":"SearchAction","target":{"@type":"EntryPoint","urlTemplate":"https:\/\/tourtravelandmore.com\/es\/?s={search_term_string}"},"query-input":{"@type":"PropertyValueSpecification","valueRequired":true,"valueName":"search_term_string"}}],"inLanguage":"es"},{"@type":"Organization","@id":"https:\/\/tourtravelandmore.com\/es\/#organization","name":"Tour Travel And More","url":"https:\/\/tourtravelandmore.com\/es\/","logo":{"@type":"ImageObject","inLanguage":"es","@id":"https:\/\/tourtravelandmore.com\/es\/#\/schema\/logo\/image\/","url":"https:\/\/tourtravelandmore.com\/wp-content\/uploads\/2022\/12\/cropped-logo-cabecera-new.png","contentUrl":"https:\/\/tourtravelandmore.com\/wp-content\/uploads\/2022\/12\/cropped-logo-cabecera-new.png","width":430,"height":61,"caption":"Tour Travel And More"},"image":{"@id":"https:\/\/tourtravelandmore.com\/es\/#\/schema\/logo\/image\/"},"sameAs":["https:\/\/www.facebook.com\/tourtravelandmore\/","https:\/\/x.com\/TourTravel_More"]}]}},"_links":{"self":[{"href":"https:\/\/tourtravelandmore.com\/es\/wp-json\/wp\/v2\/product\/170842","targetHints":{"allow":["GET"]}}],"collection":[{"href":"https:\/\/tourtravelandmore.com\/es\/wp-json\/wp\/v2\/product"}],"about":[{"href":"https:\/\/tourtravelandmore.com\/es\/wp-json\/wp\/v2\/types\/product"}],"replies":[{"embeddable":true,"href":"https:\/\/tourtravelandmore.com\/es\/wp-json\/wp\/v2\/comments?post=170842"}],"wp:featuredmedia":[{"embeddable":true,"href":"https:\/\/tourtravelandmore.com\/es\/wp-json\/wp\/v2\/media\/170870"}],"wp:attachment":[{"href":"https:\/\/tourtravelandmore.com\/es\/wp-json\/wp\/v2\/media?parent=170842"}],"wp:term":[{"taxonomy":"product_brand","embeddable":true,"href":"https:\/\/tourtravelandmore.com\/es\/wp-json\/wp\/v2\/product_brand?post=170842"},{"taxonomy":"product_cat","embeddable":true,"href":"https:\/\/tourtravelandmore.com\/es\/wp-json\/wp\/v2\/product_cat?post=170842"},{"taxonomy":"product_tag","embeddable":true,"href":"https:\/\/tourtravelandmore.com\/es\/wp-json\/wp\/v2\/product_tag?post=170842"}],"curies":[{"name":"wp","href":"https:\/\/api.w.org\/{rel}","templated":true}]}}