{"id":170780,"date":"2023-10-31T13:59:55","date_gmt":"2023-10-31T13:00:14","guid":{"rendered":"https:\/\/tourtravelandmore.com\/?post_type=product&#038;p=170780"},"modified":"2023-10-31T14:20:07","modified_gmt":"2023-10-31T13:20:07","slug":"tour-privado-a-budapest-desde-viena-copy","status":"publish","type":"product","link":"https:\/\/tourtravelandmore.com\/es\/tours\/austria-es\/viena-es\/tour-privado-a-budapest-desde-viena-copy\/","title":{"rendered":"Visita privada de un d\u00eda al campo de concentraci\u00f3n de Mauthausen desde Viena"},"content":{"rendered":"<h2><b>Visita privada de un d\u00eda al campo de concentraci\u00f3n de Mauthausen desde Viena Descripci\u00f3n<\/b><\/h2>\n<p><span style=\"font-weight: 400;\">Los ecos de la historia resuenan con fuerza en lugares que han sido testigos de las horas m\u00e1s oscuras de la humanidad. El campo de concentraci\u00f3n de Mauthausen es un sombr\u00edo testimonio de las atrocidades de la Segunda Guerra Mundial. Esta completa excursi\u00f3n de un d\u00eda de Viena a Mauthausen, ofrecida en exclusiva por Tour Travel and More, no es s\u00f3lo un viaje a un lugar, sino un conmovedor viaje en el tiempo. A lo largo de 8 horas, nuestros expertos gu\u00edas le guiar\u00e1n por este inquietante espacio, asegur\u00e1ndose de que las historias de las v\u00edctimas y los supervivientes se cuentan con el respeto y la sensibilidad que merecen. Un veh\u00edculo exclusivo con conductor profesional se encargar\u00e1 de que su viaje de Viena a Mauthausen sea lo m\u00e1s c\u00f3modo y fluido posible.<\/span><\/p>\n<p><span style=\"font-weight: 400;\">Al atravesar los sombr\u00edos terrenos de Mauthausen, el aire se impregna de historias de perseverancia, valor y, por desgracia, inmenso sufrimiento. No se trata de una mera visita a un lugar hist\u00f3rico, sino de una peregrinaci\u00f3n a un lugar de memoria, reflexi\u00f3n y aprendizaje. Los edificios, los artefactos y los inquietantes espacios vac\u00edos evocan historias de personas que una vez poblaron el campo, proporcionando una perspectiva profundamente personal a la narrativa m\u00e1s amplia de la guerra. Nuestro compromiso en Tour Travel and More no es s\u00f3lo presentarle hechos hist\u00f3ricos, sino facilitar una conexi\u00f3n que fomente la empat\u00eda y la comprensi\u00f3n. Estas experiencias de inmersi\u00f3n nos recuerdan la fragilidad de la paz y la importancia de preservarla para las generaciones futuras.<\/span><\/p>\n<h2><b>Lo m\u00e1s destacado de la visita privada de un d\u00eda al campo de concentraci\u00f3n de Mauthausen desde Viena<\/b><\/h2>\n<ul>\n<li style=\"font-weight: 400;\" aria-level=\"1\"><span style=\"font-weight: 400;\">Monumento conmemorativo de Mauthausen: Es el punto central de reflexi\u00f3n dentro del campo. El memorial se erige como s\u00edmbolo del recuerdo, asegurando que las v\u00edctimas nunca sean olvidadas. Ofrece un espacio contemplativo para que los visitantes presenten sus respetos.<\/span><\/li>\n<li style=\"font-weight: 400;\" aria-level=\"1\"><span style=\"font-weight: 400;\">Barracones de prisioneros: Estos barracones, que en su d\u00eda albergaron a miles de personas en condiciones de hacinamiento y calamidad, son ahora un escalofriante recordatorio del sufrimiento de los reclusos. Ofrecen una visi\u00f3n de la vida cotidiana y las luchas de los prisioneros.<\/span><\/li>\n<li style=\"font-weight: 400;\" aria-level=\"1\"><span style=\"font-weight: 400;\">Escalera de la Muerte: Este conjunto de 186 escalones es por donde los prisioneros ten\u00edan que transportar pesadas piedras desde la cantera del campo. Es un testimonio brutal de los trabajos forzados y las condiciones extremas que soportaban los prisioneros.<\/span><\/li>\n<li style=\"font-weight: 400;\" aria-level=\"1\"><span style=\"font-weight: 400;\">C\u00e1mara de gas: Horripilante testimonio de la magnitud de las atrocidades, la c\u00e1mara de gas de Mauthausen desempe\u00f1\u00f3 un tr\u00e1gico papel en el proceso de aniquilaci\u00f3n.<\/span><\/li>\n<li style=\"font-weight: 400;\" aria-level=\"1\"><span style=\"font-weight: 400;\">Museo de Mauthausen: El museo ofrece una visi\u00f3n en profundidad de la historia del campo, los prisioneros y el contexto m\u00e1s amplio del Holocausto. Objetos, fotograf\u00edas y relatos personales ofrecen una perspectiva detallada de la vida en el campo y de la resistencia del esp\u00edritu humano.<\/span><\/li>\n<li style=\"font-weight: 400;\" aria-level=\"1\"><span style=\"font-weight: 400;\">Cantera: La cantera de Wiener-Graben fue el principal motivo de la ubicaci\u00f3n del campo. Los prisioneros eran obligados a realizar trabajos forzados, subiendo pesadas piedras por las Escaleras de la Muerte. Hoy en d\u00eda, la cantera es un solemne recordatorio de las duras condiciones a las que se enfrentaban diariamente los reclusos.<\/span><\/li>\n<li style=\"font-weight: 400;\" aria-level=\"1\"><span style=\"font-weight: 400;\">Sala de los Nombres: Este inquietante espacio est\u00e1 dedicado a preservar la memoria de los que perecieron en Mauthausen. En sus paredes est\u00e1n inscritos los nombres de miles de v\u00edctimas y resuenan las historias individuales de quienes sufrieron aqu\u00ed.<\/span><\/li>\n<\/ul>\n<p><span style=\"font-weight: 400;\">Tour Travel and More ofrece una amplia gama de visitas privadas dise\u00f1adas para el viajero exigente. Desde la rica historia de Viena hasta viajes aleccionadores como Mauthausen, prometemos una experiencia de viaje profunda.<\/span><a href=\"https:\/\/tourtravelandmore.com\/es\/ciudad\/austria-es\/viena-es\/\"><span style=\"font-weight: 400;\"> Explore toda nuestra oferta de Viena y m\u00e1s all\u00e1 en Tour Travel and More.<\/span><\/a><\/p>\n","protected":false},"excerpt":{"rendered":"<p><span style=\"font-weight: 400;\">Emb\u00e1rquese en un viaje profundamente conmovedor desde Viena hasta el campo de concentraci\u00f3n de Mauthausen, de la mano de gu\u00edas expertos. Esta excursi\u00f3n de 8 horas ofrece una visita en profundidad a uno de los lugares m\u00e1s significativos de la Segunda Guerra Mundial, arrojando luz sobre historias de valor, resistencia y humanidad en medio de la oscuridad.<\/span><\/p>\n","protected":false},"featured_media":170799,"comment_status":"open","ping_status":"closed","template":"","meta":{"_acf_changed":false},"product_brand":[],"product_cat":[1380,1384,1383],"product_tag":[],"class_list":{"0":"post-170780","1":"product","2":"type-product","3":"status-publish","4":"has-post-thumbnail","6":"product_cat-viena-es","7":"product_cat-vienna-tours-privados-actividades-es","8":"product_cat-viena-rutas-turisticas-privadas-es","10":"first","11":"instock","12":"shipping-taxable","13":"purchasable","14":"product-type-simple"},"acf":[],"yoast_head":"<!-- This site is optimized with the Yoast SEO Premium plugin v25.3.1 (Yoast SEO v25.3.1) - https:\/\/yoast.com\/wordpress\/plugins\/seo\/ -->\n<title>\u27a1\ufe0f Campo de concentraci\u00f3n de Mauthausen: Excursi\u00f3n privada de un d\u00eda desde Viena<\/title>\n<meta name=\"description\" content=\"Sum\u00e9rjase en la historia con una excursi\u00f3n privada desde Viena a Mauthausen. Conozca los oscuros cap\u00edtulos de la Segunda Guerra Mundial de la mano de expertos.\" \/>\n<meta name=\"robots\" content=\"index, follow, max-snippet:-1, max-image-preview:large, max-video-preview:-1\" \/>\n<link rel=\"canonical\" href=\"https:\/\/tourtravelandmore.com\/es\/tours\/austria-es\/viena-es\/tour-privado-a-budapest-desde-viena-copy\/\" \/>\n<meta property=\"og:locale\" content=\"es_ES\" \/>\n<meta property=\"og:type\" content=\"article\" \/>\n<meta property=\"og:title\" content=\"Visita privada de un d\u00eda al campo de concentraci\u00f3n de Mauthausen desde Viena\" \/>\n<meta property=\"og:description\" content=\"Sum\u00e9rjase en la historia con una excursi\u00f3n privada desde Viena a Mauthausen. Conozca los oscuros cap\u00edtulos de la Segunda Guerra Mundial de la mano de expertos.\" \/>\n<meta property=\"og:url\" content=\"https:\/\/tourtravelandmore.com\/es\/tours\/austria-es\/viena-es\/tour-privado-a-budapest-desde-viena-copy\/\" \/>\n<meta property=\"og:site_name\" content=\"Tour Travel And More\" \/>\n<meta property=\"article:publisher\" content=\"https:\/\/www.facebook.com\/tourtravelandmore\/\" \/>\n<meta property=\"article:modified_time\" content=\"2023-10-31T13:20:07+00:00\" \/>\n<meta property=\"og:image\" content=\"https:\/\/tourtravelandmore.com\/wp-content\/uploads\/2023\/10\/image1-12.jpg\" \/>\n\t<meta property=\"og:image:width\" content=\"950\" \/>\n\t<meta property=\"og:image:height\" content=\"750\" \/>\n\t<meta property=\"og:image:type\" content=\"image\/jpeg\" \/>\n<meta name=\"twitter:card\" content=\"summary_large_image\" \/>\n<meta name=\"twitter:site\" content=\"@TourTravel_More\" \/>\n<meta name=\"twitter:label1\" content=\"Tiempo de lectura\" \/>\n\t<meta name=\"twitter:data1\" content=\"3 minutos\" \/>\n<script type=\"application\/ld+json\" class=\"yoast-schema-graph\">{\"@context\":\"https:\/\/schema.org\",\"@graph\":[{\"@type\":\"WebPage\",\"@id\":\"https:\/\/tourtravelandmore.com\/es\/tours\/austria-es\/viena-es\/tour-privado-a-budapest-desde-viena-copy\/\",\"url\":\"https:\/\/tourtravelandmore.com\/es\/tours\/austria-es\/viena-es\/tour-privado-a-budapest-desde-viena-copy\/\",\"name\":\"\u27a1\ufe0f Campo de concentraci\u00f3n de Mauthausen: Excursi\u00f3n privada de un d\u00eda desde Viena\",\"isPartOf\":{\"@id\":\"https:\/\/tourtravelandmore.com\/es\/#website\"},\"primaryImageOfPage\":{\"@id\":\"https:\/\/tourtravelandmore.com\/es\/tours\/austria-es\/viena-es\/tour-privado-a-budapest-desde-viena-copy\/#primaryimage\"},\"image\":{\"@id\":\"https:\/\/tourtravelandmore.com\/es\/tours\/austria-es\/viena-es\/tour-privado-a-budapest-desde-viena-copy\/#primaryimage\"},\"thumbnailUrl\":\"https:\/\/tourtravelandmore.com\/wp-content\/uploads\/2023\/10\/image1-12.jpg\",\"datePublished\":\"2023-10-31T13:00:14+00:00\",\"dateModified\":\"2023-10-31T13:20:07+00:00\",\"description\":\"Sum\u00e9rjase en la historia con una excursi\u00f3n privada desde Viena a Mauthausen. Conozca los oscuros cap\u00edtulos de la Segunda Guerra Mundial de la mano de expertos.\",\"breadcrumb\":{\"@id\":\"https:\/\/tourtravelandmore.com\/es\/tours\/austria-es\/viena-es\/tour-privado-a-budapest-desde-viena-copy\/#breadcrumb\"},\"inLanguage\":\"es\",\"potentialAction\":[{\"@type\":\"ReadAction\",\"target\":[\"https:\/\/tourtravelandmore.com\/es\/tours\/austria-es\/viena-es\/tour-privado-a-budapest-desde-viena-copy\/\"]}]},{\"@type\":\"ImageObject\",\"inLanguage\":\"es\",\"@id\":\"https:\/\/tourtravelandmore.com\/es\/tours\/austria-es\/viena-es\/tour-privado-a-budapest-desde-viena-copy\/#primaryimage\",\"url\":\"https:\/\/tourtravelandmore.com\/wp-content\/uploads\/2023\/10\/image1-12.jpg\",\"contentUrl\":\"https:\/\/tourtravelandmore.com\/wp-content\/uploads\/2023\/10\/image1-12.jpg\",\"width\":950,\"height\":750},{\"@type\":\"BreadcrumbList\",\"@id\":\"https:\/\/tourtravelandmore.com\/es\/tours\/austria-es\/viena-es\/tour-privado-a-budapest-desde-viena-copy\/#breadcrumb\",\"itemListElement\":[{\"@type\":\"ListItem\",\"position\":1,\"name\":\"Home\",\"item\":\"https:\/\/tourtravelandmore.com\/es\/\"},{\"@type\":\"ListItem\",\"position\":2,\"name\":\"Tours\",\"item\":\"https:\/\/tourtravelandmore.com\/es\/tours\/\"},{\"@type\":\"ListItem\",\"position\":3,\"name\":\"Visita privada de un d\u00eda al campo de concentraci\u00f3n de Mauthausen desde Viena\"}]},{\"@type\":\"WebSite\",\"@id\":\"https:\/\/tourtravelandmore.com\/es\/#website\",\"url\":\"https:\/\/tourtravelandmore.com\/es\/\",\"name\":\"Tour Travel And More\",\"description\":\"Private sightseeing tours and luxury transfers in Spain\",\"publisher\":{\"@id\":\"https:\/\/tourtravelandmore.com\/es\/#organization\"},\"potentialAction\":[{\"@type\":\"SearchAction\",\"target\":{\"@type\":\"EntryPoint\",\"urlTemplate\":\"https:\/\/tourtravelandmore.com\/es\/?s={search_term_string}\"},\"query-input\":{\"@type\":\"PropertyValueSpecification\",\"valueRequired\":true,\"valueName\":\"search_term_string\"}}],\"inLanguage\":\"es\"},{\"@type\":\"Organization\",\"@id\":\"https:\/\/tourtravelandmore.com\/es\/#organization\",\"name\":\"Tour Travel And More\",\"url\":\"https:\/\/tourtravelandmore.com\/es\/\",\"logo\":{\"@type\":\"ImageObject\",\"inLanguage\":\"es\",\"@id\":\"https:\/\/tourtravelandmore.com\/es\/#\/schema\/logo\/image\/\",\"url\":\"https:\/\/tourtravelandmore.com\/wp-content\/uploads\/2022\/12\/cropped-logo-cabecera-new.png\",\"contentUrl\":\"https:\/\/tourtravelandmore.com\/wp-content\/uploads\/2022\/12\/cropped-logo-cabecera-new.png\",\"width\":430,\"height\":61,\"caption\":\"Tour Travel And More\"},\"image\":{\"@id\":\"https:\/\/tourtravelandmore.com\/es\/#\/schema\/logo\/image\/\"},\"sameAs\":[\"https:\/\/www.facebook.com\/tourtravelandmore\/\",\"https:\/\/x.com\/TourTravel_More\"]}]}<\/script>\n<!-- \/ Yoast SEO Premium plugin. -->","yoast_head_json":{"title":"\u27a1\ufe0f Campo de concentraci\u00f3n de Mauthausen: Excursi\u00f3n privada de un d\u00eda desde Viena","description":"Sum\u00e9rjase en la historia con una excursi\u00f3n privada desde Viena a Mauthausen. Conozca los oscuros cap\u00edtulos de la Segunda Guerra Mundial de la mano de expertos.","robots":{"index":"index","follow":"follow","max-snippet":"max-snippet:-1","max-image-preview":"max-image-preview:large","max-video-preview":"max-video-preview:-1"},"canonical":"https:\/\/tourtravelandmore.com\/es\/tours\/austria-es\/viena-es\/tour-privado-a-budapest-desde-viena-copy\/","og_locale":"es_ES","og_type":"article","og_title":"Visita privada de un d\u00eda al campo de concentraci\u00f3n de Mauthausen desde Viena","og_description":"Sum\u00e9rjase en la historia con una excursi\u00f3n privada desde Viena a Mauthausen. Conozca los oscuros cap\u00edtulos de la Segunda Guerra Mundial de la mano de expertos.","og_url":"https:\/\/tourtravelandmore.com\/es\/tours\/austria-es\/viena-es\/tour-privado-a-budapest-desde-viena-copy\/","og_site_name":"Tour Travel And More","article_publisher":"https:\/\/www.facebook.com\/tourtravelandmore\/","article_modified_time":"2023-10-31T13:20:07+00:00","og_image":[{"width":950,"height":750,"url":"https:\/\/tourtravelandmore.com\/wp-content\/uploads\/2023\/10\/image1-12.jpg","type":"image\/jpeg"}],"twitter_card":"summary_large_image","twitter_site":"@TourTravel_More","twitter_misc":{"Tiempo de lectura":"3 minutos"},"schema":{"@context":"https:\/\/schema.org","@graph":[{"@type":"WebPage","@id":"https:\/\/tourtravelandmore.com\/es\/tours\/austria-es\/viena-es\/tour-privado-a-budapest-desde-viena-copy\/","url":"https:\/\/tourtravelandmore.com\/es\/tours\/austria-es\/viena-es\/tour-privado-a-budapest-desde-viena-copy\/","name":"\u27a1\ufe0f Campo de concentraci\u00f3n de Mauthausen: Excursi\u00f3n privada de un d\u00eda desde Viena","isPartOf":{"@id":"https:\/\/tourtravelandmore.com\/es\/#website"},"primaryImageOfPage":{"@id":"https:\/\/tourtravelandmore.com\/es\/tours\/austria-es\/viena-es\/tour-privado-a-budapest-desde-viena-copy\/#primaryimage"},"image":{"@id":"https:\/\/tourtravelandmore.com\/es\/tours\/austria-es\/viena-es\/tour-privado-a-budapest-desde-viena-copy\/#primaryimage"},"thumbnailUrl":"https:\/\/tourtravelandmore.com\/wp-content\/uploads\/2023\/10\/image1-12.jpg","datePublished":"2023-10-31T13:00:14+00:00","dateModified":"2023-10-31T13:20:07+00:00","description":"Sum\u00e9rjase en la historia con una excursi\u00f3n privada desde Viena a Mauthausen. Conozca los oscuros cap\u00edtulos de la Segunda Guerra Mundial de la mano de expertos.","breadcrumb":{"@id":"https:\/\/tourtravelandmore.com\/es\/tours\/austria-es\/viena-es\/tour-privado-a-budapest-desde-viena-copy\/#breadcrumb"},"inLanguage":"es","potentialAction":[{"@type":"ReadAction","target":["https:\/\/tourtravelandmore.com\/es\/tours\/austria-es\/viena-es\/tour-privado-a-budapest-desde-viena-copy\/"]}]},{"@type":"ImageObject","inLanguage":"es","@id":"https:\/\/tourtravelandmore.com\/es\/tours\/austria-es\/viena-es\/tour-privado-a-budapest-desde-viena-copy\/#primaryimage","url":"https:\/\/tourtravelandmore.com\/wp-content\/uploads\/2023\/10\/image1-12.jpg","contentUrl":"https:\/\/tourtravelandmore.com\/wp-content\/uploads\/2023\/10\/image1-12.jpg","width":950,"height":750},{"@type":"BreadcrumbList","@id":"https:\/\/tourtravelandmore.com\/es\/tours\/austria-es\/viena-es\/tour-privado-a-budapest-desde-viena-copy\/#breadcrumb","itemListElement":[{"@type":"ListItem","position":1,"name":"Home","item":"https:\/\/tourtravelandmore.com\/es\/"},{"@type":"ListItem","position":2,"name":"Tours","item":"https:\/\/tourtravelandmore.com\/es\/tours\/"},{"@type":"ListItem","position":3,"name":"Visita privada de un d\u00eda al campo de concentraci\u00f3n de Mauthausen desde Viena"}]},{"@type":"WebSite","@id":"https:\/\/tourtravelandmore.com\/es\/#website","url":"https:\/\/tourtravelandmore.com\/es\/","name":"Tour Travel And More","description":"Private sightseeing tours and luxury transfers in Spain","publisher":{"@id":"https:\/\/tourtravelandmore.com\/es\/#organization"},"potentialAction":[{"@type":"SearchAction","target":{"@type":"EntryPoint","urlTemplate":"https:\/\/tourtravelandmore.com\/es\/?s={search_term_string}"},"query-input":{"@type":"PropertyValueSpecification","valueRequired":true,"valueName":"search_term_string"}}],"inLanguage":"es"},{"@type":"Organization","@id":"https:\/\/tourtravelandmore.com\/es\/#organization","name":"Tour Travel And More","url":"https:\/\/tourtravelandmore.com\/es\/","logo":{"@type":"ImageObject","inLanguage":"es","@id":"https:\/\/tourtravelandmore.com\/es\/#\/schema\/logo\/image\/","url":"https:\/\/tourtravelandmore.com\/wp-content\/uploads\/2022\/12\/cropped-logo-cabecera-new.png","contentUrl":"https:\/\/tourtravelandmore.com\/wp-content\/uploads\/2022\/12\/cropped-logo-cabecera-new.png","width":430,"height":61,"caption":"Tour Travel And More"},"image":{"@id":"https:\/\/tourtravelandmore.com\/es\/#\/schema\/logo\/image\/"},"sameAs":["https:\/\/www.facebook.com\/tourtravelandmore\/","https:\/\/x.com\/TourTravel_More"]}]}},"_links":{"self":[{"href":"https:\/\/tourtravelandmore.com\/es\/wp-json\/wp\/v2\/product\/170780","targetHints":{"allow":["GET"]}}],"collection":[{"href":"https:\/\/tourtravelandmore.com\/es\/wp-json\/wp\/v2\/product"}],"about":[{"href":"https:\/\/tourtravelandmore.com\/es\/wp-json\/wp\/v2\/types\/product"}],"replies":[{"embeddable":true,"href":"https:\/\/tourtravelandmore.com\/es\/wp-json\/wp\/v2\/comments?post=170780"}],"wp:featuredmedia":[{"embeddable":true,"href":"https:\/\/tourtravelandmore.com\/es\/wp-json\/wp\/v2\/media\/170799"}],"wp:attachment":[{"href":"https:\/\/tourtravelandmore.com\/es\/wp-json\/wp\/v2\/media?parent=170780"}],"wp:term":[{"taxonomy":"product_brand","embeddable":true,"href":"https:\/\/tourtravelandmore.com\/es\/wp-json\/wp\/v2\/product_brand?post=170780"},{"taxonomy":"product_cat","embeddable":true,"href":"https:\/\/tourtravelandmore.com\/es\/wp-json\/wp\/v2\/product_cat?post=170780"},{"taxonomy":"product_tag","embeddable":true,"href":"https:\/\/tourtravelandmore.com\/es\/wp-json\/wp\/v2\/product_tag?post=170780"}],"curies":[{"name":"wp","href":"https:\/\/api.w.org\/{rel}","templated":true}]}}