{"id":170751,"date":"2023-10-30T16:31:32","date_gmt":"2023-10-30T15:31:33","guid":{"rendered":"https:\/\/tourtravelandmore.com\/?post_type=product&#038;p=170751"},"modified":"2023-10-30T17:06:22","modified_gmt":"2023-10-30T16:06:22","slug":"traslado-privado-de-viena-a-bratislava-copy","status":"publish","type":"product","link":"https:\/\/tourtravelandmore.com\/es\/tours\/austria-es\/viena-es\/traslado-privado-de-viena-a-bratislava-copy\/","title":{"rendered":"Traslado Privado de Viena a Budapest"},"content":{"rendered":"<h2><b>Traslado Privado de Viena a Budapest Descripci\u00f3n<\/b><\/h2>\n<p><span style=\"font-weight: 400;\">Experimente un viaje perfecto entre dos de las capitales m\u00e1s cautivadoras de Europa con el exclusivo servicio de traslado privado de Tour Travel and More. La transici\u00f3n entre Viena y Budapest, dos ciudades ricas en cultura e historia, debe ser un momento de facilidad y comodidad. Nuestra prioridad es asegurarnos de que se desplaza del punto A al B sin esfuerzo, encapsulando la esencia del lujo y la eficiencia. Nuestros veh\u00edculos de \u00faltima generaci\u00f3n, adaptados a sus especificaciones, garantizan que cada momento de su viaje est\u00e9 en sinton\u00eda con sus expectativas. Tanto si concluye su aventura en Viena como si se embarca en una exploraci\u00f3n de Budapest, este traslado promete sofisticaci\u00f3n y fiabilidad en cada kil\u00f3metro.<\/span><\/p>\n<p><span style=\"font-weight: 400;\">A medida que el paisaje se despliega fuera de su ventana, sea testigo de la suave transformaci\u00f3n de la grandeza de Viena al encanto de Budapest. No se trata de un mero viaje al trabajo, sino de una transici\u00f3n entre dos \u00e9pocas diferentes de la historia europea. Cada kil\u00f3metro recorrido habla de historias de imperios que una vez gobernaron, guerras que redefinieron fronteras y culturas que se entrelazaron. Nuestros conductores, h\u00e1biles y corteses, se aseguran de que el viaje sea tan atractivo como el propio destino. Mantienen los m\u00e1s altos niveles de profesionalidad, garantizando su comodidad y seguridad. Adem\u00e1s, si desea hacer una pausa para estirarse o capturar una vista panor\u00e1mica con su c\u00e1mara, s\u00f3lo tiene que dec\u00edrnoslo. Estamos a su servicio para que su viaje se adapte a sus preferencias. Disfrute de las vistas, saboree el lujo de nuestros veh\u00edculos y deje que este traslado sea un cap\u00edtulo entra\u00f1able de su historia de viaje.<\/span><\/p>\n<h2><b>Traslado privado de Viena a Budapest<\/b><\/h2>\n<p><span style=\"font-weight: 400;\">Aunque el objetivo principal de esta oferta es facilitar su traslado, el viaje en s\u00ed puede ser una experiencia fascinante. Mientras atraviesa los paisajes que separan Viena de Budapest, sea testigo de los cambios topogr\u00e1ficos y del baile de vistas urbanas y rurales. Nuestros ch\u00f3feres, expertos en la regi\u00f3n, se encargar\u00e1n de que el viaje transcurra sin contratiempos, se\u00f1alando quiz\u00e1 puntos de inter\u00e9s por el camino. Esto no es s\u00f3lo un traslado; es el preludio de su pr\u00f3xima aventura.<\/span><\/p>\n<h3><span style=\"font-weight: 400;\">Budapest: Ciudad de aguas termales y grandeza arquitect\u00f3nica<\/span><\/h3>\n<p><span style=\"font-weight: 400;\">Budapest, a menudo apodada la &#8220;Par\u00eds del Este&#8221;, atrae con sus pintorescas vistas al Danubio, sus obras maestras arquitect\u00f3nicas y su vibrante escena cultural. He aqu\u00ed algunos de los lugares m\u00e1s destacados:<\/span><\/p>\n<ul>\n<li style=\"font-weight: 400;\" aria-level=\"1\"><b>Castillo de Buda:<\/b><span style=\"font-weight: 400;\"> Con vistas al Danubio, este hist\u00f3rico complejo palaciego de los reyes h\u00fangaros, declarado Patrimonio de la Humanidad por la UNESCO, refleja los distintos periodos arquitect\u00f3nicos desde la \u00e9poca medieval hasta nuestros d\u00edas.<\/span><\/li>\n<li style=\"font-weight: 400;\" aria-level=\"1\"><b>Ba\u00f1os termales:<\/b><span style=\"font-weight: 400;\"> Conocida por sus fuentes termales, Budapest cuenta con ba\u00f1os tradicionales como Sz\u00e9chenyi y Gell\u00e9rt, que ofrecen relajaci\u00f3n y una mirada a la cultura balnearia de la ciudad.<\/span><\/li>\n<li style=\"font-weight: 400;\" aria-level=\"1\"><b>Basti\u00f3n de los Pescadores:<\/b><span style=\"font-weight: 400;\"> Con vistas panor\u00e1micas de Budapest, esta estructura neog\u00f3tica y neorrom\u00e1nica es uno de los lugares m\u00e1s emblem\u00e1ticos de la ciudad, construido para conmemorar a los pescadores que hist\u00f3ricamente proteg\u00edan esta parte de la ciudad.<\/span><\/li>\n<li style=\"font-weight: 400;\" aria-level=\"1\"><b>Edificio del Parlamento h\u00fangaro:<\/b><span style=\"font-weight: 400;\"> Una maravilla arquitect\u00f3nica neog\u00f3tica, es el tercer edificio parlamentario m\u00e1s grande de Europa y muestra el coraz\u00f3n pol\u00edtico y la importancia hist\u00f3rica de Hungr\u00eda.<\/span><\/li>\n<li style=\"font-weight: 400;\" aria-level=\"1\"><b>Plaza de los H\u00e9roes:<\/b><span style=\"font-weight: 400;\"> Al final de la avenida Andr\u00e1ssy, esta gran plaza, rodeada por el Museo de Bellas Artes y el Palacio de Arte, alberga estatuas de importantes l\u00edderes nacionales y la Tumba del Soldado Desconocido.<\/span><\/li>\n<li style=\"font-weight: 400;\" aria-level=\"1\"><b>Iglesia de Mat\u00edas:<\/b><span style=\"font-weight: 400;\"> Situada en el coraz\u00f3n del barrio del Castillo de Buda, la Iglesia de Mat\u00edas tiene m\u00e1s de 700 a\u00f1os y ha sido testigo de varias coronaciones, bodas y ceremonias. Su distintiva arquitectura neog\u00f3tica y las coloridas tejas de su tejado la convierten en una pieza \u00fanica en el perfil de Budapest.<\/span><\/li>\n<li style=\"font-weight: 400;\" aria-level=\"1\"><b>Puente de las Cadenas<\/b><span style=\"font-weight: 400;\">: El ic\u00f3nico puente colgante que une Buda y Pest, las dos partes de la ciudad. Construido en el siglo XIX, el Puente de las Cadenas fue el primero en cruzar el Danubio, simbolizando la unidad y el progreso. Por la noche, iluminado con el castillo como tel\u00f3n de fondo, presenta una vista pintoresca y se erige como testimonio de la resistencia y la innovaci\u00f3n de Budapest.<\/span><\/li>\n<\/ul>\n<p>&nbsp;<\/p>\n<p><span style=\"font-weight: 400;\">Mientras este traslado le lleva a las puertas de las maravillas de Budapest, recuerde que Tour Travel and More le ofrece una pl\u00e9tora de <\/span><a href=\"https:\/\/tourtravelandmore.com\/es\/ciudad\/austria-es\/viena-es\/\"><span style=\"font-weight: 400;\">visitas privadas hechas a medida para que su estancia en Viena sea memorable<\/span><\/a><span style=\"font-weight: 400;\">.<\/span><span style=\"font-weight: 400;\"> Sum\u00e9rjase en la riqueza hist\u00f3rica, art\u00edstica y cultural de Viena con nuestras experiencias meticulosamente seleccionadas. Profundice en nuestro cat\u00e1logo y contin\u00fae su aventura europea con nosotros. Descubra, explore y d\u00e9jese cautivar.<\/span><\/p>\n","protected":false},"excerpt":{"rendered":"<p><span style=\"font-weight: 400;\">Disfrute de un lujoso y perfecto traslado privado de Viena a Budapest con Tour Travel and More. Atraviese dos joyas europeas, sea testigo de paisajes cautivadores y prep\u00e1rese para su exploraci\u00f3n de Budapest.<\/span><\/p>\n","protected":false},"featured_media":170777,"comment_status":"open","ping_status":"closed","template":"","meta":{"_acf_changed":false},"product_brand":[],"product_cat":[1380,1384,1381],"product_tag":[],"class_list":{"0":"post-170751","1":"product","2":"type-product","3":"status-publish","4":"has-post-thumbnail","6":"product_cat-viena-es","7":"product_cat-vienna-tours-privados-actividades-es","8":"product_cat-viena-traslados-privados-es","10":"first","11":"instock","12":"shipping-taxable","13":"purchasable","14":"product-type-simple"},"acf":[],"yoast_head":"<!-- This site is optimized with the Yoast SEO Premium plugin v25.3.1 (Yoast SEO v25.3.1) - https:\/\/yoast.com\/wordpress\/plugins\/seo\/ -->\n<title>\u27a1\ufe0f Traslado privado de Viena a Budapest | Tour Travel &amp; More<\/title>\n<meta name=\"description\" content=\"Experimente el lujo y el confort en nuestro traslado privado de Viena a Budapest. Sum\u00e9rjase en las maravillas de Budapest con Tour Travel and More. Reserve ahora para un viaje sin contratiempos. \u2705\" \/>\n<meta name=\"robots\" content=\"index, follow, max-snippet:-1, max-image-preview:large, max-video-preview:-1\" \/>\n<link rel=\"canonical\" href=\"https:\/\/tourtravelandmore.com\/es\/tours\/austria-es\/viena-es\/traslado-privado-de-viena-a-bratislava-copy\/\" \/>\n<meta property=\"og:locale\" content=\"es_ES\" \/>\n<meta property=\"og:type\" content=\"article\" \/>\n<meta property=\"og:title\" content=\"Traslado Privado de Viena a Budapest\" \/>\n<meta property=\"og:description\" content=\"Experimente el lujo y el confort en nuestro traslado privado de Viena a Budapest. Sum\u00e9rjase en las maravillas de Budapest con Tour Travel and More. Reserve ahora para un viaje sin contratiempos. \u2705\" \/>\n<meta property=\"og:url\" content=\"https:\/\/tourtravelandmore.com\/es\/tours\/austria-es\/viena-es\/traslado-privado-de-viena-a-bratislava-copy\/\" \/>\n<meta property=\"og:site_name\" content=\"Tour Travel And More\" \/>\n<meta property=\"article:publisher\" content=\"https:\/\/www.facebook.com\/tourtravelandmore\/\" \/>\n<meta property=\"article:modified_time\" content=\"2023-10-30T16:06:22+00:00\" \/>\n<meta property=\"og:image\" content=\"https:\/\/tourtravelandmore.com\/wp-content\/uploads\/2023\/10\/image4-11.jpg\" \/>\n\t<meta property=\"og:image:width\" content=\"950\" \/>\n\t<meta property=\"og:image:height\" content=\"750\" \/>\n\t<meta property=\"og:image:type\" content=\"image\/jpeg\" \/>\n<meta name=\"twitter:card\" content=\"summary_large_image\" \/>\n<meta name=\"twitter:site\" content=\"@TourTravel_More\" \/>\n<meta name=\"twitter:label1\" content=\"Tiempo de lectura\" \/>\n\t<meta name=\"twitter:data1\" content=\"4 minutos\" \/>\n<script type=\"application\/ld+json\" class=\"yoast-schema-graph\">{\"@context\":\"https:\/\/schema.org\",\"@graph\":[{\"@type\":\"WebPage\",\"@id\":\"https:\/\/tourtravelandmore.com\/es\/tours\/austria-es\/viena-es\/traslado-privado-de-viena-a-bratislava-copy\/\",\"url\":\"https:\/\/tourtravelandmore.com\/es\/tours\/austria-es\/viena-es\/traslado-privado-de-viena-a-bratislava-copy\/\",\"name\":\"\u27a1\ufe0f Traslado privado de Viena a Budapest | Tour Travel & More\",\"isPartOf\":{\"@id\":\"https:\/\/tourtravelandmore.com\/es\/#website\"},\"primaryImageOfPage\":{\"@id\":\"https:\/\/tourtravelandmore.com\/es\/tours\/austria-es\/viena-es\/traslado-privado-de-viena-a-bratislava-copy\/#primaryimage\"},\"image\":{\"@id\":\"https:\/\/tourtravelandmore.com\/es\/tours\/austria-es\/viena-es\/traslado-privado-de-viena-a-bratislava-copy\/#primaryimage\"},\"thumbnailUrl\":\"https:\/\/tourtravelandmore.com\/wp-content\/uploads\/2023\/10\/image4-11.jpg\",\"datePublished\":\"2023-10-30T15:31:33+00:00\",\"dateModified\":\"2023-10-30T16:06:22+00:00\",\"description\":\"Experimente el lujo y el confort en nuestro traslado privado de Viena a Budapest. Sum\u00e9rjase en las maravillas de Budapest con Tour Travel and More. Reserve ahora para un viaje sin contratiempos. \u2705\",\"breadcrumb\":{\"@id\":\"https:\/\/tourtravelandmore.com\/es\/tours\/austria-es\/viena-es\/traslado-privado-de-viena-a-bratislava-copy\/#breadcrumb\"},\"inLanguage\":\"es\",\"potentialAction\":[{\"@type\":\"ReadAction\",\"target\":[\"https:\/\/tourtravelandmore.com\/es\/tours\/austria-es\/viena-es\/traslado-privado-de-viena-a-bratislava-copy\/\"]}]},{\"@type\":\"ImageObject\",\"inLanguage\":\"es\",\"@id\":\"https:\/\/tourtravelandmore.com\/es\/tours\/austria-es\/viena-es\/traslado-privado-de-viena-a-bratislava-copy\/#primaryimage\",\"url\":\"https:\/\/tourtravelandmore.com\/wp-content\/uploads\/2023\/10\/image4-11.jpg\",\"contentUrl\":\"https:\/\/tourtravelandmore.com\/wp-content\/uploads\/2023\/10\/image4-11.jpg\",\"width\":950,\"height\":750},{\"@type\":\"BreadcrumbList\",\"@id\":\"https:\/\/tourtravelandmore.com\/es\/tours\/austria-es\/viena-es\/traslado-privado-de-viena-a-bratislava-copy\/#breadcrumb\",\"itemListElement\":[{\"@type\":\"ListItem\",\"position\":1,\"name\":\"Home\",\"item\":\"https:\/\/tourtravelandmore.com\/es\/\"},{\"@type\":\"ListItem\",\"position\":2,\"name\":\"Tours\",\"item\":\"https:\/\/tourtravelandmore.com\/es\/tours\/\"},{\"@type\":\"ListItem\",\"position\":3,\"name\":\"Traslado Privado de Viena a Budapest\"}]},{\"@type\":\"WebSite\",\"@id\":\"https:\/\/tourtravelandmore.com\/es\/#website\",\"url\":\"https:\/\/tourtravelandmore.com\/es\/\",\"name\":\"Tour Travel And More\",\"description\":\"Private sightseeing tours and luxury transfers in Spain\",\"publisher\":{\"@id\":\"https:\/\/tourtravelandmore.com\/es\/#organization\"},\"potentialAction\":[{\"@type\":\"SearchAction\",\"target\":{\"@type\":\"EntryPoint\",\"urlTemplate\":\"https:\/\/tourtravelandmore.com\/es\/?s={search_term_string}\"},\"query-input\":{\"@type\":\"PropertyValueSpecification\",\"valueRequired\":true,\"valueName\":\"search_term_string\"}}],\"inLanguage\":\"es\"},{\"@type\":\"Organization\",\"@id\":\"https:\/\/tourtravelandmore.com\/es\/#organization\",\"name\":\"Tour Travel And More\",\"url\":\"https:\/\/tourtravelandmore.com\/es\/\",\"logo\":{\"@type\":\"ImageObject\",\"inLanguage\":\"es\",\"@id\":\"https:\/\/tourtravelandmore.com\/es\/#\/schema\/logo\/image\/\",\"url\":\"https:\/\/tourtravelandmore.com\/wp-content\/uploads\/2022\/12\/cropped-logo-cabecera-new.png\",\"contentUrl\":\"https:\/\/tourtravelandmore.com\/wp-content\/uploads\/2022\/12\/cropped-logo-cabecera-new.png\",\"width\":430,\"height\":61,\"caption\":\"Tour Travel And More\"},\"image\":{\"@id\":\"https:\/\/tourtravelandmore.com\/es\/#\/schema\/logo\/image\/\"},\"sameAs\":[\"https:\/\/www.facebook.com\/tourtravelandmore\/\",\"https:\/\/x.com\/TourTravel_More\"]}]}<\/script>\n<!-- \/ Yoast SEO Premium plugin. -->","yoast_head_json":{"title":"\u27a1\ufe0f Traslado privado de Viena a Budapest | Tour Travel & More","description":"Experimente el lujo y el confort en nuestro traslado privado de Viena a Budapest. Sum\u00e9rjase en las maravillas de Budapest con Tour Travel and More. Reserve ahora para un viaje sin contratiempos. \u2705","robots":{"index":"index","follow":"follow","max-snippet":"max-snippet:-1","max-image-preview":"max-image-preview:large","max-video-preview":"max-video-preview:-1"},"canonical":"https:\/\/tourtravelandmore.com\/es\/tours\/austria-es\/viena-es\/traslado-privado-de-viena-a-bratislava-copy\/","og_locale":"es_ES","og_type":"article","og_title":"Traslado Privado de Viena a Budapest","og_description":"Experimente el lujo y el confort en nuestro traslado privado de Viena a Budapest. Sum\u00e9rjase en las maravillas de Budapest con Tour Travel and More. Reserve ahora para un viaje sin contratiempos. \u2705","og_url":"https:\/\/tourtravelandmore.com\/es\/tours\/austria-es\/viena-es\/traslado-privado-de-viena-a-bratislava-copy\/","og_site_name":"Tour Travel And More","article_publisher":"https:\/\/www.facebook.com\/tourtravelandmore\/","article_modified_time":"2023-10-30T16:06:22+00:00","og_image":[{"width":950,"height":750,"url":"https:\/\/tourtravelandmore.com\/wp-content\/uploads\/2023\/10\/image4-11.jpg","type":"image\/jpeg"}],"twitter_card":"summary_large_image","twitter_site":"@TourTravel_More","twitter_misc":{"Tiempo de lectura":"4 minutos"},"schema":{"@context":"https:\/\/schema.org","@graph":[{"@type":"WebPage","@id":"https:\/\/tourtravelandmore.com\/es\/tours\/austria-es\/viena-es\/traslado-privado-de-viena-a-bratislava-copy\/","url":"https:\/\/tourtravelandmore.com\/es\/tours\/austria-es\/viena-es\/traslado-privado-de-viena-a-bratislava-copy\/","name":"\u27a1\ufe0f Traslado privado de Viena a Budapest | Tour Travel & More","isPartOf":{"@id":"https:\/\/tourtravelandmore.com\/es\/#website"},"primaryImageOfPage":{"@id":"https:\/\/tourtravelandmore.com\/es\/tours\/austria-es\/viena-es\/traslado-privado-de-viena-a-bratislava-copy\/#primaryimage"},"image":{"@id":"https:\/\/tourtravelandmore.com\/es\/tours\/austria-es\/viena-es\/traslado-privado-de-viena-a-bratislava-copy\/#primaryimage"},"thumbnailUrl":"https:\/\/tourtravelandmore.com\/wp-content\/uploads\/2023\/10\/image4-11.jpg","datePublished":"2023-10-30T15:31:33+00:00","dateModified":"2023-10-30T16:06:22+00:00","description":"Experimente el lujo y el confort en nuestro traslado privado de Viena a Budapest. Sum\u00e9rjase en las maravillas de Budapest con Tour Travel and More. Reserve ahora para un viaje sin contratiempos. \u2705","breadcrumb":{"@id":"https:\/\/tourtravelandmore.com\/es\/tours\/austria-es\/viena-es\/traslado-privado-de-viena-a-bratislava-copy\/#breadcrumb"},"inLanguage":"es","potentialAction":[{"@type":"ReadAction","target":["https:\/\/tourtravelandmore.com\/es\/tours\/austria-es\/viena-es\/traslado-privado-de-viena-a-bratislava-copy\/"]}]},{"@type":"ImageObject","inLanguage":"es","@id":"https:\/\/tourtravelandmore.com\/es\/tours\/austria-es\/viena-es\/traslado-privado-de-viena-a-bratislava-copy\/#primaryimage","url":"https:\/\/tourtravelandmore.com\/wp-content\/uploads\/2023\/10\/image4-11.jpg","contentUrl":"https:\/\/tourtravelandmore.com\/wp-content\/uploads\/2023\/10\/image4-11.jpg","width":950,"height":750},{"@type":"BreadcrumbList","@id":"https:\/\/tourtravelandmore.com\/es\/tours\/austria-es\/viena-es\/traslado-privado-de-viena-a-bratislava-copy\/#breadcrumb","itemListElement":[{"@type":"ListItem","position":1,"name":"Home","item":"https:\/\/tourtravelandmore.com\/es\/"},{"@type":"ListItem","position":2,"name":"Tours","item":"https:\/\/tourtravelandmore.com\/es\/tours\/"},{"@type":"ListItem","position":3,"name":"Traslado Privado de Viena a Budapest"}]},{"@type":"WebSite","@id":"https:\/\/tourtravelandmore.com\/es\/#website","url":"https:\/\/tourtravelandmore.com\/es\/","name":"Tour Travel And More","description":"Private sightseeing tours and luxury transfers in Spain","publisher":{"@id":"https:\/\/tourtravelandmore.com\/es\/#organization"},"potentialAction":[{"@type":"SearchAction","target":{"@type":"EntryPoint","urlTemplate":"https:\/\/tourtravelandmore.com\/es\/?s={search_term_string}"},"query-input":{"@type":"PropertyValueSpecification","valueRequired":true,"valueName":"search_term_string"}}],"inLanguage":"es"},{"@type":"Organization","@id":"https:\/\/tourtravelandmore.com\/es\/#organization","name":"Tour Travel And More","url":"https:\/\/tourtravelandmore.com\/es\/","logo":{"@type":"ImageObject","inLanguage":"es","@id":"https:\/\/tourtravelandmore.com\/es\/#\/schema\/logo\/image\/","url":"https:\/\/tourtravelandmore.com\/wp-content\/uploads\/2022\/12\/cropped-logo-cabecera-new.png","contentUrl":"https:\/\/tourtravelandmore.com\/wp-content\/uploads\/2022\/12\/cropped-logo-cabecera-new.png","width":430,"height":61,"caption":"Tour Travel And More"},"image":{"@id":"https:\/\/tourtravelandmore.com\/es\/#\/schema\/logo\/image\/"},"sameAs":["https:\/\/www.facebook.com\/tourtravelandmore\/","https:\/\/x.com\/TourTravel_More"]}]}},"_links":{"self":[{"href":"https:\/\/tourtravelandmore.com\/es\/wp-json\/wp\/v2\/product\/170751","targetHints":{"allow":["GET"]}}],"collection":[{"href":"https:\/\/tourtravelandmore.com\/es\/wp-json\/wp\/v2\/product"}],"about":[{"href":"https:\/\/tourtravelandmore.com\/es\/wp-json\/wp\/v2\/types\/product"}],"replies":[{"embeddable":true,"href":"https:\/\/tourtravelandmore.com\/es\/wp-json\/wp\/v2\/comments?post=170751"}],"wp:featuredmedia":[{"embeddable":true,"href":"https:\/\/tourtravelandmore.com\/es\/wp-json\/wp\/v2\/media\/170777"}],"wp:attachment":[{"href":"https:\/\/tourtravelandmore.com\/es\/wp-json\/wp\/v2\/media?parent=170751"}],"wp:term":[{"taxonomy":"product_brand","embeddable":true,"href":"https:\/\/tourtravelandmore.com\/es\/wp-json\/wp\/v2\/product_brand?post=170751"},{"taxonomy":"product_cat","embeddable":true,"href":"https:\/\/tourtravelandmore.com\/es\/wp-json\/wp\/v2\/product_cat?post=170751"},{"taxonomy":"product_tag","embeddable":true,"href":"https:\/\/tourtravelandmore.com\/es\/wp-json\/wp\/v2\/product_tag?post=170751"}],"curies":[{"name":"wp","href":"https:\/\/api.w.org\/{rel}","templated":true}]}}