{"id":170723,"date":"2023-10-30T16:14:02","date_gmt":"2023-10-30T15:14:05","guid":{"rendered":"https:\/\/tourtravelandmore.com\/?post_type=product&#038;p=170723"},"modified":"2023-10-30T16:23:19","modified_gmt":"2023-10-30T15:23:19","slug":"traslado-privado-de-viena-a-bratislava","status":"publish","type":"product","link":"https:\/\/tourtravelandmore.com\/es\/tours\/austria-es\/viena-es\/traslado-privado-de-viena-a-bratislava\/","title":{"rendered":"Traslado Privado de Viena a Bratislava"},"content":{"rendered":"<h2><b>Traslado Privado de Viena a Bratislava Descripci\u00f3n<\/b><\/h2>\n<p><span style=\"font-weight: 400;\">Viajar entre Viena y Bratislava nunca ha sido tan c\u00f3modo y lujoso. Con el exclusivo servicio de traslados privados de Tour Travel and More, recorra la corta distancia que separa estas dos capitales europeas disfrutando de una elegancia sin igual. A tan s\u00f3lo una hora en coche de distancia, la transici\u00f3n de la grandeza imperial de Austria al encantador paisaje urbano de Eslovaquia se convierte en una experiencia memorable con nuestro servicio. Nuestro compromiso consiste en proporcionarle un viaje sin contratiempos, dando prioridad a su comodidad, seguridad y tiempo. Deje que cada kil\u00f3metro de la ruta resuene con la promesa de un servicio excepcional, prepar\u00e1ndole para las delicias que le esperan en Bratislava.<\/span><\/p>\n<p><span style=\"font-weight: 400;\">M\u00e1s all\u00e1 del mero acto de transporte, nuestro servicio de traslados privados se esfuerza por tender un puente cultural entre el encanto imperial de Viena y el encanto hist\u00f3rico de Bratislava. A medida que avanza por rutas panor\u00e1micas, el entorno cambia sutilmente, reflejando las historias e identidades \u00fanicas de estas dos joyas europeas. No es s\u00f3lo un traslado, es una transici\u00f3n. Una transici\u00f3n entre dos mundos, dos historias y dos culturas vibrantes. Y a medida que se acerque a Bratislava, se encontrar\u00e1 no s\u00f3lo en una ciudad diferente, sino en un mundo diferente, listo y deseoso de explorar sus muchas ofertas.<\/span><\/p>\n<h2><b>Destacados del traslado privado de Viena a Bratislava<\/b><\/h2>\n<ul>\n<li style=\"font-weight: 400;\" aria-level=\"1\"><b>Castillo de Bratislava:<\/b><span style=\"font-weight: 400;\"> Elev\u00e1ndose sobre la capital, el Castillo de Bratislava es una parte monumental de la historia de Eslovaquia. Esta impresionante fortaleza, con su fachada blanca y tejados rojos, ofrece vistas panor\u00e1micas de la ciudad y del serpenteante r\u00edo Danubio. Su vibrante historia abarca varias \u00e9pocas, desde la \u00e9poca romana hasta su reciente restauraci\u00f3n.<\/span><\/li>\n<li style=\"font-weight: 400;\" aria-level=\"1\"><b>Casco antiguo:<\/b><span style=\"font-weight: 400;\"> El casco antiguo de Bratislava es una vibrante mezcla de calles adoquinadas, palacios hist\u00f3ricos y modernos caf\u00e9s. Su n\u00facleo medieval conservado alberga lugares emblem\u00e1ticos como la Plaza Mayor, el Antiguo Ayuntamiento y el Museo de la Ciudad de Bratislava, que recorre la historia de la ciudad.<\/span><\/li>\n<li style=\"font-weight: 400;\" aria-level=\"1\"><b>Iglesia Azul:<\/b><span style=\"font-weight: 400;\"> Oficialmente llamada Iglesia de Santa Isabel, esta obra maestra del Art Nouveau destaca por sus tonos azules y su ornamentada decoraci\u00f3n. Su singularidad la convierte en uno de los monumentos m\u00e1s caracter\u00edsticos de Bratislava.<\/span><\/li>\n<li style=\"font-weight: 400;\" aria-level=\"1\"><b>Castillo de Devin<\/b><span style=\"font-weight: 400;\">: Encaramado en lo alto de un acantilado en la confluencia de los r\u00edos Danubio y Morava, este castillo en ruinas ofrece unas vistas espectaculares y es testimonio de la rica historia de la regi\u00f3n, que abarca desde la prehistoria hasta la \u00e9poca de la Guerra Fr\u00eda.<\/span><\/li>\n<li style=\"font-weight: 400;\" aria-level=\"1\"><b>Palacio Primacial:<\/b><span style=\"font-weight: 400;\"> Excelente ejemplo de arquitectura neocl\u00e1sica, el palacio destaca por su Sal\u00f3n de los Espejos y la hist\u00f3rica Paz de Presburgo de 1805. Su grandeza e importancia en la historia europea lo convierten en una parada clave en cualquier visita a Bratislava.<\/span><\/li>\n<li style=\"font-weight: 400;\" aria-level=\"1\"><b>Puerta de Miguel:<\/b><span style=\"font-weight: 400;\"> La Puerta de Miguel es la \u00fanica puerta de la ciudad que se conserva y constituye un emblema de las fortificaciones medievales de Bratislava. Su emblem\u00e1tica torre, que data del siglo XIV, alberga la Exposici\u00f3n de Armas del Museo de la Ciudad de Bratislava, y desde su cima los visitantes pueden admirar una vista de 360 grados del centro de la ciudad.<\/span><\/li>\n<li style=\"font-weight: 400;\" aria-level=\"1\"><b>Monumento a la Guerra de Slav\u00edn:<\/b><span style=\"font-weight: 400;\"> Este monumental monumento y cementerio militar se erige como homenaje a los soldados sovi\u00e9ticos que cayeron durante la liberaci\u00f3n de Bratislava en la Segunda Guerra Mundial. Situado en una colina, no s\u00f3lo ofrece un recuerdo solemne, sino tambi\u00e9n vistas panor\u00e1micas de la ciudad y m\u00e1s all\u00e1.<\/span><\/li>\n<li style=\"font-weight: 400;\" aria-level=\"1\"><b>Catedral de San Mart\u00edn:<\/b><span style=\"font-weight: 400;\"> Esta catedral, una joya de la arquitectura g\u00f3tica, ha desempe\u00f1ado un papel importante en la historia de Bratislava, sobre todo como iglesia de la coronaci\u00f3n del Reino de Hungr\u00eda. Sus majestuosos interiores y su importancia hist\u00f3rica la convierten en una visita obligada mientras se explora la ciudad.<\/span><\/li>\n<\/ul>\n<p><span style=\"font-weight: 400;\">Aunque el traslado a Bratislava es un viaje de confort, nuestra exploraci\u00f3n de las capitales europeas no termina aqu\u00ed. Tour Travel and More ofrece una exquisita gama de tours privados en Viena, hechos a medida para saciar al viajero curioso que lleva dentro.<\/span><a href=\"https:\/\/tourtravelandmore.com\/es\/ciudad\/austria-es\/viena-es\/\"><span style=\"font-weight: 400;\"> Descubra m\u00e1s sobre nuestra gama de tours y servicios.<\/span><\/a><\/p>\n","protected":false},"excerpt":{"rendered":"<p><span style=\"font-weight: 400;\">Disfrute de un perfecto y lujoso traslado privado de Viena a Bratislava con Tour Travel and More. A su llegada, sum\u00e9rjase en las cautivadoras vistas de Bratislava, desde el hist\u00f3rico Castillo de Bratislava hasta el vibrante casco antiguo.<\/span><\/p>\n","protected":false},"featured_media":170740,"comment_status":"open","ping_status":"closed","template":"","meta":{"_acf_changed":false},"product_brand":[],"product_cat":[1380,1384,1381],"product_tag":[],"class_list":{"0":"post-170723","1":"product","2":"type-product","3":"status-publish","4":"has-post-thumbnail","6":"product_cat-viena-es","7":"product_cat-vienna-tours-privados-actividades-es","8":"product_cat-viena-traslados-privados-es","10":"first","11":"instock","12":"shipping-taxable","13":"purchasable","14":"product-type-simple"},"acf":[],"yoast_head":"<!-- This site is optimized with the Yoast SEO Premium plugin v25.3.1 (Yoast SEO v25.3.1) - https:\/\/yoast.com\/wordpress\/plugins\/seo\/ -->\n<title>\u27a1\ufe0f Traslado privado de lujo: Viena a Bratislava con Tour Travel and More<\/title>\n<meta name=\"description\" content=\"Disfrute del mejor traslado entre Viena y Bratislava. Disfrute de la comodidad y llegu\u00e9 listo para explorar los lugares emblem\u00e1ticos de Bratislava. \u2705\" \/>\n<meta name=\"robots\" content=\"index, follow, max-snippet:-1, max-image-preview:large, max-video-preview:-1\" \/>\n<link rel=\"canonical\" href=\"https:\/\/tourtravelandmore.com\/es\/tours\/austria-es\/viena-es\/traslado-privado-de-viena-a-bratislava\/\" \/>\n<meta property=\"og:locale\" content=\"es_ES\" \/>\n<meta property=\"og:type\" content=\"article\" \/>\n<meta property=\"og:title\" content=\"Traslado Privado de Viena a Bratislava\" \/>\n<meta property=\"og:description\" content=\"Disfrute del mejor traslado entre Viena y Bratislava. Disfrute de la comodidad y llegu\u00e9 listo para explorar los lugares emblem\u00e1ticos de Bratislava. \u2705\" \/>\n<meta property=\"og:url\" content=\"https:\/\/tourtravelandmore.com\/es\/tours\/austria-es\/viena-es\/traslado-privado-de-viena-a-bratislava\/\" \/>\n<meta property=\"og:site_name\" content=\"Tour Travel And More\" \/>\n<meta property=\"article:publisher\" content=\"https:\/\/www.facebook.com\/tourtravelandmore\/\" \/>\n<meta property=\"article:modified_time\" content=\"2023-10-30T15:23:19+00:00\" \/>\n<meta property=\"og:image\" content=\"https:\/\/tourtravelandmore.com\/wp-content\/uploads\/2023\/10\/image1-10.jpg\" \/>\n\t<meta property=\"og:image:width\" content=\"950\" \/>\n\t<meta property=\"og:image:height\" content=\"750\" \/>\n\t<meta property=\"og:image:type\" content=\"image\/jpeg\" \/>\n<meta name=\"twitter:card\" content=\"summary_large_image\" \/>\n<meta name=\"twitter:site\" content=\"@TourTravel_More\" \/>\n<meta name=\"twitter:label1\" content=\"Tiempo de lectura\" \/>\n\t<meta name=\"twitter:data1\" content=\"4 minutos\" \/>\n<script type=\"application\/ld+json\" class=\"yoast-schema-graph\">{\"@context\":\"https:\/\/schema.org\",\"@graph\":[{\"@type\":\"WebPage\",\"@id\":\"https:\/\/tourtravelandmore.com\/es\/tours\/austria-es\/viena-es\/traslado-privado-de-viena-a-bratislava\/\",\"url\":\"https:\/\/tourtravelandmore.com\/es\/tours\/austria-es\/viena-es\/traslado-privado-de-viena-a-bratislava\/\",\"name\":\"\u27a1\ufe0f Traslado privado de lujo: Viena a Bratislava con Tour Travel and More\",\"isPartOf\":{\"@id\":\"https:\/\/tourtravelandmore.com\/es\/#website\"},\"primaryImageOfPage\":{\"@id\":\"https:\/\/tourtravelandmore.com\/es\/tours\/austria-es\/viena-es\/traslado-privado-de-viena-a-bratislava\/#primaryimage\"},\"image\":{\"@id\":\"https:\/\/tourtravelandmore.com\/es\/tours\/austria-es\/viena-es\/traslado-privado-de-viena-a-bratislava\/#primaryimage\"},\"thumbnailUrl\":\"https:\/\/tourtravelandmore.com\/wp-content\/uploads\/2023\/10\/image1-10.jpg\",\"datePublished\":\"2023-10-30T15:14:05+00:00\",\"dateModified\":\"2023-10-30T15:23:19+00:00\",\"description\":\"Disfrute del mejor traslado entre Viena y Bratislava. Disfrute de la comodidad y llegu\u00e9 listo para explorar los lugares emblem\u00e1ticos de Bratislava. \u2705\",\"breadcrumb\":{\"@id\":\"https:\/\/tourtravelandmore.com\/es\/tours\/austria-es\/viena-es\/traslado-privado-de-viena-a-bratislava\/#breadcrumb\"},\"inLanguage\":\"es\",\"potentialAction\":[{\"@type\":\"ReadAction\",\"target\":[\"https:\/\/tourtravelandmore.com\/es\/tours\/austria-es\/viena-es\/traslado-privado-de-viena-a-bratislava\/\"]}]},{\"@type\":\"ImageObject\",\"inLanguage\":\"es\",\"@id\":\"https:\/\/tourtravelandmore.com\/es\/tours\/austria-es\/viena-es\/traslado-privado-de-viena-a-bratislava\/#primaryimage\",\"url\":\"https:\/\/tourtravelandmore.com\/wp-content\/uploads\/2023\/10\/image1-10.jpg\",\"contentUrl\":\"https:\/\/tourtravelandmore.com\/wp-content\/uploads\/2023\/10\/image1-10.jpg\",\"width\":950,\"height\":750},{\"@type\":\"BreadcrumbList\",\"@id\":\"https:\/\/tourtravelandmore.com\/es\/tours\/austria-es\/viena-es\/traslado-privado-de-viena-a-bratislava\/#breadcrumb\",\"itemListElement\":[{\"@type\":\"ListItem\",\"position\":1,\"name\":\"Home\",\"item\":\"https:\/\/tourtravelandmore.com\/es\/\"},{\"@type\":\"ListItem\",\"position\":2,\"name\":\"Tours\",\"item\":\"https:\/\/tourtravelandmore.com\/es\/tours\/\"},{\"@type\":\"ListItem\",\"position\":3,\"name\":\"Traslado Privado de Viena a Bratislava\"}]},{\"@type\":\"WebSite\",\"@id\":\"https:\/\/tourtravelandmore.com\/es\/#website\",\"url\":\"https:\/\/tourtravelandmore.com\/es\/\",\"name\":\"Tour Travel And More\",\"description\":\"Private sightseeing tours and luxury transfers in Spain\",\"publisher\":{\"@id\":\"https:\/\/tourtravelandmore.com\/es\/#organization\"},\"potentialAction\":[{\"@type\":\"SearchAction\",\"target\":{\"@type\":\"EntryPoint\",\"urlTemplate\":\"https:\/\/tourtravelandmore.com\/es\/?s={search_term_string}\"},\"query-input\":{\"@type\":\"PropertyValueSpecification\",\"valueRequired\":true,\"valueName\":\"search_term_string\"}}],\"inLanguage\":\"es\"},{\"@type\":\"Organization\",\"@id\":\"https:\/\/tourtravelandmore.com\/es\/#organization\",\"name\":\"Tour Travel And More\",\"url\":\"https:\/\/tourtravelandmore.com\/es\/\",\"logo\":{\"@type\":\"ImageObject\",\"inLanguage\":\"es\",\"@id\":\"https:\/\/tourtravelandmore.com\/es\/#\/schema\/logo\/image\/\",\"url\":\"https:\/\/tourtravelandmore.com\/wp-content\/uploads\/2022\/12\/cropped-logo-cabecera-new.png\",\"contentUrl\":\"https:\/\/tourtravelandmore.com\/wp-content\/uploads\/2022\/12\/cropped-logo-cabecera-new.png\",\"width\":430,\"height\":61,\"caption\":\"Tour Travel And More\"},\"image\":{\"@id\":\"https:\/\/tourtravelandmore.com\/es\/#\/schema\/logo\/image\/\"},\"sameAs\":[\"https:\/\/www.facebook.com\/tourtravelandmore\/\",\"https:\/\/x.com\/TourTravel_More\"]}]}<\/script>\n<!-- \/ Yoast SEO Premium plugin. -->","yoast_head_json":{"title":"\u27a1\ufe0f Traslado privado de lujo: Viena a Bratislava con Tour Travel and More","description":"Disfrute del mejor traslado entre Viena y Bratislava. Disfrute de la comodidad y llegu\u00e9 listo para explorar los lugares emblem\u00e1ticos de Bratislava. \u2705","robots":{"index":"index","follow":"follow","max-snippet":"max-snippet:-1","max-image-preview":"max-image-preview:large","max-video-preview":"max-video-preview:-1"},"canonical":"https:\/\/tourtravelandmore.com\/es\/tours\/austria-es\/viena-es\/traslado-privado-de-viena-a-bratislava\/","og_locale":"es_ES","og_type":"article","og_title":"Traslado Privado de Viena a Bratislava","og_description":"Disfrute del mejor traslado entre Viena y Bratislava. Disfrute de la comodidad y llegu\u00e9 listo para explorar los lugares emblem\u00e1ticos de Bratislava. \u2705","og_url":"https:\/\/tourtravelandmore.com\/es\/tours\/austria-es\/viena-es\/traslado-privado-de-viena-a-bratislava\/","og_site_name":"Tour Travel And More","article_publisher":"https:\/\/www.facebook.com\/tourtravelandmore\/","article_modified_time":"2023-10-30T15:23:19+00:00","og_image":[{"width":950,"height":750,"url":"https:\/\/tourtravelandmore.com\/wp-content\/uploads\/2023\/10\/image1-10.jpg","type":"image\/jpeg"}],"twitter_card":"summary_large_image","twitter_site":"@TourTravel_More","twitter_misc":{"Tiempo de lectura":"4 minutos"},"schema":{"@context":"https:\/\/schema.org","@graph":[{"@type":"WebPage","@id":"https:\/\/tourtravelandmore.com\/es\/tours\/austria-es\/viena-es\/traslado-privado-de-viena-a-bratislava\/","url":"https:\/\/tourtravelandmore.com\/es\/tours\/austria-es\/viena-es\/traslado-privado-de-viena-a-bratislava\/","name":"\u27a1\ufe0f Traslado privado de lujo: Viena a Bratislava con Tour Travel and More","isPartOf":{"@id":"https:\/\/tourtravelandmore.com\/es\/#website"},"primaryImageOfPage":{"@id":"https:\/\/tourtravelandmore.com\/es\/tours\/austria-es\/viena-es\/traslado-privado-de-viena-a-bratislava\/#primaryimage"},"image":{"@id":"https:\/\/tourtravelandmore.com\/es\/tours\/austria-es\/viena-es\/traslado-privado-de-viena-a-bratislava\/#primaryimage"},"thumbnailUrl":"https:\/\/tourtravelandmore.com\/wp-content\/uploads\/2023\/10\/image1-10.jpg","datePublished":"2023-10-30T15:14:05+00:00","dateModified":"2023-10-30T15:23:19+00:00","description":"Disfrute del mejor traslado entre Viena y Bratislava. Disfrute de la comodidad y llegu\u00e9 listo para explorar los lugares emblem\u00e1ticos de Bratislava. \u2705","breadcrumb":{"@id":"https:\/\/tourtravelandmore.com\/es\/tours\/austria-es\/viena-es\/traslado-privado-de-viena-a-bratislava\/#breadcrumb"},"inLanguage":"es","potentialAction":[{"@type":"ReadAction","target":["https:\/\/tourtravelandmore.com\/es\/tours\/austria-es\/viena-es\/traslado-privado-de-viena-a-bratislava\/"]}]},{"@type":"ImageObject","inLanguage":"es","@id":"https:\/\/tourtravelandmore.com\/es\/tours\/austria-es\/viena-es\/traslado-privado-de-viena-a-bratislava\/#primaryimage","url":"https:\/\/tourtravelandmore.com\/wp-content\/uploads\/2023\/10\/image1-10.jpg","contentUrl":"https:\/\/tourtravelandmore.com\/wp-content\/uploads\/2023\/10\/image1-10.jpg","width":950,"height":750},{"@type":"BreadcrumbList","@id":"https:\/\/tourtravelandmore.com\/es\/tours\/austria-es\/viena-es\/traslado-privado-de-viena-a-bratislava\/#breadcrumb","itemListElement":[{"@type":"ListItem","position":1,"name":"Home","item":"https:\/\/tourtravelandmore.com\/es\/"},{"@type":"ListItem","position":2,"name":"Tours","item":"https:\/\/tourtravelandmore.com\/es\/tours\/"},{"@type":"ListItem","position":3,"name":"Traslado Privado de Viena a Bratislava"}]},{"@type":"WebSite","@id":"https:\/\/tourtravelandmore.com\/es\/#website","url":"https:\/\/tourtravelandmore.com\/es\/","name":"Tour Travel And More","description":"Private sightseeing tours and luxury transfers in Spain","publisher":{"@id":"https:\/\/tourtravelandmore.com\/es\/#organization"},"potentialAction":[{"@type":"SearchAction","target":{"@type":"EntryPoint","urlTemplate":"https:\/\/tourtravelandmore.com\/es\/?s={search_term_string}"},"query-input":{"@type":"PropertyValueSpecification","valueRequired":true,"valueName":"search_term_string"}}],"inLanguage":"es"},{"@type":"Organization","@id":"https:\/\/tourtravelandmore.com\/es\/#organization","name":"Tour Travel And More","url":"https:\/\/tourtravelandmore.com\/es\/","logo":{"@type":"ImageObject","inLanguage":"es","@id":"https:\/\/tourtravelandmore.com\/es\/#\/schema\/logo\/image\/","url":"https:\/\/tourtravelandmore.com\/wp-content\/uploads\/2022\/12\/cropped-logo-cabecera-new.png","contentUrl":"https:\/\/tourtravelandmore.com\/wp-content\/uploads\/2022\/12\/cropped-logo-cabecera-new.png","width":430,"height":61,"caption":"Tour Travel And More"},"image":{"@id":"https:\/\/tourtravelandmore.com\/es\/#\/schema\/logo\/image\/"},"sameAs":["https:\/\/www.facebook.com\/tourtravelandmore\/","https:\/\/x.com\/TourTravel_More"]}]}},"_links":{"self":[{"href":"https:\/\/tourtravelandmore.com\/es\/wp-json\/wp\/v2\/product\/170723","targetHints":{"allow":["GET"]}}],"collection":[{"href":"https:\/\/tourtravelandmore.com\/es\/wp-json\/wp\/v2\/product"}],"about":[{"href":"https:\/\/tourtravelandmore.com\/es\/wp-json\/wp\/v2\/types\/product"}],"replies":[{"embeddable":true,"href":"https:\/\/tourtravelandmore.com\/es\/wp-json\/wp\/v2\/comments?post=170723"}],"wp:featuredmedia":[{"embeddable":true,"href":"https:\/\/tourtravelandmore.com\/es\/wp-json\/wp\/v2\/media\/170740"}],"wp:attachment":[{"href":"https:\/\/tourtravelandmore.com\/es\/wp-json\/wp\/v2\/media?parent=170723"}],"wp:term":[{"taxonomy":"product_brand","embeddable":true,"href":"https:\/\/tourtravelandmore.com\/es\/wp-json\/wp\/v2\/product_brand?post=170723"},{"taxonomy":"product_cat","embeddable":true,"href":"https:\/\/tourtravelandmore.com\/es\/wp-json\/wp\/v2\/product_cat?post=170723"},{"taxonomy":"product_tag","embeddable":true,"href":"https:\/\/tourtravelandmore.com\/es\/wp-json\/wp\/v2\/product_tag?post=170723"}],"curies":[{"name":"wp","href":"https:\/\/api.w.org\/{rel}","templated":true}]}}