{"id":170576,"date":"2023-10-06T10:58:30","date_gmt":"2023-10-06T08:58:31","guid":{"rendered":"https:\/\/tourtravelandmore.com\/?post_type=product&#038;p=170576"},"modified":"2023-10-18T21:06:39","modified_gmt":"2023-10-18T19:06:39","slug":"excursion-privada-al-palacio-y-jardines-de-queluz-en-sintra-y-cascais-desde-lisboa","status":"publish","type":"product","link":"https:\/\/tourtravelandmore.com\/es\/tours\/portugal-es\/lisboa-es\/excursion-privada-al-palacio-y-jardines-de-queluz-en-sintra-y-cascais-desde-lisboa\/","title":{"rendered":"Tour Privado de d\u00eda completo de Sintra y Cascais con Pal\u00e1cio Queluz"},"content":{"rendered":"<h2><b>Tour Privado al Palacio y Jardines de Queluz en Sintra y Cascais desde Lisboa Descripci\u00f3n:<\/b><\/h2>\n<p><span style=\"font-weight: 400;\">Abrace la majestuosidad y la elegancia de las \u00e9pocas pasadas de Portugal con nuestro Tour privado al Palacio y Jardines de Queluz en Sintra y Cascais, meticulosamente planificado por Tour Travel and More. Salga de Lisboa en un coche privado, deleit\u00e1ndose con sus comodidades, hasta que la opulencia del Palacio de Queluz le d\u00e9 la bienvenida. Faro del estilo rococ\u00f3 del siglo XVIII, el Palacio de Queluz, con sus elaborados interiores y sus estancias de gran riqueza hist\u00f3rica, pinta un vivo retrato del legado mon\u00e1rquico de Portugal. Los jardines del palacio, obras maestras por derecho propio, narran historias a trav\u00e9s de sus cuidados setos, fuentes decorativas y estatuillas. Desde Queluz, d\u00e9jese cautivar por los bosques de Sintra y, a continuaci\u00f3n, por el encanto costero de Cascais. Con un gu\u00eda experto a su lado a lo largo de las 8 horas de viaje, la historia, el arte y la naturaleza convergen para ofrecerle una experiencia envolvente.<\/span><\/p>\n<p><span style=\"font-weight: 400;\">Contin\u00fae su d\u00eda con un paseo por los pasillos del tiempo en Sintra, una ciudad que mezcla sin esfuerzo la grandeza de su pasado real con la m\u00edstica de su tel\u00f3n de fondo monta\u00f1oso. Sienta el suave susurro de antiguas historias mientras explora sus calles empedradas, salpicadas de pasteler\u00edas que sirven los famosos &#8220;travesseiros&#8221; y &#8220;queijadas&#8221;. A continuaci\u00f3n, el viaje da un refrescante giro hacia el oc\u00e9ano Atl\u00e1ntico. En Cascais, el suave batir de las olas sirve de banda sonora de fondo a su vibrante puerto pesquero y sus plazas iluminadas por el sol. Al final de la excursi\u00f3n, le quedar\u00e1 un lienzo de recuerdos -desde el ambiente aristocr\u00e1tico de Queluz hasta los horizontes soleados de Cascais- que pintan un d\u00eda de una riqueza inigualable.<\/span><\/p>\n<h2><b>\u00a0Destacados:<\/b><\/h2>\n<p><span style=\"font-weight: 400;\">Viaje a trav\u00e9s de una cautivadora mezcla de maravillas de la naturaleza y esplendores arquitect\u00f3nicos. El Palacio de Queluz, en su brillantez rococ\u00f3, muestra la grandeza del pasado real de Portugal. Sus jardines, delicada fusi\u00f3n de dise\u00f1o y naturaleza, ofrecen una serena escapada. Sintra, con su encanto rom\u00e1ntico, y Cascais, con su patrimonio mar\u00edtimo, son las continuaciones perfectas, ya que cada una de ellas ofrece atracciones distintas pero armoniosamente combinadas. Desde aposentos palaciegos hasta calles ba\u00f1adas por el mar, este recorrido promete abundancia de belleza y conocimiento.<\/span><\/p>\n<h3><span style=\"font-weight: 400;\">Lugares de inter\u00e9s m\u00e1s populares:<\/span><\/h3>\n<ul>\n<li style=\"font-weight: 400;\" aria-level=\"1\"><b>Palacio de Queluz:<\/b><span style=\"font-weight: 400;\"> Ep\u00edtome de los estilos rococ\u00f3 y neocl\u00e1sico del siglo XVIII, el Palacio de Queluz es testimonio de la lujosa vida de la realeza portuguesa. Sus interiores, adornados con l\u00e1mparas de ara\u00f1a, muebles de lujo y azulejos pintados a mano, transportan a los visitantes a una \u00e9poca de opulencia sin parang\u00f3n.<\/span><\/li>\n<li style=\"font-weight: 400;\" aria-level=\"1\"><b>Jardines de Queluz:<\/b><span style=\"font-weight: 400;\"> Estos jardines, que se extienden por los extensos terrenos del palacio, sirven de habitaciones al aire libre. Con su meticuloso paisajismo, sus fuentes barrocas y sus estatuas, los jardines narran historias de miembros de la realeza que una vez se pasearon por sus caminos.<\/span><\/li>\n<li style=\"font-weight: 400;\" aria-level=\"1\"><b>Sintra:<\/b><span style=\"font-weight: 400;\"> Enclavada entre las monta\u00f1as de Sintra, esta ciudad es un patio de recreo de retiros reales y bosques enigm\u00e1ticos. Su encanto brumoso y sus castillos de cuento de hadas han servido durante mucho tiempo de musa a poetas y artistas.<\/span><\/li>\n<li style=\"font-weight: 400;\" aria-level=\"1\"><b>Cascais:<\/b><span style=\"font-weight: 400;\"> Cascais, una ciudad donde la tierra se encuentra con el mar, es una hermosa yuxtaposici\u00f3n de calles hist\u00f3ricas, modernos puertos deportivos y playas doradas. Su esencia marinera y su pasado regio la convierten en un destino encantador.<\/span><\/li>\n<li style=\"font-weight: 400;\" aria-level=\"1\"><b>Fuente morisca en los Jardines de Queluz:<\/b><span style=\"font-weight: 400;\"> Mezcla fascinante de influencias culturales, esta ic\u00f3nica fuente de los Jardines de Queluz es un testimonio del impacto de la arquitectura \u00e1rabe en la est\u00e9tica portuguesa. Con sus intrincados azulejos y su dise\u00f1o sim\u00e9trico, se erige como un refrescante oasis de arte en medio del verde.<\/span><\/li>\n<li style=\"font-weight: 400;\" aria-level=\"1\"><b>Cabo da Roca en Sintra:<\/b><span style=\"font-weight: 400;\"> Como punto m\u00e1s occidental de la Europa continental, el Cabo da Roca ofrece impresionantes vistas del vasto Atl\u00e1ntico. Marcado por un faro y escarpados acantilados, es un lugar donde la tierra parece terminar, por lo que es una visita obligada para los amantes de la naturaleza.<\/span><\/li>\n<li style=\"font-weight: 400;\" aria-level=\"1\"><b>Boca do Inferno en Cascais:<\/b><span style=\"font-weight: 400;\"> Traducida como &#8220;Boca del Infierno&#8221;, esta dram\u00e1tica sima al borde del oc\u00e9ano ofrece un espect\u00e1culo natural. Las implacables olas que chocan contra las cavernas han inspirado numerosas leyendas, y el lugar ofrece un emocionante mirador para presenciar la fuerza bruta de la naturaleza.<\/span><\/li>\n<\/ul>\n<p><a href=\"https:\/\/tourtravelandmore.com\/es\/ciudad\/portugal-es\/lisboa-es\/\"><span style=\"font-weight: 400;\">Para quienes deseen explorar m\u00e1s joyas de Portugal, le invitamos a consultar nuestra amplia gama de circuitos, especialmente en Lisboa. <\/span><\/a><span style=\"font-weight: 400;\">Tour Travel and More mantiene su compromiso de organizar experiencias excepcionales, garantizando recuerdos inolvidables. Visite Tour Travel and More para descubrir las innumerables aventuras que le esperan.<\/span><\/p>\n","protected":false},"excerpt":{"rendered":"<p><span style=\"font-weight: 400;\">Descubra el legado real y mar\u00edtimo de Portugal con nuestra excursi\u00f3n de 8 horas al Palacio de Queluz, Sintra y Cascais desde Lisboa. Sea testigo de la opulencia del siglo XVIII de Queluz, explore el rom\u00e1ntico encanto de Sintra y disfrute del encanto costero de Cascais, todo ello con la ayuda de nuestro gu\u00eda experto.<\/span><\/p>\n","protected":false},"featured_media":170592,"comment_status":"open","ping_status":"closed","template":"","meta":{"_acf_changed":false},"product_brand":[],"product_cat":[625,628,630],"product_tag":[],"class_list":{"0":"post-170576","1":"product","2":"type-product","3":"status-publish","4":"has-post-thumbnail","6":"product_cat-lisboa-es","7":"product_cat-lisboa-actividades-es","8":"product_cat-lisboa-rutas-turisticas-privadas-es","10":"first","11":"instock","12":"shipping-taxable","13":"purchasable","14":"product-type-simple"},"acf":[],"yoast_head":"<!-- This site is optimized with the Yoast SEO Premium plugin v25.3.1 (Yoast SEO v25.3.1) - https:\/\/yoast.com\/wordpress\/plugins\/seo\/ -->\n<title>\u27a1\ufe0f Tour Privado del Palacio de Queluz, Sintra y Cascais desde Lisboa<\/title>\n<meta name=\"description\" content=\"Descubra la grandeza real y la belleza costera de Portugal en un solo d\u00eda: Le esperan el Palacio de Queluz, la encantadora Sintra y la pintoresca Cascais. \u00a1Sum\u00e9rjase en la historia y la naturaleza con nosotros! \u2705\" \/>\n<meta name=\"robots\" content=\"index, follow, max-snippet:-1, max-image-preview:large, max-video-preview:-1\" \/>\n<link rel=\"canonical\" href=\"https:\/\/tourtravelandmore.com\/es\/tours\/portugal-es\/lisboa-es\/excursion-privada-al-palacio-y-jardines-de-queluz-en-sintra-y-cascais-desde-lisboa\/\" \/>\n<meta property=\"og:locale\" content=\"es_ES\" \/>\n<meta property=\"og:type\" content=\"article\" \/>\n<meta property=\"og:title\" content=\"Tour Privado de d\u00eda completo de Sintra y Cascais con Pal\u00e1cio Queluz\" \/>\n<meta property=\"og:description\" content=\"Descubra la grandeza real y la belleza costera de Portugal en un solo d\u00eda: Le esperan el Palacio de Queluz, la encantadora Sintra y la pintoresca Cascais. \u00a1Sum\u00e9rjase en la historia y la naturaleza con nosotros! \u2705\" \/>\n<meta property=\"og:url\" content=\"https:\/\/tourtravelandmore.com\/es\/tours\/portugal-es\/lisboa-es\/excursion-privada-al-palacio-y-jardines-de-queluz-en-sintra-y-cascais-desde-lisboa\/\" \/>\n<meta property=\"og:site_name\" content=\"Tour Travel And More\" \/>\n<meta property=\"article:publisher\" content=\"https:\/\/www.facebook.com\/tourtravelandmore\/\" \/>\n<meta property=\"article:modified_time\" content=\"2023-10-18T19:06:39+00:00\" \/>\n<meta property=\"og:image\" content=\"https:\/\/tourtravelandmore.com\/wp-content\/uploads\/2023\/10\/image1-9.jpg\" \/>\n\t<meta property=\"og:image:width\" content=\"900\" \/>\n\t<meta property=\"og:image:height\" content=\"750\" \/>\n\t<meta property=\"og:image:type\" content=\"image\/jpeg\" \/>\n<meta name=\"twitter:card\" content=\"summary_large_image\" \/>\n<meta name=\"twitter:site\" content=\"@TourTravel_More\" \/>\n<meta name=\"twitter:label1\" content=\"Tiempo de lectura\" \/>\n\t<meta name=\"twitter:data1\" content=\"4 minutos\" \/>\n<script type=\"application\/ld+json\" class=\"yoast-schema-graph\">{\"@context\":\"https:\/\/schema.org\",\"@graph\":[{\"@type\":\"WebPage\",\"@id\":\"https:\/\/tourtravelandmore.com\/es\/tours\/portugal-es\/lisboa-es\/excursion-privada-al-palacio-y-jardines-de-queluz-en-sintra-y-cascais-desde-lisboa\/\",\"url\":\"https:\/\/tourtravelandmore.com\/es\/tours\/portugal-es\/lisboa-es\/excursion-privada-al-palacio-y-jardines-de-queluz-en-sintra-y-cascais-desde-lisboa\/\",\"name\":\"\u27a1\ufe0f Tour Privado del Palacio de Queluz, Sintra y Cascais desde Lisboa\",\"isPartOf\":{\"@id\":\"https:\/\/tourtravelandmore.com\/es\/#website\"},\"primaryImageOfPage\":{\"@id\":\"https:\/\/tourtravelandmore.com\/es\/tours\/portugal-es\/lisboa-es\/excursion-privada-al-palacio-y-jardines-de-queluz-en-sintra-y-cascais-desde-lisboa\/#primaryimage\"},\"image\":{\"@id\":\"https:\/\/tourtravelandmore.com\/es\/tours\/portugal-es\/lisboa-es\/excursion-privada-al-palacio-y-jardines-de-queluz-en-sintra-y-cascais-desde-lisboa\/#primaryimage\"},\"thumbnailUrl\":\"https:\/\/tourtravelandmore.com\/wp-content\/uploads\/2023\/10\/image1-9.jpg\",\"datePublished\":\"2023-10-06T08:58:31+00:00\",\"dateModified\":\"2023-10-18T19:06:39+00:00\",\"description\":\"Descubra la grandeza real y la belleza costera de Portugal en un solo d\u00eda: Le esperan el Palacio de Queluz, la encantadora Sintra y la pintoresca Cascais. \u00a1Sum\u00e9rjase en la historia y la naturaleza con nosotros! \u2705\",\"breadcrumb\":{\"@id\":\"https:\/\/tourtravelandmore.com\/es\/tours\/portugal-es\/lisboa-es\/excursion-privada-al-palacio-y-jardines-de-queluz-en-sintra-y-cascais-desde-lisboa\/#breadcrumb\"},\"inLanguage\":\"es\",\"potentialAction\":[{\"@type\":\"ReadAction\",\"target\":[\"https:\/\/tourtravelandmore.com\/es\/tours\/portugal-es\/lisboa-es\/excursion-privada-al-palacio-y-jardines-de-queluz-en-sintra-y-cascais-desde-lisboa\/\"]}]},{\"@type\":\"ImageObject\",\"inLanguage\":\"es\",\"@id\":\"https:\/\/tourtravelandmore.com\/es\/tours\/portugal-es\/lisboa-es\/excursion-privada-al-palacio-y-jardines-de-queluz-en-sintra-y-cascais-desde-lisboa\/#primaryimage\",\"url\":\"https:\/\/tourtravelandmore.com\/wp-content\/uploads\/2023\/10\/image1-9.jpg\",\"contentUrl\":\"https:\/\/tourtravelandmore.com\/wp-content\/uploads\/2023\/10\/image1-9.jpg\",\"width\":900,\"height\":750},{\"@type\":\"BreadcrumbList\",\"@id\":\"https:\/\/tourtravelandmore.com\/es\/tours\/portugal-es\/lisboa-es\/excursion-privada-al-palacio-y-jardines-de-queluz-en-sintra-y-cascais-desde-lisboa\/#breadcrumb\",\"itemListElement\":[{\"@type\":\"ListItem\",\"position\":1,\"name\":\"Home\",\"item\":\"https:\/\/tourtravelandmore.com\/es\/\"},{\"@type\":\"ListItem\",\"position\":2,\"name\":\"Tours\",\"item\":\"https:\/\/tourtravelandmore.com\/es\/tours\/\"},{\"@type\":\"ListItem\",\"position\":3,\"name\":\"Tour Privado de d\u00eda completo de Sintra y Cascais con Pal\u00e1cio Queluz\"}]},{\"@type\":\"WebSite\",\"@id\":\"https:\/\/tourtravelandmore.com\/es\/#website\",\"url\":\"https:\/\/tourtravelandmore.com\/es\/\",\"name\":\"Tour Travel And More\",\"description\":\"Private sightseeing tours and luxury transfers in Spain\",\"publisher\":{\"@id\":\"https:\/\/tourtravelandmore.com\/es\/#organization\"},\"potentialAction\":[{\"@type\":\"SearchAction\",\"target\":{\"@type\":\"EntryPoint\",\"urlTemplate\":\"https:\/\/tourtravelandmore.com\/es\/?s={search_term_string}\"},\"query-input\":{\"@type\":\"PropertyValueSpecification\",\"valueRequired\":true,\"valueName\":\"search_term_string\"}}],\"inLanguage\":\"es\"},{\"@type\":\"Organization\",\"@id\":\"https:\/\/tourtravelandmore.com\/es\/#organization\",\"name\":\"Tour Travel And More\",\"url\":\"https:\/\/tourtravelandmore.com\/es\/\",\"logo\":{\"@type\":\"ImageObject\",\"inLanguage\":\"es\",\"@id\":\"https:\/\/tourtravelandmore.com\/es\/#\/schema\/logo\/image\/\",\"url\":\"https:\/\/tourtravelandmore.com\/wp-content\/uploads\/2022\/12\/cropped-logo-cabecera-new.png\",\"contentUrl\":\"https:\/\/tourtravelandmore.com\/wp-content\/uploads\/2022\/12\/cropped-logo-cabecera-new.png\",\"width\":430,\"height\":61,\"caption\":\"Tour Travel And More\"},\"image\":{\"@id\":\"https:\/\/tourtravelandmore.com\/es\/#\/schema\/logo\/image\/\"},\"sameAs\":[\"https:\/\/www.facebook.com\/tourtravelandmore\/\",\"https:\/\/x.com\/TourTravel_More\"]}]}<\/script>\n<!-- \/ Yoast SEO Premium plugin. -->","yoast_head_json":{"title":"\u27a1\ufe0f Tour Privado del Palacio de Queluz, Sintra y Cascais desde Lisboa","description":"Descubra la grandeza real y la belleza costera de Portugal en un solo d\u00eda: Le esperan el Palacio de Queluz, la encantadora Sintra y la pintoresca Cascais. \u00a1Sum\u00e9rjase en la historia y la naturaleza con nosotros! \u2705","robots":{"index":"index","follow":"follow","max-snippet":"max-snippet:-1","max-image-preview":"max-image-preview:large","max-video-preview":"max-video-preview:-1"},"canonical":"https:\/\/tourtravelandmore.com\/es\/tours\/portugal-es\/lisboa-es\/excursion-privada-al-palacio-y-jardines-de-queluz-en-sintra-y-cascais-desde-lisboa\/","og_locale":"es_ES","og_type":"article","og_title":"Tour Privado de d\u00eda completo de Sintra y Cascais con Pal\u00e1cio Queluz","og_description":"Descubra la grandeza real y la belleza costera de Portugal en un solo d\u00eda: Le esperan el Palacio de Queluz, la encantadora Sintra y la pintoresca Cascais. \u00a1Sum\u00e9rjase en la historia y la naturaleza con nosotros! \u2705","og_url":"https:\/\/tourtravelandmore.com\/es\/tours\/portugal-es\/lisboa-es\/excursion-privada-al-palacio-y-jardines-de-queluz-en-sintra-y-cascais-desde-lisboa\/","og_site_name":"Tour Travel And More","article_publisher":"https:\/\/www.facebook.com\/tourtravelandmore\/","article_modified_time":"2023-10-18T19:06:39+00:00","og_image":[{"width":900,"height":750,"url":"https:\/\/tourtravelandmore.com\/wp-content\/uploads\/2023\/10\/image1-9.jpg","type":"image\/jpeg"}],"twitter_card":"summary_large_image","twitter_site":"@TourTravel_More","twitter_misc":{"Tiempo de lectura":"4 minutos"},"schema":{"@context":"https:\/\/schema.org","@graph":[{"@type":"WebPage","@id":"https:\/\/tourtravelandmore.com\/es\/tours\/portugal-es\/lisboa-es\/excursion-privada-al-palacio-y-jardines-de-queluz-en-sintra-y-cascais-desde-lisboa\/","url":"https:\/\/tourtravelandmore.com\/es\/tours\/portugal-es\/lisboa-es\/excursion-privada-al-palacio-y-jardines-de-queluz-en-sintra-y-cascais-desde-lisboa\/","name":"\u27a1\ufe0f Tour Privado del Palacio de Queluz, Sintra y Cascais desde Lisboa","isPartOf":{"@id":"https:\/\/tourtravelandmore.com\/es\/#website"},"primaryImageOfPage":{"@id":"https:\/\/tourtravelandmore.com\/es\/tours\/portugal-es\/lisboa-es\/excursion-privada-al-palacio-y-jardines-de-queluz-en-sintra-y-cascais-desde-lisboa\/#primaryimage"},"image":{"@id":"https:\/\/tourtravelandmore.com\/es\/tours\/portugal-es\/lisboa-es\/excursion-privada-al-palacio-y-jardines-de-queluz-en-sintra-y-cascais-desde-lisboa\/#primaryimage"},"thumbnailUrl":"https:\/\/tourtravelandmore.com\/wp-content\/uploads\/2023\/10\/image1-9.jpg","datePublished":"2023-10-06T08:58:31+00:00","dateModified":"2023-10-18T19:06:39+00:00","description":"Descubra la grandeza real y la belleza costera de Portugal en un solo d\u00eda: Le esperan el Palacio de Queluz, la encantadora Sintra y la pintoresca Cascais. \u00a1Sum\u00e9rjase en la historia y la naturaleza con nosotros! \u2705","breadcrumb":{"@id":"https:\/\/tourtravelandmore.com\/es\/tours\/portugal-es\/lisboa-es\/excursion-privada-al-palacio-y-jardines-de-queluz-en-sintra-y-cascais-desde-lisboa\/#breadcrumb"},"inLanguage":"es","potentialAction":[{"@type":"ReadAction","target":["https:\/\/tourtravelandmore.com\/es\/tours\/portugal-es\/lisboa-es\/excursion-privada-al-palacio-y-jardines-de-queluz-en-sintra-y-cascais-desde-lisboa\/"]}]},{"@type":"ImageObject","inLanguage":"es","@id":"https:\/\/tourtravelandmore.com\/es\/tours\/portugal-es\/lisboa-es\/excursion-privada-al-palacio-y-jardines-de-queluz-en-sintra-y-cascais-desde-lisboa\/#primaryimage","url":"https:\/\/tourtravelandmore.com\/wp-content\/uploads\/2023\/10\/image1-9.jpg","contentUrl":"https:\/\/tourtravelandmore.com\/wp-content\/uploads\/2023\/10\/image1-9.jpg","width":900,"height":750},{"@type":"BreadcrumbList","@id":"https:\/\/tourtravelandmore.com\/es\/tours\/portugal-es\/lisboa-es\/excursion-privada-al-palacio-y-jardines-de-queluz-en-sintra-y-cascais-desde-lisboa\/#breadcrumb","itemListElement":[{"@type":"ListItem","position":1,"name":"Home","item":"https:\/\/tourtravelandmore.com\/es\/"},{"@type":"ListItem","position":2,"name":"Tours","item":"https:\/\/tourtravelandmore.com\/es\/tours\/"},{"@type":"ListItem","position":3,"name":"Tour Privado de d\u00eda completo de Sintra y Cascais con Pal\u00e1cio Queluz"}]},{"@type":"WebSite","@id":"https:\/\/tourtravelandmore.com\/es\/#website","url":"https:\/\/tourtravelandmore.com\/es\/","name":"Tour Travel And More","description":"Private sightseeing tours and luxury transfers in Spain","publisher":{"@id":"https:\/\/tourtravelandmore.com\/es\/#organization"},"potentialAction":[{"@type":"SearchAction","target":{"@type":"EntryPoint","urlTemplate":"https:\/\/tourtravelandmore.com\/es\/?s={search_term_string}"},"query-input":{"@type":"PropertyValueSpecification","valueRequired":true,"valueName":"search_term_string"}}],"inLanguage":"es"},{"@type":"Organization","@id":"https:\/\/tourtravelandmore.com\/es\/#organization","name":"Tour Travel And More","url":"https:\/\/tourtravelandmore.com\/es\/","logo":{"@type":"ImageObject","inLanguage":"es","@id":"https:\/\/tourtravelandmore.com\/es\/#\/schema\/logo\/image\/","url":"https:\/\/tourtravelandmore.com\/wp-content\/uploads\/2022\/12\/cropped-logo-cabecera-new.png","contentUrl":"https:\/\/tourtravelandmore.com\/wp-content\/uploads\/2022\/12\/cropped-logo-cabecera-new.png","width":430,"height":61,"caption":"Tour Travel And More"},"image":{"@id":"https:\/\/tourtravelandmore.com\/es\/#\/schema\/logo\/image\/"},"sameAs":["https:\/\/www.facebook.com\/tourtravelandmore\/","https:\/\/x.com\/TourTravel_More"]}]}},"_links":{"self":[{"href":"https:\/\/tourtravelandmore.com\/es\/wp-json\/wp\/v2\/product\/170576","targetHints":{"allow":["GET"]}}],"collection":[{"href":"https:\/\/tourtravelandmore.com\/es\/wp-json\/wp\/v2\/product"}],"about":[{"href":"https:\/\/tourtravelandmore.com\/es\/wp-json\/wp\/v2\/types\/product"}],"replies":[{"embeddable":true,"href":"https:\/\/tourtravelandmore.com\/es\/wp-json\/wp\/v2\/comments?post=170576"}],"wp:featuredmedia":[{"embeddable":true,"href":"https:\/\/tourtravelandmore.com\/es\/wp-json\/wp\/v2\/media\/170592"}],"wp:attachment":[{"href":"https:\/\/tourtravelandmore.com\/es\/wp-json\/wp\/v2\/media?parent=170576"}],"wp:term":[{"taxonomy":"product_brand","embeddable":true,"href":"https:\/\/tourtravelandmore.com\/es\/wp-json\/wp\/v2\/product_brand?post=170576"},{"taxonomy":"product_cat","embeddable":true,"href":"https:\/\/tourtravelandmore.com\/es\/wp-json\/wp\/v2\/product_cat?post=170576"},{"taxonomy":"product_tag","embeddable":true,"href":"https:\/\/tourtravelandmore.com\/es\/wp-json\/wp\/v2\/product_tag?post=170576"}],"curies":[{"name":"wp","href":"https:\/\/api.w.org\/{rel}","templated":true}]}}