{"id":170526,"date":"2023-10-05T16:34:16","date_gmt":"2023-10-05T14:34:22","guid":{"rendered":"https:\/\/tourtravelandmore.com\/?post_type=product&#038;p=170526"},"modified":"2023-10-05T16:42:56","modified_gmt":"2023-10-05T14:42:56","slug":"tour-privado-de-sintra-con-quinta-da-regaleira-y-cascais-desde-lisboa","status":"publish","type":"product","link":"https:\/\/tourtravelandmore.com\/es\/tours\/portugal-es\/lisboa-es\/tour-privado-de-sintra-con-quinta-da-regaleira-y-cascais-desde-lisboa\/","title":{"rendered":"Tour privado de Sintra con Quinta da Regaleira y Cascais desde Lisboa"},"content":{"rendered":"<h2><b>Tour privado de Sintra con Quinta da Regaleira y Cascais desde Lisboa Descripci\u00f3n:<\/b><\/h2>\n<p><span style=\"font-weight: 400;\">Emb\u00e1rquese en un viaje extraordinario que abarca las joyas culturales y naturales de Portugal con nuestro &#8220;Tour privado de Sintra con Quinta da Regaleira y Cascais desde Lisboa&#8221;, meticulosamente comisariado por Tour Travel and More. Desde las bulliciosas callejuelas de Lisboa, viaje por el coraz\u00f3n de Portugal en un lujoso autocar. Sienta el encanto del viejo mundo en la ciudad de Sintra, declarada Patrimonio de la Humanidad por la UNESCO, hogar de palacios de cuento de hadas y enigm\u00e1ticos jardines. Con un gu\u00eda experto a su lado, sum\u00e9rjase en el encanto m\u00edstico de la Quinta da Regaleira, conocida por su intrincado simbolismo y su impresionante arquitectura. A medida que avance el d\u00eda, rel\u00e1jese en la belleza costera de Cascais, una ciudad de arenas doradas y una arraigada historia marinera. Con una duraci\u00f3n de 8 horas, este recorrido ofrece una inmersi\u00f3n \u00edntima en las historias, los paisajes y el esp\u00edritu de algunos de los lugares m\u00e1s queridos de Portugal.<\/span><\/p>\n<p><span style=\"font-weight: 400;\">El encanto de Sintra va m\u00e1s all\u00e1 de sus maravillas palaciegas; es un lugar donde cada piedra y cada hoja parecen susurrar historias antiguas. Los vibrantes mosaicos de Quinta da Regaleira, incrustados con s\u00edmbolos ocultos, invitan a la introspecci\u00f3n, mientras que sus jardines, repletos de senderos ocultos y grutas secretas, evocan una sensaci\u00f3n de asombro. Cascais, con sus aguas azules besando orillas doradas, ofrece un refrescante contraste, encarnando el esp\u00edritu del Atl\u00e1ntico. Sus puertos deportivos bullen de modernidad, pero en sus plazas resuenan las melod\u00edas intemporales de Portugal. Con Tour Travel and More, cada momento est\u00e1 pensado para garantizar una armoniosa mezcla de descubrimiento, reflexi\u00f3n y lujo sin igual.<\/span><\/p>\n<h2><b>Tour privado de Sintra con Quinta da Regaleira y Cascais desde Lisboa Destacados:<\/b><\/h2>\n<p><span style=\"font-weight: 400;\">Deje que la encantadora historia, arquitectura y belleza paisaj\u00edstica de Portugal se desplieguen ante sus ojos. Desde los terrenos de ensue\u00f1o de Quinta da Regaleira, en los que resuenan historias de masoner\u00eda y \u00f3rdenes antiguas, hasta las majestuosas vistas de los paisajes naturales de Sintra y el refrescante ambiente marino de Cascais, este recorrido teje una narraci\u00f3n del pasado de Portugal y de su inquebrantable belleza. Cada parada es un paso a otro mundo, donde las historias cobran vida y el presente se mezcla a la perfecci\u00f3n con el pasado.<\/span><\/p>\n<h3><span style=\"font-weight: 400;\">Lugares de inter\u00e9s m\u00e1s populares:<\/span><\/h3>\n<ul>\n<li style=\"font-weight: 400;\" aria-level=\"1\"><b>Quinta da Regaleira en Sintra:<\/b><span style=\"font-weight: 400;\"> Una fascinante finca que encarna los ideales art\u00edsticos y arquitect\u00f3nicos del Romanticismo. Con sus laber\u00ednticos jardines, enigm\u00e1ticas grutas y el emblem\u00e1tico Pozo de la Iniciaci\u00f3n, la Quinta da Regaleira es m\u00e1s que un lugar hist\u00f3rico: es una invitaci\u00f3n a explorar un mundo envuelto en misterio y simbolismo.<\/span><\/li>\n<li style=\"font-weight: 400;\" aria-level=\"1\"><b>Sintra: <\/b><span style=\"font-weight: 400;\">Esta ciudad declarada Patrimonio de la Humanidad por la UNESCO es una sinfon\u00eda de verdes paisajes y maravillas palaciegas. Cada rinc\u00f3n susurra historias de monarcas, poetas y artistas que una vez llamaron a Sintra su santuario del mundo.<\/span><\/li>\n<li style=\"font-weight: 400;\" aria-level=\"1\"><b>Cascais: <\/b><span style=\"font-weight: 400;\">Fusi\u00f3n de tradici\u00f3n y modernidad, Cascais ofrece playas doradas, un animado puerto deportivo y vestigios de su historia como refugio real predilecto. El casco antiguo, con sus calles empedradas y sus animadas plazas, desprende un encanto aut\u00e9ntico que hace que los visitantes se sientan como si hubieran retrocedido en el tiempo.<\/span><\/li>\n<li style=\"font-weight: 400;\" aria-level=\"1\"><b>Castillo \u00e1rabe de Sintra:<\/b><span style=\"font-weight: 400;\"> En lo alto de la Sierra de Sintra, los restos de esta fortaleza medieval son un testimonio de la presencia isl\u00e1mica en la regi\u00f3n. Las murallas del castillo ofrecen unas vistas panor\u00e1micas incomparables de los paisajes circundantes, combinando a la perfecci\u00f3n la rica historia de la regi\u00f3n con su belleza natural.<\/span><\/li>\n<li style=\"font-weight: 400;\" aria-level=\"1\"><b>Boca do Inferno en Cascais: <\/b><span style=\"font-weight: 400;\">Traducida como &#8220;Boca del Infierno&#8221;, esta formaci\u00f3n marina \u00fanica es un testimonio de la fuerza bruta de la naturaleza. El abismo en los acantilados costeros ofrece un espect\u00e1culo espectacular cuando las olas chocan violentamente contra las rocas. Esta maravilla natural, con sus dram\u00e1ticas vistas, cautiva a los visitantes y ofrece un contraste de serenidad en medio del rugiente mar.<\/span><\/li>\n<\/ul>\n<p><span style=\"font-weight: 400;\">Explore la vibrante ciudad de Lisboa y sus muchas maravillas con Tour Travel and More. <\/span><a href=\"https:\/\/tourtravelandmore.com\/es\/ciudad\/portugal-es\/lisboa-es\/\"><span style=\"font-weight: 400;\">Visite nuestro sitio web para descubrir la variedad de viajes a medida que ofrecemos,<\/span><\/a><span style=\"font-weight: 400;\"> cada uno dise\u00f1ado para proporcionar experiencias \u00fanicas en Lisboa y sus alrededores.<\/span><\/p>\n","protected":false},"excerpt":{"rendered":"<p><span style=\"font-weight: 400;\">Sum\u00e9rjase en el encantador pasado de Portugal con una excursi\u00f3n privada de 8 horas a la legendaria Quinta da Regaleira en Sintra y a la belleza costera de Cascais. Desde enigm\u00e1ticos jardines y palacios hist\u00f3ricos hasta playas ba\u00f1adas por el sol, este viaje promete un tapiz de recuerdos inolvidables.<\/span><\/p>\n","protected":false},"featured_media":170542,"comment_status":"open","ping_status":"closed","template":"","meta":{"_acf_changed":false},"product_brand":[],"product_cat":[625,628,630],"product_tag":[],"class_list":{"0":"post-170526","1":"product","2":"type-product","3":"status-publish","4":"has-post-thumbnail","6":"product_cat-lisboa-es","7":"product_cat-lisboa-actividades-es","8":"product_cat-lisboa-rutas-turisticas-privadas-es","10":"first","11":"instock","12":"shipping-taxable","13":"purchasable","14":"product-type-simple"},"acf":[],"yoast_head":"<!-- This site is optimized with the Yoast SEO Premium plugin v25.3.1 (Yoast SEO v25.3.1) - https:\/\/yoast.com\/wordpress\/plugins\/seo\/ -->\n<title>\u27a1\ufe0f Tour Privado Sintra &amp; Cascais con Visita Quinta da Regaleira | Tour Travel and More<\/title>\n<meta name=\"description\" content=\"Descubra la esencia rom\u00e1ntica de Sintra y el encanto costero de Cascais en una excursi\u00f3n de un d\u00eda con una inmersi\u00f3n profunda en los misterios de Quinta da Regaleira. \u00a1Viva Portugal como nunca antes lo hab\u00eda hecho! \u2705\" \/>\n<meta name=\"robots\" content=\"index, follow, max-snippet:-1, max-image-preview:large, max-video-preview:-1\" \/>\n<link rel=\"canonical\" href=\"https:\/\/tourtravelandmore.com\/es\/tours\/portugal-es\/lisboa-es\/tour-privado-de-sintra-con-quinta-da-regaleira-y-cascais-desde-lisboa\/\" \/>\n<meta property=\"og:locale\" content=\"es_ES\" \/>\n<meta property=\"og:type\" content=\"article\" \/>\n<meta property=\"og:title\" content=\"Tour privado de Sintra con Quinta da Regaleira y Cascais desde Lisboa\" \/>\n<meta property=\"og:description\" content=\"Descubra la esencia rom\u00e1ntica de Sintra y el encanto costero de Cascais en una excursi\u00f3n de un d\u00eda con una inmersi\u00f3n profunda en los misterios de Quinta da Regaleira. \u00a1Viva Portugal como nunca antes lo hab\u00eda hecho! \u2705\" \/>\n<meta property=\"og:url\" content=\"https:\/\/tourtravelandmore.com\/es\/tours\/portugal-es\/lisboa-es\/tour-privado-de-sintra-con-quinta-da-regaleira-y-cascais-desde-lisboa\/\" \/>\n<meta property=\"og:site_name\" content=\"Tour Travel And More\" \/>\n<meta property=\"article:publisher\" content=\"https:\/\/www.facebook.com\/tourtravelandmore\/\" \/>\n<meta property=\"article:modified_time\" content=\"2023-10-05T14:42:56+00:00\" \/>\n<meta property=\"og:image\" content=\"https:\/\/tourtravelandmore.com\/wp-content\/uploads\/2023\/10\/image1-8.jpg\" \/>\n\t<meta property=\"og:image:width\" content=\"900\" \/>\n\t<meta property=\"og:image:height\" content=\"750\" \/>\n\t<meta property=\"og:image:type\" content=\"image\/jpeg\" \/>\n<meta name=\"twitter:card\" content=\"summary_large_image\" \/>\n<meta name=\"twitter:site\" content=\"@TourTravel_More\" \/>\n<meta name=\"twitter:label1\" content=\"Tiempo de lectura\" \/>\n\t<meta name=\"twitter:data1\" content=\"4 minutos\" \/>\n<script type=\"application\/ld+json\" class=\"yoast-schema-graph\">{\"@context\":\"https:\/\/schema.org\",\"@graph\":[{\"@type\":\"WebPage\",\"@id\":\"https:\/\/tourtravelandmore.com\/es\/tours\/portugal-es\/lisboa-es\/tour-privado-de-sintra-con-quinta-da-regaleira-y-cascais-desde-lisboa\/\",\"url\":\"https:\/\/tourtravelandmore.com\/es\/tours\/portugal-es\/lisboa-es\/tour-privado-de-sintra-con-quinta-da-regaleira-y-cascais-desde-lisboa\/\",\"name\":\"\u27a1\ufe0f Tour Privado Sintra & Cascais con Visita Quinta da Regaleira | Tour Travel and More\",\"isPartOf\":{\"@id\":\"https:\/\/tourtravelandmore.com\/es\/#website\"},\"primaryImageOfPage\":{\"@id\":\"https:\/\/tourtravelandmore.com\/es\/tours\/portugal-es\/lisboa-es\/tour-privado-de-sintra-con-quinta-da-regaleira-y-cascais-desde-lisboa\/#primaryimage\"},\"image\":{\"@id\":\"https:\/\/tourtravelandmore.com\/es\/tours\/portugal-es\/lisboa-es\/tour-privado-de-sintra-con-quinta-da-regaleira-y-cascais-desde-lisboa\/#primaryimage\"},\"thumbnailUrl\":\"https:\/\/tourtravelandmore.com\/wp-content\/uploads\/2023\/10\/image1-8.jpg\",\"datePublished\":\"2023-10-05T14:34:22+00:00\",\"dateModified\":\"2023-10-05T14:42:56+00:00\",\"description\":\"Descubra la esencia rom\u00e1ntica de Sintra y el encanto costero de Cascais en una excursi\u00f3n de un d\u00eda con una inmersi\u00f3n profunda en los misterios de Quinta da Regaleira. \u00a1Viva Portugal como nunca antes lo hab\u00eda hecho! \u2705\",\"breadcrumb\":{\"@id\":\"https:\/\/tourtravelandmore.com\/es\/tours\/portugal-es\/lisboa-es\/tour-privado-de-sintra-con-quinta-da-regaleira-y-cascais-desde-lisboa\/#breadcrumb\"},\"inLanguage\":\"es\",\"potentialAction\":[{\"@type\":\"ReadAction\",\"target\":[\"https:\/\/tourtravelandmore.com\/es\/tours\/portugal-es\/lisboa-es\/tour-privado-de-sintra-con-quinta-da-regaleira-y-cascais-desde-lisboa\/\"]}]},{\"@type\":\"ImageObject\",\"inLanguage\":\"es\",\"@id\":\"https:\/\/tourtravelandmore.com\/es\/tours\/portugal-es\/lisboa-es\/tour-privado-de-sintra-con-quinta-da-regaleira-y-cascais-desde-lisboa\/#primaryimage\",\"url\":\"https:\/\/tourtravelandmore.com\/wp-content\/uploads\/2023\/10\/image1-8.jpg\",\"contentUrl\":\"https:\/\/tourtravelandmore.com\/wp-content\/uploads\/2023\/10\/image1-8.jpg\",\"width\":900,\"height\":750},{\"@type\":\"BreadcrumbList\",\"@id\":\"https:\/\/tourtravelandmore.com\/es\/tours\/portugal-es\/lisboa-es\/tour-privado-de-sintra-con-quinta-da-regaleira-y-cascais-desde-lisboa\/#breadcrumb\",\"itemListElement\":[{\"@type\":\"ListItem\",\"position\":1,\"name\":\"Home\",\"item\":\"https:\/\/tourtravelandmore.com\/es\/\"},{\"@type\":\"ListItem\",\"position\":2,\"name\":\"Tours\",\"item\":\"https:\/\/tourtravelandmore.com\/es\/tours\/\"},{\"@type\":\"ListItem\",\"position\":3,\"name\":\"Tour privado de Sintra con Quinta da Regaleira y Cascais desde Lisboa\"}]},{\"@type\":\"WebSite\",\"@id\":\"https:\/\/tourtravelandmore.com\/es\/#website\",\"url\":\"https:\/\/tourtravelandmore.com\/es\/\",\"name\":\"Tour Travel And More\",\"description\":\"Private sightseeing tours and luxury transfers in Spain\",\"publisher\":{\"@id\":\"https:\/\/tourtravelandmore.com\/es\/#organization\"},\"potentialAction\":[{\"@type\":\"SearchAction\",\"target\":{\"@type\":\"EntryPoint\",\"urlTemplate\":\"https:\/\/tourtravelandmore.com\/es\/?s={search_term_string}\"},\"query-input\":{\"@type\":\"PropertyValueSpecification\",\"valueRequired\":true,\"valueName\":\"search_term_string\"}}],\"inLanguage\":\"es\"},{\"@type\":\"Organization\",\"@id\":\"https:\/\/tourtravelandmore.com\/es\/#organization\",\"name\":\"Tour Travel And More\",\"url\":\"https:\/\/tourtravelandmore.com\/es\/\",\"logo\":{\"@type\":\"ImageObject\",\"inLanguage\":\"es\",\"@id\":\"https:\/\/tourtravelandmore.com\/es\/#\/schema\/logo\/image\/\",\"url\":\"https:\/\/tourtravelandmore.com\/wp-content\/uploads\/2022\/12\/cropped-logo-cabecera-new.png\",\"contentUrl\":\"https:\/\/tourtravelandmore.com\/wp-content\/uploads\/2022\/12\/cropped-logo-cabecera-new.png\",\"width\":430,\"height\":61,\"caption\":\"Tour Travel And More\"},\"image\":{\"@id\":\"https:\/\/tourtravelandmore.com\/es\/#\/schema\/logo\/image\/\"},\"sameAs\":[\"https:\/\/www.facebook.com\/tourtravelandmore\/\",\"https:\/\/x.com\/TourTravel_More\"]}]}<\/script>\n<!-- \/ Yoast SEO Premium plugin. -->","yoast_head_json":{"title":"\u27a1\ufe0f Tour Privado Sintra & Cascais con Visita Quinta da Regaleira | Tour Travel and More","description":"Descubra la esencia rom\u00e1ntica de Sintra y el encanto costero de Cascais en una excursi\u00f3n de un d\u00eda con una inmersi\u00f3n profunda en los misterios de Quinta da Regaleira. \u00a1Viva Portugal como nunca antes lo hab\u00eda hecho! \u2705","robots":{"index":"index","follow":"follow","max-snippet":"max-snippet:-1","max-image-preview":"max-image-preview:large","max-video-preview":"max-video-preview:-1"},"canonical":"https:\/\/tourtravelandmore.com\/es\/tours\/portugal-es\/lisboa-es\/tour-privado-de-sintra-con-quinta-da-regaleira-y-cascais-desde-lisboa\/","og_locale":"es_ES","og_type":"article","og_title":"Tour privado de Sintra con Quinta da Regaleira y Cascais desde Lisboa","og_description":"Descubra la esencia rom\u00e1ntica de Sintra y el encanto costero de Cascais en una excursi\u00f3n de un d\u00eda con una inmersi\u00f3n profunda en los misterios de Quinta da Regaleira. \u00a1Viva Portugal como nunca antes lo hab\u00eda hecho! \u2705","og_url":"https:\/\/tourtravelandmore.com\/es\/tours\/portugal-es\/lisboa-es\/tour-privado-de-sintra-con-quinta-da-regaleira-y-cascais-desde-lisboa\/","og_site_name":"Tour Travel And More","article_publisher":"https:\/\/www.facebook.com\/tourtravelandmore\/","article_modified_time":"2023-10-05T14:42:56+00:00","og_image":[{"width":900,"height":750,"url":"https:\/\/tourtravelandmore.com\/wp-content\/uploads\/2023\/10\/image1-8.jpg","type":"image\/jpeg"}],"twitter_card":"summary_large_image","twitter_site":"@TourTravel_More","twitter_misc":{"Tiempo de lectura":"4 minutos"},"schema":{"@context":"https:\/\/schema.org","@graph":[{"@type":"WebPage","@id":"https:\/\/tourtravelandmore.com\/es\/tours\/portugal-es\/lisboa-es\/tour-privado-de-sintra-con-quinta-da-regaleira-y-cascais-desde-lisboa\/","url":"https:\/\/tourtravelandmore.com\/es\/tours\/portugal-es\/lisboa-es\/tour-privado-de-sintra-con-quinta-da-regaleira-y-cascais-desde-lisboa\/","name":"\u27a1\ufe0f Tour Privado Sintra & Cascais con Visita Quinta da Regaleira | Tour Travel and More","isPartOf":{"@id":"https:\/\/tourtravelandmore.com\/es\/#website"},"primaryImageOfPage":{"@id":"https:\/\/tourtravelandmore.com\/es\/tours\/portugal-es\/lisboa-es\/tour-privado-de-sintra-con-quinta-da-regaleira-y-cascais-desde-lisboa\/#primaryimage"},"image":{"@id":"https:\/\/tourtravelandmore.com\/es\/tours\/portugal-es\/lisboa-es\/tour-privado-de-sintra-con-quinta-da-regaleira-y-cascais-desde-lisboa\/#primaryimage"},"thumbnailUrl":"https:\/\/tourtravelandmore.com\/wp-content\/uploads\/2023\/10\/image1-8.jpg","datePublished":"2023-10-05T14:34:22+00:00","dateModified":"2023-10-05T14:42:56+00:00","description":"Descubra la esencia rom\u00e1ntica de Sintra y el encanto costero de Cascais en una excursi\u00f3n de un d\u00eda con una inmersi\u00f3n profunda en los misterios de Quinta da Regaleira. \u00a1Viva Portugal como nunca antes lo hab\u00eda hecho! \u2705","breadcrumb":{"@id":"https:\/\/tourtravelandmore.com\/es\/tours\/portugal-es\/lisboa-es\/tour-privado-de-sintra-con-quinta-da-regaleira-y-cascais-desde-lisboa\/#breadcrumb"},"inLanguage":"es","potentialAction":[{"@type":"ReadAction","target":["https:\/\/tourtravelandmore.com\/es\/tours\/portugal-es\/lisboa-es\/tour-privado-de-sintra-con-quinta-da-regaleira-y-cascais-desde-lisboa\/"]}]},{"@type":"ImageObject","inLanguage":"es","@id":"https:\/\/tourtravelandmore.com\/es\/tours\/portugal-es\/lisboa-es\/tour-privado-de-sintra-con-quinta-da-regaleira-y-cascais-desde-lisboa\/#primaryimage","url":"https:\/\/tourtravelandmore.com\/wp-content\/uploads\/2023\/10\/image1-8.jpg","contentUrl":"https:\/\/tourtravelandmore.com\/wp-content\/uploads\/2023\/10\/image1-8.jpg","width":900,"height":750},{"@type":"BreadcrumbList","@id":"https:\/\/tourtravelandmore.com\/es\/tours\/portugal-es\/lisboa-es\/tour-privado-de-sintra-con-quinta-da-regaleira-y-cascais-desde-lisboa\/#breadcrumb","itemListElement":[{"@type":"ListItem","position":1,"name":"Home","item":"https:\/\/tourtravelandmore.com\/es\/"},{"@type":"ListItem","position":2,"name":"Tours","item":"https:\/\/tourtravelandmore.com\/es\/tours\/"},{"@type":"ListItem","position":3,"name":"Tour privado de Sintra con Quinta da Regaleira y Cascais desde Lisboa"}]},{"@type":"WebSite","@id":"https:\/\/tourtravelandmore.com\/es\/#website","url":"https:\/\/tourtravelandmore.com\/es\/","name":"Tour Travel And More","description":"Private sightseeing tours and luxury transfers in Spain","publisher":{"@id":"https:\/\/tourtravelandmore.com\/es\/#organization"},"potentialAction":[{"@type":"SearchAction","target":{"@type":"EntryPoint","urlTemplate":"https:\/\/tourtravelandmore.com\/es\/?s={search_term_string}"},"query-input":{"@type":"PropertyValueSpecification","valueRequired":true,"valueName":"search_term_string"}}],"inLanguage":"es"},{"@type":"Organization","@id":"https:\/\/tourtravelandmore.com\/es\/#organization","name":"Tour Travel And More","url":"https:\/\/tourtravelandmore.com\/es\/","logo":{"@type":"ImageObject","inLanguage":"es","@id":"https:\/\/tourtravelandmore.com\/es\/#\/schema\/logo\/image\/","url":"https:\/\/tourtravelandmore.com\/wp-content\/uploads\/2022\/12\/cropped-logo-cabecera-new.png","contentUrl":"https:\/\/tourtravelandmore.com\/wp-content\/uploads\/2022\/12\/cropped-logo-cabecera-new.png","width":430,"height":61,"caption":"Tour Travel And More"},"image":{"@id":"https:\/\/tourtravelandmore.com\/es\/#\/schema\/logo\/image\/"},"sameAs":["https:\/\/www.facebook.com\/tourtravelandmore\/","https:\/\/x.com\/TourTravel_More"]}]}},"_links":{"self":[{"href":"https:\/\/tourtravelandmore.com\/es\/wp-json\/wp\/v2\/product\/170526","targetHints":{"allow":["GET"]}}],"collection":[{"href":"https:\/\/tourtravelandmore.com\/es\/wp-json\/wp\/v2\/product"}],"about":[{"href":"https:\/\/tourtravelandmore.com\/es\/wp-json\/wp\/v2\/types\/product"}],"replies":[{"embeddable":true,"href":"https:\/\/tourtravelandmore.com\/es\/wp-json\/wp\/v2\/comments?post=170526"}],"wp:featuredmedia":[{"embeddable":true,"href":"https:\/\/tourtravelandmore.com\/es\/wp-json\/wp\/v2\/media\/170542"}],"wp:attachment":[{"href":"https:\/\/tourtravelandmore.com\/es\/wp-json\/wp\/v2\/media?parent=170526"}],"wp:term":[{"taxonomy":"product_brand","embeddable":true,"href":"https:\/\/tourtravelandmore.com\/es\/wp-json\/wp\/v2\/product_brand?post=170526"},{"taxonomy":"product_cat","embeddable":true,"href":"https:\/\/tourtravelandmore.com\/es\/wp-json\/wp\/v2\/product_cat?post=170526"},{"taxonomy":"product_tag","embeddable":true,"href":"https:\/\/tourtravelandmore.com\/es\/wp-json\/wp\/v2\/product_tag?post=170526"}],"curies":[{"name":"wp","href":"https:\/\/api.w.org\/{rel}","templated":true}]}}