{"id":170499,"date":"2023-10-04T16:06:08","date_gmt":"2023-10-04T14:06:15","guid":{"rendered":"https:\/\/tourtravelandmore.com\/?post_type=product&#038;p=170499"},"modified":"2025-01-31T16:01:01","modified_gmt":"2025-01-31T15:01:01","slug":"excursion-privada-al-palacio-de-la-pena-en-sintra-cascais-y-estoril-desde-lisboa","status":"publish","type":"product","link":"https:\/\/tourtravelandmore.com\/es\/tours\/portugal-es\/lisboa-es\/excursion-privada-al-palacio-de-la-pena-en-sintra-cascais-y-estoril-desde-lisboa\/","title":{"rendered":"Excursi\u00f3n privada al Palacio de la Pena en Sintra, Cascais y Estoril desde Lisboa"},"content":{"rendered":"<h2><b>Excursi\u00f3n privada al Palacio de la Pena en Sintra, Cascais y Estoril desde Lisboa Descripci\u00f3n:<\/b><\/h2>\n<p><span style=\"font-weight: 400;\">Emb\u00e1rquese en un viaje cautivador al coraz\u00f3n del rico patrimonio de Portugal con nuestro meticulosamente elaborado &#8220;Tour privado al Palacio de la Pena en Sintra, Cascais y Estoril desde Lisboa&#8221; de Tour Travel and More. Comenzando en la animada Lisboa, viajar\u00e1 en un lujoso autocar, acompa\u00f1ado en todo momento por nuestro experto gu\u00eda. Sea testigo de la fascinante belleza del Palacio de la Pena en Sintra, una v\u00edvida manifestaci\u00f3n del Romanticismo del siglo XIX y Patrimonio de la Humanidad por la UNESCO. M\u00e1s tarde, la excursi\u00f3n pasa elegantemente a las ciudades costeras de Cascais y Estoril, famosas por sus retiros reales y sus playas ba\u00f1adas por el sol. Este completo recorrido de 8 horas promete no s\u00f3lo vistas, sino recuerdos grabados en el tiempo.<\/span><\/p>\n<p><span style=\"font-weight: 400;\">Sum\u00e9rjase en los misterios y maravillas de Portugal mientras esta excursi\u00f3n desvela ante usted capas de historia, arte y naturaleza. Mientras el autocar se desliza suavemente por las pintorescas carreteras, se ver\u00e1 envuelto por paisajes que han inspirado a poetas y artistas durante generaciones. El aroma a pino fresco de los bosques de Sintra se mezcla con el sabor salado del Atl\u00e1ntico, creando un ambiente que es la quintaesencia de lo portugu\u00e9s. En cada esquina descubrir\u00e1 historias de \u00e9pocas pasadas, personajes legendarios y una belleza sin igual. Junto con la experiencia de nuestro gu\u00eda, cada historia contada y cada lugar visitado se convierte en una experiencia \u00edntima, haci\u00e9ndole sentir parte intr\u00ednseca del vibrante tapiz que es Portugal. Con cada hora que pasa, entender\u00e1 por qu\u00e9 el encanto de estos lugares ha perdurado a lo largo de los siglos, atrayendo a viajeros de todas partes.<\/span><\/p>\n<h2><b>Excursi\u00f3n privada al Palacio de la Pena en Sintra, Cascais y Estoril desde Lisboa Destacados:<\/b><\/h2>\n<p><span style=\"font-weight: 400;\">Desde los verdes bosques que envuelven el Palacio de la Pena en Sintra hasta las azules aguas de Cascais y los glamurosos casinos de Estoril, esta excursi\u00f3n resume la belleza polifac\u00e9tica de Portugal. Del\u00e9itese con la maravilla arquitect\u00f3nica del Palacio de la Pena, aprenda de reyes y reinas en Cascais y sum\u00e9rjase en la lujosa vida de Estoril. Cada lugar de este recorrido irradia un encanto \u00fanico, garantizando una experiencia de la diversa pero armoniosa magnificencia portuguesa.<\/span><\/p>\n<h3><span style=\"font-weight: 400;\">Lugares de inter\u00e9s m\u00e1s populares:<\/span><\/h3>\n<ul>\n<li style=\"font-weight: 400;\" aria-level=\"1\"><b>Palacio de la Pena en Sintra: <\/b><span style=\"font-weight: 400;\">Maravilla de la arquitectura rom\u00e1ntica, el Palacio de la Pena est\u00e1 adornado con vibrantes terrazas, almenas decorativas y estatuas mitol\u00f3gicas. Con las verdes colinas de Sintra como tel\u00f3n de fondo, el palacio ofrece vistas panor\u00e1micas que encapsulan el aura m\u00edstica de la ciudad y la historia real de Portugal.<\/span><\/li>\n<li style=\"font-weight: 400;\" aria-level=\"1\"><b>Cascais:<\/b><span style=\"font-weight: 400;\"> Anta\u00f1o un humilde pueblo de pescadores, Cascais se transform\u00f3 en uno de los favoritos de la nobleza europea. Sus encantadoras calles empedradas, su elegante paseo mar\u00edtimo y sus mansiones hist\u00f3ricas narran historias de lujo, arte e historia, convirti\u00e9ndola en una joya costera ineludible.<\/span><\/li>\n<li style=\"font-weight: 400;\" aria-level=\"1\"><b>Estoril:<\/b><span style=\"font-weight: 400;\"> Conocida como la &#8220;Riviera portuguesa&#8221;, Estoril es sin\u00f3nimo de su gran casino, del que se dice que sirvi\u00f3 de inspiraci\u00f3n para el &#8220;Casino Royale&#8221; de Ian Fleming. Pero m\u00e1s all\u00e1 de la ostentaci\u00f3n y el glamour, Estoril ofrece playas v\u00edrgenes, exuberantes jardines y una visi\u00f3n de la lujosa vida del pasado.<\/span><\/li>\n<li style=\"font-weight: 400;\" aria-level=\"1\"><b>Boca do Inferno (Boca del Infierno), cerca de Cascais:<\/b><span style=\"font-weight: 400;\"> La Boca do Inferno, una formaci\u00f3n acantilada \u00fanica junto al mar, es famosa por su dram\u00e1tico nombre y sus vistas a\u00fan m\u00e1s dram\u00e1ticas. A lo largo de los a\u00f1os, el golpeteo del oc\u00e9ano Atl\u00e1ntico sobre las rocas excav\u00f3 una peque\u00f1a cueva, que m\u00e1s tarde se derrumb\u00f3, formando una bah\u00eda y el singular arco. Su feroz belleza y el estruendoso sonido de las olas al chocar contra las cuevas la han convertido en una atracci\u00f3n popular, que ofrece una perspectiva cruda e ind\u00f3mita del poder y la magnificencia de la naturaleza.<\/span><\/li>\n<\/ul>\n<p><span style=\"font-weight: 400;\">Quienes est\u00e9n intrigados por la diversidad de Portugal pueden considerar la posibilidad de explorar otros de sus tesoros.<\/span><a href=\"https:\/\/tourtravelandmore.com\/es\/ciudad\/portugal-es\/lisboa-es\/\"><span style=\"font-weight: 400;\"> Tour Travel and More se enorgullece de ofrecer una amplia gama de excursiones por Lisboa,<\/span><\/a><span style=\"font-weight: 400;\"> cada una de ellas dise\u00f1ada para satisfacer intereses y curiosidades \u00fanicos. Sum\u00e9rjase en la esencia de Portugal visitando nuestro sitio web y seleccionando una de nuestras experiencias meticulosamente elaboradas en Lisboa.<\/span><\/p>\n","protected":false},"excerpt":{"rendered":"<p><span style=\"font-weight: 400;\">Descubra la historia real y el encanto costero de Portugal con nuestro recorrido privado de 8 horas. Atraviese los cautivadores dominios del Palacio de la Pena y explore las joyas costeras de Cascais y Estoril, mientras disfruta de la gu\u00eda experta y la comodidad de un autocar privado. Le espera un d\u00eda de grandeza y elegancia.<\/span><\/p>\n","protected":false},"featured_media":170515,"comment_status":"open","ping_status":"closed","template":"","meta":{"_acf_changed":false},"product_brand":[],"product_cat":[625,628,630],"product_tag":[],"class_list":{"0":"post-170499","1":"product","2":"type-product","3":"status-publish","4":"has-post-thumbnail","6":"product_cat-lisboa-es","7":"product_cat-lisboa-actividades-es","8":"product_cat-lisboa-rutas-turisticas-privadas-es","10":"first","11":"instock","12":"shipping-taxable","13":"purchasable","14":"product-type-simple"},"acf":[],"yoast_head":"<!-- This site is optimized with the Yoast SEO Premium plugin v25.3.1 (Yoast SEO v25.3.1) - https:\/\/yoast.com\/wordpress\/plugins\/seo\/ -->\n<title>\u27a1\ufe0f Tour Privado: Palacio da Pena, Cascais &amp; Estoril desde Lisboa<\/title>\n<meta name=\"description\" content=\"Sum\u00e9rjase en el pasado real y el encanto costero de Portugal con nuestro tour privado de 8 horas. Desde la grandeza del Palacio de Pena hasta el encanto de Cascais, experimente lo mejor de Portugal. \u2705\" \/>\n<meta name=\"robots\" content=\"index, follow, max-snippet:-1, max-image-preview:large, max-video-preview:-1\" \/>\n<link rel=\"canonical\" href=\"https:\/\/tourtravelandmore.com\/es\/tours\/portugal-es\/lisboa-es\/excursion-privada-al-palacio-de-la-pena-en-sintra-cascais-y-estoril-desde-lisboa\/\" \/>\n<meta property=\"og:locale\" content=\"es_ES\" \/>\n<meta property=\"og:type\" content=\"article\" \/>\n<meta property=\"og:title\" content=\"Excursi\u00f3n privada al Palacio de la Pena en Sintra, Cascais y Estoril desde Lisboa\" \/>\n<meta property=\"og:description\" content=\"Sum\u00e9rjase en el pasado real y el encanto costero de Portugal con nuestro tour privado de 8 horas. Desde la grandeza del Palacio de Pena hasta el encanto de Cascais, experimente lo mejor de Portugal. \u2705\" \/>\n<meta property=\"og:url\" content=\"https:\/\/tourtravelandmore.com\/es\/tours\/portugal-es\/lisboa-es\/excursion-privada-al-palacio-de-la-pena-en-sintra-cascais-y-estoril-desde-lisboa\/\" \/>\n<meta property=\"og:site_name\" content=\"Tour Travel And More\" \/>\n<meta property=\"article:publisher\" content=\"https:\/\/www.facebook.com\/tourtravelandmore\/\" \/>\n<meta property=\"article:modified_time\" content=\"2025-01-31T15:01:01+00:00\" \/>\n<meta property=\"og:image\" content=\"https:\/\/tourtravelandmore.com\/wp-content\/uploads\/2023\/10\/image1-7.jpg\" \/>\n\t<meta property=\"og:image:width\" content=\"900\" \/>\n\t<meta property=\"og:image:height\" content=\"750\" \/>\n\t<meta property=\"og:image:type\" content=\"image\/jpeg\" \/>\n<meta name=\"twitter:card\" content=\"summary_large_image\" \/>\n<meta name=\"twitter:site\" content=\"@TourTravel_More\" \/>\n<meta name=\"twitter:label1\" content=\"Tiempo de lectura\" \/>\n\t<meta name=\"twitter:data1\" content=\"4 minutos\" \/>\n<script type=\"application\/ld+json\" class=\"yoast-schema-graph\">{\"@context\":\"https:\/\/schema.org\",\"@graph\":[{\"@type\":\"WebPage\",\"@id\":\"https:\/\/tourtravelandmore.com\/es\/tours\/portugal-es\/lisboa-es\/excursion-privada-al-palacio-de-la-pena-en-sintra-cascais-y-estoril-desde-lisboa\/\",\"url\":\"https:\/\/tourtravelandmore.com\/es\/tours\/portugal-es\/lisboa-es\/excursion-privada-al-palacio-de-la-pena-en-sintra-cascais-y-estoril-desde-lisboa\/\",\"name\":\"\u27a1\ufe0f Tour Privado: Palacio da Pena, Cascais & Estoril desde Lisboa\",\"isPartOf\":{\"@id\":\"https:\/\/tourtravelandmore.com\/es\/#website\"},\"primaryImageOfPage\":{\"@id\":\"https:\/\/tourtravelandmore.com\/es\/tours\/portugal-es\/lisboa-es\/excursion-privada-al-palacio-de-la-pena-en-sintra-cascais-y-estoril-desde-lisboa\/#primaryimage\"},\"image\":{\"@id\":\"https:\/\/tourtravelandmore.com\/es\/tours\/portugal-es\/lisboa-es\/excursion-privada-al-palacio-de-la-pena-en-sintra-cascais-y-estoril-desde-lisboa\/#primaryimage\"},\"thumbnailUrl\":\"https:\/\/tourtravelandmore.com\/wp-content\/uploads\/2023\/10\/image1-7.jpg\",\"datePublished\":\"2023-10-04T14:06:15+00:00\",\"dateModified\":\"2025-01-31T15:01:01+00:00\",\"description\":\"Sum\u00e9rjase en el pasado real y el encanto costero de Portugal con nuestro tour privado de 8 horas. Desde la grandeza del Palacio de Pena hasta el encanto de Cascais, experimente lo mejor de Portugal. \u2705\",\"breadcrumb\":{\"@id\":\"https:\/\/tourtravelandmore.com\/es\/tours\/portugal-es\/lisboa-es\/excursion-privada-al-palacio-de-la-pena-en-sintra-cascais-y-estoril-desde-lisboa\/#breadcrumb\"},\"inLanguage\":\"es\",\"potentialAction\":[{\"@type\":\"ReadAction\",\"target\":[\"https:\/\/tourtravelandmore.com\/es\/tours\/portugal-es\/lisboa-es\/excursion-privada-al-palacio-de-la-pena-en-sintra-cascais-y-estoril-desde-lisboa\/\"]}]},{\"@type\":\"ImageObject\",\"inLanguage\":\"es\",\"@id\":\"https:\/\/tourtravelandmore.com\/es\/tours\/portugal-es\/lisboa-es\/excursion-privada-al-palacio-de-la-pena-en-sintra-cascais-y-estoril-desde-lisboa\/#primaryimage\",\"url\":\"https:\/\/tourtravelandmore.com\/wp-content\/uploads\/2023\/10\/image1-7.jpg\",\"contentUrl\":\"https:\/\/tourtravelandmore.com\/wp-content\/uploads\/2023\/10\/image1-7.jpg\",\"width\":900,\"height\":750},{\"@type\":\"BreadcrumbList\",\"@id\":\"https:\/\/tourtravelandmore.com\/es\/tours\/portugal-es\/lisboa-es\/excursion-privada-al-palacio-de-la-pena-en-sintra-cascais-y-estoril-desde-lisboa\/#breadcrumb\",\"itemListElement\":[{\"@type\":\"ListItem\",\"position\":1,\"name\":\"Home\",\"item\":\"https:\/\/tourtravelandmore.com\/es\/\"},{\"@type\":\"ListItem\",\"position\":2,\"name\":\"Tours\",\"item\":\"https:\/\/tourtravelandmore.com\/es\/tours\/\"},{\"@type\":\"ListItem\",\"position\":3,\"name\":\"Excursi\u00f3n privada al Palacio de la Pena en Sintra, Cascais y Estoril desde Lisboa\"}]},{\"@type\":\"WebSite\",\"@id\":\"https:\/\/tourtravelandmore.com\/es\/#website\",\"url\":\"https:\/\/tourtravelandmore.com\/es\/\",\"name\":\"Tour Travel And More\",\"description\":\"Private sightseeing tours and luxury transfers in Spain\",\"publisher\":{\"@id\":\"https:\/\/tourtravelandmore.com\/es\/#organization\"},\"potentialAction\":[{\"@type\":\"SearchAction\",\"target\":{\"@type\":\"EntryPoint\",\"urlTemplate\":\"https:\/\/tourtravelandmore.com\/es\/?s={search_term_string}\"},\"query-input\":{\"@type\":\"PropertyValueSpecification\",\"valueRequired\":true,\"valueName\":\"search_term_string\"}}],\"inLanguage\":\"es\"},{\"@type\":\"Organization\",\"@id\":\"https:\/\/tourtravelandmore.com\/es\/#organization\",\"name\":\"Tour Travel And More\",\"url\":\"https:\/\/tourtravelandmore.com\/es\/\",\"logo\":{\"@type\":\"ImageObject\",\"inLanguage\":\"es\",\"@id\":\"https:\/\/tourtravelandmore.com\/es\/#\/schema\/logo\/image\/\",\"url\":\"https:\/\/tourtravelandmore.com\/wp-content\/uploads\/2022\/12\/cropped-logo-cabecera-new.png\",\"contentUrl\":\"https:\/\/tourtravelandmore.com\/wp-content\/uploads\/2022\/12\/cropped-logo-cabecera-new.png\",\"width\":430,\"height\":61,\"caption\":\"Tour Travel And More\"},\"image\":{\"@id\":\"https:\/\/tourtravelandmore.com\/es\/#\/schema\/logo\/image\/\"},\"sameAs\":[\"https:\/\/www.facebook.com\/tourtravelandmore\/\",\"https:\/\/x.com\/TourTravel_More\"]}]}<\/script>\n<!-- \/ Yoast SEO Premium plugin. -->","yoast_head_json":{"title":"\u27a1\ufe0f Tour Privado: Palacio da Pena, Cascais & Estoril desde Lisboa","description":"Sum\u00e9rjase en el pasado real y el encanto costero de Portugal con nuestro tour privado de 8 horas. Desde la grandeza del Palacio de Pena hasta el encanto de Cascais, experimente lo mejor de Portugal. \u2705","robots":{"index":"index","follow":"follow","max-snippet":"max-snippet:-1","max-image-preview":"max-image-preview:large","max-video-preview":"max-video-preview:-1"},"canonical":"https:\/\/tourtravelandmore.com\/es\/tours\/portugal-es\/lisboa-es\/excursion-privada-al-palacio-de-la-pena-en-sintra-cascais-y-estoril-desde-lisboa\/","og_locale":"es_ES","og_type":"article","og_title":"Excursi\u00f3n privada al Palacio de la Pena en Sintra, Cascais y Estoril desde Lisboa","og_description":"Sum\u00e9rjase en el pasado real y el encanto costero de Portugal con nuestro tour privado de 8 horas. Desde la grandeza del Palacio de Pena hasta el encanto de Cascais, experimente lo mejor de Portugal. \u2705","og_url":"https:\/\/tourtravelandmore.com\/es\/tours\/portugal-es\/lisboa-es\/excursion-privada-al-palacio-de-la-pena-en-sintra-cascais-y-estoril-desde-lisboa\/","og_site_name":"Tour Travel And More","article_publisher":"https:\/\/www.facebook.com\/tourtravelandmore\/","article_modified_time":"2025-01-31T15:01:01+00:00","og_image":[{"width":900,"height":750,"url":"https:\/\/tourtravelandmore.com\/wp-content\/uploads\/2023\/10\/image1-7.jpg","type":"image\/jpeg"}],"twitter_card":"summary_large_image","twitter_site":"@TourTravel_More","twitter_misc":{"Tiempo de lectura":"4 minutos"},"schema":{"@context":"https:\/\/schema.org","@graph":[{"@type":"WebPage","@id":"https:\/\/tourtravelandmore.com\/es\/tours\/portugal-es\/lisboa-es\/excursion-privada-al-palacio-de-la-pena-en-sintra-cascais-y-estoril-desde-lisboa\/","url":"https:\/\/tourtravelandmore.com\/es\/tours\/portugal-es\/lisboa-es\/excursion-privada-al-palacio-de-la-pena-en-sintra-cascais-y-estoril-desde-lisboa\/","name":"\u27a1\ufe0f Tour Privado: Palacio da Pena, Cascais & Estoril desde Lisboa","isPartOf":{"@id":"https:\/\/tourtravelandmore.com\/es\/#website"},"primaryImageOfPage":{"@id":"https:\/\/tourtravelandmore.com\/es\/tours\/portugal-es\/lisboa-es\/excursion-privada-al-palacio-de-la-pena-en-sintra-cascais-y-estoril-desde-lisboa\/#primaryimage"},"image":{"@id":"https:\/\/tourtravelandmore.com\/es\/tours\/portugal-es\/lisboa-es\/excursion-privada-al-palacio-de-la-pena-en-sintra-cascais-y-estoril-desde-lisboa\/#primaryimage"},"thumbnailUrl":"https:\/\/tourtravelandmore.com\/wp-content\/uploads\/2023\/10\/image1-7.jpg","datePublished":"2023-10-04T14:06:15+00:00","dateModified":"2025-01-31T15:01:01+00:00","description":"Sum\u00e9rjase en el pasado real y el encanto costero de Portugal con nuestro tour privado de 8 horas. Desde la grandeza del Palacio de Pena hasta el encanto de Cascais, experimente lo mejor de Portugal. \u2705","breadcrumb":{"@id":"https:\/\/tourtravelandmore.com\/es\/tours\/portugal-es\/lisboa-es\/excursion-privada-al-palacio-de-la-pena-en-sintra-cascais-y-estoril-desde-lisboa\/#breadcrumb"},"inLanguage":"es","potentialAction":[{"@type":"ReadAction","target":["https:\/\/tourtravelandmore.com\/es\/tours\/portugal-es\/lisboa-es\/excursion-privada-al-palacio-de-la-pena-en-sintra-cascais-y-estoril-desde-lisboa\/"]}]},{"@type":"ImageObject","inLanguage":"es","@id":"https:\/\/tourtravelandmore.com\/es\/tours\/portugal-es\/lisboa-es\/excursion-privada-al-palacio-de-la-pena-en-sintra-cascais-y-estoril-desde-lisboa\/#primaryimage","url":"https:\/\/tourtravelandmore.com\/wp-content\/uploads\/2023\/10\/image1-7.jpg","contentUrl":"https:\/\/tourtravelandmore.com\/wp-content\/uploads\/2023\/10\/image1-7.jpg","width":900,"height":750},{"@type":"BreadcrumbList","@id":"https:\/\/tourtravelandmore.com\/es\/tours\/portugal-es\/lisboa-es\/excursion-privada-al-palacio-de-la-pena-en-sintra-cascais-y-estoril-desde-lisboa\/#breadcrumb","itemListElement":[{"@type":"ListItem","position":1,"name":"Home","item":"https:\/\/tourtravelandmore.com\/es\/"},{"@type":"ListItem","position":2,"name":"Tours","item":"https:\/\/tourtravelandmore.com\/es\/tours\/"},{"@type":"ListItem","position":3,"name":"Excursi\u00f3n privada al Palacio de la Pena en Sintra, Cascais y Estoril desde Lisboa"}]},{"@type":"WebSite","@id":"https:\/\/tourtravelandmore.com\/es\/#website","url":"https:\/\/tourtravelandmore.com\/es\/","name":"Tour Travel And More","description":"Private sightseeing tours and luxury transfers in Spain","publisher":{"@id":"https:\/\/tourtravelandmore.com\/es\/#organization"},"potentialAction":[{"@type":"SearchAction","target":{"@type":"EntryPoint","urlTemplate":"https:\/\/tourtravelandmore.com\/es\/?s={search_term_string}"},"query-input":{"@type":"PropertyValueSpecification","valueRequired":true,"valueName":"search_term_string"}}],"inLanguage":"es"},{"@type":"Organization","@id":"https:\/\/tourtravelandmore.com\/es\/#organization","name":"Tour Travel And More","url":"https:\/\/tourtravelandmore.com\/es\/","logo":{"@type":"ImageObject","inLanguage":"es","@id":"https:\/\/tourtravelandmore.com\/es\/#\/schema\/logo\/image\/","url":"https:\/\/tourtravelandmore.com\/wp-content\/uploads\/2022\/12\/cropped-logo-cabecera-new.png","contentUrl":"https:\/\/tourtravelandmore.com\/wp-content\/uploads\/2022\/12\/cropped-logo-cabecera-new.png","width":430,"height":61,"caption":"Tour Travel And More"},"image":{"@id":"https:\/\/tourtravelandmore.com\/es\/#\/schema\/logo\/image\/"},"sameAs":["https:\/\/www.facebook.com\/tourtravelandmore\/","https:\/\/x.com\/TourTravel_More"]}]}},"_links":{"self":[{"href":"https:\/\/tourtravelandmore.com\/es\/wp-json\/wp\/v2\/product\/170499","targetHints":{"allow":["GET"]}}],"collection":[{"href":"https:\/\/tourtravelandmore.com\/es\/wp-json\/wp\/v2\/product"}],"about":[{"href":"https:\/\/tourtravelandmore.com\/es\/wp-json\/wp\/v2\/types\/product"}],"replies":[{"embeddable":true,"href":"https:\/\/tourtravelandmore.com\/es\/wp-json\/wp\/v2\/comments?post=170499"}],"wp:featuredmedia":[{"embeddable":true,"href":"https:\/\/tourtravelandmore.com\/es\/wp-json\/wp\/v2\/media\/170515"}],"wp:attachment":[{"href":"https:\/\/tourtravelandmore.com\/es\/wp-json\/wp\/v2\/media?parent=170499"}],"wp:term":[{"taxonomy":"product_brand","embeddable":true,"href":"https:\/\/tourtravelandmore.com\/es\/wp-json\/wp\/v2\/product_brand?post=170499"},{"taxonomy":"product_cat","embeddable":true,"href":"https:\/\/tourtravelandmore.com\/es\/wp-json\/wp\/v2\/product_cat?post=170499"},{"taxonomy":"product_tag","embeddable":true,"href":"https:\/\/tourtravelandmore.com\/es\/wp-json\/wp\/v2\/product_tag?post=170499"}],"curies":[{"name":"wp","href":"https:\/\/api.w.org\/{rel}","templated":true}]}}