{"id":170437,"date":"2023-10-03T15:30:23","date_gmt":"2023-10-03T13:30:30","guid":{"rendered":"https:\/\/tourtravelandmore.com\/?post_type=product&#038;p=170437"},"modified":"2023-10-03T15:38:55","modified_gmt":"2023-10-03T13:38:55","slug":"excursion-privada-al-algarve-desde-lisboa","status":"publish","type":"product","link":"https:\/\/tourtravelandmore.com\/es\/tours\/portugal-es\/lisboa-es\/excursion-privada-al-algarve-desde-lisboa\/","title":{"rendered":"Excursi\u00f3n privada al Algarve desde Lisboa"},"content":{"rendered":"<h2><b>Tour privado al Algarve desde Lisboa Descripci\u00f3n:<\/b><\/h2>\n<p><span style=\"font-weight: 400;\">Sum\u00e9rjase en la impresionante belleza y la rica cultura del Algarve, la regi\u00f3n m\u00e1s meridional de Portugal, en esta excursi\u00f3n privada de 12 horas desde Lisboa, meticulosamente dise\u00f1ada por Tour Travel and More. Desde el momento en que salga de la capital, d\u00e9jese envolver por la comodidad mientras recorre el pintoresco paisaje portugu\u00e9s en nuestro veh\u00edculo de lujo. A su llegada al Algarve, nuestro gu\u00eda erudito, conocedor de las historias y tradiciones de la regi\u00f3n, le acompa\u00f1ar\u00e1 en una exploraci\u00f3n de 4 horas. Descubra una tierra en la que los acantilados dorados se besan con el mar azul, las ciudades antiguas resuenan con historia y el aroma de la cocina tradicional le atrae. Cuando el sol se oculte en el horizonte, desp\u00eddase de un d\u00eda repleto de placeres visuales e intelectuales y ll\u00e9vese el recuerdo de una tierra donde la naturaleza y la cultura se entrelazan sin esfuerzo.<\/span><\/p>\n<p><span style=\"font-weight: 400;\">Continuando su viaje por el Algarve, prep\u00e1rese para dejarse cautivar por la armoniosa mezcla de influencias moriscas y europeas que se manifiestan v\u00edvidamente en la arquitectura, la m\u00fasica y el arte de la regi\u00f3n. Cada parada revela una nueva faceta del polifac\u00e9tico encanto del Algarve, desde sus bulliciosos mercados de pescado, llenos de la pesca fresca del d\u00eda, hasta los serenos patios donde el tiempo parece haberse detenido. Sea testigo del trabajo de los artesanos locales, moldeando arcilla y tejiendo telas, preservando tradiciones transmitidas de generaci\u00f3n en generaci\u00f3n. Mientras serpentea entre olivares y encantadoras villas encaladas, la esencia del Algarve -su belleza conmovedora y sus tradiciones intemporales- dejar\u00e1 una huella indeleble en su coraz\u00f3n.<\/span><\/p>\n<h2><b>Excursi\u00f3n privada al Algarve desde Lisboa Destacados:<\/b><\/h2>\n<p><span style=\"font-weight: 400;\">El Algarve no es s\u00f3lo un destino; es un tapiz de experiencias, esperando a ser desentra\u00f1ado. Desde sus emblem\u00e1ticas cuevas y grutas de piedra caliza en Ponta da Piedade hasta la arquitectura hist\u00f3rica de Silves, cada rinc\u00f3n del Algarve ofrece una historia \u00fanica. Pasee por las interminables extensiones de playas de arena como Praia da Marinha, clasificada entre las mejores del mundo. Del\u00e9itese con las villas encaladas de Albufeira y disfrute del animado ambiente de su casco antiguo.<\/span><\/p>\n<h3><span style=\"font-weight: 400;\">Lugares de inter\u00e9s<\/span><\/h3>\n<ul>\n<li style=\"font-weight: 400;\" aria-level=\"1\"><b>Ponta da Piedade:<\/b><span style=\"font-weight: 400;\"> Una obra maestra de la naturaleza, Ponta da Piedade ofrece un laberinto de acantilados y cuevas marinas. Aqu\u00ed, el sol y el mar pintan juguetonamente un lienzo de colores, ofreciendo a los visitantes unas vistas que quitan el aliento.<\/span><\/li>\n<li style=\"font-weight: 400;\" aria-level=\"1\"><b>Silves:<\/b><span style=\"font-weight: 400;\"> Anta\u00f1o capital \u00e1rabe del Algarve, Silves cuenta con un impresionante castillo y una catedral. Sus calles empedradas susurran historias de su pasado \u00e1rabe, convirti\u00e9ndola en un tesoro hist\u00f3rico.<\/span><\/li>\n<li style=\"font-weight: 400;\" aria-level=\"1\"><b>Praia da Marinha:<\/b><span style=\"font-weight: 400;\"> Aclamada por su extraordinaria belleza natural, esta playa es un trozo de para\u00edso con sus arenas doradas y aguas azules, enmarcadas por intrigantes formaciones rocosas.<\/span><\/li>\n<li style=\"font-weight: 400;\" aria-level=\"1\"><b>Casco antiguo de Albufeira:<\/b><span style=\"font-weight: 400;\"> Sum\u00e9rjase en la cultura algarv\u00eda en el casco antiguo de Albufeira. Con sus pintorescas calles, animadas plazas y una pl\u00e9tora de restaurantes, ofrece una muestra genuina del vibrante esp\u00edritu del Algarve.<\/span><\/li>\n<li style=\"font-weight: 400;\" aria-level=\"1\"><b>Tavira:<\/b><span style=\"font-weight: 400;\"> A menudo conocida como la &#8220;Venecia del Algarve&#8221;, Tavira es una pintoresca ciudad con sus antiguos puentes, su castillo \u00e1rabe y sus casas tradicionales. Mientras pasea, sentir\u00e1 la esencia de un Algarve pasado, con sus encantadoras iglesias y tranquilos jardines.<\/span><\/li>\n<li style=\"font-weight: 400;\" aria-level=\"1\"><b>Casco antiguo de Faro<\/b><span style=\"font-weight: 400;\">: encerrado entre antiguas murallas defensivas, el casco antiguo de Faro es una joya de importancia hist\u00f3rica y arquitect\u00f3nica. Con su catedral g\u00f3tica, la puerta del Arco da Vila y sus calles adoquinadas adornadas con azulejos, ofrece un delicioso viaje a trav\u00e9s de la historia y la cultura.<\/span><\/li>\n<\/ul>\n<p>&nbsp;<\/p>\n<p><span style=\"font-weight: 400;\">Si le atrae el encanto de Lisboa, explore nuestra variada gama de circuitos que muestran el polifac\u00e9tico encanto de la capital. <\/span><a href=\"https:\/\/tourtravelandmore.com\/es\/ciudad\/portugal-es\/lisboa-es\/\"><span style=\"font-weight: 400;\">Tour Travel and More le invita a descubrir las joyas ocultas y los famosos monumentos de Lisboa.<\/span><\/a><span style=\"font-weight: 400;\"> Sum\u00e9rjase en su rica historia y su vibrante cultura con nuestras visitas privadas organizadas por expertos. Visite nuestro sitio web Tour Travel and More para m\u00e1s detalles.<\/span><\/p>\n","protected":false},"excerpt":{"rendered":"<p><span style=\"font-weight: 400;\">Emb\u00e1rquese en un cautivador viaje desde Lisboa hasta el Algarve, donde le espera la fascinante belleza de sus playas doradas, ciudades antiguas y maravillas naturales. Dirigido por gu\u00edas expertos, este recorrido de 12 horas ofrece una visi\u00f3n \u00edntima del alma del sur de Portugal.<\/span><\/p>\n","protected":false},"featured_media":170453,"comment_status":"open","ping_status":"closed","template":"","meta":{"_acf_changed":false},"product_brand":[],"product_cat":[625,628,630,629],"product_tag":[],"class_list":{"0":"post-170437","1":"product","2":"type-product","3":"status-publish","4":"has-post-thumbnail","6":"product_cat-lisboa-es","7":"product_cat-lisboa-actividades-es","8":"product_cat-lisboa-rutas-turisticas-privadas-es","9":"product_cat-lisboa-excursiones-es","11":"first","12":"instock","13":"shipping-taxable","14":"purchasable","15":"product-type-simple"},"acf":[],"yoast_head":"<!-- This site is optimized with the Yoast SEO Premium plugin v25.3.1 (Yoast SEO v25.3.1) - https:\/\/yoast.com\/wordpress\/plugins\/seo\/ -->\n<title>\u27a1\ufe0f Tour Privado del Algarve desde Lisboa | Tour Travel and More<\/title>\n<meta name=\"description\" content=\"Sum\u00e9rjase en la belleza natural, la historia y la cultura del Algarve en un tour privado de 12 horas desde Lisboa. Disfrute de lo mejor del sur de Portugal con Tour Travel and more.\" \/>\n<meta name=\"robots\" content=\"index, follow, max-snippet:-1, max-image-preview:large, max-video-preview:-1\" \/>\n<link rel=\"canonical\" href=\"https:\/\/tourtravelandmore.com\/es\/tours\/portugal-es\/lisboa-es\/excursion-privada-al-algarve-desde-lisboa\/\" \/>\n<meta property=\"og:locale\" content=\"es_ES\" \/>\n<meta property=\"og:type\" content=\"article\" \/>\n<meta property=\"og:title\" content=\"Excursi\u00f3n privada al Algarve desde Lisboa\" \/>\n<meta property=\"og:description\" content=\"Sum\u00e9rjase en la belleza natural, la historia y la cultura del Algarve en un tour privado de 12 horas desde Lisboa. Disfrute de lo mejor del sur de Portugal con Tour Travel and more.\" \/>\n<meta property=\"og:url\" content=\"https:\/\/tourtravelandmore.com\/es\/tours\/portugal-es\/lisboa-es\/excursion-privada-al-algarve-desde-lisboa\/\" \/>\n<meta property=\"og:site_name\" content=\"Tour Travel And More\" \/>\n<meta property=\"article:publisher\" content=\"https:\/\/www.facebook.com\/tourtravelandmore\/\" \/>\n<meta property=\"article:modified_time\" content=\"2023-10-03T13:38:55+00:00\" \/>\n<meta property=\"og:image\" content=\"https:\/\/tourtravelandmore.com\/wp-content\/uploads\/2023\/10\/image1-6.jpg\" \/>\n\t<meta property=\"og:image:width\" content=\"900\" \/>\n\t<meta property=\"og:image:height\" content=\"750\" \/>\n\t<meta property=\"og:image:type\" content=\"image\/jpeg\" \/>\n<meta name=\"twitter:card\" content=\"summary_large_image\" \/>\n<meta name=\"twitter:site\" content=\"@TourTravel_More\" \/>\n<meta name=\"twitter:label1\" content=\"Tiempo de lectura\" \/>\n\t<meta name=\"twitter:data1\" content=\"3 minutos\" \/>\n<script type=\"application\/ld+json\" class=\"yoast-schema-graph\">{\"@context\":\"https:\/\/schema.org\",\"@graph\":[{\"@type\":\"WebPage\",\"@id\":\"https:\/\/tourtravelandmore.com\/es\/tours\/portugal-es\/lisboa-es\/excursion-privada-al-algarve-desde-lisboa\/\",\"url\":\"https:\/\/tourtravelandmore.com\/es\/tours\/portugal-es\/lisboa-es\/excursion-privada-al-algarve-desde-lisboa\/\",\"name\":\"\u27a1\ufe0f Tour Privado del Algarve desde Lisboa | Tour Travel and More\",\"isPartOf\":{\"@id\":\"https:\/\/tourtravelandmore.com\/es\/#website\"},\"primaryImageOfPage\":{\"@id\":\"https:\/\/tourtravelandmore.com\/es\/tours\/portugal-es\/lisboa-es\/excursion-privada-al-algarve-desde-lisboa\/#primaryimage\"},\"image\":{\"@id\":\"https:\/\/tourtravelandmore.com\/es\/tours\/portugal-es\/lisboa-es\/excursion-privada-al-algarve-desde-lisboa\/#primaryimage\"},\"thumbnailUrl\":\"https:\/\/tourtravelandmore.com\/wp-content\/uploads\/2023\/10\/image1-6.jpg\",\"datePublished\":\"2023-10-03T13:30:30+00:00\",\"dateModified\":\"2023-10-03T13:38:55+00:00\",\"description\":\"Sum\u00e9rjase en la belleza natural, la historia y la cultura del Algarve en un tour privado de 12 horas desde Lisboa. Disfrute de lo mejor del sur de Portugal con Tour Travel and more.\",\"breadcrumb\":{\"@id\":\"https:\/\/tourtravelandmore.com\/es\/tours\/portugal-es\/lisboa-es\/excursion-privada-al-algarve-desde-lisboa\/#breadcrumb\"},\"inLanguage\":\"es\",\"potentialAction\":[{\"@type\":\"ReadAction\",\"target\":[\"https:\/\/tourtravelandmore.com\/es\/tours\/portugal-es\/lisboa-es\/excursion-privada-al-algarve-desde-lisboa\/\"]}]},{\"@type\":\"ImageObject\",\"inLanguage\":\"es\",\"@id\":\"https:\/\/tourtravelandmore.com\/es\/tours\/portugal-es\/lisboa-es\/excursion-privada-al-algarve-desde-lisboa\/#primaryimage\",\"url\":\"https:\/\/tourtravelandmore.com\/wp-content\/uploads\/2023\/10\/image1-6.jpg\",\"contentUrl\":\"https:\/\/tourtravelandmore.com\/wp-content\/uploads\/2023\/10\/image1-6.jpg\",\"width\":900,\"height\":750},{\"@type\":\"BreadcrumbList\",\"@id\":\"https:\/\/tourtravelandmore.com\/es\/tours\/portugal-es\/lisboa-es\/excursion-privada-al-algarve-desde-lisboa\/#breadcrumb\",\"itemListElement\":[{\"@type\":\"ListItem\",\"position\":1,\"name\":\"Home\",\"item\":\"https:\/\/tourtravelandmore.com\/es\/\"},{\"@type\":\"ListItem\",\"position\":2,\"name\":\"Tours\",\"item\":\"https:\/\/tourtravelandmore.com\/es\/tours\/\"},{\"@type\":\"ListItem\",\"position\":3,\"name\":\"Excursi\u00f3n privada al Algarve desde Lisboa\"}]},{\"@type\":\"WebSite\",\"@id\":\"https:\/\/tourtravelandmore.com\/es\/#website\",\"url\":\"https:\/\/tourtravelandmore.com\/es\/\",\"name\":\"Tour Travel And More\",\"description\":\"Private sightseeing tours and luxury transfers in Spain\",\"publisher\":{\"@id\":\"https:\/\/tourtravelandmore.com\/es\/#organization\"},\"potentialAction\":[{\"@type\":\"SearchAction\",\"target\":{\"@type\":\"EntryPoint\",\"urlTemplate\":\"https:\/\/tourtravelandmore.com\/es\/?s={search_term_string}\"},\"query-input\":{\"@type\":\"PropertyValueSpecification\",\"valueRequired\":true,\"valueName\":\"search_term_string\"}}],\"inLanguage\":\"es\"},{\"@type\":\"Organization\",\"@id\":\"https:\/\/tourtravelandmore.com\/es\/#organization\",\"name\":\"Tour Travel And More\",\"url\":\"https:\/\/tourtravelandmore.com\/es\/\",\"logo\":{\"@type\":\"ImageObject\",\"inLanguage\":\"es\",\"@id\":\"https:\/\/tourtravelandmore.com\/es\/#\/schema\/logo\/image\/\",\"url\":\"https:\/\/tourtravelandmore.com\/wp-content\/uploads\/2022\/12\/cropped-logo-cabecera-new.png\",\"contentUrl\":\"https:\/\/tourtravelandmore.com\/wp-content\/uploads\/2022\/12\/cropped-logo-cabecera-new.png\",\"width\":430,\"height\":61,\"caption\":\"Tour Travel And More\"},\"image\":{\"@id\":\"https:\/\/tourtravelandmore.com\/es\/#\/schema\/logo\/image\/\"},\"sameAs\":[\"https:\/\/www.facebook.com\/tourtravelandmore\/\",\"https:\/\/x.com\/TourTravel_More\"]}]}<\/script>\n<!-- \/ Yoast SEO Premium plugin. -->","yoast_head_json":{"title":"\u27a1\ufe0f Tour Privado del Algarve desde Lisboa | Tour Travel and More","description":"Sum\u00e9rjase en la belleza natural, la historia y la cultura del Algarve en un tour privado de 12 horas desde Lisboa. Disfrute de lo mejor del sur de Portugal con Tour Travel and more.","robots":{"index":"index","follow":"follow","max-snippet":"max-snippet:-1","max-image-preview":"max-image-preview:large","max-video-preview":"max-video-preview:-1"},"canonical":"https:\/\/tourtravelandmore.com\/es\/tours\/portugal-es\/lisboa-es\/excursion-privada-al-algarve-desde-lisboa\/","og_locale":"es_ES","og_type":"article","og_title":"Excursi\u00f3n privada al Algarve desde Lisboa","og_description":"Sum\u00e9rjase en la belleza natural, la historia y la cultura del Algarve en un tour privado de 12 horas desde Lisboa. Disfrute de lo mejor del sur de Portugal con Tour Travel and more.","og_url":"https:\/\/tourtravelandmore.com\/es\/tours\/portugal-es\/lisboa-es\/excursion-privada-al-algarve-desde-lisboa\/","og_site_name":"Tour Travel And More","article_publisher":"https:\/\/www.facebook.com\/tourtravelandmore\/","article_modified_time":"2023-10-03T13:38:55+00:00","og_image":[{"width":900,"height":750,"url":"https:\/\/tourtravelandmore.com\/wp-content\/uploads\/2023\/10\/image1-6.jpg","type":"image\/jpeg"}],"twitter_card":"summary_large_image","twitter_site":"@TourTravel_More","twitter_misc":{"Tiempo de lectura":"3 minutos"},"schema":{"@context":"https:\/\/schema.org","@graph":[{"@type":"WebPage","@id":"https:\/\/tourtravelandmore.com\/es\/tours\/portugal-es\/lisboa-es\/excursion-privada-al-algarve-desde-lisboa\/","url":"https:\/\/tourtravelandmore.com\/es\/tours\/portugal-es\/lisboa-es\/excursion-privada-al-algarve-desde-lisboa\/","name":"\u27a1\ufe0f Tour Privado del Algarve desde Lisboa | Tour Travel and More","isPartOf":{"@id":"https:\/\/tourtravelandmore.com\/es\/#website"},"primaryImageOfPage":{"@id":"https:\/\/tourtravelandmore.com\/es\/tours\/portugal-es\/lisboa-es\/excursion-privada-al-algarve-desde-lisboa\/#primaryimage"},"image":{"@id":"https:\/\/tourtravelandmore.com\/es\/tours\/portugal-es\/lisboa-es\/excursion-privada-al-algarve-desde-lisboa\/#primaryimage"},"thumbnailUrl":"https:\/\/tourtravelandmore.com\/wp-content\/uploads\/2023\/10\/image1-6.jpg","datePublished":"2023-10-03T13:30:30+00:00","dateModified":"2023-10-03T13:38:55+00:00","description":"Sum\u00e9rjase en la belleza natural, la historia y la cultura del Algarve en un tour privado de 12 horas desde Lisboa. Disfrute de lo mejor del sur de Portugal con Tour Travel and more.","breadcrumb":{"@id":"https:\/\/tourtravelandmore.com\/es\/tours\/portugal-es\/lisboa-es\/excursion-privada-al-algarve-desde-lisboa\/#breadcrumb"},"inLanguage":"es","potentialAction":[{"@type":"ReadAction","target":["https:\/\/tourtravelandmore.com\/es\/tours\/portugal-es\/lisboa-es\/excursion-privada-al-algarve-desde-lisboa\/"]}]},{"@type":"ImageObject","inLanguage":"es","@id":"https:\/\/tourtravelandmore.com\/es\/tours\/portugal-es\/lisboa-es\/excursion-privada-al-algarve-desde-lisboa\/#primaryimage","url":"https:\/\/tourtravelandmore.com\/wp-content\/uploads\/2023\/10\/image1-6.jpg","contentUrl":"https:\/\/tourtravelandmore.com\/wp-content\/uploads\/2023\/10\/image1-6.jpg","width":900,"height":750},{"@type":"BreadcrumbList","@id":"https:\/\/tourtravelandmore.com\/es\/tours\/portugal-es\/lisboa-es\/excursion-privada-al-algarve-desde-lisboa\/#breadcrumb","itemListElement":[{"@type":"ListItem","position":1,"name":"Home","item":"https:\/\/tourtravelandmore.com\/es\/"},{"@type":"ListItem","position":2,"name":"Tours","item":"https:\/\/tourtravelandmore.com\/es\/tours\/"},{"@type":"ListItem","position":3,"name":"Excursi\u00f3n privada al Algarve desde Lisboa"}]},{"@type":"WebSite","@id":"https:\/\/tourtravelandmore.com\/es\/#website","url":"https:\/\/tourtravelandmore.com\/es\/","name":"Tour Travel And More","description":"Private sightseeing tours and luxury transfers in Spain","publisher":{"@id":"https:\/\/tourtravelandmore.com\/es\/#organization"},"potentialAction":[{"@type":"SearchAction","target":{"@type":"EntryPoint","urlTemplate":"https:\/\/tourtravelandmore.com\/es\/?s={search_term_string}"},"query-input":{"@type":"PropertyValueSpecification","valueRequired":true,"valueName":"search_term_string"}}],"inLanguage":"es"},{"@type":"Organization","@id":"https:\/\/tourtravelandmore.com\/es\/#organization","name":"Tour Travel And More","url":"https:\/\/tourtravelandmore.com\/es\/","logo":{"@type":"ImageObject","inLanguage":"es","@id":"https:\/\/tourtravelandmore.com\/es\/#\/schema\/logo\/image\/","url":"https:\/\/tourtravelandmore.com\/wp-content\/uploads\/2022\/12\/cropped-logo-cabecera-new.png","contentUrl":"https:\/\/tourtravelandmore.com\/wp-content\/uploads\/2022\/12\/cropped-logo-cabecera-new.png","width":430,"height":61,"caption":"Tour Travel And More"},"image":{"@id":"https:\/\/tourtravelandmore.com\/es\/#\/schema\/logo\/image\/"},"sameAs":["https:\/\/www.facebook.com\/tourtravelandmore\/","https:\/\/x.com\/TourTravel_More"]}]}},"_links":{"self":[{"href":"https:\/\/tourtravelandmore.com\/es\/wp-json\/wp\/v2\/product\/170437","targetHints":{"allow":["GET"]}}],"collection":[{"href":"https:\/\/tourtravelandmore.com\/es\/wp-json\/wp\/v2\/product"}],"about":[{"href":"https:\/\/tourtravelandmore.com\/es\/wp-json\/wp\/v2\/types\/product"}],"replies":[{"embeddable":true,"href":"https:\/\/tourtravelandmore.com\/es\/wp-json\/wp\/v2\/comments?post=170437"}],"wp:featuredmedia":[{"embeddable":true,"href":"https:\/\/tourtravelandmore.com\/es\/wp-json\/wp\/v2\/media\/170453"}],"wp:attachment":[{"href":"https:\/\/tourtravelandmore.com\/es\/wp-json\/wp\/v2\/media?parent=170437"}],"wp:term":[{"taxonomy":"product_brand","embeddable":true,"href":"https:\/\/tourtravelandmore.com\/es\/wp-json\/wp\/v2\/product_brand?post=170437"},{"taxonomy":"product_cat","embeddable":true,"href":"https:\/\/tourtravelandmore.com\/es\/wp-json\/wp\/v2\/product_cat?post=170437"},{"taxonomy":"product_tag","embeddable":true,"href":"https:\/\/tourtravelandmore.com\/es\/wp-json\/wp\/v2\/product_tag?post=170437"}],"curies":[{"name":"wp","href":"https:\/\/api.w.org\/{rel}","templated":true}]}}