{"id":170410,"date":"2023-10-02T10:47:56","date_gmt":"2023-10-02T08:47:58","guid":{"rendered":"https:\/\/tourtravelandmore.com\/?post_type=product&#038;p=170410"},"modified":"2023-10-02T10:59:44","modified_gmt":"2023-10-02T08:59:44","slug":"traslado-a-oporto-con-paradas-en-fatima-y-coimbra","status":"publish","type":"product","link":"https:\/\/tourtravelandmore.com\/es\/tours\/portugal-es\/lisboa-es\/traslado-a-oporto-con-paradas-en-fatima-y-coimbra\/","title":{"rendered":"Traslado a Oporto con paradas en F\u00e1tima y Coimbra"},"content":{"rendered":"<h2><b>Traslado a Oporto con paradas en F\u00e1tima y Coimbra Descripci\u00f3n:<\/b><\/h2>\n<p><span style=\"font-weight: 400;\">Comience un viaje inolvidable con el exclusivo servicio &#8220;Traslado a Oporto con paradas en F\u00e1tima y Coimbra&#8221;, ofrecido por Tour Travel and More. Saliendo de Lisboa en la comodidad de un veh\u00edculo privado de lujo, su primer destino es la serena ciudad de F\u00e1tima, mundialmente conocida por sus apariciones marianas. Con un gu\u00eda especializado, descubrir\u00e1 las historias espirituales y el significado de este lugar de peregrinaci\u00f3n. A continuaci\u00f3n, su viaje le llevar\u00e1 a la ilustre ciudad de Coimbra, donde la historia y el mundo acad\u00e9mico se entrelazan. Disfrute de una visita de dos horas, guiada por un experto, en la que explorar\u00e1 la famosa Universidad de Coimbra y sus magn\u00edficas estructuras. La etapa final de su viaje culmina en la animada ciudad de Oporto. Con una duraci\u00f3n total de 10 horas, esta excursi\u00f3n combina a la perfecci\u00f3n la iluminaci\u00f3n espiritual, la exploraci\u00f3n hist\u00f3rica y los viajes de lujo.<\/span><\/p>\n<p><span style=\"font-weight: 400;\">Tras empaparse del aura acad\u00e9mica de Coimbra, contin\u00fae hacia el norte, sintiendo c\u00f3mo aumenta la expectaci\u00f3n a medida que se acerca el horizonte de Oporto. A medida que se acerque, podr\u00e1 vislumbrar el r\u00edo Duero, que se abre paso entre los paisajes hist\u00f3ricos de la ciudad. Benef\u00edciese de la informaci\u00f3n que le proporcionar\u00e1 su gu\u00eda, cuya experiencia le har\u00e1 revivir las historias y tradiciones de cada parada. Cada momento de este viaje ha sido meticulosamente planificado por Tour Travel and More para garantizar una experiencia realmente envolvente, combinando las maravillas del patrimonio portugu\u00e9s con los lujos modernos que usted espera.<\/span><\/p>\n<h2><b>Traslado a Oporto con paradas en F\u00e1tima y Coimbra:<\/b><\/h2>\n<ul>\n<li style=\"font-weight: 400;\" aria-level=\"1\"><span style=\"font-weight: 400;\">Conozca F\u00e1tima, lugar de peregrinaci\u00f3n mundial, y profundice en sus misterios espirituales.<\/span><\/li>\n<li style=\"font-weight: 400;\" aria-level=\"1\"><span style=\"font-weight: 400;\">Recorra los antiguos pasillos de la Universidad de Coimbra, faro de la excelencia acad\u00e9mica portuguesa.<\/span><\/li>\n<li style=\"font-weight: 400;\" aria-level=\"1\"><span style=\"font-weight: 400;\">Concluya en Oporto, una ciudad en la que confluyen tradici\u00f3n y modernidad, ofreciendo un rico tapiz cultural a todos los que la visitan.<\/span><\/li>\n<\/ul>\n<h2><b>Lugares de inter\u00e9s m\u00e1s populares<\/b><\/h2>\n<ul>\n<li style=\"font-weight: 400;\" aria-level=\"1\"><b>Santuario de F\u00e1tima:<\/b><span style=\"font-weight: 400;\"> Este lugar sagrado de F\u00e1tima es un ep\u00edtome de fe y devoci\u00f3n. Atrae a millones de personas cada a\u00f1o y conmemora las apariciones de la Virgen Mar\u00eda a tres ni\u00f1os pastores en 1917. La amplia plaza, flanqueada por la Bas\u00edlica de Nuestra Se\u00f1ora del Rosario, es un testimonio de la arraigada fe cat\u00f3lica de Portugal.<\/span><\/li>\n<li style=\"font-weight: 400;\" aria-level=\"1\"><b>Universidad de Coimbra:<\/b><span style=\"font-weight: 400;\"> Fundada en 1290, esta prestigiosa instituci\u00f3n representa con orgullo el poder acad\u00e9mico de Coimbra. Con su Biblioteca Joanina y su Palacio Real, se ofrece a los visitantes un viaje a trav\u00e9s de las tradiciones acad\u00e9micas y la magnificencia arquitect\u00f3nica de Portugal.<\/span><\/li>\n<li style=\"font-weight: 400;\" aria-level=\"1\"><b>Distrito de Ribeira en Oporto:<\/b><span style=\"font-weight: 400;\"> Patrimonio de la Humanidad por la UNESCO, Ribeira cautiva con su intrincada red de callejuelas, edificios hist\u00f3ricos y paseos junto al r\u00edo. Sigue siendo un testimonio vibrante del pasado hist\u00f3rico y el presente din\u00e1mico de Oporto.<\/span><\/li>\n<li style=\"font-weight: 400;\" aria-level=\"1\"><b>Monasterio de Santa Cruz en Coimbra:<\/b><span style=\"font-weight: 400;\"> joya arquitect\u00f3nica y espiritual, este monasterio alberga las tumbas de los primeros reyes de Portugal. Es una armoniosa mezcla de dise\u00f1o manuelino y reverencia religiosa.<\/span><\/li>\n<li style=\"font-weight: 400;\" aria-level=\"1\"><b>Puente de Luis I en Oporto:<\/b><span style=\"font-weight: 400;\"> Este puente de hierro de dos pisos, que se arquea sobre el Duero, simboliza el progreso industrial y arquitect\u00f3nico de Oporto. Su elegancia sobre el paisaje urbano es un espect\u00e1culo para la vista, especialmente al atardecer.<\/span><\/li>\n<li style=\"font-weight: 400;\" aria-level=\"1\"><b>Capilla de las Apariciones de F\u00e1tima:<\/b><span style=\"font-weight: 400;\"> El coraz\u00f3n del Santuario, esta capilla marca el lugar donde se cree que la Virgen Mar\u00eda se apareci\u00f3 a los ni\u00f1os pastores. Lugar de intensa espiritualidad, visitantes de todo el mundo se re\u00fanen aqu\u00ed para rezar y reflexionar, buscando consuelo y gu\u00eda.<\/span><\/li>\n<li style=\"font-weight: 400;\" aria-level=\"1\"><b>Iglesia y Torre de los Cl\u00e9rigos en Oporto:<\/b><span style=\"font-weight: 400;\"> Obra maestra del barroco, la Torre de los Cl\u00e9rigos domina el perfil de Oporto. La iglesia adyacente, con sus interiores ricamente decorados, es un testimonio del talento art\u00edstico del siglo XVIII. Subir a la torre recompensa a los visitantes con una impresionante panor\u00e1mica de Oporto y el sinuoso r\u00edo Duero.<\/span><\/li>\n<\/ul>\n<p>&nbsp;<\/p>\n<p><span style=\"font-weight: 400;\">Para quienes deseen explorar m\u00e1s a fondo las cautivadoras vistas y sonidos de Portugal, <\/span><a href=\"https:\/\/tourtravelandmore.com\/es\/ciudad\/portugal-es\/lisboa-es\/\"><span style=\"font-weight: 400;\">Tour Travel and More ofrece una exquisita gama de visitas privadas a Lisboa.<\/span><\/a><span style=\"font-weight: 400;\"> Descubra con nosotros la magia de la capital portuguesa.<\/span><\/p>\n","protected":false},"excerpt":{"rendered":"<p><span style=\"font-weight: 400;\">Sum\u00e9rjase en un lujoso viaje de 10 horas desde Lisboa, con paradas en el refugio espiritual de F\u00e1tima y en la hist\u00f3rica ciudad de Coimbra, antes de culminar en la vibrante ciudad de Oporto. Le esperan gu\u00edas expertos, lugares emblem\u00e1ticos y un servicio de primera.<\/span><\/p>\n","protected":false},"featured_media":170426,"comment_status":"open","ping_status":"closed","template":"","meta":{"_acf_changed":false},"product_brand":[],"product_cat":[625,628,630,631],"product_tag":[],"class_list":{"0":"post-170410","1":"product","2":"type-product","3":"status-publish","4":"has-post-thumbnail","6":"product_cat-lisboa-es","7":"product_cat-lisboa-actividades-es","8":"product_cat-lisboa-rutas-turisticas-privadas-es","9":"product_cat-lisboa-traslados-es","11":"first","12":"instock","13":"shipping-taxable","14":"purchasable","15":"product-type-simple"},"acf":[],"yoast_head":"<!-- This site is optimized with the Yoast SEO Premium plugin v25.3.1 (Yoast SEO v25.3.1) - https:\/\/yoast.com\/wordpress\/plugins\/seo\/ -->\n<title>\u27a1\ufe0f Traslado de lujo a Oporto: F\u00e1tima y Coimbra con Tour Travel and More<\/title>\n<meta name=\"description\" content=\"Experimente el lujo con paradas en F\u00e1tima y Coimbra de camino a Oporto. Sum\u00e9rjase en la espiritualidad, la historia y la cultura en este viaje premium de 10 horas \u2705.\" \/>\n<meta name=\"robots\" content=\"index, follow, max-snippet:-1, max-image-preview:large, max-video-preview:-1\" \/>\n<link rel=\"canonical\" href=\"https:\/\/tourtravelandmore.com\/es\/tours\/portugal-es\/lisboa-es\/traslado-a-oporto-con-paradas-en-fatima-y-coimbra\/\" \/>\n<meta property=\"og:locale\" content=\"es_ES\" \/>\n<meta property=\"og:type\" content=\"article\" \/>\n<meta property=\"og:title\" content=\"Traslado a Oporto con paradas en F\u00e1tima y Coimbra\" \/>\n<meta property=\"og:description\" content=\"Experimente el lujo con paradas en F\u00e1tima y Coimbra de camino a Oporto. Sum\u00e9rjase en la espiritualidad, la historia y la cultura en este viaje premium de 10 horas \u2705.\" \/>\n<meta property=\"og:url\" content=\"https:\/\/tourtravelandmore.com\/es\/tours\/portugal-es\/lisboa-es\/traslado-a-oporto-con-paradas-en-fatima-y-coimbra\/\" \/>\n<meta property=\"og:site_name\" content=\"Tour Travel And More\" \/>\n<meta property=\"article:publisher\" content=\"https:\/\/www.facebook.com\/tourtravelandmore\/\" \/>\n<meta property=\"article:modified_time\" content=\"2023-10-02T08:59:44+00:00\" \/>\n<meta property=\"og:image\" content=\"https:\/\/tourtravelandmore.com\/wp-content\/uploads\/2023\/10\/image1-5.jpg\" \/>\n\t<meta property=\"og:image:width\" content=\"900\" \/>\n\t<meta property=\"og:image:height\" content=\"750\" \/>\n\t<meta property=\"og:image:type\" content=\"image\/jpeg\" \/>\n<meta name=\"twitter:card\" content=\"summary_large_image\" \/>\n<meta name=\"twitter:site\" content=\"@TourTravel_More\" \/>\n<meta name=\"twitter:label1\" content=\"Tiempo de lectura\" \/>\n\t<meta name=\"twitter:data1\" content=\"4 minutos\" \/>\n<script type=\"application\/ld+json\" class=\"yoast-schema-graph\">{\"@context\":\"https:\/\/schema.org\",\"@graph\":[{\"@type\":\"WebPage\",\"@id\":\"https:\/\/tourtravelandmore.com\/es\/tours\/portugal-es\/lisboa-es\/traslado-a-oporto-con-paradas-en-fatima-y-coimbra\/\",\"url\":\"https:\/\/tourtravelandmore.com\/es\/tours\/portugal-es\/lisboa-es\/traslado-a-oporto-con-paradas-en-fatima-y-coimbra\/\",\"name\":\"\u27a1\ufe0f Traslado de lujo a Oporto: F\u00e1tima y Coimbra con Tour Travel and More\",\"isPartOf\":{\"@id\":\"https:\/\/tourtravelandmore.com\/es\/#website\"},\"primaryImageOfPage\":{\"@id\":\"https:\/\/tourtravelandmore.com\/es\/tours\/portugal-es\/lisboa-es\/traslado-a-oporto-con-paradas-en-fatima-y-coimbra\/#primaryimage\"},\"image\":{\"@id\":\"https:\/\/tourtravelandmore.com\/es\/tours\/portugal-es\/lisboa-es\/traslado-a-oporto-con-paradas-en-fatima-y-coimbra\/#primaryimage\"},\"thumbnailUrl\":\"https:\/\/tourtravelandmore.com\/wp-content\/uploads\/2023\/10\/image1-5.jpg\",\"datePublished\":\"2023-10-02T08:47:58+00:00\",\"dateModified\":\"2023-10-02T08:59:44+00:00\",\"description\":\"Experimente el lujo con paradas en F\u00e1tima y Coimbra de camino a Oporto. Sum\u00e9rjase en la espiritualidad, la historia y la cultura en este viaje premium de 10 horas \u2705.\",\"breadcrumb\":{\"@id\":\"https:\/\/tourtravelandmore.com\/es\/tours\/portugal-es\/lisboa-es\/traslado-a-oporto-con-paradas-en-fatima-y-coimbra\/#breadcrumb\"},\"inLanguage\":\"es\",\"potentialAction\":[{\"@type\":\"ReadAction\",\"target\":[\"https:\/\/tourtravelandmore.com\/es\/tours\/portugal-es\/lisboa-es\/traslado-a-oporto-con-paradas-en-fatima-y-coimbra\/\"]}]},{\"@type\":\"ImageObject\",\"inLanguage\":\"es\",\"@id\":\"https:\/\/tourtravelandmore.com\/es\/tours\/portugal-es\/lisboa-es\/traslado-a-oporto-con-paradas-en-fatima-y-coimbra\/#primaryimage\",\"url\":\"https:\/\/tourtravelandmore.com\/wp-content\/uploads\/2023\/10\/image1-5.jpg\",\"contentUrl\":\"https:\/\/tourtravelandmore.com\/wp-content\/uploads\/2023\/10\/image1-5.jpg\",\"width\":900,\"height\":750},{\"@type\":\"BreadcrumbList\",\"@id\":\"https:\/\/tourtravelandmore.com\/es\/tours\/portugal-es\/lisboa-es\/traslado-a-oporto-con-paradas-en-fatima-y-coimbra\/#breadcrumb\",\"itemListElement\":[{\"@type\":\"ListItem\",\"position\":1,\"name\":\"Home\",\"item\":\"https:\/\/tourtravelandmore.com\/es\/\"},{\"@type\":\"ListItem\",\"position\":2,\"name\":\"Tours\",\"item\":\"https:\/\/tourtravelandmore.com\/es\/tours\/\"},{\"@type\":\"ListItem\",\"position\":3,\"name\":\"Traslado a Oporto con paradas en F\u00e1tima y Coimbra\"}]},{\"@type\":\"WebSite\",\"@id\":\"https:\/\/tourtravelandmore.com\/es\/#website\",\"url\":\"https:\/\/tourtravelandmore.com\/es\/\",\"name\":\"Tour Travel And More\",\"description\":\"Private sightseeing tours and luxury transfers in Spain\",\"publisher\":{\"@id\":\"https:\/\/tourtravelandmore.com\/es\/#organization\"},\"potentialAction\":[{\"@type\":\"SearchAction\",\"target\":{\"@type\":\"EntryPoint\",\"urlTemplate\":\"https:\/\/tourtravelandmore.com\/es\/?s={search_term_string}\"},\"query-input\":{\"@type\":\"PropertyValueSpecification\",\"valueRequired\":true,\"valueName\":\"search_term_string\"}}],\"inLanguage\":\"es\"},{\"@type\":\"Organization\",\"@id\":\"https:\/\/tourtravelandmore.com\/es\/#organization\",\"name\":\"Tour Travel And More\",\"url\":\"https:\/\/tourtravelandmore.com\/es\/\",\"logo\":{\"@type\":\"ImageObject\",\"inLanguage\":\"es\",\"@id\":\"https:\/\/tourtravelandmore.com\/es\/#\/schema\/logo\/image\/\",\"url\":\"https:\/\/tourtravelandmore.com\/wp-content\/uploads\/2022\/12\/cropped-logo-cabecera-new.png\",\"contentUrl\":\"https:\/\/tourtravelandmore.com\/wp-content\/uploads\/2022\/12\/cropped-logo-cabecera-new.png\",\"width\":430,\"height\":61,\"caption\":\"Tour Travel And More\"},\"image\":{\"@id\":\"https:\/\/tourtravelandmore.com\/es\/#\/schema\/logo\/image\/\"},\"sameAs\":[\"https:\/\/www.facebook.com\/tourtravelandmore\/\",\"https:\/\/x.com\/TourTravel_More\"]}]}<\/script>\n<!-- \/ Yoast SEO Premium plugin. -->","yoast_head_json":{"title":"\u27a1\ufe0f Traslado de lujo a Oporto: F\u00e1tima y Coimbra con Tour Travel and More","description":"Experimente el lujo con paradas en F\u00e1tima y Coimbra de camino a Oporto. Sum\u00e9rjase en la espiritualidad, la historia y la cultura en este viaje premium de 10 horas \u2705.","robots":{"index":"index","follow":"follow","max-snippet":"max-snippet:-1","max-image-preview":"max-image-preview:large","max-video-preview":"max-video-preview:-1"},"canonical":"https:\/\/tourtravelandmore.com\/es\/tours\/portugal-es\/lisboa-es\/traslado-a-oporto-con-paradas-en-fatima-y-coimbra\/","og_locale":"es_ES","og_type":"article","og_title":"Traslado a Oporto con paradas en F\u00e1tima y Coimbra","og_description":"Experimente el lujo con paradas en F\u00e1tima y Coimbra de camino a Oporto. Sum\u00e9rjase en la espiritualidad, la historia y la cultura en este viaje premium de 10 horas \u2705.","og_url":"https:\/\/tourtravelandmore.com\/es\/tours\/portugal-es\/lisboa-es\/traslado-a-oporto-con-paradas-en-fatima-y-coimbra\/","og_site_name":"Tour Travel And More","article_publisher":"https:\/\/www.facebook.com\/tourtravelandmore\/","article_modified_time":"2023-10-02T08:59:44+00:00","og_image":[{"width":900,"height":750,"url":"https:\/\/tourtravelandmore.com\/wp-content\/uploads\/2023\/10\/image1-5.jpg","type":"image\/jpeg"}],"twitter_card":"summary_large_image","twitter_site":"@TourTravel_More","twitter_misc":{"Tiempo de lectura":"4 minutos"},"schema":{"@context":"https:\/\/schema.org","@graph":[{"@type":"WebPage","@id":"https:\/\/tourtravelandmore.com\/es\/tours\/portugal-es\/lisboa-es\/traslado-a-oporto-con-paradas-en-fatima-y-coimbra\/","url":"https:\/\/tourtravelandmore.com\/es\/tours\/portugal-es\/lisboa-es\/traslado-a-oporto-con-paradas-en-fatima-y-coimbra\/","name":"\u27a1\ufe0f Traslado de lujo a Oporto: F\u00e1tima y Coimbra con Tour Travel and More","isPartOf":{"@id":"https:\/\/tourtravelandmore.com\/es\/#website"},"primaryImageOfPage":{"@id":"https:\/\/tourtravelandmore.com\/es\/tours\/portugal-es\/lisboa-es\/traslado-a-oporto-con-paradas-en-fatima-y-coimbra\/#primaryimage"},"image":{"@id":"https:\/\/tourtravelandmore.com\/es\/tours\/portugal-es\/lisboa-es\/traslado-a-oporto-con-paradas-en-fatima-y-coimbra\/#primaryimage"},"thumbnailUrl":"https:\/\/tourtravelandmore.com\/wp-content\/uploads\/2023\/10\/image1-5.jpg","datePublished":"2023-10-02T08:47:58+00:00","dateModified":"2023-10-02T08:59:44+00:00","description":"Experimente el lujo con paradas en F\u00e1tima y Coimbra de camino a Oporto. Sum\u00e9rjase en la espiritualidad, la historia y la cultura en este viaje premium de 10 horas \u2705.","breadcrumb":{"@id":"https:\/\/tourtravelandmore.com\/es\/tours\/portugal-es\/lisboa-es\/traslado-a-oporto-con-paradas-en-fatima-y-coimbra\/#breadcrumb"},"inLanguage":"es","potentialAction":[{"@type":"ReadAction","target":["https:\/\/tourtravelandmore.com\/es\/tours\/portugal-es\/lisboa-es\/traslado-a-oporto-con-paradas-en-fatima-y-coimbra\/"]}]},{"@type":"ImageObject","inLanguage":"es","@id":"https:\/\/tourtravelandmore.com\/es\/tours\/portugal-es\/lisboa-es\/traslado-a-oporto-con-paradas-en-fatima-y-coimbra\/#primaryimage","url":"https:\/\/tourtravelandmore.com\/wp-content\/uploads\/2023\/10\/image1-5.jpg","contentUrl":"https:\/\/tourtravelandmore.com\/wp-content\/uploads\/2023\/10\/image1-5.jpg","width":900,"height":750},{"@type":"BreadcrumbList","@id":"https:\/\/tourtravelandmore.com\/es\/tours\/portugal-es\/lisboa-es\/traslado-a-oporto-con-paradas-en-fatima-y-coimbra\/#breadcrumb","itemListElement":[{"@type":"ListItem","position":1,"name":"Home","item":"https:\/\/tourtravelandmore.com\/es\/"},{"@type":"ListItem","position":2,"name":"Tours","item":"https:\/\/tourtravelandmore.com\/es\/tours\/"},{"@type":"ListItem","position":3,"name":"Traslado a Oporto con paradas en F\u00e1tima y Coimbra"}]},{"@type":"WebSite","@id":"https:\/\/tourtravelandmore.com\/es\/#website","url":"https:\/\/tourtravelandmore.com\/es\/","name":"Tour Travel And More","description":"Private sightseeing tours and luxury transfers in Spain","publisher":{"@id":"https:\/\/tourtravelandmore.com\/es\/#organization"},"potentialAction":[{"@type":"SearchAction","target":{"@type":"EntryPoint","urlTemplate":"https:\/\/tourtravelandmore.com\/es\/?s={search_term_string}"},"query-input":{"@type":"PropertyValueSpecification","valueRequired":true,"valueName":"search_term_string"}}],"inLanguage":"es"},{"@type":"Organization","@id":"https:\/\/tourtravelandmore.com\/es\/#organization","name":"Tour Travel And More","url":"https:\/\/tourtravelandmore.com\/es\/","logo":{"@type":"ImageObject","inLanguage":"es","@id":"https:\/\/tourtravelandmore.com\/es\/#\/schema\/logo\/image\/","url":"https:\/\/tourtravelandmore.com\/wp-content\/uploads\/2022\/12\/cropped-logo-cabecera-new.png","contentUrl":"https:\/\/tourtravelandmore.com\/wp-content\/uploads\/2022\/12\/cropped-logo-cabecera-new.png","width":430,"height":61,"caption":"Tour Travel And More"},"image":{"@id":"https:\/\/tourtravelandmore.com\/es\/#\/schema\/logo\/image\/"},"sameAs":["https:\/\/www.facebook.com\/tourtravelandmore\/","https:\/\/x.com\/TourTravel_More"]}]}},"_links":{"self":[{"href":"https:\/\/tourtravelandmore.com\/es\/wp-json\/wp\/v2\/product\/170410","targetHints":{"allow":["GET"]}}],"collection":[{"href":"https:\/\/tourtravelandmore.com\/es\/wp-json\/wp\/v2\/product"}],"about":[{"href":"https:\/\/tourtravelandmore.com\/es\/wp-json\/wp\/v2\/types\/product"}],"replies":[{"embeddable":true,"href":"https:\/\/tourtravelandmore.com\/es\/wp-json\/wp\/v2\/comments?post=170410"}],"wp:featuredmedia":[{"embeddable":true,"href":"https:\/\/tourtravelandmore.com\/es\/wp-json\/wp\/v2\/media\/170426"}],"wp:attachment":[{"href":"https:\/\/tourtravelandmore.com\/es\/wp-json\/wp\/v2\/media?parent=170410"}],"wp:term":[{"taxonomy":"product_brand","embeddable":true,"href":"https:\/\/tourtravelandmore.com\/es\/wp-json\/wp\/v2\/product_brand?post=170410"},{"taxonomy":"product_cat","embeddable":true,"href":"https:\/\/tourtravelandmore.com\/es\/wp-json\/wp\/v2\/product_cat?post=170410"},{"taxonomy":"product_tag","embeddable":true,"href":"https:\/\/tourtravelandmore.com\/es\/wp-json\/wp\/v2\/product_tag?post=170410"}],"curies":[{"name":"wp","href":"https:\/\/api.w.org\/{rel}","templated":true}]}}