{"id":170383,"date":"2023-10-02T10:23:09","date_gmt":"2023-10-02T08:23:11","guid":{"rendered":"https:\/\/tourtravelandmore.com\/?post_type=product&#038;p=170383"},"modified":"2023-10-02T10:40:18","modified_gmt":"2023-10-02T08:40:18","slug":"traslado-a-oporto-con-parada-en-coimbra","status":"publish","type":"product","link":"https:\/\/tourtravelandmore.com\/es\/tours\/portugal-es\/lisboa-es\/traslado-a-oporto-con-parada-en-coimbra\/","title":{"rendered":"Traslado a Oporto con parada en Coimbra"},"content":{"rendered":"<h2><b>Traslado a Oporto con parada en Coimbra Descripci\u00f3n:<\/b><\/h2>\n<p><span style=\"font-weight: 400;\">Experimente la esencia de Portugal con nuestro exclusivo servicio de Traslado a Oporto con parada en Coimbra proporcionado por Tour Travel and More. Comience su viaje en la vibrante ciudad de Lisboa y sea conducido en un veh\u00edculo privado de lujo hasta la hist\u00f3rica ciudad de Coimbra. Aqu\u00ed, disfrute de una visita guiada de dos horas a la prestigiosa Universidad de Coimbra, declarada Patrimonio de la Humanidad por la UNESCO. Del\u00e9itese con la intrincada arquitectura y las historias de antiguos eruditos antes de continuar su tranquilo viaje a la magn\u00edfica ciudad de Oporto. Este recorrido de 8 horas combina a la perfecci\u00f3n lujo, conocimiento y ocio, garantizando un d\u00eda de experiencias enriquecedoras y comodidad sin igual.<\/span><\/p>\n<p><span style=\"font-weight: 400;\">Marav\u00edllese ante la belleza de los paisajes mientras recorre pintorescas ciudades y ondulantes campi\u00f1as. Por el camino, saboree la oportunidad de hacer paradas espont\u00e1neas en pintorescos caf\u00e9s o miradores panor\u00e1micos. Su experimentado ch\u00f3fer se asegurar\u00e1 de que su viaje transcurra sin contratiempos, ofreci\u00e9ndole informaci\u00f3n sobre las regiones que atraviese. Cuando llegue a Oporto, sentir\u00e1 un profundo aprecio por las diversas culturas, historias y geograf\u00edas de Portugal. Cada momento de este viaje est\u00e1 pensado para ofrecerle una experiencia \u00edntima del alma de Portugal.<\/span><\/p>\n<h2><b>Traslado a Oporto con parada en Coimbra Destacados:<\/b><\/h2>\n<ul>\n<li style=\"font-weight: 400;\" aria-level=\"1\"><span style=\"font-weight: 400;\">Un servicio de ch\u00f3fer de 8 horas que garantiza el m\u00e1ximo lujo y comodidad.<\/span><\/li>\n<li style=\"font-weight: 400;\" aria-level=\"1\"><span style=\"font-weight: 400;\">Una visita guiada especializada de 2 horas en Coimbra, que profundiza en los anales de su venerada Universidad.<\/span><\/li>\n<li style=\"font-weight: 400;\" aria-level=\"1\"><span style=\"font-weight: 400;\">Entradas a la Universidad de Coimbra, que le permitir\u00e1n presenciar de primera mano la grandeza de este establecimiento hist\u00f3rico.<\/span><\/li>\n<li style=\"font-weight: 400;\" aria-level=\"1\"><span style=\"font-weight: 400;\">Un viaje sereno de Coimbra a Oporto, donde el paisaje cambia sutilmente de la belleza interior a la magnificencia costera.<\/span><\/li>\n<\/ul>\n<h2><b>Lugares de inter\u00e9s en Oporto y Coimbra:<\/b><\/h2>\n<ul>\n<li style=\"font-weight: 400;\" aria-level=\"1\"><b>Universidad de Coimbra:<\/b><span style=\"font-weight: 400;\"> Fundada en 1290, la Universidad de Coimbra es testimonio de la grandeza acad\u00e9mica y arquitect\u00f3nica de la ciudad. Siendo una de las universidades m\u00e1s antiguas del mundo en funcionamiento continuo, su Biblioteca Joanina y su Palacio Real ofrecen a los turistas una visi\u00f3n del rico tapiz de la historia acad\u00e9mica de Portugal.<\/span><\/li>\n<li style=\"font-weight: 400;\" aria-level=\"1\"><b>Barrio de Ribeira en Oporto:<\/b><span style=\"font-weight: 400;\"> Situado junto al r\u00edo Duero, Ribeira es un barrio hist\u00f3rico de Oporto, reconocido por sus estrechas calles adoquinadas, sus edificios antiguos y su ambiente vibrante. Declarado Patrimonio de la Humanidad por la UNESCO, es un animado centro que combina la rica historia de Oporto con la cultura contempor\u00e1nea.<\/span><\/li>\n<li style=\"font-weight: 400;\" aria-level=\"1\"><b>Livraria Lello: <\/b><span style=\"font-weight: 400;\">A menudo aclamada como una de las librer\u00edas m\u00e1s bellas del mundo, la Livraria Lello de Oporto, con su arquitectura neog\u00f3tica, su intrincada carpinter\u00eda y su impresionante escalera roja, es un para\u00edso literario combinado con una maravilla arquitect\u00f3nica.<\/span><\/li>\n<li style=\"font-weight: 400;\" aria-level=\"1\"><b>Iglesia de Santa Clara en Coimbra:<\/b><span style=\"font-weight: 400;\"> Ejemplo estelar de los estilos arquitect\u00f3nicos manuelino y g\u00f3tico, la iglesia de Santa Clara alberga la tumba de la reina Santa Isabel. Sigue siendo un lugar de serena significaci\u00f3n espiritual, que ofrece solaz en medio del bullicio de Coimbra.<\/span><\/li>\n<li style=\"font-weight: 400;\" aria-level=\"1\"><b>Torre de los Cl\u00e9rigos en Oporto:<\/b><span style=\"font-weight: 400;\"> Dominando el horizonte de Oporto, la Torre de los Cl\u00e9rigos ofrece una vista panor\u00e1mica de la ciudad. Es una obra maestra del barroco, y subir sus 200 escalones ofrece una vista gratificante de los tejados de terracota de Oporto y el r\u00edo Duero.<\/span><\/li>\n<li style=\"font-weight: 400;\" aria-level=\"1\"><b>Monasterio de Santa Cruz en Coimbra<\/b><span style=\"font-weight: 400;\">: este monumento sagrado es una pieza fundamental de la historia religiosa y arquitect\u00f3nica de Portugal. Fundado en el siglo XII, alberga las tumbas de los dos primeros reyes del pa\u00eds. Su ornamentada carpinter\u00eda, sus majestuosos altares y sus rasgos manuelinos son testimonio del esp\u00edritu art\u00edstico y espiritual de la \u00e9poca.<\/span><\/li>\n<li style=\"font-weight: 400;\" aria-level=\"1\"><b>Puente de Luis I en Oporto:<\/b><span style=\"font-weight: 400;\"> Puente de hierro de dos pisos que atraviesa el r\u00edo Duero, el Puente de Luis I no es s\u00f3lo un medio de transporte, sino un emblema del patrimonio de ingenier\u00eda de Oporto. Dise\u00f1ado por un disc\u00edpulo de Gustave Eiffel, el elegante arco del puente y su robusta estructura son un espect\u00e1culo, especialmente durante la puesta de sol, proyectando una silueta dorada contra los vibrantes tonos del cielo.<\/span><\/li>\n<\/ul>\n<p>&nbsp;<\/p>\n<p><span style=\"font-weight: 400;\">Para quienes deseen explorar m\u00e1s a fondo las maravillas de Portugal, <\/span><a href=\"https:\/\/tourtravelandmore.com\/es\/ciudad\/portugal-es\/lisboa-es\/\"><span style=\"font-weight: 400;\">Tour Travel and More tambi\u00e9n ofrece un sinf\u00edn de excursiones por Lisboa. <\/span><\/a><span style=\"font-weight: 400;\">Sum\u00e9rjase en la capital del pa\u00eds y descubra sus secretos y encantos. Para obtener una lista completa de los circuitos por Lisboa y reservar su pr\u00f3xima aventura, visite Tour Travel and More.<\/span><\/p>\n","protected":false},"excerpt":{"rendered":"<p><span style=\"font-weight: 400;\">Emb\u00e1rquese en un viaje de 8 horas de Lisboa a Oporto con una parada especial en la emblem\u00e1tica Universidad de Coimbra. Del\u00e9itese con el lujo, la historia y la belleza paisaj\u00edstica de Portugal con este exclusivo viaje en transfer.<\/span><\/p>\n","protected":false},"featured_media":170399,"comment_status":"open","ping_status":"closed","template":"","meta":{"_acf_changed":false},"product_brand":[],"product_cat":[625,628,630,631],"product_tag":[],"class_list":{"0":"post-170383","1":"product","2":"type-product","3":"status-publish","4":"has-post-thumbnail","6":"product_cat-lisboa-es","7":"product_cat-lisboa-actividades-es","8":"product_cat-lisboa-rutas-turisticas-privadas-es","9":"product_cat-lisboa-traslados-es","11":"first","12":"instock","13":"shipping-taxable","14":"purchasable","15":"product-type-simple"},"acf":[],"yoast_head":"<!-- This site is optimized with the Yoast SEO Premium plugin v25.3.1 (Yoast SEO v25.3.1) - https:\/\/yoast.com\/wordpress\/plugins\/seo\/ -->\n<title>\u27a1\ufe0f Traslado a Oporto con parada en Coimbra: lujo e historia combinados<\/title>\n<meta name=\"description\" content=\"Experimente el lujo de un traslado con chofer de Lisboa a Oporto con una parada hist\u00f3rica en la Universidad UNESCO de Coimbra. Sum\u00e9rjase en la esencia de Portugal con Tour Travel and More. \u2705\" \/>\n<meta name=\"robots\" content=\"index, follow, max-snippet:-1, max-image-preview:large, max-video-preview:-1\" \/>\n<link rel=\"canonical\" href=\"https:\/\/tourtravelandmore.com\/es\/tours\/portugal-es\/lisboa-es\/traslado-a-oporto-con-parada-en-coimbra\/\" \/>\n<meta property=\"og:locale\" content=\"es_ES\" \/>\n<meta property=\"og:type\" content=\"article\" \/>\n<meta property=\"og:title\" content=\"Traslado a Oporto con parada en Coimbra\" \/>\n<meta property=\"og:description\" content=\"Experimente el lujo de un traslado con chofer de Lisboa a Oporto con una parada hist\u00f3rica en la Universidad UNESCO de Coimbra. Sum\u00e9rjase en la esencia de Portugal con Tour Travel and More. \u2705\" \/>\n<meta property=\"og:url\" content=\"https:\/\/tourtravelandmore.com\/es\/tours\/portugal-es\/lisboa-es\/traslado-a-oporto-con-parada-en-coimbra\/\" \/>\n<meta property=\"og:site_name\" content=\"Tour Travel And More\" \/>\n<meta property=\"article:publisher\" content=\"https:\/\/www.facebook.com\/tourtravelandmore\/\" \/>\n<meta property=\"article:modified_time\" content=\"2023-10-02T08:40:18+00:00\" \/>\n<meta property=\"og:image\" content=\"https:\/\/tourtravelandmore.com\/wp-content\/uploads\/2023\/10\/image1-4.jpg\" \/>\n\t<meta property=\"og:image:width\" content=\"900\" \/>\n\t<meta property=\"og:image:height\" content=\"750\" \/>\n\t<meta property=\"og:image:type\" content=\"image\/jpeg\" \/>\n<meta name=\"twitter:card\" content=\"summary_large_image\" \/>\n<meta name=\"twitter:site\" content=\"@TourTravel_More\" \/>\n<meta name=\"twitter:label1\" content=\"Tiempo de lectura\" \/>\n\t<meta name=\"twitter:data1\" content=\"4 minutos\" \/>\n<script type=\"application\/ld+json\" class=\"yoast-schema-graph\">{\"@context\":\"https:\/\/schema.org\",\"@graph\":[{\"@type\":\"WebPage\",\"@id\":\"https:\/\/tourtravelandmore.com\/es\/tours\/portugal-es\/lisboa-es\/traslado-a-oporto-con-parada-en-coimbra\/\",\"url\":\"https:\/\/tourtravelandmore.com\/es\/tours\/portugal-es\/lisboa-es\/traslado-a-oporto-con-parada-en-coimbra\/\",\"name\":\"\u27a1\ufe0f Traslado a Oporto con parada en Coimbra: lujo e historia combinados\",\"isPartOf\":{\"@id\":\"https:\/\/tourtravelandmore.com\/es\/#website\"},\"primaryImageOfPage\":{\"@id\":\"https:\/\/tourtravelandmore.com\/es\/tours\/portugal-es\/lisboa-es\/traslado-a-oporto-con-parada-en-coimbra\/#primaryimage\"},\"image\":{\"@id\":\"https:\/\/tourtravelandmore.com\/es\/tours\/portugal-es\/lisboa-es\/traslado-a-oporto-con-parada-en-coimbra\/#primaryimage\"},\"thumbnailUrl\":\"https:\/\/tourtravelandmore.com\/wp-content\/uploads\/2023\/10\/image1-4.jpg\",\"datePublished\":\"2023-10-02T08:23:11+00:00\",\"dateModified\":\"2023-10-02T08:40:18+00:00\",\"description\":\"Experimente el lujo de un traslado con chofer de Lisboa a Oporto con una parada hist\u00f3rica en la Universidad UNESCO de Coimbra. Sum\u00e9rjase en la esencia de Portugal con Tour Travel and More. \u2705\",\"breadcrumb\":{\"@id\":\"https:\/\/tourtravelandmore.com\/es\/tours\/portugal-es\/lisboa-es\/traslado-a-oporto-con-parada-en-coimbra\/#breadcrumb\"},\"inLanguage\":\"es\",\"potentialAction\":[{\"@type\":\"ReadAction\",\"target\":[\"https:\/\/tourtravelandmore.com\/es\/tours\/portugal-es\/lisboa-es\/traslado-a-oporto-con-parada-en-coimbra\/\"]}]},{\"@type\":\"ImageObject\",\"inLanguage\":\"es\",\"@id\":\"https:\/\/tourtravelandmore.com\/es\/tours\/portugal-es\/lisboa-es\/traslado-a-oporto-con-parada-en-coimbra\/#primaryimage\",\"url\":\"https:\/\/tourtravelandmore.com\/wp-content\/uploads\/2023\/10\/image1-4.jpg\",\"contentUrl\":\"https:\/\/tourtravelandmore.com\/wp-content\/uploads\/2023\/10\/image1-4.jpg\",\"width\":900,\"height\":750},{\"@type\":\"BreadcrumbList\",\"@id\":\"https:\/\/tourtravelandmore.com\/es\/tours\/portugal-es\/lisboa-es\/traslado-a-oporto-con-parada-en-coimbra\/#breadcrumb\",\"itemListElement\":[{\"@type\":\"ListItem\",\"position\":1,\"name\":\"Home\",\"item\":\"https:\/\/tourtravelandmore.com\/es\/\"},{\"@type\":\"ListItem\",\"position\":2,\"name\":\"Tours\",\"item\":\"https:\/\/tourtravelandmore.com\/es\/tours\/\"},{\"@type\":\"ListItem\",\"position\":3,\"name\":\"Traslado a Oporto con parada en Coimbra\"}]},{\"@type\":\"WebSite\",\"@id\":\"https:\/\/tourtravelandmore.com\/es\/#website\",\"url\":\"https:\/\/tourtravelandmore.com\/es\/\",\"name\":\"Tour Travel And More\",\"description\":\"Private sightseeing tours and luxury transfers in Spain\",\"publisher\":{\"@id\":\"https:\/\/tourtravelandmore.com\/es\/#organization\"},\"potentialAction\":[{\"@type\":\"SearchAction\",\"target\":{\"@type\":\"EntryPoint\",\"urlTemplate\":\"https:\/\/tourtravelandmore.com\/es\/?s={search_term_string}\"},\"query-input\":{\"@type\":\"PropertyValueSpecification\",\"valueRequired\":true,\"valueName\":\"search_term_string\"}}],\"inLanguage\":\"es\"},{\"@type\":\"Organization\",\"@id\":\"https:\/\/tourtravelandmore.com\/es\/#organization\",\"name\":\"Tour Travel And More\",\"url\":\"https:\/\/tourtravelandmore.com\/es\/\",\"logo\":{\"@type\":\"ImageObject\",\"inLanguage\":\"es\",\"@id\":\"https:\/\/tourtravelandmore.com\/es\/#\/schema\/logo\/image\/\",\"url\":\"https:\/\/tourtravelandmore.com\/wp-content\/uploads\/2022\/12\/cropped-logo-cabecera-new.png\",\"contentUrl\":\"https:\/\/tourtravelandmore.com\/wp-content\/uploads\/2022\/12\/cropped-logo-cabecera-new.png\",\"width\":430,\"height\":61,\"caption\":\"Tour Travel And More\"},\"image\":{\"@id\":\"https:\/\/tourtravelandmore.com\/es\/#\/schema\/logo\/image\/\"},\"sameAs\":[\"https:\/\/www.facebook.com\/tourtravelandmore\/\",\"https:\/\/x.com\/TourTravel_More\"]}]}<\/script>\n<!-- \/ Yoast SEO Premium plugin. -->","yoast_head_json":{"title":"\u27a1\ufe0f Traslado a Oporto con parada en Coimbra: lujo e historia combinados","description":"Experimente el lujo de un traslado con chofer de Lisboa a Oporto con una parada hist\u00f3rica en la Universidad UNESCO de Coimbra. Sum\u00e9rjase en la esencia de Portugal con Tour Travel and More. \u2705","robots":{"index":"index","follow":"follow","max-snippet":"max-snippet:-1","max-image-preview":"max-image-preview:large","max-video-preview":"max-video-preview:-1"},"canonical":"https:\/\/tourtravelandmore.com\/es\/tours\/portugal-es\/lisboa-es\/traslado-a-oporto-con-parada-en-coimbra\/","og_locale":"es_ES","og_type":"article","og_title":"Traslado a Oporto con parada en Coimbra","og_description":"Experimente el lujo de un traslado con chofer de Lisboa a Oporto con una parada hist\u00f3rica en la Universidad UNESCO de Coimbra. Sum\u00e9rjase en la esencia de Portugal con Tour Travel and More. \u2705","og_url":"https:\/\/tourtravelandmore.com\/es\/tours\/portugal-es\/lisboa-es\/traslado-a-oporto-con-parada-en-coimbra\/","og_site_name":"Tour Travel And More","article_publisher":"https:\/\/www.facebook.com\/tourtravelandmore\/","article_modified_time":"2023-10-02T08:40:18+00:00","og_image":[{"width":900,"height":750,"url":"https:\/\/tourtravelandmore.com\/wp-content\/uploads\/2023\/10\/image1-4.jpg","type":"image\/jpeg"}],"twitter_card":"summary_large_image","twitter_site":"@TourTravel_More","twitter_misc":{"Tiempo de lectura":"4 minutos"},"schema":{"@context":"https:\/\/schema.org","@graph":[{"@type":"WebPage","@id":"https:\/\/tourtravelandmore.com\/es\/tours\/portugal-es\/lisboa-es\/traslado-a-oporto-con-parada-en-coimbra\/","url":"https:\/\/tourtravelandmore.com\/es\/tours\/portugal-es\/lisboa-es\/traslado-a-oporto-con-parada-en-coimbra\/","name":"\u27a1\ufe0f Traslado a Oporto con parada en Coimbra: lujo e historia combinados","isPartOf":{"@id":"https:\/\/tourtravelandmore.com\/es\/#website"},"primaryImageOfPage":{"@id":"https:\/\/tourtravelandmore.com\/es\/tours\/portugal-es\/lisboa-es\/traslado-a-oporto-con-parada-en-coimbra\/#primaryimage"},"image":{"@id":"https:\/\/tourtravelandmore.com\/es\/tours\/portugal-es\/lisboa-es\/traslado-a-oporto-con-parada-en-coimbra\/#primaryimage"},"thumbnailUrl":"https:\/\/tourtravelandmore.com\/wp-content\/uploads\/2023\/10\/image1-4.jpg","datePublished":"2023-10-02T08:23:11+00:00","dateModified":"2023-10-02T08:40:18+00:00","description":"Experimente el lujo de un traslado con chofer de Lisboa a Oporto con una parada hist\u00f3rica en la Universidad UNESCO de Coimbra. Sum\u00e9rjase en la esencia de Portugal con Tour Travel and More. \u2705","breadcrumb":{"@id":"https:\/\/tourtravelandmore.com\/es\/tours\/portugal-es\/lisboa-es\/traslado-a-oporto-con-parada-en-coimbra\/#breadcrumb"},"inLanguage":"es","potentialAction":[{"@type":"ReadAction","target":["https:\/\/tourtravelandmore.com\/es\/tours\/portugal-es\/lisboa-es\/traslado-a-oporto-con-parada-en-coimbra\/"]}]},{"@type":"ImageObject","inLanguage":"es","@id":"https:\/\/tourtravelandmore.com\/es\/tours\/portugal-es\/lisboa-es\/traslado-a-oporto-con-parada-en-coimbra\/#primaryimage","url":"https:\/\/tourtravelandmore.com\/wp-content\/uploads\/2023\/10\/image1-4.jpg","contentUrl":"https:\/\/tourtravelandmore.com\/wp-content\/uploads\/2023\/10\/image1-4.jpg","width":900,"height":750},{"@type":"BreadcrumbList","@id":"https:\/\/tourtravelandmore.com\/es\/tours\/portugal-es\/lisboa-es\/traslado-a-oporto-con-parada-en-coimbra\/#breadcrumb","itemListElement":[{"@type":"ListItem","position":1,"name":"Home","item":"https:\/\/tourtravelandmore.com\/es\/"},{"@type":"ListItem","position":2,"name":"Tours","item":"https:\/\/tourtravelandmore.com\/es\/tours\/"},{"@type":"ListItem","position":3,"name":"Traslado a Oporto con parada en Coimbra"}]},{"@type":"WebSite","@id":"https:\/\/tourtravelandmore.com\/es\/#website","url":"https:\/\/tourtravelandmore.com\/es\/","name":"Tour Travel And More","description":"Private sightseeing tours and luxury transfers in Spain","publisher":{"@id":"https:\/\/tourtravelandmore.com\/es\/#organization"},"potentialAction":[{"@type":"SearchAction","target":{"@type":"EntryPoint","urlTemplate":"https:\/\/tourtravelandmore.com\/es\/?s={search_term_string}"},"query-input":{"@type":"PropertyValueSpecification","valueRequired":true,"valueName":"search_term_string"}}],"inLanguage":"es"},{"@type":"Organization","@id":"https:\/\/tourtravelandmore.com\/es\/#organization","name":"Tour Travel And More","url":"https:\/\/tourtravelandmore.com\/es\/","logo":{"@type":"ImageObject","inLanguage":"es","@id":"https:\/\/tourtravelandmore.com\/es\/#\/schema\/logo\/image\/","url":"https:\/\/tourtravelandmore.com\/wp-content\/uploads\/2022\/12\/cropped-logo-cabecera-new.png","contentUrl":"https:\/\/tourtravelandmore.com\/wp-content\/uploads\/2022\/12\/cropped-logo-cabecera-new.png","width":430,"height":61,"caption":"Tour Travel And More"},"image":{"@id":"https:\/\/tourtravelandmore.com\/es\/#\/schema\/logo\/image\/"},"sameAs":["https:\/\/www.facebook.com\/tourtravelandmore\/","https:\/\/x.com\/TourTravel_More"]}]}},"_links":{"self":[{"href":"https:\/\/tourtravelandmore.com\/es\/wp-json\/wp\/v2\/product\/170383","targetHints":{"allow":["GET"]}}],"collection":[{"href":"https:\/\/tourtravelandmore.com\/es\/wp-json\/wp\/v2\/product"}],"about":[{"href":"https:\/\/tourtravelandmore.com\/es\/wp-json\/wp\/v2\/types\/product"}],"replies":[{"embeddable":true,"href":"https:\/\/tourtravelandmore.com\/es\/wp-json\/wp\/v2\/comments?post=170383"}],"wp:featuredmedia":[{"embeddable":true,"href":"https:\/\/tourtravelandmore.com\/es\/wp-json\/wp\/v2\/media\/170399"}],"wp:attachment":[{"href":"https:\/\/tourtravelandmore.com\/es\/wp-json\/wp\/v2\/media?parent=170383"}],"wp:term":[{"taxonomy":"product_brand","embeddable":true,"href":"https:\/\/tourtravelandmore.com\/es\/wp-json\/wp\/v2\/product_brand?post=170383"},{"taxonomy":"product_cat","embeddable":true,"href":"https:\/\/tourtravelandmore.com\/es\/wp-json\/wp\/v2\/product_cat?post=170383"},{"taxonomy":"product_tag","embeddable":true,"href":"https:\/\/tourtravelandmore.com\/es\/wp-json\/wp\/v2\/product_tag?post=170383"}],"curies":[{"name":"wp","href":"https:\/\/api.w.org\/{rel}","templated":true}]}}