{"id":170356,"date":"2023-10-02T10:06:14","date_gmt":"2023-10-02T08:06:15","guid":{"rendered":"https:\/\/tourtravelandmore.com\/?post_type=product&#038;p=170356"},"modified":"2024-04-29T15:47:12","modified_gmt":"2024-04-29T13:47:12","slug":"traslado-a-oporto-con-parada-en-fatima","status":"publish","type":"product","link":"https:\/\/tourtravelandmore.com\/es\/tours\/portugal-es\/lisboa-es\/traslado-a-oporto-con-parada-en-fatima\/","title":{"rendered":"Traslado a Oporto con Parada en F\u00e1tima"},"content":{"rendered":"<h2><b>Traslado a Oporto con parada en F\u00e1tima Descripci\u00f3n<\/b><\/h2>\n<p><span style=\"font-weight: 400;\">Sum\u00e9rjase en un viaje que le ofrece algo m\u00e1s que un simple traslado: una historia de dos ciudades y un epicentro espiritual. Su traslado de lujo de 8 horas con Tour Travel and More comienza en Lisboa, la capital ba\u00f1ada por el sol y rebosante de vida. Un confortable veh\u00edculo de alta gama estar\u00e1 a su servicio, garantiz\u00e1ndole la m\u00e1xima relajaci\u00f3n y comodidad. Su primer destino es F\u00e1tima, un santuario de paz y energ\u00eda espiritual. Durante dos horas, un gu\u00eda especializado enriquecer\u00e1 su comprensi\u00f3n de este importante lugar de peregrinaci\u00f3n, hablando de las apariciones de 1917 que transformaron F\u00e1tima en un faro para la fe cat\u00f3lica. A continuaci\u00f3n, pase a Oporto, ciudad venerada por su vino de Oporto y su elegancia arquitect\u00f3nica. Disfrute de las rutas panor\u00e1micas y d\u00e9jese cautivar por los diversos paisajes de Portugal. No se trata de un simple traslado, sino de una experiencia de un d\u00eda de duraci\u00f3n dise\u00f1ada para cautivarle, iluminarle y entretenerle.<\/span><\/p>\n<p><span style=\"font-weight: 400;\">Al salir de F\u00e1tima, su viaje se reanuda a medida que el paisaje se transforma gradualmente de tranquilas vistas rurales al rico tapiz urbano de Oporto. Aqu\u00ed, el r\u00edo Duero se abre paso elegantemente a trav\u00e9s de la ciudad, creando un paisaje de ensue\u00f1o acentuado por el emblem\u00e1tico puente Dom Lu\u00eds I. Por el camino, disfrute de servicios cuidadosamente seleccionados para aumentar su comodidad y disfrute. Considere este lujoso traslado como una paleta de las mejores ofertas de Portugal: desde la espiritualidad a la belleza esc\u00e9nica, desde el vibrante paisaje urbano de Lisboa al encanto r\u00fastico de Oporto, cada kil\u00f3metro es un cap\u00edtulo de una narraci\u00f3n fascinante, orquestada exclusivamente por Tour Travel and More. Con cada kil\u00f3metro recorrido, anticipe no s\u00f3lo un cambio en la geograf\u00eda, sino un viaje que enriquece su comprensi\u00f3n del encanto multifac\u00e9tico de Portugal.<\/span><\/p>\n<h2><b>Traslado a Oporto con parada en F\u00e1tima Destacados<\/b><\/h2>\n<p><span style=\"font-weight: 400;\">Disfrute de un veh\u00edculo exclusivo y lujoso durante 8 horas, garantizando un viaje tan extraordinario como los destinos.<\/span><\/p>\n<p><span style=\"font-weight: 400;\">Benef\u00edciese de la sabidur\u00eda de un gu\u00eda especializado en F\u00e1tima, que le ofrecer\u00e1 una inmersi\u00f3n profunda de dos horas en las facetas espirituales e hist\u00f3ricas del santuario.<\/span><\/p>\n<p><span style=\"font-weight: 400;\">Experimente la esencia de Portugal conectando su capital con su segunda ciudad m\u00e1s importante, cada una rebosante de su propio encanto y car\u00e1cter \u00fanicos, puntuado por una pausa conmovedora en F\u00e1tima.<\/span><\/p>\n<h4><span style=\"font-weight: 400;\">En F\u00e1tima:<\/span><\/h4>\n<ul>\n<li style=\"font-weight: 400;\" aria-level=\"1\"><b>Santuario de Nuestra Se\u00f1ora de F\u00e1tima:<\/b><span style=\"font-weight: 400;\"> M\u00e1s all\u00e1 de ser un lugar religioso, es un lugar donde se entrecruzan la fe, la historia y la cultura. Aqu\u00ed, su gu\u00eda arrojar\u00e1 luz sobre las apariciones y milagros que han inspirado a millones de personas en todo el mundo.<\/span><\/li>\n<li style=\"font-weight: 400;\" aria-level=\"1\"><b>Capelinha das Apari\u00e7\u00f5es (Capilla de las Apariciones):<\/b><span style=\"font-weight: 400;\"> Esta humilde capilla se encuentra en el lugar exacto donde se dice que la Virgen Mar\u00eda se apareci\u00f3 a los tres ni\u00f1os pastores. La Capilla de las Apariciones atrae a millones de peregrinos cada a\u00f1o y es el coraz\u00f3n del Santuario de F\u00e1tima. Tanto si es religioso como si no, el profundo sentimiento de devoci\u00f3n que se respira aqu\u00ed es palpable y ofrece una experiencia esclarecedora.<\/span><\/li>\n<li style=\"font-weight: 400;\" aria-level=\"1\"><b>V\u00eda Sacra y Calvario (V\u00eda Crucis):<\/b><span style=\"font-weight: 400;\"> Este camino de 14 estaciones se extiende entre el Santuario y la peque\u00f1a aldea de Aljustrel, pasando por la Loca do Anjo, donde se apareci\u00f3 el \u00c1ngel de la Paz. El paseo espiritual es un viaje contemplativo que marca el sufrimiento de Cristo, y es una tradici\u00f3n venerada por los peregrinos que visitan F\u00e1tima.<\/span><\/li>\n<\/ul>\n<p><span style=\"font-weight: 400;\">Descubra la riqueza de Portugal m\u00e1s all\u00e1 de este traslado. <\/span><a href=\"https:\/\/tourtravelandmore.com\/es\/ciudad\/portugal-es\/lisboa-es\/\"><span style=\"font-weight: 400;\">Tour Travel and More ofrece una amplia gama de tours privados que parten de Lisboa y recorren los destinos m\u00e1s seductores del pa\u00eds. <\/span><\/a><span style=\"font-weight: 400;\">Visite nuestro sitio web Tour Travel and More para echar un vistazo a estas experiencias premium.<\/span><\/p>\n","protected":false},"excerpt":{"rendered":"<p><span style=\"font-weight: 400;\">Transforme su traslado en un viaje de descubrimiento. Desde las en\u00e9rgicas calles de Lisboa hasta la majestuosidad arquitect\u00f3nica de Oporto, pasando por una estancia espiritual en F\u00e1tima, experimente la esencia de Portugal en un solo d\u00eda.<\/span><\/p>\n","protected":false},"featured_media":170372,"comment_status":"open","ping_status":"closed","template":"","meta":{"_acf_changed":false},"product_brand":[],"product_cat":[625,628,630,631],"product_tag":[],"class_list":{"0":"post-170356","1":"product","2":"type-product","3":"status-publish","4":"has-post-thumbnail","6":"product_cat-lisboa-es","7":"product_cat-lisboa-actividades-es","8":"product_cat-lisboa-rutas-turisticas-privadas-es","9":"product_cat-lisboa-traslados-es","11":"first","12":"instock","13":"shipping-taxable","14":"purchasable","15":"product-type-simple"},"acf":[],"yoast_head":"<!-- This site is optimized with the Yoast SEO Premium plugin v25.3.1 (Yoast SEO v25.3.1) - https:\/\/yoast.com\/wordpress\/plugins\/seo\/ -->\n<title>\u27a1\ufe0f Premium Lisbon to Porto Transfer with F\u00e1tima Stop by Tour Travel and More<\/title>\n<meta name=\"description\" content=\"Eleve su viaje entre Lisboa y Oporto con un traslado de lujo que incluye una conmovedora parada en F\u00e1tima. Explore el coraz\u00f3n de Portugal en un solo d\u00eda.\u2705\" \/>\n<meta name=\"robots\" content=\"index, follow, max-snippet:-1, max-image-preview:large, max-video-preview:-1\" \/>\n<link rel=\"canonical\" href=\"https:\/\/tourtravelandmore.com\/es\/tours\/portugal-es\/lisboa-es\/traslado-a-oporto-con-parada-en-fatima\/\" \/>\n<meta property=\"og:locale\" content=\"es_ES\" \/>\n<meta property=\"og:type\" content=\"article\" \/>\n<meta property=\"og:title\" content=\"Traslado a Oporto con Parada en F\u00e1tima\" \/>\n<meta property=\"og:description\" content=\"Eleve su viaje entre Lisboa y Oporto con un traslado de lujo que incluye una conmovedora parada en F\u00e1tima. Explore el coraz\u00f3n de Portugal en un solo d\u00eda.\u2705\" \/>\n<meta property=\"og:url\" content=\"https:\/\/tourtravelandmore.com\/es\/tours\/portugal-es\/lisboa-es\/traslado-a-oporto-con-parada-en-fatima\/\" \/>\n<meta property=\"og:site_name\" content=\"Tour Travel And More\" \/>\n<meta property=\"article:publisher\" content=\"https:\/\/www.facebook.com\/tourtravelandmore\/\" \/>\n<meta property=\"article:modified_time\" content=\"2024-04-29T13:47:12+00:00\" \/>\n<meta property=\"og:image\" content=\"https:\/\/tourtravelandmore.com\/wp-content\/uploads\/2023\/10\/image1-3.jpg\" \/>\n\t<meta property=\"og:image:width\" content=\"900\" \/>\n\t<meta property=\"og:image:height\" content=\"750\" \/>\n\t<meta property=\"og:image:type\" content=\"image\/jpeg\" \/>\n<meta name=\"twitter:card\" content=\"summary_large_image\" \/>\n<meta name=\"twitter:site\" content=\"@TourTravel_More\" \/>\n<meta name=\"twitter:label1\" content=\"Tiempo de lectura\" \/>\n\t<meta name=\"twitter:data1\" content=\"3 minutos\" \/>\n<script type=\"application\/ld+json\" class=\"yoast-schema-graph\">{\"@context\":\"https:\/\/schema.org\",\"@graph\":[{\"@type\":\"WebPage\",\"@id\":\"https:\/\/tourtravelandmore.com\/es\/tours\/portugal-es\/lisboa-es\/traslado-a-oporto-con-parada-en-fatima\/\",\"url\":\"https:\/\/tourtravelandmore.com\/es\/tours\/portugal-es\/lisboa-es\/traslado-a-oporto-con-parada-en-fatima\/\",\"name\":\"\u27a1\ufe0f Premium Lisbon to Porto Transfer with F\u00e1tima Stop by Tour Travel and More\",\"isPartOf\":{\"@id\":\"https:\/\/tourtravelandmore.com\/es\/#website\"},\"primaryImageOfPage\":{\"@id\":\"https:\/\/tourtravelandmore.com\/es\/tours\/portugal-es\/lisboa-es\/traslado-a-oporto-con-parada-en-fatima\/#primaryimage\"},\"image\":{\"@id\":\"https:\/\/tourtravelandmore.com\/es\/tours\/portugal-es\/lisboa-es\/traslado-a-oporto-con-parada-en-fatima\/#primaryimage\"},\"thumbnailUrl\":\"https:\/\/tourtravelandmore.com\/wp-content\/uploads\/2023\/10\/image1-3.jpg\",\"datePublished\":\"2023-10-02T08:06:15+00:00\",\"dateModified\":\"2024-04-29T13:47:12+00:00\",\"description\":\"Eleve su viaje entre Lisboa y Oporto con un traslado de lujo que incluye una conmovedora parada en F\u00e1tima. Explore el coraz\u00f3n de Portugal en un solo d\u00eda.\u2705\",\"breadcrumb\":{\"@id\":\"https:\/\/tourtravelandmore.com\/es\/tours\/portugal-es\/lisboa-es\/traslado-a-oporto-con-parada-en-fatima\/#breadcrumb\"},\"inLanguage\":\"es\",\"potentialAction\":[{\"@type\":\"ReadAction\",\"target\":[\"https:\/\/tourtravelandmore.com\/es\/tours\/portugal-es\/lisboa-es\/traslado-a-oporto-con-parada-en-fatima\/\"]}]},{\"@type\":\"ImageObject\",\"inLanguage\":\"es\",\"@id\":\"https:\/\/tourtravelandmore.com\/es\/tours\/portugal-es\/lisboa-es\/traslado-a-oporto-con-parada-en-fatima\/#primaryimage\",\"url\":\"https:\/\/tourtravelandmore.com\/wp-content\/uploads\/2023\/10\/image1-3.jpg\",\"contentUrl\":\"https:\/\/tourtravelandmore.com\/wp-content\/uploads\/2023\/10\/image1-3.jpg\",\"width\":900,\"height\":750},{\"@type\":\"BreadcrumbList\",\"@id\":\"https:\/\/tourtravelandmore.com\/es\/tours\/portugal-es\/lisboa-es\/traslado-a-oporto-con-parada-en-fatima\/#breadcrumb\",\"itemListElement\":[{\"@type\":\"ListItem\",\"position\":1,\"name\":\"Home\",\"item\":\"https:\/\/tourtravelandmore.com\/es\/\"},{\"@type\":\"ListItem\",\"position\":2,\"name\":\"Tours\",\"item\":\"https:\/\/tourtravelandmore.com\/es\/tours\/\"},{\"@type\":\"ListItem\",\"position\":3,\"name\":\"Traslado a Oporto con Parada en F\u00e1tima\"}]},{\"@type\":\"WebSite\",\"@id\":\"https:\/\/tourtravelandmore.com\/es\/#website\",\"url\":\"https:\/\/tourtravelandmore.com\/es\/\",\"name\":\"Tour Travel And More\",\"description\":\"Private sightseeing tours and luxury transfers in Spain\",\"publisher\":{\"@id\":\"https:\/\/tourtravelandmore.com\/es\/#organization\"},\"potentialAction\":[{\"@type\":\"SearchAction\",\"target\":{\"@type\":\"EntryPoint\",\"urlTemplate\":\"https:\/\/tourtravelandmore.com\/es\/?s={search_term_string}\"},\"query-input\":{\"@type\":\"PropertyValueSpecification\",\"valueRequired\":true,\"valueName\":\"search_term_string\"}}],\"inLanguage\":\"es\"},{\"@type\":\"Organization\",\"@id\":\"https:\/\/tourtravelandmore.com\/es\/#organization\",\"name\":\"Tour Travel And More\",\"url\":\"https:\/\/tourtravelandmore.com\/es\/\",\"logo\":{\"@type\":\"ImageObject\",\"inLanguage\":\"es\",\"@id\":\"https:\/\/tourtravelandmore.com\/es\/#\/schema\/logo\/image\/\",\"url\":\"https:\/\/tourtravelandmore.com\/wp-content\/uploads\/2022\/12\/cropped-logo-cabecera-new.png\",\"contentUrl\":\"https:\/\/tourtravelandmore.com\/wp-content\/uploads\/2022\/12\/cropped-logo-cabecera-new.png\",\"width\":430,\"height\":61,\"caption\":\"Tour Travel And More\"},\"image\":{\"@id\":\"https:\/\/tourtravelandmore.com\/es\/#\/schema\/logo\/image\/\"},\"sameAs\":[\"https:\/\/www.facebook.com\/tourtravelandmore\/\",\"https:\/\/x.com\/TourTravel_More\"]}]}<\/script>\n<!-- \/ Yoast SEO Premium plugin. -->","yoast_head_json":{"title":"\u27a1\ufe0f Premium Lisbon to Porto Transfer with F\u00e1tima Stop by Tour Travel and More","description":"Eleve su viaje entre Lisboa y Oporto con un traslado de lujo que incluye una conmovedora parada en F\u00e1tima. Explore el coraz\u00f3n de Portugal en un solo d\u00eda.\u2705","robots":{"index":"index","follow":"follow","max-snippet":"max-snippet:-1","max-image-preview":"max-image-preview:large","max-video-preview":"max-video-preview:-1"},"canonical":"https:\/\/tourtravelandmore.com\/es\/tours\/portugal-es\/lisboa-es\/traslado-a-oporto-con-parada-en-fatima\/","og_locale":"es_ES","og_type":"article","og_title":"Traslado a Oporto con Parada en F\u00e1tima","og_description":"Eleve su viaje entre Lisboa y Oporto con un traslado de lujo que incluye una conmovedora parada en F\u00e1tima. Explore el coraz\u00f3n de Portugal en un solo d\u00eda.\u2705","og_url":"https:\/\/tourtravelandmore.com\/es\/tours\/portugal-es\/lisboa-es\/traslado-a-oporto-con-parada-en-fatima\/","og_site_name":"Tour Travel And More","article_publisher":"https:\/\/www.facebook.com\/tourtravelandmore\/","article_modified_time":"2024-04-29T13:47:12+00:00","og_image":[{"width":900,"height":750,"url":"https:\/\/tourtravelandmore.com\/wp-content\/uploads\/2023\/10\/image1-3.jpg","type":"image\/jpeg"}],"twitter_card":"summary_large_image","twitter_site":"@TourTravel_More","twitter_misc":{"Tiempo de lectura":"3 minutos"},"schema":{"@context":"https:\/\/schema.org","@graph":[{"@type":"WebPage","@id":"https:\/\/tourtravelandmore.com\/es\/tours\/portugal-es\/lisboa-es\/traslado-a-oporto-con-parada-en-fatima\/","url":"https:\/\/tourtravelandmore.com\/es\/tours\/portugal-es\/lisboa-es\/traslado-a-oporto-con-parada-en-fatima\/","name":"\u27a1\ufe0f Premium Lisbon to Porto Transfer with F\u00e1tima Stop by Tour Travel and More","isPartOf":{"@id":"https:\/\/tourtravelandmore.com\/es\/#website"},"primaryImageOfPage":{"@id":"https:\/\/tourtravelandmore.com\/es\/tours\/portugal-es\/lisboa-es\/traslado-a-oporto-con-parada-en-fatima\/#primaryimage"},"image":{"@id":"https:\/\/tourtravelandmore.com\/es\/tours\/portugal-es\/lisboa-es\/traslado-a-oporto-con-parada-en-fatima\/#primaryimage"},"thumbnailUrl":"https:\/\/tourtravelandmore.com\/wp-content\/uploads\/2023\/10\/image1-3.jpg","datePublished":"2023-10-02T08:06:15+00:00","dateModified":"2024-04-29T13:47:12+00:00","description":"Eleve su viaje entre Lisboa y Oporto con un traslado de lujo que incluye una conmovedora parada en F\u00e1tima. Explore el coraz\u00f3n de Portugal en un solo d\u00eda.\u2705","breadcrumb":{"@id":"https:\/\/tourtravelandmore.com\/es\/tours\/portugal-es\/lisboa-es\/traslado-a-oporto-con-parada-en-fatima\/#breadcrumb"},"inLanguage":"es","potentialAction":[{"@type":"ReadAction","target":["https:\/\/tourtravelandmore.com\/es\/tours\/portugal-es\/lisboa-es\/traslado-a-oporto-con-parada-en-fatima\/"]}]},{"@type":"ImageObject","inLanguage":"es","@id":"https:\/\/tourtravelandmore.com\/es\/tours\/portugal-es\/lisboa-es\/traslado-a-oporto-con-parada-en-fatima\/#primaryimage","url":"https:\/\/tourtravelandmore.com\/wp-content\/uploads\/2023\/10\/image1-3.jpg","contentUrl":"https:\/\/tourtravelandmore.com\/wp-content\/uploads\/2023\/10\/image1-3.jpg","width":900,"height":750},{"@type":"BreadcrumbList","@id":"https:\/\/tourtravelandmore.com\/es\/tours\/portugal-es\/lisboa-es\/traslado-a-oporto-con-parada-en-fatima\/#breadcrumb","itemListElement":[{"@type":"ListItem","position":1,"name":"Home","item":"https:\/\/tourtravelandmore.com\/es\/"},{"@type":"ListItem","position":2,"name":"Tours","item":"https:\/\/tourtravelandmore.com\/es\/tours\/"},{"@type":"ListItem","position":3,"name":"Traslado a Oporto con Parada en F\u00e1tima"}]},{"@type":"WebSite","@id":"https:\/\/tourtravelandmore.com\/es\/#website","url":"https:\/\/tourtravelandmore.com\/es\/","name":"Tour Travel And More","description":"Private sightseeing tours and luxury transfers in Spain","publisher":{"@id":"https:\/\/tourtravelandmore.com\/es\/#organization"},"potentialAction":[{"@type":"SearchAction","target":{"@type":"EntryPoint","urlTemplate":"https:\/\/tourtravelandmore.com\/es\/?s={search_term_string}"},"query-input":{"@type":"PropertyValueSpecification","valueRequired":true,"valueName":"search_term_string"}}],"inLanguage":"es"},{"@type":"Organization","@id":"https:\/\/tourtravelandmore.com\/es\/#organization","name":"Tour Travel And More","url":"https:\/\/tourtravelandmore.com\/es\/","logo":{"@type":"ImageObject","inLanguage":"es","@id":"https:\/\/tourtravelandmore.com\/es\/#\/schema\/logo\/image\/","url":"https:\/\/tourtravelandmore.com\/wp-content\/uploads\/2022\/12\/cropped-logo-cabecera-new.png","contentUrl":"https:\/\/tourtravelandmore.com\/wp-content\/uploads\/2022\/12\/cropped-logo-cabecera-new.png","width":430,"height":61,"caption":"Tour Travel And More"},"image":{"@id":"https:\/\/tourtravelandmore.com\/es\/#\/schema\/logo\/image\/"},"sameAs":["https:\/\/www.facebook.com\/tourtravelandmore\/","https:\/\/x.com\/TourTravel_More"]}]}},"_links":{"self":[{"href":"https:\/\/tourtravelandmore.com\/es\/wp-json\/wp\/v2\/product\/170356","targetHints":{"allow":["GET"]}}],"collection":[{"href":"https:\/\/tourtravelandmore.com\/es\/wp-json\/wp\/v2\/product"}],"about":[{"href":"https:\/\/tourtravelandmore.com\/es\/wp-json\/wp\/v2\/types\/product"}],"replies":[{"embeddable":true,"href":"https:\/\/tourtravelandmore.com\/es\/wp-json\/wp\/v2\/comments?post=170356"}],"wp:featuredmedia":[{"embeddable":true,"href":"https:\/\/tourtravelandmore.com\/es\/wp-json\/wp\/v2\/media\/170372"}],"wp:attachment":[{"href":"https:\/\/tourtravelandmore.com\/es\/wp-json\/wp\/v2\/media?parent=170356"}],"wp:term":[{"taxonomy":"product_brand","embeddable":true,"href":"https:\/\/tourtravelandmore.com\/es\/wp-json\/wp\/v2\/product_brand?post=170356"},{"taxonomy":"product_cat","embeddable":true,"href":"https:\/\/tourtravelandmore.com\/es\/wp-json\/wp\/v2\/product_cat?post=170356"},{"taxonomy":"product_tag","embeddable":true,"href":"https:\/\/tourtravelandmore.com\/es\/wp-json\/wp\/v2\/product_tag?post=170356"}],"curies":[{"name":"wp","href":"https:\/\/api.w.org\/{rel}","templated":true}]}}