{"id":170329,"date":"2023-10-02T09:45:03","date_gmt":"2023-10-02T07:45:06","guid":{"rendered":"https:\/\/tourtravelandmore.com\/?post_type=product&#038;p=170329"},"modified":"2023-10-18T16:55:46","modified_gmt":"2023-10-18T14:55:46","slug":"visita-privada-de-belen-con-monasterio-de-los-jeronimos-y-visita-panoramica-de-la-ciudad-en-coche","status":"publish","type":"product","link":"https:\/\/tourtravelandmore.com\/es\/tours\/portugal-es\/lisboa-es\/visita-privada-de-belen-con-monasterio-de-los-jeronimos-y-visita-panoramica-de-la-ciudad-en-coche\/","title":{"rendered":"Visita privada de Bel\u00e9n con Monasterio de los Jer\u00f3nimos"},"content":{"rendered":"<h2><b>Tour privado de Bel\u00e9n con Monasterio de los Jer\u00f3nimos descripci\u00f3n:<\/b><\/h2>\n<p><span style=\"font-weight: 400;\">Disfrute de una experiencia lujosa y exclusiva al embarcarse en un tour privado de Bel\u00e9n, complementado con una visita al ilustre Monasterio de los Jer\u00f3nimos. Tour Travel and More se asegura de que cada momento de este viaje de 4 horas se adapte a sus preferencias. Desde el momento en que ponga un pie en nuestro c\u00f3modo coche hasta las perspicaces narraciones de nuestro gu\u00eda profesional, le garantizamos un servicio inigualable. M\u00e1s all\u00e1 de la importancia hist\u00f3rica de Bel\u00e9n, quedar\u00e1 hipnotizado por la maravilla arquitect\u00f3nica de los Jer\u00f3nimos de Lisboa. El recorrido culmina con un paseo panor\u00e1mico por la ciudad, que ofrece vistas impresionantes y una visi\u00f3n del rico tapiz de historia y cultura de la ciudad.<\/span><\/p>\n<p><span style=\"font-weight: 400;\">Sum\u00e9rjase en las historias de exploradores mar\u00edtimos, antiguos monarcas y milagros religiosos mientras navega por los barrios hist\u00f3ricos de Lisboa. Cada monumento es un testimonio del profundo legado de la ciudad. El ambiente et\u00e9reo de Bel\u00e9n, yuxtapuesto a la grandeza del Monasterio de los Jer\u00f3nimos, cautivar\u00e1 al viajero m\u00e1s exigente. Mientras el coche se desliza suavemente por los bulevares, avenidas y sinuosas calles de la ciudad, se le presentar\u00e1 un mosaico del pasado y el presente de Lisboa. Marav\u00edllese con los monumentos emblem\u00e1ticos, la armoniosa mezcla de modernidad y tradici\u00f3n, y el flujo y reflujo r\u00edtmico de la vida cotidiana, todo ello envuelto en el lujo y la comodidad de nuestro veh\u00edculo premium. Cada momento con Tour Travel and More est\u00e1 dise\u00f1ado no s\u00f3lo como un tour, sino como un viaje \u00edntimo al coraz\u00f3n de Lisboa.<\/span><\/p>\n<h2><b>Tour privado de Bel\u00e9n con Monasterio de los Jer\u00f3nimos destacados:<\/b><\/h2>\n<p><span style=\"font-weight: 400;\">Conozca Bel\u00e9n, un lugar de profunda importancia religiosa e hist\u00f3rica, y d\u00e9jese cautivar por sus historias y leyendas. La pieza central de este recorrido es el Monasterio de los Jer\u00f3nimos, testimonio de la era de los descubrimientos y Patrimonio de la Humanidad por la UNESCO. Su intrincado dise\u00f1o y su rica historia dejar\u00e1n una huella imborrable en su memoria. Mientras recorremos las vibrantes calles de Lisboa en nuestro lujoso coche, la vista panor\u00e1mica ofrece una perspectiva \u00fanica del majestuoso perfil de la ciudad, los barrios antiguos y los lugares emblem\u00e1ticos, asegurando que cada momento sea una oportunidad fotogr\u00e1fica.<\/span><\/p>\n<p><span style=\"font-weight: 400;\">La armoniosa mezcla de pasado y presente es palpable mientras navega por los diversos barrios de Lisboa. Cada curva revela una historia, cada fachada cuenta un relato y el suave murmullo del r\u00edo Tajo se suma al encantador ambiente de la ciudad. Con Tour Travel and More, no s\u00f3lo ser\u00e1 testigo de la historia, sino que la vivir\u00e1, sintiendo el pulso de siglos de cultura, conquistas y celebraciones, todo ello en la comodidad de nuestro veh\u00edculo, haciendo de este viaje un cap\u00edtulo inolvidable en su agenda.<\/span><\/p>\n<h3><span style=\"font-weight: 400;\">Visitas populares y lugares de inter\u00e9s de los Jer\u00f3nimos en Lisboa:<\/span><\/h3>\n<p>&nbsp;<\/p>\n<ul>\n<li style=\"font-weight: 400;\" aria-level=\"1\"><b>Monasterio de los Jer\u00f3nimos: <\/b><span style=\"font-weight: 400;\">Brillante ejemplo del estilo arquitect\u00f3nico manuelino, este monasterio es un testimonio de la Era de los Descubrimientos de Portugal. El detallado trabajo en piedra, los elevados interiores y la rica historia que se esconde tras sus muros lo convierten en una visita imprescindible.<\/span><\/li>\n<li style=\"font-weight: 400;\" aria-level=\"1\"><b>Torre de Belem: <\/b><span style=\"font-weight: 400;\">Originalmente construida como torre de defensa, la Torre de Belem es ahora un s\u00edmbolo de la historia mar\u00edtima de Lisboa. Sus caracter\u00edsticas arquitect\u00f3nicas \u00fanicas y su posici\u00f3n junto al r\u00edo Tajo la convierten en uno de los monumentos m\u00e1s fotografiados de la ciudad.<\/span><\/li>\n<li style=\"font-weight: 400;\" aria-level=\"1\"><b>Monumento a los Descubrimientos:<\/b><span style=\"font-weight: 400;\"> Moderno homenaje a la Era de los Descubrimientos, este monumento rinde tributo a los pioneros exploradores portugueses. Con estatuas de figuras destacadas de esta \u00e9poca, como Vasco da Gama, el monumento ofrece una vista panor\u00e1mica del barrio de Belem desde su cima.<\/span><\/li>\n<li style=\"font-weight: 400;\" aria-level=\"1\"><b>Vista panor\u00e1mica de Rossio:<\/b><span style=\"font-weight: 400;\"> En su viaje por Lisboa, un paso panor\u00e1mico por la plaza de Rossio, el coraz\u00f3n de la ciudad, ofrece una visi\u00f3n de la vibrante vida lisboeta con sus fuentes, monumentos y teatros hist\u00f3ricos.<\/span><\/li>\n<li style=\"font-weight: 400;\" aria-level=\"1\"><b>Barrio de Alfama:<\/b><span style=\"font-weight: 400;\"> Conocido como el barrio m\u00e1s antiguo de Lisboa, Alfama es un laberinto de calles estrechas, casas antiguas y locales de m\u00fasica tradicional de fado. El barrio emana un encanto del viejo mundo y ofrece una inmersi\u00f3n profunda en el pasado morisco de la ciudad.<\/span><\/li>\n<\/ul>\n<p>&nbsp;<\/p>\n<p><span style=\"font-weight: 400;\">Para aquellos que anhelan una comprensi\u00f3n a\u00fan m\u00e1s profunda de Lisboa y sus maravillas, <\/span><a href=\"https:\/\/tourtravelandmore.com\/es\/ciudad\/portugal-es\/lisboa-es\/\"><span style=\"font-weight: 400;\">Tour Travel and More ofrece una serie de visitas privadas adaptadas a sus intereses.<\/span><\/a><span style=\"font-weight: 400;\"> Descubra m\u00e1s sobre Lisboa visitando nuestro sitio web.<\/span><\/p>\n","protected":false},"excerpt":{"rendered":"<p><span style=\"font-weight: 400;\">Experimente el encanto de Bel\u00e9n, la maravilla arquitect\u00f3nica del Monasterio de los Jer\u00f3nimos, y un paseo panor\u00e1mico por Lisboa, todo en un \u00fanico y exclusivo tour privado con Tour Travel and More.<\/span><\/p>\n","protected":false},"featured_media":170345,"comment_status":"open","ping_status":"closed","template":"","meta":{"_acf_changed":false},"product_brand":[],"product_cat":[625,628,630],"product_tag":[],"class_list":{"0":"post-170329","1":"product","2":"type-product","3":"status-publish","4":"has-post-thumbnail","6":"product_cat-lisboa-es","7":"product_cat-lisboa-actividades-es","8":"product_cat-lisboa-rutas-turisticas-privadas-es","10":"first","11":"instock","12":"shipping-taxable","13":"purchasable","14":"product-type-simple"},"acf":[],"yoast_head":"<!-- This site is optimized with the Yoast SEO Premium plugin v25.3.1 (Yoast SEO v25.3.1) - https:\/\/yoast.com\/wordpress\/plugins\/seo\/ -->\n<title>\u27a1\ufe0f Tour Privado Bel\u00e9n y Monasterio de los Jer\u00f3nimos por Tour Travel and More<\/title>\n<meta name=\"description\" content=\"Sum\u00e9rjase en la historia y la belleza de Bel\u00e9n y el Monasterio de los Jer\u00f3nimos en un lujoso tour privado de 4 horas. \u00a1Descubre las joyas de Lisboa con nosotros! \u2705\" \/>\n<meta name=\"robots\" content=\"index, follow, max-snippet:-1, max-image-preview:large, max-video-preview:-1\" \/>\n<link rel=\"canonical\" href=\"https:\/\/tourtravelandmore.com\/es\/tours\/portugal-es\/lisboa-es\/visita-privada-de-belen-con-monasterio-de-los-jeronimos-y-visita-panoramica-de-la-ciudad-en-coche\/\" \/>\n<meta property=\"og:locale\" content=\"es_ES\" \/>\n<meta property=\"og:type\" content=\"article\" \/>\n<meta property=\"og:title\" content=\"Visita privada de Bel\u00e9n con Monasterio de los Jer\u00f3nimos\" \/>\n<meta property=\"og:description\" content=\"Sum\u00e9rjase en la historia y la belleza de Bel\u00e9n y el Monasterio de los Jer\u00f3nimos en un lujoso tour privado de 4 horas. \u00a1Descubre las joyas de Lisboa con nosotros! \u2705\" \/>\n<meta property=\"og:url\" content=\"https:\/\/tourtravelandmore.com\/es\/tours\/portugal-es\/lisboa-es\/visita-privada-de-belen-con-monasterio-de-los-jeronimos-y-visita-panoramica-de-la-ciudad-en-coche\/\" \/>\n<meta property=\"og:site_name\" content=\"Tour Travel And More\" \/>\n<meta property=\"article:publisher\" content=\"https:\/\/www.facebook.com\/tourtravelandmore\/\" \/>\n<meta property=\"article:modified_time\" content=\"2023-10-18T14:55:46+00:00\" \/>\n<meta property=\"og:image\" content=\"https:\/\/tourtravelandmore.com\/wp-content\/uploads\/2023\/10\/image1-2.jpg\" \/>\n\t<meta property=\"og:image:width\" content=\"900\" \/>\n\t<meta property=\"og:image:height\" content=\"750\" \/>\n\t<meta property=\"og:image:type\" content=\"image\/jpeg\" \/>\n<meta name=\"twitter:card\" content=\"summary_large_image\" \/>\n<meta name=\"twitter:site\" content=\"@TourTravel_More\" \/>\n<meta name=\"twitter:label1\" content=\"Tiempo de lectura\" \/>\n\t<meta name=\"twitter:data1\" content=\"4 minutos\" \/>\n<script type=\"application\/ld+json\" class=\"yoast-schema-graph\">{\"@context\":\"https:\/\/schema.org\",\"@graph\":[{\"@type\":\"WebPage\",\"@id\":\"https:\/\/tourtravelandmore.com\/es\/tours\/portugal-es\/lisboa-es\/visita-privada-de-belen-con-monasterio-de-los-jeronimos-y-visita-panoramica-de-la-ciudad-en-coche\/\",\"url\":\"https:\/\/tourtravelandmore.com\/es\/tours\/portugal-es\/lisboa-es\/visita-privada-de-belen-con-monasterio-de-los-jeronimos-y-visita-panoramica-de-la-ciudad-en-coche\/\",\"name\":\"\u27a1\ufe0f Tour Privado Bel\u00e9n y Monasterio de los Jer\u00f3nimos por Tour Travel and More\",\"isPartOf\":{\"@id\":\"https:\/\/tourtravelandmore.com\/es\/#website\"},\"primaryImageOfPage\":{\"@id\":\"https:\/\/tourtravelandmore.com\/es\/tours\/portugal-es\/lisboa-es\/visita-privada-de-belen-con-monasterio-de-los-jeronimos-y-visita-panoramica-de-la-ciudad-en-coche\/#primaryimage\"},\"image\":{\"@id\":\"https:\/\/tourtravelandmore.com\/es\/tours\/portugal-es\/lisboa-es\/visita-privada-de-belen-con-monasterio-de-los-jeronimos-y-visita-panoramica-de-la-ciudad-en-coche\/#primaryimage\"},\"thumbnailUrl\":\"https:\/\/tourtravelandmore.com\/wp-content\/uploads\/2023\/10\/image1-2.jpg\",\"datePublished\":\"2023-10-02T07:45:06+00:00\",\"dateModified\":\"2023-10-18T14:55:46+00:00\",\"description\":\"Sum\u00e9rjase en la historia y la belleza de Bel\u00e9n y el Monasterio de los Jer\u00f3nimos en un lujoso tour privado de 4 horas. \u00a1Descubre las joyas de Lisboa con nosotros! \u2705\",\"breadcrumb\":{\"@id\":\"https:\/\/tourtravelandmore.com\/es\/tours\/portugal-es\/lisboa-es\/visita-privada-de-belen-con-monasterio-de-los-jeronimos-y-visita-panoramica-de-la-ciudad-en-coche\/#breadcrumb\"},\"inLanguage\":\"es\",\"potentialAction\":[{\"@type\":\"ReadAction\",\"target\":[\"https:\/\/tourtravelandmore.com\/es\/tours\/portugal-es\/lisboa-es\/visita-privada-de-belen-con-monasterio-de-los-jeronimos-y-visita-panoramica-de-la-ciudad-en-coche\/\"]}]},{\"@type\":\"ImageObject\",\"inLanguage\":\"es\",\"@id\":\"https:\/\/tourtravelandmore.com\/es\/tours\/portugal-es\/lisboa-es\/visita-privada-de-belen-con-monasterio-de-los-jeronimos-y-visita-panoramica-de-la-ciudad-en-coche\/#primaryimage\",\"url\":\"https:\/\/tourtravelandmore.com\/wp-content\/uploads\/2023\/10\/image1-2.jpg\",\"contentUrl\":\"https:\/\/tourtravelandmore.com\/wp-content\/uploads\/2023\/10\/image1-2.jpg\",\"width\":900,\"height\":750},{\"@type\":\"BreadcrumbList\",\"@id\":\"https:\/\/tourtravelandmore.com\/es\/tours\/portugal-es\/lisboa-es\/visita-privada-de-belen-con-monasterio-de-los-jeronimos-y-visita-panoramica-de-la-ciudad-en-coche\/#breadcrumb\",\"itemListElement\":[{\"@type\":\"ListItem\",\"position\":1,\"name\":\"Home\",\"item\":\"https:\/\/tourtravelandmore.com\/es\/\"},{\"@type\":\"ListItem\",\"position\":2,\"name\":\"Tours\",\"item\":\"https:\/\/tourtravelandmore.com\/es\/tours\/\"},{\"@type\":\"ListItem\",\"position\":3,\"name\":\"Visita privada de Bel\u00e9n con Monasterio de los Jer\u00f3nimos\"}]},{\"@type\":\"WebSite\",\"@id\":\"https:\/\/tourtravelandmore.com\/es\/#website\",\"url\":\"https:\/\/tourtravelandmore.com\/es\/\",\"name\":\"Tour Travel And More\",\"description\":\"Private sightseeing tours and luxury transfers in Spain\",\"publisher\":{\"@id\":\"https:\/\/tourtravelandmore.com\/es\/#organization\"},\"potentialAction\":[{\"@type\":\"SearchAction\",\"target\":{\"@type\":\"EntryPoint\",\"urlTemplate\":\"https:\/\/tourtravelandmore.com\/es\/?s={search_term_string}\"},\"query-input\":{\"@type\":\"PropertyValueSpecification\",\"valueRequired\":true,\"valueName\":\"search_term_string\"}}],\"inLanguage\":\"es\"},{\"@type\":\"Organization\",\"@id\":\"https:\/\/tourtravelandmore.com\/es\/#organization\",\"name\":\"Tour Travel And More\",\"url\":\"https:\/\/tourtravelandmore.com\/es\/\",\"logo\":{\"@type\":\"ImageObject\",\"inLanguage\":\"es\",\"@id\":\"https:\/\/tourtravelandmore.com\/es\/#\/schema\/logo\/image\/\",\"url\":\"https:\/\/tourtravelandmore.com\/wp-content\/uploads\/2022\/12\/cropped-logo-cabecera-new.png\",\"contentUrl\":\"https:\/\/tourtravelandmore.com\/wp-content\/uploads\/2022\/12\/cropped-logo-cabecera-new.png\",\"width\":430,\"height\":61,\"caption\":\"Tour Travel And More\"},\"image\":{\"@id\":\"https:\/\/tourtravelandmore.com\/es\/#\/schema\/logo\/image\/\"},\"sameAs\":[\"https:\/\/www.facebook.com\/tourtravelandmore\/\",\"https:\/\/x.com\/TourTravel_More\"]}]}<\/script>\n<!-- \/ Yoast SEO Premium plugin. -->","yoast_head_json":{"title":"\u27a1\ufe0f Tour Privado Bel\u00e9n y Monasterio de los Jer\u00f3nimos por Tour Travel and More","description":"Sum\u00e9rjase en la historia y la belleza de Bel\u00e9n y el Monasterio de los Jer\u00f3nimos en un lujoso tour privado de 4 horas. \u00a1Descubre las joyas de Lisboa con nosotros! \u2705","robots":{"index":"index","follow":"follow","max-snippet":"max-snippet:-1","max-image-preview":"max-image-preview:large","max-video-preview":"max-video-preview:-1"},"canonical":"https:\/\/tourtravelandmore.com\/es\/tours\/portugal-es\/lisboa-es\/visita-privada-de-belen-con-monasterio-de-los-jeronimos-y-visita-panoramica-de-la-ciudad-en-coche\/","og_locale":"es_ES","og_type":"article","og_title":"Visita privada de Bel\u00e9n con Monasterio de los Jer\u00f3nimos","og_description":"Sum\u00e9rjase en la historia y la belleza de Bel\u00e9n y el Monasterio de los Jer\u00f3nimos en un lujoso tour privado de 4 horas. \u00a1Descubre las joyas de Lisboa con nosotros! \u2705","og_url":"https:\/\/tourtravelandmore.com\/es\/tours\/portugal-es\/lisboa-es\/visita-privada-de-belen-con-monasterio-de-los-jeronimos-y-visita-panoramica-de-la-ciudad-en-coche\/","og_site_name":"Tour Travel And More","article_publisher":"https:\/\/www.facebook.com\/tourtravelandmore\/","article_modified_time":"2023-10-18T14:55:46+00:00","og_image":[{"width":900,"height":750,"url":"https:\/\/tourtravelandmore.com\/wp-content\/uploads\/2023\/10\/image1-2.jpg","type":"image\/jpeg"}],"twitter_card":"summary_large_image","twitter_site":"@TourTravel_More","twitter_misc":{"Tiempo de lectura":"4 minutos"},"schema":{"@context":"https:\/\/schema.org","@graph":[{"@type":"WebPage","@id":"https:\/\/tourtravelandmore.com\/es\/tours\/portugal-es\/lisboa-es\/visita-privada-de-belen-con-monasterio-de-los-jeronimos-y-visita-panoramica-de-la-ciudad-en-coche\/","url":"https:\/\/tourtravelandmore.com\/es\/tours\/portugal-es\/lisboa-es\/visita-privada-de-belen-con-monasterio-de-los-jeronimos-y-visita-panoramica-de-la-ciudad-en-coche\/","name":"\u27a1\ufe0f Tour Privado Bel\u00e9n y Monasterio de los Jer\u00f3nimos por Tour Travel and More","isPartOf":{"@id":"https:\/\/tourtravelandmore.com\/es\/#website"},"primaryImageOfPage":{"@id":"https:\/\/tourtravelandmore.com\/es\/tours\/portugal-es\/lisboa-es\/visita-privada-de-belen-con-monasterio-de-los-jeronimos-y-visita-panoramica-de-la-ciudad-en-coche\/#primaryimage"},"image":{"@id":"https:\/\/tourtravelandmore.com\/es\/tours\/portugal-es\/lisboa-es\/visita-privada-de-belen-con-monasterio-de-los-jeronimos-y-visita-panoramica-de-la-ciudad-en-coche\/#primaryimage"},"thumbnailUrl":"https:\/\/tourtravelandmore.com\/wp-content\/uploads\/2023\/10\/image1-2.jpg","datePublished":"2023-10-02T07:45:06+00:00","dateModified":"2023-10-18T14:55:46+00:00","description":"Sum\u00e9rjase en la historia y la belleza de Bel\u00e9n y el Monasterio de los Jer\u00f3nimos en un lujoso tour privado de 4 horas. \u00a1Descubre las joyas de Lisboa con nosotros! \u2705","breadcrumb":{"@id":"https:\/\/tourtravelandmore.com\/es\/tours\/portugal-es\/lisboa-es\/visita-privada-de-belen-con-monasterio-de-los-jeronimos-y-visita-panoramica-de-la-ciudad-en-coche\/#breadcrumb"},"inLanguage":"es","potentialAction":[{"@type":"ReadAction","target":["https:\/\/tourtravelandmore.com\/es\/tours\/portugal-es\/lisboa-es\/visita-privada-de-belen-con-monasterio-de-los-jeronimos-y-visita-panoramica-de-la-ciudad-en-coche\/"]}]},{"@type":"ImageObject","inLanguage":"es","@id":"https:\/\/tourtravelandmore.com\/es\/tours\/portugal-es\/lisboa-es\/visita-privada-de-belen-con-monasterio-de-los-jeronimos-y-visita-panoramica-de-la-ciudad-en-coche\/#primaryimage","url":"https:\/\/tourtravelandmore.com\/wp-content\/uploads\/2023\/10\/image1-2.jpg","contentUrl":"https:\/\/tourtravelandmore.com\/wp-content\/uploads\/2023\/10\/image1-2.jpg","width":900,"height":750},{"@type":"BreadcrumbList","@id":"https:\/\/tourtravelandmore.com\/es\/tours\/portugal-es\/lisboa-es\/visita-privada-de-belen-con-monasterio-de-los-jeronimos-y-visita-panoramica-de-la-ciudad-en-coche\/#breadcrumb","itemListElement":[{"@type":"ListItem","position":1,"name":"Home","item":"https:\/\/tourtravelandmore.com\/es\/"},{"@type":"ListItem","position":2,"name":"Tours","item":"https:\/\/tourtravelandmore.com\/es\/tours\/"},{"@type":"ListItem","position":3,"name":"Visita privada de Bel\u00e9n con Monasterio de los Jer\u00f3nimos"}]},{"@type":"WebSite","@id":"https:\/\/tourtravelandmore.com\/es\/#website","url":"https:\/\/tourtravelandmore.com\/es\/","name":"Tour Travel And More","description":"Private sightseeing tours and luxury transfers in Spain","publisher":{"@id":"https:\/\/tourtravelandmore.com\/es\/#organization"},"potentialAction":[{"@type":"SearchAction","target":{"@type":"EntryPoint","urlTemplate":"https:\/\/tourtravelandmore.com\/es\/?s={search_term_string}"},"query-input":{"@type":"PropertyValueSpecification","valueRequired":true,"valueName":"search_term_string"}}],"inLanguage":"es"},{"@type":"Organization","@id":"https:\/\/tourtravelandmore.com\/es\/#organization","name":"Tour Travel And More","url":"https:\/\/tourtravelandmore.com\/es\/","logo":{"@type":"ImageObject","inLanguage":"es","@id":"https:\/\/tourtravelandmore.com\/es\/#\/schema\/logo\/image\/","url":"https:\/\/tourtravelandmore.com\/wp-content\/uploads\/2022\/12\/cropped-logo-cabecera-new.png","contentUrl":"https:\/\/tourtravelandmore.com\/wp-content\/uploads\/2022\/12\/cropped-logo-cabecera-new.png","width":430,"height":61,"caption":"Tour Travel And More"},"image":{"@id":"https:\/\/tourtravelandmore.com\/es\/#\/schema\/logo\/image\/"},"sameAs":["https:\/\/www.facebook.com\/tourtravelandmore\/","https:\/\/x.com\/TourTravel_More"]}]}},"_links":{"self":[{"href":"https:\/\/tourtravelandmore.com\/es\/wp-json\/wp\/v2\/product\/170329","targetHints":{"allow":["GET"]}}],"collection":[{"href":"https:\/\/tourtravelandmore.com\/es\/wp-json\/wp\/v2\/product"}],"about":[{"href":"https:\/\/tourtravelandmore.com\/es\/wp-json\/wp\/v2\/types\/product"}],"replies":[{"embeddable":true,"href":"https:\/\/tourtravelandmore.com\/es\/wp-json\/wp\/v2\/comments?post=170329"}],"wp:featuredmedia":[{"embeddable":true,"href":"https:\/\/tourtravelandmore.com\/es\/wp-json\/wp\/v2\/media\/170345"}],"wp:attachment":[{"href":"https:\/\/tourtravelandmore.com\/es\/wp-json\/wp\/v2\/media?parent=170329"}],"wp:term":[{"taxonomy":"product_brand","embeddable":true,"href":"https:\/\/tourtravelandmore.com\/es\/wp-json\/wp\/v2\/product_brand?post=170329"},{"taxonomy":"product_cat","embeddable":true,"href":"https:\/\/tourtravelandmore.com\/es\/wp-json\/wp\/v2\/product_cat?post=170329"},{"taxonomy":"product_tag","embeddable":true,"href":"https:\/\/tourtravelandmore.com\/es\/wp-json\/wp\/v2\/product_tag?post=170329"}],"curies":[{"name":"wp","href":"https:\/\/api.w.org\/{rel}","templated":true}]}}