{"id":170302,"date":"2023-10-01T15:49:54","date_gmt":"2023-10-01T13:49:55","guid":{"rendered":"https:\/\/tourtravelandmore.com\/?post_type=product&#038;p=170302"},"modified":"2023-10-01T15:57:46","modified_gmt":"2023-10-01T13:57:46","slug":"excursion-privada-a-evora-desde-lisboa","status":"publish","type":"product","link":"https:\/\/tourtravelandmore.com\/es\/tours\/portugal-es\/lisboa-es\/excursion-privada-a-evora-desde-lisboa\/","title":{"rendered":"Excursi\u00f3n Privada a Evora desde Lisboa"},"content":{"rendered":"<h2><b>Excursi\u00f3n Privada a Evora desde Lisboa Descripci\u00f3n:<\/b><\/h2>\n<p><span style=\"font-weight: 400;\">Emb\u00e1rquese en un viaje extraordinario al coraz\u00f3n hist\u00f3rico de Portugal con nuestra Excursi\u00f3n Privada a \u00c9vora desde Lisboa, elaborada exclusivamente por Tour Travel and More. Saliendo de Lisboa, usted ser\u00e1 transportado en la comodidad de un veh\u00edculo privado, bajo el cuidado de nuestro conductor profesional. A medida que se acerca a Evora, Patrimonio de la Humanidad por la UNESCO, el rico tapiz hist\u00f3rico de la ciudad se hace evidente. A su llegada, un gu\u00eda experto, buen conocedor de la historia, la arquitectura y las leyendas de la ciudad, le conducir\u00e1 en una inmersi\u00f3n profunda de 2,5 horas en el coraz\u00f3n de \u00c9vora. Descubra antiguos templos romanos, iglesias medievales y calles laber\u00ednticas que cuentan historias de \u00e9pocas pasadas. Esta excursi\u00f3n de 8 horas resume lo mejor de \u00c9vora, garantizando una mezcla de educaci\u00f3n, exploraci\u00f3n y disfrute.<\/span><\/p>\n<p><span style=\"font-weight: 400;\">A lo largo del d\u00eda, se sumergir\u00e1 en una ciudad que combina a la perfecci\u00f3n la antig\u00fcedad con la vitalidad de la vida contempor\u00e1nea. Camine por senderos empedrados de siglos de antig\u00fcedad, donde cada piedra tiene una historia que contar. Sienta el peso de la historia frente a estructuras que han resistido el paso del tiempo, testigos de momentos cruciales y de la evoluci\u00f3n de la cultura portuguesa. A cada paso, d\u00e9jese hechizar por las melod\u00edas de la vida local, desde el parloteo de los bulliciosos mercados hasta los tranquilos susurros de los patios recoletos. Su viaje por \u00c9vora le promete no s\u00f3lo una exploraci\u00f3n de sus hitos f\u00edsicos, sino tambi\u00e9n un viaje en el tiempo, capturando el esp\u00edritu y la esencia de una ciudad que ha sido espectadora silenciosa de milenios de esfuerzo humano.<\/span><\/p>\n<h2><b>Excursi\u00f3n privada a \u00c9vora desde Lisboa Destacados:<\/b><\/h2>\n<p><span style=\"font-weight: 400;\">\u00c9vora es un testimonio intemporal de las diversas civilizaciones que la han habitado. El Templo Romano, reminiscencia de una \u00e9poca pasada, la Catedral de estilo g\u00f3tico y la escalofriante Capilla de los Huesos son s\u00f3lo algunas de las muchas maravillas que guarda esta ciudad. Pasee por la plaza central de la ciudad, la Pra\u00e7a do Giraldo, y perciba la vibrante vida del presente mezcl\u00e1ndose a la perfecci\u00f3n con los ecos del pasado. Marav\u00edllese ante los edificios encalados adornados con ribetes amarillos, un encanto caracter\u00edstico de \u00c9vora. Con cada esquina que se dobla, se desvela otra capa de la extensa historia de esta ciudad, dejando a los visitantes asombrados por su rico patrimonio.<\/span><\/p>\n<h2><b>Lugares de inter\u00e9s m\u00e1s populares:<\/b><\/h2>\n<p>&nbsp;<\/p>\n<ul>\n<li style=\"font-weight: 400;\" aria-level=\"1\"><b>Templo Romano de \u00c9vora:<\/b><span style=\"font-weight: 400;\"> Tambi\u00e9n conocido como el Templo de Diana, esta estructura romana bien conservada es un s\u00edmbolo de las antiguas ra\u00edces romanas de la ciudad. Con sus columnas corintias, el templo evoca im\u00e1genes de una \u00e9poca en la que \u00c9vora era un importante puesto romano.<\/span><\/li>\n<li style=\"font-weight: 400;\" aria-level=\"1\"><b>Catedral de \u00c9vora:<\/b><span style=\"font-weight: 400;\"> Dominando el perfil de la ciudad, la catedral, construida entre los siglos XII y XIII, es una notable mezcla de estilos arquitect\u00f3nicos rom\u00e1nico y g\u00f3tico. Su intrincado trabajo en piedra y sus vastos interiores muestran la grandeza religiosa del Portugal medieval.<\/span><\/li>\n<li style=\"font-weight: 400;\" aria-level=\"1\"><b>Capilla de los Huesos:<\/b><span style=\"font-weight: 400;\"> Quiz\u00e1s una de las capillas m\u00e1s singulares del mundo, este lugar enfrenta a los visitantes con el evocador mensaje: &#8220;Nuestros huesos, yacen aqu\u00ed, para los suyos esperan&#8221;. Las paredes revestidas de huesos y cr\u00e1neos humanos sirven de meditaci\u00f3n sobre la naturaleza transitoria de la vida.<\/span><\/li>\n<li style=\"font-weight: 400;\" aria-level=\"1\"><b>Pra\u00e7a do Giraldo:<\/b><span style=\"font-weight: 400;\"> Esta animada plaza se erige como el coraz\u00f3n de \u00c9vora, rodeada de arcos g\u00f3ticos, fuentes renacentistas y bulliciosos caf\u00e9s. A lo largo de los siglos, ha sido testigo de celebraciones, mercados e incluso ejecuciones, lo que la convierte en una parte central de la narrativa hist\u00f3rica de \u00c9vora.<\/span><\/li>\n<li style=\"font-weight: 400;\" aria-level=\"1\"><b>Acueducto del Agua de Prata:<\/b><span style=\"font-weight: 400;\"> Maravilla arquitect\u00f3nica, este acueducto se construy\u00f3 en el siglo XVI para abastecer de agua a la ciudad. Con una extensi\u00f3n de varios kil\u00f3metros, sus grandes arcos y su intrincado dise\u00f1o son testimonio de la destreza de sus creadores en el campo de la ingenier\u00eda.<\/span><\/li>\n<\/ul>\n<p><span style=\"font-weight: 400;\">Explore los encantadores paisajes y lugares hist\u00f3ricos de Portugal con nuestra variada oferta de viajes.<\/span><a href=\"https:\/\/tourtravelandmore.com\/es\/ciudad\/portugal-es\/lisboa-es\/\"><span style=\"font-weight: 400;\"> Desde las carism\u00e1ticas calles de Lisboa hasta las conmovedoras melod\u00edas del fado, <\/span><\/a><span style=\"font-weight: 400;\">Tour Travel and More le ofrece una exclusiva gama de experiencias privadas. Descubra m\u00e1s en nuestro sitio web.<\/span><\/p>\n","protected":false},"excerpt":{"rendered":"<p><span style=\"font-weight: 400;\">Sum\u00e9rjase en la esencia hist\u00f3rica de \u00c9vora con nuestra excursi\u00f3n privada de 8 horas desde Lisboa. Sum\u00e9rjase en historias antiguas, maravillas arquitect\u00f3nicas y la vibrante cultura de la ciudad, de la mano de gu\u00edas expertos que le garantizar\u00e1n una experiencia inolvidable.<\/span><\/p>\n","protected":false},"featured_media":170318,"comment_status":"open","ping_status":"closed","template":"","meta":{"_acf_changed":false},"product_brand":[],"product_cat":[625,628,630],"product_tag":[],"class_list":{"0":"post-170302","1":"product","2":"type-product","3":"status-publish","4":"has-post-thumbnail","6":"product_cat-lisboa-es","7":"product_cat-lisboa-actividades-es","8":"product_cat-lisboa-rutas-turisticas-privadas-es","10":"first","11":"instock","12":"shipping-taxable","13":"purchasable","14":"product-type-simple"},"acf":[],"yoast_head":"<!-- This site is optimized with the Yoast SEO Premium plugin v25.3.1 (Yoast SEO v25.3.1) - https:\/\/yoast.com\/wordpress\/plugins\/seo\/ -->\n<title>\u27a1\ufe0f Excursi\u00f3n Privada a Evora: Sum\u00e9rjase en el coraz\u00f3n hist\u00f3rico de Portugal<\/title>\n<meta name=\"description\" content=\"Descubra el rico tapiz hist\u00f3rico de \u00c9vora, desde los templos romanos hasta las maravillas medievales, en nuestra exclusiva excursi\u00f3n de 8 horas. Explore, aprenda y disfrute con Tour Travel and More \u2705.\" \/>\n<meta name=\"robots\" content=\"index, follow, max-snippet:-1, max-image-preview:large, max-video-preview:-1\" \/>\n<link rel=\"canonical\" href=\"https:\/\/tourtravelandmore.com\/es\/tours\/portugal-es\/lisboa-es\/excursion-privada-a-evora-desde-lisboa\/\" \/>\n<meta property=\"og:locale\" content=\"es_ES\" \/>\n<meta property=\"og:type\" content=\"article\" \/>\n<meta property=\"og:title\" content=\"Excursi\u00f3n Privada a Evora desde Lisboa\" \/>\n<meta property=\"og:description\" content=\"Descubra el rico tapiz hist\u00f3rico de \u00c9vora, desde los templos romanos hasta las maravillas medievales, en nuestra exclusiva excursi\u00f3n de 8 horas. Explore, aprenda y disfrute con Tour Travel and More \u2705.\" \/>\n<meta property=\"og:url\" content=\"https:\/\/tourtravelandmore.com\/es\/tours\/portugal-es\/lisboa-es\/excursion-privada-a-evora-desde-lisboa\/\" \/>\n<meta property=\"og:site_name\" content=\"Tour Travel And More\" \/>\n<meta property=\"article:publisher\" content=\"https:\/\/www.facebook.com\/tourtravelandmore\/\" \/>\n<meta property=\"article:modified_time\" content=\"2023-10-01T13:57:46+00:00\" \/>\n<meta property=\"og:image\" content=\"https:\/\/tourtravelandmore.com\/wp-content\/uploads\/2023\/10\/image1-1.jpg\" \/>\n\t<meta property=\"og:image:width\" content=\"900\" \/>\n\t<meta property=\"og:image:height\" content=\"750\" \/>\n\t<meta property=\"og:image:type\" content=\"image\/jpeg\" \/>\n<meta name=\"twitter:card\" content=\"summary_large_image\" \/>\n<meta name=\"twitter:site\" content=\"@TourTravel_More\" \/>\n<meta name=\"twitter:label1\" content=\"Tiempo de lectura\" \/>\n\t<meta name=\"twitter:data1\" content=\"4 minutos\" \/>\n<script type=\"application\/ld+json\" class=\"yoast-schema-graph\">{\"@context\":\"https:\/\/schema.org\",\"@graph\":[{\"@type\":\"WebPage\",\"@id\":\"https:\/\/tourtravelandmore.com\/es\/tours\/portugal-es\/lisboa-es\/excursion-privada-a-evora-desde-lisboa\/\",\"url\":\"https:\/\/tourtravelandmore.com\/es\/tours\/portugal-es\/lisboa-es\/excursion-privada-a-evora-desde-lisboa\/\",\"name\":\"\u27a1\ufe0f Excursi\u00f3n Privada a Evora: Sum\u00e9rjase en el coraz\u00f3n hist\u00f3rico de Portugal\",\"isPartOf\":{\"@id\":\"https:\/\/tourtravelandmore.com\/es\/#website\"},\"primaryImageOfPage\":{\"@id\":\"https:\/\/tourtravelandmore.com\/es\/tours\/portugal-es\/lisboa-es\/excursion-privada-a-evora-desde-lisboa\/#primaryimage\"},\"image\":{\"@id\":\"https:\/\/tourtravelandmore.com\/es\/tours\/portugal-es\/lisboa-es\/excursion-privada-a-evora-desde-lisboa\/#primaryimage\"},\"thumbnailUrl\":\"https:\/\/tourtravelandmore.com\/wp-content\/uploads\/2023\/10\/image1-1.jpg\",\"datePublished\":\"2023-10-01T13:49:55+00:00\",\"dateModified\":\"2023-10-01T13:57:46+00:00\",\"description\":\"Descubra el rico tapiz hist\u00f3rico de \u00c9vora, desde los templos romanos hasta las maravillas medievales, en nuestra exclusiva excursi\u00f3n de 8 horas. Explore, aprenda y disfrute con Tour Travel and More \u2705.\",\"breadcrumb\":{\"@id\":\"https:\/\/tourtravelandmore.com\/es\/tours\/portugal-es\/lisboa-es\/excursion-privada-a-evora-desde-lisboa\/#breadcrumb\"},\"inLanguage\":\"es\",\"potentialAction\":[{\"@type\":\"ReadAction\",\"target\":[\"https:\/\/tourtravelandmore.com\/es\/tours\/portugal-es\/lisboa-es\/excursion-privada-a-evora-desde-lisboa\/\"]}]},{\"@type\":\"ImageObject\",\"inLanguage\":\"es\",\"@id\":\"https:\/\/tourtravelandmore.com\/es\/tours\/portugal-es\/lisboa-es\/excursion-privada-a-evora-desde-lisboa\/#primaryimage\",\"url\":\"https:\/\/tourtravelandmore.com\/wp-content\/uploads\/2023\/10\/image1-1.jpg\",\"contentUrl\":\"https:\/\/tourtravelandmore.com\/wp-content\/uploads\/2023\/10\/image1-1.jpg\",\"width\":900,\"height\":750},{\"@type\":\"BreadcrumbList\",\"@id\":\"https:\/\/tourtravelandmore.com\/es\/tours\/portugal-es\/lisboa-es\/excursion-privada-a-evora-desde-lisboa\/#breadcrumb\",\"itemListElement\":[{\"@type\":\"ListItem\",\"position\":1,\"name\":\"Home\",\"item\":\"https:\/\/tourtravelandmore.com\/es\/\"},{\"@type\":\"ListItem\",\"position\":2,\"name\":\"Tours\",\"item\":\"https:\/\/tourtravelandmore.com\/es\/tours\/\"},{\"@type\":\"ListItem\",\"position\":3,\"name\":\"Excursi\u00f3n Privada a Evora desde Lisboa\"}]},{\"@type\":\"WebSite\",\"@id\":\"https:\/\/tourtravelandmore.com\/es\/#website\",\"url\":\"https:\/\/tourtravelandmore.com\/es\/\",\"name\":\"Tour Travel And More\",\"description\":\"Private sightseeing tours and luxury transfers in Spain\",\"publisher\":{\"@id\":\"https:\/\/tourtravelandmore.com\/es\/#organization\"},\"potentialAction\":[{\"@type\":\"SearchAction\",\"target\":{\"@type\":\"EntryPoint\",\"urlTemplate\":\"https:\/\/tourtravelandmore.com\/es\/?s={search_term_string}\"},\"query-input\":{\"@type\":\"PropertyValueSpecification\",\"valueRequired\":true,\"valueName\":\"search_term_string\"}}],\"inLanguage\":\"es\"},{\"@type\":\"Organization\",\"@id\":\"https:\/\/tourtravelandmore.com\/es\/#organization\",\"name\":\"Tour Travel And More\",\"url\":\"https:\/\/tourtravelandmore.com\/es\/\",\"logo\":{\"@type\":\"ImageObject\",\"inLanguage\":\"es\",\"@id\":\"https:\/\/tourtravelandmore.com\/es\/#\/schema\/logo\/image\/\",\"url\":\"https:\/\/tourtravelandmore.com\/wp-content\/uploads\/2022\/12\/cropped-logo-cabecera-new.png\",\"contentUrl\":\"https:\/\/tourtravelandmore.com\/wp-content\/uploads\/2022\/12\/cropped-logo-cabecera-new.png\",\"width\":430,\"height\":61,\"caption\":\"Tour Travel And More\"},\"image\":{\"@id\":\"https:\/\/tourtravelandmore.com\/es\/#\/schema\/logo\/image\/\"},\"sameAs\":[\"https:\/\/www.facebook.com\/tourtravelandmore\/\",\"https:\/\/x.com\/TourTravel_More\"]}]}<\/script>\n<!-- \/ Yoast SEO Premium plugin. -->","yoast_head_json":{"title":"\u27a1\ufe0f Excursi\u00f3n Privada a Evora: Sum\u00e9rjase en el coraz\u00f3n hist\u00f3rico de Portugal","description":"Descubra el rico tapiz hist\u00f3rico de \u00c9vora, desde los templos romanos hasta las maravillas medievales, en nuestra exclusiva excursi\u00f3n de 8 horas. Explore, aprenda y disfrute con Tour Travel and More \u2705.","robots":{"index":"index","follow":"follow","max-snippet":"max-snippet:-1","max-image-preview":"max-image-preview:large","max-video-preview":"max-video-preview:-1"},"canonical":"https:\/\/tourtravelandmore.com\/es\/tours\/portugal-es\/lisboa-es\/excursion-privada-a-evora-desde-lisboa\/","og_locale":"es_ES","og_type":"article","og_title":"Excursi\u00f3n Privada a Evora desde Lisboa","og_description":"Descubra el rico tapiz hist\u00f3rico de \u00c9vora, desde los templos romanos hasta las maravillas medievales, en nuestra exclusiva excursi\u00f3n de 8 horas. Explore, aprenda y disfrute con Tour Travel and More \u2705.","og_url":"https:\/\/tourtravelandmore.com\/es\/tours\/portugal-es\/lisboa-es\/excursion-privada-a-evora-desde-lisboa\/","og_site_name":"Tour Travel And More","article_publisher":"https:\/\/www.facebook.com\/tourtravelandmore\/","article_modified_time":"2023-10-01T13:57:46+00:00","og_image":[{"width":900,"height":750,"url":"https:\/\/tourtravelandmore.com\/wp-content\/uploads\/2023\/10\/image1-1.jpg","type":"image\/jpeg"}],"twitter_card":"summary_large_image","twitter_site":"@TourTravel_More","twitter_misc":{"Tiempo de lectura":"4 minutos"},"schema":{"@context":"https:\/\/schema.org","@graph":[{"@type":"WebPage","@id":"https:\/\/tourtravelandmore.com\/es\/tours\/portugal-es\/lisboa-es\/excursion-privada-a-evora-desde-lisboa\/","url":"https:\/\/tourtravelandmore.com\/es\/tours\/portugal-es\/lisboa-es\/excursion-privada-a-evora-desde-lisboa\/","name":"\u27a1\ufe0f Excursi\u00f3n Privada a Evora: Sum\u00e9rjase en el coraz\u00f3n hist\u00f3rico de Portugal","isPartOf":{"@id":"https:\/\/tourtravelandmore.com\/es\/#website"},"primaryImageOfPage":{"@id":"https:\/\/tourtravelandmore.com\/es\/tours\/portugal-es\/lisboa-es\/excursion-privada-a-evora-desde-lisboa\/#primaryimage"},"image":{"@id":"https:\/\/tourtravelandmore.com\/es\/tours\/portugal-es\/lisboa-es\/excursion-privada-a-evora-desde-lisboa\/#primaryimage"},"thumbnailUrl":"https:\/\/tourtravelandmore.com\/wp-content\/uploads\/2023\/10\/image1-1.jpg","datePublished":"2023-10-01T13:49:55+00:00","dateModified":"2023-10-01T13:57:46+00:00","description":"Descubra el rico tapiz hist\u00f3rico de \u00c9vora, desde los templos romanos hasta las maravillas medievales, en nuestra exclusiva excursi\u00f3n de 8 horas. Explore, aprenda y disfrute con Tour Travel and More \u2705.","breadcrumb":{"@id":"https:\/\/tourtravelandmore.com\/es\/tours\/portugal-es\/lisboa-es\/excursion-privada-a-evora-desde-lisboa\/#breadcrumb"},"inLanguage":"es","potentialAction":[{"@type":"ReadAction","target":["https:\/\/tourtravelandmore.com\/es\/tours\/portugal-es\/lisboa-es\/excursion-privada-a-evora-desde-lisboa\/"]}]},{"@type":"ImageObject","inLanguage":"es","@id":"https:\/\/tourtravelandmore.com\/es\/tours\/portugal-es\/lisboa-es\/excursion-privada-a-evora-desde-lisboa\/#primaryimage","url":"https:\/\/tourtravelandmore.com\/wp-content\/uploads\/2023\/10\/image1-1.jpg","contentUrl":"https:\/\/tourtravelandmore.com\/wp-content\/uploads\/2023\/10\/image1-1.jpg","width":900,"height":750},{"@type":"BreadcrumbList","@id":"https:\/\/tourtravelandmore.com\/es\/tours\/portugal-es\/lisboa-es\/excursion-privada-a-evora-desde-lisboa\/#breadcrumb","itemListElement":[{"@type":"ListItem","position":1,"name":"Home","item":"https:\/\/tourtravelandmore.com\/es\/"},{"@type":"ListItem","position":2,"name":"Tours","item":"https:\/\/tourtravelandmore.com\/es\/tours\/"},{"@type":"ListItem","position":3,"name":"Excursi\u00f3n Privada a Evora desde Lisboa"}]},{"@type":"WebSite","@id":"https:\/\/tourtravelandmore.com\/es\/#website","url":"https:\/\/tourtravelandmore.com\/es\/","name":"Tour Travel And More","description":"Private sightseeing tours and luxury transfers in Spain","publisher":{"@id":"https:\/\/tourtravelandmore.com\/es\/#organization"},"potentialAction":[{"@type":"SearchAction","target":{"@type":"EntryPoint","urlTemplate":"https:\/\/tourtravelandmore.com\/es\/?s={search_term_string}"},"query-input":{"@type":"PropertyValueSpecification","valueRequired":true,"valueName":"search_term_string"}}],"inLanguage":"es"},{"@type":"Organization","@id":"https:\/\/tourtravelandmore.com\/es\/#organization","name":"Tour Travel And More","url":"https:\/\/tourtravelandmore.com\/es\/","logo":{"@type":"ImageObject","inLanguage":"es","@id":"https:\/\/tourtravelandmore.com\/es\/#\/schema\/logo\/image\/","url":"https:\/\/tourtravelandmore.com\/wp-content\/uploads\/2022\/12\/cropped-logo-cabecera-new.png","contentUrl":"https:\/\/tourtravelandmore.com\/wp-content\/uploads\/2022\/12\/cropped-logo-cabecera-new.png","width":430,"height":61,"caption":"Tour Travel And More"},"image":{"@id":"https:\/\/tourtravelandmore.com\/es\/#\/schema\/logo\/image\/"},"sameAs":["https:\/\/www.facebook.com\/tourtravelandmore\/","https:\/\/x.com\/TourTravel_More"]}]}},"_links":{"self":[{"href":"https:\/\/tourtravelandmore.com\/es\/wp-json\/wp\/v2\/product\/170302","targetHints":{"allow":["GET"]}}],"collection":[{"href":"https:\/\/tourtravelandmore.com\/es\/wp-json\/wp\/v2\/product"}],"about":[{"href":"https:\/\/tourtravelandmore.com\/es\/wp-json\/wp\/v2\/types\/product"}],"replies":[{"embeddable":true,"href":"https:\/\/tourtravelandmore.com\/es\/wp-json\/wp\/v2\/comments?post=170302"}],"wp:featuredmedia":[{"embeddable":true,"href":"https:\/\/tourtravelandmore.com\/es\/wp-json\/wp\/v2\/media\/170318"}],"wp:attachment":[{"href":"https:\/\/tourtravelandmore.com\/es\/wp-json\/wp\/v2\/media?parent=170302"}],"wp:term":[{"taxonomy":"product_brand","embeddable":true,"href":"https:\/\/tourtravelandmore.com\/es\/wp-json\/wp\/v2\/product_brand?post=170302"},{"taxonomy":"product_cat","embeddable":true,"href":"https:\/\/tourtravelandmore.com\/es\/wp-json\/wp\/v2\/product_cat?post=170302"},{"taxonomy":"product_tag","embeddable":true,"href":"https:\/\/tourtravelandmore.com\/es\/wp-json\/wp\/v2\/product_tag?post=170302"}],"curies":[{"name":"wp","href":"https:\/\/api.w.org\/{rel}","templated":true}]}}