{"id":170275,"date":"2023-10-01T15:23:02","date_gmt":"2023-10-01T13:23:09","guid":{"rendered":"https:\/\/tourtravelandmore.com\/?post_type=product&#038;p=170275"},"modified":"2023-10-01T15:40:24","modified_gmt":"2023-10-01T13:40:24","slug":"excursion-privada-a-fatima-desde-lisboa","status":"publish","type":"product","link":"https:\/\/tourtravelandmore.com\/es\/tours\/portugal-es\/lisboa-es\/excursion-privada-a-fatima-desde-lisboa\/","title":{"rendered":"Excursi\u00f3n privada a F\u00e1tima desde Lisboa"},"content":{"rendered":"<h2><b>Tour privado a F\u00e1tima desde Lisboa Descripci\u00f3n<\/b><\/h2>\n<p><span style=\"font-weight: 400;\">Descubra el profundo significado religioso e hist\u00f3rico de F\u00e1tima, uno de los lugares de peregrinaci\u00f3n m\u00e1s emblem\u00e1ticos del mundo, con el tour privado de Tour Travel and More. Con una duraci\u00f3n de 6 horas, esta experiencia guiada garantiza una exploraci\u00f3n exhaustiva de este destino sagrado. Partiendo de Lisboa en un lujoso coche, viajar\u00e1 a trav\u00e9s de pintorescos paisajes antes de llegar a F\u00e1tima. Nuestros gu\u00edas, expertos conocedores de los entresijos del lugar, le desvelar\u00e1n las historias de apariciones, fe y milagros que han hecho de F\u00e1tima un faro de esperanza y devoci\u00f3n para millones de personas. Este recorrido no se limita a una visita, sino que promete una inmersi\u00f3n espiritual y cultural que le llevar\u00e1 al coraz\u00f3n del rico entramado religioso de Portugal.<\/span><\/p>\n<p><span style=\"font-weight: 400;\">M\u00e1s all\u00e1 de los milagros y visiones bien documentados, F\u00e1tima ofrece una profunda sensaci\u00f3n de tranquilidad y reverencia que resuena en cada visitante. Al pasear por sus sagrados terrenos, el ambiente de devoci\u00f3n es palpable, acentuado por las suaves campanadas de oraciones e himnos. Marav\u00edllese ante las intrincadas obras de arte y las proezas arquitect\u00f3nicas que salpican el paisaje, cada una de las cuales narra un cap\u00edtulo de la ilustre historia de F\u00e1tima. A cada paso, recorrer\u00e1 el camino de innumerables peregrinos que, durante m\u00e1s de un siglo, han encontrado aqu\u00ed consuelo e inspiraci\u00f3n. No se trata s\u00f3lo de una excursi\u00f3n; es un pasaje a un mundo en el que la fe, la historia y la cultura convergen en profunda armon\u00eda.<\/span><\/p>\n<h2><b>Excursi\u00f3n privada a F\u00e1tima desde Lisboa Destacados<\/b><\/h2>\n<p><span style=\"font-weight: 400;\">Atractivas narraciones a cargo de un gu\u00eda experto.<\/span><\/p>\n<p><span style=\"font-weight: 400;\">Transporte c\u00f3modo en un veh\u00edculo de alta gama.<\/span><\/p>\n<p><span style=\"font-weight: 400;\">Profunda inmersi\u00f3n en la historia y el significado de F\u00e1tima.<\/span><\/p>\n<p><span style=\"font-weight: 400;\">Exploraci\u00f3n de lugares religiosos clave.<\/span><\/p>\n<p><span style=\"font-weight: 400;\">Recorrido personalizado adaptado a sus intereses y ritmo.<\/span><\/p>\n<h3><span style=\"font-weight: 400;\">Visitas populares y lugares de inter\u00e9s en F\u00e1tima:<\/span><\/h3>\n<ul>\n<li style=\"font-weight: 400;\" aria-level=\"1\"><b>Santuario de Nuestra Se\u00f1ora de F\u00e1tima:<\/b><span style=\"font-weight: 400;\"> Este vasto complejo religioso es el epicentro de la devoci\u00f3n, ya que marca el lugar donde se cree que la Virgen Mar\u00eda se apareci\u00f3 a tres ni\u00f1os pastores en 1917. Es un lugar de serenidad, reflexi\u00f3n y fe, que atrae a peregrinos y visitantes de todo el mundo.<\/span><\/li>\n<li style=\"font-weight: 400;\" aria-level=\"1\"><b>Capilla de las Apariciones:<\/b><span style=\"font-weight: 400;\"> Situada en el coraz\u00f3n del santuario, esta modesta capilla se alza en el lugar de las apariciones marianas, sirviendo de conmovedor recordatorio de los mensajes transmitidos a los j\u00f3venes videntes.<\/span><\/li>\n<li style=\"font-weight: 400;\" aria-level=\"1\"><b>Bas\u00edlica de Nuestra Se\u00f1ora del Rosario:<\/b><span style=\"font-weight: 400;\"> Una maravilla arquitect\u00f3nica, esta bas\u00edlica neobarroca no es s\u00f3lo un lugar de culto, sino tambi\u00e9n un dep\u00f3sito de arte, historia y tradici\u00f3n, que conmemora los acontecimientos de 1917 y a los ni\u00f1os pastores que fueron testigos de ellos.<\/span><\/li>\n<li style=\"font-weight: 400;\" aria-level=\"1\"><b>El V\u00eda Crucis (V\u00eda Sacra) y el Calvario h\u00fangaro:<\/b><span style=\"font-weight: 400;\"> Desde el Santuario hasta el pueblo de Aljustrel, este camino sigue los pasos de los ni\u00f1os pastores con 14 estaciones que representan la Pasi\u00f3n de Cristo. Es un viaje profundo, tanto f\u00edsica como espiritualmente, que culmina en el Calvario h\u00fangaro, un conjunto de estatuas de terracota regaladas por peregrinos h\u00fangaros, que representan los \u00faltimos momentos de la vida terrenal de Cristo.<\/span><\/li>\n<li style=\"font-weight: 400;\" aria-level=\"1\"><b>Casas de los Pastorcillos:<\/b><span style=\"font-weight: 400;\"> A poca distancia del Santuario se encuentran las casas originales de los pastorcillos Luc\u00eda, Francisco y Jacinta. Estas casas conservadas ofrecen una visi\u00f3n de sus humildes comienzos y de la vida cotidiana de principios del siglo XX. Entrar en estas casas es como retroceder en el tiempo, ofreciendo a los visitantes un v\u00ednculo tangible con los ni\u00f1os que desempe\u00f1aron un papel importante en la historia de F\u00e1tima.<\/span><\/li>\n<li style=\"font-weight: 400;\" aria-level=\"1\"><b>La Bas\u00edlica de la Sant\u00edsima Trinidad: <\/b><span style=\"font-weight: 400;\">En contraste con la arquitectura tradicional del Santuario, la Bas\u00edlica de la Sant\u00edsima Trinidad presenta un dise\u00f1o moderno y es una de las mayores iglesias cristianas en t\u00e9rminos de capacidad. Terminada en 2007, esta maravilla arquitect\u00f3nica se erige como s\u00edmbolo del legado perdurable y evolutivo de F\u00e1tima. Los interiores, adornados con obras de arte de artistas de renombre, fusionan la est\u00e9tica contempor\u00e1nea con temas religiosos ancestrales, lo que la convierte en una visita obligada tanto para los amantes de la espiritualidad como para los de la arquitectura moderna.<\/span><\/li>\n<\/ul>\n<p><span style=\"font-weight: 400;\">Si el encanto espiritual de F\u00e1tima le ha cautivado, Lisboa y sus alrededores le ofrecen mucho m\u00e1s. <\/span><a href=\"https:\/\/tourtravelandmore.com\/es\/ciudad\/portugal-es\/lisboa-es\/\"><span style=\"font-weight: 400;\">Tour Travel and More se enorgullece de presentar una amplia gama de circuitos por Lisboa, dise\u00f1ados para sumergirle en las maravillas hist\u00f3ricas, culturales y paisaj\u00edsticas de esta magn\u00edfica regi\u00f3n.<\/span><\/a><span style=\"font-weight: 400;\"> Sum\u00e9rjase con nosotros en el rico tapiz de Portugal. Explore m\u00e1s ofertas en el sitio web de Tour Travel and More.<\/span><\/p>\n","protected":false},"excerpt":{"rendered":"<p><span style=\"font-weight: 400;\">Viaje al coraz\u00f3n del patrimonio religioso de Portugal con una excursi\u00f3n privada a F\u00e1tima desde Lisboa. Experimente la santidad, la historia y la cultura de este venerado lugar de peregrinaci\u00f3n con la gu\u00eda de expertos y un lujoso confort.<\/span><\/p>\n","protected":false},"featured_media":170291,"comment_status":"open","ping_status":"closed","template":"","meta":{"_acf_changed":false},"product_brand":[],"product_cat":[625,628,630],"product_tag":[],"class_list":{"0":"post-170275","1":"product","2":"type-product","3":"status-publish","4":"has-post-thumbnail","6":"product_cat-lisboa-es","7":"product_cat-lisboa-actividades-es","8":"product_cat-lisboa-rutas-turisticas-privadas-es","10":"first","11":"instock","12":"shipping-taxable","13":"purchasable","14":"product-type-simple"},"acf":[],"yoast_head":"<!-- This site is optimized with the Yoast SEO Premium plugin v25.3.1 (Yoast SEO v25.3.1) - https:\/\/yoast.com\/wordpress\/plugins\/seo\/ -->\n<title>\u27a1\ufe0f Tour Privado a F\u00e1tima desde Lisboa con Tour Travel and More<\/title>\n<meta name=\"description\" content=\"Emb\u00e1rquese en un viaje espiritual a F\u00e1tima desde Lisboa. Sum\u00e9rjase profundamente en su significado religioso con gu\u00eda experta y lujo. \u2705\" \/>\n<meta name=\"robots\" content=\"index, follow, max-snippet:-1, max-image-preview:large, max-video-preview:-1\" \/>\n<link rel=\"canonical\" href=\"https:\/\/tourtravelandmore.com\/es\/tours\/portugal-es\/lisboa-es\/excursion-privada-a-fatima-desde-lisboa\/\" \/>\n<meta property=\"og:locale\" content=\"es_ES\" \/>\n<meta property=\"og:type\" content=\"article\" \/>\n<meta property=\"og:title\" content=\"Excursi\u00f3n privada a F\u00e1tima desde Lisboa\" \/>\n<meta property=\"og:description\" content=\"Emb\u00e1rquese en un viaje espiritual a F\u00e1tima desde Lisboa. Sum\u00e9rjase profundamente en su significado religioso con gu\u00eda experta y lujo. \u2705\" \/>\n<meta property=\"og:url\" content=\"https:\/\/tourtravelandmore.com\/es\/tours\/portugal-es\/lisboa-es\/excursion-privada-a-fatima-desde-lisboa\/\" \/>\n<meta property=\"og:site_name\" content=\"Tour Travel And More\" \/>\n<meta property=\"article:publisher\" content=\"https:\/\/www.facebook.com\/tourtravelandmore\/\" \/>\n<meta property=\"article:modified_time\" content=\"2023-10-01T13:40:24+00:00\" \/>\n<meta property=\"og:image\" content=\"https:\/\/tourtravelandmore.com\/wp-content\/uploads\/2023\/10\/image1.jpg\" \/>\n\t<meta property=\"og:image:width\" content=\"900\" \/>\n\t<meta property=\"og:image:height\" content=\"750\" \/>\n\t<meta property=\"og:image:type\" content=\"image\/jpeg\" \/>\n<meta name=\"twitter:card\" content=\"summary_large_image\" \/>\n<meta name=\"twitter:site\" content=\"@TourTravel_More\" \/>\n<meta name=\"twitter:label1\" content=\"Tiempo de lectura\" \/>\n\t<meta name=\"twitter:data1\" content=\"4 minutos\" \/>\n<script type=\"application\/ld+json\" class=\"yoast-schema-graph\">{\"@context\":\"https:\/\/schema.org\",\"@graph\":[{\"@type\":\"WebPage\",\"@id\":\"https:\/\/tourtravelandmore.com\/es\/tours\/portugal-es\/lisboa-es\/excursion-privada-a-fatima-desde-lisboa\/\",\"url\":\"https:\/\/tourtravelandmore.com\/es\/tours\/portugal-es\/lisboa-es\/excursion-privada-a-fatima-desde-lisboa\/\",\"name\":\"\u27a1\ufe0f Tour Privado a F\u00e1tima desde Lisboa con Tour Travel and More\",\"isPartOf\":{\"@id\":\"https:\/\/tourtravelandmore.com\/es\/#website\"},\"primaryImageOfPage\":{\"@id\":\"https:\/\/tourtravelandmore.com\/es\/tours\/portugal-es\/lisboa-es\/excursion-privada-a-fatima-desde-lisboa\/#primaryimage\"},\"image\":{\"@id\":\"https:\/\/tourtravelandmore.com\/es\/tours\/portugal-es\/lisboa-es\/excursion-privada-a-fatima-desde-lisboa\/#primaryimage\"},\"thumbnailUrl\":\"https:\/\/tourtravelandmore.com\/wp-content\/uploads\/2023\/10\/image1.jpg\",\"datePublished\":\"2023-10-01T13:23:09+00:00\",\"dateModified\":\"2023-10-01T13:40:24+00:00\",\"description\":\"Emb\u00e1rquese en un viaje espiritual a F\u00e1tima desde Lisboa. Sum\u00e9rjase profundamente en su significado religioso con gu\u00eda experta y lujo. \u2705\",\"breadcrumb\":{\"@id\":\"https:\/\/tourtravelandmore.com\/es\/tours\/portugal-es\/lisboa-es\/excursion-privada-a-fatima-desde-lisboa\/#breadcrumb\"},\"inLanguage\":\"es\",\"potentialAction\":[{\"@type\":\"ReadAction\",\"target\":[\"https:\/\/tourtravelandmore.com\/es\/tours\/portugal-es\/lisboa-es\/excursion-privada-a-fatima-desde-lisboa\/\"]}]},{\"@type\":\"ImageObject\",\"inLanguage\":\"es\",\"@id\":\"https:\/\/tourtravelandmore.com\/es\/tours\/portugal-es\/lisboa-es\/excursion-privada-a-fatima-desde-lisboa\/#primaryimage\",\"url\":\"https:\/\/tourtravelandmore.com\/wp-content\/uploads\/2023\/10\/image1.jpg\",\"contentUrl\":\"https:\/\/tourtravelandmore.com\/wp-content\/uploads\/2023\/10\/image1.jpg\",\"width\":900,\"height\":750},{\"@type\":\"BreadcrumbList\",\"@id\":\"https:\/\/tourtravelandmore.com\/es\/tours\/portugal-es\/lisboa-es\/excursion-privada-a-fatima-desde-lisboa\/#breadcrumb\",\"itemListElement\":[{\"@type\":\"ListItem\",\"position\":1,\"name\":\"Home\",\"item\":\"https:\/\/tourtravelandmore.com\/es\/\"},{\"@type\":\"ListItem\",\"position\":2,\"name\":\"Tours\",\"item\":\"https:\/\/tourtravelandmore.com\/es\/tours\/\"},{\"@type\":\"ListItem\",\"position\":3,\"name\":\"Excursi\u00f3n privada a F\u00e1tima desde Lisboa\"}]},{\"@type\":\"WebSite\",\"@id\":\"https:\/\/tourtravelandmore.com\/es\/#website\",\"url\":\"https:\/\/tourtravelandmore.com\/es\/\",\"name\":\"Tour Travel And More\",\"description\":\"Private sightseeing tours and luxury transfers in Spain\",\"publisher\":{\"@id\":\"https:\/\/tourtravelandmore.com\/es\/#organization\"},\"potentialAction\":[{\"@type\":\"SearchAction\",\"target\":{\"@type\":\"EntryPoint\",\"urlTemplate\":\"https:\/\/tourtravelandmore.com\/es\/?s={search_term_string}\"},\"query-input\":{\"@type\":\"PropertyValueSpecification\",\"valueRequired\":true,\"valueName\":\"search_term_string\"}}],\"inLanguage\":\"es\"},{\"@type\":\"Organization\",\"@id\":\"https:\/\/tourtravelandmore.com\/es\/#organization\",\"name\":\"Tour Travel And More\",\"url\":\"https:\/\/tourtravelandmore.com\/es\/\",\"logo\":{\"@type\":\"ImageObject\",\"inLanguage\":\"es\",\"@id\":\"https:\/\/tourtravelandmore.com\/es\/#\/schema\/logo\/image\/\",\"url\":\"https:\/\/tourtravelandmore.com\/wp-content\/uploads\/2022\/12\/cropped-logo-cabecera-new.png\",\"contentUrl\":\"https:\/\/tourtravelandmore.com\/wp-content\/uploads\/2022\/12\/cropped-logo-cabecera-new.png\",\"width\":430,\"height\":61,\"caption\":\"Tour Travel And More\"},\"image\":{\"@id\":\"https:\/\/tourtravelandmore.com\/es\/#\/schema\/logo\/image\/\"},\"sameAs\":[\"https:\/\/www.facebook.com\/tourtravelandmore\/\",\"https:\/\/x.com\/TourTravel_More\"]}]}<\/script>\n<!-- \/ Yoast SEO Premium plugin. -->","yoast_head_json":{"title":"\u27a1\ufe0f Tour Privado a F\u00e1tima desde Lisboa con Tour Travel and More","description":"Emb\u00e1rquese en un viaje espiritual a F\u00e1tima desde Lisboa. Sum\u00e9rjase profundamente en su significado religioso con gu\u00eda experta y lujo. \u2705","robots":{"index":"index","follow":"follow","max-snippet":"max-snippet:-1","max-image-preview":"max-image-preview:large","max-video-preview":"max-video-preview:-1"},"canonical":"https:\/\/tourtravelandmore.com\/es\/tours\/portugal-es\/lisboa-es\/excursion-privada-a-fatima-desde-lisboa\/","og_locale":"es_ES","og_type":"article","og_title":"Excursi\u00f3n privada a F\u00e1tima desde Lisboa","og_description":"Emb\u00e1rquese en un viaje espiritual a F\u00e1tima desde Lisboa. Sum\u00e9rjase profundamente en su significado religioso con gu\u00eda experta y lujo. \u2705","og_url":"https:\/\/tourtravelandmore.com\/es\/tours\/portugal-es\/lisboa-es\/excursion-privada-a-fatima-desde-lisboa\/","og_site_name":"Tour Travel And More","article_publisher":"https:\/\/www.facebook.com\/tourtravelandmore\/","article_modified_time":"2023-10-01T13:40:24+00:00","og_image":[{"width":900,"height":750,"url":"https:\/\/tourtravelandmore.com\/wp-content\/uploads\/2023\/10\/image1.jpg","type":"image\/jpeg"}],"twitter_card":"summary_large_image","twitter_site":"@TourTravel_More","twitter_misc":{"Tiempo de lectura":"4 minutos"},"schema":{"@context":"https:\/\/schema.org","@graph":[{"@type":"WebPage","@id":"https:\/\/tourtravelandmore.com\/es\/tours\/portugal-es\/lisboa-es\/excursion-privada-a-fatima-desde-lisboa\/","url":"https:\/\/tourtravelandmore.com\/es\/tours\/portugal-es\/lisboa-es\/excursion-privada-a-fatima-desde-lisboa\/","name":"\u27a1\ufe0f Tour Privado a F\u00e1tima desde Lisboa con Tour Travel and More","isPartOf":{"@id":"https:\/\/tourtravelandmore.com\/es\/#website"},"primaryImageOfPage":{"@id":"https:\/\/tourtravelandmore.com\/es\/tours\/portugal-es\/lisboa-es\/excursion-privada-a-fatima-desde-lisboa\/#primaryimage"},"image":{"@id":"https:\/\/tourtravelandmore.com\/es\/tours\/portugal-es\/lisboa-es\/excursion-privada-a-fatima-desde-lisboa\/#primaryimage"},"thumbnailUrl":"https:\/\/tourtravelandmore.com\/wp-content\/uploads\/2023\/10\/image1.jpg","datePublished":"2023-10-01T13:23:09+00:00","dateModified":"2023-10-01T13:40:24+00:00","description":"Emb\u00e1rquese en un viaje espiritual a F\u00e1tima desde Lisboa. Sum\u00e9rjase profundamente en su significado religioso con gu\u00eda experta y lujo. \u2705","breadcrumb":{"@id":"https:\/\/tourtravelandmore.com\/es\/tours\/portugal-es\/lisboa-es\/excursion-privada-a-fatima-desde-lisboa\/#breadcrumb"},"inLanguage":"es","potentialAction":[{"@type":"ReadAction","target":["https:\/\/tourtravelandmore.com\/es\/tours\/portugal-es\/lisboa-es\/excursion-privada-a-fatima-desde-lisboa\/"]}]},{"@type":"ImageObject","inLanguage":"es","@id":"https:\/\/tourtravelandmore.com\/es\/tours\/portugal-es\/lisboa-es\/excursion-privada-a-fatima-desde-lisboa\/#primaryimage","url":"https:\/\/tourtravelandmore.com\/wp-content\/uploads\/2023\/10\/image1.jpg","contentUrl":"https:\/\/tourtravelandmore.com\/wp-content\/uploads\/2023\/10\/image1.jpg","width":900,"height":750},{"@type":"BreadcrumbList","@id":"https:\/\/tourtravelandmore.com\/es\/tours\/portugal-es\/lisboa-es\/excursion-privada-a-fatima-desde-lisboa\/#breadcrumb","itemListElement":[{"@type":"ListItem","position":1,"name":"Home","item":"https:\/\/tourtravelandmore.com\/es\/"},{"@type":"ListItem","position":2,"name":"Tours","item":"https:\/\/tourtravelandmore.com\/es\/tours\/"},{"@type":"ListItem","position":3,"name":"Excursi\u00f3n privada a F\u00e1tima desde Lisboa"}]},{"@type":"WebSite","@id":"https:\/\/tourtravelandmore.com\/es\/#website","url":"https:\/\/tourtravelandmore.com\/es\/","name":"Tour Travel And More","description":"Private sightseeing tours and luxury transfers in Spain","publisher":{"@id":"https:\/\/tourtravelandmore.com\/es\/#organization"},"potentialAction":[{"@type":"SearchAction","target":{"@type":"EntryPoint","urlTemplate":"https:\/\/tourtravelandmore.com\/es\/?s={search_term_string}"},"query-input":{"@type":"PropertyValueSpecification","valueRequired":true,"valueName":"search_term_string"}}],"inLanguage":"es"},{"@type":"Organization","@id":"https:\/\/tourtravelandmore.com\/es\/#organization","name":"Tour Travel And More","url":"https:\/\/tourtravelandmore.com\/es\/","logo":{"@type":"ImageObject","inLanguage":"es","@id":"https:\/\/tourtravelandmore.com\/es\/#\/schema\/logo\/image\/","url":"https:\/\/tourtravelandmore.com\/wp-content\/uploads\/2022\/12\/cropped-logo-cabecera-new.png","contentUrl":"https:\/\/tourtravelandmore.com\/wp-content\/uploads\/2022\/12\/cropped-logo-cabecera-new.png","width":430,"height":61,"caption":"Tour Travel And More"},"image":{"@id":"https:\/\/tourtravelandmore.com\/es\/#\/schema\/logo\/image\/"},"sameAs":["https:\/\/www.facebook.com\/tourtravelandmore\/","https:\/\/x.com\/TourTravel_More"]}]}},"_links":{"self":[{"href":"https:\/\/tourtravelandmore.com\/es\/wp-json\/wp\/v2\/product\/170275","targetHints":{"allow":["GET"]}}],"collection":[{"href":"https:\/\/tourtravelandmore.com\/es\/wp-json\/wp\/v2\/product"}],"about":[{"href":"https:\/\/tourtravelandmore.com\/es\/wp-json\/wp\/v2\/types\/product"}],"replies":[{"embeddable":true,"href":"https:\/\/tourtravelandmore.com\/es\/wp-json\/wp\/v2\/comments?post=170275"}],"wp:featuredmedia":[{"embeddable":true,"href":"https:\/\/tourtravelandmore.com\/es\/wp-json\/wp\/v2\/media\/170291"}],"wp:attachment":[{"href":"https:\/\/tourtravelandmore.com\/es\/wp-json\/wp\/v2\/media?parent=170275"}],"wp:term":[{"taxonomy":"product_brand","embeddable":true,"href":"https:\/\/tourtravelandmore.com\/es\/wp-json\/wp\/v2\/product_brand?post=170275"},{"taxonomy":"product_cat","embeddable":true,"href":"https:\/\/tourtravelandmore.com\/es\/wp-json\/wp\/v2\/product_cat?post=170275"},{"taxonomy":"product_tag","embeddable":true,"href":"https:\/\/tourtravelandmore.com\/es\/wp-json\/wp\/v2\/product_tag?post=170275"}],"curies":[{"name":"wp","href":"https:\/\/api.w.org\/{rel}","templated":true}]}}